{"id":7590,"date":"2025-11-24T15:58:51","date_gmt":"2025-11-24T07:58:51","guid":{"rendered":"https:\/\/www.qualitester.com\/?page_id=7590"},"modified":"2025-12-30T13:15:42","modified_gmt":"2025-12-30T05:15:42","slug":"astm-d751","status":"publish","type":"page","link":"https:\/\/www.qualitester.com\/ro\/standards\/astm-d751\/","title":{"rendered":"ASTM D751"},"content":{"rendered":"<h1 style=\"text-align: center\" data-start=\"424\" data-end=\"983\">ASTM D751<br \/>\nMetoda de testare a \u021bes\u0103turilor acoperite<\/h1>\n<p data-start=\"424\" data-end=\"983\"><strong data-start=\"357\" data-end=\"386\">Metoda de testare a \u021bes\u0103turilor acoperite<\/strong> este esen\u021bial\u0103 pentru determinarea durabilit\u0103\u021bii \u0219i performan\u021bei \u021bes\u0103turilor acoperite utilizate \u00een diverse industrii, inclusiv textile, ambalaje \u0219i aplica\u021bii medicale. ASTM D751 prezint\u0103 proceduri standardizate pentru evaluarea integrit\u0103\u021bii \u021bes\u0103turilor acoperite \u00een diferite condi\u021bii de stres. Acest articol va explora principalele metode de testare specificate \u00een ASTM D751, inclusiv rezisten\u021ba la rupere a \u021bes\u0103turii, alungirea, rezisten\u021ba la rupere, rezisten\u021ba la rupere \u0219i rezisten\u021ba la perforare.<\/p>\n<hr data-start=\"985\" data-end=\"988\" \/>\n<h2 data-start=\"1054\" data-end=\"1378\">\u00cen\u021belegerea ASTM D751: Metode standard de testare pentru \u021bes\u0103turi acoperite<\/h2>\n<p data-start=\"1845\" data-end=\"2211\">ASTM D751 este un standard utilizat pentru a evalua rezisten\u021ba \u0219i durabilitatea \u021bes\u0103turilor acoperite. Aceste materiale sunt utilizate \u00een mod obi\u0219nuit \u00een aplica\u021bii precum corturi, prelate, dispozitive medicale \u0219i tapi\u021berie auto, unde rezisten\u021ba la solicit\u0103ri fizice precum ruperea, \u00eentinderea \u0219i perforarea este esen\u021bial\u0103.<\/p>\n<hr data-start=\"2213\" data-end=\"2216\" \/>\n<h2 data-start=\"5129\" data-end=\"5492\">Test de rezisten\u021b\u0103 la rupere a \u021bes\u0103turii: Metoda de testare prin apucare<\/h2>\n<p><img fetchpriority=\"high\" decoding=\"async\" class=\"wp-image-7794 alignright\" src=\"https:\/\/www.qualitester.com\/wp-content\/uploads\/2025\/12\/ASTM-D751-Coated-Fabric-Test-Method-300x300.webp\" alt=\"Metoda de testare a \u021bes\u0103turii acoperite ASTM D751\" width=\"250\" height=\"250\" srcset=\"https:\/\/www.qualitester.com\/wp-content\/uploads\/2025\/12\/ASTM-D751-Coated-Fabric-Test-Method-300x300.webp 300w, https:\/\/www.qualitester.com\/wp-content\/uploads\/2025\/12\/ASTM-D751-Coated-Fabric-Test-Method-150x150.webp 150w, https:\/\/www.qualitester.com\/wp-content\/uploads\/2025\/12\/ASTM-D751-Coated-Fabric-Test-Method-12x12.webp 12w, https:\/\/www.qualitester.com\/wp-content\/uploads\/2025\/12\/ASTM-D751-Coated-Fabric-Test-Method-100x100.webp 100w, https:\/\/www.qualitester.com\/wp-content\/uploads\/2025\/12\/ASTM-D751-Coated-Fabric-Test-Method.webp 600w\" sizes=\"(max-width: 250px) 100vw, 250px\" \/><\/p>\n<p>&nbsp;<\/p>\n<p data-start=\"1521\" data-end=\"1911\">Rezisten\u021ba la rupere a \u021bes\u0103turii este determinat\u0103 \u00een primul r\u00e2nd cu ajutorul <strong data-start=\"1343\" data-end=\"1363\">metoda de testare prin apucare<\/strong>, care m\u0103soar\u0103 for\u021ba necesar\u0103 pentru ruperea unui e\u0219antion de \u021bes\u0103tur\u0103 prin aplicarea unei tensiuni \u00eentr-o direc\u021bie specific\u0103. Standardul ASTM D751 prevede ca specimenul s\u0103 fie prins \u00eentre dou\u0103 f\u0103lci ale unei ma\u0219ini de testare. E\u0219antionul este apoi tras p\u00e2n\u0103 se rupe, iar for\u021ba maxim\u0103 aplicat\u0103 este \u00eenregistrat\u0103 ca rezisten\u021b\u0103 la rupere a \u021bes\u0103turii.<\/p>\n<h3 data-start=\"1696\" data-end=\"2091\"><strong data-start=\"1696\" data-end=\"1710\">Procedur\u0103:<\/strong><\/h3>\n<p>E\u0219antioanele de 102 mm (4 inci) l\u0103\u021bime \u0219i 152 mm (6 inci) lungime sunt t\u0103iate din materialul acoperit. \u021aes\u0103tura este plasat\u0103 \u00een ma\u0219ina de testare, iar tensiunea este aplicat\u0103 la o vitez\u0103 uniform\u0103 de 5 mm\/s. \u00cencercarea m\u0103soar\u0103 at\u00e2t <strong data-start=\"1935\" data-end=\"1969\">rezisten\u021ba la rupere longitudinal\u0103<\/strong> (for\u021ba aplicat\u0103 pe lungimea \u021bes\u0103turii) \u0219i <strong data-start=\"2016\" data-end=\"2048\">rezisten\u021ba la rupere transversal\u0103<\/strong> (for\u021ba aplicat\u0103 pe l\u0103\u021bimea \u021bes\u0103turii).<\/p>\n<h3>Semnifica\u021bie:<\/h3>\n<p>Acest test furnizeaz\u0103 date esen\u021biale privind rezisten\u021ba \u021bes\u0103turii la for\u021be care ar putea rupe materialul \u00een timpul utiliz\u0103rii obi\u0219nuite, asigur\u00e2ndu-se c\u0103 materialul poate rezista la stres \u00een timpul manipul\u0103rii, transportului \u0219i depozit\u0103rii.<\/p>\n<hr data-start=\"5494\" data-end=\"5497\" \/>\n<h2 data-start=\"2229\" data-end=\"2260\">Alungirea Rezisten\u021ba la trac\u021biune: M\u0103surarea extensibilit\u0103\u021bii materialelor<\/h2>\n<p data-start=\"2262\" data-end=\"2613\">Un alt aspect critic al performan\u021bei \u021bes\u0103turii este capacitatea sa de a se \u00eentinde f\u0103r\u0103 s\u0103 se rup\u0103, care se m\u0103soar\u0103 folosind <strong data-start=\"2526\" data-end=\"2557\">alungire rezisten\u021b\u0103 la trac\u021biune<\/strong> test. Alungirea este cre\u0219terea procentual\u0103 a lungimii \u021bes\u0103turii \u00eenainte ca aceasta s\u0103 se rup\u0103 sub tensiune.<\/p>\n<h3 data-start=\"2262\" data-end=\"2613\">Procedur\u0103:<\/h3>\n<p>Probele sunt \u00eenc\u0103rcate \u00een ma\u0219ina de testare \u0219i se aplic\u0103 o sarcin\u0103 ini\u021bial\u0103 redus\u0103 de 1,7 N pentru a preg\u0103ti materialul. Alungirea este m\u0103surat\u0103 \u00een timpul testului, iar procentul mediu de alungire este raportat pe baza a cinci specimene individuale.<\/p>\n<h3>Semnifica\u021bie:<\/h3>\n<p>\u00cen\u021belegerea elonga\u021biei ajut\u0103 produc\u0103torii s\u0103 proiecteze \u021bes\u0103turi care \u00ee\u0219i men\u021bin integritatea chiar \u0219i \u00een condi\u021bii de \u00eentindere sau mi\u0219care dinamic\u0103, ceea ce este esen\u021bial pentru produse precum dispozitivele medicale gonflabile sau materialele de ambalare flexibile.<\/p>\n<hr \/>\n<h2 data-start=\"2620\" data-end=\"2649\">For\u021ba de spargere: Metodele Ball Burst \u0219i Diaphragm Burst<\/h2>\n<h3>Metoda Ball Burst:<\/h3>\n<p>O bil\u0103 de o\u021bel este utilizat\u0103 pentru a aplica presiune pe \u021bes\u0103tur\u0103 p\u00e2n\u0103 c\u00e2nd aceasta se sparge. Aceast\u0103 metod\u0103 m\u0103soar\u0103 rezisten\u021ba \u021bes\u0103turii la presiunea intern\u0103.<\/p>\n<h3>Diafragm\u0103 Metoda Burst:<\/h3>\n<p>\u00cen aceast\u0103 metod\u0103, o presiune hidraulic\u0103 este aplicat\u0103 \u021bes\u0103turii cu ajutorul unei diafragme pentru a simula condi\u021biile reale. Capacitatea \u021bes\u0103turii de a rezista la aceast\u0103 presiune \u00eenainte de a se rupe este un indicator cheie de performan\u021b\u0103.<\/p>\n<h3>Semnifica\u021bie:<\/h3>\n<p>Testul de rezisten\u021b\u0103 la rupere este esen\u021bial pentru aplica\u021biile \u00een care \u021bes\u0103turile pot fi expuse la medii cu presiune ridicat\u0103, cum ar fi prelatele utilizate \u00een condi\u021bii meteorologice dificile sau produsele gonflabile.<\/p>\n<hr \/>\n<h2 data-start=\"3355\" data-end=\"3383\">Rezisten\u021ba la rupere<a style=\"font-size: 16px;font-style: normal;font-weight: 400;color: #3a3a3a\" href=\"https:\/\/www.qualitester.com\/ro\/produs\/tst-01-tensile-tester\/\" target=\"_blank\" rel=\"noopener\"><img decoding=\"async\" class=\"alignright wp-image-7592\" src=\"https:\/\/www.qualitester.com\/wp-content\/uploads\/2025\/11\/ASTM-D751-Fabric-Tear-Strength-Standard-Test-Methods-300x300.webp\" alt=\"Metoda de testare a \u021bes\u0103turii acoperite ASTM D751\" width=\"325\" height=\"325\" srcset=\"https:\/\/www.qualitester.com\/wp-content\/uploads\/2025\/11\/ASTM-D751-Fabric-Tear-Strength-Standard-Test-Methods-300x300.webp 300w, https:\/\/www.qualitester.com\/wp-content\/uploads\/2025\/11\/ASTM-D751-Fabric-Tear-Strength-Standard-Test-Methods-150x150.webp 150w, https:\/\/www.qualitester.com\/wp-content\/uploads\/2025\/11\/ASTM-D751-Fabric-Tear-Strength-Standard-Test-Methods-12x12.webp 12w, https:\/\/www.qualitester.com\/wp-content\/uploads\/2025\/11\/ASTM-D751-Fabric-Tear-Strength-Standard-Test-Methods-100x100.webp 100w, https:\/\/www.qualitester.com\/wp-content\/uploads\/2025\/11\/ASTM-D751-Fabric-Tear-Strength-Standard-Test-Methods.webp 600w\" sizes=\"(max-width: 325px) 100vw, 325px\" \/><\/a> a \u021bes\u0103turii: Metode de rupere cu pendul \u0219i cu limb\u0103<\/h2>\n<p>&nbsp;<\/p>\n<p data-start=\"3385\" data-end=\"3746\">Rezisten\u021ba la rupere este o alt\u0103 proprietate esen\u021bial\u0103 pentru \u021bes\u0103turi,<\/p>\n<p data-start=\"3385\" data-end=\"3746\">\u00een special cele utilizate \u00een aplica\u021bii \u00een care materialul este supus deterior\u0103rii fizice sau abraziunii.<\/p>\n<p data-start=\"3385\" data-end=\"3746\">ASTM D751 prevede dou\u0103 metode pentru testarea rezisten\u021bei la rupere:<\/p>\n<h3 data-start=\"3385\" data-end=\"3746\">Metoda pendulului:<\/h3>\n<p>Aceast\u0103 metod\u0103 utilizeaz\u0103 un pendul pentru a aplica o for\u021b\u0103 \u021bes\u0103turii p\u00e2n\u0103 c\u00e2nd aceasta se rupe. Testul m\u0103soar\u0103 rezisten\u021ba \u021bes\u0103turii la rupere dintr-un anumit punct.<\/p>\n<h3>Metoda ruperii limbii:<\/h3>\n<p>O prob\u0103 este fixat\u0103 \u00een ma\u0219ina de testare cu o limb\u0103 t\u0103iat\u0103 \u00een \u021bes\u0103tur\u0103, iar for\u021ba este aplicat\u0103 pentru a ini\u021bia o ruptur\u0103.<\/p>\n<p>Se \u00eenregistreaz\u0103 for\u021ba necesar\u0103 pentru propagarea ruperii.<\/p>\n<h3>Semnifica\u021bie:<\/h3>\n<p>Rezisten\u021ba la rupere este esen\u021bial\u0103 pentru materialele utilizate \u00een produse precum corturi, prelate \u0219i huse de protec\u021bie, care trebuie s\u0103 reziste ruperilor \u0219i rupturilor \u00een timpul utiliz\u0103rii regulate.<\/p>\n<hr \/>\n<h2 data-start=\"3385\" data-end=\"3746\">Rezisten\u021ba la perforare: Testarea durabilit\u0103\u021bii \u021bes\u0103turilor \u00eempotriva obiectelor ascu\u021bite<\/h2>\n<p><img decoding=\"async\" class=\"wp-image-7796 alignright\" src=\"https:\/\/www.qualitester.com\/wp-content\/uploads\/2025\/12\/ASTM-D751-Coated-Fabric-Test-Method-2-300x300.webp\" alt=\"ASTM D751 Metoda de testare a \u021bes\u0103turii acoperite 2\" width=\"250\" height=\"250\" srcset=\"https:\/\/www.qualitester.com\/wp-content\/uploads\/2025\/12\/ASTM-D751-Coated-Fabric-Test-Method-2-300x300.webp 300w, https:\/\/www.qualitester.com\/wp-content\/uploads\/2025\/12\/ASTM-D751-Coated-Fabric-Test-Method-2-150x150.webp 150w, https:\/\/www.qualitester.com\/wp-content\/uploads\/2025\/12\/ASTM-D751-Coated-Fabric-Test-Method-2-12x12.webp 12w, https:\/\/www.qualitester.com\/wp-content\/uploads\/2025\/12\/ASTM-D751-Coated-Fabric-Test-Method-2-100x100.webp 100w, https:\/\/www.qualitester.com\/wp-content\/uploads\/2025\/12\/ASTM-D751-Coated-Fabric-Test-Method-2.webp 600w\" sizes=\"(max-width: 250px) 100vw, 250px\" \/><\/p>\n<p>&nbsp;<\/p>\n<p>Rezisten\u021ba la perforare este un test esen\u021bial pentru \u021bes\u0103turile utilizate \u00een medii \u00een care acestea pot \u00eent\u00e2lni obiecte ascu\u021bite.<\/p>\n<p>ASTM D751 necesit\u0103 un test de rezisten\u021b\u0103 la perforare cu ajutorul unui instrument de perforare de forma unei \u0219urubelni\u021be cu v\u00e2rf plat.<\/p>\n<h3>Procedur\u0103:<\/h3>\n<h3 style=\"font-style: normal\" data-start=\"4361\" data-end=\"4425\"><span style=\"font-size: 16px;font-weight: 400\">\u021aes\u0103tura este montat\u0103 \u00eentr-o ma\u0219in\u0103 de testare, iar instrumentul de perforare este cobor\u00e2t pe \u021bes\u0103tur\u0103 la o vitez\u0103 constant\u0103. Se m\u0103soar\u0103 for\u021ba necesar\u0103 pentru perforarea \u021bes\u0103turii.<\/span><\/h3>\n<h3>Semnifica\u021bie:<\/h3>\n<p>Acest test garanteaz\u0103 c\u0103 \u021bes\u0103turile utilizate \u00een husele de protec\u021bie, dispozitivele medicale sau materialele de ambalare pot rezista perfor\u0103rilor accidentale, protej\u00e2nd integritatea articolelor \u00eenchise.<\/p>\n<hr \/>\n<h2 data-start=\"4361\" data-end=\"4425\">Testul de rupere trapezoidal\u0103: Evaluarea rezisten\u021bei materialelor \u00een diferite direc\u021bii<\/h2>\n<p>The <strong data-start=\"5695\" data-end=\"5720\">testul de rupere trapezoidal\u0103<\/strong> este o metod\u0103 utilizat\u0103 pentru a evalua capacitatea \u021bes\u0103turii de a rezista la rupere atunci c\u00e2nd este supus\u0103 unor for\u021be aplicate la un unghi. Acest test este deosebit de important pentru \u021bes\u0103turile care sunt utilizate \u00een construc\u021bii, \u00een industria auto sau \u00een aplica\u021bii militare, unde materialul se poate confrunta cu for\u021be ascu\u021bite sau inegale.<\/p>\n<h3>Procedur\u0103:<\/h3>\n<p data-start=\"4803\" data-end=\"4991\" data-is-last-node=\"\" data-is-only-node=\"\">\u021aes\u0103tura este t\u0103iat\u0103 \u00eentr-o form\u0103 trapezoidal\u0103 \u0219i fixat\u0103 \u00een ma\u0219ina de testare. Se \u00eenregistreaz\u0103 for\u021ba necesar\u0103 pentru ruperea \u021bes\u0103turii.<\/p>\n<h3 data-start=\"4803\" data-end=\"4991\">Semnifica\u021bie:<\/h3>\n<p>Testul de rupere trapezoidal\u0103 m\u0103soar\u0103 rezisten\u021ba \u021bes\u0103turii la solicit\u0103ri complexe, cum ar fi cele \u00eent\u00e2lnite \u00een medii dinamice.<\/p>\n<hr \/>\n<p>ASTM D751 este un standard esen\u021bial pentru evaluarea propriet\u0103\u021bilor mecanice ale \u021bes\u0103turilor acoperite, \u00een special \u00een ceea ce prive\u0219te rezisten\u021ba la rupere, alungirea, rezisten\u021ba la spargere \u0219i rezisten\u021ba la rupere. Aceste teste asigur\u0103 faptul c\u0103 materialele utilizate \u00een ambalaje, dispozitive medicale \u0219i alte aplica\u021bii critice \u00ee\u0219i men\u021bin integritatea sub presiune. Prin utilizarea unor metode de testare precise, cum ar fi testul de apucare, spargerea mingii \u0219i testul de rupere trapezoidal\u0103, produc\u0103torii se pot asigura c\u0103 \u021bes\u0103turile lor func\u021bioneaz\u0103 bine \u00een condi\u021bii reale.<\/p>\n<hr \/>\n<h2 data-start=\"4803\" data-end=\"4991\">\u00ceNTREB\u0102RI FRECVENTE<\/h2>\n<div class=\"text-base my-auto mx-auto pb-10 [--thread-content-margin:--spacing(4)] @w-sm\/main:[--thread-content-margin:--spacing(6)] @w-lg\/main:[--thread-content-margin:--spacing(16)] px-(--thread-content-margin)\">\n<div class=\"[--thread-content-max-width:40rem] @w-lg\/main:[--thread-content-max-width:48rem] mx-auto max-w-(--thread-content-max-width) flex-1 group\/turn-messages focus-visible:outline-hidden relative flex w-full min-w-0 flex-col agent-turn\">\n<div class=\"flex max-w-full flex-col grow\">\n<div class=\"min-h-8 text-message relative flex w-full flex-col items-end gap-2 text-start break-words whitespace-normal [.text-message+&amp;]:mt-1\" dir=\"auto\" data-message-author-role=\"assistant\" data-message-id=\"e9d299e0-c3c0-4768-8c78-3099a99e570d\" data-message-model-slug=\"gpt-5-2\">\n<div class=\"flex w-full flex-col gap-1 empty:hidden first:pt-[1px]\">\n<div class=\"markdown prose dark:prose-invert w-full break-words light markdown-new-styling\">\n<ol data-start=\"0\" data-end=\"1442\" data-is-last-node=\"\" data-is-only-node=\"\">\n<li data-start=\"0\" data-end=\"245\">\n<p data-start=\"3\" data-end=\"245\"><strong data-start=\"3\" data-end=\"25\" data-is-only-node=\"\">Ce este ASTM D751?<\/strong><br \/>\nASTM D751 este o metod\u0103 de testare standard utilizat\u0103 pentru a evalua performan\u021ba \u021bes\u0103turilor acoperite, \u00een special pentru aplica\u021bii de ambalare. Aceasta include teste precum rezisten\u021ba la rupere a \u021bes\u0103turii, rezisten\u021ba la spargere \u0219i rezisten\u021ba la perforare.<\/p>\n<\/li>\n<li data-start=\"247\" data-end=\"475\">\n<p data-start=\"250\" data-end=\"475\"><strong data-start=\"250\" data-end=\"293\" data-is-only-node=\"\">Ce m\u0103soar\u0103 metoda de testare Grab?<\/strong><br \/>\nThe <strong data-start=\"301\" data-end=\"321\">Metoda de testare prin apucare<\/strong> m\u0103soar\u0103 \u021bes\u0103tura <strong data-start=\"344\" data-end=\"365\">rezisten\u021ba la rupere<\/strong> prin tragerea unui specimen p\u00e2n\u0103 la rupere. Aceasta furnizeaz\u0103 date esen\u021biale privind durabilitatea materialului sub presiune.<\/p>\n<\/li>\n<li data-start=\"477\" data-end=\"746\">\n<p data-start=\"480\" data-end=\"746\"><strong data-start=\"480\" data-end=\"534\" data-is-only-node=\"\">Care este scopul testului de rezisten\u021b\u0103 la spargere?<\/strong><br \/>\nThe <strong data-start=\"542\" data-end=\"568\">Test de rezisten\u021b\u0103 la spargere<\/strong> determin\u0103 cantitatea de presiune la care poate rezista o \u021bes\u0103tur\u0103 \u00eembr\u0103cat\u0103 \u00eenainte de a se rupe, ceea ce este esen\u021bial pentru materialele de ambalare supuse presiunii \u00een timpul transportului sau manipul\u0103rii.<\/p>\n<\/li>\n<li data-start=\"748\" data-end=\"958\">\n<p data-start=\"751\" data-end=\"958\"><strong data-start=\"751\" data-end=\"789\" data-is-only-node=\"\">Ce este testul de rupere trapezoidal\u0103?<\/strong><br \/>\nThe <strong data-start=\"797\" data-end=\"822\">Test de rupere trapezoidal\u0103<\/strong> m\u0103soar\u0103 <strong data-start=\"836\" data-end=\"856\">rezisten\u021b\u0103 la rupere<\/strong> a unei \u021bes\u0103turi. Un specimen cu o t\u0103ietur\u0103 trapezoidal\u0103 este desf\u0103cut pentru a evalua rezisten\u021ba sa la rupere.<\/p>\n<\/li>\n<li data-start=\"960\" data-end=\"1181\">\n<p data-start=\"963\" data-end=\"1181\"><strong data-start=\"963\" data-end=\"1017\" data-is-only-node=\"\">De ce este important\u0103 rezisten\u021ba la perforare \u00een ambalaje?<\/strong><br \/>\n<strong data-start=\"1021\" data-end=\"1044\">Rezisten\u021b\u0103 la perforare<\/strong> este esen\u021bial\u0103 pentru materialele de ambalare care trebuie s\u0103 reziste la obiecte ascu\u021bite sau la manipul\u0103ri dure, asigur\u00e2nd integritatea produsului din interior.<\/p>\n<\/li>\n<li data-start=\"1183\" data-end=\"1442\" data-is-last-node=\"\">\n<p data-start=\"1186\" data-end=\"1442\" data-is-last-node=\"\"><strong data-start=\"1186\" data-end=\"1241\" data-is-only-node=\"\">Care sunt beneficiile ASTM D751 pentru produc\u0103torii de ambalaje?<\/strong><br \/>\nASTM D751 ofer\u0103 produc\u0103torilor metode standardizate de evaluare a \u021bes\u0103turilor acoperite, asigur\u00e2nd c\u0103 materialele de ambalare \u00eendeplinesc cerin\u021bele de durabilitate, rezisten\u021b\u0103 \u0219i performan\u021b\u0103 pentru diverse aplica\u021bii.<\/p>\n<\/li>\n<\/ol>\n<\/div>\n<\/div>\n<\/div>\n<\/div>\n<\/div>\n<\/div>","protected":false},"excerpt":{"rendered":"<p>ASTM D751 Coated Fabric Test Method Coated Fabric Test Method is essential for determining the durability and performance of coated fabrics used in various industries, including textiles, packaging, and medical applications. ASTM D751 outlines standardized procedures for evaluating the integrity of coated fabrics under various stress conditions. This article will explore the key test methods &hellip;<\/p>\n<p class=\"read-more\"> <a class=\"\" href=\"https:\/\/www.qualitester.com\/ro\/standards\/astm-d751\/\"> <span class=\"screen-reader-text\">ASTM D751<\/span> Cite\u0219te mai mult \"<\/a><\/p>","protected":false},"author":4,"featured_media":0,"parent":4948,"menu_order":0,"comment_status":"closed","ping_status":"closed","template":"","meta":{"site-sidebar-layout":"default","site-content-layout":"default","ast-global-header-display":"","ast-main-header-display":"","ast-hfb-above-header-display":"","ast-hfb-below-header-display":"","ast-hfb-mobile-header-display":"","site-post-title":"disabled","ast-breadcrumbs-content":"","ast-featured-img":"","footer-sml-layout":"","theme-transparent-header-meta":"default","adv-header-id-meta":"","stick-header-meta":"","header-above-stick-meta":"","header-main-stick-meta":"","header-below-stick-meta":"","footnotes":""},"class_list":["post-7590","page","type-page","status-publish","hentry"],"_links":{"self":[{"href":"https:\/\/www.qualitester.com\/ro\/wp-json\/wp\/v2\/pages\/7590","targetHints":{"allow":["GET"]}}],"collection":[{"href":"https:\/\/www.qualitester.com\/ro\/wp-json\/wp\/v2\/pages"}],"about":[{"href":"https:\/\/www.qualitester.com\/ro\/wp-json\/wp\/v2\/types\/page"}],"author":[{"embeddable":true,"href":"https:\/\/www.qualitester.com\/ro\/wp-json\/wp\/v2\/users\/4"}],"replies":[{"embeddable":true,"href":"https:\/\/www.qualitester.com\/ro\/wp-json\/wp\/v2\/comments?post=7590"}],"version-history":[{"count":0,"href":"https:\/\/www.qualitester.com\/ro\/wp-json\/wp\/v2\/pages\/7590\/revisions"}],"up":[{"embeddable":true,"href":"https:\/\/www.qualitester.com\/ro\/wp-json\/wp\/v2\/pages\/4948"}],"wp:attachment":[{"href":"https:\/\/www.qualitester.com\/ro\/wp-json\/wp\/v2\/media?parent=7590"}],"curies":[{"name":"wp","href":"https:\/\/api.w.org\/{rel}","templated":true}]}}