{"id":7562,"date":"2025-11-07T10:48:52","date_gmt":"2025-11-07T02:48:52","guid":{"rendered":"https:\/\/www.qualitester.com\/?page_id=7562"},"modified":"2025-11-07T10:48:52","modified_gmt":"2025-11-07T02:48:52","slug":"trapezoidal-tear-strength-testing","status":"publish","type":"page","link":"https:\/\/www.qualitester.com\/ro\/applications\/trapezoidal-tear-strength-testing\/","title":{"rendered":"Testarea rezisten\u021bei la rupere trapezoidal\u0103"},"content":{"rendered":"<h1 style=\"text-align: center;\" data-start=\"445\" data-end=\"463\">Testarea rezisten\u021bei la rupere trapezoidal\u0103<br \/>\nASTM D4533<\/h1>\n<p data-start=\"465\" data-end=\"950\">The <strong data-start=\"469\" data-end=\"503\">Test de rezisten\u021b\u0103 la rupere trapezoidal\u0103<\/strong> este o metod\u0103 fundamental\u0103 pentru evaluarea rezisten\u021bei la rupere a materialelor \u021besute \u0219i ne\u021besute, \u00een special geotextile \u0219i \u021bes\u0103turi industriale. Acesta ajut\u0103 produc\u0103torii, cercet\u0103torii \u0219i inspectorii de calitate s\u0103 determine durabilitatea unui material atunci c\u00e2nd este supus unor for\u021be de rupere. Acest test, standardizat \u00een <a href=\"https:\/\/www.qualitester.com\/ro\/standards\/astm-d4533\/\" target=\"_blank\" rel=\"noopener\"><strong data-start=\"801\" data-end=\"815\">ASTM D4533<\/strong><\/a>, m\u0103soar\u0103 <em data-start=\"830\" data-end=\"873\">rezisten\u021ba la rupere trapezoidal\u0103 a geotextilelor<\/em> \u0219i ofer\u0103 o perspectiv\u0103 valoroas\u0103 asupra performan\u021bei produsului \u00een timpul utiliz\u0103rii practice.<\/p>\n<p data-start=\"952\" data-end=\"1268\">\u00cen industrii precum <strong data-start=\"971\" data-end=\"1024\">ambalaje, textile \u0219i inginerie geotehnic\u0103<\/strong>, \u00een\u021belegerea rezisten\u021bei la rupere asigur\u0103 c\u0103 materialele func\u021bioneaz\u0103 fiabil \u00een condi\u021bii de stres mecanic. Companii precum <strong data-start=\"1139\" data-end=\"1159\">Instrumente celulare<\/strong> ofer\u0103 servicii avansate <strong data-start=\"1177\" data-end=\"1204\">sisteme de testare la trac\u021biune<\/strong> care efectueaz\u0103 cu acurate\u021be acest test pentru o varietate de materiale.<\/p>\n<hr data-start=\"1270\" data-end=\"1273\" \/>\n<h2 data-start=\"1275\" data-end=\"1324\">Ce este testul de rezisten\u021b\u0103 la rupere trapezoidal\u0103?<\/h2>\n<p data-start=\"1326\" data-end=\"1638\">Testul de rezisten\u021b\u0103 la rupere trapezoidal\u0103 determin\u0103 <strong data-start=\"1376\" data-end=\"1414\">for\u021ba necesar\u0103 pentru propagarea unei rupturi<\/strong> \u00eentr-un material de prob\u0103 de forma unui trapez. Geometria unic\u0103 permite ca ruperea s\u0103 se dezvolte \u00eentr-un mod controlat, produc\u00e2nd rezultate consecvente care indic\u0103 <strong data-start=\"1576\" data-end=\"1635\">rezisten\u021ba la rupere a materialului textil sau geotextil<\/strong>.<\/p>\n<p data-start=\"1640\" data-end=\"1925\">Aceast\u0103 metod\u0103 este deosebit de util\u0103 deoarece simuleaz\u0103 condi\u021biile reale \u00een care mici perfora\u021bii sau t\u0103ieturi se pot extinde sub tensiune. Rezultatele testelor reflect\u0103 c\u00e2t de bine rezist\u0103 un material la o astfel de propagare, ceea ce \u00eel face un parametru crucial pentru <strong data-start=\"1878\" data-end=\"1922\">integritatea \u021bes\u0103turii \u0219i fiabilitatea produsului<\/strong>.<\/p>\n<hr data-start=\"1927\" data-end=\"1930\" \/>\n<h2 data-start=\"1932\" data-end=\"1980\">ASTM D4533 - Metoda standard de testare a rezisten\u021bei la rupere trapezoidal\u0103<\/h2>\n<p data-start=\"1982\" data-end=\"2247\">The <strong data-start=\"1986\" data-end=\"2009\">Standard ASTM D4533<\/strong> ofer\u0103 orient\u0103ri oficiale pentru efectuarea testului de rezisten\u021b\u0103 la rupere trapezoidal\u0103. Procedura se aplic\u0103 la majoritatea <strong data-start=\"2120\" data-end=\"2164\">geotextile \u021besute, ne\u021besute \u0219i stratificate<\/strong>, inclusiv \u021bes\u0103turi tricotate \u0219i p\u00e2sle utilizate \u00een inginerie civil\u0103 \u0219i construc\u021bii.<\/p>\n<p data-start=\"2249\" data-end=\"2285\"><strong data-start=\"2249\" data-end=\"2283\">Etapele cheie ale testului includ:<\/strong><\/p>\n<ul>\n<li data-start=\"2288\" data-end=\"2368\">T\u0103ierea specimenului \u00eentr-o form\u0103 trapezoidal\u0103 cu o fant\u0103 mic\u0103 \u00een centru.<\/li>\n<li data-start=\"2371\" data-end=\"2441\">Str\u00e2ngerea celor dou\u0103 laturi neparalele \u00eentr-un <strong data-start=\"2411\" data-end=\"2438\">ma\u0219in\u0103 de testare la trac\u021biune<\/strong>.<\/li>\n<li data-start=\"2444\" data-end=\"2529\">Aplicarea unei for\u021be de trac\u021biune continue la o rat\u0103 constant\u0103 (de obicei 300 \u00b1 10 mm\/min).<\/li>\n<li data-start=\"2532\" data-end=\"2605\">\u00cenregistrarea for\u021bei maxime de rupere de la <strong data-start=\"2577\" data-end=\"2602\">curba for\u021b\u0103-extensie<\/strong>.<\/li>\n<\/ul>\n<p data-start=\"2607\" data-end=\"2806\">The <strong data-start=\"2611\" data-end=\"2628\">for\u021b\u0103 maxim\u0103<\/strong> ob\u021binut reprezint\u0103 <em data-start=\"2653\" data-end=\"2681\">rezisten\u021b\u0103 la rupere trapezoidal\u0103<\/em>. Pentru a ob\u021bine date fiabile, fiecare e\u0219antion este testat at\u00e2t \u00een <strong data-start=\"2736\" data-end=\"2764\">direc\u021bia ma\u0219inii (urzeal\u0103)<\/strong> \u0219i <strong data-start=\"2769\" data-end=\"2803\">direc\u021bia transversal\u0103 a ma\u0219inii (b\u0103t\u0103tur\u0103)<\/strong>.<\/p>\n<hr data-start=\"2808\" data-end=\"2811\" \/>\n<h3 data-start=\"2813\" data-end=\"2891\">Importan\u021ba \u0219i aplica\u021biile rezisten\u021bei la rupere trapezoidal\u0103 \u00een geotextile<\/h3>\n<p data-start=\"2893\" data-end=\"3220\">\u00cen\u021belegerea <strong data-start=\"2911\" data-end=\"2956\">rezisten\u021ba la rupere trapezoidal\u0103 a geotextilelor<\/strong> este vital\u0103 pentru prezicerea performan\u021belor acestora \u00een aplica\u021biile din lumea real\u0103. \u00cen <strong data-start=\"3030\" data-end=\"3076\">construc\u021bii \u0219i ingineria mediului<\/strong>, geotextilele servesc ca straturi de armare, separare sau filtrare. Acestea trebuie s\u0103 reziste la solicit\u0103ri mecanice \u00een timpul instal\u0103rii \u0219i utiliz\u0103rii.<\/p>\n<p data-start=\"3222\" data-end=\"3508\">Pentru <strong data-start=\"3226\" data-end=\"3243\">\u021bes\u0103turi<\/strong>, rezisten\u021ba la rupere depinde \u00een primul r\u00e2nd de rezisten\u021ba \u0219i alinierea firelor. \u00cen schimb, <strong data-start=\"3331\" data-end=\"3353\">materiale ne\u021besute<\/strong> se bazeaz\u0103 pe lipirea fibrelor \u0219i pe orientarea aleatorie. Prin compararea rezultatelor \u00een direc\u021bii diferite, inginerii pot optimiza structura pentru durabilitate maxim\u0103.<\/p>\n<p data-start=\"3510\" data-end=\"3680\">Acest test ajut\u0103, de asemenea <strong data-start=\"3533\" data-end=\"3562\">personalul de control al calit\u0103\u021bii<\/strong> \u00een identificarea punctelor slabe din material, asigurarea conformit\u0103\u021bii cu <strong data-start=\"3632\" data-end=\"3654\">standarde industriale<\/strong> \u00eenainte de utilizarea pe scar\u0103 larg\u0103.<\/p>\n<hr data-start=\"3682\" data-end=\"3685\" \/>\n<h3 data-start=\"3687\" data-end=\"3750\">Metoda de testare a rezisten\u021bei la rupere pentru \u021bes\u0103turi \u0219i alte materiale<\/h3>\n<p data-start=\"3752\" data-end=\"4045\">The <strong data-start=\"3756\" data-end=\"3785\">Metoda de testare a rezisten\u021bei la rupere<\/strong> pentru \u021bes\u0103turi nu se aplic\u0103 numai geotextilelor, ci \u0219i produselor utilizate \u00een <strong data-start=\"3859\" data-end=\"3914\">ambalaje, textile medicale \u0219i \u00eembr\u0103c\u0103minte tehnic\u0103<\/strong>. M\u0103surarea <strong data-start=\"3926\" data-end=\"3951\">rezisten\u021b\u0103 la rupere prin trac\u021biune<\/strong> ajut\u0103 produc\u0103torii s\u0103 evalueze siguran\u021ba, longevitatea \u0219i performan\u021bele mecanice generale ale produselor.<\/p>\n<hr data-start=\"4230\" data-end=\"4233\" \/>\n<h3 data-start=\"4235\" data-end=\"4296\">Echipament recomandat - Cell Instruments Tensile Tester<\/h3>\n<p><a href=\"https:\/\/www.qualitester.com\/ro\/produs\/tensile-tester-tst-01\/\"><img fetchpriority=\"high\" decoding=\"async\" class=\"alignleft wp-image-7563 size-medium\" src=\"https:\/\/www.qualitester.com\/wp-content\/uploads\/2025\/11\/Trapezoidal-Tear-Strength-Test-\u2013-ASTM-D4533-for-Geotextile-300x300.webp\" alt=\"Test de rezisten\u021b\u0103 la rupere trapezoidal\u0103 - ASTM D4533 pentru geotextil\" width=\"300\" height=\"300\" srcset=\"https:\/\/www.qualitester.com\/wp-content\/uploads\/2025\/11\/Trapezoidal-Tear-Strength-Test-\u2013-ASTM-D4533-for-Geotextile-300x300.webp 300w, https:\/\/www.qualitester.com\/wp-content\/uploads\/2025\/11\/Trapezoidal-Tear-Strength-Test-\u2013-ASTM-D4533-for-Geotextile-150x150.webp 150w, https:\/\/www.qualitester.com\/wp-content\/uploads\/2025\/11\/Trapezoidal-Tear-Strength-Test-\u2013-ASTM-D4533-for-Geotextile-12x12.webp 12w, https:\/\/www.qualitester.com\/wp-content\/uploads\/2025\/11\/Trapezoidal-Tear-Strength-Test-\u2013-ASTM-D4533-for-Geotextile-100x100.webp 100w, https:\/\/www.qualitester.com\/wp-content\/uploads\/2025\/11\/Trapezoidal-Tear-Strength-Test-\u2013-ASTM-D4533-for-Geotextile.webp 600w\" sizes=\"(max-width: 300px) 100vw, 300px\" \/><\/a><\/p>\n<p data-start=\"4298\" data-end=\"4623\">Pentru a efectua un test precis de rezisten\u021b\u0103 la rupere trapezoidal\u0103, laboratoarele au nevoie de un <strong data-start=\"4371\" data-end=\"4407\">ma\u0219in\u0103 de testare la trac\u021biune fiabil\u0103<\/strong> capabil s\u0103 controleze sarcina la o rat\u0103 constant\u0103 \u0219i s\u0103 achizi\u021bioneze date precise. <strong data-start=\"4477\" data-end=\"4497\">Instrumente celulare<\/strong> oferte avansate <a href=\"https:\/\/www.qualitester.com\/ro\/produs\/tensile-tester-tst-01\/\" target=\"_blank\" rel=\"noopener\"><strong data-start=\"4514\" data-end=\"4533\">testere de trac\u021biune<\/strong><\/a> concepute special pentru <strong data-start=\"4560\" data-end=\"4620\">geotextile, textile, materiale de ambalare \u0219i materiale plastice<\/strong>.<\/p>\n<p data-start=\"4625\" data-end=\"4648\">Caracteristicile cheie includ:<\/p>\n<ul>\n<li data-start=\"4651\" data-end=\"4720\"><strong data-start=\"4651\" data-end=\"4679\">Celule de \u00eenc\u0103rcare de \u00eenalt\u0103 precizie<\/strong> pentru m\u0103surarea precis\u0103 a for\u021bei de rupere.<\/li>\n<li data-start=\"4723\" data-end=\"4787\"><strong data-start=\"4723\" data-end=\"4758\">Control programabil al vitezei de testare<\/strong> pentru conformitatea cu ASTM D4533.<\/li>\n<li data-start=\"4790\" data-end=\"4861\"><strong data-start=\"4790\" data-end=\"4825\">M\u00e2nere \u0219i dispozitive de fixare personalizabile<\/strong> pentru specimene \u021besute \u0219i ne\u021besute.<\/li>\n<li data-start=\"4864\" data-end=\"4942\"><strong data-start=\"4864\" data-end=\"4890\">Software u\u0219or de utilizat<\/strong> pentru \u00eenregistrarea automat\u0103 a datelor \u0219i analiza rezultatelor.<\/li>\n<\/ul>\n<p data-start=\"4944\" data-end=\"5084\">Aceste instrumente nu numai c\u0103 \u00eembun\u0103t\u0103\u021besc <strong data-start=\"4979\" data-end=\"5001\">testarea eficien\u021bei<\/strong> dar \u0219i s\u0103 ajute clien\u021bii s\u0103 \u00eendeplineasc\u0103 <strong data-start=\"5029\" data-end=\"5081\">standarde interna\u021bionale \u0219i cerin\u021be ale proiectului<\/strong>.<\/p>\n<hr data-start=\"5086\" data-end=\"5089\" \/>\n<p data-start=\"5398\" data-end=\"5631\">\n<h3 data-start=\"5638\" data-end=\"5647\">\u00ceNTREB\u0102RI FRECVENTE<\/h3>\n<p data-start=\"5649\" data-end=\"5820\"><strong data-start=\"5649\" data-end=\"5715\">Q1: Care este scopul testului de rezisten\u021b\u0103 la rupere trapezoidal\u0103?<\/strong><br data-start=\"5715\" data-end=\"5718\" \/>Acesta m\u0103soar\u0103 rezisten\u021ba unui material la propagarea ruperii, ajut\u00e2nd la evaluarea durabilit\u0103\u021bii sale mecanice.<\/p>\n<p data-start=\"5822\" data-end=\"5963\"><strong data-start=\"5822\" data-end=\"5877\">Q2: Ce materiale pot fi testate folosind ASTM D4533?<\/strong><br data-start=\"5877\" data-end=\"5880\" \/>Geotextile \u021besute, ne\u021besute, tricotate \u0219i stratificate, precum \u0219i \u021bes\u0103turi industriale.<\/p>\n<p data-start=\"5965\" data-end=\"6114\"><strong data-start=\"5965\" data-end=\"6015\">Q3: De ce se utilizeaz\u0103 forma trapezoidal\u0103 pentru testare?<\/strong><br data-start=\"6015\" data-end=\"6018\" \/>Acesta permite propagarea controlat\u0103 a lacrimilor \u0219i rezultate consecvente \u00een compara\u021bie cu testele cu lacrimi neregulate.<\/p>\n<p data-start=\"6116\" data-end=\"6309\"><strong data-start=\"6116\" data-end=\"6168\">Q4: Ce echipament este recomandat pentru acest test?<\/strong><br data-start=\"6168\" data-end=\"6171\" \/>A <strong data-start=\"6173\" data-end=\"6191\">tester de trac\u021biune<\/strong> cu mi\u0219care la vitez\u0103 constant\u0103, cum ar fi modelele furnizate de <strong data-start=\"6250\" data-end=\"6270\">Instrumente celulare<\/strong>, este ideal pentru <a href=\"https:\/\/www.astm.org\/d4533_d4533m-15.html\" target=\"_blank\" rel=\"noopener nofollow\">ASTM D4533<\/a> conformitate.<\/p>","protected":false},"excerpt":{"rendered":"<p>Testarea rezisten\u021bei la rupere trapezoidal\u0103 ASTM D4533 Testarea rezisten\u021bei la rupere trapezoidal\u0103 este o metod\u0103 fundamental\u0103 pentru evaluarea rezisten\u021bei la rupere a materialelor \u021besute \u0219i ne\u021besute, \u00een special a geotextilelor \u0219i a \u021bes\u0103turilor industriale. Acesta ajut\u0103 produc\u0103torii, cercet\u0103torii \u0219i inspectorii de calitate s\u0103 determine durabilitatea unui material atunci c\u00e2nd este supus for\u021belor de rupere. Acest test, standardizat \u00een ASTM D4533, m\u0103soar\u0103 rezisten\u021ba trapezoidal\u0103 ...<\/p>\n<p class=\"read-more\"> <a class=\"\" href=\"https:\/\/www.qualitester.com\/ro\/applications\/trapezoidal-tear-strength-testing\/\"> <span class=\"screen-reader-text\">Testarea rezisten\u021bei la rupere trapezoidal\u0103<\/span> Cite\u0219te mai mult \"<\/a><\/p>","protected":false},"author":4,"featured_media":7563,"parent":6794,"menu_order":0,"comment_status":"closed","ping_status":"closed","template":"","meta":{"site-sidebar-layout":"default","site-content-layout":"default","ast-global-header-display":"","ast-main-header-display":"","ast-hfb-above-header-display":"","ast-hfb-below-header-display":"","ast-hfb-mobile-header-display":"","site-post-title":"disabled","ast-breadcrumbs-content":"","ast-featured-img":"disabled","footer-sml-layout":"","theme-transparent-header-meta":"default","adv-header-id-meta":"","stick-header-meta":"","header-above-stick-meta":"","header-main-stick-meta":"","header-below-stick-meta":"","footnotes":""},"class_list":["post-7562","page","type-page","status-publish","has-post-thumbnail","hentry"],"_links":{"self":[{"href":"https:\/\/www.qualitester.com\/ro\/wp-json\/wp\/v2\/pages\/7562","targetHints":{"allow":["GET"]}}],"collection":[{"href":"https:\/\/www.qualitester.com\/ro\/wp-json\/wp\/v2\/pages"}],"about":[{"href":"https:\/\/www.qualitester.com\/ro\/wp-json\/wp\/v2\/types\/page"}],"author":[{"embeddable":true,"href":"https:\/\/www.qualitester.com\/ro\/wp-json\/wp\/v2\/users\/4"}],"replies":[{"embeddable":true,"href":"https:\/\/www.qualitester.com\/ro\/wp-json\/wp\/v2\/comments?post=7562"}],"version-history":[{"count":0,"href":"https:\/\/www.qualitester.com\/ro\/wp-json\/wp\/v2\/pages\/7562\/revisions"}],"up":[{"embeddable":true,"href":"https:\/\/www.qualitester.com\/ro\/wp-json\/wp\/v2\/pages\/6794"}],"wp:featuredmedia":[{"embeddable":true,"href":"https:\/\/www.qualitester.com\/ro\/wp-json\/wp\/v2\/media\/7563"}],"wp:attachment":[{"href":"https:\/\/www.qualitester.com\/ro\/wp-json\/wp\/v2\/media?parent=7562"}],"curies":[{"name":"wp","href":"https:\/\/api.w.org\/{rel}","templated":true}]}}