{"id":7487,"date":"2025-09-19T16:03:19","date_gmt":"2025-09-19T08:03:19","guid":{"rendered":"https:\/\/www.qualitester.com\/?page_id=7487"},"modified":"2025-09-19T16:03:19","modified_gmt":"2025-09-19T08:03:19","slug":"cobb-tester-for-paper","status":"publish","type":"page","link":"https:\/\/www.qualitester.com\/ro\/cobb-tester-for-paper\/","title":{"rendered":"Tester Cobb pentru h\u00e2rtie: Asigurarea test\u0103rii exacte a capacit\u0103\u021bii de absorb\u021bie a apei"},"content":{"rendered":"<p><a href=\"https:\/\/www.qualitester.com\/ro\/?s=COBB\"><img fetchpriority=\"high\" decoding=\"async\" class=\"size-medium wp-image-7490 alignleft\" src=\"https:\/\/www.qualitester.com\/wp-content\/uploads\/2025\/09\/COBB--300x300.webp\" alt=\"tester cobb pentru h\u00e2rtie\" width=\"300\" height=\"300\" srcset=\"https:\/\/www.qualitester.com\/wp-content\/uploads\/2025\/09\/COBB--300x300.webp 300w, https:\/\/www.qualitester.com\/wp-content\/uploads\/2025\/09\/COBB--150x150.webp 150w, https:\/\/www.qualitester.com\/wp-content\/uploads\/2025\/09\/COBB--12x12.webp 12w, https:\/\/www.qualitester.com\/wp-content\/uploads\/2025\/09\/COBB--600x600.webp 600w, https:\/\/www.qualitester.com\/wp-content\/uploads\/2025\/09\/COBB--100x100.webp 100w, https:\/\/www.qualitester.com\/wp-content\/uploads\/2025\/09\/COBB-.webp 756w\" sizes=\"(max-width: 300px) 100vw, 300px\" \/><\/a>\u00cen\u021belegerea capacit\u0103\u021bii de absorb\u021bie a apei de c\u0103tre h\u00e2rtie \u0219i carton este esen\u021bial\u0103 pentru controlul calit\u0103\u021bii \u00een tip\u0103rire, ambalare \u0219i produc\u021bia de h\u00e2rtie. Metoda <strong data-start=\"436\" data-end=\"461\">Tester Cobb pentru h\u00e2rtie<\/strong> este un instrument special conceput pentru a m\u0103sura cantitatea de ap\u0103 absorbit\u0103 de o prob\u0103 \u00een condi\u021bii standardizate. \u00cen conformitate cu standardele ISO 535, aceast\u0103 metod\u0103 de testare furnizeaz\u0103 date fiabile pentru a ghida selec\u021bia materialelor, procesele de produc\u021bie \u0219i evaluarea performan\u021bei produselor.<\/p>\n<hr \/>\n<h2>Tester de rezisten\u021b\u0103 la absorb\u021bie Cobb: Caracteristici \u0219i aplica\u021bii cheie<\/h2>\n<p data-start=\"817\" data-end=\"1165\">The <strong data-start=\"821\" data-end=\"858\">Tester de rezisten\u021b\u0103 la absorb\u021bie Cobb<\/strong> func\u021bioneaz\u0103 prin plasarea unui volum m\u0103surat de ap\u0103 pe o suprafa\u021b\u0103 fix\u0103 de h\u00e2rtie sau carton \u0219i cronometrarea absorb\u021biei. Dup\u0103 o perioad\u0103 specificat\u0103, excesul de ap\u0103 este \u00eendep\u0103rtat, iar cantitatea absorbit\u0103 este calculat\u0103. Aceast\u0103 metod\u0103 asigur\u0103 c\u0103 rezultatele sunt consecvente, precise \u0219i comparabile \u00een diferite laboratoare.<\/p>\n<p data-start=\"1167\" data-end=\"1223\">Aplica\u021biile cheie ale testerului Cobb pentru h\u00e2rtie includ:<\/p>\n<ul data-start=\"1225\" data-end=\"1686\">\n<li data-start=\"1225\" data-end=\"1353\">\n<p data-start=\"1227\" data-end=\"1353\"><strong data-start=\"1227\" data-end=\"1256\">Evaluarea calit\u0103\u021bii h\u00e2rtiei:<\/strong> Evaluarea rezisten\u021bei la ap\u0103 a h\u00e2rtiei tipografice, a cartonului de ambalaj \u0219i a cartonului ondulat.<\/p>\n<\/li>\n<li data-start=\"1354\" data-end=\"1450\">\n<p data-start=\"1356\" data-end=\"1450\"><strong data-start=\"1356\" data-end=\"1376\">Controlul proceselor:<\/strong> Monitorizarea uniformit\u0103\u021bii acoperirii \u0219i a tratamentelor de suprafa\u021b\u0103 \u00een timpul produc\u021biei.<\/p>\n<\/li>\n<li data-start=\"1451\" data-end=\"1563\">\n<p data-start=\"1453\" data-end=\"1563\"><strong data-start=\"1453\" data-end=\"1469\">Testare R&amp;D:<\/strong> Sprijinirea dezvolt\u0103rii de noi tipuri de h\u00e2rtie \u0219i acoperiri cu propriet\u0103\u021bi de absorb\u021bie dorite.<\/p>\n<\/li>\n<li data-start=\"1564\" data-end=\"1686\">\n<p data-start=\"1566\" data-end=\"1686\"><strong data-start=\"1566\" data-end=\"1591\">Analiz\u0103 comparativ\u0103:<\/strong> Compararea diferi\u021bilor furnizori sau loturi pentru o performan\u021b\u0103 constant\u0103 \u00een aplica\u021biile produselor.<\/p>\n<hr \/>\n<h2 data-start=\"1566\" data-end=\"1686\">De ce este important\u0103 testarea capacit\u0103\u021bii de absorb\u021bie a apei<\/h2>\n<\/li>\n<\/ul>\n<p data-start=\"1736\" data-end=\"2010\">Absorb\u021bia apei afecteaz\u0103 at\u00e2t propriet\u0103\u021bile fizice, c\u00e2t \u0219i cele func\u021bionale ale h\u00e2rtiei. O absorb\u021bie ridicat\u0103 poate duce la \u00eempr\u0103\u0219tierea cernelii sau la performan\u021be de barier\u0103 slabe, \u00een timp ce o absorb\u021bie sc\u0103zut\u0103 poate indica un tratament insuficient al suprafe\u021bei. Prin utilizarea unui <strong data-start=\"1963\" data-end=\"1988\">Tester Cobb pentru h\u00e2rtie<\/strong>, produc\u0103torii pot:<\/p>\n<ol data-start=\"2012\" data-end=\"2418\">\n<li data-start=\"2012\" data-end=\"2100\">\n<p data-start=\"2015\" data-end=\"2100\"><strong data-start=\"2015\" data-end=\"2046\">Asigura\u021bi consecven\u021ba produselor:<\/strong> Men\u021binerea unei calit\u0103\u021bi uniforme pentru toate loturile de produc\u021bie.<\/p>\n<\/li>\n<li data-start=\"2101\" data-end=\"2204\">\n<p data-start=\"2104\" data-end=\"2204\"><strong data-start=\"2104\" data-end=\"2148\">Optimizarea tratamentelor de acoperire \u0219i de suprafa\u021b\u0103:<\/strong> Ajusta\u021bi procesele pentru a ob\u021bine ratele de absorb\u021bie dorite.<\/p>\n<\/li>\n<li data-start=\"2205\" data-end=\"2336\">\n<p data-start=\"2208\" data-end=\"2336\"><strong data-start=\"2208\" data-end=\"2249\">Sprijini\u021bi conformitatea \u0219i certificarea:<\/strong> Alinierea testelor la standardele ISO 535, asigur\u00e2nd recunoa\u0219terea interna\u021bional\u0103 a rezultatelor.<\/p>\n<\/li>\n<li data-start=\"2337\" data-end=\"2418\">\n<p data-start=\"2340\" data-end=\"2418\"><strong data-start=\"2340\" data-end=\"2366\">Reducerea de\u0219eurilor materiale:<\/strong> Detecta\u021bi defectele din timp \u0219i reduce\u021bi la minimum stocurile respinse.<\/p>\n<hr \/>\n<h2 data-start=\"2340\" data-end=\"2418\">Procedura de testare \u00een conformitate cu <a href=\"https:\/\/www.iso.org\/standard\/61486.html\" target=\"_blank\" rel=\"noopener nofollow\">ISO 535<\/a><\/h2>\n<\/li>\n<\/ol>\n<p data-start=\"2466\" data-end=\"2501\">Pentru a efectua un test Cobb precis:<\/p>\n<ol data-start=\"2503\" data-end=\"3012\">\n<li data-start=\"2503\" data-end=\"2644\">\n<p data-start=\"2506\" data-end=\"2644\"><strong data-start=\"2506\" data-end=\"2529\">Preg\u0103tirea probelor:<\/strong> T\u0103ia\u021bi h\u00e2rtia sau cartonul la dimensiunea necesar\u0103 (de obicei \u226550 g\/m\u00b2) \u0219i condi\u021biona\u021bi \u00een condi\u021bii standard de laborator.<\/p>\n<\/li>\n<li data-start=\"2645\" data-end=\"2724\">\n<p data-start=\"2648\" data-end=\"2724\"><strong data-start=\"2648\" data-end=\"2664\">Pozi\u021bionare:<\/strong> A\u0219eza\u021bi proba sub rezervorul de ap\u0103 al testerului Cobb.<\/p>\n<\/li>\n<li data-start=\"2725\" data-end=\"2803\">\n<p data-start=\"2728\" data-end=\"2803\"><strong data-start=\"2728\" data-end=\"2747\">Expunere la ap\u0103:<\/strong> Aplica\u021bi un volum m\u0103surat de ap\u0103 \u0219i porni\u021bi cronometrul.<\/p>\n<\/li>\n<li data-start=\"2804\" data-end=\"2902\">\n<p data-start=\"2807\" data-end=\"2902\"><strong data-start=\"2807\" data-end=\"2830\">Evacua\u021bi excesul de ap\u0103:<\/strong> Dup\u0103 timpul specificat (de obicei 60 de secunde), elimina\u021bi surplusul de ap\u0103.<\/p>\n<\/li>\n<li data-start=\"2903\" data-end=\"3012\">\n<p data-start=\"2906\" data-end=\"3012\"><strong data-start=\"2906\" data-end=\"2922\">M\u0103surare:<\/strong> C\u00e2nt\u0103ri\u021bi apa absorbit\u0103 \u0219i calcula\u021bi valoarea Cobb \u00een grame pe metru p\u0103trat (g\/m\u00b2).<\/p>\n<\/li>\n<\/ol>\n<p data-start=\"3014\" data-end=\"3208\">Aceast\u0103 metod\u0103 permite personalului de control al calit\u0103\u021bii \u0219i cercet\u0103torilor s\u0103 <strong data-start=\"3078\" data-end=\"3141\">evaluarea fiabil\u0103 a capacit\u0103\u021bii de absorb\u021bie a apei de c\u0103tre h\u00e2rtie \u0219i carton<\/strong>, facilit\u00e2nd luarea de decizii \u00een cuno\u0219tin\u021b\u0103 de cauz\u0103 pentru produc\u021bie \u0219i aplicare.<\/p>\n<hr \/>\n<h2 data-start=\"3014\" data-end=\"3208\">Selectarea testerului Cobb potrivit pentru h\u00e2rtie<\/h2>\n<p data-start=\"3259\" data-end=\"3420\">Pentru laboratoarele \u0219i instala\u021biile de produc\u021bie care necesit\u0103 precizie \u0219i eficien\u021b\u0103, modelul <strong data-start=\"3342\" data-end=\"3385\">Tester de absorb\u021bie Cell Instruments COBB<\/strong> este o alegere ideal\u0103. Acesta suport\u0103:<\/p>\n<ul data-start=\"3422\" data-end=\"3640\">\n<li data-start=\"3422\" data-end=\"3464\">\n<p data-start=\"3424\" data-end=\"3464\">Dimensiuni multiple ale e\u0219antioanelor \u0219i tipuri de h\u00e2rtie.<\/p>\n<\/li>\n<li data-start=\"3465\" data-end=\"3518\">\n<p data-start=\"3467\" data-end=\"3518\">M\u0103sur\u0103tori rapide, repetabile, cu precizie ridicat\u0103.<\/p>\n<\/li>\n<li data-start=\"3519\" data-end=\"3575\">\n<p data-start=\"3521\" data-end=\"3575\">Operare prietenoas\u0103 cu citiri digitale clare.<\/p>\n<\/li>\n<li data-start=\"3576\" data-end=\"3640\">\n<p data-start=\"3578\" data-end=\"3640\">Conformitatea cu ISO 535 pentru proceduri de testare standardizate.<\/p>\n<\/li>\n<\/ul>\n<hr \/>\n<h2>Avantajele utiliz\u0103rii unui tester Cobb pentru h\u00e2rtie<\/h2>\n<ul>\n<li data-start=\"3693\" data-end=\"3770\">\n<p data-start=\"3695\" data-end=\"3770\"><strong data-start=\"3695\" data-end=\"3717\">Acurate\u021be sporit\u0103:<\/strong> Reduce erorile operatorului \u0219i \u00eembun\u0103t\u0103\u021be\u0219te repetabilitatea.<\/p>\n<\/li>\n<li data-start=\"3771\" data-end=\"3839\">\n<p data-start=\"3773\" data-end=\"3839\"><strong data-start=\"3773\" data-end=\"3793\">Eficien\u021ba timpului:<\/strong> Mai rapid dec\u00e2t m\u0103sur\u0103torile manuale ale absorb\u021biei.<\/p>\n<\/li>\n<li data-start=\"3840\" data-end=\"3941\">\n<p data-start=\"3842\" data-end=\"3941\"><strong data-start=\"3842\" data-end=\"3865\">Date cuprinz\u0103toare:<\/strong> Ofer\u0103 rezultate adecvate pentru raportare, audituri \u0219i dezvoltarea de produse.<\/p>\n<\/li>\n<li data-start=\"3942\" data-end=\"4047\">\n<p data-start=\"3944\" data-end=\"4047\"><strong data-start=\"3944\" data-end=\"3969\">Fiabilitatea industriei:<\/strong> Adoptat pe scar\u0103 larg\u0103 \u00een sectoarele de tip\u0103rire, ambalare \u0219i fabricare a h\u00e2rtiei.<\/p>\n<\/li>\n<\/ul>\n<hr \/>\n<h2>Concluzie<\/h2>\n<p>The <strong data-start=\"4071\" data-end=\"4096\">Tester Cobb pentru h\u00e2rtie<\/strong> este un instrument indispensabil pentru evaluarea capacit\u0103\u021bii de absorb\u021bie a apei \u00een conformitate cu ISO 535. Prin integrarea acestui test \u00een produc\u021bie \u0219i \u00een controlul calit\u0103\u021bii, produc\u0103torii \u0219i laboratoarele pot asigura produse din h\u00e2rtie de \u00eenalt\u0103 calitate \u0219i consecvente, pot optimiza procesele de acoperire \u0219i pot men\u021bine conformitatea interna\u021bional\u0103. Modelul <strong data-start=\"4398\" data-end=\"4435\">Tester de rezisten\u021b\u0103 la absorb\u021bie Cobb<\/strong> de la Cell Instruments combin\u0103 precizia, eficien\u021ba \u0219i fiabilitatea, sprijinind profesioni\u0219tii \u00een ob\u021binerea unor rezultate exacte \u0219i standardizate.<\/p>\n<hr \/>\n<h2>\u00centreb\u0103ri frecvente<\/h2>\n<p data-start=\"4592\" data-end=\"4746\"><strong data-start=\"4592\" data-end=\"4599\">Q1:<\/strong> Poate testerul Cobb s\u0103 m\u0103soare h\u00e2rtii acoperite \u0219i neacoperite?<br data-start=\"4655\" data-end=\"4658\" \/><strong data-start=\"4658\" data-end=\"4664\">A:<\/strong> Da, este potrivit pentru ambele, cu condi\u021bia ca gramajul s\u0103 \u00eendeplineasc\u0103 cerin\u021bele ISO 535.<\/p>\n<p data-start=\"4748\" data-end=\"4874\"><strong data-start=\"4748\" data-end=\"4755\">Q2:<\/strong> Ce dimensiune a e\u0219antionului este recomandat\u0103?<br data-start=\"4788\" data-end=\"4791\" \/><strong data-start=\"4791\" data-end=\"4797\">A:<\/strong> De obicei, probe \u226550 g\/m\u00b2, evit\u00e2nd h\u00e2rtiile foarte poroase, cum ar fi h\u00e2rtia de ziar.<\/p>\n<p data-start=\"4876\" data-end=\"5012\"><strong data-start=\"4876\" data-end=\"4883\">Q3:<\/strong> C\u00e2t dureaz\u0103 un test Cobb standard?<br data-start=\"4924\" data-end=\"4927\" \/><strong data-start=\"4927\" data-end=\"4933\">A:<\/strong> Expunerea standard este de obicei de 60 de secunde, dar poate fi ajustat\u0103 \u00een func\u021bie de ISO 535.<\/p>\n<p data-start=\"5014\" data-end=\"5152\"><strong data-start=\"5014\" data-end=\"5021\">Q4:<\/strong> Rezultatele pot fi utilizate \u00een scopuri de certificare?<br data-start=\"5073\" data-end=\"5076\" \/><strong data-start=\"5076\" data-end=\"5082\">A:<\/strong> Da, conformitatea cu ISO 535 asigur\u0103 rezultate recunoscute la nivel interna\u021bional.<\/p>\n<p data-start=\"5154\" data-end=\"5287\"><strong data-start=\"5154\" data-end=\"5161\">Q5:<\/strong> Este necesar\u0103 formarea operatorului?<br data-start=\"5192\" data-end=\"5195\" \/><strong data-start=\"5195\" data-end=\"5201\">A:<\/strong> Instruirea de baz\u0103 asigur\u0103 manipularea corect\u0103 a probelor \u0219i rezultate de m\u0103surare constante.<\/p>","protected":false},"excerpt":{"rendered":"<p>\u00cen\u021belegerea capacit\u0103\u021bii de absorb\u021bie a apei de c\u0103tre h\u00e2rtie \u0219i carton este esen\u021bial\u0103 pentru controlul calit\u0103\u021bii \u00een tipografie, ambalare \u0219i produc\u021bia de h\u00e2rtie. Testerul Cobb pentru h\u00e2rtie este un instrument special conceput pentru a m\u0103sura cantitatea de ap\u0103 absorbit\u0103 de o prob\u0103 \u00een condi\u021bii standardizate. \u00cen conformitate cu standardele ISO 535, aceast\u0103 metod\u0103 de testare furnizeaz\u0103 date fiabile pentru a ghida materialul ...<\/p>\n<p class=\"read-more\"> <a class=\"\" href=\"https:\/\/www.qualitester.com\/ro\/cobb-tester-for-paper\/\"> <span class=\"screen-reader-text\">Tester Cobb pentru h\u00e2rtie: Asigurarea test\u0103rii exacte a capacit\u0103\u021bii de absorb\u021bie a apei<\/span> Cite\u0219te mai mult \"<\/a><\/p>","protected":false},"author":3,"featured_media":0,"parent":0,"menu_order":0,"comment_status":"closed","ping_status":"closed","template":"","meta":{"site-sidebar-layout":"default","site-content-layout":"default","ast-global-header-display":"","ast-main-header-display":"","ast-hfb-above-header-display":"","ast-hfb-below-header-display":"","ast-hfb-mobile-header-display":"","site-post-title":"","ast-breadcrumbs-content":"","ast-featured-img":"","footer-sml-layout":"","theme-transparent-header-meta":"default","adv-header-id-meta":"","stick-header-meta":"","header-above-stick-meta":"","header-main-stick-meta":"","header-below-stick-meta":"","footnotes":""},"class_list":["post-7487","page","type-page","status-publish","hentry"],"_links":{"self":[{"href":"https:\/\/www.qualitester.com\/ro\/wp-json\/wp\/v2\/pages\/7487","targetHints":{"allow":["GET"]}}],"collection":[{"href":"https:\/\/www.qualitester.com\/ro\/wp-json\/wp\/v2\/pages"}],"about":[{"href":"https:\/\/www.qualitester.com\/ro\/wp-json\/wp\/v2\/types\/page"}],"author":[{"embeddable":true,"href":"https:\/\/www.qualitester.com\/ro\/wp-json\/wp\/v2\/users\/3"}],"replies":[{"embeddable":true,"href":"https:\/\/www.qualitester.com\/ro\/wp-json\/wp\/v2\/comments?post=7487"}],"version-history":[{"count":0,"href":"https:\/\/www.qualitester.com\/ro\/wp-json\/wp\/v2\/pages\/7487\/revisions"}],"wp:attachment":[{"href":"https:\/\/www.qualitester.com\/ro\/wp-json\/wp\/v2\/media?parent=7487"}],"curies":[{"name":"wp","href":"https:\/\/api.w.org\/{rel}","templated":true}]}}