{"id":7449,"date":"2025-09-12T16:26:16","date_gmt":"2025-09-12T08:26:16","guid":{"rendered":"https:\/\/www.qualitester.com\/?page_id=7449"},"modified":"2025-09-12T16:28:00","modified_gmt":"2025-09-12T08:28:00","slug":"loop-tack-tester","status":"publish","type":"page","link":"https:\/\/www.qualitester.com\/ro\/applications\/loop-tack-tester\/","title":{"rendered":"Tester Loop Tack pentru testarea performan\u021bei adezivului ASTM D6195"},"content":{"rendered":"<p><a href=\"https:\/\/www.qualitester.com\/ro\/?s=LTT\"><img fetchpriority=\"high\" decoding=\"async\" class=\"wp-image-7452 alignleft\" src=\"https:\/\/www.qualitester.com\/wp-content\/uploads\/2025\/09\/LTT-01-Loop-Tack-Tester--277x300.webp\" alt=\"Tester pentru bucla Tack\" width=\"245\" height=\"265\" srcset=\"https:\/\/www.qualitester.com\/wp-content\/uploads\/2025\/09\/LTT-01-Loop-Tack-Tester--277x300.webp 277w, https:\/\/www.qualitester.com\/wp-content\/uploads\/2025\/09\/LTT-01-Loop-Tack-Tester--11x12.webp 11w, https:\/\/www.qualitester.com\/wp-content\/uploads\/2025\/09\/LTT-01-Loop-Tack-Tester-.webp 600w\" sizes=\"(max-width: 245px) 100vw, 245px\" \/><\/a>Adezivii sensibili la presiune (PSA) sunt utiliza\u021bi pe scar\u0103 larg\u0103 \u00een ambalaje, dispozitive medicale, electronice \u0219i bunuri de consum. Capacitatea lor de a <strong data-start=\"481\" data-end=\"512\">lipire instantanee \u0219i fiabil\u0103<\/strong> este esen\u021bial\u0103 pentru performan\u021ba produsului \u0219i satisfac\u021bia clientului. Pentru a evalua aceast\u0103 proprietate, o <strong data-start=\"604\" data-end=\"624\">Tester pentru bucla Tack<\/strong> furnizeaz\u0103 m\u0103sur\u0103tori standardizate \u0219i repetabile ale for\u021bei ini\u021biale de aderen\u021b\u0103; sau <em data-start=\"705\" data-end=\"711\">tack<\/em>. \u00cen urma <strong data-start=\"723\" data-end=\"737\">ASTM D6195<\/strong>, aceste teste asigur\u0103 rezultate exacte \u0219i comparabile, ghid\u00e2nd at\u00e2t dezvoltarea produselor, c\u00e2t \u0219i controlul calit\u0103\u021bii.<\/p>\n<hr \/>\n<h2>echipamente de testare a adezivului cu bucl\u0103 \u0219i importan\u021ba sa<\/h2>\n<p data-start=\"914\" data-end=\"1160\"><strong data-start=\"914\" data-end=\"951\">Echipament de testare a adezivului \u00een bucl\u0103<\/strong> este conceput pentru a m\u0103sura capacitatea de lipire \u201cla primul contact\u201d a produselor PSA, cum ar fi benzile, etichetele \u0219i autocolantele. Acest test este deosebit de important pentru industriile \u00een care <strong data-start=\"1122\" data-end=\"1144\">aderen\u021b\u0103 imediat\u0103<\/strong> este esen\u021bial\u0103:<\/p>\n<ul data-start=\"1162\" data-end=\"1409\">\n<li data-start=\"1162\" data-end=\"1236\">\n<p data-start=\"1164\" data-end=\"1236\"><strong data-start=\"1164\" data-end=\"1194\">Linii de ambalare de mare vitez\u0103<\/strong>, unde etichetele trebuie lipite f\u0103r\u0103 \u00eent\u00e2rziere.<\/p>\n<\/li>\n<li data-start=\"1237\" data-end=\"1315\">\n<p data-start=\"1239\" data-end=\"1315\"><strong data-start=\"1239\" data-end=\"1269\">Bandaje \u0219i bandaje medicale<\/strong>, care necesit\u0103 o aderen\u021b\u0103 rapid\u0103 \u0219i sigur\u0103 la piele.<\/p>\n<\/li>\n<li data-start=\"1316\" data-end=\"1409\">\n<p data-start=\"1318\" data-end=\"1409\"><strong data-start=\"1318\" data-end=\"1341\">Asamblare electronic\u0103<\/strong>, unde foliile de protec\u021bie sau straturile adezive trebuie lipite imediat.<\/p>\n<\/li>\n<\/ul>\n<p data-start=\"1411\" data-end=\"1445\">ASTM D6195 prezint\u0103 dou\u0103 metode:<\/p>\n<ul data-start=\"1446\" data-end=\"1698\">\n<li data-start=\"1446\" data-end=\"1533\">\n<p data-start=\"1448\" data-end=\"1533\"><strong data-start=\"1448\" data-end=\"1460\">Metoda A<\/strong>: Folosind un tester de trac\u021biune cu o band\u0103 de band\u0103 adeziv\u0103 de 175 mm (7 inch).<\/p>\n<\/li>\n<li data-start=\"1534\" data-end=\"1698\">\n<p data-start=\"1536\" data-end=\"1698\"><strong data-start=\"1536\" data-end=\"1548\">Metoda B<\/strong>: Utilizarea unui dispozitiv dedicat <strong data-start=\"1568\" data-end=\"1588\">Tester pentru bucla Tack<\/strong>, conceput pentru a m\u0103sura for\u021ba maxim\u0103 necesar\u0103 pentru a deta\u0219a o bucl\u0103 de band\u0103 de o suprafa\u021b\u0103 de o\u021bel inoxidabil de 25 \u00d7 25 mm.<\/p>\n<\/li>\n<\/ul>\n<p data-start=\"1700\" data-end=\"1841\">Ambele metode asigur\u0103 o evaluare standardizat\u0103, oferind <strong data-start=\"1755\" data-end=\"1776\">date cantitative<\/strong> care este comparabil\u0103 \u00eentre laboratoare, produse \u0219i loturi.<\/p>\n<hr \/>\n<h2 data-start=\"1700\" data-end=\"1841\">Cum o <a href=\"https:\/\/www.qualitester.com\/ro\/?s=LTT\">Tester pentru bucla Tack<\/a> Lucr\u0103ri<\/h2>\n<p data-start=\"1883\" data-end=\"1953\">Procesul de testare a unui <strong data-start=\"1908\" data-end=\"1928\">Tester pentru bucla Tack<\/strong> este simplu, dar precis:<\/p>\n<ol data-start=\"1955\" data-end=\"2221\">\n<li data-start=\"1955\" data-end=\"2028\">\n<p data-start=\"1958\" data-end=\"2028\">O band\u0103 de band\u0103 adeziv\u0103 este format\u0103 \u00eentr-o bucl\u0103, cu partea adeziv\u0103 \u00een afar\u0103.<\/p>\n<\/li>\n<li data-start=\"2029\" data-end=\"2118\">\n<p data-start=\"2032\" data-end=\"2118\">Bucla este aplicat\u0103 u\u0219or pe o plac\u0103 de o\u021bel inoxidabil sub <strong data-start=\"2092\" data-end=\"2115\">doar propria greutate<\/strong>.<\/p>\n<\/li>\n<li data-start=\"2119\" data-end=\"2221\">\n<p data-start=\"2122\" data-end=\"2221\">Testerul \u00eendep\u0103rteaz\u0103 bucla \u00een timp ce \u00eenregistreaz\u0103 <strong data-start=\"2173\" data-end=\"2199\">for\u021ba maxim\u0103 necesar\u0103<\/strong> pentru a deta\u0219a banda.<\/p>\n<\/li>\n<\/ol>\n<p data-start=\"2223\" data-end=\"2461\">M\u0103surat\u0103 <strong data-start=\"2236\" data-end=\"2250\">for\u021b\u0103 maxim\u0103<\/strong> indic\u0103 aderen\u021ba ini\u021bial\u0103 a adezivului. Aceast\u0103 metod\u0103 simuleaz\u0103 condi\u021biile reale \u00een care adezivii trebuie s\u0103 adere rapid cu o presiune minim\u0103, cum ar fi \u00een <strong data-start=\"2404\" data-end=\"2458\">aplica\u021bii de etichetare, sigilare sau folii de protec\u021bie<\/strong>.<\/p>\n<hr \/>\n<h2 data-start=\"2223\" data-end=\"2461\">Aplica\u021bii extinse \u00een toate industriile<\/h2>\n<p data-start=\"2514\" data-end=\"2596\">The <strong data-start=\"2518\" data-end=\"2538\">Tester pentru bucla Tack<\/strong> are o gam\u0103 larg\u0103 de aplica\u021bii dincolo de testarea PSA de baz\u0103:<\/p>\n<ul data-start=\"2598\" data-end=\"3261\">\n<li data-start=\"2598\" data-end=\"2732\">\n<p data-start=\"2600\" data-end=\"2732\"><strong data-start=\"2600\" data-end=\"2622\">Industria ambalajelor<\/strong>: Asigur\u0103 lipirea fiabil\u0103 a etichetelor, benzilor de sigilare \u0219i foliilor de protec\u021bie pe cutii de carton, sticle sau folii flexibile.<\/p>\n<\/li>\n<li data-start=\"2733\" data-end=\"2864\">\n<p data-start=\"2735\" data-end=\"2864\"><strong data-start=\"2735\" data-end=\"2754\">Dispozitive medicale<\/strong>: Evalueaz\u0103 performan\u021ba bandajelor, a benzilor medicale \u0219i a plasturelor pentru aderen\u021b\u0103 instantanee \u0219i siguran\u021ba pacientului.<\/p>\n<\/li>\n<li data-start=\"2865\" data-end=\"2996\">\n<p data-start=\"2867\" data-end=\"2996\"><strong data-start=\"2867\" data-end=\"2897\">Electronic\u0103 \u0219i automobile<\/strong>: Confirm\u0103 lipirea imediat\u0103 a adezivilor pentru folii de protec\u021bie, piese de asamblare sau straturi de izola\u021bie.<\/p>\n<\/li>\n<li data-start=\"2997\" data-end=\"3120\">\n<p data-start=\"2999\" data-end=\"3120\"><strong data-start=\"2999\" data-end=\"3030\">Bunuri de consum \u0219i textile<\/strong>: Testeaz\u0103 etichetele, autocolantele \u0219i accesoriile pe baz\u0103 de adeziv pentru durabilitate \u0219i performan\u021b\u0103.<\/p>\n<\/li>\n<li data-start=\"3121\" data-end=\"3261\">\n<p data-start=\"3123\" data-end=\"3261\"><strong data-start=\"3123\" data-end=\"3160\">Produse chimice \u0219i farmaceutice zilnice<\/strong>: Evalueaz\u0103 etichetele ambalajelor pentru a se asigura c\u0103 acestea men\u021bin aderen\u021ba \u00een condi\u021bii de depozitare \u0219i manipulare.<\/p>\n<\/li>\n<\/ul>\n<p data-start=\"3263\" data-end=\"3429\">Prin efectuarea <strong data-start=\"3277\" data-end=\"3298\">testarea prinderii buclei<\/strong>, produc\u0103torii reduc riscul de defec\u021biuni ale adezivilor, \u00eembun\u0103t\u0103\u021besc asigurarea calit\u0103\u021bii \u0219i sporesc <strong data-start=\"3391\" data-end=\"3426\">satisfac\u021bia \u0219i \u00eencrederea clien\u021bilor<\/strong>.<\/p>\n<hr \/>\n<h2 data-start=\"3263\" data-end=\"3429\">Avantajele testerului Cell Instruments Loop Tack<\/h2>\n<p data-start=\"3490\" data-end=\"3592\">Cell Instruments ofer\u0103 <strong data-start=\"3514\" data-end=\"3545\">testere de precizie Loop Tack<\/strong> proiectat pentru evaluarea fiabil\u0103 a adezivului:<\/p>\n<ul data-start=\"3594\" data-end=\"4110\">\n<li data-start=\"3594\" data-end=\"3675\">\n<p data-start=\"3596\" data-end=\"3675\"><strong data-start=\"3596\" data-end=\"3621\">Conformitate ASTM D6195<\/strong>: Asigur\u0103 conformitatea rezultatelor testelor cu standardele interna\u021bionale.<\/p>\n<\/li>\n<li data-start=\"3676\" data-end=\"3788\">\n<p data-start=\"3678\" data-end=\"3788\"><strong data-start=\"3678\" data-end=\"3713\">Acurate\u021be \u0219i repetabilitate ridicate<\/strong>: Senzorii digitali \u0219i condi\u021biile de testare controlate minimizeaz\u0103 eroarea uman\u0103.<\/p>\n<\/li>\n<li data-start=\"3789\" data-end=\"3894\">\n<p data-start=\"3791\" data-end=\"3894\"><strong data-start=\"3791\" data-end=\"3818\">Interfa\u021b\u0103 u\u0219or de utilizat<\/strong>: Simplific\u0103 operarea, f\u0103c\u00e2nd testele de rutin\u0103 mai rapide \u0219i mai consistente.<\/p>\n<\/li>\n<li data-start=\"3895\" data-end=\"4003\">\n<p data-start=\"3897\" data-end=\"4003\"><strong data-start=\"3897\" data-end=\"3921\">Op\u021biuni personalizabile<\/strong>: Adaptabil la diferite tipuri de benzi, materiale suport \u0219i condi\u021bii de testare.<\/p>\n<\/li>\n<li data-start=\"4004\" data-end=\"4110\">\n<p data-start=\"4006\" data-end=\"4110\"><strong data-start=\"4006\" data-end=\"4037\">\u00cenregistrarea \u0219i analiza datelor<\/strong>: Capteaz\u0103 citirile for\u021bei de v\u00e2rf pentru documenta\u021bia cuprinz\u0103toare a calit\u0103\u021bii.<\/p>\n<\/li>\n<\/ul>\n<p data-start=\"4112\" data-end=\"4293\">Aceste avantaje fac ca <strong data-start=\"4138\" data-end=\"4175\">Aparat de testare a buclei Cell Instruments Loop Tack<\/strong> ideal pentru <strong data-start=\"4186\" data-end=\"4245\">laboratoare, echipe de cercetare \u0219i dezvoltare \u0219i controlul calit\u0103\u021bii produc\u021biei<\/strong>, oferind \u00eencredere \u00een evaluarea adezivului.<\/p>\n<hr \/>\n<h2 data-start=\"4112\" data-end=\"4293\">Cele mai bune practici pentru testarea Loop Tack<\/h2>\n<p data-start=\"4343\" data-end=\"4387\">Pentru a asigura rezultate exacte \u0219i semnificative:<\/p>\n<ol data-start=\"4389\" data-end=\"4844\">\n<li data-start=\"4389\" data-end=\"4473\">\n<p data-start=\"4392\" data-end=\"4473\"><strong data-start=\"4392\" data-end=\"4418\">Condi\u021bionarea adezivului<\/strong> la temperatura \u0219i umiditatea standard \u00eenainte de testare.<\/p>\n<\/li>\n<li data-start=\"4474\" data-end=\"4571\">\n<p data-start=\"4477\" data-end=\"4571\"><strong data-start=\"4477\" data-end=\"4516\">Cur\u0103\u021ba\u021bi substratul din o\u021bel inoxidabil<\/strong> pentru a \u00eendep\u0103rta praful sau gr\u0103simea care ar putea afecta aderen\u021ba.<\/p>\n<\/li>\n<li data-start=\"4572\" data-end=\"4675\">\n<p data-start=\"4575\" data-end=\"4675\"><strong data-start=\"4575\" data-end=\"4609\">Utiliza\u021bi dimensiuni coerente ale buclei<\/strong> (de exemplu, o suprafa\u021b\u0103 de contact de 25 \u00d7 25 mm) \u0219i men\u021binerea unei greut\u0103\u021bi uniforme a benzii.<\/p>\n<\/li>\n<li data-start=\"4676\" data-end=\"4755\">\n<p style=\"text-align: left;\" data-start=\"4679\" data-end=\"4755\"><strong data-start=\"4679\" data-end=\"4710\">Urma\u021bi <a href=\"https:\/\/store.astm.org\/d6195-03r19.html\" target=\"_blank\" rel=\"noopener nofollow\">ASTM D6195<\/a> protocoale<\/strong> pentru a ob\u021bine rezultate repetabile, comparabile.<\/p>\n<\/li>\n<li data-start=\"4756\" data-end=\"4844\">\n<p data-start=\"4759\" data-end=\"4844\"><strong data-start=\"4759\" data-end=\"4788\">Documenta\u021bi toate m\u0103sur\u0103torile<\/strong> pentru a urm\u0103ri tendin\u021bele de performan\u021b\u0103 \u0219i \u00eembun\u0103t\u0103\u021birea produselor.<\/p>\n<\/li>\n<\/ol>\n<p data-start=\"4846\" data-end=\"5009\">Prin respectarea acestor practici, produc\u0103torii pot <strong data-start=\"4894\" data-end=\"4928\">optimizarea formul\u0103rilor adezive<\/strong>, depanarea problemelor de lipire \u0219i validarea noilor produse \u00eenainte de lansarea pe pia\u021b\u0103.<\/p>\n<hr \/>\n<h2 data-start=\"5016\" data-end=\"5031\">Concluzie<\/h2>\n<p data-start=\"5033\" data-end=\"5393\">The <strong data-start=\"5037\" data-end=\"5057\">Tester pentru bucla Tack<\/strong> este un instrument esen\u021bial pentru evaluarea <strong data-start=\"5093\" data-end=\"5122\">puterea de aderen\u021b\u0103 ini\u021bial\u0103<\/strong> de adezivi sensibili la presiune \u00een conformitate cu <strong data-start=\"5174\" data-end=\"5188\">ASTM D6195<\/strong>. Metodele sale de testare standardizate, \u00een special atunci c\u00e2nd se utilizeaz\u0103 <strong data-start=\"5246\" data-end=\"5283\">Echipament de testare a adezivului \u00een bucl\u0103<\/strong>, ajut\u0103 produc\u0103torii s\u0103 men\u021bin\u0103 o calitate constant\u0103, s\u0103 reduc\u0103 e\u0219ecurile produselor \u0219i s\u0103 asigure satisfac\u021bia clien\u021bilor.<\/p>\n<p data-start=\"5395\" data-end=\"5752\">Pentru companiile care caut\u0103 <strong data-start=\"5417\" data-end=\"5481\">solu\u021bii de testare a adezivilor fiabile, precise \u0219i conforme<\/strong>, a <strong data-start=\"5487\" data-end=\"5524\"><a href=\"https:\/\/www.qualitester.com\/ro\/\">Instrumente celulare<\/a> Tester pentru bucla Tack<\/strong> ofer\u0103 precizie, durabilitate \u0219i flexibilitate \u00eentr-o gam\u0103 larg\u0103 de industrii. Investi\u021bia \u00een echipamente de testare a aderen\u021bei la bucl\u0103 de \u00eenalt\u0103 calitate asigur\u0103 <strong data-start=\"5668\" data-end=\"5749\">performan\u021b\u0103 mai bun\u0103 a produsului, utilizare mai sigur\u0103 \u0219i competitivitate pe termen lung pe pia\u021b\u0103<\/strong>.<\/p>","protected":false},"excerpt":{"rendered":"<p>Adezivii sensibili la presiune (PSA) sunt utiliza\u021bi pe scar\u0103 larg\u0103 \u00een ambalaje, dispozitive medicale, electronice \u0219i bunuri de consum. Capacitatea acestora de a se lipi instantaneu \u0219i fiabil este esen\u021bial\u0103 pentru performan\u021ba produsului \u0219i satisfac\u021bia clientului. Pentru a evalua aceast\u0103 proprietate, un tester Loop Tack ofer\u0103 m\u0103sur\u0103tori standardizate \u0219i repetabile ale for\u021bei ini\u021biale de lipire, sau tack. \u00cen conformitate cu ASTM D6195, aceast\u0103 testare asigur\u0103 ...<\/p>\n<p class=\"read-more\"> <a class=\"\" href=\"https:\/\/www.qualitester.com\/ro\/applications\/loop-tack-tester\/\"> <span class=\"screen-reader-text\">Tester Loop Tack pentru testarea performan\u021bei adezivului ASTM D6195<\/span> Cite\u0219te mai mult \"<\/a><\/p>","protected":false},"author":3,"featured_media":0,"parent":6794,"menu_order":0,"comment_status":"closed","ping_status":"closed","template":"","meta":{"site-sidebar-layout":"default","site-content-layout":"default","ast-global-header-display":"","ast-main-header-display":"","ast-hfb-above-header-display":"","ast-hfb-below-header-display":"","ast-hfb-mobile-header-display":"","site-post-title":"","ast-breadcrumbs-content":"","ast-featured-img":"","footer-sml-layout":"","theme-transparent-header-meta":"default","adv-header-id-meta":"","stick-header-meta":"","header-above-stick-meta":"","header-main-stick-meta":"","header-below-stick-meta":"","footnotes":""},"class_list":["post-7449","page","type-page","status-publish","hentry"],"_links":{"self":[{"href":"https:\/\/www.qualitester.com\/ro\/wp-json\/wp\/v2\/pages\/7449","targetHints":{"allow":["GET"]}}],"collection":[{"href":"https:\/\/www.qualitester.com\/ro\/wp-json\/wp\/v2\/pages"}],"about":[{"href":"https:\/\/www.qualitester.com\/ro\/wp-json\/wp\/v2\/types\/page"}],"author":[{"embeddable":true,"href":"https:\/\/www.qualitester.com\/ro\/wp-json\/wp\/v2\/users\/3"}],"replies":[{"embeddable":true,"href":"https:\/\/www.qualitester.com\/ro\/wp-json\/wp\/v2\/comments?post=7449"}],"version-history":[{"count":0,"href":"https:\/\/www.qualitester.com\/ro\/wp-json\/wp\/v2\/pages\/7449\/revisions"}],"up":[{"embeddable":true,"href":"https:\/\/www.qualitester.com\/ro\/wp-json\/wp\/v2\/pages\/6794"}],"wp:attachment":[{"href":"https:\/\/www.qualitester.com\/ro\/wp-json\/wp\/v2\/media?parent=7449"}],"curies":[{"name":"wp","href":"https:\/\/api.w.org\/{rel}","templated":true}]}}