{"id":6818,"date":"2025-07-15T16:26:15","date_gmt":"2025-07-15T08:26:15","guid":{"rendered":"https:\/\/www.qualitester.com\/?page_id=6818"},"modified":"2025-07-15T16:27:57","modified_gmt":"2025-07-15T08:27:57","slug":"astm-f1140","status":"publish","type":"page","link":"https:\/\/www.qualitester.com\/ro\/standards\/astm-f1140\/","title":{"rendered":"ASTM F1140"},"content":{"rendered":"<h1 style=\"text-align: center;\">ASTM F1140<br \/>\n<small>Testarea exploziei<\/small><\/h1>\n<hr \/>\n<p data-start=\"391\" data-end=\"755\"><a href=\"https:\/\/www.astm.org\/\" target=\"_blank\" rel=\"noopener nofollow\"><img decoding=\"async\" class=\"alignleft wp-image-6829\" src=\"https:\/\/www.qualitester.com\/wp-content\/uploads\/2025\/07\/ASTM_logo.svg_\u526f\u672c-300x300.webp\" alt=\"ASTM F1140 - tester de spargere a pungii\" width=\"194\" height=\"194\" srcset=\"https:\/\/www.qualitester.com\/wp-content\/uploads\/2025\/07\/ASTM_logo.svg_\u526f\u672c-300x300.webp 300w, https:\/\/www.qualitester.com\/wp-content\/uploads\/2025\/07\/ASTM_logo.svg_\u526f\u672c-150x150.webp 150w, https:\/\/www.qualitester.com\/wp-content\/uploads\/2025\/07\/ASTM_logo.svg_\u526f\u672c-12x12.webp 12w, https:\/\/www.qualitester.com\/wp-content\/uploads\/2025\/07\/ASTM_logo.svg_\u526f\u672c-100x100.webp 100w, https:\/\/www.qualitester.com\/wp-content\/uploads\/2025\/07\/ASTM_logo.svg_\u526f\u672c.webp 600w\" sizes=\"(max-width: 194px) 100vw, 194px\" \/><\/a>\u00cen industriile moderne, cum ar fi <strong data-start=\"420\" data-end=\"479\">dispozitive medicale, produse farmaceutice, produse alimentare \u0219i electronice<\/strong>, ambalajele flexibile joac\u0103 un rol esen\u021bial \u00een men\u021binerea siguran\u021bei \u0219i integrit\u0103\u021bii produselor. Pentru a se asigura c\u0103 aceste ambalaje pot rezista la varia\u021biile presiunii interne, <strong data-start=\"636\" data-end=\"650\">ASTM F1140<\/strong> ofer\u0103 un set de proceduri standardizate de evaluare a rezisten\u021bei la rupere \u00een condi\u021bii f\u0103r\u0103 constr\u00e2ngere.<\/p>\n<p data-start=\"757\" data-end=\"1093\"><strong data-start=\"757\" data-end=\"771\">ASTM F1140<\/strong> este recunoscut pe scar\u0103 larg\u0103 pentru testarea ambalajelor flexibile nesigilate \u0219i sigilate folosind <strong data-start=\"849\" data-end=\"876\">presurizare intern\u0103<\/strong>. Aceast\u0103 metod\u0103 de testare ajut\u0103 la identificarea punctului \u00een care materialele de ambalare sau sigiliile cedeaz\u0103 sub presiune cresc\u00e2nd\u0103 sau sus\u021binut\u0103, simul\u00e2nd condi\u021bii reale precum transportul, sterilizarea \u0219i schimb\u0103rile de altitudine.<\/p>\n<hr \/>\n<h2>Metode de testare a presiunii interne: Testul de spargere, de fluaj \u0219i de scurgere la presiune pozitiv\u0103<\/h2>\n<h3>Test de spargere: Evaluarea presiunii maxime de cedare<\/h3>\n<p data-start=\"1238\" data-end=\"1547\">The <strong data-start=\"1242\" data-end=\"1256\">test de spargere<\/strong> este una dintre cele mai frecvent aplicate metode \u00een cadrul <strong data-start=\"1307\" data-end=\"1321\">ASTM F1140<\/strong>. Aceasta implic\u0103 cre\u0219terea treptat\u0103 a <strong data-start=\"1360\" data-end=\"1381\">presiune intern\u0103<\/strong> \u00een interiorul unui ambalaj p\u00e2n\u0103 la ruperea materialului sau a garniturii. Aceast\u0103 \u00eencercare este esen\u021bial\u0103 pentru determinarea <strong data-start=\"1483\" data-end=\"1503\">presiune maxim\u0103<\/strong> la care poate rezista ambalajul \u00eenainte de defectare.<\/p>\n<p data-start=\"1549\" data-end=\"1580\"><strong data-start=\"1549\" data-end=\"1580\">Considera\u021biile cheie includ:<\/strong><\/p>\n<ul>\n<li data-start=\"1584\" data-end=\"1625\">Utilizarea instala\u021biilor de testare a pachetelor deschise sau \u00eenchise<\/li>\n<li data-start=\"1628\" data-end=\"1661\">Rata controlat\u0103 de presurizare<\/li>\n<li data-start=\"1664\" data-end=\"1720\">\u00cenregistrarea precis\u0103 a presiunii de spargere \u0219i a locului defec\u021biunii<\/li>\n<\/ul>\n<p data-start=\"1722\" data-end=\"1907\">The <strong data-start=\"1726\" data-end=\"1764\">Cell Instruments LSST-01 pachet deschis<\/strong> este proiectat special pentru astfel de aplica\u021bii, oferind control de precizie \u0219i \u00eenregistrare a datelor \u00een timp real pentru a spori fiabilitatea \u0219i trasabilitatea.<\/p>\n<div class=\"ast-oembed-container\" style=\"height: 100%;\"><iframe title=\"Tester de spargere a aerului intern metoda de sc\u0103dere a presiunii pliere larg\u0103 a probei\" width=\"500\" height=\"281\" src=\"https:\/\/www.youtube.com\/embed\/F8bgKIrB-bc?feature=oembed\" frameborder=\"0\" allow=\"accelerometer; autoplay; clipboard-write; encrypted-media; gyroscope; picture-in-picture; web-share\" referrerpolicy=\"strict-origin-when-cross-origin\" allowfullscreen><\/iframe><\/div>\n<h3 data-start=\"1722\" data-end=\"1907\">Test de fluaj \u0219i fluaj p\u00e2n\u0103 la cedare: Evaluarea rezisten\u021bei la presiune<\/h3>\n<p data-start=\"1976\" data-end=\"2305\">The <strong data-start=\"1980\" data-end=\"1994\">test de fluaj<\/strong> (Metoda B1) supune pachetul unei <strong data-start=\"2033\" data-end=\"2064\">presiune pozitiv\u0103 specificat\u0103<\/strong> pentru o perioad\u0103 fix\u0103 - de obicei 15-30 de secunde - pentru a observa dac\u0103 \u00ee\u0219i men\u021bine integritatea f\u0103r\u0103 a ceda. \u00cen schimb, metoda <strong data-start=\"2178\" data-end=\"2198\">alunecare spre e\u0219ec<\/strong> (metoda B2) men\u021bine presiunea p\u00e2n\u0103 la rupere, oferind o perspectiv\u0103 asupra <strong data-start=\"2273\" data-end=\"2292\">timp p\u00e2n\u0103 la e\u0219ec<\/strong> performan\u021b\u0103.<\/p>\n<p data-start=\"2307\" data-end=\"2463\">Aceste metode sunt deosebit de valoroase atunci c\u00e2nd se studiaz\u0103 materiale de ambalare care pot s\u0103 nu explodeze imediat, dar care se pot deforma sau delamina sub sarcin\u0103 constant\u0103.<\/p>\n<p data-start=\"2465\" data-end=\"2486\">Aplica\u021biile includ:<\/p>\n<ul>\n<li data-start=\"2490\" data-end=\"2518\">Verificarea barierei sterile<\/li>\n<li data-start=\"2521\" data-end=\"2559\">Evaluarea integrit\u0103\u021bii sigiliului \u00een timp<\/li>\n<li data-start=\"2562\" data-end=\"2603\">Compararea materialelor sub presiune static\u0103<\/li>\n<\/ul>\n<p data-start=\"2605\" data-end=\"2834\">Pentru a efectua aceste teste cu acurate\u021be, ave\u021bi nevoie de un <strong data-start=\"2651\" data-end=\"2682\">test de etan\u0219eitate la presiune pozitiv\u0103<\/strong> sistem cu reglare fin\u0103 a presiunii, senzori receptivi \u0219i un <strong data-start=\"2748\" data-end=\"2767\">cronometru automat<\/strong>-toate acestea fiind integrate \u00een sistemul LSST-01 al Cell Instruments.<\/p>\n<hr \/>\n<h2 data-start=\"2605\" data-end=\"2834\">De ce metoda dec\u0103derii presiunii nu face parte din ASTM F1140<\/h2>\n<p data-start=\"2901\" data-end=\"3263\">\u00cen timp ce <strong data-start=\"2911\" data-end=\"2936\">metoda sc\u0103derii presiunii<\/strong> este utilizat\u0103 \u00een mod obi\u0219nuit pentru detectarea scurgerilor, aceasta nu este o procedur\u0103 specificat\u0103 \u00een cadrul ASTM F1140. \u00cen schimb, ASTM F1140 se concentreaz\u0103 pe evaluarea e\u0219ecurilor prin presurizare direct\u0103. Cu toate acestea, integrarea sc\u0103derii presiunii ca test complementar poate oferi o perspectiv\u0103 mai larg\u0103 asupra calit\u0103\u021bii pachetelor, \u00een special atunci c\u00e2nd este utilizat\u0103 al\u0103turi de testele de spargere \u0219i de fluaj.<\/p>\n<hr \/>\n<h2 data-start=\"2901\" data-end=\"3263\">Avantajele utiliz\u0103rii unui tester de spargere a pungilor \u00een conformitate cu ASTM F1140<\/h2>\n<p data-start=\"3341\" data-end=\"3487\">Pentru rezultate consecvente \u0219i repetabile, un aparat specializat <strong data-start=\"3391\" data-end=\"3413\">tester de spargere a pungii<\/strong>-cum ar fi <strong data-start=\"3423\" data-end=\"3461\">Cell Instruments LSST-01 pachet deschis<\/strong>-ofer\u0103 beneficii esen\u021biale:<\/p>\n<ul>\n<li data-start=\"3491\" data-end=\"3527\"><strong data-start=\"3491\" data-end=\"3510\">Moduri duble de testare<\/strong>: explozie \u0219i t\u00e2r\u00e2re<\/li>\n<li data-start=\"3530\" data-end=\"3585\"><strong data-start=\"3530\" data-end=\"3557\">Design flexibil al accesoriului<\/strong> pentru ambalaje deschise sau sigilate<\/li>\n<li data-start=\"3588\" data-end=\"3626\"><strong data-start=\"3588\" data-end=\"3626\">Control precis al presiunii interne<\/strong><\/li>\n<li data-start=\"3629\" data-end=\"3672\"><strong data-start=\"3629\" data-end=\"3650\">Trasabilitatea datelor<\/strong> prin interfa\u021b\u0103 digital\u0103<\/li>\n<li data-start=\"3675\" data-end=\"3727\"><strong data-start=\"3675\" data-end=\"3689\">Conformitate<\/strong> cu ASTM F1140 \u0219i standardele aferente<\/li>\n<\/ul>\n<p data-start=\"3729\" data-end=\"3877\">Prin utilizarea LSST-01, profesioni\u0219tii din domeniul controlului calit\u0103\u021bii pot monitoriza \u00een mod fiabil integritatea pachetelor \u00een procesele de dezvoltare, produc\u021bie \u0219i validare.<\/p>\n<hr \/>\n<h2 style=\"text-align: left;\" data-start=\"3729\" data-end=\"3877\">Scenarii de aplicare \u0219i industrii care beneficiaz\u0103 de testarea ASTM F1140<\/h2>\n<p data-start=\"3960\" data-end=\"4027\">Testarea \u00een conformitate cu ASTM F1140 este relevant\u0103 \u00een special pentru:<\/p>\n<ul>\n<li data-start=\"4031\" data-end=\"4087\"><strong data-start=\"4031\" data-end=\"4059\">Ambalarea dispozitivelor medicale<\/strong>, \u00een special pungi sterile<\/li>\n<li data-start=\"4090\" data-end=\"4134\"><strong data-start=\"4090\" data-end=\"4122\">Blistere farmaceutice<\/strong> \u0219i plicule\u021be<\/li>\n<li data-start=\"4137\" data-end=\"4205\"><strong data-start=\"4137\" data-end=\"4170\">Ambalaje flexibile de calitate alimentar\u0103<\/strong> expuse la vid sau presiune ridicat\u0103<\/li>\n<li data-start=\"4208\" data-end=\"4264\"><strong data-start=\"4208\" data-end=\"4233\">Componente electronice<\/strong> care trebuie s\u0103 r\u0103m\u00e2n\u0103 f\u0103r\u0103 umiditate<\/li>\n<li data-start=\"4267\" data-end=\"4343\"><strong data-start=\"4267\" data-end=\"4298\">Agen\u021bii de inspec\u021bie a calit\u0103\u021bii<\/strong> c\u0103utarea de teste de certificare bazate pe standarde<\/li>\n<\/ul>\n<p data-start=\"4345\" data-end=\"4558\"><a href=\"https:\/\/www.qualitester.com\/ro\/\">Instrumente celulare<\/a> ofer\u0103 solu\u021bii avansate pentru toate aceste sectoare, oferind nu numai sisteme de testare de \u00eenalt\u0103 performan\u021b\u0103, ci \u0219i <strong data-start=\"4472\" data-end=\"4501\">op\u021biuni de automatizare personalizate<\/strong> adaptate la materiale \u0219i geometrii de ambalare specifice.<\/p>\n<hr \/>\n<h2 style=\"text-align: left;\" data-start=\"4345\" data-end=\"4558\"><img fetchpriority=\"high\" decoding=\"async\" class=\"alignleft wp-image-6832\" src=\"https:\/\/www.qualitester.com\/wp-content\/uploads\/2025\/07\/Headquarters_\u526f\u672c2-300x300.webp\" alt=\"ASTM F1140-presiune interioar\u0103\" width=\"236\" height=\"236\" srcset=\"https:\/\/www.qualitester.com\/wp-content\/uploads\/2025\/07\/Headquarters_\u526f\u672c2-300x300.webp 300w, https:\/\/www.qualitester.com\/wp-content\/uploads\/2025\/07\/Headquarters_\u526f\u672c2-1024x1024.webp 1024w, https:\/\/www.qualitester.com\/wp-content\/uploads\/2025\/07\/Headquarters_\u526f\u672c2-150x150.webp 150w, https:\/\/www.qualitester.com\/wp-content\/uploads\/2025\/07\/Headquarters_\u526f\u672c2-768x768.webp 768w, https:\/\/www.qualitester.com\/wp-content\/uploads\/2025\/07\/Headquarters_\u526f\u672c2-12x12.webp 12w, https:\/\/www.qualitester.com\/wp-content\/uploads\/2025\/07\/Headquarters_\u526f\u672c2-600x600.webp 600w, https:\/\/www.qualitester.com\/wp-content\/uploads\/2025\/07\/Headquarters_\u526f\u672c2-100x100.webp 100w, https:\/\/www.qualitester.com\/wp-content\/uploads\/2025\/07\/Headquarters_\u526f\u672c2.webp 1200w\" sizes=\"(max-width: 236px) 100vw, 236px\" \/>De ce s\u0103 alege\u021bi Cell Instruments?<\/h2>\n<p data-start=\"4598\" data-end=\"4893\">La <strong data-start=\"4601\" data-end=\"4631\">Cell Instruments Co., Ltd.<\/strong>, ne specializ\u0103m \u00een dezvoltarea <strong data-start=\"4661\" data-end=\"4704\">instrumente de precizie pentru testarea materialelor<\/strong> pentru aplica\u021bii de ambalare, medicale \u0219i farmaceutice. Echipamentul nostru este construit pentru a \u00eendeplini standardele globale de testare, inclusiv ASTM, ISO \u0219i TAPPI, iar echipa noastr\u0103 de exper\u021bi sprijin\u0103 clien\u021bii cu:<\/p>\n<ul>\n<li data-start=\"4897\" data-end=\"4930\"><strong data-start=\"4897\" data-end=\"4930\">Configura\u021bii de testare personalizate<\/strong><\/li>\n<li data-start=\"4933\" data-end=\"4964\"><strong data-start=\"4933\" data-end=\"4964\">Integrare complet\u0103 a automatiz\u0103rii<\/strong><\/li>\n<li data-start=\"4967\" data-end=\"5003\"><strong data-start=\"4967\" data-end=\"5003\">Formare \u0219i calibrare la fa\u021ba locului<\/strong><\/li>\n<li data-start=\"5006\" data-end=\"5034\"><strong data-start=\"5006\" data-end=\"5034\">Asisten\u021b\u0103 tehnic\u0103 prompt\u0103<\/strong><\/li>\n<\/ul>\n<hr \/>\n<h2 style=\"text-align: left;\"><a href=\"https:\/\/www.qualitester.com\/ro\/produs\/best-balloon-burst-tester-for-sale\/\"><img decoding=\"async\" class=\"alignright wp-image-6833\" src=\"https:\/\/www.qualitester.com\/wp-content\/uploads\/2025\/07\/Balloon-Burst-Tester--300x300.webp\" alt=\"ASTM F1140 - metoda de degradare prin presiune\" width=\"240\" height=\"240\" srcset=\"https:\/\/www.qualitester.com\/wp-content\/uploads\/2025\/07\/Balloon-Burst-Tester--300x300.webp 300w, https:\/\/www.qualitester.com\/wp-content\/uploads\/2025\/07\/Balloon-Burst-Tester--150x150.webp 150w, https:\/\/www.qualitester.com\/wp-content\/uploads\/2025\/07\/Balloon-Burst-Tester--12x12.webp 12w, https:\/\/www.qualitester.com\/wp-content\/uploads\/2025\/07\/Balloon-Burst-Tester--100x100.webp 100w, https:\/\/www.qualitester.com\/wp-content\/uploads\/2025\/07\/Balloon-Burst-Tester-.webp 600w\" sizes=\"(max-width: 240px) 100vw, 240px\" \/><\/a>Concluzie<\/h2>\n<p style=\"text-align: center;\"><strong data-start=\"5056\" data-end=\"5070\">ASTM F1140<\/strong> este esen\u021bial\u0103 pentru asigurarea siguran\u021bei \u0219i durabilit\u0103\u021bii ambalajelor flexibile sub presiune intern\u0103. Fie c\u0103 efectua\u021bi o <strong data-start=\"5191\" data-end=\"5205\">test de spargere<\/strong>, a <strong data-start=\"5209\" data-end=\"5240\">test de etan\u0219eitate la presiune pozitiv\u0103<\/strong>, sau analiza pe termen lung cu ajutorul <strong data-start=\"5274\" data-end=\"5311\">metode de fluaj sau de fluaj p\u00e2n\u0103 la defectare<\/strong>, asigurarea calit\u0103\u021bii depinde de <strong data-start=\"5342\" data-end=\"5388\">echipamente fiabile \u0219i conforme cu standardele<\/strong>. The <a href=\"https:\/\/www.qualitester.com\/ro\/produs\/best-balloon-burst-tester-for-sale\/\"><strong data-start=\"5394\" data-end=\"5434\">LSST-01 Tester de spargere a pungii Open Pack<\/strong><\/a> de la <strong data-start=\"5440\" data-end=\"5460\">Instrumente celulare<\/strong> ofer\u0103 precizia, adaptabilitatea \u0219i conformitatea necesare pentru a sprijini profesioni\u0219tii din domeniul ambal\u0103rii din diverse industrii.<\/p>","protected":false},"excerpt":{"rendered":"<p>Testarea la rupere ASTM F1140 \u00cen industriile moderne, cum ar fi dispozitivele medicale, produsele farmaceutice, produsele alimentare \u0219i electronice, ambalajele flexibile joac\u0103 un rol esen\u021bial \u00een men\u021binerea siguran\u021bei \u0219i integrit\u0103\u021bii produselor. Pentru a se asigura c\u0103 aceste ambalaje pot rezista la varia\u021biile presiunii interne, ASTM F1140 ofer\u0103 un set de proceduri standardizate pentru evaluarea rezisten\u021bei la rupere \u00een condi\u021bii f\u0103r\u0103 constr\u00e2ngere. ASTM F1140 este larg ...<\/p>\n<p class=\"read-more\"> <a class=\"\" href=\"https:\/\/www.qualitester.com\/ro\/standards\/astm-f1140\/\"> <span class=\"screen-reader-text\">ASTM F1140<\/span> Cite\u0219te mai mult \"<\/a><\/p>","protected":false},"author":3,"featured_media":0,"parent":4948,"menu_order":0,"comment_status":"closed","ping_status":"closed","template":"","meta":{"site-sidebar-layout":"default","site-content-layout":"default","ast-global-header-display":"","ast-main-header-display":"","ast-hfb-above-header-display":"","ast-hfb-below-header-display":"","ast-hfb-mobile-header-display":"","site-post-title":"","ast-breadcrumbs-content":"","ast-featured-img":"","footer-sml-layout":"","theme-transparent-header-meta":"default","adv-header-id-meta":"","stick-header-meta":"","header-above-stick-meta":"","header-main-stick-meta":"","header-below-stick-meta":"","footnotes":""},"class_list":["post-6818","page","type-page","status-publish","hentry"],"_links":{"self":[{"href":"https:\/\/www.qualitester.com\/ro\/wp-json\/wp\/v2\/pages\/6818","targetHints":{"allow":["GET"]}}],"collection":[{"href":"https:\/\/www.qualitester.com\/ro\/wp-json\/wp\/v2\/pages"}],"about":[{"href":"https:\/\/www.qualitester.com\/ro\/wp-json\/wp\/v2\/types\/page"}],"author":[{"embeddable":true,"href":"https:\/\/www.qualitester.com\/ro\/wp-json\/wp\/v2\/users\/3"}],"replies":[{"embeddable":true,"href":"https:\/\/www.qualitester.com\/ro\/wp-json\/wp\/v2\/comments?post=6818"}],"version-history":[{"count":0,"href":"https:\/\/www.qualitester.com\/ro\/wp-json\/wp\/v2\/pages\/6818\/revisions"}],"up":[{"embeddable":true,"href":"https:\/\/www.qualitester.com\/ro\/wp-json\/wp\/v2\/pages\/4948"}],"wp:attachment":[{"href":"https:\/\/www.qualitester.com\/ro\/wp-json\/wp\/v2\/media?parent=6818"}],"curies":[{"name":"wp","href":"https:\/\/api.w.org\/{rel}","templated":true}]}}