{"id":6558,"date":"2025-03-17T16:04:02","date_gmt":"2025-03-17T08:04:02","guid":{"rendered":"https:\/\/www.qualitester.com\/?page_id=6558"},"modified":"2025-03-17T16:56:01","modified_gmt":"2025-03-17T08:56:01","slug":"iso-8510-2","status":"publish","type":"page","link":"https:\/\/www.qualitester.com\/ro\/standards\/iso-8510-2\/","title":{"rendered":"ISO 8510-2"},"content":{"rendered":"<h1 style=\"text-align: center;\">ISO 8510-2<\/h1>\n<p data-pm-slice=\"1 1 []\">ISO 8510-2 specific\u0103 testul de aderen\u021b\u0103 peel la 180 de grade pentru evaluarea <strong>rezisten\u021ba la desprindere a adezivului<\/strong> a materialelor lipite. Acest standard este esen\u021bial \u00een industrii precum <strong>ambalaje, dispozitive medicale, electronice \u0219i adezivi<\/strong>, unde aderen\u021ba puternic\u0103 \u0219i fiabil\u0103 este esen\u021bial\u0103. Testul ofer\u0103 informa\u021bii esen\u021biale cu privire la <strong>performan\u021ba \u0219i durabilitatea adezivilor<\/strong> prin m\u0103surarea for\u021bei necesare pentru a separa un aderent flexibil de un aderent rigid \u00een condi\u021bii controlate.<\/p>\n<h2>Procedura de testare conform ISO 8510-2<\/h2>\n<p>The <strong><a href=\"https:\/\/www.qualitester.com\/ro\/categorie-produs\/iso\/iso-8510-2\/\" target=\"_blank\" rel=\"noopener\">ISO 8510-<\/a>2 metod\u0103 de testare<\/strong> implic\u0103 preg\u0103tirea \u0219i testarea specimenelor lipite \u00een condi\u021bii standardizate. Etapele includ:<\/p>\n<h3>1. Preg\u0103tirea epruvetelor<\/h3>\n<ul data-spread=\"false\">\n<li>O leg\u0103tur\u0103 <strong>de la flexibil la rigid<\/strong> ansamblul este preg\u0103tit folosind adezivul evaluat.<\/li>\n<li>The <strong>aderen\u021b\u0103 rigid\u0103<\/strong> poate fi <strong>metal, plastic, lemn sau cauciuc<\/strong> cu grosimi specificate.<\/li>\n<li>The <strong>aderen\u021b\u0103 flexibil\u0103<\/strong> ar trebui s\u0103 reziste la o <strong>\u00cendoire de 180 de grade<\/strong> f\u0103r\u0103 deformare.<\/li>\n<li>Aplicarea adezivului urmeaz\u0103 <strong>ISO 17212<\/strong> sau ghidurile produc\u0103torului.<\/li>\n<li>Linia de leg\u0103tur\u0103 trebuie s\u0103 fie <strong>aplicat uniform \u0219i complet \u00eent\u0103rit<\/strong> \u00eenainte de testare.<\/li>\n<\/ul>\n<p><img fetchpriority=\"high\" decoding=\"async\" class=\"wp-image-6591 aligncenter\" src=\"https:\/\/www.qualitester.com\/wp-content\/uploads\/2025\/03\/ISO-8510-2-180-Degree-Peel-Adhesion-Test.png\" alt=\"ISO 8510-2 Test de aderen\u021b\u0103 la 180 de grade peel\" width=\"171\" height=\"366\" srcset=\"https:\/\/www.qualitester.com\/wp-content\/uploads\/2025\/03\/ISO-8510-2-180-Degree-Peel-Adhesion-Test.png 278w, https:\/\/www.qualitester.com\/wp-content\/uploads\/2025\/03\/ISO-8510-2-180-Degree-Peel-Adhesion-Test-140x300.png 140w, https:\/\/www.qualitester.com\/wp-content\/uploads\/2025\/03\/ISO-8510-2-180-Degree-Peel-Adhesion-Test-6x12.png 6w\" sizes=\"(max-width: 171px) 100vw, 171px\" \/><\/p>\n<h3>2. Cerin\u021be privind aparatura de testare<\/h3>\n<ul data-spread=\"false\">\n<li>A <strong>ma\u0219in\u0103 de testare peel<\/strong> (<a href=\"https:\/\/www.qualitester.com\/ro\/produs\/tst-01-tensile-tester\/\" target=\"_blank\" rel=\"noopener\">ma\u0219in\u0103 de testare la trac\u021biune<\/a>) este necesar\u0103.<\/li>\n<li>Ma\u0219ina trebuie s\u0103 men\u021bin\u0103 o <strong>rata constant\u0103 de separare a aderen\u021bei<\/strong> (de obicei <strong>100 mm\/min \u00b1 10 mm\/min<\/strong>).<\/li>\n<li>M\u00e2nerele trebuie s\u0103 \u021bin\u0103 \u00een siguran\u021b\u0103 <strong>aderen\u021be rigide \u0219i flexibile<\/strong>.<\/li>\n<li>M\u0103surarea for\u021bei trebuie s\u0103 fie precis\u0103 \u00een <strong>\u00b12%<\/strong>.<\/li>\n<\/ul>\n<h3>3. Procedura de testare<\/h3>\n<ul data-spread=\"false\">\n<li>The <strong>aderen\u021b\u0103 rigid\u0103<\/strong> este prins\u0103 \u00een m\u00e2nerul fix al ma\u0219inii.<\/li>\n<li>The <strong>aderen\u021b\u0103 flexibil\u0103<\/strong> este fixat \u00eentr-o prindere cu auto-aliniere.<\/li>\n<li>Ma\u0219ina aplic\u0103 o for\u021b\u0103 paralel\u0103 cu planul de lipire, tr\u0103g\u00e2nd aderen\u021ba flexibil\u0103 la o <strong>Unghi de 180 de grade<\/strong>.<\/li>\n<li>Testul continu\u0103 p\u00e2n\u0103 c\u00e2nd cel pu\u021bin <strong>125 mm din lungimea lipit\u0103 a fost separat\u0103<\/strong>.<\/li>\n<li>For\u021ba de exfoliere este \u00eenregistrat\u0103 pe <strong>100 mm<\/strong>, cu excep\u021bia primei <strong>25 mm<\/strong>.<\/li>\n<li>Se noteaz\u0103 modul de cedare (cedare adeziv\u0103, coeziv\u0103 sau aderent\u0103).<\/li>\n<\/ul>\n<h3>4. \u00cenregistrarea rezultatelor testelor de exfoliere<\/h3>\n<ul data-spread=\"false\">\n<li>Testul determin\u0103 <strong>for\u021ba medie de exfoliere \u00een newtoni<\/strong> pe durata testului.<\/li>\n<li><strong>For\u021be maxime \u0219i minime<\/strong> sunt \u00eenregistrate.<\/li>\n<li>Rezultatele ajut\u0103 \u00een <strong>compararea formul\u0103rilor adezive<\/strong> \u0219i <strong>asigurarea coeren\u021bei \u00een produc\u021bie<\/strong>.<\/li>\n<\/ul>\n<h2 data-pm-slice=\"1 3 []\">Semnifica\u021bia testului de aderen\u021b\u0103 de 180 de grade<\/h2>\n<p>The <strong>Test de aderen\u021b\u0103 peel la 180 de grade<\/strong> este utilizat pe scar\u0103 larg\u0103 pentru evaluarea <strong>rezisten\u021b\u0103 la exfoliere<\/strong> de adezivi. Aceasta \u00eei ajut\u0103 pe produc\u0103tori s\u0103 se asigure c\u0103 produsele lor adezive \u00eendeplinesc a\u0219tept\u0103rile de performan\u021b\u0103 ale industriei. Aplica\u021biile cheie includ:<\/p>\n<ul data-spread=\"false\">\n<li><strong>Controlul calit\u0103\u021bii<\/strong> pentru adezivi utiliza\u021bi \u00een ambalaje \u0219i aplica\u021bii medicale<\/li>\n<li><strong>Cercetare \u0219i dezvoltare<\/strong> pentru \u00eembun\u0103t\u0103\u021birea formul\u0103rilor adezive<\/li>\n<li><strong>Conformitate<\/strong> cu standardele interna\u021bionale de testare a adezivilor<\/li>\n<\/ul>\n<h2>Ma\u0219in\u0103 de testare a cojirii de precizie pentru band\u0103 adeziv\u0103<\/h2>\n<ul data-spread=\"false\">\n<li><strong>Precizie \u0219i acurate\u021be<\/strong> (m\u0103surarea for\u021bei \u00een <strong>2% toleran\u021b\u0103<\/strong>)<\/li>\n<li><strong>Ratele de separare a prinderii reglabile<\/strong><\/li>\n<li><strong>Control PLC<\/strong><\/li>\n<li><strong>Capacit\u0103\u021bi de \u00eenregistrare a datelor<\/strong> pentru analiz\u0103<\/li>\n<li>Mai multe despre <a href=\"https:\/\/www.qualitester.com\/ro\/produs\/tst-01-tensile-tester\/\" target=\"_blank\" rel=\"noopener\">Ma\u0219in\u0103 de testare a cojii<\/a>...<\/li>\n<\/ul>\n<p style=\"text-align: center;\"><big><big>Pentru \u00eenalt\u0103 precizie <a href=\"https:\/\/www.qualitester.com\/ro\/produs\/tst-01-tensile-tester\/\"><strong>testarea rezisten\u021bei la desprindere a adezivului<\/strong><\/a>, contact <a href=\"https:\/\/www.qualitester.com\/ro\/\"><strong>Instrumente celulare<\/strong><\/a> ast\u0103zi!<\/big><\/big><\/p>\n<h2>\u00centreb\u0103ri frecvente<\/h2>\n<p><strong>1. Ce este ISO 8510-2?<br \/>\n<\/strong>ISO 8510-2 este un standard interna\u021bional care define\u0219te <strong>Test de aderen\u021b\u0103 peel la 180 de grade<\/strong> pentru a m\u0103sura <strong>rezisten\u021ba la desprindere a adezivului<\/strong>.<\/p>\n<p><strong>2. De ce este important testul de aderen\u021b\u0103 prin exfoliere la 180 de grade?<br \/>\n<\/strong>Acest test evalueaz\u0103 <strong>puterea de lipire<\/strong> de adezivi, asigur\u00e2ndu-se c\u0103 ace\u0219tia \u00eendeplinesc cerin\u021bele industriei pentru <strong>durabilitate \u0219i fiabilitate<\/strong>.<\/p>\n<p><strong>3. Ce echipament este necesar pentru testul ISO 8510-2?<br \/>\n<\/strong>A <strong>ma\u0219in\u0103 de testare peel<\/strong>, capabil s\u0103 men\u021bin\u0103 o rat\u0103 constant\u0103 de separare a prinderii, o m\u0103surare precis\u0103 a for\u021bei \u0219i o prindere sigur\u0103.<\/p>\n<p><strong>4. Ce factori influen\u021beaz\u0103 rezisten\u021ba la exfoliere \u00een acest test?<br \/>\n<\/strong>Factorii includ <strong>tipul de adeziv, preg\u0103tirea suprafe\u021bei, materialul adeziv \u0219i viteza de testare<\/strong>.<\/p>\n<p><strong>5. Unde este utilizat testul ISO 8510-2?<br \/>\n<\/strong>Industriile comune includ <strong>ambalare, medicale, electronice, auto \u0219i fabricarea adezivilor<\/strong>.<\/p>","protected":false},"excerpt":{"rendered":"<p>ISO 8510-2 ISO 8510-2 specifies the 180-degree peel adhesion test for evaluating the adhesive peel strength of bonded materials. This standard is essential in industries such as packaging, medical devices, electronics, and adhesives, where strong and reliable adhesion is crucial. The test provides critical insights into the performance and durability of adhesives by measuring the &hellip;<\/p>\n<p class=\"read-more\"> <a class=\"\" href=\"https:\/\/www.qualitester.com\/ro\/standards\/iso-8510-2\/\"> <span class=\"screen-reader-text\">ISO 8510-2<\/span> Cite\u0219te mai mult \"<\/a><\/p>","protected":false},"author":4,"featured_media":0,"parent":4948,"menu_order":0,"comment_status":"closed","ping_status":"closed","template":"","meta":{"site-sidebar-layout":"default","site-content-layout":"default","ast-global-header-display":"","ast-main-header-display":"","ast-hfb-above-header-display":"","ast-hfb-below-header-display":"","ast-hfb-mobile-header-display":"","site-post-title":"disabled","ast-breadcrumbs-content":"","ast-featured-img":"","footer-sml-layout":"","theme-transparent-header-meta":"default","adv-header-id-meta":"","stick-header-meta":"","header-above-stick-meta":"","header-main-stick-meta":"","header-below-stick-meta":"","footnotes":""},"class_list":["post-6558","page","type-page","status-publish","hentry"],"_links":{"self":[{"href":"https:\/\/www.qualitester.com\/ro\/wp-json\/wp\/v2\/pages\/6558","targetHints":{"allow":["GET"]}}],"collection":[{"href":"https:\/\/www.qualitester.com\/ro\/wp-json\/wp\/v2\/pages"}],"about":[{"href":"https:\/\/www.qualitester.com\/ro\/wp-json\/wp\/v2\/types\/page"}],"author":[{"embeddable":true,"href":"https:\/\/www.qualitester.com\/ro\/wp-json\/wp\/v2\/users\/4"}],"replies":[{"embeddable":true,"href":"https:\/\/www.qualitester.com\/ro\/wp-json\/wp\/v2\/comments?post=6558"}],"version-history":[{"count":0,"href":"https:\/\/www.qualitester.com\/ro\/wp-json\/wp\/v2\/pages\/6558\/revisions"}],"up":[{"embeddable":true,"href":"https:\/\/www.qualitester.com\/ro\/wp-json\/wp\/v2\/pages\/4948"}],"wp:attachment":[{"href":"https:\/\/www.qualitester.com\/ro\/wp-json\/wp\/v2\/media?parent=6558"}],"curies":[{"name":"wp","href":"https:\/\/api.w.org\/{rel}","templated":true}]}}