{"id":6549,"date":"2025-03-12T14:29:53","date_gmt":"2025-03-12T06:29:53","guid":{"rendered":"https:\/\/www.qualitester.com\/?page_id=6549"},"modified":"2025-03-12T14:35:27","modified_gmt":"2025-03-12T06:35:27","slug":"astm-f2054","status":"publish","type":"page","link":"https:\/\/www.qualitester.com\/ro\/standards\/astm-f2054\/","title":{"rendered":"ASTM F2054"},"content":{"rendered":"<h2 data-pm-slice=\"1 1 []\">Ce este puterea de explozie?<\/h2>\n<p data-pm-slice=\"1 1 []\">Ambalajele joac\u0103 un rol esen\u021bial \u00een protejarea produselor alimentare de contaminare \u0219i deteriorare. Unul dintre principalii indicatori de performan\u021b\u0103 ai ambalajelor flexibile pentru alimente este <strong>for\u021b\u0103 de izbucnire<\/strong>, care m\u0103soar\u0103 presiunea intern\u0103 maxim\u0103 la care poate rezista un ambalaj \u00eenainte de a se rupe. Modelul <strong>test de rezisten\u021b\u0103 la rupere a sigiliului<\/strong>, astfel cum sunt definite de <a href=\"https:\/\/www.qualitester.com\/ro\/categorie-produs\/astm\/astm-f2054\/\" target=\"_blank\" rel=\"noopener\"><strong>ASTM F2054<\/strong><\/a>, evalueaz\u0103 durabilitatea \u0219i integritatea sigiliilor din ambalajele flexibile pentru a preveni scurgerile \u0219i defec\u021biunile \u00een timpul proces\u0103rii, depozit\u0103rii \u0219i transportului.<\/p>\n<h2 data-pm-slice=\"1 3 []\">Prezentare general\u0103 a ASTM F2054<\/h2>\n<p><strong>ASTM F2054<\/strong> este o metod\u0103 de \u00eencercare standardizat\u0103 conceput\u0103 pentru a evalua rezisten\u021ba la rupere a ambalajelor flexibile sigilate. Aceast\u0103 metod\u0103 de testare determin\u0103 presiunea intern\u0103 la care ambalajul se rupe, de obicei \u00een cel mai slab punct al sigiliului. Prin aplicarea unei presiuni controlate a aerului, ASTM F2054 ajut\u0103 produc\u0103torii s\u0103 se asigure c\u0103 ambalajele lor \u00ee\u0219i men\u021bin integritatea structural\u0103 \u00een cazul varia\u021biilor de presiune.<\/p>\n<h3>Configura\u021bii de testare<\/h3>\n<p>ASTM F2054 descrie dou\u0103 configura\u021bii de \u00eencercare bazate pe starea de etan\u0219are a ambalajului:<\/p>\n<figure id=\"attachment_6543\" aria-describedby=\"caption-attachment-6543\" style=\"width: 600px\" class=\"wp-caption aligncenter\"><a href=\"https:\/\/www.qualitester.com\/ro\/produs\/best-balloon-burst-tester-for-sale\/\"><img fetchpriority=\"high\" decoding=\"async\" class=\"wp-image-6543 size-full\" src=\"https:\/\/www.qualitester.com\/wp-content\/uploads\/2025\/03\/ASTM-F2054.webp\" alt=\"ASTM F2054\" width=\"600\" height=\"400\" srcset=\"https:\/\/www.qualitester.com\/wp-content\/uploads\/2025\/03\/ASTM-F2054.webp 600w, https:\/\/www.qualitester.com\/wp-content\/uploads\/2025\/03\/ASTM-F2054-300x200.webp 300w, https:\/\/www.qualitester.com\/wp-content\/uploads\/2025\/03\/ASTM-F2054-18x12.webp 18w\" sizes=\"(max-width: 600px) 100vw, 600px\" \/><\/a><figcaption id=\"caption-attachment-6543\" class=\"wp-caption-text\"><a href=\"https:\/\/www.qualitester.com\/ro\/categorie-produs\/astm\/astm-f2054\/\" target=\"_blank\" rel=\"noopener\">ASTM F2054 Configura\u021bia testului de rezisten\u021b\u0103 la rupere a garniturii<\/a><\/figcaption><\/figure>\n<ul data-spread=\"false\">\n<li><strong>Configurare pachet deschis<\/strong>: Pachetul este sigilat pe trei p\u0103r\u021bi, l\u0103s\u00e2nd o parte deschis\u0103. Aceast\u0103 configura\u021bie este utilizat\u0103 \u00een principal \u00een etapa ini\u021bial\u0103 de fabrica\u021bie.<\/li>\n<li><strong>Configura\u021bia pachetului \u00eenchis<\/strong>: Pachetul este complet sigilat pe toate cele patru p\u0103r\u021bi, permi\u021b\u00e2nd testarea produsului final.<\/li>\n<\/ul>\n<h2>Importan\u021ba ASTM F2054 \u00een asigurarea calit\u0103\u021bii ambalajelor<\/h2>\n<ol>\n<li><strong>\u00cembun\u0103t\u0103\u021birea integrit\u0103\u021bii pachetelor<br \/>\n<\/strong>Obiectivul principal al standardului ASTM F2054 este de a se asigura c\u0103 ambalajele flexibile pot rezista schimb\u0103rilor de presiune f\u0103r\u0103 ca sigiliul s\u0103 cedeze. Acest lucru este deosebit de important \u00een cazul ambalajelor alimentare, unde scurgerile pot duce la contaminare \u0219i deteriorare.<\/li>\n<li><strong>Conformitatea cu standardele de siguran\u021b\u0103<br \/>\n<\/strong>Prin respectarea ASTM F2054, produc\u0103torii \u00ee\u0219i pot alinia procesele de ambalare cu cerin\u021bele de reglementare \u0219i de asigurare a calit\u0103\u021bii. Aceast\u0103 conformitate ajut\u0103 la prevenirea rechem\u0103rilor \u0219i a reclama\u021biilor clien\u021bilor.<\/li>\n<li><strong>Evaluarea performan\u021bei<br \/>\n<\/strong>Testul ofer\u0103 date valoroase cu privire la <strong>rezisten\u021b\u0103 minim\u0103 la rupere<\/strong>, care asist\u0103 produc\u0103torii \u00een optimizarea designului ambalajelor, selec\u021biei materialelor \u0219i proceselor de etan\u0219are.<\/li>\n<li><strong>Prevenirea defec\u021biunilor de etan\u0219are \u00een timpul distribu\u021biei<br \/>\n<\/strong>Fluctua\u021biile de presiune apar \u00een timpul <strong>transport, depozitare \u0219i sterilizare<\/strong>. ASTM F2054 asigur\u0103 c\u0103 ambalajele pot suporta aceste schimb\u0103ri, reduc\u00e2nd riscul de scurgeri sau spargeri \u00een timpul transportului.<\/li>\n<\/ol>\n<h2>Metoda \u0219i procedura de testare ASTM F2054<\/h2>\n<h3><strong>Cerin\u021be privind echipamentele<\/strong><\/h3>\n<p><a href=\"https:\/\/www.qualitester.com\/ro\/produs\/best-balloon-burst-tester-for-sale\/\" target=\"_blank\" rel=\"noopener\"><strong>Echipament de testare a rezisten\u021bei la rupere a sigiliului<\/strong><\/a>, este necesar urm\u0103torul aparat:<\/p>\n<ul data-spread=\"false\">\n<li><strong>Alimentarea cu aer \u0219i regulatorul de presiune<\/strong>: Genereaz\u0103 presiunea de aer necesar\u0103 \u00een interiorul ambalajului.<\/li>\n<li><strong>Mecanism de detectare a presiunii<\/strong>: Detecteaz\u0103 presiunea intern\u0103 la punctul de ruptur\u0103.<\/li>\n<li><strong>Pl\u0103ci de re\u021binere<\/strong>: Dou\u0103 pl\u0103ci rigide, paralele, care limiteaz\u0103 expansiunea pachetului, l\u0103s\u00e2nd \u00een acela\u0219i timp zona de etan\u0219are nerestric\u021bionat\u0103.<\/li>\n<li><strong>Duz\u0103 de presurizare<\/strong>: Introduce aer \u00een ambalaj pentru a crea presiune intern\u0103.<\/li>\n<\/ul>\n<h3><strong>Etape de testare<\/strong><\/h3>\n<h4><strong>1. Preg\u0103tirea probei<\/strong><\/h4>\n<ul data-spread=\"false\">\n<li>Condi\u021biona\u021bi pachetul pentru cel pu\u021bin <strong>72 de ore<\/strong> \u00eenainte de testarea \u00een condi\u021bii standard.<\/li>\n<li>\u00cenregistra\u021bi specifica\u021biile ambalajului, inclusiv tipul de material, configura\u021bia sigiliului \u0219i dimensiunile.<\/li>\n<\/ul>\n<h4><strong>2. Testul pachetului deschis<\/strong><\/h4>\n<ul data-spread=\"false\">\n<li>Introduce\u021bi pachetul \u00eentre pl\u0103cile de re\u021binere, asigur\u00e2ndu-v\u0103 c\u0103 zonele nerestr\u00e2nse sunt minime.<\/li>\n<li>Introduce\u021bi duza de presurizare \u00een cap\u0103tul deschis al ambalajului.<\/li>\n<li>\u00cenchide\u021bi cap\u0103tul deschis folosind un mecanism de str\u00e2ngere pentru a asigura o potrivire etan\u0219\u0103.<\/li>\n<li>Cre\u0219te\u021bi treptat presiunea intern\u0103 p\u00e2n\u0103 c\u00e2nd ambalajul se sparge.<\/li>\n<li>\u00cenregistra\u021bi <strong>presiunea de spargere<\/strong> valoare.<\/li>\n<\/ul>\n<h4><strong>3. Testul pachetului \u00eenchis<\/strong><\/h4>\n<ul data-spread=\"false\">\n<li>A\u0219eza\u021bi pachetul complet sigilat \u00een interiorul pl\u0103cilor de re\u021binere.<\/li>\n<li>Introduce\u021bi duza de presiune printr-o perforare \u00een ambalaj.<\/li>\n<li>Aplica\u021bi presiunea intern\u0103 treptat, p\u00e2n\u0103 la producerea rupturii.<\/li>\n<li>\u00cenregistra\u021bi <strong>presiunea de spargere<\/strong> \u0219i locul defec\u021biunii.<\/li>\n<\/ul>\n<h2>Factorii cheie care afecteaz\u0103 rezultatele testelor<\/h2>\n<ul data-spread=\"false\">\n<li><strong>Calitatea materialului \u0219i a sigiliului<\/strong>: Varia\u021biile materialelor \u0219i tehnicilor de etan\u0219are pot afecta rezisten\u021ba la spargere.<\/li>\n<li><strong>Condi\u021bii de mediu<\/strong>: Temperatura \u0219i umiditatea pot afecta performan\u021ba pachetului.<\/li>\n<li><strong>Parametrii echipamentului de testare<\/strong>: Diferen\u021bele de debit de aer, sensibilitatea senzorului \u0219i rigiditatea pl\u0103cii de fixare pot influen\u021ba rezultatele.<\/li>\n<\/ul>","protected":false},"excerpt":{"rendered":"<p>What is Bursting Strength? Packaging plays a critical role in protecting food products from contamination and spoilage. One of the key performance indicators of flexible food packages is bursting strength, which measures the maximum internal pressure a package can withstand before rupturing. The seal burst strength test, as defined by ASTM F2054, assesses the durability &hellip;<\/p>\n<p class=\"read-more\"> <a class=\"\" href=\"https:\/\/www.qualitester.com\/ro\/standards\/astm-f2054\/\"> <span class=\"screen-reader-text\">ASTM F2054<\/span> Cite\u0219te mai mult \"<\/a><\/p>","protected":false},"author":4,"featured_media":6543,"parent":4948,"menu_order":0,"comment_status":"closed","ping_status":"closed","template":"","meta":{"site-sidebar-layout":"default","site-content-layout":"default","ast-global-header-display":"","ast-main-header-display":"","ast-hfb-above-header-display":"","ast-hfb-below-header-display":"","ast-hfb-mobile-header-display":"","site-post-title":"","ast-breadcrumbs-content":"","ast-featured-img":"disabled","footer-sml-layout":"","theme-transparent-header-meta":"default","adv-header-id-meta":"","stick-header-meta":"","header-above-stick-meta":"","header-main-stick-meta":"","header-below-stick-meta":"","footnotes":""},"class_list":["post-6549","page","type-page","status-publish","has-post-thumbnail","hentry"],"_links":{"self":[{"href":"https:\/\/www.qualitester.com\/ro\/wp-json\/wp\/v2\/pages\/6549","targetHints":{"allow":["GET"]}}],"collection":[{"href":"https:\/\/www.qualitester.com\/ro\/wp-json\/wp\/v2\/pages"}],"about":[{"href":"https:\/\/www.qualitester.com\/ro\/wp-json\/wp\/v2\/types\/page"}],"author":[{"embeddable":true,"href":"https:\/\/www.qualitester.com\/ro\/wp-json\/wp\/v2\/users\/4"}],"replies":[{"embeddable":true,"href":"https:\/\/www.qualitester.com\/ro\/wp-json\/wp\/v2\/comments?post=6549"}],"version-history":[{"count":0,"href":"https:\/\/www.qualitester.com\/ro\/wp-json\/wp\/v2\/pages\/6549\/revisions"}],"up":[{"embeddable":true,"href":"https:\/\/www.qualitester.com\/ro\/wp-json\/wp\/v2\/pages\/4948"}],"wp:featuredmedia":[{"embeddable":true,"href":"https:\/\/www.qualitester.com\/ro\/wp-json\/wp\/v2\/media\/6543"}],"wp:attachment":[{"href":"https:\/\/www.qualitester.com\/ro\/wp-json\/wp\/v2\/media?parent=6549"}],"curies":[{"name":"wp","href":"https:\/\/api.w.org\/{rel}","templated":true}]}}