{"id":6887,"date":"2025-07-14T16:04:43","date_gmt":"2025-07-14T08:04:43","guid":{"rendered":"https:\/\/www.qualitester.com\/?post_type=product&#038;p=6887"},"modified":"2025-07-14T16:04:44","modified_gmt":"2025-07-14T08:04:44","slug":"lamination-factor-tester","status":"publish","type":"product","link":"https:\/\/www.qualitester.com\/pt\/produto\/lamination-factor-tester\/","title":{"rendered":"Testador do fator de lamina\u00e7\u00e3o FTT-02"},"content":{"rendered":"<p data-start=\"898\" data-end=\"1494\">No fabrico de materiais magn\u00e9ticos como o a\u00e7o el\u00e9trico e as bandas amorfas, <strong data-start=\"985\" data-end=\"1006\">fator de lamina\u00e7\u00e3o<\/strong> desempenha um papel vital na determina\u00e7\u00e3o da qualidade do material. Afecta a efici\u00eancia de motores, transformadores e outros componentes electromagn\u00e9ticos. Para avaliar este par\u00e2metro cr\u00edtico, um <strong data-start=\"1185\" data-end=\"1213\">testador de fator de lamina\u00e7\u00e3o<\/strong> oferece um m\u00e9todo de medi\u00e7\u00e3o preciso e normalizado.<\/p>\n<h2 data-start=\"1501\" data-end=\"1555\">O que \u00e9 o fator de lamina\u00e7\u00e3o e porque \u00e9 importante?<\/h2>\n<p data-start=\"1557\" data-end=\"1870\"><strong data-start=\"1557\" data-end=\"1578\">Fator de lamina\u00e7\u00e3o<\/strong>-tamb\u00e9m conhecido como <strong data-start=\"1593\" data-end=\"1623\">fator de empilhamento da lamina\u00e7\u00e3o<\/strong> ou <strong data-start=\"1627\" data-end=\"1643\">fator de espa\u00e7o<\/strong>-\u00c9 a rela\u00e7\u00e3o entre o volume real do metal e o volume aparente de um conjunto empilhado de tiras de metal. Quantifica a efici\u00eancia com que o material \u00e9 embalado, considerando os efeitos da rugosidade da superf\u00edcie, revestimentos e vazios entre camadas.<\/p>\n<p data-start=\"1872\" data-end=\"2095\">Nas aplica\u00e7\u00f5es de n\u00facleos magn\u00e9ticos, um elevado fator de lamina\u00e7\u00e3o minimiza as perdas de energia e melhora o desempenho. Por conseguinte, \u00e9 um par\u00e2metro cr\u00edtico para a garantia de qualidade no sector da <strong data-start=\"2045\" data-end=\"2094\">ind\u00fastrias el\u00e9ctrica, eletr\u00f3nica e autom\u00f3vel<\/strong>.<\/p>\n<h2 data-start=\"2102\" data-end=\"2153\">Princ\u00edpio de funcionamento de um verificador do fator de lamina\u00e7\u00e3o<\/h2>\n<p data-start=\"2155\" data-end=\"2349\">UM <strong data-start=\"2157\" data-end=\"2185\">testador de fator de lamina\u00e7\u00e3o<\/strong> determina a efici\u00eancia do empilhamento comparando o volume medido da pilha sob press\u00e3o com o volume s\u00f3lido calculado com base na massa e densidade do material.<\/p>\n<p data-start=\"2351\" data-end=\"2378\"><strong data-start=\"2351\" data-end=\"2378\">As principais etapas do teste incluem:<\/strong><\/p>\n<ul>\n<li data-start=\"2382\" data-end=\"2433\">Cortar o material magn\u00e9tico em tiras uniformes<\/li>\n<li data-start=\"2436\" data-end=\"2470\">Empilhar as tiras em alinhamento<\/li>\n<li data-start=\"2473\" data-end=\"2520\">Aplicar uma press\u00e3o padr\u00e3o utilizando o aparelho de teste<\/li>\n<li data-start=\"2523\" data-end=\"2562\">Medi\u00e7\u00e3o da altura da pilha comprimida<\/li>\n<li data-start=\"2565\" data-end=\"2619\">C\u00e1lculo do fator de lamina\u00e7\u00e3o atrav\u00e9s da f\u00f3rmula:<\/li>\n<\/ul>\n<blockquote data-start=\"2622\" data-end=\"2862\">\n<p data-start=\"2624\" data-end=\"2862\"><strong data-start=\"2624\" data-end=\"2655\">S = m \/ (l - w - \u03b4 - h - k)<\/strong><br data-start=\"2655\" data-end=\"2658\" \/><em data-start=\"2662\" data-end=\"2670\">Onde:<\/em><br data-start=\"2670\" data-end=\"2673\" \/><em data-start=\"2677\" data-end=\"2680\">S<\/em> = fator de lamina\u00e7\u00e3o (%)<br data-start=\"2704\" data-end=\"2707\" \/><em data-start=\"2711\" data-end=\"2714\">m<\/em> = massa da pilha<br data-start=\"2734\" data-end=\"2737\" \/><em data-start=\"2741\" data-end=\"2747\">l, w<\/em> = comprimento e largura<br data-start=\"2766\" data-end=\"2769\" \/><em data-start=\"2773\" data-end=\"2776\">\u03b4<\/em> = densidade do material<br data-start=\"2795\" data-end=\"2798\" \/><em data-start=\"2802\" data-end=\"2805\">h<\/em> = altura comprimida<br data-start=\"2825\" data-end=\"2828\" \/><em data-start=\"2832\" data-end=\"2835\">k<\/em> = constante de convers\u00e3o de unidades<\/p>\n<\/blockquote>\n<p data-start=\"2864\" data-end=\"2978\">O processo requer uma elevada precis\u00e3o de medi\u00e7\u00e3o para refletir pequenas varia\u00e7\u00f5es que possam afetar o fator de empilhamento.<\/p>\n<h2 data-start=\"2985\" data-end=\"3038\">Normas referenciadas nos ensaios de fator de lamina\u00e7\u00e3o<\/h2>\n<p data-start=\"3040\" data-end=\"3181\">Para garantir a conformidade e a coer\u00eancia a n\u00edvel mundial, <strong data-start=\"3085\" data-end=\"3114\">aparelhos de teste do fator de lamina\u00e7\u00e3o<\/strong> devem estar em conformidade com as normas reconhecidas. As mais referenciadas incluem:<\/p>\n<h3 data-start=\"3183\" data-end=\"3217\"><a href=\"https:\/\/www.qualitester.com\/pt\/standards\/astm-a719\/\" target=\"_blank\" rel=\"noopener\">ASTM A719<\/a> - Materiais magn\u00e9ticos<\/h3>\n<p data-start=\"3219\" data-end=\"3436\">Define o <strong data-start=\"3231\" data-end=\"3250\">m\u00e9todo padr\u00e3o<\/strong> para medir o fator de lamina\u00e7\u00e3o em materiais ferromagn\u00e9ticos. D\u00e1 \u00eanfase \u00e0 press\u00e3o uniforme (tipicamente 50 psi), \u00e0 medi\u00e7\u00e3o precisa da altura da pilha e aos c\u00e1lculos corretos de massa\/volume.<\/p>\n<h3 data-start=\"3438\" data-end=\"3479\">ASTM A900 - bandas magn\u00e9ticas amorfas<\/h3>\n<p data-start=\"3481\" data-end=\"3668\">Especialmente desenvolvido para <strong data-start=\"3505\" data-end=\"3540\">bandas magn\u00e9ticas finas e amorfas<\/strong>Este m\u00e9todo requer dispositivos de alinhamento, medi\u00e7\u00f5es microm\u00e9tricas e um empilhamento cuidadoso devido \u00e0 sensibilidade do material.<\/p>\n<h3 data-start=\"3670\" data-end=\"3716\">ASTM A683 - A\u00e7o el\u00e9trico semiprocessado<\/h3>\n<p data-start=\"3718\" data-end=\"3903\">Refere-se ao <strong data-start=\"3732\" data-end=\"3752\">utiliza\u00e7\u00e3o da norma ASTM A719<\/strong> como o m\u00e9todo de ensaio designado. Sublinha que um fator de lamina\u00e7\u00e3o mais elevado indica uma melhor qualidade, particularmente em materiais mais lisos e mais espessos.<\/p>\n<h3 data-start=\"3905\" data-end=\"3956\">IEC 60404-13 - Norma global de a\u00e7o el\u00e9trico<\/h3>\n<p data-start=\"3958\" data-end=\"4167\">Fornece <strong data-start=\"3967\" data-end=\"3995\">orienta\u00e7\u00f5es internacionais<\/strong> para a medi\u00e7\u00e3o do fator de empilhamento em todos os tipos de a\u00e7o el\u00e9trico. Requer uma pesagem exacta, precis\u00e3o dimensional e aplica\u00e7\u00e3o de press\u00e3o de <strong data-start=\"4145\" data-end=\"4166\">1,00 \u00b1 0,05 N\/mm\u00b2<\/strong>.<\/p>\n<h2 data-start=\"4174\" data-end=\"4245\">Apresentando o testador de fator de lamina\u00e7\u00e3o FTT-02 da Cell Instruments<\/h2>\n<p data-start=\"4247\" data-end=\"4437\">Para laborat\u00f3rios e ambientes de produ\u00e7\u00e3o que exigem um teste fi\u00e1vel do fator de lamina\u00e7\u00e3o, o <strong data-start=\"4342\" data-end=\"4377\">Testador do fator de lamina\u00e7\u00e3o FTT-02<\/strong> de <strong data-start=\"4383\" data-end=\"4403\">Instrumentos de C\u00e9lula<\/strong> \u00e9 uma solu\u00e7\u00e3o de n\u00edvel profissional.<\/p>\n<h3>Principais caracter\u00edsticas:<\/h3>\n<ul>\n<li data-start=\"4459\" data-end=\"4498\"><strong data-start=\"4459\" data-end=\"4474\">Faixa de teste:<\/strong> 0-2 mm (personaliz\u00e1vel)<\/li>\n<li data-start=\"4501\" data-end=\"4563\"><strong data-start=\"4501\" data-end=\"4516\">Resolu\u00e7\u00e3o:<\/strong> 0,1 \u03bcm para medi\u00e7\u00f5es precisas da altura da pilha<\/li>\n<li data-start=\"4566\" data-end=\"4625\"><strong data-start=\"4566\" data-end=\"4584\">Press\u00e3o de ensaio:<\/strong> 50 \u00b1 0,5 kPa (padr\u00e3o, conforme ASTM A719)<\/li>\n<li data-start=\"4628\" data-end=\"4692\"><strong data-start=\"4628\" data-end=\"4646\">Tamanho do indentador:<\/strong> \u00d814-17 mm (ajust\u00e1vel em fun\u00e7\u00e3o do tipo de amostra)<\/li>\n<li data-start=\"4695\" data-end=\"4766\"><strong data-start=\"4695\" data-end=\"4714\">Design compacto:<\/strong> 461 \u00d7 334 \u00d7 357 mm, adequado para v\u00e1rias configura\u00e7\u00f5es de laborat\u00f3rio<\/li>\n<\/ul>\n<p data-start=\"4768\" data-end=\"4944\">O FTT-02 foi concebido para <strong data-start=\"4797\" data-end=\"4824\">alinhamento f\u00e1cil dos esp\u00e9cimes<\/strong>, <strong data-start=\"4826\" data-end=\"4858\">medi\u00e7\u00e3o autom\u00e1tica da altura<\/strong>, e <strong data-start=\"4864\" data-end=\"4891\">controlo est\u00e1vel da press\u00e3o<\/strong>garantindo resultados altamente precisos do fator de lamina\u00e7\u00e3o.<\/p>\n<h3 data-start=\"4946\" data-end=\"4971\">Materiais aplic\u00e1veis:<\/h3>\n<ul>\n<li data-start=\"4974\" data-end=\"5028\"><strong data-start=\"4974\" data-end=\"5026\">A\u00e7os el\u00e9ctricos n\u00e3o orientados e de gr\u00e3o orientado<\/strong><\/li>\n<li data-start=\"5031\" data-end=\"5082\"><strong data-start=\"5031\" data-end=\"5080\">Bandas magn\u00e9ticas amorfas e nanocristalinas<\/strong><\/li>\n<li data-start=\"5085\" data-end=\"5141\"><strong data-start=\"5085\" data-end=\"5141\">Materiais el\u00e9ctricos de revestimento fino utilizados em n\u00facleos de motores<\/strong><\/li>\n<\/ul>\n<p data-start=\"5143\" data-end=\"5256\">Ao seguir os procedimentos de teste ASTM e IEC, o FTT-02 minimiza o erro humano e aumenta a repetibilidade dos resultados.<\/p>\n<h2 data-start=\"5263\" data-end=\"5321\">Aplica\u00e7\u00f5es e vantagens do ensaio de fator de lamina\u00e7\u00e3o<\/h2>\n<p data-start=\"5323\" data-end=\"5366\">O ensaio do fator de lamina\u00e7\u00e3o \u00e9 essencial para:<\/p>\n<ul>\n<li data-start=\"5370\" data-end=\"5413\"><strong data-start=\"5370\" data-end=\"5411\">Produ\u00e7\u00e3o de n\u00facleos de transformadores e motores<\/strong><\/li>\n<li data-start=\"5416\" data-end=\"5455\"><strong data-start=\"5416\" data-end=\"5453\">Controlo da qualidade do material magn\u00e9tico<\/strong><\/li>\n<li data-start=\"5458\" data-end=\"5507\"><strong data-start=\"5458\" data-end=\"5505\">Laborat\u00f3rios de I&amp;D que avaliam novas ligas e revestimentos<\/strong><\/li>\n<li data-start=\"5510\" data-end=\"5579\"><strong data-start=\"5510\" data-end=\"5579\">Avalia\u00e7\u00e3o da conformidade para expedi\u00e7\u00e3o ou certifica\u00e7\u00e3o internacional<\/strong><\/li>\n<\/ul>\n<h3 data-start=\"5581\" data-end=\"5598\">Principais vantagens:<\/h3>\n<ul>\n<li>Detecta vazios, rugosidade e efeitos de revestimento<\/li>\n<li>Assegura a qualidade e a coer\u00eancia dos materiais<\/li>\n<li>Ajuda a otimizar a conce\u00e7\u00e3o da lamina\u00e7\u00e3o e os par\u00e2metros do processo<\/li>\n<li>Apoia a conformidade com <strong data-start=\"5781\" data-end=\"5794\">ASTM A719<\/strong>, <strong data-start=\"5796\" data-end=\"5804\">A900<\/strong>, e <strong data-start=\"5810\" data-end=\"5826\">IEC 60404-13<\/strong><\/li>\n<\/ul>\n<p data-start=\"5849\" data-end=\"6157\">Compreender e controlar o <strong data-start=\"5883\" data-end=\"5904\">fator de lamina\u00e7\u00e3o<\/strong> de materiais magn\u00e9ticos \u00e9 crucial para a conce\u00e7\u00e3o e fabrico de produtos energeticamente eficientes. Uma medi\u00e7\u00e3o exacta requer equipamento de precis\u00e3o que cumpra as normas internacionais, tais como <strong data-start=\"6091\" data-end=\"6104\">ASTM A719<\/strong>, <strong data-start=\"6106\" data-end=\"6119\">ASTM A900<\/strong>, <strong data-start=\"6121\" data-end=\"6134\">ASTM A683<\/strong>, e <strong data-start=\"6140\" data-end=\"6156\">IEC 60404-13<\/strong>.<\/p>\n<p data-start=\"6159\" data-end=\"6527\">O <strong data-start=\"6163\" data-end=\"6198\">Testador do fator de lamina\u00e7\u00e3o FTT-02<\/strong> por <strong data-start=\"6202\" data-end=\"6222\">Instrumentos de C\u00e9lula<\/strong> oferece uma precis\u00e3o l\u00edder na ind\u00fastria, um funcionamento f\u00e1cil de utilizar e total conformidade com os protocolos de teste globais. Quer seja um engenheiro de materiais, um gestor de controlo de qualidade ou um fabricante de componentes magn\u00e9ticos, este instrumento garante que os resultados do seu fator de lamina\u00e7\u00e3o s\u00e3o <strong data-start=\"6485\" data-end=\"6526\">fi\u00e1vel, rastre\u00e1vel e profissional<\/strong>.<\/p>\n<hr data-start=\"6529\" data-end=\"6532\" \/>\n<h2 data-start=\"6534\" data-end=\"6542\">Perguntas frequentes<\/h2>\n<p data-start=\"6544\" data-end=\"6758\"><strong data-start=\"6544\" data-end=\"6601\">1. Qual \u00e9 a finalidade de um aparelho de teste do fator de lamina\u00e7\u00e3o?<\/strong><br data-start=\"6601\" data-end=\"6604\" \/>Determina a efici\u00eancia com que as bandas magn\u00e9ticas s\u00e3o empilhadas, calculando o r\u00e1cio entre o volume de metal s\u00f3lido e o volume total, o que indica a qualidade do material.<\/p>\n<p data-start=\"6760\" data-end=\"6960\"><strong data-start=\"6760\" data-end=\"6832\">2. Que normas devem ser seguidas para o ensaio do fator de lamina\u00e7\u00e3o?<\/strong><br data-start=\"6832\" data-end=\"6835\" \/>As normas relevantes incluem <a href=\"https:\/\/www.astm.org\/a0719_a0719m-14r19.html\" target=\"_blank\" rel=\"noopener nofollow\"><strong data-start=\"6862\" data-end=\"6875\">ASTM A719<\/strong><\/a>, <a href=\"https:\/\/www.astm.org\/a0900_a0900m-01r18.html\" target=\"_blank\" rel=\"noopener nofollow\"><strong data-start=\"6877\" data-end=\"6890\">ASTM A900<\/strong><\/a>, <a href=\"https:\/\/www.astm.org\/a0683-16.html\" target=\"_blank\" rel=\"noopener nofollow\"><strong data-start=\"6892\" data-end=\"6905\">ASTM A683<\/strong><\/a>, e <strong data-start=\"6911\" data-end=\"6927\">IEC 60404-13<\/strong>dependendo do tipo de material.<\/p>\n<p data-start=\"6962\" data-end=\"7176\"><strong data-start=\"6962\" data-end=\"7018\">3. O FTT-02 pode ser utilizado para tiras amorfas finas?<\/strong><br data-start=\"7018\" data-end=\"7021\" \/>Sim, o FTT-02 suporta v\u00e1rios materiais, incluindo <strong data-start=\"7074\" data-end=\"7108\">bandas magn\u00e9ticas amorfas finas<\/strong>gra\u00e7as \u00e0 sua press\u00e3o regul\u00e1vel e \u00e0 sua medi\u00e7\u00e3o de alta resolu\u00e7\u00e3o.<\/p>\n<p data-start=\"7178\" data-end=\"7342\"><strong data-start=\"7178\" data-end=\"7227\">4. Que factores afectam o fator de lamina\u00e7\u00e3o?<\/strong><br data-start=\"7227\" data-end=\"7230\" \/>Os revestimentos de superf\u00edcie, a rugosidade do material, as camadas de \u00f3xido e as folgas de ar entre as tiras podem diminuir o fator de lamina\u00e7\u00e3o.<\/p>\n<p data-start=\"7344\" data-end=\"7555\"><strong data-start=\"7344\" data-end=\"7408\">5. Qual o impacto do fator de lamina\u00e7\u00e3o no desempenho el\u00e9trico?<\/strong><br data-start=\"7408\" data-end=\"7411\" \/>Um fator de lamina\u00e7\u00e3o mais elevado significa um melhor acoplamento magn\u00e9tico e menos perda de energia, melhorando a efici\u00eancia de motores, transformadores e indutores.<\/p>","protected":false},"excerpt":{"rendered":"<p>No fabrico de materiais magn\u00e9ticos como o a\u00e7o el\u00e9trico e as bandas amorfas, o fator de lamina\u00e7\u00e3o desempenha um papel vital na determina\u00e7\u00e3o da qualidade do material. Afecta a efici\u00eancia de motores, transformadores e outros componentes electromagn\u00e9ticos. Para avaliar este par\u00e2metro cr\u00edtico, um medidor de fator de lamina\u00e7\u00e3o oferece um m\u00e9todo preciso e padronizado de medi\u00e7\u00e3o. O que \u00e9 fator de lamina\u00e7\u00e3o e por que ...<\/p>\n<p class=\"read-more\"> <a class=\"\" href=\"https:\/\/www.qualitester.com\/pt\/produto\/lamination-factor-tester\/\"> <span class=\"screen-reader-text\">Testador do fator de lamina\u00e7\u00e3o FTT-02<\/span> Ler mais \"<\/a><\/p>","protected":false},"featured_media":6912,"comment_status":"closed","ping_status":"closed","template":"","meta":{"site-sidebar-layout":"default","site-content-layout":"default","ast-global-header-display":"","ast-main-header-display":"","ast-hfb-above-header-display":"","ast-hfb-below-header-display":"","ast-hfb-mobile-header-display":"","site-post-title":"","ast-breadcrumbs-content":"","ast-featured-img":"","footer-sml-layout":"","theme-transparent-header-meta":"default","adv-header-id-meta":"","stick-header-meta":"","header-above-stick-meta":"","header-main-stick-meta":"","header-below-stick-meta":""},"product_cat":[845,1184,1182,1183,937,1185,962,674,672],"product_tag":[],"class_list":{"0":"post-6887","1":"product","2":"type-product","3":"status-publish","4":"has-post-thumbnail","6":"product_cat-customization","7":"product_cat-astm-a683","8":"product_cat-astm-a719","9":"product_cat-astm-a900","10":"product_cat-electronic-product-tester","11":"product_cat-iec-60404-13","12":"product_cat-thickness-gauges","13":"product_cat-test-items","14":"product_cat-applied-materials","15":"desktop-align-left","16":"tablet-align-left","17":"mobile-align-left","19":"first","20":"instock","21":"shipping-taxable","22":"product-type-simple"},"_links":{"self":[{"href":"https:\/\/www.qualitester.com\/pt\/wp-json\/wp\/v2\/product\/6887","targetHints":{"allow":["GET"]}}],"collection":[{"href":"https:\/\/www.qualitester.com\/pt\/wp-json\/wp\/v2\/product"}],"about":[{"href":"https:\/\/www.qualitester.com\/pt\/wp-json\/wp\/v2\/types\/product"}],"replies":[{"embeddable":true,"href":"https:\/\/www.qualitester.com\/pt\/wp-json\/wp\/v2\/comments?post=6887"}],"version-history":[{"count":0,"href":"https:\/\/www.qualitester.com\/pt\/wp-json\/wp\/v2\/product\/6887\/revisions"}],"wp:featuredmedia":[{"embeddable":true,"href":"https:\/\/www.qualitester.com\/pt\/wp-json\/wp\/v2\/media\/6912"}],"wp:attachment":[{"href":"https:\/\/www.qualitester.com\/pt\/wp-json\/wp\/v2\/media?parent=6887"}],"wp:term":[{"taxonomy":"product_cat","embeddable":true,"href":"https:\/\/www.qualitester.com\/pt\/wp-json\/wp\/v2\/product_cat?post=6887"},{"taxonomy":"product_tag","embeddable":true,"href":"https:\/\/www.qualitester.com\/pt\/wp-json\/wp\/v2\/product_tag?post=6887"}],"curies":[{"name":"wp","href":"https:\/\/api.w.org\/{rel}","templated":true}]}}