{"id":6644,"date":"2025-05-07T11:30:19","date_gmt":"2025-05-07T03:30:19","guid":{"rendered":"https:\/\/www.qualitester.com\/?post_type=product&#038;p=6644"},"modified":"2025-05-07T11:30:19","modified_gmt":"2025-05-07T03:30:19","slug":"medical-needle-tubing-stiffness-tester","status":"publish","type":"product","link":"https:\/\/www.qualitester.com\/pt\/produto\/medical-needle-tubing-stiffness-tester\/","title":{"rendered":"Testador de rigidez de tubo TS-01"},"content":{"rendered":"<h2 data-start=\"393\" data-end=\"1063\">Introdu\u00e7\u00e3o ao testador de rigidez de tubos de agulhas m\u00e9dicas<\/h2>\n<p class=\"\" data-start=\"393\" data-end=\"1063\">Garantir a integridade mec\u00e2nica das agulhas hipod\u00e9rmicas \u00e9 fundamental no sector m\u00e9dico. Uma propriedade essencial que influencia o desempenho, a seguran\u00e7a e a facilidade de utiliza\u00e7\u00e3o \u00e9 <em data-start=\"621\" data-end=\"639\">rigidez da tubagem<\/em>. O <strong data-start=\"645\" data-end=\"687\">aparelho para testar a rigidez de tubos de agulhas m\u00e9dicas<\/strong> fornece um m\u00e9todo padronizado e preciso para avaliar a rigidez dos tubos de a\u00e7o inoxid\u00e1vel utilizados no fabrico de agulhas. Com o aumento das normas m\u00e9dicas globais, especialmente a conformidade com <a href=\"https:\/\/www.qualitester.com\/pt\/standards\/iso-9626\/\"><strong data-start=\"880\" data-end=\"892\">Norma ISO 9626<\/strong><\/a> e <strong data-start=\"897\" data-end=\"917\">ISO 9626 Anexo B<\/strong>As solu\u00e7\u00f5es de teste fi\u00e1veis tornaram-se indispens\u00e1veis para os fabricantes de dispositivos m\u00e9dicos, profissionais de controlo de qualidade e institui\u00e7\u00f5es de investiga\u00e7\u00e3o.<\/p>\n<hr class=\"\" data-start=\"1065\" data-end=\"1068\" \/>\n<h2 data-start=\"1070\" data-end=\"1624\">Import\u00e2ncia da rigidez do tubo da agulha em aplica\u00e7\u00f5es m\u00e9dicas<\/h2>\n<p class=\"\" data-start=\"1070\" data-end=\"1624\">A rigidez afecta diretamente a <strong data-start=\"1176\" data-end=\"1219\">capacidade de inser\u00e7\u00e3o, integridade estrutural<\/strong>, e <strong data-start=\"1225\" data-end=\"1241\">controlo do utilizador<\/strong>. Um tubo de agulha demasiado macio pode dobrar-se ou partir-se, arriscando-se a ferir o doente ou a administrar a medica\u00e7\u00e3o de forma incorrecta. Por outro lado, uma agulha demasiado r\u00edgida pode partir-se ou causar traumas desnecess\u00e1rios durante a inser\u00e7\u00e3o. Por conseguinte, \u00e9 essencial alcan\u00e7ar um equil\u00edbrio \u00f3timo. A <strong data-start=\"1497\" data-end=\"1539\">aparelho para testar a rigidez de tubos de agulhas m\u00e9dicas<\/strong> desempenha um papel fundamental na quantifica\u00e7\u00e3o deste equil\u00edbrio e na manuten\u00e7\u00e3o das normas de produ\u00e7\u00e3o.<\/p>\n<hr class=\"\" data-start=\"1626\" data-end=\"1629\" \/>\n<h2 data-start=\"1631\" data-end=\"1921\"><strong data-start=\"1631\" data-end=\"1697\">Testes ISO 9626 - <\/strong><strong data-start=\"1631\" data-end=\"1697\">ISO 9626 Anexo B<\/strong><\/h2>\n<p class=\"\" data-start=\"1631\" data-end=\"1921\">A norma internacional <strong data-start=\"1727\" data-end=\"1744\">ISO 9626:2016<\/strong> descreve os requisitos mec\u00e2nicos e dimensionais dos tubos de a\u00e7o inoxid\u00e1vel destinados a agulhas hipod\u00e9rmicas. <strong data-start=\"1858\" data-end=\"1869\">Anexo B<\/strong> fornece um m\u00e9todo espec\u00edfico para medir a rigidez:<\/p>\n<ul data-start=\"1923\" data-end=\"2213\">\n<li class=\"\" data-start=\"1923\" data-end=\"2014\">\n<p class=\"\" data-start=\"1925\" data-end=\"2014\">UM <strong data-start=\"1927\" data-end=\"1955\">for\u00e7a conhecida (at\u00e9 60 N)<\/strong> \u00e9 aplicado centralmente \u00e0 tubagem apoiada em ambas as extremidades.<\/p>\n<\/li>\n<li class=\"\" data-start=\"2015\" data-end=\"2085\">\n<p class=\"\" data-start=\"2017\" data-end=\"2085\">O resultado <strong data-start=\"2031\" data-end=\"2045\">deflex\u00e3o<\/strong> \u00e9 medido com <strong data-start=\"2063\" data-end=\"2084\">Precis\u00e3o de 0,01 mm<\/strong>.<\/p>\n<\/li>\n<li class=\"\" data-start=\"2086\" data-end=\"2213\">\n<p class=\"\" data-start=\"2088\" data-end=\"2213\">O aparelho deve incluir uma cunha romba <strong data-start=\"2136\" data-end=\"2147\">\u00eambolo<\/strong>, inclinado a <strong data-start=\"2161\" data-end=\"2168\">60\u00b0<\/strong>, com um <strong data-start=\"2177\" data-end=\"2212\">Superf\u00edcie cil\u00edndrica com 1 mm de raio<\/strong>.<\/p>\n<\/li>\n<\/ul>\n<p class=\"\" data-start=\"2215\" data-end=\"2371\">O <strong data-start=\"2219\" data-end=\"2267\">TS-01 Testador de rigidez de tubos de agulhas m\u00e9dicas<\/strong> foi concebido especificamente para cumprir este m\u00e9todo de ensaio, garantindo o cumprimento rigoroso das normas ISO.<\/p>\n<hr class=\"\" data-start=\"2373\" data-end=\"2376\" \/>\n<h2 data-start=\"2378\" data-end=\"2515\"><strong data-start=\"2378\" data-end=\"2418\">Princ\u00edpio de ensaio e mecanismo de funcionamento<\/strong><\/h2>\n<p class=\"\" data-start=\"2378\" data-end=\"2515\">O <strong data-start=\"2425\" data-end=\"2467\">aparelho para testar a rigidez de tubos de agulhas m\u00e9dicas<\/strong> funciona com base num princ\u00edpio simples mas eficaz:<\/p>\n<p class=\"\" data-start=\"2517\" data-end=\"2702\"><em data-start=\"2517\" data-end=\"2702\">\u00c9 aplicada uma for\u00e7a precisa no ponto m\u00e9dio da tubagem, que \u00e9 simetricamente suportada. O instrumento regista ent\u00e3o a deflex\u00e3o vertical, fornecendo dados quantitativos de rigidez.<\/em><\/p>\n<p class=\"\" data-start=\"2704\" data-end=\"2753\">O <strong data-start=\"2708\" data-end=\"2723\">Modelo TS-01<\/strong> da Cell Instruments apresenta:<\/p>\n<ul data-start=\"2754\" data-end=\"3112\">\n<li class=\"\" data-start=\"2754\" data-end=\"2864\">\n<p class=\"\" data-start=\"2756\" data-end=\"2864\">Uma forma de cunha romba <strong data-start=\"2777\" data-end=\"2788\">\u00eambolo<\/strong> ligado a um <strong data-start=\"2804\" data-end=\"2817\">c\u00e9lula de carga<\/strong>garantindo uma elevada precis\u00e3o de medi\u00e7\u00e3o (\u00b10,01 N).<\/p>\n<\/li>\n<li class=\"\" data-start=\"2865\" data-end=\"2930\">\n<p class=\"\" data-start=\"2867\" data-end=\"2930\">Uma cruzeta m\u00f3vel acionada por um <strong data-start=\"2900\" data-end=\"2929\">parafuso de avan\u00e7o de esferas de precis\u00e3o<\/strong>.<\/p>\n<\/li>\n<li class=\"\" data-start=\"2931\" data-end=\"3018\">\n<p class=\"\" data-start=\"2933\" data-end=\"3018\">Um suporte de tubos (panela) que alinha a amostra de teste com precis\u00e3o sob o \u00eambolo de for\u00e7a.<\/p>\n<\/li>\n<li class=\"\" data-start=\"3019\" data-end=\"3112\">\n<p class=\"\" data-start=\"3021\" data-end=\"3112\">Vari\u00e1vel <strong data-start=\"3030\" data-end=\"3044\">velocidade de teste<\/strong> (1-500 mm\/min) para acomodar diferentes tamanhos e materiais de tubos.<\/p>\n<\/li>\n<\/ul>\n<hr class=\"\" data-start=\"3114\" data-end=\"3117\" \/>\n<h2 data-start=\"3119\" data-end=\"3349\">Por que escolher o testador de rigidez de tubos de agulhas m\u00e9dicas TS-01<\/h2>\n<p class=\"\" data-start=\"3119\" data-end=\"3349\">Como fabricante de instrumentos de teste de precis\u00e3o, <strong data-start=\"3237\" data-end=\"3257\">Instrumentos de C\u00e9lula<\/strong> concebeu o <strong data-start=\"3271\" data-end=\"3280\">TS-01<\/strong> especificamente para fabricantes de agulhas m\u00e9dicas. As principais vantagens incluem:<\/p>\n<ul data-start=\"3351\" data-end=\"3682\">\n<li class=\"\" data-start=\"3351\" data-end=\"3408\">\n<p class=\"\" data-start=\"3353\" data-end=\"3408\"><strong data-start=\"3353\" data-end=\"3407\">Conformidade total com a norma ISO 9626 e com o anexo B da norma ISO 9626<\/strong>.<\/p>\n<\/li>\n<li class=\"\" data-start=\"3409\" data-end=\"3468\">\n<p class=\"\" data-start=\"3411\" data-end=\"3468\">Alta resolu\u00e7\u00e3o <strong data-start=\"3427\" data-end=\"3453\">medi\u00e7\u00e3o da deflex\u00e3o<\/strong> at\u00e9 0,01 mm.<\/p>\n<\/li>\n<li class=\"\" data-start=\"3469\" data-end=\"3549\">\n<p class=\"\" data-start=\"3471\" data-end=\"3549\">Conce\u00e7\u00e3o robusta com <strong data-start=\"3490\" data-end=\"3513\">prote\u00e7\u00e3o contra sobrecarga<\/strong> e <strong data-start=\"3518\" data-end=\"3538\">regresso autom\u00e1tico<\/strong> fun\u00e7\u00f5es.<\/p>\n<\/li>\n<li class=\"\" data-start=\"3550\" data-end=\"3627\">\n<p class=\"\" data-start=\"3552\" data-end=\"3627\">F\u00e1cil de utilizar <strong data-start=\"3566\" data-end=\"3593\">HMI com ecr\u00e3 t\u00e1til de 7 polegadas<\/strong> para controlo dos ensaios e revis\u00e3o dos dados.<\/p>\n<\/li>\n<li class=\"\" data-start=\"3628\" data-end=\"3682\">\n<p class=\"\" data-start=\"3630\" data-end=\"3682\">Incorporado <strong data-start=\"3639\" data-end=\"3655\">microimpressora<\/strong> para a emiss\u00e3o instant\u00e2nea de relat\u00f3rios.<\/p>\n<\/li>\n<\/ul>\n<p class=\"\" data-start=\"3684\" data-end=\"3857\">Estas carater\u00edsticas n\u00e3o s\u00f3 simplificam os testes como tamb\u00e9m melhoram a <strong data-start=\"3748\" data-end=\"3794\">exatid\u00e3o, repetibilidade e documenta\u00e7\u00e3o<\/strong> necess\u00e1rias para a valida\u00e7\u00e3o de produtos m\u00e9dicos e auditorias regulamentares.<\/p>\n<hr class=\"\" data-start=\"3859\" data-end=\"3862\" \/>\n<h2 data-start=\"3864\" data-end=\"3996\">Aplica\u00e7\u00f5es no fabrico e na investiga\u00e7\u00e3o m\u00e9dica<\/h2>\n<p class=\"\" data-start=\"3864\" data-end=\"3996\">O <strong data-start=\"3929\" data-end=\"3971\">aparelho para testar a rigidez de tubos de agulhas m\u00e9dicas<\/strong> \u00e9 amplamente aplic\u00e1vel em:<\/p>\n<ul data-start=\"3997\" data-end=\"4271\">\n<li class=\"\" data-start=\"3997\" data-end=\"4038\">\n<p class=\"\" data-start=\"3999\" data-end=\"4038\">Fabrico de agulhas hipod\u00e9rmicas e de canetas<\/p>\n<\/li>\n<li class=\"\" data-start=\"4039\" data-end=\"4097\">\n<p class=\"\" data-start=\"4041\" data-end=\"4097\">Departamentos de controlo de qualidade na produ\u00e7\u00e3o de dispositivos m\u00e9dicos<\/p>\n<\/li>\n<li class=\"\" data-start=\"4098\" data-end=\"4166\">\n<p class=\"\" data-start=\"4100\" data-end=\"4166\">Laborat\u00f3rios de investiga\u00e7\u00e3o e desenvolvimento que trabalham em concep\u00e7\u00f5es inovadoras de agulhas<\/p>\n<\/li>\n<li class=\"\" data-start=\"4167\" data-end=\"4218\">\n<p class=\"\" data-start=\"4169\" data-end=\"4218\">Ag\u00eancias reguladoras de testes e organismos de inspe\u00e7\u00e3o<\/p>\n<\/li>\n<li class=\"\" data-start=\"4219\" data-end=\"4271\">\n<p class=\"\" data-start=\"4221\" data-end=\"4271\">OEMs e fornecedores de componentes m\u00e9dicos de marca pr\u00f3pria<\/p>\n<\/li>\n<\/ul>\n<p class=\"\" data-start=\"4273\" data-end=\"4388\">Fornece dados mec\u00e2nicos cr\u00edticos que garantem que cada tubo de agulha funciona de forma fi\u00e1vel em condi\u00e7\u00f5es de utiliza\u00e7\u00e3o cl\u00ednica.<\/p>\n<hr class=\"\" data-start=\"4390\" data-end=\"4393\" \/>\n<h2 data-start=\"4395\" data-end=\"4437\">Especifica\u00e7\u00f5es t\u00e9cnicas num relance<\/h2>\n<div class=\"_tableContainer_16hzy_1\">\n<div class=\"_tableWrapper_16hzy_14 group flex w-fit flex-col-reverse\" tabindex=\"-1\">\n<table class=\"w-fit min-w-(--thread-content-width)\" data-start=\"4438\" data-end=\"4972\">\n<thead data-start=\"4438\" data-end=\"4503\">\n<tr data-start=\"4438\" data-end=\"4503\">\n<th data-start=\"4438\" data-end=\"4466\" data-col-size=\"sm\"><strong data-start=\"4440\" data-end=\"4453\">Par\u00e2metro<\/strong><\/th>\n<th data-start=\"4466\" data-end=\"4503\" data-col-size=\"sm\"><strong data-start=\"4468\" data-end=\"4485\">Especifica\u00e7\u00e3o<\/strong><\/th>\n<\/tr>\n<\/thead>\n<tbody data-start=\"4570\" data-end=\"4972\">\n<tr data-start=\"4570\" data-end=\"4635\">\n<td data-start=\"4570\" data-end=\"4598\" data-col-size=\"sm\">For\u00e7a m\u00e1xima de ensaio<\/td>\n<td data-col-size=\"sm\" data-start=\"4598\" data-end=\"4635\">60 N (personaliz\u00e1vel)<\/td>\n<\/tr>\n<tr data-start=\"4636\" data-end=\"4701\">\n<td data-start=\"4636\" data-end=\"4664\" data-col-size=\"sm\">Faixa de velocidade<\/td>\n<td data-col-size=\"sm\" data-start=\"4664\" data-end=\"4701\">1-500 mm\/min<\/td>\n<\/tr>\n<tr data-start=\"4702\" data-end=\"4767\">\n<td data-start=\"4702\" data-end=\"4730\" data-col-size=\"sm\">Precis\u00e3o da medi\u00e7\u00e3o<\/td>\n<td data-col-size=\"sm\" data-start=\"4730\" data-end=\"4767\">\u00b10,01 mm<\/td>\n<\/tr>\n<tr data-start=\"4768\" data-end=\"4833\">\n<td data-start=\"4768\" data-end=\"4796\" data-col-size=\"sm\">Fonte de energia<\/td>\n<td data-col-size=\"sm\" data-start=\"4796\" data-end=\"4833\">110~220V<\/td>\n<\/tr>\n<tr data-start=\"4834\" data-end=\"4899\">\n<td data-start=\"4834\" data-end=\"4862\" data-col-size=\"sm\">Interface de controlo<\/td>\n<td data-col-size=\"sm\" data-start=\"4862\" data-end=\"4899\">PLC com ecr\u00e3 t\u00e1til HMI de 7\"<\/td>\n<\/tr>\n<tr data-start=\"4900\" data-end=\"4972\">\n<td data-start=\"4900\" data-end=\"4928\" data-col-size=\"sm\">Acess\u00f3rios inclu\u00eddos<\/td>\n<td data-col-size=\"sm\" data-start=\"4928\" data-end=\"4972\">\u00cambolo, suporte de tubos, cabo de alimenta\u00e7\u00e3o, fus\u00edvel<\/td>\n<\/tr>\n<\/tbody>\n<\/table>\n<div class=\"sticky end-(--thread-content-margin) h-0 self-end select-none\">\n<div class=\"absolute end-0 flex items-end\"><span style=\"font-size: 16px;\">O ensaio de rigidez \u00e9 essencial para garantir a <\/span><strong style=\"font-size: 16px;\" data-start=\"5044\" data-end=\"5090\">fiabilidade mec\u00e2nica e seguran\u00e7a cl\u00ednica<\/strong><span style=\"font-size: 16px;\"> de agulhas hipod\u00e9rmicas. Ao cumprir o <\/span><strong style=\"font-size: 16px;\" data-start=\"5132\" data-end=\"5152\"><a href=\"https:\/\/www.iso.org\/standard\/60480.html\" target=\"_blank\" rel=\"noopener nofollow\">Norma ISO 9626<\/a> testando<\/strong><span style=\"font-size: 16px;\"> os fabricantes podem garantir que as suas tubagens cumprem as normas de desempenho globais. Os <\/span><strong style=\"font-size: 16px;\" data-start=\"5247\" data-end=\"5295\">TS-01 Medidor de rigidez de tubos de agulhas m\u00e9dicas<\/strong><span style=\"font-size: 16px;\"> de <\/span><strong style=\"font-size: 16px;\" data-start=\"5301\" data-end=\"5321\">Instrumentos de C\u00e9lula<\/strong><span style=\"font-size: 16px;\"> oferece uma solu\u00e7\u00e3o profissional, precisa e f\u00e1cil de utilizar para a medi\u00e7\u00e3o da rigidez. Quer seja para conformidade, I&amp;D ou garantia de qualidade, o TS-01 \u00e9 a escolha de confian\u00e7a para a avalia\u00e7\u00e3o de tubos de agulhas.<\/span><\/div>\n<\/div>\n<\/div>\n<\/div>\n<hr class=\"\" data-start=\"5520\" data-end=\"5523\" \/>\n<h2 data-start=\"5525\" data-end=\"5572\">FAQ: Testador de rigidez de tubos de agulhas m\u00e9dicas<\/h2>\n<p class=\"\" data-start=\"5755\" data-end=\"5933\"><strong data-start=\"5755\" data-end=\"5829\">Q1: Que tipo de agulhas ou tubos podem ser testados com este instrumento?<\/strong><br data-start=\"5829\" data-end=\"5832\" \/>A1: \u00c9 adequado para tubos de agulha de a\u00e7o inoxid\u00e1vel utilizados em agulhas hipod\u00e9rmicas, de caneta ou intravenosas.<\/p>\n<p class=\"\" data-start=\"6096\" data-end=\"6253\"><strong data-start=\"6096\" data-end=\"6138\">Q2: Posso testar diferentes tamanhos de tubos?<\/strong><br data-start=\"6138\" data-end=\"6141\" \/>A2: Sim, o aparelho de teste inclui acess\u00f3rios ajust\u00e1veis e suporta diferentes v\u00e3os de acordo com as especifica\u00e7\u00f5es da Tabela 2 da ISO.<\/p>","protected":false},"excerpt":{"rendered":"<p>Introduction to Medical Needle Tubing Stiffness Tester Ensuring the mechanical integrity of hypodermic needles is critical in the medical field. One essential property that influences performance, safety, and usability is tubing stiffness. The medical needle tubing stiffness tester provides a standardized, precise method to evaluate the stiffness of stainless steel tubing used in needle manufacturing. &hellip;<\/p>\n<p class=\"read-more\"> <a class=\"\" href=\"https:\/\/www.qualitester.com\/pt\/produto\/medical-needle-tubing-stiffness-tester\/\"> <span class=\"screen-reader-text\">Testador de rigidez de tubo TS-01<\/span> Ler mais \"<\/a><\/p>","protected":false},"featured_media":6646,"comment_status":"closed","ping_status":"closed","template":"","meta":{"site-sidebar-layout":"default","site-content-layout":"default","ast-global-header-display":"","ast-main-header-display":"","ast-hfb-above-header-display":"","ast-hfb-below-header-display":"","ast-hfb-mobile-header-display":"","site-post-title":"","ast-breadcrumbs-content":"","ast-featured-img":"","footer-sml-layout":"","theme-transparent-header-meta":"default","adv-header-id-meta":"","stick-header-meta":"","header-above-stick-meta":"","header-main-stick-meta":"","header-below-stick-meta":""},"product_cat":[1180,845,934,149],"product_tag":[],"class_list":{"0":"post-6644","1":"product","2":"type-product","3":"status-publish","4":"has-post-thumbnail","6":"product_cat-iso-9626","7":"product_cat-customization","8":"product_cat-medical-packaging-tester","9":"product_cat-pharma-and-medical-testers","10":"desktop-align-left","11":"tablet-align-left","12":"mobile-align-left","14":"first","15":"instock","16":"shipping-taxable","17":"product-type-simple"},"_links":{"self":[{"href":"https:\/\/www.qualitester.com\/pt\/wp-json\/wp\/v2\/product\/6644","targetHints":{"allow":["GET"]}}],"collection":[{"href":"https:\/\/www.qualitester.com\/pt\/wp-json\/wp\/v2\/product"}],"about":[{"href":"https:\/\/www.qualitester.com\/pt\/wp-json\/wp\/v2\/types\/product"}],"replies":[{"embeddable":true,"href":"https:\/\/www.qualitester.com\/pt\/wp-json\/wp\/v2\/comments?post=6644"}],"version-history":[{"count":0,"href":"https:\/\/www.qualitester.com\/pt\/wp-json\/wp\/v2\/product\/6644\/revisions"}],"wp:featuredmedia":[{"embeddable":true,"href":"https:\/\/www.qualitester.com\/pt\/wp-json\/wp\/v2\/media\/6646"}],"wp:attachment":[{"href":"https:\/\/www.qualitester.com\/pt\/wp-json\/wp\/v2\/media?parent=6644"}],"wp:term":[{"taxonomy":"product_cat","embeddable":true,"href":"https:\/\/www.qualitester.com\/pt\/wp-json\/wp\/v2\/product_cat?post=6644"},{"taxonomy":"product_tag","embeddable":true,"href":"https:\/\/www.qualitester.com\/pt\/wp-json\/wp\/v2\/product_tag?post=6644"}],"curies":[{"name":"wp","href":"https:\/\/api.w.org\/{rel}","templated":true}]}}