{"id":6640,"date":"2025-05-07T10:25:05","date_gmt":"2025-05-07T02:25:05","guid":{"rendered":"https:\/\/www.qualitester.com\/?post_type=product&#038;p=6640"},"modified":"2025-05-07T10:25:05","modified_gmt":"2025-05-07T02:25:05","slug":"syringe-piston-glide-force-tester","status":"publish","type":"product","link":"https:\/\/www.qualitester.com\/pt\/produto\/syringe-piston-glide-force-tester\/","title":{"rendered":"SSR-01 Verificador da resist\u00eancia de deslizamento da seringa"},"content":{"rendered":"<h2 data-start=\"378\" data-end=\"1083\">A import\u00e2ncia da for\u00e7a de deslizamento no desempenho da seringa<\/h2>\n<p class=\"\" data-start=\"378\" data-end=\"1083\">No fabrico de seringas e no controlo de qualidade, <em data-start=\"497\" data-end=\"510\">for\u00e7a de deslizamento<\/em> desempenha um papel fundamental na determina\u00e7\u00e3o da suavidade e consist\u00eancia com que o \u00eambolo de uma seringa se move durante a administra\u00e7\u00e3o do medicamento. Tem um impacto direto na facilidade de utiliza\u00e7\u00e3o, no conforto do doente e na precis\u00e3o da dosagem. Este artigo apresenta o <strong data-start=\"727\" data-end=\"764\">Verificador da for\u00e7a de deslizamento do pist\u00e3o da seringa<\/strong>, um instrumento especializado concebido para quantificar este par\u00e2metro crucial de acordo com <strong data-start=\"854\" data-end=\"876\">ISO 7886-1 Anexo E<\/strong>. Iremos aprofundar o seu m\u00e9todo de teste, as suas capacidades t\u00e9cnicas e a forma como apoia a conformidade com <strong data-start=\"977\" data-end=\"997\"><a href=\"https:\/\/www.qualitester.com\/pt\/standards\/iso-7886-1\/\" target=\"_blank\" rel=\"noopener\">ISO 7886<\/a> testando<\/strong> essenciais para os fabricantes de seringas e profissionais de garantia de qualidade.<\/p>\n<hr class=\"\" data-start=\"1085\" data-end=\"1088\" \/>\n<h2 data-start=\"1090\" data-end=\"1367\">Explica\u00e7\u00e3o do verificador da for\u00e7a de deslizamento do pist\u00e3o da seringa e do teste ISO 7886<\/h2>\n<p class=\"\" data-start=\"1090\" data-end=\"1367\">O <strong data-start=\"1165\" data-end=\"1202\">Verificador da for\u00e7a de deslizamento do pist\u00e3o da seringa<\/strong>-tamb\u00e9m designado por <strong data-start=\"1227\" data-end=\"1271\">SSR-01 Verificador da resist\u00eancia de deslizamento da seringa<\/strong>-foi concebido para efetuar testes de precis\u00e3o em seringas hipod\u00e9rmicas. A sua principal fun\u00e7\u00e3o \u00e9 medir:<\/p>\n<ul data-start=\"1369\" data-end=\"1537\">\n<li class=\"\" data-start=\"1369\" data-end=\"1431\">\n<p class=\"\" data-start=\"1371\" data-end=\"1431\">O <strong data-start=\"1375\" data-end=\"1395\">for\u00e7a iniciadora<\/strong> necess\u00e1rio para iniciar o movimento do pist\u00e3o<\/p>\n<\/li>\n<li class=\"\" data-start=\"1432\" data-end=\"1481\">\n<p class=\"\" data-start=\"1434\" data-end=\"1481\">O <strong data-start=\"1438\" data-end=\"1452\">for\u00e7a m\u00e9dia<\/strong> durante o movimento cont\u00ednuo<\/p>\n<\/li>\n<li class=\"\" data-start=\"1482\" data-end=\"1537\">\n<p class=\"\" data-start=\"1484\" data-end=\"1537\">O <strong data-start=\"1488\" data-end=\"1505\">for\u00e7a m\u00e1xima<\/strong> encontradas durante o teste<\/p>\n<\/li>\n<\/ul>\n<p class=\"\" data-start=\"1539\" data-end=\"1878\">Estes par\u00e2metros s\u00e3o fundamentais para o perfil de for\u00e7a de deslizamento descrito em <strong data-start=\"1607\" data-end=\"1629\">ISO 7886-1 Anexo E<\/strong>A norma internacional que rege as seringas hipod\u00e9rmicas est\u00e9reis de utiliza\u00e7\u00e3o manual. O Anexo E descreve em pormenor o m\u00e9todo de avalia\u00e7\u00e3o da resist\u00eancia de um \u00eambolo quando o fluido \u00e9 expelido a uma velocidade constante, utilizando \u00e1gua destilada e uma configura\u00e7\u00e3o normalizada.<\/p>\n<p class=\"\" data-start=\"1880\" data-end=\"2117\">Ao alinharem-se com a ISO 7886, os fabricantes podem garantir que os seus produtos cumprem as expectativas globais de seguran\u00e7a e desempenho. Isto \u00e9 fundamental para dispositivos m\u00e9dicos est\u00e9reis destinados a uma utiliza\u00e7\u00e3o generalizada em hospitais, cl\u00ednicas e cuidados de sa\u00fade ao domic\u00edlio.<\/p>\n<hr class=\"\" data-start=\"2119\" data-end=\"2122\" \/>\n<h2 data-start=\"2124\" data-end=\"2358\">Como \u00e9 medida a for\u00e7a de deslizamento: Procedimento do Anexo E da ISO 7886-1<\/h2>\n<p class=\"\" data-start=\"2124\" data-end=\"2358\">Para determinar com precis\u00e3o a for\u00e7a de deslizamento, o <strong data-start=\"2233\" data-end=\"2277\">SSR-01 Verificador da for\u00e7a de deslizamento do pist\u00e3o da seringa<\/strong> utiliza o procedimento previsto no <strong data-start=\"2311\" data-end=\"2333\">ISO 7886-1 Anexo E<\/strong>. As etapas principais incluem:<\/p>\n<ul data-start=\"2360\" data-end=\"2688\">\n<li class=\"\" data-start=\"2360\" data-end=\"2438\">\n<p class=\"\" data-start=\"2362\" data-end=\"2438\">Encher a seringa com <strong data-start=\"2387\" data-end=\"2406\">\u00e1gua destilada<\/strong> para al\u00e9m da sua capacidade nominal.<\/p>\n<\/li>\n<li class=\"\" data-start=\"2439\" data-end=\"2547\">\n<p class=\"\" data-start=\"2441\" data-end=\"2547\">Montar a seringa no suporte de ensaio, alinhando o n\u00edvel de \u00e1gua do reservat\u00f3rio com o ponto m\u00e9dio do corpo da seringa.<\/p>\n<\/li>\n<li class=\"\" data-start=\"2548\" data-end=\"2591\">\n<p class=\"\" data-start=\"2550\" data-end=\"2591\">Definir o <strong data-start=\"2562\" data-end=\"2590\">velocidade de ensaio a 100 mm\/min<\/strong>.<\/p>\n<\/li>\n<li class=\"\" data-start=\"2592\" data-end=\"2688\">\n<p class=\"\" data-start=\"2594\" data-end=\"2688\">Ativa\u00e7\u00e3o do acionamento mec\u00e2nico para pressionar o pist\u00e3o enquanto regista continuamente os dados de for\u00e7a.<\/p>\n<\/li>\n<\/ul>\n<p class=\"\" data-start=\"2690\" data-end=\"2710\">O sistema capta:<\/p>\n<ul data-start=\"2712\" data-end=\"2929\">\n<li class=\"\" data-start=\"2712\" data-end=\"2784\">\n<p class=\"\" data-start=\"2714\" data-end=\"2784\"><strong data-start=\"2714\" data-end=\"2740\">For\u00e7a de arranque (fs):<\/strong> a for\u00e7a necess\u00e1ria para iniciar o movimento do \u00eambolo.<\/p>\n<\/li>\n<li class=\"\" data-start=\"2785\" data-end=\"2855\">\n<p class=\"\" data-start=\"2787\" data-end=\"2855\"><strong data-start=\"2787\" data-end=\"2812\">For\u00e7a de deslizamento m\u00e9dia (F):<\/strong> for\u00e7a m\u00e9dia durante todo o movimento do \u00eambolo.<\/p>\n<\/li>\n<li class=\"\" data-start=\"2856\" data-end=\"2929\">\n<p class=\"\" data-start=\"2858\" data-end=\"2929\"><strong data-start=\"2858\" data-end=\"2883\">For\u00e7a m\u00e1xima (Fmax):<\/strong> a for\u00e7a m\u00e1xima necess\u00e1ria durante o curso do pist\u00e3o.<\/p>\n<\/li>\n<\/ul>\n<p class=\"\" data-start=\"2931\" data-end=\"3036\">Este processo normalizado assegura uma repeti\u00e7\u00e3o precisa e a integridade dos dados para a elabora\u00e7\u00e3o de relat\u00f3rios de controlo de qualidade.<\/p>\n<hr class=\"\" data-start=\"3038\" data-end=\"3041\" \/>\n<h2 data-start=\"3043\" data-end=\"3268\">Principais carater\u00edsticas do testador de resist\u00eancia ao deslizamento de seringas SSR-01<\/h2>\n<p class=\"\" data-start=\"3043\" data-end=\"3268\">Instrumentos de C\u00e9lula <strong data-start=\"3124\" data-end=\"3134\">SSR-01<\/strong> traz automa\u00e7\u00e3o, fiabilidade e dados de alta resolu\u00e7\u00e3o para o teste da for\u00e7a de deslizamento da seringa. Algumas das suas carater\u00edsticas de destaque incluem:<\/p>\n<ul data-start=\"3270\" data-end=\"3842\">\n<li class=\"\" data-start=\"3270\" data-end=\"3340\">\n<p class=\"\" data-start=\"3272\" data-end=\"3340\"><strong data-start=\"3272\" data-end=\"3290\">Elevada precis\u00e3o:<\/strong> \u00b10,5% leitura em escala real para medi\u00e7\u00f5es de for\u00e7a<\/p>\n<\/li>\n<li class=\"\" data-start=\"3341\" data-end=\"3420\">\n<p class=\"\" data-start=\"3343\" data-end=\"3420\"><strong data-start=\"3343\" data-end=\"3371\">Interface de f\u00e1cil utiliza\u00e7\u00e3o:<\/strong> Ecr\u00e3 t\u00e1til HMI de 7 polegadas com controlos intuitivos<\/p>\n<\/li>\n<li class=\"\" data-start=\"3421\" data-end=\"3502\">\n<p class=\"\" data-start=\"3423\" data-end=\"3502\"><strong data-start=\"3423\" data-end=\"3450\">Sistema de acionamento de precis\u00e3o:<\/strong> Mecanismo de fuso de esferas e velocidade de ensaio vari\u00e1vel<\/p>\n<\/li>\n<li class=\"\" data-start=\"3503\" data-end=\"3595\">\n<p class=\"\" data-start=\"3505\" data-end=\"3595\"><strong data-start=\"3505\" data-end=\"3526\">Sa\u00edda rica em dados:<\/strong> Captura simult\u00e2nea das for\u00e7as de deslizamento inicial, m\u00e9dia e m\u00e1xima<\/p>\n<\/li>\n<li class=\"\" data-start=\"3596\" data-end=\"3673\">\n<p class=\"\" data-start=\"3598\" data-end=\"3673\"><strong data-start=\"3598\" data-end=\"3624\">Lumin\u00e1rias personaliz\u00e1veis:<\/strong> Adapt\u00e1vel a diferentes tipos e tamanhos de seringas<\/p>\n<\/li>\n<li class=\"\" data-start=\"3674\" data-end=\"3733\">\n<p class=\"\" data-start=\"3676\" data-end=\"3733\"><strong data-start=\"3676\" data-end=\"3700\">Prote\u00e7\u00e3o contra sobrecarga:<\/strong> Aumenta a seguran\u00e7a durante os ensaios<\/p>\n<\/li>\n<li class=\"\" data-start=\"3734\" data-end=\"3842\">\n<p class=\"\" data-start=\"3736\" data-end=\"3842\"><strong data-start=\"3736\" data-end=\"3763\">Retorno autom\u00e1tico e impress\u00e3o:<\/strong> Regressa \u00e0 posi\u00e7\u00e3o inicial e imprime os resultados do teste com uma microimpressora incorporada<\/p>\n<\/li>\n<\/ul>\n<p class=\"\" data-start=\"3844\" data-end=\"3975\">Estas capacidades n\u00e3o s\u00f3 simplificam a conformidade com <strong data-start=\"3897\" data-end=\"3911\">Norma ISO 7886-1<\/strong> mas tamb\u00e9m otimizar a efici\u00eancia do fluxo de trabalho e reduzir os erros manuais.<\/p>\n<hr class=\"\" data-start=\"3977\" data-end=\"3980\" \/>\n<h2 data-start=\"3982\" data-end=\"4120\">Aplica\u00e7\u00f5es em v\u00e1rios sectores<\/h2>\n<p class=\"\" data-start=\"3982\" data-end=\"4120\">O teste da for\u00e7a de deslizamento \u00e9 essencial em v\u00e1rios sectores em que as seringas s\u00e3o componentes cr\u00edticos:<\/p>\n<ul data-start=\"4122\" data-end=\"4446\">\n<li class=\"\" data-start=\"4122\" data-end=\"4205\">\n<p class=\"\" data-start=\"4124\" data-end=\"4205\"><strong data-start=\"4124\" data-end=\"4157\">Fabrico de dispositivos m\u00e9dicos:<\/strong> Assegura o bom desempenho e a seguran\u00e7a dos doentes<\/p>\n<\/li>\n<li class=\"\" data-start=\"4206\" data-end=\"4275\">\n<p class=\"\" data-start=\"4208\" data-end=\"4275\"><strong data-start=\"4208\" data-end=\"4237\">Embalagem farmac\u00eautica:<\/strong> Verifica os mecanismos de entrega adequados<\/p>\n<\/li>\n<li class=\"\" data-start=\"4276\" data-end=\"4365\">\n<p class=\"\" data-start=\"4278\" data-end=\"4365\"><strong data-start=\"4278\" data-end=\"4314\">Laborat\u00f3rios de ensaios regulamentares:<\/strong> Confirma a conformidade com as normas internacionais<\/p>\n<\/li>\n<li class=\"\" data-start=\"4366\" data-end=\"4446\">\n<p class=\"\" data-start=\"4368\" data-end=\"4446\"><strong data-start=\"4368\" data-end=\"4394\">Unidades de controlo de qualidade:<\/strong> Identifica seringas defeituosas no in\u00edcio da produ\u00e7\u00e3o<\/p>\n<\/li>\n<\/ul>\n<p class=\"\" data-start=\"4448\" data-end=\"4583\">Com aplica\u00e7\u00f5es que abrangem hospitais, laborat\u00f3rios e linhas de produ\u00e7\u00e3o industrial, o SSR-01 prova a sua versatilidade e fiabilidade.<\/p>\n<hr class=\"\" data-start=\"4585\" data-end=\"4588\" \/>\n<h2 data-start=\"4590\" data-end=\"5050\">Por que escolher o SSR-01 da Cell Instruments para testes de for\u00e7a de deslizamento?<\/h2>\n<p class=\"\" data-start=\"4590\" data-end=\"5050\">A Cell Instruments tem uma vasta experi\u00eancia em <strong data-start=\"4702\" data-end=\"4736\">ensaios de materiais e embalagens<\/strong> e oferece total personaliza\u00e7\u00e3o para atender a requisitos de testes especializados. O SSR-01 representa o nosso compromisso com <strong data-start=\"4849\" data-end=\"4909\">inova\u00e7\u00e3o, garantia de qualidade e conformidade regulamentar<\/strong>. Ao escolher a nossa solu\u00e7\u00e3o, os fabricantes de seringas ganham um parceiro fi\u00e1vel para apoiar a ades\u00e3o \u00e0 ISO 7886-1 e a melhoria cont\u00ednua do produto.<\/p>\n<p class=\"\" data-start=\"5057\" data-end=\"5513\">Compreender e controlar <em data-start=\"5104\" data-end=\"5117\">for\u00e7a de deslizamento<\/em> n\u00e3o se trata apenas de cumprir as normas - trata-se de fornecer qualidade e seguran\u00e7a aos utilizadores finais. Com os produtos da Cell Instruments <strong data-start=\"5232\" data-end=\"5269\">Verificador da for\u00e7a de deslizamento do pist\u00e3o da seringa<\/strong>, o cumprimento de <strong data-start=\"5287\" data-end=\"5309\"><a href=\"https:\/\/www.iso.org\/standard\/64790.html\" target=\"_blank\" rel=\"noopener nofollow\">Norma ISO 7886-1<\/a> Anexo E<\/strong> torna-se simples e fi\u00e1vel. Quer esteja a trabalhar na produ\u00e7\u00e3o farmac\u00eautica, no controlo de qualidade de dispositivos m\u00e9dicos ou na valida\u00e7\u00e3o laboratorial, o <strong data-start=\"5447\" data-end=\"5457\">SSR-01<\/strong> \u00e9 a sua solu\u00e7\u00e3o para precis\u00e3o, consist\u00eancia e confian\u00e7a.<\/p>\n<hr class=\"\" data-start=\"5515\" data-end=\"5518\" \/>\n<h2 data-start=\"5520\" data-end=\"5530\">Perguntas frequentes<\/h2>\n<p class=\"\" data-start=\"5532\" data-end=\"5765\"><strong data-start=\"5532\" data-end=\"5603\">1. O que \u00e9 a for\u00e7a de deslizamento e porque \u00e9 que \u00e9 importante no teste da seringa?<\/strong><br data-start=\"5603\" data-end=\"5606\" \/>A for\u00e7a de deslizamento \u00e9 a resist\u00eancia encontrada quando se move o pist\u00e3o da seringa. \u00c9 fundamental para garantir uma administra\u00e7\u00e3o suave da medica\u00e7\u00e3o e evitar o desconforto do utilizador.<\/p>\n<p class=\"\" data-start=\"5962\" data-end=\"6133\"><strong data-start=\"5962\" data-end=\"6018\">2. Que for\u00e7as s\u00e3o medidas com o aparelho de teste SSR-01?<\/strong><br data-start=\"6018\" data-end=\"6021\" \/>O SSR-01 mede o <strong data-start=\"6045\" data-end=\"6065\">for\u00e7a iniciadora<\/strong>, <strong data-start=\"6067\" data-end=\"6087\">m\u00e9dia<\/strong>, e <strong data-start=\"6093\" data-end=\"6116\">for\u00e7a de deslizamento m\u00e1xima<\/strong> durante o teste.<\/p>\n<p class=\"\" data-start=\"6135\" data-end=\"6287\"><strong data-start=\"6135\" data-end=\"6190\">3. O SSR-01 pode testar seringas de tamanhos diferentes?<\/strong><br data-start=\"6190\" data-end=\"6193\" \/>Sim, o sistema inclui v\u00e1rios acess\u00f3rios que se adaptam a v\u00e1rios tamanhos e volumes de seringas.<\/p>\n<p class=\"\" data-start=\"6289\" data-end=\"6506\"><strong data-start=\"6289\" data-end=\"6351\">4. Como \u00e9 que a Cell Instruments apoia as necessidades de testes personalizados?<\/strong><br data-start=\"6351\" data-end=\"6354\" \/>Fornecemos <strong data-start=\"6365\" data-end=\"6442\">desenvolvimento de dispositivos personalizados, actualiza\u00e7\u00f5es de automa\u00e7\u00e3o e integra\u00e7\u00e3o de software<\/strong> para satisfazer as necessidades espec\u00edficas dos clientes em diversos sectores.<\/p>","protected":false},"excerpt":{"rendered":"<p>The Importance of Glide Force in Syringe Performance In syringe manufacturing and quality control, glide force plays a pivotal role in determining how smoothly and consistently a syringe\u2019s piston moves during drug administration. It directly impacts usability, patient comfort, and dosing accuracy. This article introduces the Syringe Piston Glide Force Tester, a specialized instrument designed &hellip;<\/p>\n<p class=\"read-more\"> <a class=\"\" href=\"https:\/\/www.qualitester.com\/pt\/produto\/syringe-piston-glide-force-tester\/\"> <span class=\"screen-reader-text\">SSR-01 Verificador da resist\u00eancia de deslizamento da seringa<\/span> Ler mais \"<\/a><\/p>","protected":false},"featured_media":6642,"comment_status":"closed","ping_status":"closed","template":"","meta":{"site-sidebar-layout":"default","site-content-layout":"default","ast-global-header-display":"","ast-main-header-display":"","ast-hfb-above-header-display":"","ast-hfb-below-header-display":"","ast-hfb-mobile-header-display":"","site-post-title":"","ast-breadcrumbs-content":"","ast-featured-img":"","footer-sml-layout":"","theme-transparent-header-meta":"default","adv-header-id-meta":"","stick-header-meta":"","header-above-stick-meta":"","header-main-stick-meta":"","header-below-stick-meta":""},"product_cat":[1053,934,149],"product_tag":[],"class_list":{"0":"post-6640","1":"product","2":"type-product","3":"status-publish","4":"has-post-thumbnail","6":"product_cat-iso-7886-1","7":"product_cat-medical-packaging-tester","8":"product_cat-pharma-and-medical-testers","9":"desktop-align-left","10":"tablet-align-left","11":"mobile-align-left","13":"first","14":"instock","15":"shipping-taxable","16":"product-type-simple"},"_links":{"self":[{"href":"https:\/\/www.qualitester.com\/pt\/wp-json\/wp\/v2\/product\/6640","targetHints":{"allow":["GET"]}}],"collection":[{"href":"https:\/\/www.qualitester.com\/pt\/wp-json\/wp\/v2\/product"}],"about":[{"href":"https:\/\/www.qualitester.com\/pt\/wp-json\/wp\/v2\/types\/product"}],"replies":[{"embeddable":true,"href":"https:\/\/www.qualitester.com\/pt\/wp-json\/wp\/v2\/comments?post=6640"}],"version-history":[{"count":0,"href":"https:\/\/www.qualitester.com\/pt\/wp-json\/wp\/v2\/product\/6640\/revisions"}],"wp:featuredmedia":[{"embeddable":true,"href":"https:\/\/www.qualitester.com\/pt\/wp-json\/wp\/v2\/media\/6642"}],"wp:attachment":[{"href":"https:\/\/www.qualitester.com\/pt\/wp-json\/wp\/v2\/media?parent=6640"}],"wp:term":[{"taxonomy":"product_cat","embeddable":true,"href":"https:\/\/www.qualitester.com\/pt\/wp-json\/wp\/v2\/product_cat?post=6640"},{"taxonomy":"product_tag","embeddable":true,"href":"https:\/\/www.qualitester.com\/pt\/wp-json\/wp\/v2\/product_tag?post=6640"}],"curies":[{"name":"wp","href":"https:\/\/api.w.org\/{rel}","templated":true}]}}