{"id":6624,"date":"2025-04-23T10:13:39","date_gmt":"2025-04-23T02:13:39","guid":{"rendered":"https:\/\/www.qualitester.com\/?post_type=product&#038;p=6624"},"modified":"2025-04-23T10:16:05","modified_gmt":"2025-04-23T02:16:05","slug":"syringe-air-leakage-tester-iso-7886-1","status":"publish","type":"product","link":"https:\/\/www.qualitester.com\/pt\/produto\/syringe-air-leakage-tester-iso-7886-1\/","title":{"rendered":"SLT-02 Verificador de fugas de ar em seringas"},"content":{"rendered":"<p class=\"\" data-start=\"489\" data-end=\"995\">Para garantir a seguran\u00e7a e o desempenho das seringas m\u00e9dicas, s\u00e3o essenciais m\u00e9todos de ensaio rigorosos. Entre eles, o <strong data-start=\"602\" data-end=\"632\">teste de fugas de ar com seringa<\/strong> \u00e9 um instrumento vital que desempenha um papel central na identifica\u00e7\u00e3o de potenciais fugas e desprendimento do \u00eambolo durante a aspira\u00e7\u00e3o. Concebido em conformidade com <em data-start=\"778\" data-end=\"790\">Norma ISO 7886-1<\/em> e nomeadamente <em data-start=\"808\" data-end=\"817\">Anexo B<\/em>, o <strong data-start=\"823\" data-end=\"853\">Testador de fugas de seringa SLT-02<\/strong> de <strong data-start=\"859\" data-end=\"879\">Instrumentos de C\u00e9lula<\/strong> fornece resultados altamente fi\u00e1veis para profissionais envolvidos em <strong data-start=\"943\" data-end=\"969\">dete\u00e7\u00e3o de fugas na seringa<\/strong> e <strong data-start=\"974\" data-end=\"994\">Ensaios ISO 7886<\/strong>.<\/p>\n<h2 data-start=\"1002\" data-end=\"1065\">Compreender o Anexo B da ISO 7886-1 e a dete\u00e7\u00e3o de fugas em seringas<\/h2>\n<p class=\"\" data-start=\"1067\" data-end=\"1442\"><a href=\"https:\/\/www.qualitester.com\/pt\/categoria-produto\/iso\/iso-7886-1\/\" target=\"_blank\" rel=\"noopener\"><strong><em data-start=\"1067\" data-end=\"1079\">Norma ISO 7886-1<\/em><\/strong><\/a>intitulada \"Sterile hypodermic syringes for single use - Part 1: Syringes for manual use\", \u00e9 a norma global que define os requisitos de desempenho e seguran\u00e7a para seringas m\u00e9dicas. No \u00e2mbito desta norma, <strong data-start=\"1281\" data-end=\"1292\">Anexo B<\/strong> descreve o <strong data-start=\"1307\" data-end=\"1371\">m\u00e9todo de ensaio da fuga de ar atrav\u00e9s da rolha do \u00eambolo da seringa<\/strong> durante a aspira\u00e7\u00e3o, bem como a <strong data-start=\"1406\" data-end=\"1441\">dete\u00e7\u00e3o da separa\u00e7\u00e3o do \u00eambolo<\/strong>.<\/p>\n<p class=\"\" data-start=\"1444\" data-end=\"1588\">Este m\u00e9todo \u00e9 crucial porque a fuga de ar numa seringa pode comprometer a esterilidade, a exatid\u00e3o da dosagem e a seguran\u00e7a do doente. O procedimento envolve:<\/p>\n<ul data-start=\"1590\" data-end=\"1809\">\n<li class=\"\" data-start=\"1590\" data-end=\"1675\">\n<p class=\"\" data-start=\"1592\" data-end=\"1675\">Encher a seringa com pelo menos 25% da sua capacidade nominal com \u00e1gua (18-28\u00b0C),<\/p>\n<\/li>\n<li class=\"\" data-start=\"1676\" data-end=\"1742\">\n<p class=\"\" data-start=\"1678\" data-end=\"1742\">Criar um <strong data-start=\"1689\" data-end=\"1718\">press\u00e3o de v\u00e1cuo de 88 kPa<\/strong> abaixo da press\u00e3o ambiente,<\/p>\n<\/li>\n<li class=\"\" data-start=\"1743\" data-end=\"1809\">\n<p class=\"\" data-start=\"1745\" data-end=\"1809\">Observar a exist\u00eancia de fugas de ar ou <strong data-start=\"1778\" data-end=\"1808\">desprendimento da tampa do \u00eambolo<\/strong>.<\/p>\n<\/li>\n<\/ul>\n<p class=\"\" data-start=\"1811\" data-end=\"1926\">O SLT-02 foi concebido com precis\u00e3o para reproduzir estas condi\u00e7\u00f5es de forma controlada, automatizada e repet\u00edvel.<\/p>\n<h2 data-start=\"1933\" data-end=\"1985\">SLT-02 Verificador de fugas de ar em seringas<\/h2>\n<p class=\"\" data-start=\"1987\" data-end=\"2247\">O <strong data-start=\"1991\" data-end=\"2028\">SLT-02 Verificador de fugas de ar em seringas<\/strong> integra um sofisticado sistema de gera\u00e7\u00e3o de v\u00e1cuo e um mecanismo de controlo est\u00e1vel, permitindo aos operadores realizar eficazmente testes de fugas em seringas com precis\u00e3o e consist\u00eancia. Eis o que faz dela uma solu\u00e7\u00e3o de destaque:<\/p>\n<h3 data-start=\"2249\" data-end=\"2266\">Principais caracter\u00edsticas:<\/h3>\n<ol data-start=\"2267\" data-end=\"2625\">\n<li class=\"\" data-start=\"2267\" data-end=\"2319\">\n<p class=\"\" data-start=\"2269\" data-end=\"2319\"><strong data-start=\"2269\" data-end=\"2294\">Fixa\u00e7\u00e3o est\u00e1vel do v\u00e1cuo<\/strong> para uma medi\u00e7\u00e3o exacta.<\/p>\n<\/li>\n<li class=\"\" data-start=\"2320\" data-end=\"2393\">\n<p class=\"\" data-start=\"2322\" data-end=\"2393\"><strong data-start=\"2322\" data-end=\"2349\">Tecnologia de tubos Venturi<\/strong> para uma gera\u00e7\u00e3o eficaz de press\u00e3o negativa.<\/p>\n<\/li>\n<li class=\"\" data-start=\"2394\" data-end=\"2464\">\n<p class=\"\" data-start=\"2396\" data-end=\"2464\"><strong data-start=\"2396\" data-end=\"2426\">Sistema de fixa\u00e7\u00e3o ajust\u00e1vel<\/strong> permite acomodar v\u00e1rios volumes de seringa.<\/p>\n<\/li>\n<li class=\"\" data-start=\"2465\" data-end=\"2548\">\n<p class=\"\" data-start=\"2467\" data-end=\"2548\"><strong data-start=\"2467\" data-end=\"2490\">Funcionamento autom\u00e1tico<\/strong> ap\u00f3s o in\u00edcio do teste - \u00e9 necess\u00e1ria uma interven\u00e7\u00e3o m\u00ednima do utilizador.<\/p>\n<\/li>\n<li class=\"\" data-start=\"2549\" data-end=\"2625\">\n<p class=\"\" data-start=\"2551\" data-end=\"2625\"><strong data-start=\"2551\" data-end=\"2575\">Constru\u00e7\u00e3o duradoura<\/strong> garante uma longa vida \u00fatil em laborat\u00f3rios de controlo de qualidade de grande volume.<\/p>\n<\/li>\n<\/ol>\n<h3 data-start=\"2627\" data-end=\"2656\">Especifica\u00e7\u00f5es t\u00e9cnicas:<\/h3>\n<table style=\"height: 167px;\" width=\"1088\">\n<tbody>\n<tr>\n<td style=\"text-align: center;\" width=\"83\"><strong data-start=\"2659\" data-end=\"2674\">Faixa de teste<\/strong><\/td>\n<td style=\"text-align: center;\" width=\"91\">0~-90KPa<\/td>\n<\/tr>\n<tr>\n<td style=\"text-align: center;\" width=\"83\"><strong data-start=\"2691\" data-end=\"2714\">Press\u00e3o do ar de entrada<\/strong><\/td>\n<td style=\"text-align: center;\" width=\"91\">0,6~0,7 Mpa<\/td>\n<\/tr>\n<tr>\n<td style=\"text-align: center;\" width=\"83\"><strong data-start=\"2760\" data-end=\"2778\">Dura\u00e7\u00e3o do teste<\/strong><\/td>\n<td style=\"text-align: center;\" width=\"91\">At\u00e9 9999 horas (program\u00e1vel)<\/td>\n<\/tr>\n<tr>\n<td style=\"text-align: center;\" width=\"83\"><strong data-start=\"2733\" data-end=\"2750\">Fonte de energia<\/strong><\/td>\n<td style=\"text-align: center;\" width=\"91\">220V<\/td>\n<\/tr>\n<\/tbody>\n<\/table>\n<p class=\"\" data-start=\"2812\" data-end=\"3018\">O aparelho de teste inclui uma unidade de controlo do aparelho de teste de fugas, suporte para seringas, tubagem de liga\u00e7\u00e3o e os acess\u00f3rios necess\u00e1rios, tudo constru\u00eddo para cumprir os rigorosos requisitos de conformidade da <strong data-start=\"2978\" data-end=\"2990\">GB 15810<\/strong> e <strong data-start=\"2995\" data-end=\"3017\">ISO 7886-1 Anexo B<\/strong>.<\/p>\n<h2 data-start=\"3025\" data-end=\"3087\">Aplica\u00e7\u00f5es no controlo de qualidade m\u00e9dico e farmac\u00eautico<\/h2>\n<p class=\"\" data-start=\"3089\" data-end=\"3176\">O <strong data-start=\"3093\" data-end=\"3123\">teste de fugas de ar com seringa<\/strong> \u00e9 indispens\u00e1vel em v\u00e1rios sectores, incluindo:<\/p>\n<ul data-start=\"3178\" data-end=\"3478\">\n<li class=\"\" data-start=\"3178\" data-end=\"3261\">\n<p class=\"\" data-start=\"3180\" data-end=\"3261\"><strong data-start=\"3180\" data-end=\"3212\">Fabrico de dispositivos m\u00e9dicos<\/strong>garantir a conformidade com as normas regulamentares,<\/p>\n<\/li>\n<li class=\"\" data-start=\"3262\" data-end=\"3329\">\n<p class=\"\" data-start=\"3264\" data-end=\"3329\"><strong data-start=\"3264\" data-end=\"3297\">Laborat\u00f3rios de embalagem de produtos farmac\u00eauticos<\/strong>para a garantia de produtos esterilizados,<\/p>\n<\/li>\n<li class=\"\" data-start=\"3330\" data-end=\"3407\">\n<p class=\"\" data-start=\"3332\" data-end=\"3407\"><strong data-start=\"3332\" data-end=\"3364\">Ag\u00eancias de ensaio de terceiros<\/strong>Verificar a seguran\u00e7a e a consist\u00eancia dos produtos,<\/p>\n<\/li>\n<li class=\"\" data-start=\"3408\" data-end=\"3478\">\n<p class=\"\" data-start=\"3410\" data-end=\"3478\"><strong data-start=\"3410\" data-end=\"3422\">Laborat\u00f3rios de P&amp;D<\/strong>para avalia\u00e7\u00e3o de prot\u00f3tipos de seringas ou materiais.<\/p>\n<\/li>\n<\/ul>\n<p class=\"\" data-start=\"3480\" data-end=\"3711\">Profissionais envolvidos na garantia de qualidade e <strong data-start=\"3528\" data-end=\"3554\">dete\u00e7\u00e3o de fugas na seringa<\/strong> confiam em ferramentas como o SLT-02 n\u00e3o s\u00f3 para cumprir os requisitos de conformidade, mas tamb\u00e9m para aumentar a sua credibilidade e reduzir os riscos de falha do produto no mercado.<\/p>\n<h2 data-start=\"3718\" data-end=\"3778\">Por que escolher o SLT-02 da Cell Instruments para testes ISO 7886<\/h2>\n<p class=\"\" data-start=\"3780\" data-end=\"3941\">Como l\u00edder em solu\u00e7\u00f5es de teste de materiais e embalagens, <strong data-start=\"3838\" data-end=\"3868\">Cell Instruments Co., Ltd.<\/strong> oferece n\u00e3o s\u00f3 hardware robusto, mas tamb\u00e9m um servi\u00e7o excecional, incluindo:<\/p>\n<ul data-start=\"3943\" data-end=\"4174\">\n<li class=\"\" data-start=\"3943\" data-end=\"4013\">\n<p class=\"\" data-start=\"3945\" data-end=\"4013\">Acess\u00f3rios personaliz\u00e1veis para <strong data-start=\"3971\" data-end=\"4012\">tamanhos ou requisitos especiais de seringas<\/strong>,<\/p>\n<\/li>\n<li class=\"\" data-start=\"4014\" data-end=\"4076\">\n<p class=\"\" data-start=\"4016\" data-end=\"4076\"><strong data-start=\"4016\" data-end=\"4045\">Transforma\u00e7\u00e3o da automatiza\u00e7\u00e3o<\/strong> servi\u00e7os para linhas de produ\u00e7\u00e3o,<\/p>\n<\/li>\n<li class=\"\" data-start=\"4077\" data-end=\"4174\">\n<p class=\"\" data-start=\"4079\" data-end=\"4174\">Apoio t\u00e9cnico baseado num conhecimento profundo de <strong data-start=\"4125\" data-end=\"4139\">Norma ISO 7886-1<\/strong> e outras normas internacionais.<\/p>\n<\/li>\n<\/ul>\n<p class=\"\" data-start=\"4176\" data-end=\"4300\">O nosso compromisso com a qualidade, precis\u00e3o e satisfa\u00e7\u00e3o do cliente garante que os seus testes de seringas satisfazem as mais elevadas expectativas.<\/p>\n<p class=\"\" data-start=\"4323\" data-end=\"4624\">O <strong data-start=\"4327\" data-end=\"4364\">SLT-02 Seringa de ensaio de fugas de ar<\/strong> \u00e9 mais do que um dispositivo - \u00e9 uma solu\u00e7\u00e3o abrangente concebida para precis\u00e3o e fiabilidade de n\u00edvel m\u00e9dico. Com total conformidade com <strong data-start=\"4494\" data-end=\"4516\">ISO 7886-1 Anexo B<\/strong>O sistema de gest\u00e3o de riscos e de seguran\u00e7a da sa\u00fade, que apoia os profissionais na realiza\u00e7\u00e3o de actividades eficientes, rastre\u00e1veis e normalizadas <strong data-start=\"4597\" data-end=\"4623\">dete\u00e7\u00e3o de fugas na seringa<\/strong>.<\/p>\n<p class=\"\" data-start=\"4626\" data-end=\"4734\">Equipe o seu laborat\u00f3rio com o SLT-02 da <strong data-start=\"4662\" data-end=\"4682\">Instrumentos de C\u00e9lula<\/strong>-porque a seguran\u00e7a da seringa nunca deve ser comprometida.<\/p>\n<p class=\"\" data-start=\"4741\" data-end=\"4749\"><strong data-start=\"4741\" data-end=\"4749\">Perguntas frequentes<\/strong><\/p>\n<p class=\"\" data-start=\"4751\" data-end=\"4949\"><strong data-start=\"4751\" data-end=\"4812\">1. Qual \u00e9 o objetivo do aparelho de ensaio de fugas de ar com seringa?<\/strong><br data-start=\"4812\" data-end=\"4815\" \/>\u00c9 utilizado para detetar fugas de ar atrav\u00e9s da rolha do \u00eambolo da seringa e verificar se a rolha do \u00eambolo se solta durante a aspira\u00e7\u00e3o.<\/p>\n<p class=\"\" data-start=\"4951\" data-end=\"5145\"><strong data-start=\"4951\" data-end=\"5015\">2. Que norma rege o ensaio de estanquidade ao ar para seringas?<\/strong><br data-start=\"5015\" data-end=\"5018\" \/>O teste \u00e9 definido em <strong data-start=\"5041\" data-end=\"5063\">ISO 7886-1 Anexo B<\/strong>que fornece um m\u00e9todo pormenorizado para o ensaio de fugas de ar e de separa\u00e7\u00e3o de \u00eambolos.<\/p>\n<p class=\"\" data-start=\"5147\" data-end=\"5321\"><strong data-start=\"5147\" data-end=\"5207\">3. Que tipo de seringas podem ser testadas com o SLT-02?<\/strong><br data-start=\"5207\" data-end=\"5210\" \/>O SLT-02 suporta uma vasta gama de tamanhos e tipos de seringas concebidas para utiliza\u00e7\u00e3o manual, conforme descrito em <a href=\"https:\/\/www.iso.org\/standard\/64790.html\" target=\"_blank\" rel=\"noopener nofollow\">Norma ISO 7886-1<\/a>.<\/p>\n<p class=\"\" data-start=\"5323\" data-end=\"5476\"><strong data-start=\"5323\" data-end=\"5375\">4. Como \u00e9 que o SLT-02 gera press\u00e3o de v\u00e1cuo?<\/strong><br data-start=\"5375\" data-end=\"5378\" \/>Utiliza ar comprimido e tecnologia de tubo venturi para criar um v\u00e1cuo controlado at\u00e9 -90 kPa.<\/p>\n<p class=\"\" data-start=\"5478\" data-end=\"5692\"><strong data-start=\"5478\" data-end=\"5549\">5. O aparelho de teste pode ser personalizado para configura\u00e7\u00f5es especiais de seringas?<\/strong><br data-start=\"5549\" data-end=\"5552\" \/>Sim, a Cell Instruments \u00e9 especializada em <strong data-start=\"5589\" data-end=\"5617\">solu\u00e7\u00f5es de teste personalizadas<\/strong> e pode adaptar o dispositivo a designs de seringas ou requisitos de teste \u00fanicos.<\/p>","protected":false},"excerpt":{"rendered":"<p>O <strong data-start=\"1991\" data-end=\"2028\">SLT-02 Verificador de fugas de ar em seringas<\/strong> integra um sofisticado sistema de gera\u00e7\u00e3o de v\u00e1cuo e um mecanismo de controlo est\u00e1vel, permitindo aos operadores realizar eficazmente testes de estanquidade de seringas com precis\u00e3o e consist\u00eancia.<\/p>","protected":false},"featured_media":6628,"comment_status":"closed","ping_status":"closed","template":"","meta":{"site-sidebar-layout":"default","site-content-layout":"default","ast-global-header-display":"","ast-main-header-display":"","ast-hfb-above-header-display":"","ast-hfb-below-header-display":"","ast-hfb-mobile-header-display":"","site-post-title":"","ast-breadcrumbs-content":"","ast-featured-img":"","footer-sml-layout":"","theme-transparent-header-meta":"default","adv-header-id-meta":"","stick-header-meta":"","header-above-stick-meta":"","header-main-stick-meta":"","header-below-stick-meta":""},"product_cat":[845,1053,675,149,95],"product_tag":[],"class_list":{"0":"post-6624","1":"product","2":"type-product","3":"status-publish","4":"has-post-thumbnail","6":"product_cat-customization","7":"product_cat-iso-7886-1","8":"product_cat-leak-tester","9":"product_cat-pharma-and-medical-testers","10":"product_cat-products","11":"desktop-align-left","12":"tablet-align-left","13":"mobile-align-left","15":"first","16":"instock","17":"shipping-taxable","18":"product-type-simple"},"_links":{"self":[{"href":"https:\/\/www.qualitester.com\/pt\/wp-json\/wp\/v2\/product\/6624","targetHints":{"allow":["GET"]}}],"collection":[{"href":"https:\/\/www.qualitester.com\/pt\/wp-json\/wp\/v2\/product"}],"about":[{"href":"https:\/\/www.qualitester.com\/pt\/wp-json\/wp\/v2\/types\/product"}],"replies":[{"embeddable":true,"href":"https:\/\/www.qualitester.com\/pt\/wp-json\/wp\/v2\/comments?post=6624"}],"version-history":[{"count":0,"href":"https:\/\/www.qualitester.com\/pt\/wp-json\/wp\/v2\/product\/6624\/revisions"}],"wp:featuredmedia":[{"embeddable":true,"href":"https:\/\/www.qualitester.com\/pt\/wp-json\/wp\/v2\/media\/6628"}],"wp:attachment":[{"href":"https:\/\/www.qualitester.com\/pt\/wp-json\/wp\/v2\/media?parent=6624"}],"wp:term":[{"taxonomy":"product_cat","embeddable":true,"href":"https:\/\/www.qualitester.com\/pt\/wp-json\/wp\/v2\/product_cat?post=6624"},{"taxonomy":"product_tag","embeddable":true,"href":"https:\/\/www.qualitester.com\/pt\/wp-json\/wp\/v2\/product_tag?post=6624"}],"curies":[{"name":"wp","href":"https:\/\/api.w.org\/{rel}","templated":true}]}}