{"id":6425,"date":"2025-01-10T11:09:00","date_gmt":"2025-01-10T03:09:00","guid":{"rendered":"https:\/\/www.qualitester.com\/?post_type=product&#038;p=6425"},"modified":"2025-01-10T11:23:17","modified_gmt":"2025-01-10T03:23:17","slug":"iso-7864-needle-penetration-force-measurement-instrument","status":"publish","type":"product","link":"https:\/\/www.qualitester.com\/pt\/produto\/iso-7864-needle-penetration-force-measurement-instrument\/","title":{"rendered":"Testador de for\u00e7a de arrasto e penetra\u00e7\u00e3o de agulha NPD-01"},"content":{"rendered":"<p>O <strong>Testador de for\u00e7a de arrasto e penetra\u00e7\u00e3o de agulha NPD-01<\/strong> \u00e9 um instrumento de ponta projetado para medi\u00e7\u00e3o precisa das for\u00e7as de penetra\u00e7\u00e3o necess\u00e1rias para agulhas hipod\u00e9rmicas. Ele garante a conformidade com os padr\u00f5es internacionais de teste, como <a href=\"https:\/\/www.qualitester.com\/pt\/categoria-produto\/iso\/iso-7864\/\" target=\"_blank\" rel=\"noopener\"><strong>Norma ISO 7864<\/strong><\/a> e <strong>GB 15811<\/strong>, oferecendo uma solu\u00e7\u00e3o robusta para testar o desempenho de agulhas em diversas aplica\u00e7\u00f5es m\u00e9dicas, incluindo dispositivos de inje\u00e7\u00e3o, agulhas de teste e outros produtos biom\u00e9dicos.<\/p>\n<h2>Aplica\u00e7\u00e3o de teste de for\u00e7a de penetra\u00e7\u00e3o e arrasto<\/h2>\n<p>O <strong>Instrumento de medi\u00e7\u00e3o de for\u00e7a de penetra\u00e7\u00e3o de agulha<\/strong> \u00e9 essencial para testar agulhas usadas em uma ampla gama de aplica\u00e7\u00f5es m\u00e9dicas, farmac\u00eauticas e de pesquisa. As principais \u00e1reas de aplica\u00e7\u00e3o incluem:<\/p>\n<ul>\n<li><strong>Dispositivos m\u00e9dicos e produtos farmac\u00eauticos<\/strong>: Garantir que agulhas hipod\u00e9rmicas, lancetas e outros dispositivos m\u00e9dicos cortantes proporcionem uma inser\u00e7\u00e3o suave e que minimize a dor, mantendo a confiabilidade em ambientes cl\u00ednicos.<\/li>\n<li><strong>Fabricantes de agulhas<\/strong>: Garantia de qualidade em linhas de produ\u00e7\u00e3o de agulhas hipod\u00e9rmicas, seringas e outros instrumentos baseados em agulhas.<\/li>\n<li><strong>Pesquisa M\u00e9dica<\/strong>: Testando novos designs e formula\u00e7\u00f5es de agulhas para melhores resultados cl\u00ednicos.<\/li>\n<li><strong>Embalagem<\/strong>: Garantir que as embalagens m\u00e9dicas para agulhas e seringas sejam projetadas adequadamente para suportar as for\u00e7as envolvidas na inser\u00e7\u00e3o de agulhas e nos sistemas de administra\u00e7\u00e3o de medicamentos.<\/li>\n<\/ul>\n<h2>Necessidade do teste de penetra\u00e7\u00e3o de agulha<\/h2>\n<p>Compreendendo o <strong>m\u00e9todo de teste de penetra\u00e7\u00e3o de agulha<\/strong> \u00e9 fundamental para garantir a seguran\u00e7a e efic\u00e1cia dos dispositivos de agulha m\u00e9dica. Testar o <strong>for\u00e7a de penetra\u00e7\u00e3o<\/strong> e <strong>for\u00e7a de arrasto<\/strong> serve a um duplo prop\u00f3sito:<\/p>\n<ol>\n<li><strong>Conforto do paciente<\/strong>: For\u00e7a ou fric\u00e7\u00e3o excessiva pode causar dor, ansiedade e complica\u00e7\u00f5es durante a inje\u00e7\u00e3o. Ao avaliar a for\u00e7a necess\u00e1ria para inser\u00e7\u00e3o e movimento, os fabricantes podem projetar agulhas que minimizem o desconforto.<\/li>\n<li><strong>Efic\u00e1cia cl\u00ednica<\/strong>: A inser\u00e7\u00e3o eficiente da agulha \u00e9 crucial em ambientes cl\u00ednicos. As agulhas devem penetrar na pele ou no tecido facilmente, mas sem causar danos ao tecido ou afetar a qualidade da administra\u00e7\u00e3o do medicamento.<\/li>\n<li><strong>Conformidade regulat\u00f3ria<\/strong>: Normas internacionais como <strong>Norma ISO 7864<\/strong> e <strong>GB 15811<\/strong> exigem que as agulhas atendam a crit\u00e9rios espec\u00edficos de desempenho. <strong>Testador NPD-01<\/strong> garante a ades\u00e3o a essas regulamenta\u00e7\u00f5es, reduzindo o risco de n\u00e3o conformidade regulat\u00f3ria.<\/li>\n<\/ol>\n<p>Sem testes precisos, os produtos \u00e0 base de agulhas podem falhar em \u00e1reas cruciais, como <strong>esterilidade<\/strong>, <strong>suavidade de inje\u00e7\u00e3o<\/strong>, e <strong>experi\u00eancia do usu\u00e1rio<\/strong>, levando potencialmente a complica\u00e7\u00f5es cl\u00ednicas e desconforto ao paciente. Portanto, o <strong>teste de penetra\u00e7\u00e3o de agulha<\/strong> n\u00e3o \u00e9 apenas uma quest\u00e3o t\u00e9cnica; \u00e9 uma necessidade para a integridade do sistema de sa\u00fade.<\/p>\n<h2>M\u00e9todo de teste de penetra\u00e7\u00e3o de agulha<\/h2>\n<p>O <strong>Instrumento de medi\u00e7\u00e3o de for\u00e7a de penetra\u00e7\u00e3o de agulha NPD-01<\/strong> opera com um princ\u00edpio sofisticado, mas f\u00e1cil de usar:<\/p>\n<ol>\n<li><strong>Configurar<\/strong>:A agulha a ser testada \u00e9 fixada no lugar usando um cone luer macho, que se conecta ao <strong>c\u00e9lula de carga<\/strong>.<\/li>\n<li><strong>Inser\u00e7\u00e3o de substrato<\/strong>:A agulha \u00e9 movida em dire\u00e7\u00e3o a um substrato espec\u00edfico (como materiais semelhantes \u00e0 pele ou tecidos sint\u00e9ticos) a uma velocidade controlada.<\/li>\n<li><strong>Medi\u00e7\u00e3o de For\u00e7a<\/strong>: Durante a inser\u00e7\u00e3o, um <strong>c\u00e9lula de carga<\/strong> mede continuamente a for\u00e7a aplicada conforme a agulha penetra no material. Essa for\u00e7a \u00e9 registrada em diferentes est\u00e1gios do processo de inser\u00e7\u00e3o.<\/li>\n<li><strong>Avalia\u00e7\u00e3o da for\u00e7a de arrasto<\/strong>:Ap\u00f3s a penetra\u00e7\u00e3o inicial, o <strong>for\u00e7a de arrasto<\/strong> ou a for\u00e7a de atrito necess\u00e1ria para mover a agulha atrav\u00e9s do material \u00e9 medida. Este \u00e9 um indicador cr\u00edtico do desempenho da agulha durante o uso real.<\/li>\n<li><strong>Sa\u00edda de dados<\/strong>: O sistema emite dados por meio de um intuitivo <strong>Tela sens\u00edvel ao toque HMI<\/strong> e imprime resultados usando um integrado <b>micro impressora<\/b>.<\/li>\n<\/ol>\n<p>As leituras de for\u00e7a obtidas no teste fornecem uma vis\u00e3o detalhada de ambos <strong>for\u00e7a de penetra\u00e7\u00e3o de pico inicial<\/strong> e <strong>for\u00e7as de atrito<\/strong>, tornando-se uma ferramenta valiosa para controle de qualidade, P&amp;D e conformidade regulat\u00f3ria.<\/p>\n<h2>Especifica\u00e7\u00e3o t\u00e9cnica do testador de for\u00e7a de arrasto de agulha<\/h2>\n<p>Aqui est\u00e3o os <strong>principais caracter\u00edsticas t\u00e9cnicas<\/strong> do <strong>Testador de for\u00e7a de arrasto e penetra\u00e7\u00e3o de agulha NPD-01<\/strong>:<\/p>\n<table>\n<tbody>\n<tr>\n<td width=\"144\">C\u00e9lula de carga<\/td>\n<td width=\"276\">50N (ou conforme necess\u00e1rio)<\/td>\n<\/tr>\n<tr>\n<td width=\"144\">Teste de velocidade<\/td>\n<td width=\"276\">1~500 mm\/minuto<\/td>\n<\/tr>\n<tr>\n<td width=\"144\">Precis\u00e3o de For\u00e7a<\/td>\n<td width=\"276\">0,5% FS<\/td>\n<\/tr>\n<tr>\n<td width=\"144\">Precis\u00e3o<\/td>\n<td width=\"276\">0,01 mm<\/td>\n<\/tr>\n<tr>\n<td width=\"144\">Poder<\/td>\n<td width=\"276\">110~220V<\/td>\n<\/tr>\n<\/tbody>\n<\/table>\n<h2>Caracter\u00edstica t\u00e9cnica do testador de for\u00e7a de penetra\u00e7\u00e3o de agulha<\/h2>\n<ol>\n<li><strong>Precis\u00e3o e confiabilidade<\/strong>: Com uma precis\u00e3o de 0,01 mm e precis\u00e3o de medi\u00e7\u00e3o de for\u00e7a de 0,5%.<\/li>\n<li><strong>Versatilidade<\/strong>: O instrumento acomoda v\u00e1rios tamanhos e tipos de agulhas, permitindo testes abrangentes em uma ampla gama de dispositivos m\u00e9dicos.<\/li>\n<li><strong>Facilidade de uso<\/strong>: O sistema controlado por CLP e intuitivo <strong>Tela sens\u00edvel ao toque HMI<\/strong> facilitar para os operadores a configura\u00e7\u00e3o, o monitoramento e a interpreta\u00e7\u00e3o dos testes.<\/li>\n<li><strong>Personaliza\u00e7\u00e3o<\/strong>: As configura\u00e7\u00f5es de velocidade vari\u00e1vel e a profundidade de penetra\u00e7\u00e3o ajust\u00e1vel garantem que o dispositivo possa ser adaptado \u00e0s necessidades espec\u00edficas de teste.<\/li>\n<li><strong>Conformidade com as Normas<\/strong>: Cumpre integralmente os padr\u00f5es internacionais como <strong>Norma ISO 7864<\/strong> e <strong>GB 15811<\/strong>, tornando-o adequado para testes regulat\u00f3rios em diversas regi\u00f5es.<\/li>\n<\/ol>\n<h2>Padr\u00e3o de teste de penetra\u00e7\u00e3o de agulha<\/h2>\n<p>O <strong>Instrumento de medi\u00e7\u00e3o de for\u00e7a de penetra\u00e7\u00e3o de agulha NPD-01<\/strong> est\u00e1 em conformidade com v\u00e1rios padr\u00f5es internacionais, tornando-o adequado para testes m\u00e9dicos e farmac\u00eauticos em todo o mundo:<\/p>\n<h3><strong><a href=\"https:\/\/www.iso.org\/standard\/60481.html\" target=\"_blank\" rel=\"nofollow noopener\">Norma ISO 7864<\/a> Anexo D<\/strong><\/h3>\n<ul>\n<li>Especifica o m\u00e9todo de teste para medir o <strong>for\u00e7a de penetra\u00e7\u00e3o<\/strong> e <strong>for\u00e7a de arrasto<\/strong> de agulhas, o que \u00e9 fundamental para garantir seu desempenho durante o uso.<\/li>\n<\/ul>\n<h3><strong>GB 15811<\/strong><\/h3>\n<ul>\n<li>Esta norma chinesa descreve m\u00e9todos espec\u00edficos para <strong>teste de penetra\u00e7\u00e3o de agulha<\/strong>, ao qual o NPD-01 adere.<\/li>\n<\/ul>\n<p>O uso deste instrumento garante que seus produtos atendam aos mais altos padr\u00f5es da ind\u00fastria e sejam adequados para aprova\u00e7\u00e3o regulat\u00f3ria em diferentes mercados.<\/p>\n<h2>Suporte e Treinamento<\/h2>\n<p>A Cell Instruments fornece <strong>suporte e treinamento abrangentes<\/strong> para ajudar os usu\u00e1rios a aproveitar ao m\u00e1ximo <strong>Instrumento de medi\u00e7\u00e3o de for\u00e7a de penetra\u00e7\u00e3o de agulha NPD-01<\/strong>:<\/p>\n<ul>\n<li><strong>Treinamento do usu\u00e1rio<\/strong>: Nossos programas de treinamento s\u00e3o personalizados para ajud\u00e1-lo a entender a opera\u00e7\u00e3o do instrumento e os princ\u00edpios de <strong>teste de agulha<\/strong>.<\/li>\n<li><strong>Suporte T\u00e9cnico<\/strong>:Oferecemos suporte t\u00e9cnico cont\u00ednuo para solu\u00e7\u00e3o de problemas, manuten\u00e7\u00e3o e calibra\u00e7\u00e3o.<\/li>\n<li><strong>Servi\u00e7os de Calibra\u00e7\u00e3o<\/strong>: Para garantir precis\u00e3o cont\u00ednua, fornecemos servi\u00e7os de calibra\u00e7\u00e3o profissional anualmente.<\/li>\n<\/ul>\n<h2>Perguntas Frequentes (FAQ)<\/h2>\n<p><strong>P1: Quais s\u00e3o os benef\u00edcios de testar a for\u00e7a de arrasto da agulha?<br \/>\n<\/strong>A1: Testar a for\u00e7a de arrasto garante que a agulha se mova suavemente pelos tecidos, reduzindo o desconforto e melhorando a efic\u00e1cia cl\u00ednica. Tamb\u00e9m ajuda a prever o desempenho das agulhas sob v\u00e1rias condi\u00e7\u00f5es.<\/p>\n<p><strong>P2: Este testador pode ser usado para testar diferentes tipos de agulhas?<\/strong><br \/>\nA2: Sim, o <strong>NPD-01<\/strong> \u00e9 vers\u00e1til e pode testar uma ampla gama de agulhas, incluindo seringas, lancetas e agulhas hipod\u00e9rmicas. Inclui v\u00e1rios acess\u00f3rios para v\u00e1rios tamanhos de agulha.<\/p>\n<p><strong>Q3: O NPD-01 est\u00e1 em conformidade com os padr\u00f5es internacionais de testes?<\/strong><br \/>\nA3: Sim, o <strong>NPD-01<\/strong> adere a <strong>Norma ISO 7864<\/strong> e <strong>GB 15811<\/strong>, garantindo que atenda aos padr\u00f5es globais de testes para dispositivos m\u00e9dicos.<\/p>\n<p><strong>Q4: Que tipo de dados o NPD-01 produz?<\/strong><br \/>\nA4: O NPD-01 fornece medi\u00e7\u00f5es de for\u00e7a em tempo real e dados de profundidade de penetra\u00e7\u00e3o, com resultados dispon\u00edveis por meio do <strong>Tela sens\u00edvel ao toque HMI<\/strong> e um integrado <strong>microimpressora<\/strong>.<\/p>","protected":false},"excerpt":{"rendered":"<p>O Instrumento de Medi\u00e7\u00e3o de For\u00e7a de Penetra\u00e7\u00e3o de Agulha NPD-01 oferece testes precisos e confi\u00e1veis para for\u00e7a de inser\u00e7\u00e3o de agulha e arrasto, cruciais para as ind\u00fastrias m\u00e9dica e farmac\u00eautica. Saiba mais sobre suas aplica\u00e7\u00f5es, princ\u00edpios de funcionamento e caracter\u00edsticas t\u00e9cnicas.<\/p>","protected":false},"featured_media":0,"comment_status":"closed","ping_status":"closed","template":"","meta":{"site-sidebar-layout":"default","site-content-layout":"default","ast-global-header-display":"","ast-main-header-display":"","ast-hfb-above-header-display":"","ast-hfb-below-header-display":"","ast-hfb-mobile-header-display":"","site-post-title":"","ast-breadcrumbs-content":"","ast-featured-img":"","footer-sml-layout":"","theme-transparent-header-meta":"default","adv-header-id-meta":"","stick-header-meta":"","header-above-stick-meta":"","header-main-stick-meta":"","header-below-stick-meta":""},"product_cat":[953,956,955,845,1178,1177,934,954,957,958,952,959,149,95],"product_tag":[],"class_list":{"0":"post-6425","1":"product","2":"type-product","3":"status-publish","5":"product_cat-bursting-tester","6":"product_cat-cobb-tester","7":"product_cat-crush-tester","8":"product_cat-customization","9":"product_cat-gb-15811","10":"product_cat-iso-7864","11":"product_cat-medical-packaging-tester","12":"product_cat-paper-tear-tester","13":"product_cat-plybond-tester","14":"product_cat-puncture-tester","15":"product_cat-rub-tester","16":"product_cat-stiffness-tester","17":"product_cat-pharma-and-medical-testers","18":"product_cat-products","19":"desktop-align-left","20":"tablet-align-left","21":"mobile-align-left","23":"first","24":"instock","25":"shipping-taxable","26":"product-type-simple"},"_links":{"self":[{"href":"https:\/\/www.qualitester.com\/pt\/wp-json\/wp\/v2\/product\/6425","targetHints":{"allow":["GET"]}}],"collection":[{"href":"https:\/\/www.qualitester.com\/pt\/wp-json\/wp\/v2\/product"}],"about":[{"href":"https:\/\/www.qualitester.com\/pt\/wp-json\/wp\/v2\/types\/product"}],"replies":[{"embeddable":true,"href":"https:\/\/www.qualitester.com\/pt\/wp-json\/wp\/v2\/comments?post=6425"}],"version-history":[{"count":0,"href":"https:\/\/www.qualitester.com\/pt\/wp-json\/wp\/v2\/product\/6425\/revisions"}],"wp:attachment":[{"href":"https:\/\/www.qualitester.com\/pt\/wp-json\/wp\/v2\/media?parent=6425"}],"wp:term":[{"taxonomy":"product_cat","embeddable":true,"href":"https:\/\/www.qualitester.com\/pt\/wp-json\/wp\/v2\/product_cat?post=6425"},{"taxonomy":"product_tag","embeddable":true,"href":"https:\/\/www.qualitester.com\/pt\/wp-json\/wp\/v2\/product_tag?post=6425"}],"curies":[{"name":"wp","href":"https:\/\/api.w.org\/{rel}","templated":true}]}}