{"id":5418,"date":"2024-11-19T11:08:52","date_gmt":"2024-11-19T03:08:52","guid":{"rendered":"https:\/\/www.qualitester.com\/?post_type=product&#038;p=5418"},"modified":"2024-12-05T15:47:38","modified_gmt":"2024-12-05T07:47:38","slug":"sale-melt-flow-index-tester","status":"publish","type":"product","link":"https:\/\/www.qualitester.com\/pt\/produto\/sale-melt-flow-index-tester\/","title":{"rendered":"Testador de \u00edndice de fluxo de fus\u00e3o"},"content":{"rendered":"<h2><strong>Introdu\u00e7\u00e3o ao testador de \u00edndice de fluidez de fus\u00e3o<\/strong><\/h2>\n<p>O <strong>Testador de \u00edndice de fluxo de fus\u00e3o<\/strong> \u00e9 um instrumento de alta precis\u00e3o projetado para medir as caracter\u00edsticas de fluxo de fus\u00e3o de materiais termopl\u00e1sticos sob condi\u00e7\u00f5es controladas. Ao determinar a taxa de fluxo de massa de fus\u00e3o (MFR) e a taxa de fluxo de volume de fus\u00e3o (MVR), este testador fornece insights valiosos sobre a processabilidade de pol\u00edmeros, o que \u00e9 essencial para o controle de qualidade, sele\u00e7\u00e3o de materiais e otimiza\u00e7\u00e3o da fabrica\u00e7\u00e3o. Seja usado nas ind\u00fastrias automotiva, farmac\u00eautica, de embalagens de alimentos ou eletr\u00f4nica, o testador de \u00edndice de fluxo de fus\u00e3o garante que os materiais atendam \u00e0s propriedades de fluxo espec\u00edficas para um processamento confi\u00e1vel.<\/p>\n<h2><strong>Aplica\u00e7\u00f5es do testador de \u00edndice de fluxo de fus\u00e3o<\/strong><\/h2>\n<p>O Melt Flow Index Tester \u00e9 amplamente utilizado em ind\u00fastrias que exigem testes precisos de materiais polim\u00e9ricos. \u00c9 particularmente adequado para testes <strong>pl\u00e1sticos de engenharia<\/strong> com pontos de fus\u00e3o elevados, como <strong>poliarilsulfona, nylon, fluoropl\u00e1sticos<\/strong>, e <strong>polietileno<\/strong>, bem como pl\u00e1sticos com pontos de fus\u00e3o mais baixos, incluindo <strong>polipropileno<\/strong>, <strong>abd\u00f4men<\/strong>, <strong>poliestireno<\/strong>, e <strong>polioximetileno<\/strong>. Ao medir com precis\u00e3o a vaz\u00e3o desses materiais, os fabricantes podem garantir que seus pl\u00e1sticos se comportar\u00e3o de forma previs\u00edvel durante o processamento e atender\u00e3o \u00e0s especifica\u00e7\u00f5es do produto.<\/p>\n<h3><strong>Ind\u00fastrias<\/strong>:<\/h3>\n<ul>\n<li><strong>Embalagem<\/strong>: Garante fluxo consistente de material para embalagens de filmes e recipientes.<\/li>\n<li><strong>Automotivo<\/strong>: Verifica a confiabilidade dos pl\u00e1sticos usados em componentes de ve\u00edculos.<\/li>\n<li><strong>Produtos farmac\u00eauticos<\/strong>: Confirma a consist\u00eancia na fabrica\u00e7\u00e3o de sistemas de administra\u00e7\u00e3o de medicamentos.<\/li>\n<li><strong>Eletr\u00f4nica<\/strong>: Testa as caracter\u00edsticas de fluxo de materiais usados em componentes eletr\u00f4nicos.<\/li>\n<li><strong>M\u00e9dico<\/strong>: Avalia a processabilidade de materiais de dispositivos m\u00e9dicos.<\/li>\n<\/ul>\n<h2><strong>Princ\u00edpio do teste<\/strong><\/h2>\n<p>O testador de \u00edndice de fluxo de fus\u00e3o determina o <strong>Taxa de fluxo de massa de fus\u00e3o (MFR)<\/strong> e <strong>Taxa de fluxo de volume de fus\u00e3o (MVR)<\/strong> extrudando material fundido de um cilindro aquecido atrav\u00e9s de uma matriz de comprimento e di\u00e2metro especificados sob condi\u00e7\u00f5es predefinidas de temperatura e carga.<\/p>\n<ul>\n<li><strong>MFR (Procedimento A)<\/strong>: Este m\u00e9todo calcula a taxa de extrus\u00e3o medindo o peso do material extrudado durante um per\u00edodo definido (normalmente 10 minutos) em gramas por 10 minutos (g\/10 min).<\/li>\n<li><strong>MVR (Procedimento B)<\/strong>: Neste m\u00e9todo, o deslocamento do pist\u00e3o \u00e9 medido ao longo de um determinado tempo ou dist\u00e2ncia, fornecendo a taxa de extrus\u00e3o em cent\u00edmetros c\u00fabicos por 10 minutos (cm\u00b3\/10 min).<\/li>\n<\/ul>\n<p>O MVR pode ser convertido em MFR, ou vice-versa, se o <strong>densidade de fus\u00e3o<\/strong> do material na temperatura de teste \u00e9 conhecido.<\/p>\n<h2><strong>Normas ISO 1133 e ASTM D1238<\/strong><\/h2>\n<p>O testador de \u00edndice de fluidez de fus\u00e3o est\u00e1 em conformidade com os padr\u00f5es reconhecidos internacionalmente <strong>Norma ISO 1133<\/strong> e <strong>ASTM D1238<\/strong>, garantindo resultados precisos e reprodut\u00edveis na medi\u00e7\u00e3o das propriedades de fluxo de termopl\u00e1sticos.<\/p>\n<ul>\n<li><a href=\"https:\/\/www.iso.org\/standard\/83905.html\" target=\"_blank\" rel=\"noopener nofollow\"><strong>ISO 1133-1<\/strong><\/a> e <a href=\"https:\/\/www.iso.org\/standard\/44274.html\" target=\"_blank\" rel=\"noopener nofollow\"><strong>ISO 1133-2<\/strong><\/a> especificar m\u00e9todos de teste para <strong>MFR<\/strong> e <strong>MVR<\/strong> determina\u00e7\u00e3o.<\/li>\n<li><a href=\"https:\/\/www.astm.org\/d1238-10.html\" target=\"_blank\" rel=\"noopener nofollow\"><strong>ASTM D1238<\/strong><\/a> fornece diretrizes para medir a taxa de fluxo de fus\u00e3o de materiais termopl\u00e1sticos sob condi\u00e7\u00f5es controladas de temperatura, carga e matriz.<\/li>\n<\/ul>\n<p>Esses padr\u00f5es s\u00e3o cruciais para garantir a consist\u00eancia entre diferentes laborat\u00f3rios, fabricantes e ind\u00fastrias.<\/p>\n<h2><strong>M\u00e9todos de teste para MFR e MVR<\/strong><\/h2>\n<ul>\n<li><strong>M\u00e9todo de Medi\u00e7\u00e3o de Massa (MFR)<\/strong>: Este teste pesa o extrudado produzido durante um intervalo de tempo e usa esses dados para calcular a taxa de fluxo de fus\u00e3o em gramas por 10 minutos.<\/li>\n<li><strong>M\u00e9todo de Medi\u00e7\u00e3o de Deslocamento (MVR)<\/strong>: Mede o movimento do pist\u00e3o e calcula a taxa de extrus\u00e3o em cent\u00edmetros c\u00fabicos por 10 minutos.<\/li>\n<\/ul>\n<p><strong>Controle de carga e temperatura<\/strong> s\u00e3o essenciais para garantir resultados consistentes. O testador de \u00edndice de fluxo de fus\u00e3o pode acomodar v\u00e1rias op\u00e7\u00f5es de carga que variam de <strong>0,325 kg<\/strong> para <strong>21,6 kg<\/strong> dependendo do material que est\u00e1 sendo testado, e a temperatura \u00e9 controlada com precis\u00e3o para corresponder aos padr\u00f5es de teste.<\/p>\n<h2><strong>\u00cdndice de fluxo de fus\u00e3o (MFR) e taxa de fluxo de volume de fus\u00e3o (MVR)<\/strong><\/h2>\n<ul>\n<li><strong>MFR (Taxa de fluxo de massa de fus\u00e3o)<\/strong>: MFR \u00e9 a taxa na qual um material polim\u00e9rico \u00e9 extrudado atrav\u00e9s de uma matriz sob condi\u00e7\u00f5es espec\u00edficas de carga, temperatura e dimens\u00f5es da matriz. MFR \u00e9 relatado em <strong>gramas por 10 minutos<\/strong> (g\/10 min) ou <strong>decigramas por minuto<\/strong> (graus\/minuto).<\/li>\n<li><strong>MVR (Taxa de fluxo de volume de fus\u00e3o)<\/strong>: O MVR mede o volume de material extrudado por unidade de tempo (cent\u00edmetros c\u00fabicos por 10 minutos) e \u00e9 particularmente \u00fatil ao lidar com materiais que n\u00e3o t\u00eam uma densidade de fus\u00e3o constante.<\/li>\n<\/ul>\n<p>Essas medi\u00e7\u00f5es s\u00e3o vitais para que os fabricantes determinem a facilidade com que um pl\u00e1stico pode ser processado, afetando seu uso em diversas aplica\u00e7\u00f5es, da moldagem por inje\u00e7\u00e3o \u00e0 extrus\u00e3o.<\/p>\n<h2><strong>Carga em testes MFR e MVR<\/strong><\/h2>\n<p>O <strong>carregar<\/strong> em testes MFR e MVR refere-se \u00e0 for\u00e7a combinada exercida pelo pist\u00e3o e quaisquer pesos adicionados. Esta for\u00e7a \u00e9 crucial para determinar a taxa de extrus\u00e3o do material sob condi\u00e7\u00f5es espec\u00edficas. <strong>cargas nominais<\/strong> normalmente usados para testes s\u00e3o <strong>0,325 kg, 1,200 kg, 2,160 kg, 3,800 kg, 5,000 kg, 10,000 kg<\/strong>, e <strong>21.600 kg<\/strong>. A carga correta \u00e9 selecionada com base na viscosidade do material e nas condi\u00e7\u00f5es de teste desejadas.<\/p>\n<h2><strong>Principais caracter\u00edsticas do testador de \u00edndice de fluxo de fus\u00e3o<\/strong><\/h2>\n<ul>\n<li><strong>Controle de temperatura de precis\u00e3o<\/strong>: Elementos de aquecimento ajust\u00e1veis garantem controle de temperatura preciso e consistente para testes confi\u00e1veis de uma ampla gama de termopl\u00e1sticos.<\/li>\n<li><strong>Op\u00e7\u00f5es de carga flex\u00edveis<\/strong>: Escolha entre uma variedade de pesos nominais para se adequar a diferentes materiais e condi\u00e7\u00f5es de teste.<\/li>\n<li><strong>Interface amig\u00e1vel ao usu\u00e1rio<\/strong>: Controles simples tornam o testador de \u00edndice de fluxo de fus\u00e3o f\u00e1cil de operar, permitindo configura\u00e7\u00e3o r\u00e1pida e testes precisos.<\/li>\n<li><strong>Registro e Relat\u00f3rio de Dados<\/strong>: Fornece valores precisos de MFR e MVR, que podem ser registrados e armazenados para an\u00e1lise posterior ou para fins de garantia de qualidade.<\/li>\n<\/ul>\n<h2><strong>Por que escolher o testador de \u00edndice de fluidez da Cell Instruments?<\/strong><\/h2>\n<p>O Melt Flow Index Tester da Cell Instruments foi projetado para fornecer o mais alto n\u00edvel de precis\u00e3o e consist\u00eancia na medi\u00e7\u00e3o de MFR e MVR de acordo com os padr\u00f5es ISO 1133 e ASTM D1238. Nossos testadores s\u00e3o projetados com durabilidade e facilidade de uso em mente, apresentando constru\u00e7\u00e3o robusta e controles intuitivos.<\/p>\n<h2><strong>Benef\u00edcios<\/strong>:<\/h2>\n<ul>\n<li><strong>Resultados precisos<\/strong>: Atende aos padr\u00f5es internacionais para garantir medi\u00e7\u00f5es de vaz\u00e3o precisas.<\/li>\n<li><strong>Op\u00e7\u00f5es personaliz\u00e1veis<\/strong>: Configur\u00e1vel para uma ampla gama de pol\u00edmeros e requisitos de teste.<\/li>\n<li><strong>Confiabilidade<\/strong>: Projetado para uso cont\u00ednuo em ambientes industriais e de pesquisa.<\/li>\n<li><strong>Conformidade com os padr\u00f5es da ind\u00fastria<\/strong>: Em conformidade com <strong>Norma ISO 1133<\/strong> e <strong>ASTM D1238<\/strong>, garantindo testes confi\u00e1veis e repet\u00edveis.<\/li>\n<\/ul>\n<p>O Melt Flow Index Tester \u00e9 uma ferramenta essencial para avaliar o comportamento do fluxo de termopl\u00e1sticos, garantindo que os materiais atendam aos seus requisitos de processamento. Seja para controle de qualidade, pesquisa de materiais ou otimiza\u00e7\u00e3o de fabrica\u00e7\u00e3o, este testador fornece resultados confi\u00e1veis e precisos, em conformidade com <strong>Norma ISO 1133<\/strong> e <strong>ASTM D1238<\/strong> padr\u00f5es. Com op\u00e7\u00f5es personaliz\u00e1veis e opera\u00e7\u00e3o amig\u00e1vel, o Melt Flow Index Tester da Cell Instruments \u00e9 a escolha ideal para qualquer laborat\u00f3rio ou ambiente de produ\u00e7\u00e3o.<\/p>","protected":false},"excerpt":{"rendered":"<p>O <strong>Testador de \u00edndice de fluxo de fus\u00e3o<\/strong> \u00e9 um instrumento de alta precis\u00e3o projetado para medir as caracter\u00edsticas de fluxo de fus\u00e3o de materiais termopl\u00e1sticos sob condi\u00e7\u00f5es controladas. Ao determinar a taxa de fluxo de massa de fus\u00e3o (MFR) e a taxa de fluxo de volume de fus\u00e3o (MVR), este testador fornece insights valiosos sobre a processabilidade de pol\u00edmeros, o que \u00e9 essencial para o controle de qualidade, sele\u00e7\u00e3o de materiais e otimiza\u00e7\u00e3o da fabrica\u00e7\u00e3o. Seja usado nas ind\u00fastrias automotiva, farmac\u00eautica, de embalagens de alimentos ou eletr\u00f4nica, o testador de \u00edndice de fluxo de fus\u00e3o garante que os materiais atendam \u00e0s propriedades de fluxo espec\u00edficas para um processamento confi\u00e1vel.<\/p>","protected":false},"featured_media":6307,"comment_status":"closed","ping_status":"closed","template":"","meta":{"site-sidebar-layout":"default","site-content-layout":"default","ast-global-header-display":"","ast-main-header-display":"","ast-hfb-above-header-display":"","ast-hfb-below-header-display":"","ast-hfb-mobile-header-display":"","site-post-title":"","ast-breadcrumbs-content":"","ast-featured-img":"","footer-sml-layout":"","theme-transparent-header-meta":"default","adv-header-id-meta":"","stick-header-meta":"","header-above-stick-meta":"","header-main-stick-meta":"","header-below-stick-meta":""},"product_cat":[1127,845,1126,1125,16,95],"product_tag":[],"class_list":{"0":"post-5418","1":"product","2":"type-product","3":"status-publish","4":"has-post-thumbnail","6":"product_cat-astm-d1238","7":"product_cat-customization","8":"product_cat-iso-1133-1","9":"product_cat-iso-1133-2","10":"product_cat-plastic-packaging-testers","11":"product_cat-products","12":"desktop-align-left","13":"tablet-align-left","14":"mobile-align-left","16":"first","17":"instock","18":"shipping-taxable","19":"product-type-simple"},"_links":{"self":[{"href":"https:\/\/www.qualitester.com\/pt\/wp-json\/wp\/v2\/product\/5418","targetHints":{"allow":["GET"]}}],"collection":[{"href":"https:\/\/www.qualitester.com\/pt\/wp-json\/wp\/v2\/product"}],"about":[{"href":"https:\/\/www.qualitester.com\/pt\/wp-json\/wp\/v2\/types\/product"}],"replies":[{"embeddable":true,"href":"https:\/\/www.qualitester.com\/pt\/wp-json\/wp\/v2\/comments?post=5418"}],"version-history":[{"count":0,"href":"https:\/\/www.qualitester.com\/pt\/wp-json\/wp\/v2\/product\/5418\/revisions"}],"wp:featuredmedia":[{"embeddable":true,"href":"https:\/\/www.qualitester.com\/pt\/wp-json\/wp\/v2\/media\/6307"}],"wp:attachment":[{"href":"https:\/\/www.qualitester.com\/pt\/wp-json\/wp\/v2\/media?parent=5418"}],"wp:term":[{"taxonomy":"product_cat","embeddable":true,"href":"https:\/\/www.qualitester.com\/pt\/wp-json\/wp\/v2\/product_cat?post=5418"},{"taxonomy":"product_tag","embeddable":true,"href":"https:\/\/www.qualitester.com\/pt\/wp-json\/wp\/v2\/product_tag?post=5418"}],"curies":[{"name":"wp","href":"https:\/\/api.w.org\/{rel}","templated":true}]}}