{"id":5401,"date":"2024-11-18T11:06:12","date_gmt":"2024-11-18T03:06:12","guid":{"rendered":"https:\/\/www.qualitester.com\/?post_type=product&#038;p=5401"},"modified":"2024-12-05T15:37:27","modified_gmt":"2024-12-05T07:37:27","slug":"sale-fabric-thickness-tester-gauge","status":"publish","type":"product","link":"https:\/\/www.qualitester.com\/pt\/produto\/sale-fabric-thickness-tester-gauge\/","title":{"rendered":"Testador de espessura de tecido FTT-02"},"content":{"rendered":"<p>O <strong>Testador de espessura de tecido FTT-02<\/strong> \u00e9 um instrumento de elevada precis\u00e3o concebido para medir a espessura de v\u00e1rios tecidos, incluindo n\u00e3o-tecidos fundidos, spun-bonded, SMS (spun-bond\/melt-blown\/spun-bond), spunlace, agulhados, tecidos e malhas. Concebido para ser fi\u00e1vel e preciso, assegura a conformidade com as normas de teste globais, tornando-o uma ferramenta essencial para ind\u00fastrias como a dos t\u00eaxteis, dispositivos m\u00e9dicos, embalagens e inspe\u00e7\u00e3o de qualidade.<\/p>\n<h2><strong>Aplica\u00e7\u00f5es do medidor de espessura de tecido FTT-02<\/strong><\/h2>\n<p>O FTT-02 \u00e9 vers\u00e1til e ideal para uma vasta gama de materiais, incluindo<\/p>\n<ul>\n<li>Tecidos n\u00e3o tecidos soprados por fus\u00e3o e fiados.<\/li>\n<li>Tecidos n\u00e3o tecidos SMS para produtos m\u00e9dicos e de higiene.<\/li>\n<li>Tecidos spunlace e agulhados utilizados em estofos e aplica\u00e7\u00f5es industriais.<\/li>\n<li>Tecidos e malhas para vestu\u00e1rio e tecidos t\u00e9cnicos.<\/li>\n<\/ul>\n<p>Isto torna-o um dispositivo essencial para ind\u00fastrias como a das embalagens, m\u00e9dica, farmac\u00eautica, t\u00eaxtil e ag\u00eancias de garantia de qualidade.<\/p>\n<h2><strong>Carater\u00edsticas e vantagens<\/strong><\/h2>\n<h3><strong>Medi\u00e7\u00e3o de precis\u00e3o<\/strong><\/h3>\n<ul>\n<li>Gama de medi\u00e7\u00e3o: <strong>0,001-25mm<\/strong> com uma resolu\u00e7\u00e3o de <strong>0,001 mm<\/strong>, garantindo resultados altamente exactos para aplica\u00e7\u00f5es cr\u00edticas.<\/li>\n<\/ul>\n<h3><strong>Flexibilidade dos testes<\/strong><\/h3>\n<ul>\n<li>Op\u00e7\u00f5es para <strong>\u00fanico<\/strong> ou <strong>ensaios cont\u00ednuos<\/strong> permitem a adapta\u00e7\u00e3o a v\u00e1rias necessidades operacionais.<\/li>\n<\/ul>\n<h3><strong>Pesos e defini\u00e7\u00f5es personaliz\u00e1veis<\/strong><\/h3>\n<ul>\n<li>Tamanhos de calcador ajust\u00e1veis: <strong>11,28 mm, 50,48 mm, 56,42 mm e 112,84 mm<\/strong>.<\/li>\n<li>V\u00e1rios tamanhos de \u00e1rea de contacto: <strong>\u03c6100, \u03c62000, \u03c62500, \u03c610000mm\u00b2<\/strong>.<\/li>\n<li>Op\u00e7\u00f5es de peso que v\u00e3o desde <strong>5cN<\/strong> para <strong>500cN<\/strong> e as defini\u00e7\u00f5es de tempo de impress\u00e3o de <strong>10s<\/strong> e <strong>30s<\/strong> para testes personalizados.<\/li>\n<\/ul>\n<h3><strong>Design amig\u00e1vel ao usu\u00e1rio<\/strong><\/h3>\n<ul>\n<li>Dimens\u00f5es compactas (<strong>410 \u00d7 160 \u00d7 395 mm<\/strong>) e um peso control\u00e1vel (<strong>35 kg<\/strong>) asseguram a facilidade de configura\u00e7\u00e3o e funcionamento.<\/li>\n<li>Funciona com um sistema standard <strong>220V, 50Hz<\/strong> alimenta\u00e7\u00e3o el\u00e9ctrica.<\/li>\n<\/ul>\n<h2><strong>Conformidade com os padr\u00f5es<\/strong><\/h2>\n<p>O <strong>Testador de espessura de tecido FTT-02<\/strong> foi concebido para cumprir e exceder os requisitos das seguintes normas globais:<\/p>\n<ul>\n<li><a href=\"https:\/\/www.iso.org\/standard\/23348.html\" target=\"_blank\" rel=\"noopener nofollow\"><strong>Norma ISO 5084<\/strong><\/a>: Norma para medir a espessura de t\u00eaxteis sob press\u00e3o espec\u00edfica.<\/li>\n<li><a href=\"https:\/\/www.iso.org\/standard\/16652.html\" target=\"_blank\" rel=\"noopener nofollow\"><strong>ISO 9073-2<\/strong><\/a>: Determina\u00e7\u00e3o da espessura dos tecidos n\u00e3o tecidos.<\/li>\n<li><a href=\"https:\/\/www.iso.org\/standard\/59641.html\" target=\"_blank\" rel=\"noopener nofollow\"><strong>Norma ISO 9863<\/strong><\/a>: Diretrizes para a medi\u00e7\u00e3o da espessura dos geossint\u00e9ticos.<\/li>\n<li><a href=\"https:\/\/www.astm.org\/d1777-96r19.html\" target=\"_blank\" rel=\"noopener nofollow\"><strong>Norma ASTM D1777<\/strong><\/a>: M\u00e9todos de medi\u00e7\u00e3o da espessura de materiais t\u00eaxteis.<\/li>\n<li><strong>GB\/T 24218.2 &amp; GB\/T 3820<\/strong>: Normas chinesas para o ensaio da espessura dos tecidos.<\/li>\n<li><strong>FZ\/T 01003 &amp; FZ\/T 60004<\/strong>: Normas para produtos t\u00eaxteis espec\u00edficos no mercado chin\u00eas.<\/li>\n<\/ul>\n<p>Estas certifica\u00e7\u00f5es garantem que o aparelho de teste \u00e9 adequado para aplica\u00e7\u00f5es nacionais e internacionais.<\/p>\n<h2><strong>Especifica\u00e7\u00f5es t\u00e9cnicas<\/strong><\/h2>\n<table>\n<thead>\n<tr>\n<th><strong>Par\u00e2metro<\/strong><\/th>\n<th><strong>Detalhes<\/strong><\/th>\n<\/tr>\n<\/thead>\n<tbody>\n<tr>\n<td style=\"text-align: center;\">Gama de medi\u00e7\u00e3o<\/td>\n<td style=\"text-align: center;\">0,001-25mm<\/td>\n<\/tr>\n<tr>\n<td style=\"text-align: center;\">Resolu\u00e7\u00e3o<\/td>\n<td style=\"text-align: center;\">0,001 mm<\/td>\n<\/tr>\n<tr>\n<td style=\"text-align: center;\">Calcador (mm)<\/td>\n<td style=\"text-align: center;\">11.28, 50.48, 56.42, 112.84<\/td>\n<\/tr>\n<tr>\n<td style=\"text-align: center;\">\u00c1rea de contacto (mm\u00b2)<\/td>\n<td style=\"text-align: center;\">\u03c6100, \u03c62000, \u03c62500, \u03c610000<\/td>\n<\/tr>\n<tr>\n<td style=\"text-align: center;\">Op\u00e7\u00f5es de peso (cN)<\/td>\n<td style=\"text-align: center;\">5, 10, 50, 100, 200, 500<\/td>\n<\/tr>\n<tr>\n<td style=\"text-align: center;\">Premir Defini\u00e7\u00f5es de tempo<\/td>\n<td style=\"text-align: center;\">10s, 30s<\/td>\n<\/tr>\n<tr>\n<td style=\"text-align: center;\">Dimens\u00f5es (mm)<\/td>\n<td style=\"text-align: center;\">410 \u00d7 160 \u00d7 395<\/td>\n<\/tr>\n<tr>\n<td style=\"text-align: center;\">Peso (kg)<\/td>\n<td style=\"text-align: center;\">35<\/td>\n<\/tr>\n<tr>\n<td style=\"text-align: center;\">Fonte de energia<\/td>\n<td style=\"text-align: center;\">220V, 50Hz<\/td>\n<\/tr>\n<\/tbody>\n<\/table>\n<h2><strong>Como funciona o verificador da espessura do tecido<\/strong><\/h2>\n<ol>\n<li><strong>Prepara\u00e7\u00e3o da amostra<\/strong>: Colocar a amostra de tecido de forma segura na plataforma de ensaio.<\/li>\n<li><strong>Ajuste do calcador<\/strong>: Escolha o tamanho do calcador e a \u00e1rea de contacto adequados para o material.<\/li>\n<li><strong>Peso e tempo de prensagem<\/strong>: Aplicar o peso pretendido e definir o tempo de press\u00e3o (10s ou 30s).<\/li>\n<li><strong>Medi\u00e7\u00e3o<\/strong>: O instrumento mede a espessura com base nas defini\u00e7\u00f5es especificadas, fornecendo resultados precisos que s\u00e3o essenciais para a garantia de qualidade.<\/li>\n<\/ol>\n<h2><strong>Vantagens em v\u00e1rios sectores<\/strong><\/h2>\n<ul>\n<li><strong>Ind\u00fastria t\u00eaxtil<\/strong>: Garante uma espessura constante do tecido, melhorando a qualidade e a durabilidade do produto.<\/li>\n<li><strong>Dispositivos m\u00e9dicos<\/strong>: Verifica a uniformidade dos materiais n\u00e3o tecidos utilizados nas m\u00e1scaras e batas cir\u00fargicas.<\/li>\n<li><strong>Materiais de embalagem<\/strong>: Garante a espessura ideal do material para um desempenho fi\u00e1vel em aplica\u00e7\u00f5es de embalagem.<\/li>\n<li><strong>Pesquisa e Desenvolvimento<\/strong>: Apoia o desenvolvimento de materiais e produtos inovadores.<\/li>\n<\/ul>\n<h2><strong>Servi\u00e7os de personaliza\u00e7\u00e3o e automatiza\u00e7\u00e3o<\/strong><\/h2>\n<p>A Cell Instruments oferece op\u00e7\u00f5es de personaliza\u00e7\u00e3o para satisfazer requisitos de teste \u00fanicos, tais como pesos adaptados, tempos de prensagem e servi\u00e7os de transforma\u00e7\u00e3o de automa\u00e7\u00e3o para ambientes de elevado rendimento.<\/p>\n<p>O <strong>Testador de espessura de tecido FTT-02<\/strong> \u00e9 uma ferramenta vers\u00e1til e indispens\u00e1vel para a medi\u00e7\u00e3o da espessura de tecidos, garantindo a conformidade com as normas internacionais e satisfazendo as rigorosas exig\u00eancias de diversas ind\u00fastrias. Com a sua precis\u00e3o, flexibilidade e design robusto, permite que as empresas alcancem uma qualidade superior e fiabilidade nos seus produtos.<\/p>\n<h2><strong>Se\u00e7\u00e3o de perguntas frequentes<\/strong><\/h2>\n<ol>\n<li><strong>Que materiais podem ser utilizados no teste FTT-02?<\/strong><br \/>\nMede a espessura de tecidos, malhas e tecidos n\u00e3o tecidos, incluindo SMS, spunlace e tecidos perfurados por agulha.<\/li>\n<li><strong>Quais s\u00e3o as normas que o FTT-02 cumpre?<\/strong><br \/>\nCumpre as normas ISO 5084, ISO 9073-2, ASTM D1777 e v\u00e1rias outras normas globais e regionais.<\/li>\n<li><strong>O aparelho de teste \u00e9 adequado para aplica\u00e7\u00f5es m\u00e9dicas?<\/strong><br \/>\nSim, \u00e9 amplamente utilizado para testar tecidos n\u00e3o tecidos utilizados em m\u00e1scaras cir\u00fargicas, batas e outros materiais m\u00e9dicos.<\/li>\n<li><strong>O dispositivo pode ser personalizado para necessidades espec\u00edficas?<\/strong><br \/>\nSim, a Cell Instruments oferece op\u00e7\u00f5es de personaliza\u00e7\u00e3o para pesos, defini\u00e7\u00f5es e at\u00e9 funcionalidades de automatiza\u00e7\u00e3o.<\/li>\n<li><strong>Por que raz\u00e3o \u00e9 importante testar a espessura do tecido?<\/strong><br \/>\nAssegura a consist\u00eancia do material, melhora o desempenho do produto e garante a conformidade com as normas da ind\u00fastria.<\/li>\n<\/ol>","protected":false},"excerpt":{"rendered":"<p>O <strong>Testador de espessura de tecido FTT-02<\/strong> \u00e9 um instrumento de elevada precis\u00e3o concebido para medir a espessura de v\u00e1rios tecidos, incluindo n\u00e3o-tecidos fundidos, spun-bonded, SMS (spun-bond\/melt-blown\/spun-bond), spunlace, agulhados, tecidos e malhas. Concebido para ser fi\u00e1vel e preciso, assegura a conformidade com as normas de teste globais, tornando-o uma ferramenta essencial para ind\u00fastrias como a dos t\u00eaxteis, dispositivos m\u00e9dicos, embalagens e inspe\u00e7\u00e3o de qualidade.<\/p>","protected":false},"featured_media":6302,"comment_status":"closed","ping_status":"closed","template":"","meta":{"site-sidebar-layout":"default","site-content-layout":"default","ast-global-header-display":"","ast-main-header-display":"","ast-hfb-above-header-display":"","ast-hfb-below-header-display":"","ast-hfb-mobile-header-display":"","site-post-title":"","ast-breadcrumbs-content":"","ast-featured-img":"","footer-sml-layout":"","theme-transparent-header-meta":"default","adv-header-id-meta":"","stick-header-meta":"","header-above-stick-meta":"","header-main-stick-meta":"","header-below-stick-meta":""},"product_cat":[95,953,956,955,845,1117,954,957,958,952,959,938,962,685,120,163,172],"product_tag":[],"class_list":{"0":"post-5401","1":"product","2":"type-product","3":"status-publish","4":"has-post-thumbnail","6":"product_cat-products","7":"product_cat-bursting-tester","8":"product_cat-cobb-tester","9":"product_cat-crush-tester","10":"product_cat-customization","11":"product_cat-iso-9863","12":"product_cat-paper-tear-tester","13":"product_cat-plybond-tester","14":"product_cat-puncture-tester","15":"product_cat-rub-tester","16":"product_cat-stiffness-tester","17":"product_cat-textile-tester","18":"product_cat-thickness-gauges","19":"product_cat-thickness-tester","20":"product_cat-astm-d1777","21":"product_cat-iso-5084","22":"product_cat-iso-9073-2","23":"desktop-align-left","24":"tablet-align-left","25":"mobile-align-left","27":"first","28":"instock","29":"shipping-taxable","30":"product-type-simple"},"_links":{"self":[{"href":"https:\/\/www.qualitester.com\/pt\/wp-json\/wp\/v2\/product\/5401","targetHints":{"allow":["GET"]}}],"collection":[{"href":"https:\/\/www.qualitester.com\/pt\/wp-json\/wp\/v2\/product"}],"about":[{"href":"https:\/\/www.qualitester.com\/pt\/wp-json\/wp\/v2\/types\/product"}],"replies":[{"embeddable":true,"href":"https:\/\/www.qualitester.com\/pt\/wp-json\/wp\/v2\/comments?post=5401"}],"version-history":[{"count":0,"href":"https:\/\/www.qualitester.com\/pt\/wp-json\/wp\/v2\/product\/5401\/revisions"}],"wp:featuredmedia":[{"embeddable":true,"href":"https:\/\/www.qualitester.com\/pt\/wp-json\/wp\/v2\/media\/6302"}],"wp:attachment":[{"href":"https:\/\/www.qualitester.com\/pt\/wp-json\/wp\/v2\/media?parent=5401"}],"wp:term":[{"taxonomy":"product_cat","embeddable":true,"href":"https:\/\/www.qualitester.com\/pt\/wp-json\/wp\/v2\/product_cat?post=5401"},{"taxonomy":"product_tag","embeddable":true,"href":"https:\/\/www.qualitester.com\/pt\/wp-json\/wp\/v2\/product_tag?post=5401"}],"curies":[{"name":"wp","href":"https:\/\/api.w.org\/{rel}","templated":true}]}}