{"id":5398,"date":"2024-11-18T10:59:49","date_gmt":"2024-11-18T02:59:49","guid":{"rendered":"https:\/\/www.qualitester.com\/?post_type=product&#038;p=5398"},"modified":"2024-12-05T15:28:34","modified_gmt":"2024-12-05T07:28:34","slug":"sale-high-speed-unwinding-tester","status":"publish","type":"product","link":"https:\/\/www.qualitester.com\/pt\/produto\/sale-high-speed-unwinding-tester\/","title":{"rendered":"Testador de desenrolamento de alta velocidade HSU-01"},"content":{"rendered":"<p>O <strong>Testador de desenrolamento de alta velocidade HSU-01<\/strong> \u00e9 um instrumento avan\u00e7ado projetado para medir a for\u00e7a necess\u00e1ria para desenrolar fitas adesivas de seus rolos em uma velocidade alta e controlada. Este dispositivo inovador \u00e9 essencial para a garantia de qualidade, garantindo que as fitas adesivas atendam aos padr\u00f5es da ind\u00fastria e tenham um desempenho confi\u00e1vel durante a aplica\u00e7\u00e3o. Das ind\u00fastrias de embalagens \u00e0s automotivas, m\u00e9dicas e eletr\u00f4nicas, o HSU-01 \u00e9 a solu\u00e7\u00e3o ideal para testes de for\u00e7a de desenrolamento.<\/p>\n<h2>Aplica\u00e7\u00f5es<\/h2>\n<p>O teste de for\u00e7a de desenrolamento avalia o comportamento de fitas adesivas sob condi\u00e7\u00f5es realistas. Isso garante qualidade consistente e conformidade com os padr\u00f5es da ind\u00fastria em todas as aplica\u00e7\u00f5es, como:<\/p>\n<ul>\n<li><strong>Embalagem<\/strong>: Garantir o desempenho da fita durante a selagem e o armazenamento.<\/li>\n<li><strong>Dispositivos m\u00e9dicos<\/strong>: Garantindo a confiabilidade adesiva em aplica\u00e7\u00f5es cr\u00edticas de sa\u00fade.<\/li>\n<li><strong>Automotivo<\/strong>: Avalia\u00e7\u00e3o da durabilidade da fita para montagem e reparo.<\/li>\n<li><strong>Eletr\u00f4nica<\/strong>: Valida\u00e7\u00e3o de fitas para isolamento e prote\u00e7\u00e3o de componentes.<\/li>\n<\/ul>\n<h2>Normas e m\u00e9todos de teste<\/h2>\n<p>O <strong>Testador de desenrolamento de alta velocidade HSU-01<\/strong>\u00a0est\u00e1 em conformidade com os principais padr\u00f5es da ind\u00fastria:<\/p>\n<h3>PSTC-13:<\/h3>\n<p>O padr\u00e3o ouro para testar fitas adesivas, garantindo medi\u00e7\u00e3o precisa da for\u00e7a de desenrolamento em altas velocidades para manter a consist\u00eancia do produto.<\/p>\n<h3>Norma ASTM D1000:<\/h3>\n<p>Define m\u00e9todos de teste para fitas sens\u00edveis \u00e0 press\u00e3o usadas em aplica\u00e7\u00f5es el\u00e9tricas e eletr\u00f4nicas.<\/p>\n<h3>EN 12026:<\/h3>\n<p>Abrange a durabilidade de fitas adesivas nos mercados europeus.<\/p>\n<h3>AFERA 4008:<\/h3>\n<p>Norma para avalia\u00e7\u00e3o do desempenho de fitas adesivas segundo diretrizes europeias.<\/p>\n<p><strong>M\u00e9todos de teste:<\/strong><\/p>\n<ul>\n<li>Prenda uma extremidade da fita a um eixo ou mandril girat\u00f3rio para simular o desenrolamento no mundo real.<\/li>\n<li>A outra extremidade \u00e9 ancorada e o testador desenrola a fita a uma velocidade predefinida (medida em IPM ou mm\/s).<\/li>\n<li>Me\u00e7a e registre a for\u00e7a necess\u00e1ria para manter o movimento, incluindo for\u00e7as m\u00e1ximas e m\u00e9dias.<\/li>\n<\/ul>\n<hr \/>\n<h2>Principais caracter\u00edsticas do testador de desenrolamento de alta velocidade HSU-01<\/h2>\n<h3>Design e funcionalidade avan\u00e7ados<\/h3>\n<p>O HSU-01 \u00e9 um instrumento constru\u00eddo especificamente para testes de precis\u00e3o. Ele fornece dados em tempo real e insights detalhados sobre o comportamento de fitas adesivas em altas velocidades.<\/p>\n<h3>Especifica\u00e7\u00f5es t\u00e9cnicas:<\/h3>\n<table style=\"height: 274px;\" width=\"573\">\n<tbody>\n<tr>\n<td width=\"133\">Tamanho da amostra<\/td>\n<td width=\"660\">Di\u00e2metro do carretel 75 mm, largura 75 mm. Di\u00e2metro externo m\u00e1ximo 300 mm (personaliza\u00e7\u00e3o dispon\u00edvel)<\/td>\n<\/tr>\n<tr>\n<td width=\"133\">C\u00e9lula de carga<\/td>\n<td width=\"660\">10kg, 20kg e 50kg s\u00e3o opcionais<\/td>\n<\/tr>\n<tr>\n<td width=\"133\">Resolu\u00e7\u00e3o de For\u00e7a<\/td>\n<td width=\"660\">0,01N<\/td>\n<\/tr>\n<tr>\n<td width=\"133\">Motor<\/td>\n<td width=\"660\">Tipo de servo<\/td>\n<\/tr>\n<tr>\n<td width=\"133\">Controlar<\/td>\n<td width=\"660\">Tela sens\u00edvel ao toque do PLC e HMI<\/td>\n<\/tr>\n<tr>\n<td width=\"133\">Poder<\/td>\n<td width=\"660\">CA 110~220V 50Hz<\/td>\n<\/tr>\n<\/tbody>\n<\/table>\n<h3>Efici\u00eancia e Confiabilidade<\/h3>\n<ul>\n<li>Testes est\u00e1veis em altas velocidades predefinidas.<\/li>\n<li>Medi\u00e7\u00f5es precisas garantem a qualidade do produto e a conformidade com padr\u00f5es como <strong>PSTC-13<\/strong>.<\/li>\n<li>Servo motor robusto e sistemas de controle avan\u00e7ados proporcionam resultados consistentes.<\/li>\n<\/ul>\n<h2>Vantagens do HSU-01<\/h2>\n<h3>Garantia de qualidade aprimorada<\/h3>\n<p>Ao medir com precis\u00e3o a for\u00e7a de desenrolamento, o HSU-01 ajuda os fabricantes a manter altos padr\u00f5es de qualidade, garantindo que seus produtos atendam \u00e0s expectativas dos clientes e aos requisitos da ind\u00fastria.<\/p>\n<h3>Personaliza\u00e7\u00e3o e Flexibilidade<\/h3>\n<p>O testador pode ser adaptado para acomodar v\u00e1rios tamanhos de fita, capacidades de c\u00e9lulas de carga e necessidades de aplica\u00e7\u00e3o.<\/p>\n<h3>Opera\u00e7\u00e3o amig\u00e1vel ao usu\u00e1rio<\/h3>\n<p>Com controle PLC e uma tela sens\u00edvel ao toque HMI, o HSU-01 garante f\u00e1cil configura\u00e7\u00e3o, opera\u00e7\u00e3o e an\u00e1lise de dados.<\/p>\n<h2>Perguntas frequentes<\/h2>\n<p><strong>1. Qual \u00e9 a fun\u00e7\u00e3o principal do testador de desenrolamento de alta velocidade HSU-01?<\/strong><br \/>\nO HSU-01 mede a for\u00e7a necess\u00e1ria para desenrolar fitas adesivas em altas velocidades, garantindo qualidade e consist\u00eancia de desempenho.<\/p>\n<p><strong>2. Por que o teste de for\u00e7a de desenrolamento \u00e9 essencial?<\/strong><br \/>\nOs testes de for\u00e7a de desenrolamento garantem a confiabilidade da fita adesiva durante a aplica\u00e7\u00e3o, ajudando os fabricantes a atender aos padr\u00f5es da ind\u00fastria, como o PSTC-13.<\/p>\n<p><strong>3. Quais ind\u00fastrias usam testes de for\u00e7a de desenrolamento?<\/strong><br \/>\nInd\u00fastrias como embalagens, automotiva, m\u00e9dica e eletr\u00f4nica contam com esses testes para garantir o desempenho do produto.<\/p>\n<p><strong>4. O que diferencia o HSU-01 de outros testadores?<\/strong><br \/>\nO HSU-01 oferece precis\u00e3o incompar\u00e1vel, op\u00e7\u00f5es personaliz\u00e1veis e controles intuitivos, apoiados pela tecnologia PLC e HMI.<\/p>\n<p><strong>5. O HSU-01 pode ser personalizado?<\/strong><br \/>\nSim, o HSU-01 pode ser adaptado para atender a requisitos de teste espec\u00edficos, incluindo tamanhos de bobinas, capacidades de c\u00e9lulas de carga e velocidades de teste.<\/p>\n<p>O <strong>Testador de desenrolamento de alta velocidade HSU-01<\/strong>\u00a0\u00e9 uma solu\u00e7\u00e3o de ponta para testes de for\u00e7a de desenrolamento. Em conformidade com padr\u00f5es como <strong>PSTC-13<\/strong>, ele garante o desempenho e a qualidade da fita adesiva em v\u00e1rios setores. Com seus recursos avan\u00e7ados, controles f\u00e1ceis de usar e op\u00e7\u00f5es de personaliza\u00e7\u00e3o, o HSU-01 \u00e9 a ferramenta definitiva para fabricantes comprometidos com a excel\u00eancia em controle de qualidade.<\/p>\n<div id=\"gtx-anchor\" style=\"position: absolute; visibility: hidden; left: 475.688px; top: 26px; width: 84px; height: 19px;\"><\/div>\n<div class=\"jfk-bubble gtx-bubble\" style=\"visibility: visible; left: -150px; top: 55px; opacity: 1;\" role=\"alertdialog\" aria-describedby=\"bubble-12\">\n<div id=\"bubble-12\" class=\"jfk-bubble-content-id\">\n<div id=\"gtx-host\" style=\"min-width: 200px; max-width: 400px;\"><\/div>\n<\/div>\n<div class=\"jfk-bubble-closebtn-id jfk-bubble-closebtn\" tabindex=\"0\" role=\"button\" aria-label=\"Fechar\"><\/div>\n<div class=\"jfk-bubble-arrow-id jfk-bubble-arrow jfk-bubble-arrowup\" style=\"left: 517.688px;\">\n<div class=\"jfk-bubble-arrowimplbefore\"><\/div>\n<div class=\"jfk-bubble-arrowimplafter\"><\/div>\n<\/div>\n<\/div>","protected":false},"excerpt":{"rendered":"<p>O <strong>Testador de desenrolamento de alta velocidade HSU-01<\/strong> \u00e9 um instrumento avan\u00e7ado projetado para medir a for\u00e7a necess\u00e1ria para desenrolar fitas adesivas de seus rolos em uma velocidade alta e controlada. Este dispositivo inovador \u00e9 essencial para a garantia de qualidade, garantindo que as fitas adesivas atendam aos padr\u00f5es da ind\u00fastria e tenham um desempenho confi\u00e1vel durante a aplica\u00e7\u00e3o. Das ind\u00fastrias de embalagens \u00e0s automotivas, m\u00e9dicas e eletr\u00f4nicas, o HSU-01 \u00e9 a solu\u00e7\u00e3o ideal para testes de for\u00e7a de desenrolamento.<\/p>","protected":false},"featured_media":6296,"comment_status":"closed","ping_status":"closed","template":"","meta":{"site-sidebar-layout":"default","site-content-layout":"default","ast-global-header-display":"","ast-main-header-display":"","ast-hfb-above-header-display":"","ast-hfb-below-header-display":"","ast-hfb-mobile-header-display":"","site-post-title":"","ast-breadcrumbs-content":"","ast-featured-img":"","footer-sml-layout":"","theme-transparent-header-meta":"default","adv-header-id-meta":"","stick-header-meta":"","header-above-stick-meta":"","header-main-stick-meta":"","header-below-stick-meta":""},"product_cat":[953,956,955,845,947,954,957,1116,958,952,959,673,118,95],"product_tag":[],"class_list":{"0":"post-5398","1":"product","2":"type-product","3":"status-publish","4":"has-post-thumbnail","6":"product_cat-bursting-tester","7":"product_cat-cobb-tester","8":"product_cat-crush-tester","9":"product_cat-customization","10":"product_cat-high-speed-unwinding-force","11":"product_cat-paper-tear-tester","12":"product_cat-plybond-tester","13":"product_cat-pstc-13","14":"product_cat-puncture-tester","15":"product_cat-rub-tester","16":"product_cat-stiffness-tester","17":"product_cat-adhesive-tester","18":"product_cat-astm-d1000","19":"product_cat-products","20":"desktop-align-left","21":"tablet-align-left","22":"mobile-align-left","24":"first","25":"instock","26":"shipping-taxable","27":"product-type-simple"},"_links":{"self":[{"href":"https:\/\/www.qualitester.com\/pt\/wp-json\/wp\/v2\/product\/5398","targetHints":{"allow":["GET"]}}],"collection":[{"href":"https:\/\/www.qualitester.com\/pt\/wp-json\/wp\/v2\/product"}],"about":[{"href":"https:\/\/www.qualitester.com\/pt\/wp-json\/wp\/v2\/types\/product"}],"replies":[{"embeddable":true,"href":"https:\/\/www.qualitester.com\/pt\/wp-json\/wp\/v2\/comments?post=5398"}],"version-history":[{"count":0,"href":"https:\/\/www.qualitester.com\/pt\/wp-json\/wp\/v2\/product\/5398\/revisions"}],"wp:featuredmedia":[{"embeddable":true,"href":"https:\/\/www.qualitester.com\/pt\/wp-json\/wp\/v2\/media\/6296"}],"wp:attachment":[{"href":"https:\/\/www.qualitester.com\/pt\/wp-json\/wp\/v2\/media?parent=5398"}],"wp:term":[{"taxonomy":"product_cat","embeddable":true,"href":"https:\/\/www.qualitester.com\/pt\/wp-json\/wp\/v2\/product_cat?post=5398"},{"taxonomy":"product_tag","embeddable":true,"href":"https:\/\/www.qualitester.com\/pt\/wp-json\/wp\/v2\/product_tag?post=5398"}],"curies":[{"name":"wp","href":"https:\/\/api.w.org\/{rel}","templated":true}]}}