{"id":5394,"date":"2024-11-18T10:48:02","date_gmt":"2024-11-18T02:48:02","guid":{"rendered":"https:\/\/www.qualitester.com\/?post_type=product&#038;p=5394"},"modified":"2024-11-18T10:48:04","modified_gmt":"2024-11-18T02:48:04","slug":"sale-rolling-ball-tack-tester","status":"publish","type":"product","link":"https:\/\/www.qualitester.com\/pt\/produto\/sale-rolling-ball-tack-tester\/","title":{"rendered":"Testador de ader\u00eancia de bola rolante BTT"},"content":{"rendered":"<h2><strong>Introdu\u00e7\u00e3o ao testador de tachas de esferas rolantes<\/strong><\/h2>\n<p>O <strong>Testador de tachas de esfera rolante<\/strong> \u00e9 uma ferramenta essencial para avaliar a pegajosidade de adesivos sens\u00edveis \u00e0 press\u00e3o (PSAs). Ele mede a capacidade do adesivo de se unir rapidamente a uma superf\u00edcie usando um m\u00e9todo de teste simples e repet\u00edvel. Este testador \u00e9 amplamente utilizado em ind\u00fastrias como embalagens, dispositivos m\u00e9dicos, eletr\u00f4nicos e fabrica\u00e7\u00e3o de adesivos, onde o desempenho consistente do adesivo \u00e9 cr\u00edtico. Projetado para controle de qualidade, o teste de pegajosidade de esfera rolante garante a detec\u00e7\u00e3o precisa de varia\u00e7\u00f5es de lote para lote, tornando-o indispens\u00e1vel para manter altos padr\u00f5es de produto.<\/p>\n<h2><strong>Principais caracter\u00edsticas do testador de ader\u00eancia de bola rolante<\/strong><\/h2>\n<ul>\n<li><strong>Resultados precisos e reproduz\u00edveis:<\/strong> Projetado para uso em laborat\u00f3rio, oferecendo detec\u00e7\u00e3o confi\u00e1vel de varia\u00e7\u00f5es adesivas.<\/li>\n<li><strong>Dois modelos robustos:<\/strong>\n<ul>\n<li><strong>BTT-01 Tipo resistente:<\/strong> Possui uma calha inclinada e uma alavanca de libera\u00e7\u00e3o para permitir que uma bola de a\u00e7o de 7\/16 polegadas (11,1 mm) role sobre o adesivo.<\/li>\n<li><strong>BTT-02 Tipo Inclinado:<\/strong> Vem com placas inclinadas ajust\u00e1veis (20\u00b0, 30\u00b0 ou 40\u00b0) para configura\u00e7\u00f5es de teste flex\u00edveis e maior versatilidade.<\/li>\n<\/ul>\n<\/li>\n<li><strong>Facilidade de uso:<\/strong> Treinamento m\u00ednimo necess\u00e1rio para opera\u00e7\u00e3o, o que o torna ideal para controle de qualidade r\u00e1pido e econ\u00f4mico.<\/li>\n<\/ul>\n<h3>Par\u00e2metro principal<\/h3>\n<h4>BTT-01<\/h4>\n<table>\n<tbody>\n<tr>\n<td width=\"167\">Comprimento da calha<\/td>\n<td width=\"167\">6,5 polegadas<\/td>\n<\/tr>\n<tr>\n<td width=\"167\">\u00c2ngulo de inclina\u00e7\u00e3o<\/td>\n<td width=\"167\">21,3\u00b0<\/td>\n<\/tr>\n<tr>\n<td width=\"167\">Bola rolando<\/td>\n<td width=\"167\">7\/16 polegadas (n\u00ba 14)<\/td>\n<\/tr>\n<tr>\n<td width=\"167\">Dimens\u00e3o<\/td>\n<td width=\"167\">210*50*80mm comprimento x altura<\/td>\n<\/tr>\n<tr>\n<td width=\"167\">Peso<\/td>\n<td width=\"167\">0,5 kg<\/td>\n<\/tr>\n<\/tbody>\n<\/table>\n<h4>BTT-02<\/h4>\n<table>\n<tbody>\n<tr>\n<td width=\"167\">\u00c2ngulo Inclinado<\/td>\n<td width=\"167\">0~60\u00b0<\/td>\n<\/tr>\n<tr>\n<td width=\"167\">Largura da \u00e1rea de teste<\/td>\n<td width=\"167\">120 mm<\/td>\n<\/tr>\n<tr>\n<td width=\"167\">Bola rolando<\/td>\n<td width=\"167\">1\/32~1 polegada<\/td>\n<\/tr>\n<tr>\n<td width=\"167\">Dimens\u00e3o<\/td>\n<td width=\"167\">320*140*180mm Comprimento x Altura<\/td>\n<\/tr>\n<tr>\n<td width=\"167\">Peso<\/td>\n<td width=\"167\">6 kg<\/td>\n<\/tr>\n<\/tbody>\n<\/table>\n<h2><strong>Aplica\u00e7\u00f5es do testador de ader\u00eancia de bola rolante<\/strong><\/h2>\n<p>O testador \u00e9 amplamente utilizado em v\u00e1rios setores, incluindo:<\/p>\n<ul>\n<li><strong>Embalagem:<\/strong> Garante que os r\u00f3tulos e selos sejam aderentes de forma consistente.<\/li>\n<li><strong>Fabrica\u00e7\u00e3o de Adesivos:<\/strong> Confirma o desempenho de fitas e filmes adesivos sens\u00edveis \u00e0 press\u00e3o.<\/li>\n<li><strong>Eletr\u00f4nica:<\/strong> Avalia adesivos para montagem de dispositivos.<\/li>\n<li><strong>Dispositivos m\u00e9dicos:<\/strong> Verifica a confiabilidade do adesivo para uma colagem segura.<\/li>\n<\/ul>\n<h2><strong>Normas relevantes para testes de ader\u00eancia de esferas rolantes<\/strong><\/h2>\n<p>O <strong>Testador de tachas de esfera rolante<\/strong> est\u00e1 em conformidade com os seguintes padr\u00f5es principais:<\/p>\n<ul>\n<li><strong><a href=\"https:\/\/pstc.org\/resources\/test-methods\/\" target=\"_blank\" rel=\"noopener nofollow\">PSTC-6<\/a>:<\/strong> Concentra-se na medi\u00e7\u00e3o comparativa de ader\u00eancia de adesivos, fornecendo diretrizes claras para aplica\u00e7\u00f5es de controle de qualidade.<\/li>\n<li><strong><a href=\"https:\/\/www.astm.org\/d3121-17.html\" target=\"_blank\" rel=\"noopener nofollow\">ASTM D3121<\/a>:<\/strong> Especifica o m\u00e9todo de esfera rolante para determinar a ader\u00eancia, garantindo reprodutibilidade e precis\u00e3o na avalia\u00e7\u00e3o adesiva.<\/li>\n<li><strong>JIS Z0237:<\/strong> O padr\u00e3o industrial japon\u00eas para testes de ader\u00eancia adesiva, enfatizando uniformidade e precis\u00e3o nos resultados dos testes.<br \/>\nEsses padr\u00f5es estabelecem uma estrutura robusta, tornando o testador uma ferramenta confi\u00e1vel para garantia de qualidade de adesivos em todo o mundo.<\/li>\n<\/ul>\n<h2><strong>Metodologia de teste<\/strong><\/h2>\n<ol>\n<li><strong>Prepare a amostra do adesivo:<\/strong> Fixe o filme adesivo ou substrato na superf\u00edcie de teste.<\/li>\n<li><strong>Defina o \u00e2ngulo de inclina\u00e7\u00e3o:<\/strong> Ajuste a placa inclinada no \u00e2ngulo desejado (20\u00b0, 30\u00b0 ou 40\u00b0 para BTT-02).<\/li>\n<li><strong>Solte a bola:<\/strong> Coloque uma bola de a\u00e7o no topo da inclina\u00e7\u00e3o e solte-a usando a alavanca ou placa.<\/li>\n<li><strong>Avalie o desempenho do Tack:<\/strong> Observe a dist\u00e2ncia percorrida pela bola antes de parar, indicando a for\u00e7a de ader\u00eancia do adesivo.<\/li>\n<\/ol>\n<p>Este m\u00e9todo simples, por\u00e9m eficaz, garante resultados consistentes e reproduz\u00edveis, tornando-o ideal para verifica\u00e7\u00f5es de qualidade de rotina.<\/p>\n<h2><strong>Benef\u00edcios do testador de ader\u00eancia Rolling Ball<\/strong><\/h2>\n<ul>\n<li><strong>R\u00e1pido e econ\u00f4mico:<\/strong> Um m\u00e9todo r\u00e1pido que requer investimento m\u00ednimo em equipamento.<\/li>\n<li><strong>Controle de qualidade confi\u00e1vel:<\/strong> Detecta inconsist\u00eancias adesivas com efici\u00eancia, garantindo a qualidade do lote.<\/li>\n<li><strong>Facilidade de opera\u00e7\u00e3o:<\/strong> Processo de teste simples e adequado para operadores de todos os n\u00edveis de experi\u00eancia.<\/li>\n<li><strong>Em conformidade com os padr\u00f5es:<\/strong> Atende \u00e0s normas globais de testes como PSTC-6, ASTM D3121 e JIS Z0237.<\/li>\n<\/ul>\n<h2><strong>Por que escolher a Cell Instruments para testes de ader\u00eancia com esferas rolantes?<\/strong><\/h2>\n<p>Como fabricante l\u00edder de instrumentos de teste de materiais, a Cell Instruments fornece solu\u00e7\u00f5es de alta qualidade adaptadas \u00e0s suas necessidades. Nosso <strong>BTT-01<\/strong> e <strong>Testadores de ader\u00eancia de esferas rolantes BTT-02<\/strong> s\u00e3o projetados para fornecer resultados precisos, ao mesmo tempo em que atendem aos padr\u00f5es internacionais. Com nossa expertise em personaliza\u00e7\u00e3o e automa\u00e7\u00e3o, garantimos que nossos produtos atendam aos seus requisitos espec\u00edficos de teste. Confie em n\u00f3s para ajudar voc\u00ea a manter altos padr\u00f5es em desempenho de adesivo e garantia de qualidade.<\/p>\n<h2><strong>Perguntas frequentes sobre testes de ader\u00eancia de bola rolante<\/strong><\/h2>\n<ol>\n<li><strong>O que \u00e9 &quot;tack&quot; na ind\u00fastria de adesivos?<\/strong>\n<ul>\n<li>Ader\u00eancia refere-se \u00e0 propriedade de um adesivo de formar uma liga\u00e7\u00e3o de for\u00e7a mensur\u00e1vel imediatamente ap\u00f3s o contato com press\u00e3o m\u00ednima.<\/li>\n<\/ul>\n<\/li>\n<li><strong>Como o teste de ader\u00eancia com bola rolante difere de outros testes de ader\u00eancia?<\/strong>\n<ul>\n<li>\u00c9 um m\u00e9todo comparativo que avalia a ader\u00eancia observando a dist\u00e2ncia que uma bola rolante percorre no adesivo.<\/li>\n<\/ul>\n<\/li>\n<li><strong>Quais setores se beneficiam mais com esse teste?<\/strong>\n<ul>\n<li>Ind\u00fastrias como embalagens, dispositivos m\u00e9dicos, fabrica\u00e7\u00e3o de adesivos e eletr\u00f4nicos contam com esse teste para controle de qualidade.<\/li>\n<\/ul>\n<\/li>\n<li><strong>Que tipos de adesivos podem ser testados?<\/strong>\n<ul>\n<li>A maioria dos adesivos sens\u00edveis \u00e0 press\u00e3o (PSAs), incluindo fitas e filmes, podem ser avaliados usando este m\u00e9todo.<\/li>\n<\/ul>\n<\/li>\n<li><strong>Como PSTC-6, ASTM D3121 e JIS Z0237 garantem a precis\u00e3o do teste?<\/strong>\n<ul>\n<li>Esses padr\u00f5es fornecem diretrizes r\u00edgidas para configura\u00e7\u00e3o de testes, execu\u00e7\u00e3o e interpreta\u00e7\u00e3o de resultados, garantindo medi\u00e7\u00f5es confi\u00e1veis e reproduz\u00edveis.<\/li>\n<\/ul>\n<\/li>\n<\/ol>\n<div id=\"gtx-anchor\" style=\"position: absolute; visibility: hidden; left: 77.5156px; top: 1422.97px; width: 54.8594px; height: 19px;\"><\/div>\n<div class=\"jfk-bubble gtx-bubble\" style=\"visibility: visible; left: 90px; top: 1255px; opacity: 1;\" role=\"alertdialog\" aria-describedby=\"bubble-6\">\n<div id=\"bubble-6\" class=\"jfk-bubble-content-id\">\n<div id=\"gtx-host\" style=\"min-width: 200px; max-width: 400px;\"><\/div>\n<\/div>\n<div class=\"jfk-bubble-closebtn-id jfk-bubble-closebtn\" tabindex=\"0\" role=\"button\" aria-label=\"Fechar\"><\/div>\n<div class=\"jfk-bubble-arrow-id jfk-bubble-arrow jfk-bubble-arrowdown\" style=\"left: 105.016px;\">\n<div class=\"jfk-bubble-arrowimplbefore\"><\/div>\n<div class=\"jfk-bubble-arrowimplafter\"><\/div>\n<\/div>\n<\/div>","protected":false},"excerpt":{"rendered":"<p>O <strong>Testador de tachas de esfera rolante<\/strong> \u00e9 uma ferramenta essencial para avaliar a pegajosidade de adesivos sens\u00edveis \u00e0 press\u00e3o (PSAs). Ele mede a capacidade do adesivo de se unir rapidamente a uma superf\u00edcie usando um m\u00e9todo de teste simples e repet\u00edvel. Este testador \u00e9 amplamente utilizado em ind\u00fastrias como embalagens, dispositivos m\u00e9dicos, eletr\u00f4nicos e fabrica\u00e7\u00e3o de adesivos, onde o desempenho consistente do adesivo \u00e9 cr\u00edtico. Projetado para controle de qualidade, o teste de pegajosidade de esfera rolante garante a detec\u00e7\u00e3o precisa de varia\u00e7\u00f5es de lote para lote, tornando-o indispens\u00e1vel para manter altos padr\u00f5es de produto.<\/p>","protected":false},"featured_media":5395,"comment_status":"closed","ping_status":"closed","template":"","meta":{"site-sidebar-layout":"default","site-content-layout":"default","ast-global-header-display":"","ast-main-header-display":"","ast-hfb-above-header-display":"","ast-hfb-below-header-display":"","ast-hfb-mobile-header-display":"","site-post-title":"","ast-breadcrumbs-content":"","ast-featured-img":"","footer-sml-layout":"","theme-transparent-header-meta":"default","adv-header-id-meta":"","stick-header-meta":"","header-above-stick-meta":"","header-main-stick-meta":"","header-below-stick-meta":""},"product_cat":[1115,943,1114,673],"product_tag":[],"class_list":{"0":"post-5394","1":"product","2":"type-product","3":"status-publish","4":"has-post-thumbnail","6":"product_cat-astm-d3121","7":"product_cat-ball-tack-tester","8":"product_cat-pstc-6","9":"product_cat-adhesive-tester","10":"desktop-align-left","11":"tablet-align-left","12":"mobile-align-left","14":"first","15":"instock","16":"shipping-taxable","17":"product-type-simple"},"_links":{"self":[{"href":"https:\/\/www.qualitester.com\/pt\/wp-json\/wp\/v2\/product\/5394","targetHints":{"allow":["GET"]}}],"collection":[{"href":"https:\/\/www.qualitester.com\/pt\/wp-json\/wp\/v2\/product"}],"about":[{"href":"https:\/\/www.qualitester.com\/pt\/wp-json\/wp\/v2\/types\/product"}],"replies":[{"embeddable":true,"href":"https:\/\/www.qualitester.com\/pt\/wp-json\/wp\/v2\/comments?post=5394"}],"version-history":[{"count":0,"href":"https:\/\/www.qualitester.com\/pt\/wp-json\/wp\/v2\/product\/5394\/revisions"}],"wp:featuredmedia":[{"embeddable":true,"href":"https:\/\/www.qualitester.com\/pt\/wp-json\/wp\/v2\/media\/5395"}],"wp:attachment":[{"href":"https:\/\/www.qualitester.com\/pt\/wp-json\/wp\/v2\/media?parent=5394"}],"wp:term":[{"taxonomy":"product_cat","embeddable":true,"href":"https:\/\/www.qualitester.com\/pt\/wp-json\/wp\/v2\/product_cat?post=5394"},{"taxonomy":"product_tag","embeddable":true,"href":"https:\/\/www.qualitester.com\/pt\/wp-json\/wp\/v2\/product_tag?post=5394"}],"curies":[{"name":"wp","href":"https:\/\/api.w.org\/{rel}","templated":true}]}}