{"id":5382,"date":"2024-11-15T11:14:56","date_gmt":"2024-11-15T03:14:56","guid":{"rendered":"https:\/\/www.qualitester.com\/?post_type=product&#038;p=5382"},"modified":"2024-12-05T14:22:11","modified_gmt":"2024-12-05T06:22:11","slug":"sale-packaging-vibration-testing-machine","status":"publish","type":"product","link":"https:\/\/www.qualitester.com\/pt\/produto\/sale-packaging-vibration-testing-machine\/","title":{"rendered":"M\u00e1quina de teste de vibra\u00e7\u00e3o de embalagem VTM-01"},"content":{"rendered":"<h3>Introdu\u00e7\u00e3o \u00e0 m\u00e1quina de teste de vibra\u00e7\u00e3o de embalagem<\/h3>\n<p>O <strong>M\u00e1quina de teste de vibra\u00e7\u00e3o de embalagem<\/strong> \u00e9 uma ferramenta robusta e essencial para ind\u00fastrias comprometidas em garantir a durabilidade e confiabilidade da embalagem em condi\u00e7\u00f5es do mundo real. Projetada para testar embalagens de transporte completas ou cargas unit\u00e1rias cheias, esta m\u00e1quina ajuda a simular as tens\u00f5es que as embalagens sofrem durante o manuseio, transporte e armazenamento. Amplamente aplic\u00e1vel em setores como embalagens, alimentos, produtos farmac\u00eauticos, eletr\u00f4nicos e inspe\u00e7\u00e3o de qualidade, esta m\u00e1quina \u00e9 inestim\u00e1vel para verificar se as embalagens oferecem prote\u00e7\u00e3o adequada ao seu conte\u00fado.<\/p>\n<h2>Principais aplica\u00e7\u00f5es da m\u00e1quina de teste de vibra\u00e7\u00e3o de embalagem<\/h2>\n<p>Nossa M\u00e1quina de Teste de Vibra\u00e7\u00e3o de Embalagem fornece um ambiente controlado para avaliar o qu\u00e3o bem a embalagem suporta vibra\u00e7\u00e3o de baixa frequ\u00eancia. \u00c9 ideal para:<\/p>\n<ul>\n<li>Avaliar a integridade estrutural das embalagens de transporte e garantir o desempenho de prote\u00e7\u00e3o.<\/li>\n<li>Testar cargas unit\u00e1rias cheias para evitar poss\u00edveis danos ao produto durante a distribui\u00e7\u00e3o.<\/li>\n<li>Realiza\u00e7\u00e3o de avalia\u00e7\u00f5es de durabilidade para embalagens usadas em diversos setores, garantindo que o conte\u00fado esteja protegido contra choques, vibra\u00e7\u00f5es e manuseio brusco.<\/li>\n<\/ul>\n<h2>Princ\u00edpio de opera\u00e7\u00e3o da m\u00e1quina de teste de vibra\u00e7\u00e3o de embalagem<\/h2>\n<p>Esta m\u00e1quina opera aplicando excita\u00e7\u00e3o sinusoidal em uma frequ\u00eancia baixa fixa. Amostras de teste s\u00e3o colocadas em uma mesa de vibra\u00e7\u00e3o onde, sob condi\u00e7\u00f5es controladas, s\u00e3o submetidas a for\u00e7as de vibra\u00e7\u00e3o que imitam ambientes de transporte. Condi\u00e7\u00f5es como par\u00e2metros atmosf\u00e9ricos, frequ\u00eancia de vibra\u00e7\u00e3o, dura\u00e7\u00e3o e o m\u00e9todo de restri\u00e7\u00e3o s\u00e3o definidos com anteced\u00eancia para precis\u00e3o. Com m\u00e9todos de medi\u00e7\u00e3o eletr\u00f4nicos automatizados, esta m\u00e1quina de teste de vibra\u00e7\u00e3o agiliza os testes para velocidade e precis\u00e3o, ajudando a reduzir o erro humano e a fornecer resultados repet\u00edveis.<\/p>\n<h2>Benef\u00edcios do uso da m\u00e1quina de teste de vibra\u00e7\u00e3o de embalagem<\/h2>\n<ul>\n<li><strong>Alta precis\u00e3o<\/strong>: Medi\u00e7\u00f5es automatizadas e eletr\u00f4nicas aumentam a precis\u00e3o e a consist\u00eancia entre os testes, eliminando a subjetividade.<\/li>\n<li><strong>Facilidade de uso<\/strong>: Basta colocar o pacote na plataforma para come\u00e7ar a test\u00e1-lo, tornando-o acess\u00edvel at\u00e9 mesmo para operadores com treinamento m\u00ednimo.<\/li>\n<li><strong>Testes Eficientes<\/strong>: A fun\u00e7\u00e3o de retorno autom\u00e1tico da m\u00e1quina permite testes cont\u00ednuos e simplificados sem reinicializa\u00e7\u00e3o manual, economizando tempo e trabalho.<\/li>\n<\/ul>\n<p>Esta m\u00e1quina \u00e9 uma ferramenta essencial para empresas que buscam controle de qualidade confi\u00e1vel em embalagens e distribui\u00e7\u00e3o.<\/p>\n<h2>Conformidade com as principais normas<\/h2>\n<h3>ASTM D999: Norma de teste de vibra\u00e7\u00e3o<\/h3>\n<p><a href=\"https:\/\/www.astm.org\/d0999-08r15.html\" target=\"_blank\" rel=\"noopener nofollow\">Norma ASTM D999<\/a> \u00e9 o padr\u00e3o autoritativo para testes de vibra\u00e7\u00e3o de baixa frequ\u00eancia, projetado especificamente para avaliar a resili\u00eancia da embalagem contra vibra\u00e7\u00f5es que imitam as condi\u00e7\u00f5es de envio. Este padr\u00e3o descreve m\u00e9todos de teste para avaliar com precis\u00e3o o desempenho da embalagem, ajudando a garantir a seguran\u00e7a do produto e minimizando os danos durante o transporte. Ao se alinhar com <a href=\"https:\/\/www.qualitester.com\/pt\/categoria-produto\/astm\/astm-d999\/\" target=\"_blank\" rel=\"noopener\">Norma ASTM D999<\/a>, nossa m\u00e1quina oferece testes de vibra\u00e7\u00e3o confi\u00e1veis e padronizados, de acordo com as melhores pr\u00e1ticas do setor.<\/p>\n<h3>ISO 2247: Requisitos de embalagem e distribui\u00e7\u00e3o<\/h3>\n<p><a href=\"https:\/\/www.iso.org\/standard\/32412.html\" target=\"_blank\" rel=\"noopener nofollow\">Norma ISO 2247<\/a> detalha os requisitos de teste de vibra\u00e7\u00e3o necess\u00e1rios para embalagens destinadas \u00e0 distribui\u00e7\u00e3o global. Ao aderir \u00e0 ISO 2247, a M\u00e1quina de Teste de Vibra\u00e7\u00e3o de Embalagem garante que a embalagem atenda \u00e0s expectativas de durabilidade e seguran\u00e7a dos padr\u00f5es internacionais. Esse alinhamento com a ISO 2247 fornece \u00e0s empresas mais confian\u00e7a de que suas solu\u00e7\u00f5es de embalagem est\u00e3o em conformidade com as demandas globais de transporte.<\/p>\n<h3>Especifica\u00e7\u00f5es t\u00e9cnicas da m\u00e1quina de teste de vibra\u00e7\u00e3o de embalagem<\/h3>\n<ul>\n<li><strong>Faixa de frequ\u00eancia<\/strong>: Definido para cobrir requisitos t\u00edpicos de baixa frequ\u00eancia em simula\u00e7\u00f5es de transporte.<\/li>\n<li><strong>Capacidade de carga<\/strong>: Projetado para lidar com uma variedade de tamanhos e pesos de embalagens.<\/li>\n<li><strong>Dimens\u00f5es da mesa<\/strong>: Grande o suficiente para acomodar diversas amostras de teste, oferecendo flexibilidade entre os tipos de produtos.<\/li>\n<li><strong>Modos de teste<\/strong>: Suporta vibra\u00e7\u00e3o de frequ\u00eancia fixa e simula\u00e7\u00f5es de choque repetitivas para atender a diversas necessidades de testes.<\/li>\n<\/ul>\n<h2>Como a m\u00e1quina de teste de vibra\u00e7\u00e3o de embalagem garante a seguran\u00e7a do produto<\/h2>\n<p>O uso da M\u00e1quina de Teste de Vibra\u00e7\u00e3o de Embalagem permite que fabricantes e transportadores antecipem e mitiguem riscos que os produtos podem enfrentar em tr\u00e2nsito. Ao simular condi\u00e7\u00f5es do mundo real, esta m\u00e1quina permite a identifica\u00e7\u00e3o antecipada de fraquezas da embalagem, reduzindo devolu\u00e7\u00f5es de produtos e melhorando a satisfa\u00e7\u00e3o do cliente. Esta m\u00e1quina \u00e9 essencial para departamentos de controle de qualidade focados na estabilidade de remessa e prote\u00e7\u00e3o de produtos de ponta a ponta.<\/p>\n<h2>Conformidade com padr\u00f5es adicionais (S\u00e9rie ISTA, GB 4857.7)<\/h2>\n<p>Al\u00e9m de ASTM D999 e ISO 2247, nossa M\u00e1quina de Teste de Vibra\u00e7\u00e3o de Embalagem tamb\u00e9m est\u00e1 em conformidade com as normas da s\u00e9rie ISTA e GB 4857.7. Essas normas adicionais tornam a m\u00e1quina compat\u00edvel com uma variedade de protocolos de teste internacionais, refor\u00e7ando ainda mais sua versatilidade e credibilidade na garantia global de qualidade de embalagens.<\/p>\n<p>A M\u00e1quina de Teste de Vibra\u00e7\u00e3o de Embalagem \u00e9 a solu\u00e7\u00e3o ideal para empresas que priorizam a qualidade da embalagem, confiabilidade e conformidade com padr\u00f5es internacionais. Ao usar esta m\u00e1quina, as empresas podem aprimorar seus processos de controle de qualidade com testes de vibra\u00e7\u00e3o padronizados e de alta precis\u00e3o que se alinham com ASTM D999 e ISO 2247. Com seu design amig\u00e1vel, funcionalidade automatizada e desempenho robusto, nossa m\u00e1quina de teste de vibra\u00e7\u00e3o \u00e9 um investimento valioso na qualidade do produto e na satisfa\u00e7\u00e3o do cliente.<\/p>","protected":false},"excerpt":{"rendered":"<p>O <strong>M\u00e1quina de teste de vibra\u00e7\u00e3o de embalagem<\/strong> \u00e9 uma ferramenta robusta e essencial para ind\u00fastrias comprometidas em garantir a durabilidade e confiabilidade da embalagem em condi\u00e7\u00f5es do mundo real. Projetada para testar embalagens de transporte completas ou cargas unit\u00e1rias cheias, esta m\u00e1quina ajuda a simular as tens\u00f5es que as embalagens sofrem durante o manuseio, transporte e armazenamento. Amplamente aplic\u00e1vel em setores como embalagens, alimentos, produtos farmac\u00eauticos, eletr\u00f4nicos e inspe\u00e7\u00e3o de qualidade, esta m\u00e1quina \u00e9 inestim\u00e1vel para verificar se as embalagens oferecem prote\u00e7\u00e3o adequada ao seu conte\u00fado.<\/p>","protected":false},"featured_media":6256,"comment_status":"closed","ping_status":"closed","template":"","meta":{"site-sidebar-layout":"default","site-content-layout":"default","ast-global-header-display":"","ast-main-header-display":"","ast-hfb-above-header-display":"","ast-hfb-below-header-display":"","ast-hfb-mobile-header-display":"","site-post-title":"","ast-breadcrumbs-content":"","ast-featured-img":"","footer-sml-layout":"","theme-transparent-header-meta":"default","adv-header-id-meta":"","stick-header-meta":"","header-above-stick-meta":"","header-main-stick-meta":"","header-below-stick-meta":""},"product_cat":[845,1112,1161,17,95],"product_tag":[],"class_list":{"0":"post-5382","1":"product","2":"type-product","3":"status-publish","4":"has-post-thumbnail","6":"product_cat-customization","7":"product_cat-astm-d999","8":"product_cat-iso-2247","9":"product_cat-package-container-testers","10":"product_cat-products","11":"desktop-align-left","12":"tablet-align-left","13":"mobile-align-left","15":"first","16":"instock","17":"shipping-taxable","18":"product-type-simple"},"_links":{"self":[{"href":"https:\/\/www.qualitester.com\/pt\/wp-json\/wp\/v2\/product\/5382","targetHints":{"allow":["GET"]}}],"collection":[{"href":"https:\/\/www.qualitester.com\/pt\/wp-json\/wp\/v2\/product"}],"about":[{"href":"https:\/\/www.qualitester.com\/pt\/wp-json\/wp\/v2\/types\/product"}],"replies":[{"embeddable":true,"href":"https:\/\/www.qualitester.com\/pt\/wp-json\/wp\/v2\/comments?post=5382"}],"version-history":[{"count":0,"href":"https:\/\/www.qualitester.com\/pt\/wp-json\/wp\/v2\/product\/5382\/revisions"}],"wp:featuredmedia":[{"embeddable":true,"href":"https:\/\/www.qualitester.com\/pt\/wp-json\/wp\/v2\/media\/6256"}],"wp:attachment":[{"href":"https:\/\/www.qualitester.com\/pt\/wp-json\/wp\/v2\/media?parent=5382"}],"wp:term":[{"taxonomy":"product_cat","embeddable":true,"href":"https:\/\/www.qualitester.com\/pt\/wp-json\/wp\/v2\/product_cat?post=5382"},{"taxonomy":"product_tag","embeddable":true,"href":"https:\/\/www.qualitester.com\/pt\/wp-json\/wp\/v2\/product_tag?post=5382"}],"curies":[{"name":"wp","href":"https:\/\/api.w.org\/{rel}","templated":true}]}}