{"id":5377,"date":"2024-11-15T11:08:36","date_gmt":"2024-11-15T03:08:36","guid":{"rendered":"https:\/\/www.qualitester.com\/?post_type=product&#038;p=5377"},"modified":"2024-12-05T14:18:23","modified_gmt":"2024-12-05T06:18:23","slug":"sale-bottle-crush-testing-machine","status":"publish","type":"product","link":"https:\/\/www.qualitester.com\/pt\/produto\/sale-bottle-crush-testing-machine\/","title":{"rendered":"M\u00e1quina de teste de esmagamento de garrafas TLT-02"},"content":{"rendered":"<h2>Introdu\u00e7\u00e3o \u00e0 m\u00e1quina de teste de esmagamento de garrafas<\/h2>\n<p>O <strong>M\u00e1quina de teste de esmagamento de garrafas<\/strong> \u00e9 um instrumento especializado projetado para avaliar a integridade estrutural e a resist\u00eancia \u00e0 compress\u00e3o de garrafas e recipientes, incluindo pl\u00e1stico, vidro e materiais compostos. Ao simular press\u00f5es de carga superior semelhantes \u00e0s encontradas durante o empilhamento, transporte e armazenamento, esta m\u00e1quina ajuda a garantir que os recipientes possam suportar as tens\u00f5es da distribui\u00e7\u00e3o sem entrar em colapso ou deformar. Para ind\u00fastrias como embalagens, alimentos, bebidas e produtos farmac\u00eauticos, o teste de esmagamento de garrafas \u00e9 essencial para manter a seguran\u00e7a do produto e minimizar perdas potenciais devido \u00e0 falha do recipiente.<\/p>\n<h2>Principais aplica\u00e7\u00f5es do teste de esmagamento de garrafas<\/h2>\n<p>Esta m\u00e1quina desempenha um papel fundamental em v\u00e1rios setores, incluindo:<\/p>\n<ul>\n<li><strong>Embalagem<\/strong>: Garante a durabilidade da embalagem durante o armazenamento e o transporte.<\/li>\n<li><strong>Alimentos e Bebidas<\/strong>: Evita vazamentos e contamina\u00e7\u00e3o verificando a resist\u00eancia do recipiente.<\/li>\n<li><strong>Produtos farmac\u00eauticos<\/strong>: Protege produtos fr\u00e1geis e sens\u00edveis durante o manuseio.<\/li>\n<li><strong>Produtos Qu\u00edmicos e Cosm\u00e9ticos Di\u00e1rios<\/strong>: Mant\u00e9m a reputa\u00e7\u00e3o da marca confirmando a qualidade da embalagem.<\/li>\n<\/ul>\n<p>Adequada para testar v\u00e1rios tipos de recipientes, a M\u00e1quina de Teste de Esmagamento de Garrafas \u00e9 altamente vers\u00e1til e capaz de manusear garrafas, potes, caixas, tambores e muito mais.<\/p>\n<h2>Caracter\u00edsticas t\u00e9cnicas da m\u00e1quina de teste de esmagamento de garrafas<\/h2>\n<p>Nossa m\u00e1quina de teste de esmagamento de garrafas foi projetada com recursos avan\u00e7ados para fornecer resultados confi\u00e1veis e precisos:<\/p>\n<ul>\n<li><strong>Controle PLC com tela sens\u00edvel ao toque HMI<\/strong>: Um sistema de controle PLC garante uma opera\u00e7\u00e3o est\u00e1vel, enquanto a tela sens\u00edvel ao toque HMI de 7 polegadas permite testes intuitivos e f\u00e1ceis de usar.<\/li>\n<li><strong>Mecanismo de fuso de esferas de precis\u00e3o<\/strong>: Este mecanismo garante velocidade de teste consistente e controle preciso de deslocamento, melhorando a confiabilidade de cada teste.<\/li>\n<li><strong>V\u00e1rios modos de teste personaliz\u00e1veis<\/strong>:\n<ul>\n<li><em>Modo de pico<\/em>: Mede a carga compressiva m\u00e1xima.<\/li>\n<li><em>Modo de deforma\u00e7\u00e3o fixa<\/em>: Mede a carga em uma deforma\u00e7\u00e3o definida.<\/li>\n<li><em>Modo de carga fixa<\/em>: Monitora a deforma\u00e7\u00e3o sob uma carga constante.<\/li>\n<li><em>Compress\u00e3o \u00danica<\/em>: Aplica a compress\u00e3o uma vez para an\u00e1lise.<\/li>\n<li><em>Compress\u00e3o de ciclo<\/em>: Repete a compress\u00e3o em ciclos para avaliar a resili\u00eancia.<\/li>\n<\/ul>\n<\/li>\n<li><strong>Caracter\u00edsticas de seguran\u00e7a<\/strong>: Equipado com prote\u00e7\u00e3o contra sobrecarga, fun\u00e7\u00f5es de retorno autom\u00e1tico e compatibilidade com v\u00e1rios tamanhos de placas para acomodar v\u00e1rios formatos e dimens\u00f5es de recipientes.<\/li>\n<li><strong>Op\u00e7\u00f5es de gerenciamento de dados<\/strong>: Inclui uma microimpressora para sa\u00edda de dados e uma porta RS232 para transfer\u00eancia de dados perfeita, suportando an\u00e1lise externa com integra\u00e7\u00e3o de software opcional.<\/li>\n<\/ul>\n<h2>Compreendendo o teste de carga superior da garrafa de pl\u00e1stico<\/h2>\n<p>O <strong>Teste de carga superior de garrafa de pl\u00e1stico<\/strong> \u00e9 vital para avaliar a resist\u00eancia de uma garrafa contra a press\u00e3o vertical aplicada a partir do topo. Este teste, especialmente relevante para garrafas pl\u00e1sticas, avalia quanta carga a garrafa pode suportar sem deformar ou colapsar. Ao quantificar a resist\u00eancia \u00e0 carga superior, os fabricantes podem otimizar o uso do material, garantindo ao mesmo tempo que os cont\u00eaineres permane\u00e7am robustos o suficiente para ambientes de alto estresse, como empilhamento de dep\u00f3sitos e log\u00edstica de transporte.<\/p>\n<h2>Normas e conformidade: ASTM D2659 explicado<\/h2>\n<p><a href=\"https:\/\/www.astm.org\/standards\/d2659.htm\" target=\"_blank\" rel=\"noopener nofollow\"><strong>Norma ASTM D2659<\/strong><\/a> \u00e9 um m\u00e9todo de teste padr\u00e3o para determinar a resist\u00eancia \u00e0 compress\u00e3o de recipientes pl\u00e1sticos, medindo especificamente sua capacidade de suportar press\u00e3o de carga superior sem falha. Em conformidade com a ASTM D2659, nossa M\u00e1quina de Teste de Esmagamento de Garrafas avalia a durabilidade do recipiente aplicando for\u00e7as compressivas do topo at\u00e9 que a deforma\u00e7\u00e3o estrutural ou colapso seja observado.<\/p>\n<p>Esta m\u00e1quina tamb\u00e9m \u00e9 compat\u00edvel com outros padr\u00f5es da ind\u00fastria, aumentando sua versatilidade:<\/p>\n<ul>\n<li><a href=\"https:\/\/www.astm.org\/d4577-19.html\" target=\"_blank\" rel=\"noopener nofollow\"><strong>ASTM D4577<\/strong><\/a>: Avalia o desempenho do cont\u00eainer sob condi\u00e7\u00f5es de carga est\u00e1tica.<\/li>\n<li><a href=\"https:\/\/www.astm.org\/d0642-20.html\" target=\"_blank\" rel=\"noopener nofollow\"><strong>ASTM D642<\/strong><\/a>: Mede a resist\u00eancia \u00e0 compress\u00e3o de cont\u00eaineres e caixas de transporte.<\/li>\n<li><a href=\"https:\/\/www.iso.org\/standard\/35617.html\" target=\"_blank\" rel=\"noopener nofollow\"><strong>Norma ISO 8113<\/strong><\/a>: Testes de estabilidade mec\u00e2nica de embalagens.<\/li>\n<li><a href=\"https:\/\/www.astm.org\/d4169-22.html\" target=\"_blank\" rel=\"noopener nofollow\"><strong>ASTM D4169<\/strong><\/a>: Simula condi\u00e7\u00f5es do ambiente de distribui\u00e7\u00e3o para testar o desempenho da embalagem.<\/li>\n<\/ul>\n<h2>Princ\u00edpio de funcionamento da m\u00e1quina de teste de esmagamento de garrafas<\/h2>\n<p>A Bottle Crush Testing Machine opera posicionando o recipiente em uma plataforma de teste e aplicando gradualmente press\u00e3o de carga superior at\u00e9 que o recipiente se deforme ou colapse. A m\u00e1quina registra dados de for\u00e7a de pico, que s\u00e3o analisados para avaliar a resist\u00eancia estrutural em rela\u00e7\u00e3o a padr\u00f5es especificados como ASTM D2659. Ao fornecer resultados precisos e repet\u00edveis, esta m\u00e1quina garante que os fabricantes possam validar a integridade da embalagem para manuseio no mundo real.<\/p>\n<h2>Par\u00e2metros principais da m\u00e1quina de teste de esmagamento de garrafas<\/h2>\n<p>Esta m\u00e1quina \u00e9 altamente configur\u00e1vel para acomodar v\u00e1rios requisitos de teste:<\/p>\n<ul>\n<li><strong>Faixa de carga<\/strong>: Alta faixa de carga e precis\u00e3o adequadas para diferentes tipos de cont\u00eaineres.<\/li>\n<li><strong>Velocidade ajust\u00e1vel<\/strong>: Permite ajustes de velocidade para corresponder a protocolos de teste espec\u00edficos.<\/li>\n<li><strong>Compatibilidade da placa de compress\u00e3o<\/strong>: Placas intercambi\u00e1veis para suportar diferentes tamanhos e formatos de recipientes.<\/li>\n<li><strong>Op\u00e7\u00f5es de exporta\u00e7\u00e3o de dados<\/strong>: Microimpressora e conectividade RS232 para manuseio eficiente de dados.<\/li>\n<\/ul>\n<h2>Vantagens da m\u00e1quina de teste de esmagamento de garrafas<\/h2>\n<ul>\n<li><strong>Economia de custos e efici\u00eancia<\/strong>: Minimiza o desperd\u00edcio de material de embalagem ao confirmar a resist\u00eancia necess\u00e1ria, reduzindo os custos associados a devolu\u00e7\u00f5es e substitui\u00e7\u00f5es de produtos.<\/li>\n<li><strong>Confiabilidade e Prote\u00e7\u00e3o da Marca<\/strong>: Aumenta a confiabilidade do produto por meio de testes precisos, ajudando a proteger a reputa\u00e7\u00e3o da marca e garantir a satisfa\u00e7\u00e3o do consumidor.<\/li>\n<\/ul>\n<h2>Perguntas frequentes sobre m\u00e1quinas de teste de esmagamento de garrafas<\/h2>\n<ol>\n<li><strong>O que \u00e9 o teste de esmagamento de garrafas e por que ele \u00e9 importante?<\/strong>\n<ul>\n<li>O teste de esmagamento da garrafa aplica press\u00e3o de carga superior para avaliar a durabilidade do recipiente, garantindo que a garrafa possa suportar tens\u00f5es de manuseio sem quebrar ou deformar.<\/li>\n<\/ul>\n<\/li>\n<li><strong>Como a norma ASTM D2659 se aplica aos testes de esmagamento de garrafas?<\/strong>\n<ul>\n<li>A norma ASTM D2659 descreve procedimentos para avaliar a resist\u00eancia \u00e0 compress\u00e3o de recipientes pl\u00e1sticos, garantindo a conformidade com os padr\u00f5es de durabilidade da ind\u00fastria.<\/li>\n<\/ul>\n<\/li>\n<li><strong>Que tipos de garrafas esta m\u00e1quina pode testar?<\/strong>\n<ul>\n<li>Esta m\u00e1quina \u00e9 vers\u00e1til, suportando v\u00e1rios tipos de garrafas e recipientes, incluindo garrafas de pl\u00e1stico, vidro e compostas.<\/li>\n<\/ul>\n<\/li>\n<li><strong>Como a m\u00e1quina garante a precis\u00e3o nos resultados dos testes?<\/strong>\n<ul>\n<li>Com controle PLC, parafusos de avan\u00e7o de precis\u00e3o e v\u00e1rios modos de teste, a m\u00e1quina fornece resultados consistentes e repet\u00edveis para avalia\u00e7\u00f5es de desempenho confi\u00e1veis.<\/li>\n<\/ul>\n<\/li>\n<li><strong>Quais s\u00e3o as principais caracter\u00edsticas que tornam esta m\u00e1quina confi\u00e1vel?<\/strong>\n<ul>\n<li>Controle PLC avan\u00e7ado, op\u00e7\u00f5es de teste personaliz\u00e1veis, mecanismos de seguran\u00e7a e amplos recursos de gerenciamento de dados garantem precis\u00e3o, efici\u00eancia e facilidade de uso.<\/li>\n<\/ul>\n<\/li>\n<\/ol>","protected":false},"excerpt":{"rendered":"<p>O <strong>M\u00e1quina de teste de esmagamento de garrafas<\/strong> \u00e9 um instrumento especializado projetado para avaliar a integridade estrutural e a resist\u00eancia \u00e0 compress\u00e3o de garrafas e recipientes, incluindo pl\u00e1stico, vidro e materiais compostos. Ao simular press\u00f5es de carga superior semelhantes \u00e0s encontradas durante o empilhamento, transporte e armazenamento, esta m\u00e1quina ajuda a garantir que os recipientes possam suportar as tens\u00f5es da distribui\u00e7\u00e3o sem entrar em colapso ou deformar. Para ind\u00fastrias como embalagens, alimentos, bebidas e produtos farmac\u00eauticos, o teste de esmagamento de garrafas \u00e9 essencial para manter a seguran\u00e7a do produto e minimizar perdas potenciais devido \u00e0 falha do recipiente.<\/p>","protected":false},"featured_media":6253,"comment_status":"closed","ping_status":"closed","template":"","meta":{"site-sidebar-layout":"default","site-content-layout":"default","ast-global-header-display":"","ast-main-header-display":"","ast-hfb-above-header-display":"","ast-hfb-below-header-display":"","ast-hfb-mobile-header-display":"","site-post-title":"","ast-breadcrumbs-content":"","ast-featured-img":"","footer-sml-layout":"","theme-transparent-header-meta":"default","adv-header-id-meta":"","stick-header-meta":"","header-above-stick-meta":"","header-main-stick-meta":"","header-below-stick-meta":""},"product_cat":[845,1071,1069,1072,1068,1073,1113,17,16,95],"product_tag":[],"class_list":{"0":"post-5377","1":"product","2":"type-product","3":"status-publish","4":"has-post-thumbnail","6":"product_cat-customization","7":"product_cat-astm-d2659","8":"product_cat-astm-d4169","9":"product_cat-astm-d4577","10":"product_cat-astm-d642","11":"product_cat-iso-8113","12":"product_cat-top-load-tester","13":"product_cat-package-container-testers","14":"product_cat-plastic-packaging-testers","15":"product_cat-products","16":"desktop-align-left","17":"tablet-align-left","18":"mobile-align-left","20":"first","21":"instock","22":"shipping-taxable","23":"product-type-simple"},"_links":{"self":[{"href":"https:\/\/www.qualitester.com\/pt\/wp-json\/wp\/v2\/product\/5377","targetHints":{"allow":["GET"]}}],"collection":[{"href":"https:\/\/www.qualitester.com\/pt\/wp-json\/wp\/v2\/product"}],"about":[{"href":"https:\/\/www.qualitester.com\/pt\/wp-json\/wp\/v2\/types\/product"}],"replies":[{"embeddable":true,"href":"https:\/\/www.qualitester.com\/pt\/wp-json\/wp\/v2\/comments?post=5377"}],"version-history":[{"count":0,"href":"https:\/\/www.qualitester.com\/pt\/wp-json\/wp\/v2\/product\/5377\/revisions"}],"wp:featuredmedia":[{"embeddable":true,"href":"https:\/\/www.qualitester.com\/pt\/wp-json\/wp\/v2\/media\/6253"}],"wp:attachment":[{"href":"https:\/\/www.qualitester.com\/pt\/wp-json\/wp\/v2\/media?parent=5377"}],"wp:term":[{"taxonomy":"product_cat","embeddable":true,"href":"https:\/\/www.qualitester.com\/pt\/wp-json\/wp\/v2\/product_cat?post=5377"},{"taxonomy":"product_tag","embeddable":true,"href":"https:\/\/www.qualitester.com\/pt\/wp-json\/wp\/v2\/product_tag?post=5377"}],"curies":[{"name":"wp","href":"https:\/\/api.w.org\/{rel}","templated":true}]}}