{"id":5348,"date":"2024-11-14T11:21:52","date_gmt":"2024-11-14T03:21:52","guid":{"rendered":"https:\/\/www.qualitester.com\/?post_type=product&#038;p=5348"},"modified":"2024-12-05T15:24:30","modified_gmt":"2024-12-05T07:24:30","slug":"sale-crush-resistance-tester","status":"publish","type":"product","link":"https:\/\/www.qualitester.com\/pt\/produto\/sale-crush-resistance-tester\/","title":{"rendered":"Testador de esmagamento YSD-01"},"content":{"rendered":"<h2>Vis\u00e3o geral do testador de resist\u00eancia ao esmagamento<\/h2>\n<p>O Crush Resistance Tester (YSD-01) \u00e9 um instrumento de teste de alta precis\u00e3o projetado para avaliar a resist\u00eancia ao esmagamento de materiais de embalagem, particularmente papel\u00e3o e papel\u00e3o ondulado. Este testador \u00e9 essencial para ind\u00fastrias que dependem de embalagens dur\u00e1veis e resilientes para proteger produtos durante o armazenamento e transporte. Ao medir com precis\u00e3o as for\u00e7as compressivas no plano que os materiais podem suportar, o YSD-01 garante que a embalagem atenda aos padr\u00f5es de desempenho exigidos, reduzindo o risco de danos ao produto durante o transporte.<\/p>\n<h2>Principais aplica\u00e7\u00f5es do testador de resist\u00eancia ao esmagamento<\/h2>\n<ul>\n<li>Ind\u00fastria de Embalagem e Transporte: Este testador \u00e9 inestim\u00e1vel na avalia\u00e7\u00e3o de cont\u00eaineres de papel\u00e3o e papel\u00e3o ondulado usados no setor de embalagens. Ao avaliar a resist\u00eancia ao esmagamento desses materiais, os fabricantes podem otimizar o design da embalagem para suportar v\u00e1rias for\u00e7as compressivas encontradas durante o manuseio, empilhamento e transporte.<\/li>\n<li>Ind\u00fastrias que se beneficiam do teste de resist\u00eancia ao esmagamento: O testador de resist\u00eancia ao esmagamento oferece suporte ao controle de qualidade em v\u00e1rias ind\u00fastrias, incluindo alimentos e bebidas, produtos farmac\u00eauticos, eletr\u00f4nicos, produtos qu\u00edmicos di\u00e1rios e muito mais. Ao ajudar a garantir a durabilidade da embalagem, ele auxilia na preserva\u00e7\u00e3o da integridade do produto desde a produ\u00e7\u00e3o at\u00e9 o uso final.<\/li>\n<\/ul>\n<h2>Compreendendo os tipos e m\u00e9todos de teste de resist\u00eancia ao esmagamento<\/h2>\n<p>O YSD-01 \u00e9 vers\u00e1til e equipado para executar uma s\u00e9rie de testes de resist\u00eancia a esmagamento. Cada teste avalia caracter\u00edsticas espec\u00edficas de materiais de embalagem para garantir que eles atendam \u00e0s rigorosas demandas da ind\u00fastria.<\/p>\n<ul>\n<li>Edgewise Crush Test (ECT): Este teste avalia a resist\u00eancia \u00e0 compress\u00e3o edgewise perpendicular ao eixo das ranhuras em pain\u00e9is de fibra. O ECT \u00e9 uma medida cr\u00edtica para avaliar a resist\u00eancia ao empilhamento de materiais de embalagem corrugados.<\/li>\n<li>Ring Crush Test (RCT): O RCT determina a resist\u00eancia \u00e0 compress\u00e3o de borda, ou resist\u00eancia ao esmagamento de anel, de papel e papel\u00e3o. Este teste fornece insights sobre a integridade estrutural do material e resist\u00eancia a for\u00e7as de esmagamento.<\/li>\n<li>Teste de ades\u00e3o de pinos (PAT): usado para medir a for\u00e7a necess\u00e1ria para separar o papel\u00e3o ondulado entre as pontas das flautas e os revestimentos do papel\u00e3o ondulado, o PAT \u00e9 crucial para garantir a resist\u00eancia da liga\u00e7\u00e3o entre as camadas do papel\u00e3o ondulado.<\/li>\n<li>Teste de esmagamento plano (FCT): Este teste mede a resist\u00eancia ao esmagamento plano de pain\u00e9is de fibra corrugada de face \u00fanica e parede \u00fanica. O FCT \u00e9 essencial para entender o qu\u00e3o bem o material pode resistir \u00e0s for\u00e7as compressivas aplicadas em sua superf\u00edcie.<\/li>\n<li>Teste de meio corrugado (CMT): O teste CMT avalia a resist\u00eancia ao esmagamento plano do meio corrugado ap\u00f3s a estria\u00e7\u00e3o em laborat\u00f3rio, ajudando a garantir a durabilidade do meio em aplica\u00e7\u00f5es reais.<\/li>\n<li>Teste de esmagamento Concora (CCT): Este teste mede a for\u00e7a m\u00e1xima de compress\u00e3o na borda que uma pe\u00e7a de teste com ranhuras de laborat\u00f3rio pode suportar antes da falha, essencial para avaliar a resist\u00eancia de carga do meio corrugado.<\/li>\n<\/ul>\n<h2>Normas relevantes para testes de resist\u00eancia ao esmagamento<\/h2>\n<p>O testador de resist\u00eancia ao esmagamento atende a v\u00e1rios padr\u00f5es da ind\u00fastria, que garantem resultados de teste consistentes, precisos e confi\u00e1veis:<\/p>\n<ul>\n<li>Normas RCT: GB\/T 2679.8, <a href=\"https:\/\/www.iso.org\/standard\/51263.html\" target=\"_blank\" rel=\"noopener nofollow\">Norma ISO 12192<\/a>, TAPPI T822 \u2013 Essas normas estabelecem protocolos para medi\u00e7\u00e3o da resist\u00eancia ao esmagamento do anel.<\/li>\n<li>Normas ECT: GB\/T 6546, <a href=\"https:\/\/www.iso.org\/standard\/80310.html\" target=\"_blank\" rel=\"noopener nofollow\">Norma ISO 3037<\/a>, TAPPI T811, T838, T839 \u2013 Garante a precis\u00e3o dos testes de resist\u00eancia ao esmagamento de borda para aplica\u00e7\u00f5es de embalagem.<\/li>\n<li>Normas PAT: GB\/T 6548, TAPPI T821, JIS Z 0402 \u2013 Define m\u00e9todos de teste para medir a ades\u00e3o entre pontas de flauta e papel\u00e3o ondulado em materiais corrugados.<\/li>\n<li>Normas FCT: GB\/T 22874, ISO 3035, TAPPI T825 \u2013 Regulamenta procedimentos para testes de resist\u00eancia ao esmagamento plano de papel\u00e3o ondulado.<\/li>\n<li>Normas CMT: ISO 7263-1, TAPPI T809, QB\/T 1061, GB 2679.6 \u2013 Fornece diretrizes padronizadas para avaliar a resist\u00eancia ao esmagamento plano do meio corrugado.<\/li>\n<li>Normas CCT: ISO 16945, TAPPI T843 \u2013 Define o padr\u00e3o para avaliar a for\u00e7a de compress\u00e3o de borda em pe\u00e7as de teste com ranhuras de laborat\u00f3rio.<\/li>\n<\/ul>\n<p>Esses padr\u00f5es d\u00e3o suporte \u00e0 garantia de qualidade ao validar o desempenho do testador em v\u00e1rias medi\u00e7\u00f5es de resist\u00eancia ao esmagamento, garantindo que os materiais atendam aos altos padr\u00f5es da ind\u00fastria em termos de durabilidade e resist\u00eancia.<\/p>\n<h2>Especifica\u00e7\u00f5es t\u00e9cnicas do testador de resist\u00eancia ao esmagamento (YSD-01)<\/h2>\n<table>\n<tbody>\n<tr>\n<td style=\"text-align: center;\" width=\"167\">Faixa de teste<\/td>\n<td style=\"text-align: center;\" width=\"167\">5~3000N<\/td>\n<\/tr>\n<tr>\n<td style=\"text-align: center;\" width=\"167\">Precis\u00e3o<\/td>\n<td style=\"text-align: center;\" width=\"167\">\u2264\u00b11%<\/td>\n<\/tr>\n<tr>\n<td style=\"text-align: center;\" width=\"167\">Resolu\u00e7\u00e3o<\/td>\n<td style=\"text-align: center;\" width=\"167\">0,01N<\/td>\n<\/tr>\n<tr>\n<td style=\"text-align: center;\" width=\"167\">Paralelismo de Platen<\/td>\n<td style=\"text-align: center;\" width=\"167\">\u22640,05 mm<\/td>\n<\/tr>\n<tr>\n<td style=\"text-align: center;\" width=\"167\">Teste de velocidade<\/td>\n<td style=\"text-align: center;\" width=\"167\">12,5\u00b11 mm\/minuto<\/td>\n<\/tr>\n<tr>\n<td style=\"text-align: center;\" width=\"167\">Di\u00e2metro do cilindro<\/td>\n<td style=\"text-align: center;\" width=\"167\">125 mm<\/td>\n<\/tr>\n<tr>\n<td style=\"text-align: center;\" width=\"167\">AVC<\/td>\n<td style=\"text-align: center;\" width=\"167\">80 mm<\/td>\n<\/tr>\n<tr>\n<td style=\"text-align: center;\" width=\"167\">Modo de teste<\/td>\n<td style=\"text-align: center;\" width=\"167\">RCT, ECT, FCT, PAT, CMT, CCT<\/td>\n<\/tr>\n<tr>\n<td style=\"text-align: center;\" width=\"167\">IHM<\/td>\n<td style=\"text-align: center;\" width=\"167\">Tela sens\u00edvel ao toque de 7 pol.<\/td>\n<\/tr>\n<tr>\n<td style=\"text-align: center;\" width=\"167\">Sa\u00edda de impress\u00e3o<\/td>\n<td style=\"text-align: center;\" width=\"167\">Impressora t\u00e9rmica integrada<\/td>\n<\/tr>\n<tr>\n<td style=\"text-align: center;\" width=\"167\">Dimens\u00f5es<\/td>\n<td style=\"text-align: center;\" width=\"167\">400*360*550mm<\/td>\n<\/tr>\n<tr>\n<td style=\"text-align: center;\" width=\"167\">Peso<\/td>\n<td style=\"text-align: center;\" width=\"167\">Cerca de 45 kg<\/td>\n<\/tr>\n<\/tbody>\n<\/table>\n<h2>Vantagens do testador de resist\u00eancia ao esmagamento<\/h2>\n<ul>\n<li>Precis\u00e3o e confiabilidade: projetado para precis\u00e3o, o YSD-01 oferece medi\u00e7\u00f5es precisas com erro m\u00ednimo, tornando-o ideal para ambientes de controle de qualidade exigentes.<\/li>\n<li>Versatilidade entre m\u00e9todos de teste: com recursos para v\u00e1rios testes de esmagamento, o testador permite que as empresas conduzam avalia\u00e7\u00f5es abrangentes da resist\u00eancia e do desempenho do material em uma \u00fanica unidade.<\/li>\n<li>Opera\u00e7\u00e3o f\u00e1cil de usar: a tela sens\u00edvel ao toque de 7 polegadas e a impressora t\u00e9rmica integrada simplificam os processos de teste, permitindo que os usu\u00e1rios configurem, executem e documentem os resultados rapidamente.<\/li>\n<\/ul>\n<p>O Crush Resistance Tester (YSD-01) \u00e9 um instrumento essencial para ind\u00fastrias focadas em manter altos padr\u00f5es de qualidade de embalagem. Seus recursos de teste vers\u00e1teis, ader\u00eancia aos padr\u00f5es da ind\u00fastria e resultados de alta precis\u00e3o o tornam uma ferramenta valiosa para empresas que precisam garantir a seguran\u00e7a do produto e a integridade da embalagem em toda a cadeia de suprimentos.<\/p>","protected":false},"excerpt":{"rendered":"<p>O <strong>Testador de resist\u00eancia ao esmagamento (YSD-01)<\/strong> \u00e9 um instrumento de teste de alta precis\u00e3o projetado para avaliar a resist\u00eancia ao esmagamento de materiais de embalagem, particularmente papel\u00e3o e papel\u00e3o ondulado. Este testador \u00e9 essencial para ind\u00fastrias que dependem de embalagens dur\u00e1veis e resilientes para proteger produtos durante o armazenamento e transporte. Ao medir com precis\u00e3o as for\u00e7as compressivas no plano que os materiais podem suportar, o YSD-01 garante que a embalagem atenda aos padr\u00f5es de desempenho exigidos, reduzindo o risco de danos ao produto durante o transporte.<\/p>","protected":false},"featured_media":6293,"comment_status":"closed","ping_status":"closed","template":"","meta":{"site-sidebar-layout":"default","site-content-layout":"default","ast-global-header-display":"","ast-main-header-display":"","ast-hfb-above-header-display":"","ast-hfb-below-header-display":"","ast-hfb-mobile-header-display":"","site-post-title":"","ast-breadcrumbs-content":"","ast-featured-img":"","footer-sml-layout":"","theme-transparent-header-meta":"default","adv-header-id-meta":"","stick-header-meta":"","header-above-stick-meta":"","header-main-stick-meta":"","header-below-stick-meta":""},"product_cat":[845,953,956,955,1100,1107,1110,1102,954,957,958,952,959,1104,1109,1103,1106,1101,1108,1105,1111,44,95],"product_tag":[],"class_list":{"0":"post-5348","1":"product","2":"type-product","3":"status-publish","4":"has-post-thumbnail","6":"product_cat-customization","7":"product_cat-bursting-tester","8":"product_cat-cobb-tester","9":"product_cat-crush-tester","10":"product_cat-iso-12192","11":"product_cat-iso-3035","12":"product_cat-iso16945","13":"product_cat-iso3037","14":"product_cat-paper-tear-tester","15":"product_cat-plybond-tester","16":"product_cat-puncture-tester","17":"product_cat-rub-tester","18":"product_cat-stiffness-tester","19":"product_cat-tappi-t-838","20":"product_cat-tappi-t809","21":"product_cat-tappi-t811","22":"product_cat-tappi-t821","23":"product_cat-tappi-t822","24":"product_cat-tappi-t825","25":"product_cat-tappi-t839","26":"product_cat-tappi-t843","27":"product_cat-paper-and-board-testers","28":"product_cat-products","29":"desktop-align-left","30":"tablet-align-left","31":"mobile-align-left","33":"first","34":"instock","35":"shipping-taxable","36":"product-type-simple"},"_links":{"self":[{"href":"https:\/\/www.qualitester.com\/pt\/wp-json\/wp\/v2\/product\/5348","targetHints":{"allow":["GET"]}}],"collection":[{"href":"https:\/\/www.qualitester.com\/pt\/wp-json\/wp\/v2\/product"}],"about":[{"href":"https:\/\/www.qualitester.com\/pt\/wp-json\/wp\/v2\/types\/product"}],"replies":[{"embeddable":true,"href":"https:\/\/www.qualitester.com\/pt\/wp-json\/wp\/v2\/comments?post=5348"}],"version-history":[{"count":0,"href":"https:\/\/www.qualitester.com\/pt\/wp-json\/wp\/v2\/product\/5348\/revisions"}],"wp:featuredmedia":[{"embeddable":true,"href":"https:\/\/www.qualitester.com\/pt\/wp-json\/wp\/v2\/media\/6293"}],"wp:attachment":[{"href":"https:\/\/www.qualitester.com\/pt\/wp-json\/wp\/v2\/media?parent=5348"}],"wp:term":[{"taxonomy":"product_cat","embeddable":true,"href":"https:\/\/www.qualitester.com\/pt\/wp-json\/wp\/v2\/product_cat?post=5348"},{"taxonomy":"product_tag","embeddable":true,"href":"https:\/\/www.qualitester.com\/pt\/wp-json\/wp\/v2\/product_tag?post=5348"}],"curies":[{"name":"wp","href":"https:\/\/api.w.org\/{rel}","templated":true}]}}