{"id":5345,"date":"2024-11-14T11:12:56","date_gmt":"2024-11-14T03:12:56","guid":{"rendered":"https:\/\/www.qualitester.com\/?post_type=product&#038;p=5345"},"modified":"2024-12-05T15:21:34","modified_gmt":"2024-12-05T07:21:34","slug":"sale-taber-stiffness-tester-for-paper","status":"publish","type":"product","link":"https:\/\/www.qualitester.com\/pt\/produto\/sale-taber-stiffness-tester-for-paper\/","title":{"rendered":"Testador de rigidez Taber WTD-02"},"content":{"rendered":"<p>O <strong>Testador de rigidez Taber<\/strong> \u00e9 uma ferramenta essencial projetada para avaliar a resist\u00eancia \u00e0 flex\u00e3o de papel, papel\u00e3o e outros materiais de alta gramatura. Com aplica\u00e7\u00f5es em setores como embalagens, dispositivos m\u00e9dicos, eletr\u00f4nicos e inspe\u00e7\u00e3o de qualidade, este instrumento ajuda os fabricantes a garantir a durabilidade do produto e a integridade estrutural. O Taber Stiffness Tester fornece medi\u00e7\u00f5es precisas e confi\u00e1veis, tornando-o ideal para processos de garantia de qualidade onde dados precisos de rigidez s\u00e3o essenciais.<\/p>\n<h2>Aplica\u00e7\u00f5es do testador de rigidez Taber<\/h2>\n<p>O Taber Stiffness Tester \u00e9 amplamente usado para medir a rigidez em materiais que exigem forte resist\u00eancia \u00e0 flex\u00e3o, como materiais de embalagem, r\u00f3tulos e camadas estruturais em dispositivos eletr\u00f4nicos e m\u00e9dicos. Com sua capacidade de avaliar com precis\u00e3o a resist\u00eancia \u00e0 flex\u00e3o dos materiais, ele auxilia as ind\u00fastrias a garantir a conformidade com os padr\u00f5es de desempenho, a longevidade do produto e a consist\u00eancia na qualidade da embalagem.<\/p>\n<h2>Princ\u00edpio de teste e processo de medi\u00e7\u00e3o<\/h2>\n<p>O <strong>Testador de rigidez Taber<\/strong> opera prendendo uma amostra de teste e dobrando-a em um \u00e2ngulo predeterminado para medir o momento de flex\u00e3o resultante. O momento de flex\u00e3o, expresso em milinewton metros (mN\u00b7m), reflete diretamente a rigidez do material. Para materiais gerais, um \u00e2ngulo de 15\u00b0 \u00e9 padr\u00e3o, enquanto um \u00e2ngulo de 7,5\u00b0 est\u00e1 dispon\u00edvel para materiais sens\u00edveis propensos \u00e0 deforma\u00e7\u00e3o permanente em \u00e2ngulos maiores. O design do testador de rigidez Taber garante comprimento e velocidade de flex\u00e3o precisos, garantindo resultados consistentes para fins de controle de qualidade e pesquisa.<\/p>\n<h2>Principais padr\u00f5es em conformidade com o teste de rigidez Taber<\/h2>\n<p>O <strong>Testador de rigidez Taber<\/strong> atende a v\u00e1rios padr\u00f5es da ind\u00fastria, garantindo versatilidade e confiabilidade em v\u00e1rios ambientes de teste:<\/p>\n<ul>\n<li><a href=\"https:\/\/www.astm.org\/d5342-97r07.html\" target=\"_blank\" rel=\"noopener nofollow\"><strong>ASTM D5342<\/strong><\/a>: Este padr\u00e3o \u00e9 amplamente utilizado para medir a rigidez de papel e papel\u00e3o, oferecendo informa\u00e7\u00f5es valiosas sobre a resist\u00eancia \u00e0 flex\u00e3o do material e sua adequa\u00e7\u00e3o para embalagens.<\/li>\n<li><a href=\"https:\/\/www.astm.org\/d5650-97r02.html\" target=\"_blank\" rel=\"noopener nofollow\"><strong>Norma ASTM D5650<\/strong><\/a>: Especifica requisitos para testar a rigidez de produtos de papel de alta gramatura, comumente usados em embalagens industriais e de bens de consumo.<\/li>\n<li><a href=\"https:\/\/www.astm.org\/d3301-00.html\" target=\"_blank\" rel=\"noopener nofollow\"><strong>ASTM D3301<\/strong><\/a>: Define os m\u00e9todos para medir a resist\u00eancia \u00e0 flex\u00e3o em diferentes tipos de papel, auxiliando os fabricantes a obter consist\u00eancia de qualidade.<\/li>\n<li><strong>BS ISO 2493.2 e ISO 2493.2<\/strong>:Estas normas se aplicam \u00e0 medi\u00e7\u00e3o de rigidez \u00e0 flex\u00e3o em escala global, fornecendo uma refer\u00eancia para qualidade internacional.<\/li>\n<li><strong>Norma JIS P8125.2<\/strong>:Usado nas ind\u00fastrias japonesas, este padr\u00e3o oferece diretrizes espec\u00edficas para testes de rigidez em produtos \u00e0 base de papel.<\/li>\n<li><strong>TAPPI T489<\/strong>: Um padr\u00e3o norte-americano frequentemente referenciado na ind\u00fastria de papel\u00e3o, particularmente em embalagens.<\/li>\n<li><strong>TAPPI T566<\/strong>: Esta norma descreve m\u00e9todos de teste para flexibilidade e rigidez em materiais de alta gramatura, garantindo durabilidade em aplica\u00e7\u00f5es de embalagem.<\/li>\n<\/ul>\n<h2>Principais Especifica\u00e7\u00f5es T\u00e9cnicas<\/h2>\n<table>\n<tbody>\n<tr>\n<td style=\"text-align: center;\" width=\"117\">Faixa de teste<\/td>\n<td style=\"text-align: center;\" width=\"196\">1~500 mN.m (em 7 faixas)<\/td>\n<\/tr>\n<tr>\n<td style=\"text-align: center;\" width=\"117\">Erro de indica\u00e7\u00e3o<\/td>\n<td style=\"text-align: center;\" width=\"196\">\u00b12%<\/td>\n<\/tr>\n<tr>\n<td style=\"text-align: center;\" width=\"117\">Comprimento de flex\u00e3o<\/td>\n<td style=\"text-align: center;\" width=\"196\">50 mm \u00b1 0,1 mm<\/td>\n<\/tr>\n<tr>\n<td style=\"text-align: center;\" width=\"117\">Testando velocidade<\/td>\n<td style=\"text-align: center;\" width=\"196\">(200\u00b0\u00b120\u00b0)\/minuto<\/td>\n<\/tr>\n<tr>\n<td style=\"text-align: center;\" width=\"117\">\u00e2ngulo de curvatura<\/td>\n<td style=\"text-align: center;\" width=\"196\">15\u00b0\u00b10,3\u00b0 e 7,5\u00b0\u00b10,3\u00b0<\/td>\n<\/tr>\n<tr>\n<td style=\"text-align: center;\" width=\"117\">\u00a0Tamanho da amostra<\/td>\n<td style=\"text-align: center;\" width=\"196\">38*70 mil\u00edmetros<\/td>\n<\/tr>\n<tr>\n<td style=\"text-align: center;\" width=\"117\">Dimens\u00e3o<\/td>\n<td style=\"text-align: center;\" width=\"196\">220*230*350 mm<\/td>\n<\/tr>\n<tr>\n<td style=\"text-align: center;\" width=\"117\">Peso l\u00edquido<\/td>\n<td style=\"text-align: center;\" width=\"196\">15 kg<\/td>\n<\/tr>\n<tr>\n<td style=\"text-align: center;\" width=\"117\">Poder<\/td>\n<td style=\"text-align: center;\" width=\"196\">CA 220 V 50 Hz<\/td>\n<\/tr>\n<\/tbody>\n<\/table>\n<h2>Vantagens de usar o testador de rigidez Taber<\/h2>\n<ol>\n<li><strong>Alta precis\u00e3o<\/strong>: Com uma margem de erro de apenas \u00b12%, o testador de rigidez Taber fornece medi\u00e7\u00f5es confi\u00e1veis e precisas para controle de qualidade.<\/li>\n<li><strong>Conformidade com os padr\u00f5es<\/strong>: Atendendo aos padr\u00f5es ASTM, ISO, JIS e TAPPI, ele atende a uma ampla gama de necessidades regulat\u00f3rias, tornando-o adapt\u00e1vel a v\u00e1rios setores.<\/li>\n<li><strong>Design amig\u00e1vel ao usu\u00e1rio<\/strong>: \u00c2ngulos de curvatura ajust\u00e1veis e tamanho compacto facilitam a integra\u00e7\u00e3o em ambientes de laborat\u00f3rio e produ\u00e7\u00e3o.<\/li>\n<\/ol>\n<h2>Como o testador de rigidez Taber melhora o controle de qualidade<\/h2>\n<p>Ao medir a resist\u00eancia \u00e0 flex\u00e3o de materiais de embalagem e outros produtos de alta gramatura, o Taber Stiffness Tester ajuda os fabricantes a garantir que seus produtos atendam aos padr\u00f5es da ind\u00fastria para durabilidade e integridade estrutural. Este instrumento desempenha um papel crucial no controle de qualidade em ind\u00fastrias de embalagens, alimentos, produtos m\u00e9dicos e bens de consumo, permitindo que as empresas mantenham a qualidade e o desempenho do produto.<\/p>\n<h2>Perguntas frequentes<\/h2>\n<p><strong>P1: Quais materiais podem ser testados com o testador de rigidez Taber?<\/strong><br \/>\n<em>O testador de rigidez Taber foi projetado para papel de alta gramatura, papel\u00e3o e materiais semelhantes usados em embalagens e aplica\u00e7\u00f5es estruturais.<\/em><\/p>\n<p><strong>Q2: Como a resist\u00eancia \u00e0 flex\u00e3o \u00e9 expressa nos resultados dos testes?<\/strong><br \/>\n<em>A resist\u00eancia \u00e0 flex\u00e3o \u00e9 registrada como um momento de flex\u00e3o, que \u00e9 medido em milinewton-metros (mN\u00b7m).<\/em><\/p>\n<p><strong>Q3: Qual \u00e9 a diferen\u00e7a entre os \u00e2ngulos de curvatura de 15\u00b0 e 7,5\u00b0?<\/strong><br \/>\n<em>O \u00e2ngulo de 15\u00b0 \u00e9 padr\u00e3o para a maioria dos materiais, enquanto o \u00e2ngulo de 7,5\u00b0 \u00e9 usado para materiais que podem deformar se dobrados em \u00e2ngulos maiores.<\/em><\/p>\n<p><strong>Q4: Com quais padr\u00f5es este testador est\u00e1 em conformidade?<\/strong><br \/>\n<em>O testador de rigidez Taber est\u00e1 em conformidade com ASTM D5342, ASTM D5650, ASTM D3301, BS ISO 2493.2, ISO 2493.2, JIS P8125.2, TAPPI T489 e TAPPI T566.<\/em><\/p>\n<p><strong>Q5: Quais ind\u00fastrias normalmente usam o testador de rigidez Taber?<\/strong><br \/>\n<em>Ind\u00fastrias como embalagens, farmac\u00eauticas, aliment\u00edcias, eletr\u00f4nicas e inspe\u00e7\u00e3o de qualidade frequentemente usam o testador de rigidez Taber para garantir a integridade do produto.<\/em><\/p>","protected":false},"excerpt":{"rendered":"<p>O <strong>Testador de rigidez Taber<\/strong> \u00e9 uma ferramenta essencial projetada para avaliar a resist\u00eancia \u00e0 flex\u00e3o de papel, papel\u00e3o e outros materiais de alta gramatura. Com aplica\u00e7\u00f5es em setores como embalagens, dispositivos m\u00e9dicos, eletr\u00f4nicos e inspe\u00e7\u00e3o de qualidade, este instrumento ajuda os fabricantes a garantir a durabilidade do produto e a integridade estrutural. O Taber Stiffness Tester fornece medi\u00e7\u00f5es precisas e confi\u00e1veis, tornando-o ideal para processos de garantia de qualidade onde dados precisos de rigidez s\u00e3o essenciais.<\/p>","protected":false},"featured_media":6292,"comment_status":"closed","ping_status":"closed","template":"","meta":{"site-sidebar-layout":"default","site-content-layout":"default","ast-global-header-display":"","ast-main-header-display":"","ast-hfb-above-header-display":"","ast-hfb-below-header-display":"","ast-hfb-mobile-header-display":"","site-post-title":"","ast-breadcrumbs-content":"","ast-featured-img":"","footer-sml-layout":"","theme-transparent-header-meta":"default","adv-header-id-meta":"","stick-header-meta":"","header-above-stick-meta":"","header-main-stick-meta":"","header-below-stick-meta":""},"product_cat":[1096,1094,1095,845,1097,1171,1098,1099,44,95],"product_tag":[],"class_list":{"0":"post-5345","1":"product","2":"type-product","3":"status-publish","4":"has-post-thumbnail","6":"product_cat-astm-d3301","7":"product_cat-astm-d5342","8":"product_cat-astm-d5650","9":"product_cat-customization","10":"product_cat-iso-2493-2","11":"product_cat-jis-p8125-2","12":"product_cat-tappi-t489","13":"product_cat-tappi-t566","14":"product_cat-paper-and-board-testers","15":"product_cat-products","16":"desktop-align-left","17":"tablet-align-left","18":"mobile-align-left","20":"first","21":"instock","22":"shipping-taxable","23":"product-type-simple"},"_links":{"self":[{"href":"https:\/\/www.qualitester.com\/pt\/wp-json\/wp\/v2\/product\/5345","targetHints":{"allow":["GET"]}}],"collection":[{"href":"https:\/\/www.qualitester.com\/pt\/wp-json\/wp\/v2\/product"}],"about":[{"href":"https:\/\/www.qualitester.com\/pt\/wp-json\/wp\/v2\/types\/product"}],"replies":[{"embeddable":true,"href":"https:\/\/www.qualitester.com\/pt\/wp-json\/wp\/v2\/comments?post=5345"}],"version-history":[{"count":0,"href":"https:\/\/www.qualitester.com\/pt\/wp-json\/wp\/v2\/product\/5345\/revisions"}],"wp:featuredmedia":[{"embeddable":true,"href":"https:\/\/www.qualitester.com\/pt\/wp-json\/wp\/v2\/media\/6292"}],"wp:attachment":[{"href":"https:\/\/www.qualitester.com\/pt\/wp-json\/wp\/v2\/media?parent=5345"}],"wp:term":[{"taxonomy":"product_cat","embeddable":true,"href":"https:\/\/www.qualitester.com\/pt\/wp-json\/wp\/v2\/product_cat?post=5345"},{"taxonomy":"product_tag","embeddable":true,"href":"https:\/\/www.qualitester.com\/pt\/wp-json\/wp\/v2\/product_tag?post=5345"}],"curies":[{"name":"wp","href":"https:\/\/api.w.org\/{rel}","templated":true}]}}