{"id":5335,"date":"2024-11-13T11:57:32","date_gmt":"2024-11-13T03:57:32","guid":{"rendered":"https:\/\/www.qualitester.com\/?post_type=product&#038;p=5335"},"modified":"2024-12-05T15:11:48","modified_gmt":"2024-12-05T07:11:48","slug":"sale-paper-vertical-tensile-tester","status":"publish","type":"product","link":"https:\/\/www.qualitester.com\/pt\/produto\/sale-paper-vertical-tensile-tester\/","title":{"rendered":"Testador de tra\u00e7\u00e3o vertical TST-V"},"content":{"rendered":"<h2><strong>Introdu\u00e7\u00e3o ao teste de tra\u00e7\u00e3o vertical de papel<\/strong><\/h2>\n<p>O <strong>Testador de tra\u00e7\u00e3o vertical de papel<\/strong> (TST-V) \u00e9 um instrumento de teste altamente especializado, projetado para avaliar as propriedades mec\u00e2nicas de materiais de papel, incluindo papel\u00e3o, papel de seda e outros produtos \u00e0 base de papel. Ele desempenha um papel cr\u00edtico nas ind\u00fastrias de papel e embalagem, medindo propriedades-chave, como resist\u00eancia \u00e0 tra\u00e7\u00e3o, alongamento na for\u00e7a m\u00e1xima, absor\u00e7\u00e3o de energia de tra\u00e7\u00e3o e rigidez \u00e0 tra\u00e7\u00e3o. Ao determinar essas propriedades, os fabricantes podem garantir que seus produtos atendam a padr\u00f5es rigorosos de desempenho e qualidade, especialmente em aplica\u00e7\u00f5es de embalagem, m\u00e9dicas e aliment\u00edcias.<\/p>\n<h2><strong>Princ\u00edpio de teste do testador de tra\u00e7\u00e3o vertical de papel<\/strong><\/h2>\n<p>O TST-V opera esticando um esp\u00e9cime de teste a uma taxa constante de alongamento at\u00e9 que ele se quebre. Durante esse processo, o instrumento mede e registra continuamente a for\u00e7a de tra\u00e7\u00e3o em rela\u00e7\u00e3o ao alongamento da pe\u00e7a de teste. A partir desses dados, o <strong>resist\u00eancia \u00e0 trac\u00e7\u00e3o<\/strong>, <strong>alongamento na for\u00e7a m\u00e1xima<\/strong>, e <strong>absor\u00e7\u00e3o de energia de tra\u00e7\u00e3o<\/strong> podem ser calculados. Esses valores s\u00e3o essenciais para avaliar o desempenho do material em aplica\u00e7\u00f5es do mundo real, como durabilidade da embalagem, elasticidade e resist\u00eancia geral.<\/p>\n<hr \/>\n<h2><strong>ISO 1924 e sua relev\u00e2ncia para testes em papel<\/strong><\/h2>\n<h3><strong>Vis\u00e3o geral das normas ISO 1924<\/strong><\/h3>\n<p>ISO 1924 \u00e9 um conjunto de padr\u00f5es reconhecidos internacionalmente que fornece diretrizes para testar as propriedades de tra\u00e7\u00e3o de papel e papel\u00e3o. Aderir a esses padr\u00f5es garante resultados consistentes e confi\u00e1veis, o que \u00e9 crucial para manter o controle de qualidade na produ\u00e7\u00e3o de papel. ISO 1924 inclui as seguintes partes principais:<\/p>\n<ul>\n<li><a href=\"https:\/\/www.iso.org\/standard\/6616.html\" target=\"_blank\" rel=\"noopener nofollow\"><strong>Norma ISO 1924-1<\/strong><\/a>: Princ\u00edpios gerais e defini\u00e7\u00f5es para ensaios de tra\u00e7\u00e3o de papel.<\/li>\n<li><a href=\"https:\/\/www.iso.org\/standard\/41397.html\" target=\"_blank\" rel=\"noopener nofollow\"><strong>Norma ISO 1924-2<\/strong><\/a>: M\u00e9todos para determinar a resist\u00eancia \u00e0 tra\u00e7\u00e3o e o alongamento do papel.<\/li>\n<li><a href=\"https:\/\/www.iso.org\/standard\/32206.html\" rel=\"nofollow noopener\" target=\"_blank\"><strong>Norma ISO 1924-3<\/strong><\/a>: Diretrizes para c\u00e1lculo do \u00edndice de tra\u00e7\u00e3o e \u00edndice de absor\u00e7\u00e3o de energia.<\/li>\n<\/ul>\n<p>Esses padr\u00f5es s\u00e3o essenciais para que os fabricantes garantam que seus produtos de papel atendam aos padr\u00f5es da ind\u00fastria para qualidade e desempenho. Ao seguir essas diretrizes, os resultados dos testes se tornam globalmente padronizados, permitindo que as empresas produzam materiais que sejam consistentes em qualidade e durabilidade.<\/p>\n<h3><strong>Como o modelo TST-V est\u00e1 em conformidade com a ISO 1924<\/strong><\/h3>\n<p>O <strong>Testador de tra\u00e7\u00e3o vertical de papel TST-V<\/strong> est\u00e1 em total conformidade com <strong>Norma ISO 1924<\/strong> e fornece medi\u00e7\u00f5es precisas e repet\u00edveis de acordo com protocolos de teste internacionais. Isso o torna uma escolha ideal para empresas nas ind\u00fastrias de papel e embalagens que precisam atender aos padr\u00f5es globais de qualidade. N\u00e3o importa se voc\u00ea est\u00e1 testando resist\u00eancia \u00e0 tra\u00e7\u00e3o, alongamento na ruptura ou absor\u00e7\u00e3o de energia, o TST-V garante que seus resultados estejam alinhados com os padr\u00f5es ISO para testes de papel.<\/p>\n<hr \/>\n<h2><strong>Principais caracter\u00edsticas do testador de tra\u00e7\u00e3o vertical de papel TST-V<\/strong><\/h2>\n<ul>\n<li><strong>Capacidades de teste de precis\u00e3o<\/strong>:O TST-V est\u00e1 equipado com um <strong>mecanismo de parafuso de avan\u00e7o de esfera de precis\u00e3o<\/strong>, garantindo que a velocidade de alongamento e o deslocamento sejam controlados com alta precis\u00e3o.<\/li>\n<li><strong>Opera\u00e7\u00e3o amig\u00e1vel ao usu\u00e1rio<\/strong>:O instrumento apresenta um <strong>Tela sens\u00edvel ao toque HMI de 7 polegadas<\/strong>, oferecendo uma interface intuitiva e f\u00e1cil de usar para uma opera\u00e7\u00e3o perfeita, mesmo para usu\u00e1rios com experi\u00eancia m\u00ednima.<\/li>\n<li><strong>Velocidade de teste ajust\u00e1vel<\/strong>:A velocidade do teste \u00e9 altamente ajust\u00e1vel, variando de <strong>1 mm\/min a 500 mm\/min<\/strong>, permitindo que voc\u00ea personalize o processo de teste de acordo com as propriedades do material.<\/li>\n<li><strong>Compatibilidade vers\u00e1til de lumin\u00e1rias<\/strong>: O TST-V \u00e9 compat\u00edvel com uma ampla variedade de acess\u00f3rios, permitindo que ele manipule diversas amostras de papel, desde papel de seda fino at\u00e9 papel\u00e3o mais grosso.<\/li>\n<li><strong>Alta estabilidade<\/strong>:O sistema opera com <strong>Controle PLC<\/strong>, garantindo desempenho est\u00e1vel e confi\u00e1vel e minimizando erros durante os testes.<\/li>\n<li><strong>Recursos autom\u00e1ticos<\/strong>: O testador vem equipado com um dispositivo limitador e uma fun\u00e7\u00e3o de retorno autom\u00e1tico, aumentando a seguran\u00e7a e a conveni\u00eancia durante o teste.<\/li>\n<li><strong>Acess\u00f3rios opcionais<\/strong>: Acess\u00f3rios adicionais, como uma microimpressora e porta RS232 com software profissional (opcional), oferecem flexibilidade extra para an\u00e1lise de dados e relat\u00f3rios.<\/li>\n<\/ul>\n<hr \/>\n<h2><strong>Aplica\u00e7\u00f5es do testador de tra\u00e7\u00e3o vertical de papel<\/strong><\/h2>\n<p>O <strong>Testador de tra\u00e7\u00e3o vertical de papel TST-V<\/strong> \u00e9 ideal para uso em ind\u00fastrias onde as propriedades do papel s\u00e3o cruciais para o desempenho dos produtos. Suas aplica\u00e7\u00f5es incluem:<\/p>\n<ul>\n<li><strong>Ind\u00fastria de embalagens<\/strong>: Essencial para testar a durabilidade e a resist\u00eancia dos materiais de embalagem para garantir que eles possam suportar tens\u00f5es durante o transporte e o manuseio.<\/li>\n<li><strong>Produ\u00e7\u00e3o de papel de seda<\/strong>: Usado para testar a resist\u00eancia \u00e0 tra\u00e7\u00e3o e a flexibilidade de produtos de papel higi\u00eanico, que s\u00e3o essenciais para garantir a qualidade e a satisfa\u00e7\u00e3o do usu\u00e1rio.<\/li>\n<li><strong>Fabrica\u00e7\u00e3o de papel\u00e3o<\/strong>: Ajuda a avaliar a resist\u00eancia e o alongamento do papel\u00e3o, usado na produ\u00e7\u00e3o de embalagens e recipientes.<\/li>\n<li><strong>Pesquisa e Desenvolvimento<\/strong>: Ideal para departamentos de P&amp;D que buscam desenvolver novos produtos de papel ou melhorar o desempenho de materiais existentes.<\/li>\n<\/ul>\n<hr \/>\n<h2><strong>Especifica\u00e7\u00f5es t\u00e9cnicas<\/strong><\/h2>\n<table>\n<tbody>\n<tr>\n<td style=\"text-align: center;\" colspan=\"2\" rowspan=\"1\" width=\"381\"><strong>Testador de tra\u00e7\u00e3o vertical TST-V<\/strong><\/td>\n<\/tr>\n<tr>\n<td style=\"text-align: center;\" width=\"209\">Faixa de medi\u00e7\u00e3o<\/td>\n<td style=\"text-align: center;\" width=\"172\">500N ou conforme necess\u00e1rio<\/td>\n<\/tr>\n<tr>\n<td style=\"text-align: center;\" width=\"209\">Faixa de alongamento<\/td>\n<td style=\"text-align: center;\" width=\"172\">800 mm<\/td>\n<\/tr>\n<tr>\n<td style=\"text-align: center;\" width=\"209\">Velocidade de alongamento<\/td>\n<td style=\"text-align: center;\" width=\"172\">1~500 mm\/min<\/td>\n<\/tr>\n<tr>\n<td style=\"text-align: center;\" width=\"209\">Precis\u00e3o da velocidade do teste<\/td>\n<td style=\"text-align: center;\" width=\"172\">\u00b10,1 mm\/minuto<\/td>\n<\/tr>\n<tr>\n<td style=\"text-align: center;\" width=\"209\">Precis\u00e3o de for\u00e7a<\/td>\n<td style=\"text-align: center;\" width=\"172\">0,5% FS<\/td>\n<\/tr>\n<tr>\n<td style=\"text-align: center;\" width=\"209\">Precis\u00e3o de for\u00e7a<\/td>\n<td style=\"text-align: center;\" width=\"172\">\u00b10,1% (20~100%FS)<\/td>\n<\/tr>\n<tr>\n<td style=\"text-align: center;\" width=\"209\">Resolu\u00e7\u00e3o de deforma\u00e7\u00e3o<\/td>\n<td style=\"text-align: center;\" width=\"172\">\u22640,01 mm<\/td>\n<\/tr>\n<tr>\n<td style=\"text-align: center;\" width=\"209\">Fixa\u00e7\u00e3o de amostra<\/td>\n<td style=\"text-align: center;\" width=\"172\">Manual<\/td>\n<\/tr>\n<tr>\n<td style=\"text-align: center;\" width=\"209\">Tamanho da amostra<\/td>\n<td style=\"text-align: center;\" width=\"172\">1-25 mm<\/td>\n<\/tr>\n<tr>\n<td style=\"text-align: center;\" width=\"209\">Interface homem-m\u00e1quina<\/td>\n<td style=\"text-align: center;\" width=\"172\">7 na tela sens\u00edvel ao toque<\/td>\n<\/tr>\n<tr>\n<td style=\"text-align: center;\" width=\"209\">Poder<\/td>\n<td style=\"text-align: center;\" width=\"172\">CA 110~220V 50\/60Hz<\/td>\n<\/tr>\n<tr>\n<td style=\"text-align: center;\" colspan=\"2\" rowspan=\"1\" width=\"381\"><strong>Cortador de amostra (opcional)<\/strong><\/td>\n<\/tr>\n<tr>\n<td style=\"text-align: center;\" width=\"209\">Tamanho da amostra<\/td>\n<td style=\"text-align: center;\" width=\"172\">15*300mm<\/td>\n<\/tr>\n<tr>\n<td style=\"text-align: center;\" width=\"209\">Espessura da amostra<\/td>\n<td style=\"text-align: center;\" width=\"172\">0,1~1 mm<\/td>\n<\/tr>\n<tr>\n<td style=\"text-align: center;\" width=\"209\">Paralelismo de Lados<\/td>\n<td style=\"text-align: center;\" width=\"172\">\uff1c0,03 mm<\/td>\n<\/tr>\n<\/tbody>\n<\/table>\n<hr \/>\n<h2><strong>Principais Normas Cumpridas<\/strong><\/h2>\n<p>O <strong>Testador de tra\u00e7\u00e3o vertical de papel TST-V<\/strong> adere a uma s\u00e9rie de padr\u00f5es internacionais, garantindo sua conformidade com as normas da ind\u00fastria e aumentando a confiabilidade dos resultados dos testes. Estes incluem:<\/p>\n<ul>\n<li><strong>Norma ISO 1924-1<\/strong>, <strong>Norma ISO 1924-2<\/strong>, <strong>Norma ISO 1924-3<\/strong> (para testes de tra\u00e7\u00e3o de papel e papel\u00e3o)<\/li>\n<li><strong>Norma ISO 12625-4<\/strong>, <strong>Norma ISO 12625-5<\/strong> (para testar papel de seda)<\/li>\n<li><strong>TAPPI T494<\/strong> (padr\u00e3o dos EUA para testes em papel)<\/li>\n<li><strong>GB\/T 12914<\/strong>, <strong>GB\/T 24328<\/strong> (v\u00e1rias partes) (padr\u00f5es chineses para testes em papel)<\/li>\n<\/ul>\n<hr \/>\n<h2><strong>Por que escolher o testador de tra\u00e7\u00e3o vertical de papel TST-V?<\/strong><\/h2>\n<ul>\n<li><strong>Precis\u00e3o e confiabilidade<\/strong>: O TST-V garante medi\u00e7\u00f5es altamente precisas das propriedades de tra\u00e7\u00e3o, essenciais para o controle de qualidade e desenvolvimento de produtos.<\/li>\n<li><strong>Em conformidade com a norma ISO 1924<\/strong>:Est\u00e1 em total conformidade com <strong>Norma ISO 1924<\/strong>, garantindo que seus testes atendam aos padr\u00f5es globais da ind\u00fastria para testes em papel.<\/li>\n<li><strong>Interface amig\u00e1vel ao usu\u00e1rio<\/strong>: A tela sens\u00edvel ao toque intuitiva de 7 polegadas facilita a opera\u00e7\u00e3o e o gerenciamento dos testes.<\/li>\n<li><strong>Personaliz\u00e1vel e vers\u00e1til<\/strong>: Com velocidades de teste ajust\u00e1veis, uma variedade de acess\u00f3rios de amostra e op\u00e7\u00f5es adicionais para coleta de dados, o TST-V \u00e9 vers\u00e1til o suficiente para lidar com uma variedade de produtos de papel.<\/li>\n<\/ul>\n<hr \/>\n<h2><strong>Perguntas frequentes: Testador de tra\u00e7\u00e3o vertical de papel<\/strong><\/h2>\n<ol>\n<li><strong>Qual \u00e9 o principal objetivo do testador de tra\u00e7\u00e3o vertical de papel?<\/strong><br \/>\nO TST-V mede a resist\u00eancia \u00e0 tra\u00e7\u00e3o, o alongamento na for\u00e7a m\u00e1xima e a absor\u00e7\u00e3o de energia de produtos de papel, papel\u00e3o e tissue para avaliar suas propriedades mec\u00e2nicas.<\/li>\n<li><strong>Como a ISO 1924 se relaciona com testes em papel?<\/strong><br \/>\nA ISO 1924 define padr\u00f5es internacionais para testar as propriedades de tra\u00e7\u00e3o de papel e papel\u00e3o, garantindo que os resultados sejam consistentes, confi\u00e1veis e compar\u00e1veis entre todos os setores.<\/li>\n<li><strong>Que tipos de materiais podem ser testados com o TST-V?<\/strong><br \/>\nO TST-V \u00e9 capaz de testar v\u00e1rios materiais de papel, incluindo papel\u00e3o, papel de seda e outros produtos \u00e0 base de papel, quanto \u00e0 resist\u00eancia \u00e0 tra\u00e7\u00e3o e flexibilidade.<\/li>\n<li><strong>Quais s\u00e3o as principais caracter\u00edsticas do modelo TST-V?<\/strong><br \/>\nO TST-V possui controle PLC, tela sens\u00edvel ao toque de 7 polegadas, mecanismo de parafuso de avan\u00e7o de esferas de precis\u00e3o, velocidades de teste ajust\u00e1veis e compatibilidade com v\u00e1rios acess\u00f3rios.<\/li>\n<li><strong>Com quais padr\u00f5es o TST-V est\u00e1 em conformidade?<\/strong><br \/>\nO TST-V est\u00e1 em conformidade com <strong>Norma ISO 1924<\/strong>, <strong>Norma ISO 12625<\/strong>, <strong>TAPPI T494<\/strong>, e outros padr\u00f5es internacionais para testes em papel.<\/li>\n<\/ol>","protected":false},"excerpt":{"rendered":"<p>O <strong>Testador de tra\u00e7\u00e3o vertical de papel<\/strong> (TST-V) \u00e9 um instrumento de teste altamente especializado, projetado para avaliar as propriedades mec\u00e2nicas de materiais de papel, incluindo papel\u00e3o, papel de seda e outros produtos \u00e0 base de papel. Ele desempenha um papel cr\u00edtico nas ind\u00fastrias de papel e embalagem, medindo propriedades-chave, como resist\u00eancia \u00e0 tra\u00e7\u00e3o, alongamento na for\u00e7a m\u00e1xima, absor\u00e7\u00e3o de energia de tra\u00e7\u00e3o e rigidez \u00e0 tra\u00e7\u00e3o. Ao determinar essas propriedades, os fabricantes podem garantir que seus produtos atendam a padr\u00f5es rigorosos de desempenho e qualidade, especialmente em aplica\u00e7\u00f5es de embalagem, m\u00e9dicas e aliment\u00edcias.<\/p>","protected":false},"featured_media":6283,"comment_status":"closed","ping_status":"closed","template":"","meta":{"site-sidebar-layout":"default","site-content-layout":"default","ast-global-header-display":"","ast-main-header-display":"","ast-hfb-above-header-display":"","ast-hfb-below-header-display":"","ast-hfb-mobile-header-display":"","site-post-title":"","ast-breadcrumbs-content":"","ast-featured-img":"","footer-sml-layout":"","theme-transparent-header-meta":"default","adv-header-id-meta":"","stick-header-meta":"","header-above-stick-meta":"","header-main-stick-meta":"","header-below-stick-meta":""},"product_cat":[845,953,956,955,1166,1167,1090,1163,1164,1165,954,957,958,952,959,1168,679,44,95],"product_tag":[],"class_list":{"0":"post-5335","1":"product","2":"type-product","3":"status-publish","4":"has-post-thumbnail","6":"product_cat-customization","7":"product_cat-bursting-tester","8":"product_cat-cobb-tester","9":"product_cat-crush-tester","10":"product_cat-iso-12625-4","11":"product_cat-iso-12625-5","12":"product_cat-iso-1924","13":"product_cat-iso-1924-1","14":"product_cat-iso-1924-2","15":"product_cat-iso-1924-3","16":"product_cat-paper-tear-tester","17":"product_cat-plybond-tester","18":"product_cat-puncture-tester","19":"product_cat-rub-tester","20":"product_cat-stiffness-tester","21":"product_cat-tappi-t494","22":"product_cat-tensile-tester","23":"product_cat-paper-and-board-testers","24":"product_cat-products","25":"desktop-align-left","26":"tablet-align-left","27":"mobile-align-left","29":"first","30":"instock","31":"shipping-taxable","32":"product-type-simple"},"_links":{"self":[{"href":"https:\/\/www.qualitester.com\/pt\/wp-json\/wp\/v2\/product\/5335","targetHints":{"allow":["GET"]}}],"collection":[{"href":"https:\/\/www.qualitester.com\/pt\/wp-json\/wp\/v2\/product"}],"about":[{"href":"https:\/\/www.qualitester.com\/pt\/wp-json\/wp\/v2\/types\/product"}],"replies":[{"embeddable":true,"href":"https:\/\/www.qualitester.com\/pt\/wp-json\/wp\/v2\/comments?post=5335"}],"version-history":[{"count":0,"href":"https:\/\/www.qualitester.com\/pt\/wp-json\/wp\/v2\/product\/5335\/revisions"}],"wp:featuredmedia":[{"embeddable":true,"href":"https:\/\/www.qualitester.com\/pt\/wp-json\/wp\/v2\/media\/6283"}],"wp:attachment":[{"href":"https:\/\/www.qualitester.com\/pt\/wp-json\/wp\/v2\/media?parent=5335"}],"wp:term":[{"taxonomy":"product_cat","embeddable":true,"href":"https:\/\/www.qualitester.com\/pt\/wp-json\/wp\/v2\/product_cat?post=5335"},{"taxonomy":"product_tag","embeddable":true,"href":"https:\/\/www.qualitester.com\/pt\/wp-json\/wp\/v2\/product_tag?post=5335"}],"curies":[{"name":"wp","href":"https:\/\/api.w.org\/{rel}","templated":true}]}}