{"id":5324,"date":"2024-11-13T11:36:35","date_gmt":"2024-11-13T03:36:35","guid":{"rendered":"https:\/\/www.qualitester.com\/?post_type=product&#038;p=5324"},"modified":"2024-12-05T11:23:52","modified_gmt":"2024-12-05T03:23:52","slug":"sale-tissue-thickness-gauge","status":"publish","type":"product","link":"https:\/\/www.qualitester.com\/pt\/produto\/sale-tissue-thickness-gauge\/","title":{"rendered":"Medidor de espessura de tecido THD-01"},"content":{"rendered":"<h2><strong>Introdu\u00e7\u00e3o aos m\u00e9todos de teste de espessura do tecido e medidor de espessura do tecido<\/strong><\/h2>\n<p>A espessura do tecido \u00e9 um atributo de qualidade essencial para produtos de papel tissue, influenciando sua resist\u00eancia, absor\u00e7\u00e3o e maciez. A medi\u00e7\u00e3o precisa da espessura do tecido \u00e9 crucial para que os fabricantes garantam a consist\u00eancia do produto e a conformidade com os padr\u00f5es da ind\u00fastria. O teste de espessura \u00e9 especialmente importante para produtos de papel tissue usados em aplica\u00e7\u00f5es de embalagem, m\u00e9dicas e de bens de consumo.<\/p>\n<p>O teste de espessura de tecido envolve a medi\u00e7\u00e3o da dist\u00e2ncia entre duas superf\u00edcies principais de produtos de papel tissue sob uma press\u00e3o espec\u00edfica. Os resultados fornecem insights sobre o volume, a resist\u00eancia e a qualidade dos pap\u00e9is tissue, que impactam diretamente seu desempenho em v\u00e1rias aplica\u00e7\u00f5es, como guardanapos, len\u00e7os faciais e pap\u00e9is de rolo de cozinha.<\/p>\n<h2><strong>O medidor de espessura de tecido THD-01: Vis\u00e3o geral do produto<\/strong><\/h2>\n<p>O <strong>Medidor de espessura de tecido THD-01<\/strong>\u00a0\u00e9 um instrumento de precis\u00e3o projetado para medir a espessura e a espessura de volume de produtos de papel tissue, como guardanapos, toalhas de papel, len\u00e7os e outros produtos \u00e0 base de tissue. Ele usa uma press\u00e3o padronizada de 2KPa para garantir medi\u00e7\u00f5es precisas e consistentes de folhas de tissue de camada \u00fanica e laminadas. O dispositivo \u00e9 ideal para controle de qualidade e aplica\u00e7\u00f5es de pesquisa na ind\u00fastria de fabrica\u00e7\u00e3o de papel tissue.<\/p>\n<h2><strong>Como funciona o medidor de espessura de tecido THD-01?<\/strong><\/h2>\n<p>O THD-01 Tissue Thickness Gauge funciona com o princ\u00edpio de medir a espessura do papel de seda aplicando uma press\u00e3o consistente de 2 KPa entre duas superf\u00edcies planas paralelas. A amostra \u00e9 colocada entre a placa de refer\u00eancia fixa inferior e um p\u00e9 de press\u00e3o superior m\u00f3vel. O p\u00e9 de press\u00e3o exerce uma carga de 2 KPa, garantindo condi\u00e7\u00f5es de teste padronizadas. O dispositivo ent\u00e3o mede a dist\u00e2ncia entre as superf\u00edcies para determinar a espessura do tecido.<\/p>\n<p>Este m\u00e9todo garante precis\u00e3o na medi\u00e7\u00e3o de produtos de papel tissue durante a produ\u00e7\u00e3o e para produtos acabados, fornecendo dados confi\u00e1veis para avalia\u00e7\u00e3o da qualidade do produto.<\/p>\n<h2><strong>Principais recursos e benef\u00edcios<\/strong><\/h2>\n<ul>\n<li>\n<h3><strong>Precis\u00e3o e exatid\u00e3o<\/strong><\/h3>\n<ul>\n<li><strong>Resolu\u00e7\u00e3o<\/strong>: 0,001 mm para medi\u00e7\u00f5es de espessura altamente precisas.<\/li>\n<li><strong>Erro de indica\u00e7\u00e3o<\/strong>: \u00b10,05% para garantir leituras precisas com desvio m\u00ednimo.<\/li>\n<\/ul>\n<\/li>\n<li>\n<h3><strong>Condi\u00e7\u00f5es de teste consistentes<\/strong><\/h3>\n<ul>\n<li><strong>Press\u00e3o de contato<\/strong>: Mant\u00e9m uma press\u00e3o de 2,0 \u00b1 0,1 KPa, garantindo que todas as amostras sejam medidas sob a mesma press\u00e3o padronizada.<\/li>\n<li><strong>Teste de velocidade<\/strong>: A velocidade de medi\u00e7\u00e3o \u00e9 controlada em 2,0 \u00b1 0,2 mm\/s, garantindo resultados de teste consistentes e repet\u00edveis.<\/li>\n<\/ul>\n<\/li>\n<li>\n<h3><strong>Versatilidade<\/strong><\/h3>\n<ul>\n<li>O medidor de espessura de tecido THD-01 pode testar uma ampla variedade de produtos de papel tissue, incluindo folhas de uma ou v\u00e1rias camadas, bem como materiais de papel tissue laminados e n\u00e3o laminados.<\/li>\n<\/ul>\n<\/li>\n<li>\n<h3><strong>Facilidade de uso<\/strong><\/h3>\n<ul>\n<li>O medidor \u00e9 simples de operar, com uma interface amig\u00e1vel e um visor de medi\u00e7\u00e3o claro, tornando-o adequado tanto para aplica\u00e7\u00f5es em laborat\u00f3rio quanto no ch\u00e3o de f\u00e1brica.<\/li>\n<\/ul>\n<\/li>\n<\/ul>\n<h2><strong>Dados t\u00e9cnicos<\/strong><\/h2>\n<table>\n<tbody>\n<tr>\n<td style=\"text-align: center;\" width=\"142\">Faixa de teste<\/td>\n<td style=\"text-align: center;\" width=\"110\">0\uff5e4 mil\u00edmetros<\/td>\n<\/tr>\n<tr>\n<td style=\"text-align: center;\" width=\"142\">Resolu\u00e7\u00e3o<\/td>\n<td style=\"text-align: center;\" width=\"110\">0,001 mm<\/td>\n<\/tr>\n<tr>\n<td style=\"text-align: center;\" width=\"142\">\u00c1rea de contato<\/td>\n<td style=\"text-align: center;\" width=\"110\">1000\u00b120 mm\u00b2<\/td>\n<\/tr>\n<tr>\n<td style=\"text-align: center;\" width=\"142\">Press\u00e3o de contato<\/td>\n<td style=\"text-align: center;\" width=\"110\">2\u00b10,1 kPa<\/td>\n<\/tr>\n<tr>\n<td style=\"text-align: center;\" width=\"142\">Paralelismo de superf\u00edcie<\/td>\n<td style=\"text-align: center;\" width=\"110\">\u22640,001 mm<\/td>\n<\/tr>\n<tr>\n<td style=\"text-align: center;\" width=\"142\">Erro de indica\u00e7\u00e3o<\/td>\n<td style=\"text-align: center;\" width=\"110\">\u00b10,05\uff05<\/td>\n<\/tr>\n<\/tbody>\n<\/table>\n<h2><strong>M\u00e9todos e Padr\u00f5es de Teste<\/strong><\/h2>\n<h3><strong>Princ\u00edpio de Medi\u00e7\u00e3o<\/strong><\/h3>\n<p>O THD-01 Tissue Thickness Gauge mede a espessura do papel de seda aplicando uma press\u00e3o constante de 2KPa entre duas superf\u00edcies paralelas. A amostra \u00e9 colocada na face inferior fixa, e o p\u00e9 de press\u00e3o circular superior \u00e9 movido para baixo, exercendo a carga especificada. A dist\u00e2ncia entre as duas superf\u00edcies \u00e9 ent\u00e3o registrada como a espessura do tecido.<\/p>\n<p>Este m\u00e9todo \u00e9 consistente com os procedimentos de teste padr\u00e3o usados na ind\u00fastria de papel de seda para garantir resultados precisos e repet\u00edveis.<\/p>\n<h3><strong>Normas relevantes para testes de espessura de tecido<\/strong><\/h3>\n<ul>\n<li><a href=\"https:\/\/www.iso.org\/standard\/62536.html\" target=\"_blank\" rel=\"noopener nofollow\"><strong>Norma ISO 12625-3<\/strong><\/a>: Padr\u00e3o para testes de papel de seda, incluindo medi\u00e7\u00f5es de espessura.<\/li>\n<li><a href=\"https:\/\/imisrise.tappi.org\/TAPPI\/Products\/01\/T\/0104T401.aspx\" target=\"_blank\" rel=\"noopener nofollow\"><strong>TAPPI T401<\/strong><\/a>: M\u00e9todo de teste padr\u00e3o para medir a espessura de papel e papel\u00e3o.<\/li>\n<li><a href=\"https:\/\/www.astm.org\/d1777-96r19.html\" target=\"_blank\" rel=\"noopener nofollow\"><strong>Norma ASTM D1777<\/strong><\/a>: M\u00e9todo de teste padr\u00e3o para espessura de papel e papel\u00e3o, garantindo consist\u00eancia nos testes de materiais.<\/li>\n<\/ul>\n<h2><strong>\u00c1reas de aplica\u00e7\u00e3o<\/strong><\/h2>\n<p>O medidor de espessura de papel THD-01 \u00e9 essencial para ind\u00fastrias que fabricam produtos de papel tissue, incluindo:<\/p>\n<ul>\n<li><strong>Fabricantes de papel de seda<\/strong><br \/>\nIdeal para testar a espessura de v\u00e1rios produtos de papel, como toalhas de papel, guardanapos, len\u00e7os de papel e pap\u00e9is de cozinha.<\/li>\n<li><strong>Controle de Qualidade e Pesquisa<\/strong><br \/>\nUsado em laborat\u00f3rios e instala\u00e7\u00f5es de produ\u00e7\u00e3o para garantia de qualidade, pesquisa e desenvolvimento, ajudando os fabricantes a garantir a consist\u00eancia e o desempenho dos produtos de papel higi\u00eanico.<\/li>\n<li><strong>Embalagens e Bens de Consumo<\/strong><br \/>\nO THD-01 tamb\u00e9m \u00e9 valioso para fabricantes de materiais de embalagem \u00e0 base de papel tissue, garantindo a espessura e a qualidade do papel tissue usado em aplica\u00e7\u00f5es de embalagem.<\/li>\n<\/ul>\n<h2><strong>Perguntas Frequentes (FAQ)<\/strong><\/h2>\n<ol>\n<li><strong>O que \u00e9 espessura de camada \u00fanica?<\/strong><br \/>\nEspessura de camada \u00fanica refere-se \u00e0 dist\u00e2ncia entre as duas superf\u00edcies principais de uma \u00fanica camada de papel tissue, medida sob uma carga est\u00e1tica de 2KPa. Uma \u201ccamada\u201d de tissue \u00e9 uma folha n\u00e3o laminada de tissue.<\/li>\n<li><strong>Qual \u00e9 a espessura de uma folha \u00fanica?<\/strong><br \/>\nA espessura de uma \u00fanica folha \u00e9 a dist\u00e2ncia entre as duas superf\u00edcies principais de uma \u00fanica folha de produto de papel tissue (laminado ou n\u00e3o laminado), medida sob carga est\u00e1tica aplicada de 2 KPa.<\/li>\n<li><strong>O que \u00e9 espessura de volume?<\/strong><br \/>\nA espessura volum\u00e9trica refere-se \u00e0 espessura de uma \u00fanica folha de papel de seda ou produto de papel de seda, calculada pela medi\u00e7\u00e3o da espessura de v\u00e1rias folhas sobrepostas sob uma carga est\u00e1tica de 2 KPa.<\/li>\n<li><strong>Como o medidor de espessura de tecido THD-01 garante resultados precisos?<\/strong><br \/>\nO THD-01 garante resultados precisos e repet\u00edveis aplicando uma press\u00e3o consistente de 2 KPa, usando sensores de alta precis\u00e3o para medi\u00e7\u00e3o e oferecendo uma resolu\u00e7\u00e3o de 0,001 mm para detectar at\u00e9 as menores altera\u00e7\u00f5es na espessura do tecido.<\/li>\n<li><strong>O medidor de espessura de tecido THD-01 pode ser usado para tecidos multicamadas?<\/strong><br \/>\nSim, o THD-01 pode ser usado para medir produtos de papel tissue de camada \u00fanica e m\u00faltipla, fornecendo medi\u00e7\u00f5es de espessura precisas para uma ampla variedade de materiais de papel tissue, incluindo folhas laminadas e n\u00e3o laminadas.<\/li>\n<\/ol>","protected":false},"excerpt":{"rendered":"<p>O teste de espessura de tecido envolve a medi\u00e7\u00e3o da dist\u00e2ncia entre duas superf\u00edcies principais de produtos de papel tissue sob uma press\u00e3o espec\u00edfica. Os resultados fornecem insights sobre o volume, a resist\u00eancia e a qualidade dos pap\u00e9is tissue, que impactam diretamente seu desempenho em v\u00e1rias aplica\u00e7\u00f5es, como guardanapos, len\u00e7os faciais e pap\u00e9is de rolo de cozinha.<\/p>","protected":false},"featured_media":6201,"comment_status":"closed","ping_status":"closed","template":"","meta":{"site-sidebar-layout":"default","site-content-layout":"default","ast-global-header-display":"","ast-main-header-display":"","ast-hfb-above-header-display":"","ast-hfb-below-header-display":"","ast-hfb-mobile-header-display":"","site-post-title":"","ast-breadcrumbs-content":"","ast-featured-img":"","footer-sml-layout":"","theme-transparent-header-meta":"default","adv-header-id-meta":"","stick-header-meta":"","header-above-stick-meta":"","header-main-stick-meta":"","header-below-stick-meta":""},"product_cat":[845,953,956,955,1089,954,957,958,952,959,962,685,44,95],"product_tag":[],"class_list":{"0":"post-5324","1":"product","2":"type-product","3":"status-publish","4":"has-post-thumbnail","6":"product_cat-customization","7":"product_cat-bursting-tester","8":"product_cat-cobb-tester","9":"product_cat-crush-tester","10":"product_cat-iso-12625-3","11":"product_cat-paper-tear-tester","12":"product_cat-plybond-tester","13":"product_cat-puncture-tester","14":"product_cat-rub-tester","15":"product_cat-stiffness-tester","16":"product_cat-thickness-gauges","17":"product_cat-thickness-tester","18":"product_cat-paper-and-board-testers","19":"product_cat-products","20":"desktop-align-left","21":"tablet-align-left","22":"mobile-align-left","24":"first","25":"instock","26":"shipping-taxable","27":"product-type-simple"},"_links":{"self":[{"href":"https:\/\/www.qualitester.com\/pt\/wp-json\/wp\/v2\/product\/5324","targetHints":{"allow":["GET"]}}],"collection":[{"href":"https:\/\/www.qualitester.com\/pt\/wp-json\/wp\/v2\/product"}],"about":[{"href":"https:\/\/www.qualitester.com\/pt\/wp-json\/wp\/v2\/types\/product"}],"replies":[{"embeddable":true,"href":"https:\/\/www.qualitester.com\/pt\/wp-json\/wp\/v2\/comments?post=5324"}],"version-history":[{"count":0,"href":"https:\/\/www.qualitester.com\/pt\/wp-json\/wp\/v2\/product\/5324\/revisions"}],"wp:featuredmedia":[{"embeddable":true,"href":"https:\/\/www.qualitester.com\/pt\/wp-json\/wp\/v2\/media\/6201"}],"wp:attachment":[{"href":"https:\/\/www.qualitester.com\/pt\/wp-json\/wp\/v2\/media?parent=5324"}],"wp:term":[{"taxonomy":"product_cat","embeddable":true,"href":"https:\/\/www.qualitester.com\/pt\/wp-json\/wp\/v2\/product_cat?post=5324"},{"taxonomy":"product_tag","embeddable":true,"href":"https:\/\/www.qualitester.com\/pt\/wp-json\/wp\/v2\/product_tag?post=5324"}],"curies":[{"name":"wp","href":"https:\/\/api.w.org\/{rel}","templated":true}]}}