{"id":5320,"date":"2024-11-13T09:47:30","date_gmt":"2024-11-13T01:47:30","guid":{"rendered":"https:\/\/www.qualitester.com\/?post_type=product&#038;p=5320"},"modified":"2024-12-05T09:41:36","modified_gmt":"2024-12-05T01:41:36","slug":"sale-tensile-and-compression-testing-machine","status":"publish","type":"product","link":"https:\/\/www.qualitester.com\/pt\/produto\/sale-tensile-and-compression-testing-machine\/","title":{"rendered":"Testador de tra\u00e7\u00e3o TCT-01"},"content":{"rendered":"<p>O <strong>M\u00e1quina de ensaio de tra\u00e7\u00e3o e compress\u00e3o TCT-01<\/strong> \u00e9 um instrumento vers\u00e1til e de alto desempenho, projetado para atender a um amplo espectro de requisitos de testes de materiais em diversos setores. Constru\u00eddo com engenharia de precis\u00e3o, \u00e9 ideal para executar <strong>ensaios de tra\u00e7\u00e3o, compress\u00e3o e flex\u00e3o<\/strong>, fornecendo insights precisos e confi\u00e1veis sobre propriedades de materiais como resist\u00eancia, alongamento e for\u00e7a de pico. O design adapt\u00e1vel e a funcionalidade do TCT-01 o tornam a escolha preferida para profissionais em embalagens, medicina, farmac\u00eautica, t\u00eaxteis, eletr\u00f4nicos e campos de inspe\u00e7\u00e3o de qualidade.<\/p>\n<h2>Principais aplica\u00e7\u00f5es da m\u00e1quina de ensaios de tra\u00e7\u00e3o e compress\u00e3o TCT-01<\/h2>\n<p>O TCT-01 est\u00e1 equipado para lidar com as rigorosas demandas de testes de materiais em ambos <strong>materiais flex\u00edveis e r\u00edgidos<\/strong>, incluindo comp\u00f3sitos, fios, tecidos e materiais n\u00e3o met\u00e1licos. A engenharia de precis\u00e3o e a configura\u00e7\u00e3o flex\u00edvel desta m\u00e1quina fornecem solu\u00e7\u00f5es de teste abrangentes para an\u00e1lise de propriedades mec\u00e2nicas, tornando-a adequada para aplica\u00e7\u00f5es que exigem <strong>ensaios de tra\u00e7\u00e3o de materiais<\/strong> e avalia\u00e7\u00f5es de for\u00e7a compressiva.<\/p>\n<h2>Principais caracter\u00edsticas t\u00e9cnicas da m\u00e1quina de teste de tra\u00e7\u00e3o e compress\u00e3o TCT-01<\/h2>\n<ul>\n<li><strong>Controle e exibi\u00e7\u00e3o digital avan\u00e7ada<\/strong>: O TCT-01 apresenta um display digital que exibe continuamente a for\u00e7a de teste aplicada, permitindo que os usu\u00e1rios ajustem a velocidade do teste para atender aos requisitos espec\u00edficos da amostra. O sistema de controle autom\u00e1tico permite aquisi\u00e7\u00e3o de dados eficiente, fornecendo monitoramento em tempo real e um processo de teste perfeito.<\/li>\n<li><strong>Parada autom\u00e1tica e reten\u00e7\u00e3o de valor de pico<\/strong>: Ap\u00f3s a fratura do esp\u00e9cime de teste, a m\u00e1quina para automaticamente e mant\u00e9m o valor de pico, permitindo que os usu\u00e1rios visualizem e registrem os resultados com facilidade. Esta fun\u00e7\u00e3o minimiza erros e garante captura precisa de dados, permitindo que os operadores avaliem rapidamente o comportamento do material sob estresse.<\/li>\n<li><strong>Prote\u00e7\u00e3o de limite de deslocamento e movimentos de teste duplo<\/strong>: Projetado com a seguran\u00e7a em mente, o TCT-01 inclui prote\u00e7\u00e3o de limite de curso e suporta movimentos de tens\u00e3o e compress\u00e3o, proporcionando uma experi\u00eancia de teste segura e vers\u00e1til.<\/li>\n<li><strong>Componentes de alta precis\u00e3o<\/strong>:Equipado com um <strong>parafuso de avan\u00e7o de precis\u00e3o<\/strong> e <strong>sistema de regula\u00e7\u00e3o de velocidade digital<\/strong>, o TCT-01 garante que cada teste produza resultados precisos e consistentes, tornando-o uma escolha altamente confi\u00e1vel para an\u00e1lises aprofundadas de materiais.<\/li>\n<\/ul>\n<h2>Especifica\u00e7\u00f5es e capacidades da m\u00e1quina de ensaios de tra\u00e7\u00e3o e compress\u00e3o TCT-01<\/h2>\n<table>\n<thead>\n<tr>\n<th>Recurso<\/th>\n<th>Especifica\u00e7\u00e3o<\/th>\n<\/tr>\n<\/thead>\n<tbody>\n<tr>\n<td style=\"text-align: center;\"><strong>For\u00e7a m\u00e1xima de teste<\/strong><\/td>\n<td style=\"text-align: center;\">5000N (ou outras configura\u00e7\u00f5es dispon\u00edveis)<\/td>\n<\/tr>\n<tr>\n<td style=\"text-align: center;\"><strong>Precis\u00e3o de For\u00e7a<\/strong><\/td>\n<td style=\"text-align: center;\">Melhor que \u00b11%<\/td>\n<\/tr>\n<tr>\n<td style=\"text-align: center;\"><strong>Resolu\u00e7\u00e3o de Deslocamento<\/strong><\/td>\n<td style=\"text-align: center;\">0,01 mm<\/td>\n<\/tr>\n<tr>\n<td style=\"text-align: center;\"><strong>Precis\u00e3o de deslocamento<\/strong><\/td>\n<td style=\"text-align: center;\">Melhor que \u00b11%<\/td>\n<\/tr>\n<tr>\n<td style=\"text-align: center;\"><strong>Curso de tra\u00e7\u00e3o<\/strong><\/td>\n<td style=\"text-align: center;\">600\/1000 mm<\/td>\n<\/tr>\n<tr>\n<td style=\"text-align: center;\"><strong>Curso de compress\u00e3o<\/strong><\/td>\n<td style=\"text-align: center;\">600\/1000 mm<\/td>\n<\/tr>\n<tr>\n<td style=\"text-align: center;\"><strong>Faixa de velocidade<\/strong><\/td>\n<td style=\"text-align: center;\">1~500 mm\/minuto<\/td>\n<\/tr>\n<tr>\n<td style=\"text-align: center;\"><strong>Precis\u00e3o geral<\/strong><\/td>\n<td style=\"text-align: center;\">Melhor que grau 1<\/td>\n<\/tr>\n<tr>\n<td style=\"text-align: center;\"><strong>Grampo de tra\u00e7\u00e3o<\/strong><\/td>\n<td style=\"text-align: center;\">50mm de largura<\/td>\n<\/tr>\n<tr>\n<td style=\"text-align: center;\"><strong>Placas de compress\u00e3o<\/strong><\/td>\n<td style=\"text-align: center;\">\u03c6100 mm<\/td>\n<\/tr>\n<tr>\n<td style=\"text-align: center;\"><strong>Poder<\/strong><\/td>\n<td style=\"text-align: center;\">220 V, 50 Hz<\/td>\n<\/tr>\n<\/tbody>\n<\/table>\n<p>Essas especifica\u00e7\u00f5es oferecem suporte a uma ampla gama de aplica\u00e7\u00f5es de teste e fornecem a adaptabilidade necess\u00e1ria para atender a diversos padr\u00f5es e requisitos de teste.<\/p>\n<h2>Compreendendo os m\u00e9todos de teste de tra\u00e7\u00e3o de materiais<\/h2>\n<p>O <strong>ensaio de tra\u00e7\u00e3o de material<\/strong> \u00e9 um m\u00e9todo fundamental para avaliar a capacidade de um material de suportar for\u00e7as de tra\u00e7\u00e3o. Este teste revela propriedades importantes como resist\u00eancia \u00e0 tra\u00e7\u00e3o final, alongamento e pontos de falha, que s\u00e3o cr\u00edticos no controle de qualidade e desenvolvimento de produtos. O TCT-01 \u00e9 constru\u00eddo para atender aos padr\u00f5es da ind\u00fastria, incluindo especifica\u00e7\u00f5es ASTM, garantindo que os resultados sejam precisos e confi\u00e1veis para conformidade regulat\u00f3ria e an\u00e1lise de materiais.<\/p>\n<h2>Configura\u00e7\u00e3o e acess\u00f3rios da m\u00e1quina de ensaios de tra\u00e7\u00e3o e compress\u00e3o TCT-01<\/h2>\n<p>O TCT-01 \u00e9 configurado com os seguintes componentes:<\/p>\n<ul>\n<li><strong>M\u00e1quina principal e caixa de controle<\/strong>: Perfeitamente integrado para permitir procedimentos e controles de teste intuitivos.<\/li>\n<li><strong>Acess\u00f3rios inclu\u00eddos<\/strong>: Equipado com grampos de tra\u00e7\u00e3o (50 mm de largura) e placas de compress\u00e3o (\u03c6100 mm), juntamente com um kit de ferramentas e certificado de calibra\u00e7\u00e3o, garantindo uma configura\u00e7\u00e3o de teste suave e opera\u00e7\u00e3o precisa.<\/li>\n<\/ul>\n<h2>Vantagens de usar o TCT-01 em testes de materiais<\/h2>\n<p>A m\u00e1quina de testes de tra\u00e7\u00e3o e compress\u00e3o TCT-01 oferece diversas vantagens distintas:<\/p>\n<ul>\n<li><strong>Efici\u00eancia e Precis\u00e3o<\/strong>: O avan\u00e7ado sistema de controle autom\u00e1tico e aquisi\u00e7\u00e3o de dados economiza tempo ao mesmo tempo em que fornece resultados precisos e repet\u00edveis. O TCT-01 \u00e9 projetado para efici\u00eancia ideal, garantindo que seus processos de teste sejam suaves e confi\u00e1veis.<\/li>\n<li><strong>Facilidade de uso e recursos de seguran\u00e7a<\/strong>: A interface amig\u00e1vel e o processo simplificado de carregamento de amostras, combinados com a prote\u00e7\u00e3o de limite de curso, tornam esta m\u00e1quina f\u00e1cil de operar, priorizando a seguran\u00e7a do usu\u00e1rio.<\/li>\n<li><strong>Versatilidade em todos os setores<\/strong>: Seja testando materiais para embalagens, eletr\u00f4nicos ou produtos farmac\u00eauticos, o TCT-01 oferece a flexibilidade e a capacidade de acomodar uma variedade de necessidades de testes espec\u00edficas do setor.<\/li>\n<\/ul>\n<h2>Por que escolher o TCT-01 para suas necessidades de teste?<\/h2>\n<p>Escolher a M\u00e1quina de Teste de Tra\u00e7\u00e3o e Compress\u00e3o TCT-01 significa selecionar uma m\u00e1quina que combina qualidade, confiabilidade e adaptabilidade. Para profissionais de teste, ela oferece recursos avan\u00e7ados e op\u00e7\u00f5es de personaliza\u00e7\u00e3o para atender a requisitos de teste espec\u00edficos, tornando-a um ativo valioso para laborat\u00f3rios e equipes de garantia de qualidade.<\/p>\n<h2>Perguntas frequentes sobre a m\u00e1quina de teste de tra\u00e7\u00e3o e compress\u00e3o TCT-01<\/h2>\n<ol>\n<li><strong>Que tipos de materiais o TCT-01 pode testar?<\/strong>\n<ul>\n<li>O TCT-01 \u00e9 adequado para materiais flex\u00edveis, r\u00edgidos, compostos, fios, tecidos e diversas subst\u00e2ncias n\u00e3o met\u00e1licas, tornando-o ideal para testes abrangentes de materiais.<\/li>\n<\/ul>\n<\/li>\n<li><strong>Qual \u00e9 a precis\u00e3o do TCT-01 para testes de tra\u00e7\u00e3o de materiais?<\/strong>\n<ul>\n<li>O TCT-01 oferece alta precis\u00e3o com uma precis\u00e3o de for\u00e7a de \u00b11% e precis\u00e3o de deslocamento de \u00b11%, garantindo resultados confi\u00e1veis e consistentes.<\/li>\n<\/ul>\n<\/li>\n<li><strong>Quais s\u00e3o os principais benef\u00edcios do sistema de regula\u00e7\u00e3o digital de velocidade?<\/strong>\n<ul>\n<li>O sistema de regulagem de velocidade digital fornece velocidades de teste ajust\u00e1veis, permitindo que os operadores otimizem as configura\u00e7\u00f5es para diferentes propriedades do material, resultando em controle preciso e exatid\u00e3o de dados.<\/li>\n<\/ul>\n<\/li>\n<li><strong>O TCT-01 atende aos padr\u00f5es ASTM e outros padr\u00f5es internacionais de testes?<\/strong>\n<ul>\n<li>Sim, a m\u00e1quina de testes de tra\u00e7\u00e3o e compress\u00e3o TCT-01 foi projetada para atender aos padr\u00f5es da ind\u00fastria, como ASTM, fornecendo resultados confi\u00e1veis e em conformidade com os padr\u00f5es.<\/li>\n<\/ul>\n<\/li>\n<li><strong>O TCT-01 pode ser personalizado para requisitos de teste espec\u00edficos?<\/strong>\n<ul>\n<li>Absolutamente. A M\u00e1quina de Teste de Tra\u00e7\u00e3o e Compress\u00e3o TCT-01 pode ser adaptada para configura\u00e7\u00f5es de teste espec\u00edficas, e a Cell Instruments oferece servi\u00e7os de personaliza\u00e7\u00e3o para atender \u00e0s necessidades de teste exclusivas.<\/li>\n<\/ul>\n<\/li>\n<\/ol>","protected":false},"excerpt":{"rendered":"<p>O <strong>M\u00e1quina de ensaio de tra\u00e7\u00e3o e compress\u00e3o TCT-01<\/strong> \u00e9 um instrumento vers\u00e1til e de alto desempenho, projetado para atender a um amplo espectro de requisitos de testes de materiais em diversos setores. Constru\u00eddo com engenharia de precis\u00e3o, \u00e9 ideal para executar <strong>ensaios de tra\u00e7\u00e3o, compress\u00e3o e flex\u00e3o<\/strong>, fornecendo insights precisos e confi\u00e1veis sobre propriedades de materiais como resist\u00eancia, alongamento e for\u00e7a de pico. O design adapt\u00e1vel e a funcionalidade do TCT-01 o tornam a escolha preferida para profissionais em embalagens, medicina, farmac\u00eautica, t\u00eaxteis, eletr\u00f4nicos e campos de inspe\u00e7\u00e3o de qualidade.<\/p>","protected":false},"featured_media":6161,"comment_status":"closed","ping_status":"closed","template":"","meta":{"site-sidebar-layout":"default","site-content-layout":"default","ast-global-header-display":"","ast-main-header-display":"","ast-hfb-above-header-display":"","ast-hfb-below-header-display":"","ast-hfb-mobile-header-display":"","site-post-title":"","ast-breadcrumbs-content":"","ast-featured-img":"","footer-sml-layout":"","theme-transparent-header-meta":"default","adv-header-id-meta":"","stick-header-meta":"","header-above-stick-meta":"","header-main-stick-meta":"","header-below-stick-meta":""},"product_cat":[845,953,956,955,965,954,957,958,952,959,679,95],"product_tag":[],"class_list":{"0":"post-5320","1":"product","2":"type-product","3":"status-publish","4":"has-post-thumbnail","6":"product_cat-customization","7":"product_cat-bursting-tester","8":"product_cat-cobb-tester","9":"product_cat-crush-tester","10":"product_cat-package-compression-tester","11":"product_cat-paper-tear-tester","12":"product_cat-plybond-tester","13":"product_cat-puncture-tester","14":"product_cat-rub-tester","15":"product_cat-stiffness-tester","16":"product_cat-tensile-tester","17":"product_cat-products","18":"desktop-align-left","19":"tablet-align-left","20":"mobile-align-left","22":"first","23":"instock","24":"shipping-taxable","25":"product-type-simple"},"_links":{"self":[{"href":"https:\/\/www.qualitester.com\/pt\/wp-json\/wp\/v2\/product\/5320","targetHints":{"allow":["GET"]}}],"collection":[{"href":"https:\/\/www.qualitester.com\/pt\/wp-json\/wp\/v2\/product"}],"about":[{"href":"https:\/\/www.qualitester.com\/pt\/wp-json\/wp\/v2\/types\/product"}],"replies":[{"embeddable":true,"href":"https:\/\/www.qualitester.com\/pt\/wp-json\/wp\/v2\/comments?post=5320"}],"version-history":[{"count":0,"href":"https:\/\/www.qualitester.com\/pt\/wp-json\/wp\/v2\/product\/5320\/revisions"}],"wp:featuredmedia":[{"embeddable":true,"href":"https:\/\/www.qualitester.com\/pt\/wp-json\/wp\/v2\/media\/6161"}],"wp:attachment":[{"href":"https:\/\/www.qualitester.com\/pt\/wp-json\/wp\/v2\/media?parent=5320"}],"wp:term":[{"taxonomy":"product_cat","embeddable":true,"href":"https:\/\/www.qualitester.com\/pt\/wp-json\/wp\/v2\/product_cat?post=5320"},{"taxonomy":"product_tag","embeddable":true,"href":"https:\/\/www.qualitester.com\/pt\/wp-json\/wp\/v2\/product_tag?post=5320"}],"curies":[{"name":"wp","href":"https:\/\/api.w.org\/{rel}","templated":true}]}}