{"id":5309,"date":"2024-11-13T09:24:25","date_gmt":"2024-11-13T01:24:25","guid":{"rendered":"https:\/\/www.qualitester.com\/?post_type=product&#038;p=5309"},"modified":"2024-12-04T16:31:54","modified_gmt":"2024-12-04T08:31:54","slug":"sale-drop-weight-impact-tester","status":"publish","type":"product","link":"https:\/\/www.qualitester.com\/pt\/produto\/sale-drop-weight-impact-tester\/","title":{"rendered":"FBT-01S Testador de impacto de queda de peso"},"content":{"rendered":"<p>A resist\u00eancia ao impacto \u00e9 uma caracter\u00edstica vital para materiais expostos a impactos repentinos ou cont\u00ednuos. A <strong>Testador de impacto de queda de peso<\/strong> fornece um m\u00e9todo preciso e confi\u00e1vel para avaliar a durabilidade de v\u00e1rios materiais, incluindo filmes, folhas, papel, folhas de pl\u00e1stico e compostos com espessura inferior a 2 mm. Este testador desempenha um papel crucial no controle de qualidade e no desenvolvimento de produtos em todos os setores, garantindo que os materiais atendam aos padr\u00f5es rigorosos de desempenho e durabilidade.<\/p>\n<h2>Em conformidade com as normas ASTM D1709 e ISO 7765-1<\/h2>\n<p>O testador de impacto de queda de peso foi projetado para atender aos requisitos de <strong>Norma ASTM D1709<\/strong> e <strong>Norma ISO 7765-1<\/strong>\u2014dois dos padr\u00f5es mais amplamente reconhecidos para testes de resist\u00eancia ao impacto. <strong>Norma ASTM D1709<\/strong> concentra-se na resist\u00eancia ao impacto de filmes pl\u00e1sticos usando um m\u00e9todo de dardo de queda livre, garantindo que os materiais resistam efetivamente \u00e0s for\u00e7as de perfura\u00e7\u00e3o. <strong>Norma ISO 7765-1<\/strong> fornece um m\u00e9todo de teste padr\u00e3o para determinar a resist\u00eancia ao impacto de filmes termopl\u00e1sticos, tornando este testador ideal para conformidade de testes regionais e internacionais. Atender a esses padr\u00f5es garante que este testador produza resultados altamente confi\u00e1veis e padronizados, adequados para uma ampla gama de aplica\u00e7\u00f5es.<\/p>\n<h2>Aplica\u00e7\u00f5es do testador de impacto de queda de peso<\/h2>\n<p>O testador atende a v\u00e1rios setores, incluindo embalagens, produtos farmac\u00eauticos, alimentos e bebidas, eletr\u00f4nicos e produtos qu\u00edmicos di\u00e1rios. Ele avalia a resist\u00eancia de materiais como filmes de embalagem, envolt\u00f3rios pl\u00e1sticos e folhas protetoras, que frequentemente suportam for\u00e7as de impacto no manuseio, transporte e uso do consumidor. Ao avaliar a resist\u00eancia ao impacto dos materiais, este testador ajuda os fabricantes a garantir que seus produtos mantenham a integridade estrutural, protegendo o conte\u00fado e atendendo aos padr\u00f5es da ind\u00fastria.<\/p>\n<h2>M\u00e9todo de teste para teste de impacto de queda de peso<\/h2>\n<p>O <strong>Testador de impacto de queda de peso<\/strong> usa uma bola de a\u00e7o ou dardo de massa e di\u00e2metro especificados, que \u00e9 largado de uma altura predeterminada para simular uma for\u00e7a de impacto controlada no material. O testador mede o dano resultante, a deforma\u00e7\u00e3o e a energia absorvida pelo material, fornecendo uma an\u00e1lise quantific\u00e1vel de sua resist\u00eancia ao impacto. Os principais fatores que influenciam os resultados do teste incluem:<\/p>\n<ul>\n<li><strong>Altura da queda<\/strong>: Ajust\u00e1vel de 300 mm a 600 mm (e extens\u00edvel conforme necess\u00e1rio), simulando diferentes condi\u00e7\u00f5es de impacto para cen\u00e1rios de testes personalizados.<\/li>\n<li><strong>Tamanho e massa da bola<\/strong>: Configur\u00e1vel com base no padr\u00e3o de teste e nos requisitos da aplica\u00e7\u00e3o, permitindo simula\u00e7\u00e3o precisa de impactos no mundo real.<\/li>\n<\/ul>\n<h2>Principais caracter\u00edsticas do testador de impacto de queda de peso<\/h2>\n<ul>\n<li><strong>Altura de impacto ajust\u00e1vel<\/strong>: Personalize a altura do impacto para diferentes cen\u00e1rios de teste, permitindo testes de impacto precisos e flex\u00edveis.<\/li>\n<li><strong>Sistema de Suspens\u00e3o Eletromagn\u00e9tica<\/strong>: Esse recurso garante um mecanismo de libera\u00e7\u00e3o consistente, minimizando a variabilidade e aumentando a precis\u00e3o.<\/li>\n<li><strong>Fixa\u00e7\u00e3o pneum\u00e1tica de amostras<\/strong>: O mecanismo de fixa\u00e7\u00e3o pneum\u00e1tica segura firmemente a amostra de teste, evitando movimentos que possam comprometer os resultados.<\/li>\n<li><strong>Opera\u00e7\u00e3o amig\u00e1vel ao usu\u00e1rio<\/strong>: O testador \u00e9 equipado com pedais, permitindo f\u00e1cil opera\u00e7\u00e3o e facilitando o controle sem as m\u00e3os para testes seguros e eficazes.<\/li>\n<\/ul>\n<h2>Especifica\u00e7\u00f5es t\u00e9cnicas<\/h2>\n<table>\n<tbody>\n<tr>\n<td style=\"text-align: center;\" width=\"161\">Altura do impacto<\/td>\n<td style=\"text-align: center;\" width=\"290\">300mm-600mm (pode ser estendido)<\/td>\n<\/tr>\n<tr>\n<td style=\"text-align: center;\" width=\"161\">Di\u00e2metros de esferas (mm)<\/td>\n<td style=\"text-align: center;\" width=\"290\">23, 25, 28,6, 38,1, 50,8 (um equipado)<\/td>\n<\/tr>\n<tr>\n<td style=\"text-align: center;\" width=\"161\">Precis\u00e3o<\/td>\n<td style=\"text-align: center;\" width=\"290\">0,1 g (0,1 J)<\/td>\n<\/tr>\n<tr>\n<td style=\"text-align: center;\" width=\"161\">Grampo de amostra<\/td>\n<td style=\"text-align: center;\" width=\"290\">Grampo pneum\u00e1tico<\/td>\n<\/tr>\n<tr>\n<td style=\"text-align: center;\" width=\"161\">Fornecimento de g\u00e1s<\/td>\n<td style=\"text-align: center;\" width=\"290\">Tubo de PU 0,6 MPa \u03a68 mm<\/td>\n<\/tr>\n<tr>\n<td style=\"text-align: center;\" width=\"161\">Tamanho da amostra<\/td>\n<td style=\"text-align: center;\" width=\"290\">&gt; 150 mm x 150 mm<\/td>\n<\/tr>\n<tr>\n<td style=\"text-align: center;\" width=\"161\">Fonte de energia<\/td>\n<td style=\"text-align: center;\" width=\"290\">CA 110~220V 50Hz<\/td>\n<\/tr>\n<\/tbody>\n<\/table>\n<h2>Vantagens do testador de impacto de queda de peso<\/h2>\n<p>O uso deste testador fornece resultados consistentes e precisos que informam medidas de controle de qualidade e sele\u00e7\u00e3o de materiais na fabrica\u00e7\u00e3o. Ao garantir a conformidade com ASTM D1709 e ISO 7765-1, este testador de impacto ajuda as ind\u00fastrias a atender aos padr\u00f5es regulat\u00f3rios e \u00e0s expectativas dos clientes quanto \u00e0 durabilidade e seguran\u00e7a, especialmente na fabrica\u00e7\u00e3o de embalagens e materiais. O testador tamb\u00e9m \u00e9 uma escolha ideal para ambientes de pesquisa e desenvolvimento, onde dados confi\u00e1veis de resist\u00eancia ao impacto orientam o desenvolvimento de novos produtos.<\/p>\n<h2>Conformidade com as normas ASTM D1709 e ISO 7765-1<\/h2>\n<p>O testador de impacto de queda de peso \u00e9 totalmente compat\u00edvel com <a href=\"https:\/\/www.astm.org\/standards\/d1709\" target=\"_blank\" rel=\"noopener nofollow\"><strong>Norma ASTM D1709<\/strong><\/a> e <a href=\"https:\/\/www.iso.org\/standard\/14629.html\" target=\"_blank\" rel=\"noopener nofollow\"><strong>Norma ISO 7765-1<\/strong><\/a>, o que significa que \u00e9 certificado para testes padronizados e aplic\u00e1vel aos mercados locais e internacionais. Isso garante que os usu\u00e1rios possam confiar em resultados precisos e compar\u00e1veis em v\u00e1rias instala\u00e7\u00f5es de testes e linhas de produ\u00e7\u00e3o, simplificando o controle de qualidade e a conformidade regulat\u00f3ria.<\/p>\n<h2>Perguntas Frequentes (FAQs)<\/h2>\n<ol>\n<li><strong>Que tipos de materiais podem ser testados com um testador de impacto de queda livre?<\/strong>\n<ul>\n<li>Este testador \u00e9 adequado para filmes, folhas met\u00e1licas, papel, folhas pl\u00e1sticas e outros materiais finos de at\u00e9 2 mm de espessura.<\/li>\n<\/ul>\n<\/li>\n<li><strong>Por que a ASTM D1709 e a ISO 7765-1 s\u00e3o importantes para testes de impacto?<\/strong>\n<ul>\n<li>Essas normas especificam m\u00e9todos consistentes para testar resist\u00eancia ao impacto, garantindo resultados confi\u00e1veis e compar\u00e1veis em todos os setores.<\/li>\n<\/ul>\n<\/li>\n<li><strong>Quais fatores podem influenciar a precis\u00e3o do teste de impacto?<\/strong>\n<ul>\n<li>Os principais fatores incluem altura de queda, tamanho da esfera e fixa\u00e7\u00e3o da amostra, todos os quais podem ser controlados para atender \u00e0s necessidades espec\u00edficas de teste.<\/li>\n<\/ul>\n<\/li>\n<li><strong>Como o sistema de suspens\u00e3o eletromagn\u00e9tica melhora a precis\u00e3o dos testes?<\/strong>\n<ul>\n<li>A suspens\u00e3o eletromagn\u00e9tica garante uma queda precisa e consistente, reduzindo varia\u00e7\u00f5es e melhorando a precis\u00e3o dos resultados.<\/li>\n<\/ul>\n<\/li>\n<li><strong>Quais setores se beneficiam mais com o uso de um testador de impacto de queda de peso?<\/strong>\n<ul>\n<li>Ind\u00fastrias como embalagens, farmac\u00eauticas, eletr\u00f4nicas e produ\u00e7\u00e3o de alimentos e bebidas se beneficiam da verifica\u00e7\u00e3o da durabilidade do material em rela\u00e7\u00e3o \u00e0s for\u00e7as de impacto.<\/li>\n<\/ul>\n<\/li>\n<\/ol>","protected":false},"excerpt":{"rendered":"<p>A resist\u00eancia ao impacto \u00e9 uma caracter\u00edstica vital para materiais expostos a impactos repentinos ou cont\u00ednuos. A <strong>Testador de impacto de queda de peso<\/strong> fornece um m\u00e9todo preciso e confi\u00e1vel para avaliar a durabilidade de v\u00e1rios materiais, incluindo filmes, folhas, papel, folhas de pl\u00e1stico e compostos com espessura inferior a 2 mm. Este testador desempenha um papel crucial no controle de qualidade e no desenvolvimento de produtos em todos os setores, garantindo que os materiais atendam aos padr\u00f5es rigorosos de desempenho e durabilidade.<\/p>","protected":false},"featured_media":6147,"comment_status":"closed","ping_status":"closed","template":"","meta":{"site-sidebar-layout":"default","site-content-layout":"default","ast-global-header-display":"","ast-main-header-display":"","ast-hfb-above-header-display":"","ast-hfb-below-header-display":"","ast-hfb-mobile-header-display":"","site-post-title":"","ast-breadcrumbs-content":"","ast-featured-img":"","footer-sml-layout":"","theme-transparent-header-meta":"default","adv-header-id-meta":"","stick-header-meta":"","header-above-stick-meta":"","header-main-stick-meta":"","header-below-stick-meta":""},"product_cat":[845,938,684,17,44,149,16,95],"product_tag":[],"class_list":{"0":"post-5309","1":"product","2":"type-product","3":"status-publish","4":"has-post-thumbnail","6":"product_cat-customization","7":"product_cat-textile-tester","8":"product_cat-impact-tester","9":"product_cat-package-container-testers","10":"product_cat-paper-and-board-testers","11":"product_cat-pharma-and-medical-testers","12":"product_cat-plastic-packaging-testers","13":"product_cat-products","14":"desktop-align-left","15":"tablet-align-left","16":"mobile-align-left","18":"first","19":"instock","20":"shipping-taxable","21":"product-type-simple"},"_links":{"self":[{"href":"https:\/\/www.qualitester.com\/pt\/wp-json\/wp\/v2\/product\/5309","targetHints":{"allow":["GET"]}}],"collection":[{"href":"https:\/\/www.qualitester.com\/pt\/wp-json\/wp\/v2\/product"}],"about":[{"href":"https:\/\/www.qualitester.com\/pt\/wp-json\/wp\/v2\/types\/product"}],"replies":[{"embeddable":true,"href":"https:\/\/www.qualitester.com\/pt\/wp-json\/wp\/v2\/comments?post=5309"}],"version-history":[{"count":0,"href":"https:\/\/www.qualitester.com\/pt\/wp-json\/wp\/v2\/product\/5309\/revisions"}],"wp:featuredmedia":[{"embeddable":true,"href":"https:\/\/www.qualitester.com\/pt\/wp-json\/wp\/v2\/media\/6147"}],"wp:attachment":[{"href":"https:\/\/www.qualitester.com\/pt\/wp-json\/wp\/v2\/media?parent=5309"}],"wp:term":[{"taxonomy":"product_cat","embeddable":true,"href":"https:\/\/www.qualitester.com\/pt\/wp-json\/wp\/v2\/product_cat?post=5309"},{"taxonomy":"product_tag","embeddable":true,"href":"https:\/\/www.qualitester.com\/pt\/wp-json\/wp\/v2\/product_tag?post=5309"}],"curies":[{"name":"wp","href":"https:\/\/api.w.org\/{rel}","templated":true}]}}