{"id":5298,"date":"2024-11-12T16:52:09","date_gmt":"2024-11-12T08:52:09","guid":{"rendered":"https:\/\/www.qualitester.com\/?post_type=product&#038;p=5298"},"modified":"2024-12-05T11:12:04","modified_gmt":"2024-12-05T03:12:04","slug":"sale-short-span-compression-tester","status":"publish","type":"product","link":"https:\/\/www.qualitester.com\/pt\/produto\/sale-short-span-compression-tester\/","title":{"rendered":"SCT-01 Testador de compress\u00e3o de curto alcance"},"content":{"rendered":"<h2>Introdu\u00e7\u00e3o ao testador de compress\u00e3o de curto alcance<\/h2>\n<p>O <strong>SCT-01 Testador de compress\u00e3o de curto alcance<\/strong> \u00e9 um instrumento de alta precis\u00e3o projetado para avaliar a resist\u00eancia \u00e0 compress\u00e3o de papel e papel\u00e3o, fornecendo insights essenciais de qualidade para materiais usados na produ\u00e7\u00e3o de cont\u00eaineres e caixas. Este testador \u00e9 especialmente adequado para pap\u00e9is e papel\u00e3o com gramatura entre 100 g\/m\u00b2 e 400 g\/m\u00b2, garantindo que apenas materiais que atendam aos n\u00edveis de resist\u00eancia necess\u00e1rios sejam aprovados para fabrica\u00e7\u00e3o. Com seu design robusto e recursos avan\u00e7ados, o SCT-01 ajuda a otimizar a durabilidade do produto, tornando-o uma ferramenta valiosa para controle de qualidade em v\u00e1rios setores, incluindo embalagens, fabrica\u00e7\u00e3o de papel e ag\u00eancias de inspe\u00e7\u00e3o de qualidade.<\/p>\n<h2>Principais aplica\u00e7\u00f5es<\/h2>\n<p>O SCT-01 <strong>Testador de compress\u00e3o de curto alcance <\/strong>\u00e9 amplamente aplic\u00e1vel em ind\u00fastrias que exigem resist\u00eancia e confiabilidade consistentes do material:<\/p>\n<ul>\n<li><strong>Ind\u00fastria de embalagens:<\/strong> Verifica\u00e7\u00e3o da qualidade dos materiais para produ\u00e7\u00e3o de caixas e cont\u00eaineres, essenciais para transporte e armazenamento.<\/li>\n<li><strong>Fabrica\u00e7\u00e3o de papel e papel\u00e3o:<\/strong> Garantir que os materiais sejam capazes de suportar tens\u00f5es tanto na m\u00e1quina quanto nas dire\u00e7\u00f5es transversais, aumentando a durabilidade.<\/li>\n<li><strong>Ag\u00eancias de Inspe\u00e7\u00e3o de Qualidade:<\/strong> Fornecer um m\u00e9todo de teste padronizado para verifica\u00e7\u00f5es de conformidade de acordo com a ISO 9895.<\/li>\n<\/ul>\n<h2>Descri\u00e7\u00e3o do sistema do testador de compress\u00e3o de curto alcance SCT-01<\/h2>\n<p>O <strong>SCT-01 Testador de compress\u00e3o de curto alcance<\/strong> \u00e9 projetado com grampos de precis\u00e3o e um mecanismo de fixa\u00e7\u00e3o robusto para garantir testes precisos:<\/p>\n<ul>\n<li><strong>Grampos:<\/strong> O testador tem duas pin\u00e7as, cada uma com 30 mm de comprimento, com mand\u00edbulas fixas e m\u00f3veis. Essas mand\u00edbulas s\u00e3o fabricadas com uma superf\u00edcie de alto atrito para garantir uma pegada firme e consistente durante os testes.<\/li>\n<li><strong>For\u00e7a de fixa\u00e7\u00e3o:<\/strong> Ele aplica uma for\u00e7a de fixa\u00e7\u00e3o constante de 2300 \u00b1 500 N, segurando firmemente a pe\u00e7a de teste em toda a sua largura.<\/li>\n<li><strong>Alinhamento da mand\u00edbula:<\/strong> As mand\u00edbulas fixas e m\u00f3veis s\u00e3o paralelas, mantendo a uniformidade em cada teste e possibilitando medi\u00e7\u00f5es precisas.<\/li>\n<li><strong>Fixa\u00e7\u00e3o pneum\u00e1tica e velocidade de teste ajust\u00e1vel:<\/strong> O sistema de fixa\u00e7\u00e3o pneum\u00e1tica do testador com for\u00e7a personaliz\u00e1vel e velocidade ajust\u00e1vel permite flexibilidade, adaptando-se a v\u00e1rios requisitos de teste e tipos de materiais.<\/li>\n<\/ul>\n<h2>Princ\u00edpio de teste de compress\u00e3o de curto alcance<\/h2>\n<p>O SCT-01 <strong>Testador de compress\u00e3o de curto alcance <\/strong>opera com um princ\u00edpio de teste simples, por\u00e9m confi\u00e1vel:<\/p>\n<ul>\n<li>Uma amostra de teste de 15 mm de largura \u00e9 fixada entre duas mand\u00edbulas inicialmente espa\u00e7adas de 0,70 mm.<\/li>\n<li>As mand\u00edbulas ent\u00e3o comprimem a amostra de teste at\u00e9 que ela falhe sob a for\u00e7a aplicada.<\/li>\n<li>A for\u00e7a m\u00e1xima aplicada antes da falha compressiva \u00e9 registrada, e esse valor \u00e9 usado para calcular a resist\u00eancia \u00e0 compress\u00e3o do material.<\/li>\n<\/ul>\n<p>Este m\u00e9todo oferece resultados confi\u00e1veis e repet\u00edveis, ajudando os fabricantes a determinar a resist\u00eancia do material em ambientes de aplica\u00e7\u00e3o da vida real.<\/p>\n<h2>Vis\u00e3o geral da ISO 9895 e seus m\u00e9todos de teste<\/h2>\n<p>O testador de compress\u00e3o de curto alcance SCT-01 atende aos requisitos <a href=\"https:\/\/www.iso.org\/standard\/41400.html\" target=\"_blank\" rel=\"noopener nofollow\"><strong>Norma ISO 9895<\/strong><\/a> padr\u00e3o, uma refer\u00eancia mundialmente reconhecida para avaliar a resist\u00eancia \u00e0 compress\u00e3o de curto alcance de papel e papel\u00e3o.<\/p>\n<ul>\n<li><strong>Introdu\u00e7\u00e3o a <a href=\"https:\/\/www.qualitester.com\/pt\/categoria-produto\/iso\/iso-9895\/\" target=\"_blank\" rel=\"noopener\">Norma ISO 9895<\/a>:<\/strong> A ISO 9895 especifica procedimentos para determinar a resist\u00eancia \u00e0 compress\u00e3o, orientando o processo de configura\u00e7\u00e3o e teste para garantir consist\u00eancia entre diferentes laborat\u00f3rios e ind\u00fastrias.<\/li>\n<li><strong>Requisitos do m\u00e9todo de teste:<\/strong> A ISO 9895 descreve as dimens\u00f5es dos corpos de prova, for\u00e7as de fixa\u00e7\u00e3o espec\u00edficas, velocidade de fixa\u00e7\u00e3o e c\u00e1lculos de resist\u00eancia \u00e0 compress\u00e3o, permitindo testes padronizados para resultados precisos e compar\u00e1veis.<\/li>\n<li><strong>Import\u00e2ncia da conformidade com a ISO 9895:<\/strong> A conformidade com a ISO 9895 garante que o SCT-01 forne\u00e7a medi\u00e7\u00f5es de resist\u00eancia \u00e0 compress\u00e3o confi\u00e1veis e precisas, essenciais para ind\u00fastrias que buscam atender aos padr\u00f5es internacionais de qualidade e durabilidade.<\/li>\n<\/ul>\n<h2>Benef\u00edcios do testador de compress\u00e3o de curto alcance SCT-01<\/h2>\n<p>O SCT-01 <strong>Testador de compress\u00e3o de curto alcance <\/strong>oferece diversas vantagens que o tornam uma escolha ideal para testes de compress\u00e3o de curto alcance:<\/p>\n<ul>\n<li><strong>Opera\u00e7\u00e3o f\u00e1cil de usar:<\/strong> Equipado com um sistema de controle PLC e IHM para opera\u00e7\u00e3o simples, o SCT-01 minimiza o erro do operador.<\/li>\n<li><strong>Recursos de seguran\u00e7a aprimorados:<\/strong> Inclui um bot\u00e3o de parada de emerg\u00eancia e prote\u00e7\u00e3o contra excesso de alcance para garantir uma opera\u00e7\u00e3o segura.<\/li>\n<li><strong>Op\u00e7\u00f5es de exibi\u00e7\u00e3o de v\u00e1rias unidades:<\/strong> Exibe os resultados dos testes em v\u00e1rias unidades (N, kgf, lbf) para flexibilidade com base nos requisitos do usu\u00e1rio.<\/li>\n<li><strong>Gerenciamento avan\u00e7ado de dados:<\/strong> Possui uma impressora matricial incorporada para impress\u00e3o imediata de resultados e uma porta COM RS-232 opcional com software para transfer\u00eancia e armazenamento eficientes de dados.<\/li>\n<\/ul>\n<h2>Especifica\u00e7\u00f5es t\u00e9cnicas do SCT-01<\/h2>\n<p>Abaixo est\u00e1 um resumo dos principais par\u00e2metros t\u00e9cnicos do SCT-01:<\/p>\n<table>\n<thead>\n<tr>\n<th>Par\u00e2metro<\/th>\n<th>Especifica\u00e7\u00e3o<\/th>\n<\/tr>\n<\/thead>\n<tbody>\n<tr>\n<td style=\"text-align: center;\">Faixa de teste<\/td>\n<td style=\"text-align: center;\">1~500N (0,06~33,3 KN\/m)<\/td>\n<\/tr>\n<tr>\n<td style=\"text-align: center;\">Dist\u00e2ncia de compress\u00e3o<\/td>\n<td style=\"text-align: center;\">0,3~0,7 mm<\/td>\n<\/tr>\n<tr>\n<td style=\"text-align: center;\">Comprimento de fixa\u00e7\u00e3o<\/td>\n<td style=\"text-align: center;\">30 \u00b1 0,5 mm<\/td>\n<\/tr>\n<tr>\n<td style=\"text-align: center;\">Teste de velocidade<\/td>\n<td style=\"text-align: center;\">3 \u00b1 0,1 mm\/minuto<\/td>\n<\/tr>\n<tr>\n<td style=\"text-align: center;\">Resolu\u00e7\u00e3o<\/td>\n<td style=\"text-align: center;\">0,01 N<\/td>\n<\/tr>\n<tr>\n<td style=\"text-align: center;\">Tamanho da amostra<\/td>\n<td style=\"text-align: center;\">15 mm (largura) x 75 mm (comprimento)<\/td>\n<\/tr>\n<tr>\n<td style=\"text-align: center;\">Requisito de press\u00e3o de g\u00e1s<\/td>\n<td style=\"text-align: center;\">0,5 MPa<\/td>\n<\/tr>\n<tr>\n<td style=\"text-align: center;\">Tamanho da porta de g\u00e1s<\/td>\n<td style=\"text-align: center;\">\u04246 mm<\/td>\n<\/tr>\n<tr>\n<td style=\"text-align: center;\">Requisitos de energia<\/td>\n<td style=\"text-align: center;\">CA 110~220 V, 50 Hz<\/td>\n<\/tr>\n<\/tbody>\n<\/table>\n<p>Essas especifica\u00e7\u00f5es garantem que o SCT-01 seja vers\u00e1til, preciso e adapt\u00e1vel, tornando-o ideal para uso industrial rigoroso.<\/p>\n<h2>Conformidade e Padr\u00f5es de <strong>Testador de compress\u00e3o de curto alcance<\/strong><\/h2>\n<p>O testador de compress\u00e3o de curto alcance SCT-01 est\u00e1 em conformidade com v\u00e1rios padr\u00f5es, aumentando sua credibilidade e relev\u00e2ncia em ambientes profissionais:<\/p>\n<ul>\n<li><strong><a href=\"https:\/\/www.iso.org\/standard\/41400.html\" target=\"_blank\" rel=\"noopener nofollow\">Norma ISO 9895<\/a>:<\/strong> Garante medi\u00e7\u00f5es confi\u00e1veis de resist\u00eancia \u00e0 compress\u00e3o em v\u00e3os curtos.<\/li>\n<li><strong>GB\/T 2679.10:<\/strong> Fornece conformidade regional, garantindo compatibilidade com padr\u00f5es da ind\u00fastria em v\u00e1rios mercados.<\/li>\n<\/ul>\n<h2>Perguntas Frequentes (FAQ)<\/h2>\n<ol>\n<li><strong>Que tipos de materiais podem ser testados com o SCT-01?<\/strong>\n<ul>\n<li>O SCT-01 \u00e9 adequado para pap\u00e9is e cart\u00f5es com gramaturas entre 100 g\/m\u00b2 e 400 g\/m\u00b2, comumente utilizados na produ\u00e7\u00e3o de embalagens e caixas.<\/li>\n<\/ul>\n<\/li>\n<li><strong>Como o SCT-01 garante resultados precisos nos testes de compress\u00e3o?<\/strong>\n<ul>\n<li>As mand\u00edbulas paralelas e de alto atrito do SCT-01, a for\u00e7a de fixa\u00e7\u00e3o consistente e a conformidade com os padr\u00f5es ISO 9895 garantem resultados de teste altamente precisos e repet\u00edveis.<\/li>\n<\/ul>\n<\/li>\n<li><strong>Por que a conformidade com a ISO 9895 \u00e9 importante para testes de compress\u00e3o?<\/strong>\n<ul>\n<li>A ISO 9895 define padr\u00f5es globais para m\u00e9todos de teste, garantindo que os resultados sejam confi\u00e1veis e compar\u00e1veis entre setores.<\/li>\n<\/ul>\n<\/li>\n<li><strong>Como a fixa\u00e7\u00e3o pneum\u00e1tica melhora a precis\u00e3o do teste?<\/strong>\n<ul>\n<li>A fixa\u00e7\u00e3o pneum\u00e1tica fornece press\u00e3o consistente em toda a amostra, evitando deslizamentos ou danos, o que poderia afetar os resultados do teste.<\/li>\n<\/ul>\n<\/li>\n<li><strong>Quais s\u00e3o os benef\u00edcios de usar um software de gerenciamento de dados e exibi\u00e7\u00e3o de v\u00e1rias unidades?<\/strong>\n<ul>\n<li>O visor multiunidade permite que os usu\u00e1rios visualizem os resultados em unidades diferentes, enquanto o software de gerenciamento de dados facilita a an\u00e1lise dos resultados e a manuten\u00e7\u00e3o de registros de longo prazo, aumentando a efici\u00eancia dos testes.<\/li>\n<\/ul>\n<\/li>\n<\/ol>","protected":false},"excerpt":{"rendered":"<p>O <strong>SCT-01 Testador de compress\u00e3o de curto alcance<\/strong> \u00e9 um instrumento de alta precis\u00e3o projetado para avaliar a resist\u00eancia \u00e0 compress\u00e3o de papel e papel\u00e3o, fornecendo insights essenciais de qualidade para materiais usados na produ\u00e7\u00e3o de cont\u00eaineres e caixas. Este testador \u00e9 especialmente adequado para pap\u00e9is e papel\u00e3o com gramatura entre 100 g\/m\u00b2 e 400 g\/m\u00b2, garantindo que apenas materiais que atendam aos n\u00edveis de resist\u00eancia necess\u00e1rios sejam aprovados para fabrica\u00e7\u00e3o. Com seu design robusto e recursos avan\u00e7ados, o SCT-01 ajuda a otimizar a durabilidade do produto, tornando-o uma ferramenta valiosa para controle de qualidade em v\u00e1rios setores, incluindo embalagens, fabrica\u00e7\u00e3o de papel e ag\u00eancias de inspe\u00e7\u00e3o de qualidade.<\/p>","protected":false},"featured_media":6195,"comment_status":"closed","ping_status":"closed","template":"","meta":{"site-sidebar-layout":"default","site-content-layout":"default","ast-global-header-display":"","ast-main-header-display":"","ast-hfb-above-header-display":"","ast-hfb-below-header-display":"","ast-hfb-mobile-header-display":"","site-post-title":"","ast-breadcrumbs-content":"","ast-featured-img":"","footer-sml-layout":"","theme-transparent-header-meta":"default","adv-header-id-meta":"","stick-header-meta":"","header-above-stick-meta":"","header-main-stick-meta":"","header-below-stick-meta":""},"product_cat":[964,845,1088,965,44,95],"product_tag":[],"class_list":{"0":"post-5298","1":"product","2":"type-product","3":"status-publish","4":"has-post-thumbnail","6":"product_cat-box-compression-tester","7":"product_cat-customization","8":"product_cat-iso-9895","9":"product_cat-package-compression-tester","10":"product_cat-paper-and-board-testers","11":"product_cat-products","12":"desktop-align-left","13":"tablet-align-left","14":"mobile-align-left","16":"first","17":"instock","18":"shipping-taxable","19":"product-type-simple"},"_links":{"self":[{"href":"https:\/\/www.qualitester.com\/pt\/wp-json\/wp\/v2\/product\/5298","targetHints":{"allow":["GET"]}}],"collection":[{"href":"https:\/\/www.qualitester.com\/pt\/wp-json\/wp\/v2\/product"}],"about":[{"href":"https:\/\/www.qualitester.com\/pt\/wp-json\/wp\/v2\/types\/product"}],"replies":[{"embeddable":true,"href":"https:\/\/www.qualitester.com\/pt\/wp-json\/wp\/v2\/comments?post=5298"}],"version-history":[{"count":0,"href":"https:\/\/www.qualitester.com\/pt\/wp-json\/wp\/v2\/product\/5298\/revisions"}],"wp:featuredmedia":[{"embeddable":true,"href":"https:\/\/www.qualitester.com\/pt\/wp-json\/wp\/v2\/media\/6195"}],"wp:attachment":[{"href":"https:\/\/www.qualitester.com\/pt\/wp-json\/wp\/v2\/media?parent=5298"}],"wp:term":[{"taxonomy":"product_cat","embeddable":true,"href":"https:\/\/www.qualitester.com\/pt\/wp-json\/wp\/v2\/product_cat?post=5298"},{"taxonomy":"product_tag","embeddable":true,"href":"https:\/\/www.qualitester.com\/pt\/wp-json\/wp\/v2\/product_tag?post=5298"}],"curies":[{"name":"wp","href":"https:\/\/api.w.org\/{rel}","templated":true}]}}