{"id":5295,"date":"2024-11-12T16:42:22","date_gmt":"2024-11-12T08:42:22","guid":{"rendered":"https:\/\/www.qualitester.com\/?post_type=product&#038;p=5295"},"modified":"2024-12-05T11:00:26","modified_gmt":"2024-12-05T03:00:26","slug":"sale-paper-softness-tester","status":"publish","type":"product","link":"https:\/\/www.qualitester.com\/pt\/produto\/sale-paper-softness-tester\/","title":{"rendered":"RRD-01 Testador de maciez de papel"},"content":{"rendered":"<h2>Introdu\u00e7\u00e3o<\/h2>\n<p>O Paper Softness Tester \u00e9 um instrumento de precis\u00e3o projetado para medir a maciez de materiais como len\u00e7os de papel, tecidos n\u00e3o tecidos e outros materiais de embalagem macios. Este dispositivo desempenha um papel cr\u00edtico no controle de qualidade ao fornecer dados precisos sobre a maciez e flexibilidade de v\u00e1rios materiais, que s\u00e3o fatores essenciais em ind\u00fastrias como embalagens, dispositivos m\u00e9dicos, t\u00eaxteis e bens de consumo di\u00e1rio. Equipado com automa\u00e7\u00e3o avan\u00e7ada e tecnologia de medi\u00e7\u00e3o eletr\u00f4nica, o Paper Softness Tester garante resultados r\u00e1pidos, confi\u00e1veis e repet\u00edveis, ajudando os fabricantes a manter os padr\u00f5es do produto e atender \u00e0s expectativas do consumidor.<\/p>\n<h2>Princ\u00edpio de funcionamento<\/h2>\n<p>O Paper Softness Tester opera com base em um mecanismo de l\u00e2mina e ranhura. Durante o teste, uma amostra \u00e9 posicionada em uma ranhura na plataforma de teste, onde uma l\u00e2mina (sonda) aplica for\u00e7a para empurrar o material para dentro da ranhura. Essa for\u00e7a, medida pelo testador, indica o n\u00edvel de maciez da amostra, pois representa a resist\u00eancia da amostra \u00e0 flex\u00e3o ou sua flexibilidade. O design do testador garante precis\u00e3o ao minimizar a interfer\u00eancia do usu\u00e1rio, tornando-o uma escolha confi\u00e1vel para laborat\u00f3rios e linhas de produ\u00e7\u00e3o.<\/p>\n<h2>\u00c1reas de aplica\u00e7\u00e3o<\/h2>\n<p>O testador de maciez de papel \u00e9 essencial para avaliar as propriedades f\u00edsicas de produtos em v\u00e1rios setores:<\/p>\n<ul>\n<li><strong>Materiais de embalagem<\/strong>: Garante que materiais de embalagem como papel de seda, filmes pl\u00e1sticos finos e papel\u00e3o atendam aos requisitos de maciez e flexibilidade.<\/li>\n<li><strong>Produtos de papel<\/strong>: Ideal para testar papel de seda, papel higi\u00eanico e outros produtos de papel de consumo para garantir maciez ideal.<\/li>\n<li><strong>M\u00e9dico e Farmac\u00eautico<\/strong>: Adequado para materiais como pap\u00e9is de grau m\u00e9dico e n\u00e3o-tecidos, que precisam de maciez espec\u00edfica para funcionalidade e conforto.<\/li>\n<li><strong>T\u00eaxteis e Adesivos<\/strong>: Avalia a maciez e a flexibilidade de tecidos e adesivos, garantindo que eles atendam aos padr\u00f5es da ind\u00fastria em termos de conforto e usabilidade.<\/li>\n<\/ul>\n<p>Essa versatilidade torna o testador indispens\u00e1vel em setores como embalagens, alimentos, produtos farmac\u00eauticos, t\u00eaxteis e ag\u00eancias de inspe\u00e7\u00e3o de qualidade.<\/p>\n<h2>Principais Padr\u00f5es<\/h2>\n<p>O testador de maciez do papel \u00e9 totalmente compat\u00edvel com os seguintes <a href=\"https:\/\/www.qualitester.com\/pt\/categoria-produto\/astm\/\" target=\"_blank\" rel=\"noopener\">Normas ASTM<\/a>, fornecendo m\u00e9todos de teste padronizados e resultados confi\u00e1veis:<\/p>\n<ul>\n<li><strong>GB\/T 8942<\/strong> Papel-Determina\u00e7\u00e3o de Maciez<\/li>\n<li><a href=\"https:\/\/www.astm.org\/d2923-06.html\" target=\"_blank\" rel=\"noopener nofollow\"><strong>ASTM D2923<\/strong><\/a> M\u00e9todo de teste para rigidez de filme e chapas de poliolefina<\/li>\n<li><strong>QB\/T 1060<\/strong> Testador de maciez<\/li>\n<li><a href=\"https:\/\/www.tappi.org\/product_pull\/09\/dec__06\/__30\/softness-of-sanitary-tissues\/\" target=\"_blank\" rel=\"noopener nofollow\"><strong>TAPPI T498<\/strong><\/a> Suavidade dos Papel Higi\u00eanicos<\/li>\n<li><strong><a href=\"https:\/\/www.astm.org\/d6828-02r19.html\" target=\"_blank\" rel=\"noopener nofollow\">ASTM D6828<\/a>-02<\/strong> (Reaprovado em 2019) M\u00e9todo de teste padr\u00e3o para rigidez de tecido por procedimento de l\u00e2mina\/fenda<\/li>\n<\/ul>\n<p>A ades\u00e3o a essas normas ASTM garante que o testador de maciez do papel atenda aos requisitos internacionais de testes, oferecendo aos usu\u00e1rios confian\u00e7a na qualidade e precis\u00e3o de seus resultados.<\/p>\n<h2>Benef\u00edcios do testador de maciez do papel<\/h2>\n<ul>\n<li><strong>Medi\u00e7\u00f5es automatizadas e precisas<\/strong>: O design automatizado do testador minimiza a chance de erro humano, fornecendo resultados consistentemente precisos sem ajustes manuais.<\/li>\n<li><strong>Opera\u00e7\u00e3o amig\u00e1vel ao usu\u00e1rio<\/strong>: Com um posicionamento de amostra simples e um procedimento de teste autom\u00e1tico, os operadores podem facilmente conduzir testes sem treinamento extensivo.<\/li>\n<li><strong>Confiabilidade aprimorada<\/strong>: O sistema de controle eletr\u00f4nico fornece resultados altamente repet\u00edveis, garantindo consist\u00eancia nas avalia\u00e7\u00f5es de controle de qualidade.<\/li>\n<\/ul>\n<h2>Especifica\u00e7\u00f5es t\u00e9cnicas<\/h2>\n<table>\n<tbody>\n<tr>\n<td style=\"text-align: center;\" width=\"126\">Faixa de teste<\/td>\n<td style=\"text-align: center;\" width=\"222\">(10~1000) mN<\/td>\n<\/tr>\n<tr>\n<td style=\"text-align: center;\" width=\"126\">Tamanho da l\u00e2mina de teste<\/td>\n<td style=\"text-align: center;\" width=\"222\">Di\u00e2metro externo mm, 120 mm x 2 mm C x P<\/td>\n<\/tr>\n<tr>\n<td style=\"text-align: center;\" width=\"126\">Golpe de L\u00e2mina<\/td>\n<td style=\"text-align: center;\" width=\"222\">8\u00b10,5 mm<\/td>\n<\/tr>\n<tr>\n<td style=\"text-align: center;\" width=\"126\">Teste de velocidade<\/td>\n<td style=\"text-align: center;\" width=\"222\">1,2 mm\/s<\/td>\n<\/tr>\n<tr>\n<td style=\"text-align: center;\" width=\"126\">Resolu\u00e7\u00e3o de For\u00e7a<\/td>\n<td style=\"text-align: center;\" width=\"222\">1mN<\/td>\n<\/tr>\n<tr>\n<td style=\"text-align: center;\" width=\"126\">Precis\u00e3o<\/td>\n<td style=\"text-align: center;\" width=\"222\">\u00b11%<\/td>\n<\/tr>\n<tr>\n<td style=\"text-align: center;\" width=\"126\">Largura do Slot<\/td>\n<td style=\"text-align: center;\" width=\"222\">5 mm, 6,35 mm, 10 mm, 20 mm<\/td>\n<\/tr>\n<tr>\n<td style=\"text-align: center;\" width=\"126\">Poder<\/td>\n<td style=\"text-align: center;\" width=\"222\">CA 220 V 50 Hz<\/td>\n<\/tr>\n<\/tbody>\n<\/table>\n<h2>Por que escolher nosso testador de maciez de papel?<\/h2>\n<p>Nosso testador de maciez de papel se destaca por sua durabilidade, precis\u00e3o e ader\u00eancia aos padr\u00f5es ASTM (ASTM D2063, ASTM D3198 e ASTM D3474). Este testador \u00e9 ideal para garantia de qualidade em ind\u00fastrias que priorizam a maciez do material, como embalagens, bens de consumo e assist\u00eancia m\u00e9dica. Al\u00e9m disso, op\u00e7\u00f5es de personaliza\u00e7\u00e3o est\u00e3o dispon\u00edveis para atender aos requisitos de testes especializados, garantindo que este instrumento atenda \u00e0s necessidades exclusivas de cada usu\u00e1rio.<\/p>\n<h2>Perguntas Frequentes (FAQs)<\/h2>\n<p><strong>1. Como o testador de maciez do papel difere de outros m\u00e9todos de teste de maciez?<\/strong><br \/>\nAo contr\u00e1rio dos testadores manuais, este testador automatizado minimiza o vi\u00e9s do usu\u00e1rio e melhora a precis\u00e3o medindo eletronicamente a for\u00e7a necess\u00e1ria para penetrar na amostra.<\/p>\n<p><strong>2. Que tipos de materiais podem ser testados com este instrumento?<\/strong><br \/>\nEste testador \u00e9 adequado para materiais macios, como papel de seda, n\u00e3o-tecidos, tecidos e alguns materiais de embalagem, proporcionando flexibilidade na aplica\u00e7\u00e3o.<\/p>\n<p><strong>3. Qu\u00e3o precisos s\u00e3o os resultados e eles s\u00e3o repet\u00edveis?<\/strong><br \/>\nO sistema de controle eletr\u00f4nico garante alta precis\u00e3o e repetibilidade, tornando este testador altamente confi\u00e1vel para controle de qualidade.<\/p>\n<p><strong>4. O testador de maciez do papel \u00e9 f\u00e1cil de usar para funcion\u00e1rios n\u00e3o t\u00e9cnicos?<\/strong><br \/>\nSim, o processo de teste automatizado e o posicionamento direto da amostra o tornam f\u00e1cil de usar, mesmo para operadores com experi\u00eancia t\u00e9cnica m\u00ednima.<\/p>","protected":false},"excerpt":{"rendered":"<p>O Paper Softness Tester \u00e9 um instrumento de precis\u00e3o projetado para medir a maciez de materiais como len\u00e7os de papel, tecidos n\u00e3o tecidos e outros materiais de embalagem macios. Este dispositivo desempenha um papel cr\u00edtico no controle de qualidade ao fornecer dados precisos sobre a maciez e flexibilidade de v\u00e1rios materiais, que s\u00e3o fatores essenciais em ind\u00fastrias como embalagens, dispositivos m\u00e9dicos, t\u00eaxteis e bens de consumo di\u00e1rio. Equipado com automa\u00e7\u00e3o avan\u00e7ada e tecnologia de medi\u00e7\u00e3o eletr\u00f4nica, o Paper Softness Tester garante resultados r\u00e1pidos, confi\u00e1veis e repet\u00edveis, ajudando os fabricantes a manter os padr\u00f5es do produto e atender \u00e0s expectativas do consumidor.<\/p>","protected":false},"featured_media":6192,"comment_status":"closed","ping_status":"closed","template":"","meta":{"site-sidebar-layout":"default","site-content-layout":"default","ast-global-header-display":"","ast-main-header-display":"","ast-hfb-above-header-display":"","ast-hfb-below-header-display":"","ast-hfb-mobile-header-display":"","site-post-title":"","ast-breadcrumbs-content":"","ast-featured-img":"","footer-sml-layout":"","theme-transparent-header-meta":"default","adv-header-id-meta":"","stick-header-meta":"","header-above-stick-meta":"","header-main-stick-meta":"","header-below-stick-meta":""},"product_cat":[845,1151,1153,953,956,955,954,957,958,952,959,1152,44,95],"product_tag":[],"class_list":{"0":"post-5295","1":"product","2":"type-product","3":"status-publish","4":"has-post-thumbnail","6":"product_cat-customization","7":"product_cat-astm-d2923","8":"product_cat-astm-d6828","9":"product_cat-bursting-tester","10":"product_cat-cobb-tester","11":"product_cat-crush-tester","12":"product_cat-paper-tear-tester","13":"product_cat-plybond-tester","14":"product_cat-puncture-tester","15":"product_cat-rub-tester","16":"product_cat-stiffness-tester","17":"product_cat-tappi-t498","18":"product_cat-paper-and-board-testers","19":"product_cat-products","20":"desktop-align-left","21":"tablet-align-left","22":"mobile-align-left","24":"first","25":"instock","26":"shipping-taxable","27":"product-type-simple"},"_links":{"self":[{"href":"https:\/\/www.qualitester.com\/pt\/wp-json\/wp\/v2\/product\/5295","targetHints":{"allow":["GET"]}}],"collection":[{"href":"https:\/\/www.qualitester.com\/pt\/wp-json\/wp\/v2\/product"}],"about":[{"href":"https:\/\/www.qualitester.com\/pt\/wp-json\/wp\/v2\/types\/product"}],"replies":[{"embeddable":true,"href":"https:\/\/www.qualitester.com\/pt\/wp-json\/wp\/v2\/comments?post=5295"}],"version-history":[{"count":0,"href":"https:\/\/www.qualitester.com\/pt\/wp-json\/wp\/v2\/product\/5295\/revisions"}],"wp:featuredmedia":[{"embeddable":true,"href":"https:\/\/www.qualitester.com\/pt\/wp-json\/wp\/v2\/media\/6192"}],"wp:attachment":[{"href":"https:\/\/www.qualitester.com\/pt\/wp-json\/wp\/v2\/media?parent=5295"}],"wp:term":[{"taxonomy":"product_cat","embeddable":true,"href":"https:\/\/www.qualitester.com\/pt\/wp-json\/wp\/v2\/product_cat?post=5295"},{"taxonomy":"product_tag","embeddable":true,"href":"https:\/\/www.qualitester.com\/pt\/wp-json\/wp\/v2\/product_tag?post=5295"}],"curies":[{"name":"wp","href":"https:\/\/api.w.org\/{rel}","templated":true}]}}