{"id":5286,"date":"2024-11-08T10:17:35","date_gmt":"2024-11-08T02:17:35","guid":{"rendered":"https:\/\/www.qualitester.com\/?post_type=product&#038;p=5286"},"modified":"2024-12-05T10:34:20","modified_gmt":"2024-12-05T02:34:20","slug":"sale-puncture-resistance-testing-equipment","status":"publish","type":"product","link":"https:\/\/www.qualitester.com\/pt\/produto\/sale-puncture-resistance-testing-equipment\/","title":{"rendered":"Equipamento de teste de resist\u00eancia \u00e0 perfura\u00e7\u00e3o PST-01"},"content":{"rendered":"<h2><strong>Introdu\u00e7\u00e3o ao equipamento de ensaio de resist\u00eancia \u00e0 perfura\u00e7\u00e3o<\/strong><\/h2>\n<p>O equipamento de teste de resist\u00eancia \u00e0 perfura\u00e7\u00e3o PST-01 \u00e9 um instrumento avan\u00e7ado concebido para avaliar a durabilidade e a resist\u00eancia \u00e0 perfura\u00e7\u00e3o de cart\u00e3o para contentores e materiais ondulados. Esta ferramenta de teste mede a energia necess\u00e1ria para perfurar uma amostra, avaliando com precis\u00e3o tanto a energia necess\u00e1ria para rasgar como para dobrar o material. O PST-01 ajuda a garantir que as embalagens e outros materiais cumprem rigorosos padr\u00f5es de qualidade e resist\u00eancia, tornando-o ideal para uma s\u00e9rie de ind\u00fastrias onde a integridade do material \u00e9 cr\u00edtica.<\/p>\n<h2><strong>Aplica\u00e7\u00f5es do equipamento de ensaio de resist\u00eancia \u00e0 perfura\u00e7\u00e3o PST-01<\/strong><\/h2>\n<p>O PST-01 \u00e9 amplamente aplic\u00e1vel em v\u00e1rias ind\u00fastrias, incluindo embalagens, eletr\u00f3nica, dispositivos m\u00e9dicos, produtos farmac\u00eauticos e muito mais. \u00c9 normalmente utilizado para testar a resist\u00eancia do cart\u00e3o de contentor, um fator vital na durabilidade do transporte, ou para verificar a resist\u00eancia dos materiais de embalagem para artigos fr\u00e1geis. Este vers\u00e1til aparelho de teste tamb\u00e9m satisfaz as necessidades das ind\u00fastrias que exigem um desempenho consistente das embalagens, como a produ\u00e7\u00e3o de alimentos e bebidas, produtos qu\u00edmicos di\u00e1rios e t\u00eaxteis.<\/p>\n<h2><strong>Carater\u00edsticas do equipamento de teste de resist\u00eancia \u00e0 perfura\u00e7\u00e3o PST-01<\/strong><\/h2>\n<p>O equipamento de teste de resist\u00eancia \u00e0 perfura\u00e7\u00e3o PST-01 est\u00e1 equipado com v\u00e1rias carater\u00edsticas avan\u00e7adas, tornando-o f\u00e1cil de utilizar e altamente eficaz no teste de resist\u00eancia \u00e0 perfura\u00e7\u00e3o:<\/p>\n<ul>\n<li><strong>Ecr\u00e3 LCD e interface de f\u00e1cil utiliza\u00e7\u00e3o<\/strong>: O aparelho de teste est\u00e1 equipado com um ecr\u00e3 LCD de f\u00e1cil leitura e um painel de opera\u00e7\u00e3o em PVC para ajustes r\u00e1pidos e intuitivos e configura\u00e7\u00e3o de testes.<\/li>\n<li><strong>Controlo por microcomputador<\/strong>: Equipado com um microcomputador para uma gest\u00e3o de dados fi\u00e1vel, o PST-01 pode recolher, armazenar e imprimir resultados de testes, assegurando fluxos de trabalho simplificados e registos precisos.<\/li>\n<li><strong>Medi\u00e7\u00e3o autom\u00e1tica e julgamento inteligente<\/strong>: O aparelho de teste permite a visualiza\u00e7\u00e3o em tempo real dos resultados dos testes e uma an\u00e1lise imediata, reduzindo a necessidade de c\u00e1lculos manuais e melhorando a efici\u00eancia dos testes.<\/li>\n<li><strong>Quatro engrenagens ajust\u00e1veis<\/strong>: O PST-01 oferece quatro engrenagens ajust\u00e1veis, permitindo aos utilizadores selecionar a gama ideal para materiais de diferentes resist\u00eancias, garantindo medi\u00e7\u00f5es precisas.<\/li>\n<li><strong>Seguran\u00e7a e durabilidade<\/strong>: Concebido para estabilidade e desempenho consistente, o PST-01 inclui carater\u00edsticas de seguran\u00e7a incorporadas para proteger os utilizadores e garantir um funcionamento fi\u00e1vel ao longo do tempo.<\/li>\n<\/ul>\n<h2><strong>Compreender a ISO 3036 e os seus m\u00e9todos de ensaio<\/strong><\/h2>\n<p><a href=\"https:\/\/www.iso.org\/standard\/8122.html\" target=\"_blank\" rel=\"noopener nofollow\"><strong>Norma ISO 3036<\/strong><\/a> \u00e9 a norma internacional que define os m\u00e9todos para determinar a resist\u00eancia \u00e0 perfura\u00e7\u00e3o do cart\u00e3o de fibras onduladas. Descreve os procedimentos e par\u00e2metros espec\u00edficos para garantir medi\u00e7\u00f5es precisas e consistentes em toda a ind\u00fastria. O PST-01 segue os seguintes princ\u00edpios <a href=\"https:\/\/www.qualitester.com\/pt\/categoria-produto\/iso\/iso-3036\/\" target=\"_blank\" rel=\"noopener\">Norma ISO 3036<\/a> utilizando uma pir\u00e2mide triangular em \u00e2ngulo reto de a\u00e7o inoxid\u00e1vel fixada a um bra\u00e7o pendular, que oscila numa amostra fixada, simulando condi\u00e7\u00f5es de perfura\u00e7\u00e3o reais. O instrumento mede a energia total necess\u00e1ria para perfurar o material, fornecendo informa\u00e7\u00f5es fi\u00e1veis sobre a resili\u00eancia e a for\u00e7a de perfura\u00e7\u00e3o do material. Para as ind\u00fastrias que pretendem cumprir a norma ISO 3036, o PST-01 oferece a exatid\u00e3o e precis\u00e3o necess\u00e1rias.<\/p>\n<h2><strong>Normas adicionais cumpridas pelo PST-01<\/strong><\/h2>\n<p>Para al\u00e9m da norma ISO 3036, o equipamento de ensaio de resist\u00eancia \u00e0 perfura\u00e7\u00e3o PST-01 foi concebido para cumprir v\u00e1rias outras normas internacionais:<\/p>\n<ul>\n<li><strong>TAPPI T803<\/strong>: Estabelece diretrizes para o ensaio de resist\u00eancia \u00e0 perfura\u00e7\u00e3o do cart\u00e3o de contentor, normalmente utilizado nas ind\u00fastrias do papel e da embalagem.<\/li>\n<li><strong>DIN 53142<\/strong>: Define os procedimentos para os ensaios de resist\u00eancia \u00e0 penetra\u00e7\u00e3o, particularmente aplic\u00e1veis aos materiais de papel.<\/li>\n<li><strong>GB\/T 2679<\/strong>: A norma nacional chinesa para o ensaio de resist\u00eancia \u00e0 perfura\u00e7\u00e3o de materiais de embalagem.<\/li>\n<li><strong>QB\/T 1664<\/strong> e <strong>SN T0262<\/strong>: Refer\u00eancias adicionais que demonstram ainda mais as capacidades do PST-01 para cumprir as normas de teste globais.<\/li>\n<\/ul>\n<h2><strong>Especifica\u00e7\u00f5es t\u00e9cnicas do PST-01<\/strong><\/h2>\n<p>O PST-01 oferece uma abordagem precisa e f\u00e1cil de utilizar para testar a resist\u00eancia \u00e0 perfura\u00e7\u00e3o, com uma gama de defini\u00e7\u00f5es para acomodar diferentes materiais:<\/p>\n<table>\n<tbody>\n<tr>\n<td width=\"192\">Faixa de teste<\/td>\n<td width=\"406\">(1~48) J<\/td>\n<\/tr>\n<tr>\n<td width=\"192\">Quatro velocidades<\/td>\n<td width=\"406\">A \uff1c6J; B\uff1c12J; C\uff1c24J; D\uff1c48J<\/td>\n<\/tr>\n<tr>\n<td width=\"192\">Resolu\u00e7\u00e3o<\/td>\n<td width=\"406\">0.001J<\/td>\n<\/tr>\n<tr>\n<td width=\"192\">Tamanho da amostra<\/td>\n<td width=\"406\">175*175mm<\/td>\n<\/tr>\n<tr>\n<td width=\"192\">Cabe\u00e7a de press\u00e3o<\/td>\n<td width=\"406\">(100\u00b12) Kpa<\/td>\n<\/tr>\n<tr>\n<td width=\"192\">Resist\u00eancia da manga de fric\u00e7\u00e3o<\/td>\n<td width=\"406\">\uff1c0.25J<\/td>\n<\/tr>\n<tr>\n<td width=\"192\">Cabe\u00e7a piramidal<\/td>\n<td width=\"406\">Comprimento da borda 60mm\u00d760mm\u00d760mm Altura 25\u00b10,7mm<\/td>\n<\/tr>\n<tr>\n<td width=\"192\">Dimens\u00e3o<\/td>\n<td width=\"406\">900*410*800mm<\/td>\n<\/tr>\n<tr>\n<td width=\"192\">Poder<\/td>\n<td width=\"406\">CA 220 V 50 Hz<\/td>\n<\/tr>\n<tr>\n<td width=\"192\">Peso<\/td>\n<td width=\"406\">110 kg<\/td>\n<\/tr>\n<\/tbody>\n<\/table>\n<h3><strong>Benef\u00edcios da utiliza\u00e7\u00e3o do PST-01 para testes de materiais<\/strong><\/h3>\n<p>O equipamento de teste de resist\u00eancia \u00e0 perfura\u00e7\u00e3o PST-01 oferece vantagens claras \u00e0s empresas que procuram assegurar a durabilidade dos produtos e cumprir as normas da ind\u00fastria:<\/p>\n<ul>\n<li><strong>Precis\u00e3o melhorada<\/strong>: O controlo por microcomputador e a alta resolu\u00e7\u00e3o tornam o PST-01 excecionalmente preciso, reduzindo o erro humano e assegurando resultados consistentes.<\/li>\n<li><strong>Aumento da produtividade<\/strong>: Com medi\u00e7\u00e3o automatizada e visualiza\u00e7\u00e3o de resultados em tempo real, este instrumento acelera o processo de teste, ajudando as empresas a obter um controlo de qualidade mais r\u00e1pido sem comprometer a precis\u00e3o.<\/li>\n<li><strong>Conformidade com as normas ISO e internacionais<\/strong>: Com a ades\u00e3o \u00e0 norma ISO 3036, TAPPI T803 e outras, o PST-01 garante que os seus produtos cumprem as rigorosas normas internacionais, aumentando a confian\u00e7a na qualidade do material.<\/li>\n<\/ul>\n<h3><strong>Porqu\u00ea escolher o equipamento de teste de resist\u00eancia \u00e0 perfura\u00e7\u00e3o PST-01 para conformidade com a norma ISO 3036<\/strong><\/h3>\n<p>O PST-01 \u00e9 a escolha ideal para as empresas que pretendem cumprir as normas ISO 3036, tornando-o numa ferramenta fundamental para a embalagem, teste de materiais e garantia de qualidade do produto. Ao fornecer resultados precisos e consistentes nos testes de resist\u00eancia \u00e0 perfura\u00e7\u00e3o, o PST-01 ajuda a manter elevados padr\u00f5es nos processos de produ\u00e7\u00e3o e controlo de qualidade. A sua durabilidade, versatilidade e ades\u00e3o \u00e0 norma ISO 3036 fazem dele um investimento essencial para as ind\u00fastrias que se concentram na integridade do produto.<\/p>\n<h4><strong>Perguntas Frequentes (FAQs)<\/strong><\/h4>\n<ol>\n<li><strong>Qual \u00e9 o objetivo da norma ISO 3036 nos ensaios de resist\u00eancia \u00e0 perfura\u00e7\u00e3o?<\/strong>\n<ul>\n<li>A norma ISO 3036 especifica os m\u00e9todos de medi\u00e7\u00e3o da resist\u00eancia \u00e0 perfura\u00e7\u00e3o para garantir que os materiais cumprem as normas de durabilidade, essenciais para uma embalagem de alta qualidade.<\/li>\n<\/ul>\n<\/li>\n<li><strong>O PST-01 pode ser utilizado para materiais que n\u00e3o sejam de embalagem?<\/strong>\n<ul>\n<li>Sim, embora seja utilizado principalmente para embalagens, o PST-01 pode testar uma variedade de materiais em \u00e1reas como dispositivos m\u00e9dicos, t\u00eaxteis e eletr\u00f3nica.<\/li>\n<\/ul>\n<\/li>\n<li><strong>Como funciona a regula\u00e7\u00e3o de quatro velocidades?<\/strong>\n<ul>\n<li>O PST-01 tem quatro engrenagens selecion\u00e1veis com base na resist\u00eancia do material, permitindo-lhe ajustar o intervalo de teste de for\u00e7as mais baixas para for\u00e7as mais altas para resultados optimizados.<\/li>\n<\/ul>\n<\/li>\n<li><strong>Qual \u00e9 a for\u00e7a m\u00e1xima que o PST-01 pode medir?<\/strong>\n<ul>\n<li>O PST-01 pode medir at\u00e9 48 J, tornando-o adequado para materiais com elevada resist\u00eancia \u00e0 perfura\u00e7\u00e3o.<\/li>\n<\/ul>\n<\/li>\n<li><strong>O PST-01 permite o armazenamento de dados digitais?<\/strong>\n<ul>\n<li>Sim, inclui capacidades de armazenamento e impress\u00e3o de dados, facilitando a manuten\u00e7\u00e3o de registos de testes precisos e a an\u00e1lise de dados ao longo do tempo.<\/li>\n<\/ul>\n<\/li>\n<\/ol>","protected":false},"excerpt":{"rendered":"<p>O equipamento de teste de resist\u00eancia \u00e0 perfura\u00e7\u00e3o PST-01 \u00e9 um instrumento avan\u00e7ado concebido para avaliar a durabilidade e a resist\u00eancia \u00e0 perfura\u00e7\u00e3o de cart\u00e3o para contentores e materiais ondulados. Esta ferramenta de teste mede a energia necess\u00e1ria para perfurar uma amostra, avaliando com precis\u00e3o tanto a energia necess\u00e1ria para rasgar como para dobrar o material. O PST-01 ajuda a garantir que as embalagens e outros materiais cumprem rigorosos padr\u00f5es de qualidade e resist\u00eancia, tornando-o ideal para uma s\u00e9rie de ind\u00fastrias onde a integridade do material \u00e9 cr\u00edtica.<\/p>","protected":false},"featured_media":6187,"comment_status":"closed","ping_status":"closed","template":"","meta":{"site-sidebar-layout":"default","site-content-layout":"default","ast-global-header-display":"","ast-main-header-display":"","ast-hfb-above-header-display":"","ast-hfb-below-header-display":"","ast-hfb-mobile-header-display":"","site-post-title":"","ast-breadcrumbs-content":"","ast-featured-img":"","footer-sml-layout":"","theme-transparent-header-meta":"default","adv-header-id-meta":"","stick-header-meta":"","header-above-stick-meta":"","header-main-stick-meta":"","header-below-stick-meta":""},"product_cat":[845,1086,958,1087,44,95],"product_tag":[],"class_list":{"0":"post-5286","1":"product","2":"type-product","3":"status-publish","4":"has-post-thumbnail","6":"product_cat-customization","7":"product_cat-iso-3036","8":"product_cat-puncture-tester","9":"product_cat-tappi-t803","10":"product_cat-paper-and-board-testers","11":"product_cat-products","12":"desktop-align-left","13":"tablet-align-left","14":"mobile-align-left","16":"first","17":"instock","18":"shipping-taxable","19":"product-type-simple"},"_links":{"self":[{"href":"https:\/\/www.qualitester.com\/pt\/wp-json\/wp\/v2\/product\/5286","targetHints":{"allow":["GET"]}}],"collection":[{"href":"https:\/\/www.qualitester.com\/pt\/wp-json\/wp\/v2\/product"}],"about":[{"href":"https:\/\/www.qualitester.com\/pt\/wp-json\/wp\/v2\/types\/product"}],"replies":[{"embeddable":true,"href":"https:\/\/www.qualitester.com\/pt\/wp-json\/wp\/v2\/comments?post=5286"}],"version-history":[{"count":0,"href":"https:\/\/www.qualitester.com\/pt\/wp-json\/wp\/v2\/product\/5286\/revisions"}],"wp:featuredmedia":[{"embeddable":true,"href":"https:\/\/www.qualitester.com\/pt\/wp-json\/wp\/v2\/media\/6187"}],"wp:attachment":[{"href":"https:\/\/www.qualitester.com\/pt\/wp-json\/wp\/v2\/media?parent=5286"}],"wp:term":[{"taxonomy":"product_cat","embeddable":true,"href":"https:\/\/www.qualitester.com\/pt\/wp-json\/wp\/v2\/product_cat?post=5286"},{"taxonomy":"product_tag","embeddable":true,"href":"https:\/\/www.qualitester.com\/pt\/wp-json\/wp\/v2\/product_tag?post=5286"}],"curies":[{"name":"wp","href":"https:\/\/api.w.org\/{rel}","templated":true}]}}