{"id":5283,"date":"2024-11-08T10:12:37","date_gmt":"2024-11-08T02:12:37","guid":{"rendered":"https:\/\/www.qualitester.com\/?post_type=product&#038;p=5283"},"modified":"2024-12-05T10:40:19","modified_gmt":"2024-12-05T02:40:19","slug":"sale-paper-dirt-tester-iso-5350-pulps","status":"publish","type":"product","link":"https:\/\/www.qualitester.com\/pt\/produto\/sale-paper-dirt-tester-iso-5350-pulps\/","title":{"rendered":"PDT-01 Testador de sujeira de papel"},"content":{"rendered":"<h2><strong>Introdu\u00e7\u00e3o ao testador de sujeira de papel<\/strong><\/h2>\n<p>O <strong>PDT-01 Testador de sujeira de papel<\/strong> \u00e9 um instrumento essencial para medir o teor de sujeira em papel e papel\u00e3o. Projetado de acordo com rigorosos padr\u00f5es de qualidade, incluindo <strong>Norma ISO 5350<\/strong>, este testador fornece detec\u00e7\u00e3o precisa de sujeira para garantir materiais de impress\u00e3o e embalagem de alta qualidade. Ao identificar impurezas que podem degradar a apar\u00eancia e o desempenho de produtos de papel, o PDT-01 aprimora o controle de qualidade em ind\u00fastrias onde a apresenta\u00e7\u00e3o \u00e9 primordial.<\/p>\n<h2><strong>Import\u00e2ncia do teste de sujeira em papel e papel\u00e3o<\/strong><\/h2>\n<p>Sujeira e outras impurezas no papel podem afetar significativamente a qualidade do produto, especialmente em ind\u00fastrias que dependem de impress\u00e3o clara e precisa. A presen\u00e7a de manchas pretas, amarelas ou marrons pode comprometer o valor est\u00e9tico e funcional do papel, impactando tudo, desde a embalagem do produto at\u00e9 os materiais impressos. Para aplica\u00e7\u00f5es envolvendo papel revestido, papel\u00e3o e quadro branco, especialmente em impress\u00e3o colorida, manter baixos n\u00edveis de sujeira \u00e9 essencial para resultados vibrantes e claros. O testador de sujeira de papel PDT-01 \u00e9 uma ferramenta cr\u00edtica na detec\u00e7\u00e3o e quantifica\u00e7\u00e3o dessas impurezas, permitindo que os fabricantes mantenham os mais altos padr\u00f5es de qualidade.<\/p>\n<h2><strong>Vis\u00e3o geral de <a href=\"https:\/\/www.iso.org\/standard\/39716.html\" target=\"_blank\" rel=\"noopener nofollow\">Norma ISO 5350<\/a> e Normas Relacionadas<\/strong><\/h2>\n<p><a href=\"https:\/\/www.qualitester.com\/pt\/categoria-produto\/iso\/iso-5350\/\" target=\"_blank\" rel=\"noopener\">Norma ISO 5350<\/a> \u00e9 um padr\u00e3o internacional que especifica m\u00e9todos para determinar n\u00edveis de sujeira em celulose, papel e papel\u00e3o. Ao seguir as diretrizes ISO 5350, os fabricantes podem garantir uma medi\u00e7\u00e3o de sujeira consistente e confi\u00e1vel, apoiando a produ\u00e7\u00e3o de alta qualidade e a satisfa\u00e7\u00e3o do cliente. Padr\u00f5es adicionais relevantes para a medi\u00e7\u00e3o de sujeira em papel incluem:<\/p>\n<ul>\n<li><strong>TAPPI\/ANSI T437<\/strong>: Define m\u00e9todos dos EUA para determina\u00e7\u00e3o visual de sujeira em papel e papel\u00e3o.<\/li>\n<li><strong>TAPPI T213<\/strong>: Concentra-se em m\u00e9todos de contagem de sujeira especificamente para papel n\u00e3o revestido, contribuindo para alta qualidade de impress\u00e3o.<\/li>\n<li><strong>GB\/T 1541<\/strong>: Um padr\u00e3o chin\u00eas para avaliar n\u00edveis de sujeira em papel e papel\u00e3o, fornecendo refer\u00eancias para a fabrica\u00e7\u00e3o nacional.<\/li>\n<\/ul>\n<p>Ao se alinhar a esses padr\u00f5es, o testador de sujeira em papel PDT-01 oferece conformidade e confiabilidade em mercados globais.<\/p>\n<h2><strong>Caracter\u00edsticas e especifica\u00e7\u00f5es do testador de sujeira de papel PDT-01<\/strong><\/h2>\n<p><strong>Ilumina\u00e7\u00e3o<\/strong>: Equipado com uma l\u00e2mpada fluorescente CA 220 V, 20 W, garantindo ilumina\u00e7\u00e3o brilhante e uniforme para identificar part\u00edculas de sujeira com clareza.<\/p>\n<ul>\n<li><strong>\u00c2ngulo de ilumina\u00e7\u00e3o<\/strong>: Ajuste em um \u00e2ngulo de 60\u00b0 para manter uma distribui\u00e7\u00e3o de luz consistente em toda a amostra.<\/li>\n<li><strong>\u00c1rea de trabalho<\/strong>: Uma \u00e1rea de teste espa\u00e7osa de 0,0625 m\u00b2, totalmente girat\u00f3ria em 360\u00b0, permitindo que os usu\u00e1rios inspecionem cada se\u00e7\u00e3o da amostra cuidadosamente.<\/li>\n<li><strong>Faixa de imagens de sujeira padr\u00e3o<\/strong>: Capaz de medir part\u00edculas de sujeira que variam de 0,05 a 5,0 mm\u00b2, proporcionando detec\u00e7\u00e3o precisa em uma variedade de tipos e tamanhos de sujeira.<\/li>\n<li><strong>Fonte de energia<\/strong>: Opera em CA 220 V, 50 Hz, compat\u00edvel com sistemas de energia padr\u00e3o para facilidade de uso em ambientes laboratoriais e industriais.<\/li>\n<\/ul>\n<p>Esses recursos tornam o PDT-01 uma solu\u00e7\u00e3o eficiente e precisa para testes e garantia de qualidade.<\/p>\n<h2><strong>\u00c1reas de aplica\u00e7\u00e3o<\/strong><\/h2>\n<p>O testador de sujeira de papel PDT-01 atende a uma ampla gama de ind\u00fastrias, incluindo:<\/p>\n<ul>\n<li><strong>Embalagem<\/strong>: Verifica a qualidade do papel em caixas, envolt\u00f3rios e outras solu\u00e7\u00f5es de embalagem.<\/li>\n<li><strong>Impress\u00e3o<\/strong>: Garante aplica\u00e7\u00f5es de impress\u00e3o de alta qualidade verificando a pureza do papel e minimizando imperfei\u00e7\u00f5es.<\/li>\n<li><strong>Ag\u00eancias de Inspe\u00e7\u00e3o de Qualidade<\/strong>: Auxilia na manuten\u00e7\u00e3o da conformidade com os padr\u00f5es da ind\u00fastria, garantindo qualidade consistente de papel e papel\u00e3o.<\/li>\n<\/ul>\n<h2><strong>Metodologia de teste para o testador de sujeira de papel<\/strong><\/h2>\n<p>O processo de teste de sujeira de papel \u00e9 direto, mas abrangente. A metodologia de teste inclui:<\/p>\n<ul>\n<li>Preparando uma amostra de papel ou papel\u00e3o para teste.<\/li>\n<li>Posicionando a amostra na \u00e1rea de trabalho do testador, que \u00e9 totalmente girat\u00f3ria para visibilidade completa.<\/li>\n<li>Iluminar a amostra sob luz fluorescente de 60\u00b0 e inspecionar visualmente quanto a impurezas.<\/li>\n<li>Comparando quaisquer part\u00edculas de sujeira observadas com imagens de sujeira padr\u00e3o de acordo com <strong>Norma ISO 5350<\/strong> diretrizes.<\/li>\n<\/ul>\n<p>Seguindo este procedimento, o PDT-01 permite a medi\u00e7\u00e3o e categoriza\u00e7\u00e3o precisas de part\u00edculas de sujeira.<\/p>\n<h2><strong>Vantagens de usar o testador de sujeira de papel PDT-01<\/strong><\/h2>\n<ul>\n<li><strong>Alta precis\u00e3o<\/strong>: Detecta at\u00e9 as menores part\u00edculas de sujeira para garantir medi\u00e7\u00f5es precisas e melhor qualidade de impress\u00e3o.<\/li>\n<li><strong>Conformidade com os padr\u00f5es<\/strong>: Adere a <strong>Norma ISO 5350<\/strong> e outros padr\u00f5es internacionais, atendendo \u00e0s demandas do mercado global e garantindo uma produ\u00e7\u00e3o de alta qualidade.<\/li>\n<li><strong>Design amig\u00e1vel ao usu\u00e1rio<\/strong>: Projetado para testes frequentes, com constru\u00e7\u00e3o dur\u00e1vel e uma interface intuitiva que simplifica o processo de medi\u00e7\u00e3o de sujeira.<\/li>\n<\/ul>\n<h2><strong>Por que a conformidade com a ISO 5350 \u00e9 importante<\/strong><\/h2>\n<p><a href=\"https:\/\/www.iso.org\/standard\/39716.html\" target=\"_blank\" rel=\"noopener nofollow\">Norma ISO 5350<\/a> a conformidade \u00e9 crucial para qualquer fabricante que pretenda produzir produtos de papel e papel\u00e3o de alta qualidade. Este padr\u00e3o garante m\u00e9todos de teste consistentes, dando aos fabricantes um meio confi\u00e1vel de avaliar o conte\u00fado de sujeira. A conformidade com a ISO 5350 e padr\u00f5es relacionados tamb\u00e9m aumenta a confian\u00e7a do cliente, pois os produtos que atendem a esses padr\u00f5es s\u00e3o conhecidos por sua qualidade e confiabilidade superiores.<\/p>\n<h2><strong>Perguntas frequentes<\/strong><\/h2>\n<ul>\n<li><strong>P1: Quais impurezas o testador de sujeira de papel pode detectar?<\/strong><br \/>\nO PDT-01 pode detectar part\u00edculas de sujeira e impurezas, como manchas pretas, amarelas e marrons, que s\u00e3o visivelmente diferentes da cor do papel.<\/li>\n<li><strong>P2: Por que a medi\u00e7\u00e3o de sujeira \u00e9 importante nas ind\u00fastrias de papel e papel\u00e3o?<\/strong><br \/>\nA medi\u00e7\u00e3o de sujeira \u00e9 essencial para garantir resultados de impress\u00e3o de alta qualidade, pois as impurezas podem comprometer a qualidade visual e funcional dos materiais impressos.<\/li>\n<li><strong>Q3: Como a ISO 5350 influencia os padr\u00f5es de testes de sujeira?<\/strong><br \/>\nA ISO 5350 estabelece padr\u00f5es globais para medi\u00e7\u00e3o de sujeira, proporcionando consist\u00eancia e confiabilidade em m\u00e9todos de teste para produtos de celulose, papel e papel\u00e3o.<\/li>\n<li><strong>P4: O PDT-01 pode testar sujeira em papel revestido e n\u00e3o revestido?<\/strong><br \/>\nSim, o PDT-01 \u00e9 adequado para papel revestido e n\u00e3o revestido, oferecendo flexibilidade em v\u00e1rios tipos de papel e papel\u00e3o.<\/li>\n<li><strong>P5: Quais s\u00e3o os requisitos de ilumina\u00e7\u00e3o para o testador de sujeira de papel PDT-01?<\/strong><br \/>\nO PDT-01 \u00e9 equipado com uma l\u00e2mpada fluorescente de 20 W, proporcionando ilumina\u00e7\u00e3o uniforme em um \u00e2ngulo de 60\u00b0 para detec\u00e7\u00e3o precisa.<\/li>\n<\/ul>\n<div id=\"gtx-anchor\" style=\"position: absolute; visibility: hidden; left: 414.703px; top: 128.922px; width: 75.7188px; height: 19px;\"><\/div>\n<div class=\"jfk-bubble gtx-bubble\" style=\"visibility: visible; left: -215px; top: 158px; opacity: 1;\" role=\"alertdialog\" aria-describedby=\"bubble-4\">\n<div id=\"bubble-4\" class=\"jfk-bubble-content-id\">\n<div id=\"gtx-host\" style=\"min-width: 200px; max-width: 400px;\"><\/div>\n<\/div>\n<div class=\"jfk-bubble-closebtn-id jfk-bubble-closebtn\" tabindex=\"0\" role=\"button\" aria-label=\"Fechar\"><\/div>\n<div class=\"jfk-bubble-arrow-id jfk-bubble-arrow jfk-bubble-arrowup\" style=\"left: 452.703px;\">\n<div class=\"jfk-bubble-arrowimplbefore\"><\/div>\n<div class=\"jfk-bubble-arrowimplafter\"><\/div>\n<\/div>\n<\/div>","protected":false},"excerpt":{"rendered":"<p>O <strong>PDT-01 Testador de sujeira de papel<\/strong> \u00e9 um instrumento essencial para medir o teor de sujeira em papel e papel\u00e3o. Projetado de acordo com rigorosos padr\u00f5es de qualidade, incluindo <strong>Norma ISO 5350<\/strong>, este testador fornece detec\u00e7\u00e3o precisa de sujeira para garantir materiais de impress\u00e3o e embalagem de alta qualidade. Ao identificar impurezas que podem degradar a apar\u00eancia e o desempenho de produtos de papel, o PDT-01 aprimora o controle de qualidade em ind\u00fastrias onde a apresenta\u00e7\u00e3o \u00e9 primordial.<\/p>","protected":false},"featured_media":6189,"comment_status":"closed","ping_status":"closed","template":"","meta":{"site-sidebar-layout":"default","site-content-layout":"default","ast-global-header-display":"","ast-main-header-display":"","ast-hfb-above-header-display":"","ast-hfb-below-header-display":"","ast-hfb-mobile-header-display":"","site-post-title":"","ast-breadcrumbs-content":"","ast-featured-img":"","footer-sml-layout":"","theme-transparent-header-meta":"default","adv-header-id-meta":"","stick-header-meta":"","header-above-stick-meta":"","header-main-stick-meta":"","header-below-stick-meta":""},"product_cat":[845,953,956,955,1148,954,957,958,952,959,1150,1149,95],"product_tag":[],"class_list":{"0":"post-5283","1":"product","2":"type-product","3":"status-publish","4":"has-post-thumbnail","6":"product_cat-customization","7":"product_cat-bursting-tester","8":"product_cat-cobb-tester","9":"product_cat-crush-tester","10":"product_cat-iso-5350","11":"product_cat-paper-tear-tester","12":"product_cat-plybond-tester","13":"product_cat-puncture-tester","14":"product_cat-rub-tester","15":"product_cat-stiffness-tester","16":"product_cat-tappi-t213","17":"product_cat-tappi-t437","18":"product_cat-products","19":"desktop-align-left","20":"tablet-align-left","21":"mobile-align-left","23":"first","24":"instock","25":"shipping-taxable","26":"product-type-simple"},"_links":{"self":[{"href":"https:\/\/www.qualitester.com\/pt\/wp-json\/wp\/v2\/product\/5283","targetHints":{"allow":["GET"]}}],"collection":[{"href":"https:\/\/www.qualitester.com\/pt\/wp-json\/wp\/v2\/product"}],"about":[{"href":"https:\/\/www.qualitester.com\/pt\/wp-json\/wp\/v2\/types\/product"}],"replies":[{"embeddable":true,"href":"https:\/\/www.qualitester.com\/pt\/wp-json\/wp\/v2\/comments?post=5283"}],"version-history":[{"count":0,"href":"https:\/\/www.qualitester.com\/pt\/wp-json\/wp\/v2\/product\/5283\/revisions"}],"wp:featuredmedia":[{"embeddable":true,"href":"https:\/\/www.qualitester.com\/pt\/wp-json\/wp\/v2\/media\/6189"}],"wp:attachment":[{"href":"https:\/\/www.qualitester.com\/pt\/wp-json\/wp\/v2\/media?parent=5283"}],"wp:term":[{"taxonomy":"product_cat","embeddable":true,"href":"https:\/\/www.qualitester.com\/pt\/wp-json\/wp\/v2\/product_cat?post=5283"},{"taxonomy":"product_tag","embeddable":true,"href":"https:\/\/www.qualitester.com\/pt\/wp-json\/wp\/v2\/product_tag?post=5283"}],"curies":[{"name":"wp","href":"https:\/\/api.w.org\/{rel}","templated":true}]}}