{"id":5281,"date":"2024-11-08T10:06:22","date_gmt":"2024-11-08T02:06:22","guid":{"rendered":"https:\/\/www.qualitester.com\/?post_type=product&#038;p=5281"},"modified":"2024-12-05T10:26:34","modified_gmt":"2024-12-05T02:26:34","slug":"sale-paper-board-thickness-tester","status":"publish","type":"product","link":"https:\/\/www.qualitester.com\/pt\/produto\/sale-paper-board-thickness-tester\/","title":{"rendered":"PBT-01 Testador de espessura de papel\u00e3o"},"content":{"rendered":"<h2><strong>Introdu\u00e7\u00e3o ao testador de espessura de papel\u00e3o<\/strong><\/h2>\n<p>O <strong>PBT-01 Testador de espessura de papel\u00e3o<\/strong> \u00e9 um instrumento avan\u00e7ado de alta precis\u00e3o projetado especificamente para medir a espessura de folhas \u00fanicas de papel\u00e3o ondulado. Este dispositivo desempenha um papel vital no controle de qualidade de materiais de embalagem, pois medi\u00e7\u00f5es precisas de espessura s\u00e3o essenciais para determinar a durabilidade e a resist\u00eancia do papel\u00e3o usado na fabrica\u00e7\u00e3o de caixas de embalagem e outras solu\u00e7\u00f5es de embalagem. Adequado para todos os tipos de papel\u00e3o ondulado, o PBT-01 garante que os materiais de embalagem atendam aos rigorosos padr\u00f5es de qualidade para prote\u00e7\u00e3o e confiabilidade.<\/p>\n<h2><strong>Import\u00e2ncia da medi\u00e7\u00e3o precisa da espessura em embalagens<\/strong><\/h2>\n<p>A medi\u00e7\u00e3o precisa da espessura \u00e9 crucial na ind\u00fastria de embalagens, onde a consist\u00eancia na espessura da placa impacta as qualidades de prote\u00e7\u00e3o e a integridade estrutural do produto final. <strong>Testador de espessura de papel\u00e3o PBT-01<\/strong> ajuda fabricantes e profissionais de controle de qualidade a verificar se cada folha atende aos requisitos precisos de espessura, otimizando o desempenho do material e ajudando a manter a qualidade do produto durante o transporte. A medi\u00e7\u00e3o confi\u00e1vel da espessura evita o desperd\u00edcio de material, refor\u00e7a a estabilidade da embalagem e mant\u00e9m a conformidade regulat\u00f3ria na qualidade da embalagem.<\/p>\n<h2><strong>Princ\u00edpio de teste e metodologia do testador de espessura de papel\u00e3o<\/strong><\/h2>\n<ul>\n<li><strong>Princ\u00edpio da medi\u00e7\u00e3o de espessura<\/strong> O PBT-01 mede a espessura do papel\u00e3o ondulado colocando a amostra do papel\u00e3o entre duas faces de press\u00e3o circulares paralelas sob uma carga est\u00e1tica espec\u00edfica. Este teste de alta precis\u00e3o aplica a press\u00e3o necess\u00e1ria para capturar a espessura do papel\u00e3o com precis\u00e3o inigual\u00e1vel.<\/li>\n<li><strong>M\u00e9todo de teste de espessura de deslocamento<\/strong> Usando o m\u00e9todo de teste de espessura de deslocamento, o PBT-01 emprega uma face fixa (a bigorna) e uma face m\u00f3vel que aplica press\u00e3o uniforme conforme mede a espessura. A face m\u00f3vel exerce uma press\u00e3o consistente de 20 kPa \u00b1 0,5 kPa, garantindo que os resultados sejam precisos e reprodut\u00edveis. O instrumento \u00e9 capaz de medir espessuras que variam de 0 a 20 mm, com uma resolu\u00e7\u00e3o de 0,001 mm, tornando-o uma escolha confi\u00e1vel para necessidades de testes padr\u00e3o e especializados.<\/li>\n<\/ul>\n<h2><strong>Estrutura do instrumento e especifica\u00e7\u00f5es t\u00e9cnicas<\/strong><\/h2>\n<ul>\n<li><strong>Faces de press\u00e3o e \u00e1rea de contato<\/strong> As duas faces de press\u00e3o circulares do PBT-01 s\u00e3o projetadas para precis\u00e3o ideal. A bigorna \u00e9 estacion\u00e1ria, enquanto a segunda face se move perpendicularmente para aplicar press\u00e3o uniformemente a uma taxa de 2 mm\/s a 3 mm\/s. As faces de press\u00e3o circulares medem 35,7 mm \u00b1 0,3 mm de di\u00e2metro, com uma \u00e1rea de contato de 1000 mm\u00b2 \u00b1 20 mm\u00b2. Esta configura\u00e7\u00e3o garante que a press\u00e3o de teste seja distribu\u00edda uniformemente, fornecendo leituras de espessura precisas.<\/li>\n<li><strong>Caracter\u00edsticas t\u00e9cnicas<\/strong> O testador de espessura de papel\u00e3o PBT-01 inclui recursos t\u00e9cnicos essenciais:<br \/>\n<table>\n<tbody>\n<tr>\n<td width=\"220\">Faixa de teste<\/td>\n<td width=\"110\">0\uff5e20 mm<\/td>\n<\/tr>\n<tr>\n<td width=\"220\">Resolu\u00e7\u00e3o<\/td>\n<td width=\"110\">0,001 mm<\/td>\n<\/tr>\n<tr>\n<td width=\"220\">\u00c1rea de contato<\/td>\n<td width=\"110\">1000\u00b120 mm\u00b2<\/td>\n<\/tr>\n<tr>\n<td width=\"220\">Press\u00e3o de contato<\/td>\n<td width=\"110\">20\u00b12kPa<\/td>\n<\/tr>\n<tr>\n<td width=\"220\">Medindo paralelismo de superf\u00edcie<\/td>\n<td width=\"110\">\u22640,035 mm<\/td>\n<\/tr>\n<tr>\n<td width=\"220\">Erro de exibi\u00e7\u00e3o<\/td>\n<td width=\"110\">\u00b10,05\uff05<\/td>\n<\/tr>\n<\/tbody>\n<\/table>\n<\/li>\n<\/ul>\n<h2><strong>Conformidade com os padr\u00f5es da ind\u00fastria<\/strong><\/h2>\n<p>O Testador de Espessura de Papel\u00e3o PBT-01 foi projetado de acordo com os padr\u00f5es da ind\u00fastria para testar papel\u00e3o ondulado e materiais de embalagem, garantindo que ele atenda aos requisitos de precis\u00e3o t\u00e9cnica dessas diretrizes. A ades\u00e3o a esses padr\u00f5es \u00e9 essencial para medi\u00e7\u00f5es confi\u00e1veis e consistentes em aplica\u00e7\u00f5es de embalagem profissional, refor\u00e7ando o papel do testador na entrega de controle de qualidade e conformidade em todos os setores.<\/p>\n<h2><strong>Vantagens do testador de espessura de papel\u00e3o PBT-01<\/strong><\/h2>\n<p>O PBT-01 oferece vantagens exclusivas que o diferenciam no campo de testes de materiais:<\/p>\n<ul>\n<li><strong>Alta precis\u00e3o:<\/strong> Com resolu\u00e7\u00e3o de 0,001 mm, o PBT-01 garante medi\u00e7\u00f5es de alta precis\u00e3o para controle de qualidade confi\u00e1vel.<\/li>\n<li><strong>Aplica\u00e7\u00f5es vers\u00e1teis:<\/strong> Adequado para todos os tipos de papel\u00e3o ondulado, o que o torna uma escolha vers\u00e1til para diferentes tipos de embalagens.<\/li>\n<li><strong>Design amig\u00e1vel:<\/strong> Recursos como a fun\u00e7\u00e3o de reinicializa\u00e7\u00e3o a ZERO e controles de energia simples aumentam a facilidade de uso.<\/li>\n<li><strong>Controle de qualidade aprimorado:<\/strong> Garante medi\u00e7\u00e3o de espessura consistente para maior durabilidade da embalagem e economia de material.<\/li>\n<\/ul>\n<h2><strong>Aplica\u00e7\u00f5es em todos os setores<\/strong><\/h2>\n<p>O PBT-01 Paper Board Thickness Tester \u00e9 amplamente aplic\u00e1vel em todas as ind\u00fastrias, incluindo embalagens, alimentos, produtos farmac\u00eauticos e ag\u00eancias de inspe\u00e7\u00e3o de qualidade. Com suas medi\u00e7\u00f5es precisas e consistentes, o medidor de espessura PBT-01 permite que as empresas mantenham um controle de qualidade rigoroso sobre materiais de embalagem, apoiando o desenvolvimento de solu\u00e7\u00f5es de embalagem dur\u00e1veis e confi\u00e1veis em todos os setores.<\/p>\n<h2><strong>Perguntas Frequentes (FAQ)<\/strong><\/h2>\n<ol>\n<li><strong>O que \u00e9 papel\u00e3o ondulado?<\/strong>\n<ul>\n<li>O papel\u00e3o ondulado consiste em uma ou mais folhas de papel canelado coladas a uma folha plana de papel\u00e3o ou entre v\u00e1rias folhas. \u00c9 um material popular em embalagens devido \u00e0 sua resist\u00eancia e propriedades de absor\u00e7\u00e3o de choque.<\/li>\n<\/ul>\n<\/li>\n<li><strong>O que significa \u201cespessura de folha \u00fanica de papel\u00e3o ondulado\u201d?<\/strong>\n<ul>\n<li>A espessura de uma \u00fanica folha se refere \u00e0 dist\u00e2ncia entre uma superf\u00edcie de uma folha de papel\u00e3o ondulado e a superf\u00edcie oposta, medida sob uma carga est\u00e1tica espec\u00edfica aplicada.<\/li>\n<\/ul>\n<\/li>\n<li><strong>Qual \u00e9 a precis\u00e3o do PBT-01 na medi\u00e7\u00e3o de espessura?<\/strong>\n<ul>\n<li>O PBT-01 oferece alta precis\u00e3o com resolu\u00e7\u00e3o de 0,001 mm e taxa de precis\u00e3o de \u00b10,05%, o que o torna uma escolha confi\u00e1vel para medi\u00e7\u00f5es consistentes e reprodut\u00edveis.<\/li>\n<\/ul>\n<\/li>\n<li><strong>Por que a press\u00e3o de contato \u00e9 importante em testes de espessura?<\/strong>\n<ul>\n<li>A aplica\u00e7\u00e3o de press\u00e3o de contato consistente durante o teste garante que a medi\u00e7\u00e3o reflita com precis\u00e3o a espessura da placa, sem varia\u00e7\u00f5es de compress\u00e3o, fornecendo resultados repet\u00edveis e confi\u00e1veis.<\/li>\n<\/ul>\n<\/li>\n<li><strong>Quais ind\u00fastrias se beneficiam do uso do testador de espessura PBT-01?<\/strong>\n<ul>\n<li>O PBT-01 \u00e9 essencial para embalagens, alimentos, produtos farmac\u00eauticos e outras ind\u00fastrias onde a qualidade do material e a confiabilidade da embalagem s\u00e3o essenciais para a prote\u00e7\u00e3o e seguran\u00e7a do produto.<\/li>\n<\/ul>\n<\/li>\n<\/ol>","protected":false},"excerpt":{"rendered":"<p>O <strong>PBT-01 Testador de espessura de papel\u00e3o<\/strong> \u00e9 um instrumento avan\u00e7ado de alta precis\u00e3o projetado especificamente para medir a espessura de folhas \u00fanicas de papel\u00e3o ondulado. Este dispositivo desempenha um papel vital no controle de qualidade de materiais de embalagem, pois medi\u00e7\u00f5es precisas de espessura s\u00e3o essenciais para determinar a durabilidade e a resist\u00eancia do papel\u00e3o usado na fabrica\u00e7\u00e3o de caixas de embalagem e outras solu\u00e7\u00f5es de embalagem. Adequado para todos os tipos de papel\u00e3o ondulado, o PBT-01 garante que os materiais de embalagem atendam aos rigorosos padr\u00f5es de qualidade para prote\u00e7\u00e3o e confiabilidade.<\/p>","protected":false},"featured_media":6184,"comment_status":"closed","ping_status":"closed","template":"","meta":{"site-sidebar-layout":"default","site-content-layout":"default","ast-global-header-display":"","ast-main-header-display":"","ast-hfb-above-header-display":"","ast-hfb-below-header-display":"","ast-hfb-mobile-header-display":"","site-post-title":"","ast-breadcrumbs-content":"","ast-featured-img":"","footer-sml-layout":"","theme-transparent-header-meta":"default","adv-header-id-meta":"","stick-header-meta":"","header-above-stick-meta":"","header-main-stick-meta":"","header-below-stick-meta":""},"product_cat":[685,845,1149,962,44,160,95],"product_tag":[],"class_list":{"0":"post-5281","1":"product","2":"type-product","3":"status-publish","4":"has-post-thumbnail","6":"product_cat-thickness-tester","7":"product_cat-customization","8":"product_cat-tappi-t437","9":"product_cat-thickness-gauges","10":"product_cat-paper-and-board-testers","11":"product_cat-iso-3034","12":"product_cat-products","13":"desktop-align-left","14":"tablet-align-left","15":"mobile-align-left","17":"first","18":"instock","19":"shipping-taxable","20":"product-type-simple"},"_links":{"self":[{"href":"https:\/\/www.qualitester.com\/pt\/wp-json\/wp\/v2\/product\/5281","targetHints":{"allow":["GET"]}}],"collection":[{"href":"https:\/\/www.qualitester.com\/pt\/wp-json\/wp\/v2\/product"}],"about":[{"href":"https:\/\/www.qualitester.com\/pt\/wp-json\/wp\/v2\/types\/product"}],"replies":[{"embeddable":true,"href":"https:\/\/www.qualitester.com\/pt\/wp-json\/wp\/v2\/comments?post=5281"}],"version-history":[{"count":0,"href":"https:\/\/www.qualitester.com\/pt\/wp-json\/wp\/v2\/product\/5281\/revisions"}],"wp:featuredmedia":[{"embeddable":true,"href":"https:\/\/www.qualitester.com\/pt\/wp-json\/wp\/v2\/media\/6184"}],"wp:attachment":[{"href":"https:\/\/www.qualitester.com\/pt\/wp-json\/wp\/v2\/media?parent=5281"}],"wp:term":[{"taxonomy":"product_cat","embeddable":true,"href":"https:\/\/www.qualitester.com\/pt\/wp-json\/wp\/v2\/product_cat?post=5281"},{"taxonomy":"product_tag","embeddable":true,"href":"https:\/\/www.qualitester.com\/pt\/wp-json\/wp\/v2\/product_tag?post=5281"}],"curies":[{"name":"wp","href":"https:\/\/api.w.org\/{rel}","templated":true}]}}