{"id":5275,"date":"2024-11-08T09:59:06","date_gmt":"2024-11-08T01:59:06","guid":{"rendered":"https:\/\/www.qualitester.com\/?post_type=product&#038;p=5275"},"modified":"2024-12-05T10:22:46","modified_gmt":"2024-12-05T02:22:46","slug":"sale-mit-folding-endurance-tester","status":"publish","type":"product","link":"https:\/\/www.qualitester.com\/pt\/produto\/sale-mit-folding-endurance-tester\/","title":{"rendered":"Testador de resist\u00eancia dobr\u00e1vel NZD-01 MIT"},"content":{"rendered":"<h2>Introdu\u00e7\u00e3o ao testador de resist\u00eancia dobr\u00e1vel do MIT<\/h2>\n<p>O MIT Folding Endurance Tester, especificamente o modelo NZD-01, \u00e9 um instrumento confi\u00e1vel e preciso projetado para avaliar a resist\u00eancia \u00e0 dobra de materiais em folha, incluindo papel, papel\u00e3o e folhas de tabaco com espessuras de at\u00e9 1,25 mm. O teste de resist\u00eancia \u00e0 dobra \u00e9 essencial para ind\u00fastrias onde os materiais passam por dobras e dobras frequentes, tornando-o uma ferramenta vital para o controle de qualidade em embalagens, produ\u00e7\u00e3o de papel e at\u00e9 mesmo na fabrica\u00e7\u00e3o de t\u00eaxteis e tabaco. Os recursos avan\u00e7ados do MIT Folding Endurance Tester NZD-01 e a ades\u00e3o aos padr\u00f5es internacionais o tornam a escolha ideal para fabricantes e pesquisadores focados na durabilidade do material.<\/p>\n<h2>Por que o teste de resist\u00eancia \u00e0 dobra do MIT \u00e9 importante na garantia de qualidade<\/h2>\n<p>A resist\u00eancia \u00e0 dobra \u00e9 um indicador cr\u00edtico da capacidade de um material de suportar dobras repetidas sem rasgar ou enfraquecer. O MIT Folding Endurance Tester fornece valores precisos de resist\u00eancia \u00e0 dobra, refletindo a durabilidade de um material. Materiais com valores mais altos de resist\u00eancia \u00e0 dobra mostram maior resist\u00eancia ao estresse de dobra, o que pode influenciar significativamente o desempenho e a longevidade dos produtos finais. Ao usar o MIT Folding Endurance Tester, os fabricantes podem tomar decis\u00f5es baseadas em dados na sele\u00e7\u00e3o de materiais que ter\u00e3o bom desempenho em aplica\u00e7\u00f5es do mundo real.<\/p>\n<h2>Vis\u00e3o geral da norma ISO 5626: Garantindo a consist\u00eancia em testes de dobramento<\/h2>\n<p>O testador de resist\u00eancia dobr\u00e1vel do MIT est\u00e1 em conformidade com <a href=\"https:\/\/www.iso.org\/standard\/11700.html\" target=\"_blank\" rel=\"noopener nofollow\"><strong>Norma ISO 5626<\/strong><\/a>, um padr\u00e3o que descreve o m\u00e9todo para determinar a resist\u00eancia \u00e0 dobra de papel e materiais relacionados. Este padr\u00e3o internacional garante consist\u00eancia em procedimentos de teste em todos os setores, definindo diretrizes sobre como preparar amostras, aplicar tens\u00e3o de dobra e medir a resist\u00eancia \u00e0 dobra. Sob <a href=\"https:\/\/www.qualitester.com\/pt\/categoria-produto\/iso\/iso-5626\/\" target=\"_blank\" rel=\"noopener\">Norma ISO 5626<\/a>, as amostras s\u00e3o dobradas duas vezes at\u00e9 atingirem o ponto de ruptura, com os resultados indicando a resist\u00eancia do material \u00e0 dobra. Ao atender aos padr\u00f5es ISO 5626, o MIT Folding Endurance Tester ajuda as empresas a aderir aos protocolos globais de teste e a manter padr\u00f5es de alta qualidade em seus materiais.<\/p>\n<h2>Princ\u00edpios de teste e opera\u00e7\u00e3o do testador de resist\u00eancia dobr\u00e1vel do MIT<\/h2>\n<p>O procedimento de teste come\u00e7a com a fixa\u00e7\u00e3o cuidadosa da amostra nas mand\u00edbulas dobr\u00e1veis do instrumento. O esp\u00e9cime \u00e9 mantido firmemente em um plano e a tens\u00e3o \u00e9 aplicada, normalmente em torno de 9,81 N, o que simula for\u00e7as do mundo real no material. A cabe\u00e7a dobr\u00e1vel se move para frente e para tr\u00e1s, aplicando dobras duplas at\u00e9 que a amostra se quebre. Assim que o teste \u00e9 conclu\u00eddo, o contador para automaticamente, registrando o n\u00famero de dobras duplas necess\u00e1rias para que o material se quebre. Esse n\u00famero representa a resist\u00eancia \u00e0 dobra da amostra, fornecendo insights cruciais sobre sua durabilidade sob estresse de flex\u00e3o.<\/p>\n<h2>Principais caracter\u00edsticas t\u00e9cnicas do testador de resist\u00eancia dobr\u00e1vel do MIT<\/h2>\n<ul>\n<li><strong>Taxa de dobragem ajust\u00e1vel:<\/strong> Permite que os usu\u00e1rios definam a taxa de dobra entre 20 a 200 dobras duplas por minuto, acomodando v\u00e1rios materiais e condi\u00e7\u00f5es de teste.<\/li>\n<li><strong>Tela sens\u00edvel ao toque colorida e microimpressora:<\/strong> A tela sens\u00edvel ao toque fornece uma interface de usu\u00e1rio intuitiva, enquanto a impressora t\u00e9rmica integrada gera impress\u00f5es instant\u00e2neas dos resultados dos testes para facilitar o registro.<\/li>\n<li><strong>Variedade de cabe\u00e7as dobr\u00e1veis:<\/strong> Equipado com cabe\u00e7as dobr\u00e1veis intercambi\u00e1veis, tornando o testador vers\u00e1til o suficiente para lidar com uma ampla gama de materiais com diferentes espessuras e caracter\u00edsticas.<\/li>\n<li><strong>Especifica\u00e7\u00f5es adicionais:<\/strong> Outros par\u00e2metros importantes incluem um \u00e2ngulo de dobra de 135\u00b0, faixa de resist\u00eancia de dobra de at\u00e9 99.999 dobras e for\u00e7a de tens\u00e3o de amostra ajust\u00e1vel variando de 4,91 N a 14,72 N, garantindo resultados precisos e repet\u00edveis.<\/li>\n<\/ul>\n<h2>Conformidade com Normas Adicionais<\/h2>\n<p>Al\u00e9m da ISO 5626, o MIT Folding Endurance Tester adere aos seguintes padr\u00f5es:<\/p>\n<ul>\n<li><strong>TAPPI T511:<\/strong> Padr\u00e3o dos EUA para avaliar a resist\u00eancia \u00e0 dobra de materiais de papel e papel\u00e3o.<\/li>\n<li><strong>GB\/T 457:<\/strong> Um padr\u00e3o nacional na China para determinar a resist\u00eancia \u00e0 dobra do papel.<\/li>\n<li><strong>QB\/T 1049:<\/strong> Padr\u00e3o regional adicional usado em testes de materiais para protocolos espec\u00edficos de garantia de qualidade.<\/li>\n<\/ul>\n<h2>Aplica\u00e7\u00f5es do testador de resist\u00eancia dobr\u00e1vel do MIT<\/h2>\n<ul>\n<li><strong>Ind\u00fastrias de embalagens e papel:<\/strong> O testador \u00e9 amplamente utilizado para avaliar a durabilidade de materiais em embalagens e produtos de papel, garantindo que eles atendam aos padr\u00f5es da ind\u00fastria para resist\u00eancia \u00e0 dobra.<\/li>\n<li><strong>Tabaco e T\u00eaxteis:<\/strong> Para materiais finos e especializados, como folhas de tabaco e tecidos, este testador \u00e9 fundamental para avaliar a durabilidade, garantindo que os materiais mantenham a integridade sob manuseio frequente.<\/li>\n<li><strong>Laborat\u00f3rios de Pesquisa e Desenvolvimento:<\/strong> Em P&amp;D, o testador auxilia na avalia\u00e7\u00e3o de materiais sob condi\u00e7\u00f5es de uso simuladas, ajudando os fabricantes a melhorar o desempenho do produto e selecionar os materiais mais adequados para suas aplica\u00e7\u00f5es.<\/li>\n<\/ul>\n<h2>Configura\u00e7\u00f5es e acess\u00f3rios opcionais<\/h2>\n<p>O testador de resist\u00eancia dobr\u00e1vel do MIT pode ser personalizado com acess\u00f3rios adicionais para atender a requisitos de teste espec\u00edficos:<\/p>\n<ul>\n<li><strong>Mand\u00edbulas n\u00e3o padronizadas:<\/strong> Essas mand\u00edbulas personaliz\u00e1veis acomodam dimens\u00f5es e formatos exclusivos de materiais.<\/li>\n<li><strong>Ferramentas de calibra\u00e7\u00e3o e manuten\u00e7\u00e3o:<\/strong> Acess\u00f3rios essenciais para manter o instrumento em \u00f3timas condi\u00e7\u00f5es de funcionamento, garantindo precis\u00e3o consistente nos testes.<\/li>\n<\/ul>\n<h2>Especifica\u00e7\u00f5es t\u00e9cnicas do testador de resist\u00eancia dobr\u00e1vel do MIT (modelo NZD-01)<\/h2>\n<table>\n<tbody>\n<tr>\n<td width=\"349\">Faixa de medi\u00e7\u00e3o<\/td>\n<td width=\"456\">\u00a01\uff5e99999 vezes<\/td>\n<\/tr>\n<tr>\n<td width=\"349\">Resist\u00eancia de dobramento (logaritmo)<\/td>\n<td width=\"456\">\u00a00\uff5e4,99<\/td>\n<\/tr>\n<tr>\n<td width=\"349\">\u00c2ngulo de dobramento<\/td>\n<td width=\"456\">(135 \u00b1 2)\u00b0<\/td>\n<\/tr>\n<tr>\n<td width=\"349\">Velocidade de dobragem<\/td>\n<td width=\"456\">(175\u00b110) horas\/dia<\/td>\n<\/tr>\n<tr>\n<td width=\"349\">Largura da amostra<\/td>\n<td width=\"456\">\uff0815 \u00b1 0,1\uff09Mil\u00edmetros<\/td>\n<\/tr>\n<tr>\n<td width=\"349\">For\u00e7a de tens\u00e3o<\/td>\n<td width=\"456\">(4,91\uff5e14,72\uff09N<\/td>\n<\/tr>\n<tr>\n<td width=\"349\">Dist\u00e2ncia de abertura de fenda dobr\u00e1vel<\/td>\n<td width=\"456\">0,25 mm\/0,50 mm\/0,75 mm\/1,00 mm\/1,25 mm (escolha uma op\u00e7\u00e3o)<\/td>\n<\/tr>\n<tr>\n<td width=\"349\">Raio do arco da dobra<\/td>\n<td width=\"456\">(0,38\u00b10,02) mm<\/td>\n<\/tr>\n<tr>\n<td width=\"349\">Mostrar<\/td>\n<td width=\"456\">Tela sens\u00edvel ao toque de 5\u201d<\/td>\n<\/tr>\n<tr>\n<td width=\"349\">Impressora<\/td>\n<td width=\"456\">Impressora t\u00e9rmica modular integrada<\/td>\n<\/tr>\n<tr>\n<td width=\"349\">Ambiente<\/td>\n<td width=\"456\">Ambiente\uff0820 \u00b1 10\uff09\u00b0C\uff1bRh \uff1c 85\uff05<\/td>\n<\/tr>\n<tr>\n<td width=\"349\">Poder<\/td>\n<td width=\"456\">Ac220v, 50hz<\/td>\n<\/tr>\n<\/tbody>\n<\/table>\n<h2>Se\u00e7\u00e3o de perguntas frequentes<\/h2>\n<ol>\n<li><strong>Quais materiais o MIT Folding Endurance Tester pode manusear?<\/strong><br \/>\nO testador \u00e9 adequado para materiais de folhas finas, como papel, papel\u00e3o e folhas de tabaco com espessuras de at\u00e9 1,25 mm.<\/li>\n<li><strong>Como o instrumento mede a resist\u00eancia \u00e0 dobra?<\/strong><br \/>\nO testador realiza dobras duplas at\u00e9 que a amostra se quebre, registrando o n\u00famero de dobras como um indicador da resist\u00eancia da dobra.<\/li>\n<li><strong>Como a ISO 5626 \u00e9 relevante para o teste?<\/strong><br \/>\nA ISO 5626 especifica o m\u00e9todo padronizado para testes de resist\u00eancia \u00e0 dobra, garantindo resultados consistentes e compar\u00e1veis em todos os setores.<\/li>\n<li><strong>Quais setores se beneficiam do uso deste testador?<\/strong><br \/>\nInd\u00fastrias como embalagens, fabrica\u00e7\u00e3o de papel, t\u00eaxteis e tabaco consideram este instrumento valioso para controle de qualidade e testes de materiais.<\/li>\n<li><strong>Posso personalizar a cabe\u00e7a dobr\u00e1vel para materiais exclusivos?<\/strong><br \/>\nSim, mand\u00edbulas n\u00e3o padronizadas e outras configura\u00e7\u00f5es personalizadas est\u00e3o dispon\u00edveis para atender a necessidades espec\u00edficas de testes de materiais.<\/li>\n<\/ol>","protected":false},"excerpt":{"rendered":"<p>O MIT Folding Endurance Tester, especificamente o modelo NZD-01, \u00e9 um instrumento confi\u00e1vel e preciso projetado para avaliar a resist\u00eancia \u00e0 dobra de materiais em folha, incluindo papel, papel\u00e3o e folhas de tabaco com espessuras de at\u00e9 1,25 mm. O teste de resist\u00eancia \u00e0 dobra \u00e9 essencial para ind\u00fastrias onde os materiais passam por dobras e dobras frequentes, tornando-o uma ferramenta vital para o controle de qualidade em embalagens, produ\u00e7\u00e3o de papel e at\u00e9 mesmo na fabrica\u00e7\u00e3o de t\u00eaxteis e tabaco. Os recursos avan\u00e7ados do MIT Folding Endurance Tester NZD-01 e a ades\u00e3o aos padr\u00f5es internacionais o tornam a escolha ideal para fabricantes e pesquisadores focados na durabilidade do material.<\/p>","protected":false},"featured_media":6182,"comment_status":"closed","ping_status":"closed","template":"","meta":{"site-sidebar-layout":"default","site-content-layout":"default","ast-global-header-display":"","ast-main-header-display":"","ast-hfb-above-header-display":"","ast-hfb-below-header-display":"","ast-hfb-mobile-header-display":"","site-post-title":"","ast-breadcrumbs-content":"","ast-featured-img":"","footer-sml-layout":"","theme-transparent-header-meta":"default","adv-header-id-meta":"","stick-header-meta":"","header-above-stick-meta":"","header-main-stick-meta":"","header-below-stick-meta":""},"product_cat":[953,956,955,845,1083,1084,1085,44,95],"product_tag":[],"class_list":{"0":"post-5275","1":"product","2":"type-product","3":"status-publish","4":"has-post-thumbnail","6":"product_cat-bursting-tester","7":"product_cat-cobb-tester","8":"product_cat-crush-tester","9":"product_cat-customization","10":"product_cat-iso-5626","11":"product_cat-mit-folding-endurance-tester","12":"product_cat-tappi-t511","13":"product_cat-paper-and-board-testers","14":"product_cat-products","15":"desktop-align-left","16":"tablet-align-left","17":"mobile-align-left","19":"first","20":"instock","21":"shipping-taxable","22":"product-type-simple"},"_links":{"self":[{"href":"https:\/\/www.qualitester.com\/pt\/wp-json\/wp\/v2\/product\/5275","targetHints":{"allow":["GET"]}}],"collection":[{"href":"https:\/\/www.qualitester.com\/pt\/wp-json\/wp\/v2\/product"}],"about":[{"href":"https:\/\/www.qualitester.com\/pt\/wp-json\/wp\/v2\/types\/product"}],"replies":[{"embeddable":true,"href":"https:\/\/www.qualitester.com\/pt\/wp-json\/wp\/v2\/comments?post=5275"}],"version-history":[{"count":0,"href":"https:\/\/www.qualitester.com\/pt\/wp-json\/wp\/v2\/product\/5275\/revisions"}],"wp:featuredmedia":[{"embeddable":true,"href":"https:\/\/www.qualitester.com\/pt\/wp-json\/wp\/v2\/media\/6182"}],"wp:attachment":[{"href":"https:\/\/www.qualitester.com\/pt\/wp-json\/wp\/v2\/media?parent=5275"}],"wp:term":[{"taxonomy":"product_cat","embeddable":true,"href":"https:\/\/www.qualitester.com\/pt\/wp-json\/wp\/v2\/product_cat?post=5275"},{"taxonomy":"product_tag","embeddable":true,"href":"https:\/\/www.qualitester.com\/pt\/wp-json\/wp\/v2\/product_tag?post=5275"}],"curies":[{"name":"wp","href":"https:\/\/api.w.org\/{rel}","templated":true}]}}