{"id":5271,"date":"2024-11-07T10:59:28","date_gmt":"2024-11-07T02:59:28","guid":{"rendered":"https:\/\/www.qualitester.com\/?post_type=product&#038;p=5271"},"modified":"2024-12-05T10:19:31","modified_gmt":"2024-12-05T02:19:31","slug":"sale-corrugated-concora-medium-fluter","status":"publish","type":"product","link":"https:\/\/www.qualitester.com\/pt\/produto\/sale-corrugated-concora-medium-fluter\/","title":{"rendered":"CWY-01 Conncora M\u00e9dio Fluter"},"content":{"rendered":"<h2>Introdu\u00e7\u00e3o<\/h2>\n<p>O <strong>CWY-01 Conncora M\u00e9dio Fluter<\/strong> \u00e9 um instrumento de alta qualidade projetado para produzir amostras padronizadas e caneladas a partir de meio corrugado. Usado em ind\u00fastrias de embalagens, farmac\u00eauticas, aliment\u00edcias, eletr\u00f4nicas e de controle de qualidade, esta ferramenta \u00e9 essencial para garantir a resist\u00eancia e durabilidade de materiais corrugados. Ao preparar amostras para o <strong>Teste de Meio Ondulado (CMT)<\/strong> e <strong>Teste de esmagamento de papel\u00e3o ondulado (CCT)<\/strong>, o CWY-01 permite que os fabricantes atendam aos padr\u00f5es de qualidade e mantenham a consist\u00eancia do produto.<\/p>\n<h2>Principais aplica\u00e7\u00f5es do CWY-01 Conncora Medium Fluter<\/h2>\n<p>O <strong>CWY-01 Conncora M\u00e9dio Fluter<\/strong> \u00e9 essencial para avaliar a resist\u00eancia do meio corrugado e outros materiais usados na produ\u00e7\u00e3o de papel\u00e3o ondulado. Sua fun\u00e7\u00e3o principal \u00e9 preparar amostras uniformes e caneladas para serem testadas quanto \u00e0 resist\u00eancia \u00e0 compress\u00e3o, permitindo que os usu\u00e1rios determinem o qu\u00e3o bem um material pode suportar press\u00e3o e manter a integridade estrutural sob carga. As aplica\u00e7\u00f5es incluem:<\/p>\n<ul>\n<li><strong>CMT<\/strong> para medir a resist\u00eancia ao esmagamento plano de amostras estriadas<\/li>\n<li><strong>TCC<\/strong> para avaliar a resist\u00eancia \u00e0 compress\u00e3o de borda para papel\u00e3o ondulado<\/li>\n<\/ul>\n<p>Usado extensivamente em <strong>embalagens, dispositivos m\u00e9dicos, produtos farmac\u00eauticos e inspe\u00e7\u00e3o de qualidade<\/strong>, o CWY-01 auxilia os fabricantes a testar materiais com alta confiabilidade e efici\u00eancia.<\/p>\n<h2>Princ\u00edpios de opera\u00e7\u00e3o<\/h2>\n<p>O CWY-01 Conncora Medium Fluter foi projetado com precis\u00e3o e facilidade de uso em mente. Sua opera\u00e7\u00e3o envolve algumas etapas simples:<\/p>\n<ol>\n<li><strong>Configura\u00e7\u00e3o de temperatura<\/strong>: Uma vez que a m\u00e1quina \u00e9 ligada, o operador ajusta a temperatura para garantir que os discos corrugadores atinjam uma temperatura \u00f3tima e est\u00e1vel. Essa distribui\u00e7\u00e3o uniforme de calor \u00e9 crucial para formar ranhuras precisas.<\/li>\n<li><strong>Alimenta\u00e7\u00e3o de amostra<\/strong>:A amostra do meio corrugado \u00e9 inserida pela parte superior, onde passa pelos discos aquecidos, criando um formato canelado uniforme.<\/li>\n<li><strong>Prepara\u00e7\u00e3o para o teste<\/strong>:A amostra canelada \u00e9 ent\u00e3o colocada em um <strong>Suporte CMT ou suporte CCT<\/strong> e est\u00e1 pronto para testes de resist\u00eancia \u00e0 compress\u00e3o usando equipamentos de teste de alta precis\u00e3o.<\/li>\n<\/ol>\n<p>Esse processo sistem\u00e1tico garante resultados consistentes e repet\u00edveis, permitindo um controle de qualidade preciso, alinhado aos padr\u00f5es da ind\u00fastria.<\/p>\n<h2>Normas e m\u00e9todos de teste relevantes<\/h2>\n<p>O CWY-01 Conncora Medium Fluter est\u00e1 alinhado com os principais padr\u00f5es da ind\u00fastria, garantindo resultados padronizados e de alta qualidade:<\/p>\n<ul>\n<li><strong><a href=\"https:\/\/www.iso.org\/standard\/56171.html\" target=\"_blank\" rel=\"noopener nofollow\">Norma ISO 7263<\/a>: Teste de Meio Ondulado (CMT)<\/strong>\n<ul>\n<li>A ISO 7263 especifica o <strong>Teste de Meio Ondulado (CMT)<\/strong>, medindo a resist\u00eancia ao esmagamento plano do meio corrugado ap\u00f3s o estriamento. Este padr\u00e3o inclui ambos <a href=\"https:\/\/www.qualitester.com\/pt\/categoria-produto\/iso\/iso-7263-1\/\" target=\"_blank\" rel=\"noopener\"><strong>Norma ISO 7263-1<\/strong><\/a> para amostras condicionadas e <strong>Norma ISO 7263-2<\/strong> para amostras \u00famidas. O CWY-01 permite a prepara\u00e7\u00e3o de amostras que atendem a esses requisitos ISO, garantindo resultados de teste precisos e confi\u00e1veis.<\/li>\n<\/ul>\n<\/li>\n<li><strong><a href=\"https:\/\/www.iso.org\/standard\/57983.html\" target=\"_blank\" rel=\"noopener nofollow\">Norma ISO 16945<\/a>: Teste de esmagamento corrugado (CCT)<\/strong>\n<ul>\n<li><a href=\"https:\/\/www.qualitester.com\/pt\/categoria-produto\/iso\/iso16945\/\" target=\"_blank\" rel=\"noopener\">Norma ISO 16945<\/a> foca no <strong>Teste de esmagamento de papel\u00e3o ondulado (CCT)<\/strong>, que avalia a resist\u00eancia ao esmagamento de bordas de papel\u00e3o ondulado, uma medida cr\u00edtica da durabilidade do material em embalagens. A capacidade do CWY-01 de criar amostras caneladas precisas est\u00e1 alinhada com a ISO 16945, facilitando testes de resist\u00eancia \u00e0 compress\u00e3o consistentes e em conformidade com os padr\u00f5es.<\/li>\n<\/ul>\n<\/li>\n<li><strong><a href=\"https:\/\/imisrise.tappi.org\/TAPPI\/Products\/01\/T\/0104t843.aspx\" target=\"_blank\" rel=\"noopener nofollow\">TAPPI T843<\/a>: Teste de esmagamento plano para meio corrugado<\/strong>\n<ul>\n<li><a href=\"https:\/\/www.qualitester.com\/pt\/categoria-produto\/tappi\/tappi-t843\/\" target=\"_blank\" rel=\"noopener\">TAPPI T843<\/a> descreve os procedimentos para testar o <strong>resist\u00eancia plana ao esmagamento<\/strong> de papel canelado. Usar o CWY-01 para produzir amostras padronizadas de acordo com TAPPI T843 aumenta a precis\u00e3o e a comparabilidade em testes, essenciais para a garantia de qualidade em aplica\u00e7\u00f5es de embalagens de papel\u00e3o ondulado.<\/li>\n<\/ul>\n<\/li>\n<\/ul>\n<h2>Principais caracter\u00edsticas e benef\u00edcios do CWY-01 Conncora Medium Fluter<\/h2>\n<ol>\n<li><strong>Constru\u00e7\u00e3o dur\u00e1vel e vers\u00e1til<\/strong>\n<ul>\n<li>Projetado para suportar alto uso, o CWY-01 oferece confiabilidade em opera\u00e7\u00f5es de longo prazo, ideal para ambientes de teste exigentes.<\/li>\n<\/ul>\n<\/li>\n<li><strong>Discos corrugados intercambi\u00e1veis<\/strong>\n<ul>\n<li>Facilmente adapt\u00e1vel, o CWY-01 permite que os usu\u00e1rios substituam discos por diferentes perfis de flauta, proporcionando versatilidade na prepara\u00e7\u00e3o de amostras.<\/li>\n<\/ul>\n<\/li>\n<li><strong>Faixa de press\u00e3o ajust\u00e1vel com op\u00e7\u00f5es de calibra\u00e7\u00e3o<\/strong>\n<ul>\n<li>Configura\u00e7\u00f5es de press\u00e3o personaliz\u00e1veis permitem ajustes precisos para diversos requisitos de teste, mantendo a conformidade com os padr\u00f5es internacionais.<\/li>\n<\/ul>\n<\/li>\n<li><strong>Design vertical com efici\u00eancia de espa\u00e7o<\/strong>\n<ul>\n<li>A estrutura vertical do CWY-01 simplifica a alimenta\u00e7\u00e3o de amostras, minimizando o espa\u00e7o ocupado e maximizando a facilidade de uso.<\/li>\n<\/ul>\n<\/li>\n<li><strong>Mecanismo de aquecimento integrado para distribui\u00e7\u00e3o uniforme de temperatura<\/strong>\n<ul>\n<li>O aquecimento integrado garante uma distribui\u00e7\u00e3o uniforme da temperatura em ambos os discos, essencial para criar ranhuras consistentes e de alta qualidade.<\/li>\n<\/ul>\n<\/li>\n<li><strong>Controle preciso de temperatura<\/strong>\n<ul>\n<li>Os usu\u00e1rios podem definir e controlar a temperatura com precis\u00e3o, garantindo a confiabilidade da prepara\u00e7\u00e3o da amostra e mantendo a integridade do teste.<\/li>\n<\/ul>\n<\/li>\n<\/ol>\n<h2>Par\u00e2metros principais do CWY-01 Conncora Medium Fluter<\/h2>\n<ul>\n<li><strong>Largura da amostra<\/strong>: 0,5 polegada (12,7 mm)<\/li>\n<li><strong>Faixa de temperatura<\/strong>: Ajust\u00e1vel para ambientes de teste espec\u00edficos<\/li>\n<li><strong>Faixa de press\u00e3o<\/strong>: Ajust\u00e1vel, calibrado para atender a diversos padr\u00f5es de teste<\/li>\n<\/ul>\n<h2>Perguntas frequentes<\/h2>\n<ol>\n<li><strong>Qual \u00e9 a finalidade do CWY-01 Conncora Medium Fluter?<\/strong>\n<ul>\n<li>O CWY-01 prepara amostras caneladas a partir de meio corrugado, essencial para testes de resist\u00eancia por meio de m\u00e9todos CMT e CCT.<\/li>\n<\/ul>\n<\/li>\n<li><strong>Como o CWY-01 Conncora Medium Fluter est\u00e1 em conformidade com a ISO 7263?<\/strong>\n<ul>\n<li>O CWY-01 permite a produ\u00e7\u00e3o de amostras caneladas conforme especificado na ISO 7263, garantindo resultados padronizados em testes de resist\u00eancia m\u00e9dia de corrugados.<\/li>\n<\/ul>\n<\/li>\n<li><strong>Que tipos de materiais podem ser testados com o CWY-01?<\/strong>\n<ul>\n<li>O CWY-01 foi projetado para meios corrugados, mas tamb\u00e9m \u00e9 adequado para outros materiais que exigem testes de resist\u00eancia \u00e0 compress\u00e3o em embalagens corrugadas.<\/li>\n<\/ul>\n<\/li>\n<li><strong>Como a temperatura \u00e9 controlada no CWY-01?<\/strong>\n<ul>\n<li>O mecanismo de aquecimento integrado proporciona controle preciso, com calor distribu\u00eddo uniformemente pelos discos, garantindo a forma\u00e7\u00e3o precisa da amostra.<\/li>\n<\/ul>\n<\/li>\n<li><strong>O CWY-01 pode acomodar diferentes tipos de flauta?<\/strong>\n<ul>\n<li>Sim, o CWY-01 possui discos intercambi\u00e1veis, permitindo v\u00e1rios perfis de flauta dependendo das necessidades espec\u00edficas de teste.<\/li>\n<\/ul>\n<\/li>\n<\/ol>\n<p>O <strong>CWY-01 Conncora M\u00e9dio Fluter<\/strong> \u00e9 um instrumento robusto, adapt\u00e1vel e preciso, projetado para produzir amostras caneladas que atendem aos rigorosos padr\u00f5es da ind\u00fastria, como <strong>Norma ISO 7263<\/strong>, <strong>Norma ISO 16945<\/strong>, e <strong>TAPPI T843<\/strong>. Esta ferramenta vers\u00e1til \u00e9 ideal para fabricantes e equipes de controle de qualidade que se esfor\u00e7am para garantir os mais altos n\u00edveis de desempenho e confiabilidade em materiais de embalagem de papel\u00e3o ondulado.<\/p>","protected":false},"excerpt":{"rendered":"<p>O <strong>CWY-01 Conncora M\u00e9dio Fluter<\/strong> \u00e9 um instrumento de alta qualidade projetado para produzir amostras padronizadas e caneladas a partir de meio corrugado. Usado em ind\u00fastrias de embalagens, farmac\u00eauticas, aliment\u00edcias, eletr\u00f4nicas e de controle de qualidade, esta ferramenta \u00e9 essencial para garantir a resist\u00eancia e durabilidade de materiais corrugados. Ao preparar amostras para o <strong>Teste de Meio Ondulado (CMT)<\/strong> e <strong>Teste de esmagamento de papel\u00e3o ondulado (CCT)<\/strong>, o CWY-01 permite que os fabricantes atendam aos padr\u00f5es de qualidade e mantenham a consist\u00eancia do produto.<\/p>","protected":false},"featured_media":6180,"comment_status":"closed","ping_status":"closed","template":"","meta":{"site-sidebar-layout":"default","site-content-layout":"default","ast-global-header-display":"","ast-main-header-display":"","ast-hfb-above-header-display":"","ast-hfb-below-header-display":"","ast-hfb-mobile-header-display":"","site-post-title":"","ast-breadcrumbs-content":"","ast-featured-img":"","footer-sml-layout":"","theme-transparent-header-meta":"default","adv-header-id-meta":"","stick-header-meta":"","header-above-stick-meta":"","header-main-stick-meta":"","header-below-stick-meta":""},"product_cat":[845,953,956,955,1082,1081,954,957,958,952,959,95],"product_tag":[],"class_list":{"0":"post-5271","1":"product","2":"type-product","3":"status-publish","4":"has-post-thumbnail","6":"product_cat-customization","7":"product_cat-bursting-tester","8":"product_cat-cobb-tester","9":"product_cat-crush-tester","10":"product_cat-iso-16945","11":"product_cat-iso-7263-1","12":"product_cat-paper-tear-tester","13":"product_cat-plybond-tester","14":"product_cat-puncture-tester","15":"product_cat-rub-tester","16":"product_cat-stiffness-tester","17":"product_cat-products","18":"desktop-align-left","19":"tablet-align-left","20":"mobile-align-left","22":"first","23":"instock","24":"shipping-taxable","25":"product-type-simple"},"_links":{"self":[{"href":"https:\/\/www.qualitester.com\/pt\/wp-json\/wp\/v2\/product\/5271","targetHints":{"allow":["GET"]}}],"collection":[{"href":"https:\/\/www.qualitester.com\/pt\/wp-json\/wp\/v2\/product"}],"about":[{"href":"https:\/\/www.qualitester.com\/pt\/wp-json\/wp\/v2\/types\/product"}],"replies":[{"embeddable":true,"href":"https:\/\/www.qualitester.com\/pt\/wp-json\/wp\/v2\/comments?post=5271"}],"version-history":[{"count":0,"href":"https:\/\/www.qualitester.com\/pt\/wp-json\/wp\/v2\/product\/5271\/revisions"}],"wp:featuredmedia":[{"embeddable":true,"href":"https:\/\/www.qualitester.com\/pt\/wp-json\/wp\/v2\/media\/6180"}],"wp:attachment":[{"href":"https:\/\/www.qualitester.com\/pt\/wp-json\/wp\/v2\/media?parent=5271"}],"wp:term":[{"taxonomy":"product_cat","embeddable":true,"href":"https:\/\/www.qualitester.com\/pt\/wp-json\/wp\/v2\/product_cat?post=5271"},{"taxonomy":"product_tag","embeddable":true,"href":"https:\/\/www.qualitester.com\/pt\/wp-json\/wp\/v2\/product_tag?post=5271"}],"curies":[{"name":"wp","href":"https:\/\/api.w.org\/{rel}","templated":true}]}}