{"id":5264,"date":"2024-11-07T10:34:56","date_gmt":"2024-11-07T02:34:56","guid":{"rendered":"https:\/\/www.qualitester.com\/?post_type=product&#038;p=5264"},"modified":"2024-12-05T10:12:50","modified_gmt":"2024-12-05T02:12:50","slug":"sale-paper-core-compression-tester","status":"publish","type":"product","link":"https:\/\/www.qualitester.com\/pt\/produto\/sale-paper-core-compression-tester\/","title":{"rendered":"Testador de compress\u00e3o de n\u00facleo de papel CST-PC"},"content":{"rendered":"<h2>Introdu\u00e7\u00e3o ao testador de compress\u00e3o de n\u00facleo de papel<\/h2>\n<p>O <strong>Testador de compress\u00e3o de n\u00facleo de papel<\/strong> (CST-PC) \u00e9 um instrumento especializado projetado para medir a resist\u00eancia \u00e0 compress\u00e3o e ao empilhamento de v\u00e1rios produtos \u00e0 base de papel, como tubos de papel, n\u00facleos, caixas de papel\u00e3o, caixas coloridas e paletes. Este dispositivo de teste \u00e9 essencial em ind\u00fastrias que exigem solu\u00e7\u00f5es de embalagem dur\u00e1veis e confi\u00e1veis, pois ajuda a garantir que os produtos de papel atendam a altos padr\u00f5es de qualidade e desempenho sob press\u00e3o.<\/p>\n<p>Seja nos setores de embalagens, alimentos, m\u00e9dicos ou farmac\u00eauticos, usar um Paper Core Compression Tester pode ajudar a verificar se os tubos ou n\u00facleos de papel n\u00e3o v\u00e3o entortar sob estresse, protegendo assim os produtos dentro. Al\u00e9m disso, os resultados dos testes fornecem aos fabricantes dados cr\u00edticos para otimizar o design do produto e aprimorar os processos de produ\u00e7\u00e3o, levando a solu\u00e7\u00f5es de maior qualidade e custo-efetivas.<\/p>\n<h2>Aplica\u00e7\u00f5es do testador de compress\u00e3o de n\u00facleo de papel<\/h2>\n<p>Este testador vers\u00e1til \u00e9 ideal para avaliar a resist\u00eancia e durabilidade de v\u00e1rios produtos de papel, incluindo:<\/p>\n<ul>\n<li><strong>Teste de resist\u00eancia \u00e0 compress\u00e3o<\/strong>: Garante que tubos de papel, n\u00facleos e componentes de embalagem semelhantes possam suportar as cargas de press\u00e3o necess\u00e1rias sem deformar.<\/li>\n<li><strong>Teste de resist\u00eancia de empilhamento<\/strong>: Verifica se itens de papel, como pequenas caixas e paletes, mant\u00eam a integridade quando empilhados, protegendo contra colapso ou danos durante o armazenamento e o transporte.<\/li>\n<\/ul>\n<p>Ao realizar esses testes, o testador de compress\u00e3o de n\u00facleo de papel ajuda os fabricantes a melhorar seus produtos de embalagem e atender aos rigorosos padr\u00f5es da ind\u00fastria, especialmente aqueles nos setores de alimentos, m\u00e9dicos e bens de consumo, onde a integridade da embalagem \u00e9 vital.<\/p>\n<h2>Principais benef\u00edcios e recursos do testador de compress\u00e3o de n\u00facleo de papel<\/h2>\n<p>O testador de compress\u00e3o de n\u00facleo de papel CST-PC oferece uma variedade de recursos projetados para simplificar os processos de teste, garantindo precis\u00e3o e confiabilidade:<\/p>\n<ul>\n<li><strong>Opera\u00e7\u00e3o de tela sens\u00edvel ao toque de f\u00e1cil utiliza\u00e7\u00e3o<\/strong>: Simplifica os testes com uma interface clara.<\/li>\n<li><strong>Processamento avan\u00e7ado de microcomputadores<\/strong>: Fornece medi\u00e7\u00e3o automatizada, interpreta\u00e7\u00e3o de resultados e um recurso de autorretorno, tornando a coleta e a an\u00e1lise de dados perfeitas.<\/li>\n<li><strong>Sensores de alta precis\u00e3o<\/strong>: Registra a for\u00e7a de compress\u00e3o e a deforma\u00e7\u00e3o em tempo real com precis\u00e3o excepcional.<\/li>\n<li><strong>Gest\u00e3o de Dados<\/strong>: O dispositivo inclui uma microimpressora t\u00e9rmica incorporada para resultados instant\u00e2neos e op\u00e7\u00f5es para exibi\u00e7\u00e3o, rastreamento e exporta\u00e7\u00e3o de dados em tempo real.<\/li>\n<li><strong>Constru\u00e7\u00e3o dur\u00e1vel com motor s\u00edncrono<\/strong>: Inclui um sistema de acionamento robusto com motor s\u00edncrono e parafuso de avan\u00e7o com rosca de alta qualidade, aumentando a durabilidade e mantendo velocidades de teste consistentes.<\/li>\n<\/ul>\n<p>Esses recursos fazem do testador de compress\u00e3o de n\u00facleo de papel uma ferramenta confi\u00e1vel e vers\u00e1til para controle de qualidade, adequada para testes frequentes e de alta precis\u00e3o em ambientes industriais.<\/p>\n<h2>Princ\u00edpio e metodologia do teste<\/h2>\n<p>Para garantir resultados precisos e repet\u00edveis, o processo de teste segue uma metodologia consistente:<\/p>\n<ul>\n<li><strong>Prepara\u00e7\u00e3o da amostra<\/strong>:Cada tubo de papel ou n\u00facleo \u00e9 cuidadosamente preparado e posicionado no testador para garantir estabilidade e distribui\u00e7\u00e3o uniforme da press\u00e3o, alinhando-se aos padr\u00f5es da ind\u00fastria.<\/li>\n<li><strong>Procedimento de teste<\/strong>: A placa superior do testador aplica uma for\u00e7a vertical controlada ao tubo de papel a uma velocidade constante. Equipado com um sensor de alta precis\u00e3o, o testador captura e registra dados de compress\u00e3o, revelando a resposta mec\u00e2nica da amostra sob press\u00e3o. Esses dados fornecem uma base confi\u00e1vel para avaliar a resist\u00eancia \u00e0 compress\u00e3o e avaliar a durabilidade do produto.<\/li>\n<\/ul>\n<h2>Conformidade com as normas ISO: ISO 12048, ISO 2872, ISO 2874<\/h2>\n<p>A conformidade com os padr\u00f5es ISO \u00e9 essencial para garantir que os materiais de embalagem atendam aos padr\u00f5es globais de qualidade. O Paper Core Compression Tester est\u00e1 em conformidade com v\u00e1rios padr\u00f5es ISO importantes, fornecendo aos usu\u00e1rios confian\u00e7a em sua confiabilidade de teste:<\/p>\n<ul>\n<li><a href=\"https:\/\/www.iso.org\/standard\/20810.html\" target=\"_blank\" rel=\"noopener nofollow\"><strong>Norma ISO 12048<\/strong><\/a>:Esta norma especifica m\u00e9todos para testes de compress\u00e3o e empilhamento de embalagens de transporte, avaliando seu desempenho estrutural para garantir a seguran\u00e7a do produto.<\/li>\n<li><a href=\"https:\/\/www.iso.org\/standard\/7890.html\" target=\"_blank\" rel=\"noopener nofollow\"><strong>Norma ISO 2872<\/strong><\/a>: Focada em embalagens de papel\u00e3o e papel, esta norma define procedimentos para testes de compress\u00e3o para determinar a resist\u00eancia da embalagem durante o armazenamento.<\/li>\n<li><a href=\"https:\/\/www.iso.org\/standard\/7894.html\" target=\"_blank\" rel=\"noopener nofollow\"><strong>Norma ISO 2874<\/strong><\/a>:Esta norma descreve os requisitos de teste de empilhamento para embalagens de transporte totalmente embaladas, essenciais para certificar que os produtos podem suportar cargas empilhadas durante a distribui\u00e7\u00e3o.<\/li>\n<\/ul>\n<p>Essas normas estabelecem crit\u00e9rios de teste uniformes, garantindo que os dados do testador de compress\u00e3o de n\u00facleo de papel sejam precisos, repet\u00edveis e alinhados com as melhores pr\u00e1ticas internacionais de qualidade de embalagens.<\/p>\n<h2>Por que as normas ISO s\u00e3o importantes nos testes de compress\u00e3o<\/h2>\n<p>Aderindo \u00e0s normas ISO, como <a href=\"https:\/\/www.qualitester.com\/pt\/categoria-produto\/iso\/iso-12048\/\" target=\"_blank\" rel=\"noopener\">Norma ISO 12048<\/a>, <a href=\"https:\/\/www.qualitester.com\/pt\/categoria-produto\/iso\/iso-2872\/\" target=\"_blank\" rel=\"noopener\">Norma ISO 2872<\/a>, e <a href=\"https:\/\/www.qualitester.com\/pt\/categoria-produto\/iso\/iso-2874\/\" target=\"_blank\" rel=\"noopener\">Norma ISO 2874<\/a> \u00e9 essencial para manter a qualidade e a seguran\u00e7a na embalagem. Ao seguir esses padr\u00f5es, os fabricantes e profissionais de controle de qualidade garantem que os produtos de embalagem possam suportar os rigores do armazenamento e transporte sem comprometer a seguran\u00e7a do conte\u00fado. A conformidade do Paper Core Compression Tester com esses padr\u00f5es permite que os fabricantes atendam \u00e0s expectativas regulat\u00f3rias e do cliente para desempenho confi\u00e1vel da embalagem.<\/p>\n<h2>Especifica\u00e7\u00f5es t\u00e9cnicas do testador de compress\u00e3o de n\u00facleo de papel<\/h2>\n<p>O CST-PC oferece testes precisos e confi\u00e1veis por meio de especifica\u00e7\u00f5es t\u00e9cnicas avan\u00e7adas:<\/p>\n<ul>\n<li><strong>Faixa de for\u00e7a de compress\u00e3o<\/strong>: Capaz de lidar com uma ampla gama de n\u00edveis de for\u00e7a para acomodar diferentes resist\u00eancias de materiais.<\/li>\n<li><strong>Capacidade M\u00e1xima de Carga<\/strong>: Garante capacidade suficiente para testes robustos de v\u00e1rios produtos de papel.<\/li>\n<li><strong>Altos n\u00edveis de precis\u00e3o<\/strong>: Fornece medi\u00e7\u00f5es de for\u00e7a precisas, minimizando erros e aumentando a confiabilidade do teste.<\/li>\n<li><strong>Unidades de Medida e Controle de Velocidade<\/strong>: Oferece op\u00e7\u00f5es flex\u00edveis para controlar velocidades de teste e unidades de medi\u00e7\u00e3o para corresponder a padr\u00f5es e materiais espec\u00edficos.<\/li>\n<\/ul>\n<p>Essas especifica\u00e7\u00f5es contribuem para a precis\u00e3o geral, durabilidade e facilidade de uso do instrumento, tornando-o uma ferramenta essencial para garantia de qualidade em testes de materiais de embalagem.<\/p>\n<h2>Perguntas Frequentes (FAQ)<\/h2>\n<ol>\n<li><strong>Que tipos de produtos podem ser testados com o testador de compress\u00e3o de n\u00facleo de papel?<\/strong>\n<ul>\n<li>Este testador \u00e9 adequado para uma variedade de produtos \u00e0 base de papel, incluindo tubos de papel, paletes, caixas e outros materiais de embalagem que exigem testes de compress\u00e3o e resist\u00eancia ao empilhamento.<\/li>\n<\/ul>\n<\/li>\n<li><strong>Como o testador de compress\u00e3o de n\u00facleo de papel garante a precis\u00e3o?<\/strong>\n<ul>\n<li>O dispositivo \u00e9 equipado com sensores de alta precis\u00e3o e um motor s\u00edncrono que proporciona aplica\u00e7\u00e3o de press\u00e3o consistente, garantindo dados confi\u00e1veis para avalia\u00e7\u00e3o precisa do desempenho.<\/li>\n<\/ul>\n<\/li>\n<li><strong>Por que as normas ISO 12048, ISO 2872 e ISO 2874 s\u00e3o importantes?<\/strong>\n<ul>\n<li>Essas normas definem os m\u00e9todos para testes de compress\u00e3o e empilhamento, ajudando os fabricantes a confirmar que seus produtos de embalagem atendem aos padr\u00f5es de qualidade e seguran\u00e7a reconhecidos pelo setor.<\/li>\n<\/ul>\n<\/li>\n<li><strong>O testador de compress\u00e3o de n\u00facleo de papel pode ser personalizado para necessidades espec\u00edficas de teste?<\/strong>\n<ul>\n<li>Sim, oferecemos op\u00e7\u00f5es de personaliza\u00e7\u00e3o para atender a requisitos de testes espec\u00edficos e aplica\u00e7\u00f5es exclusivas em diversos setores.<\/li>\n<\/ul>\n<\/li>\n<li><strong>Como os dados s\u00e3o coletados e armazenados durante os testes?<\/strong>\n<ul>\n<li>O sistema de microcomputador do testador captura dados em tempo real, com op\u00e7\u00f5es de impress\u00e3o instant\u00e2nea por meio de uma impressora t\u00e9rmica incorporada, al\u00e9m de exportar e rastrear resultados para f\u00e1cil an\u00e1lise e documenta\u00e7\u00e3o.<\/li>\n<\/ul>\n<\/li>\n<\/ol>","protected":false},"excerpt":{"rendered":"<p>O <strong>Testador de compress\u00e3o de n\u00facleo de papel<\/strong> (CST-PC) \u00e9 um instrumento especializado projetado para medir a resist\u00eancia \u00e0 compress\u00e3o e ao empilhamento de v\u00e1rios produtos \u00e0 base de papel, como tubos de papel, n\u00facleos, caixas de papel\u00e3o, caixas coloridas e paletes. Este dispositivo de teste \u00e9 essencial em ind\u00fastrias que exigem solu\u00e7\u00f5es de embalagem dur\u00e1veis e confi\u00e1veis, pois ajuda a garantir que os produtos de papel atendam a altos padr\u00f5es de qualidade e desempenho sob press\u00e3o.<\/p>","protected":false},"featured_media":6178,"comment_status":"closed","ping_status":"closed","template":"","meta":{"site-sidebar-layout":"default","site-content-layout":"default","ast-global-header-display":"","ast-main-header-display":"","ast-hfb-above-header-display":"","ast-hfb-below-header-display":"","ast-hfb-mobile-header-display":"","site-post-title":"","ast-breadcrumbs-content":"","ast-featured-img":"","footer-sml-layout":"","theme-transparent-header-meta":"default","adv-header-id-meta":"","stick-header-meta":"","header-above-stick-meta":"","header-main-stick-meta":"","header-below-stick-meta":""},"product_cat":[845,953,956,955,1065,1067,1066,965,954,957,958,952,959,44,95],"product_tag":[],"class_list":{"0":"post-5264","1":"product","2":"type-product","3":"status-publish","4":"has-post-thumbnail","6":"product_cat-customization","7":"product_cat-bursting-tester","8":"product_cat-cobb-tester","9":"product_cat-crush-tester","10":"product_cat-iso-12048","11":"product_cat-iso-2872","12":"product_cat-iso-2874","13":"product_cat-package-compression-tester","14":"product_cat-paper-tear-tester","15":"product_cat-plybond-tester","16":"product_cat-puncture-tester","17":"product_cat-rub-tester","18":"product_cat-stiffness-tester","19":"product_cat-paper-and-board-testers","20":"product_cat-products","21":"desktop-align-left","22":"tablet-align-left","23":"mobile-align-left","25":"first","26":"instock","27":"shipping-taxable","28":"product-type-simple"},"_links":{"self":[{"href":"https:\/\/www.qualitester.com\/pt\/wp-json\/wp\/v2\/product\/5264","targetHints":{"allow":["GET"]}}],"collection":[{"href":"https:\/\/www.qualitester.com\/pt\/wp-json\/wp\/v2\/product"}],"about":[{"href":"https:\/\/www.qualitester.com\/pt\/wp-json\/wp\/v2\/types\/product"}],"replies":[{"embeddable":true,"href":"https:\/\/www.qualitester.com\/pt\/wp-json\/wp\/v2\/comments?post=5264"}],"version-history":[{"count":0,"href":"https:\/\/www.qualitester.com\/pt\/wp-json\/wp\/v2\/product\/5264\/revisions"}],"wp:featuredmedia":[{"embeddable":true,"href":"https:\/\/www.qualitester.com\/pt\/wp-json\/wp\/v2\/media\/6178"}],"wp:attachment":[{"href":"https:\/\/www.qualitester.com\/pt\/wp-json\/wp\/v2\/media?parent=5264"}],"wp:term":[{"taxonomy":"product_cat","embeddable":true,"href":"https:\/\/www.qualitester.com\/pt\/wp-json\/wp\/v2\/product_cat?post=5264"},{"taxonomy":"product_tag","embeddable":true,"href":"https:\/\/www.qualitester.com\/pt\/wp-json\/wp\/v2\/product_tag?post=5264"}],"curies":[{"name":"wp","href":"https:\/\/api.w.org\/{rel}","templated":true}]}}