{"id":5242,"date":"2024-11-06T12:02:30","date_gmt":"2024-11-06T04:02:30","guid":{"rendered":"https:\/\/www.qualitester.com\/?post_type=product&#038;p=5242"},"modified":"2024-12-05T09:52:23","modified_gmt":"2024-12-05T01:52:23","slug":"sale-internal-bond-tester-iso-16260","status":"publish","type":"product","link":"https:\/\/www.qualitester.com\/pt\/produto\/sale-internal-bond-tester-iso-16260\/","title":{"rendered":"BGT-01 Testador de liga\u00e7\u00e3o interna"},"content":{"rendered":"<h2><strong>Introdu\u00e7\u00e3o Testador de liga\u00e7\u00e3o interna<\/strong><\/h2>\n<p>O <strong>BGT-01 Testador de liga\u00e7\u00e3o interna<\/strong> \u00e9 um instrumento avan\u00e7ado projetado para medir a energia necess\u00e1ria para delaminar rapidamente uma amostra de papel ou papel\u00e3o <strong>Dire\u00e7\u00e3o Z<\/strong>. Este teste simula os impactos r\u00e1pidos e as cargas de choque que os produtos de papel e papel\u00e3o podem sofrer durante processos como impress\u00e3o ou convers\u00e3o. <strong>Testador de liga\u00e7\u00e3o interna<\/strong> usa um p\u00eandulo com massa e velocidade definidas para iniciar a ruptura, tornando-o uma ferramenta ideal para avaliar a resist\u00eancia do material a tens\u00f5es internas.<\/p>\n<p>O BGT-01 \u00e9 perfeito para testar uma variedade de materiais de papel e papel\u00e3o, incluindo papel de camada \u00fanica e multicamadas, folhas revestidas e papel\u00e3o laminado com filmes de pol\u00edmero sint\u00e9tico. \u00c9 particularmente adequado para materiais sujeitos a <strong>Impactos r\u00e1pidos na dire\u00e7\u00e3o Z<\/strong>, como embalagens, impress\u00e3o e outras aplica\u00e7\u00f5es industriais onde a durabilidade \u00e9 cr\u00edtica.<\/p>\n<h2><strong>M\u00e9todos de teste: ISO 16260 e padr\u00f5es<\/strong><\/h2>\n<h3><strong><a href=\"https:\/\/www.iso.org\/standard\/56038.html\" target=\"_blank\" rel=\"noopener nofollow\">Norma ISO 16260<\/a>: O Padr\u00e3o Internacional para Testes de Liga\u00e7\u00e3o Interna<\/strong><\/h3>\n<p><a href=\"https:\/\/www.qualitester.com\/pt\/categoria-produto\/iso\/iso-16260\/\" target=\"_blank\" rel=\"noopener\"><strong>Norma ISO 16260<\/strong><\/a> especifica o m\u00e9todo de teste para medir a resist\u00eancia de liga\u00e7\u00e3o interna de materiais de papel e papel\u00e3o. Esta norma define um procedimento para conduzir testes onde um impacto de p\u00eandulo \u00e9 usado para delaminar a amostra, avaliando a resist\u00eancia do material sob estresse r\u00e1pido e localizado. Ao simular condi\u00e7\u00f5es do mundo real nas quais papel e papel\u00e3o s\u00e3o submetidos a cargas de choque, <strong>Norma ISO 16260<\/strong> ajuda a garantir que os materiais sejam dur\u00e1veis e confi\u00e1veis.<\/p>\n<ul>\n<li><strong>Processo de teste<\/strong>:A resist\u00eancia da liga\u00e7\u00e3o interna \u00e9 medida pela libera\u00e7\u00e3o de um p\u00eandulo com massa fixa, que impacta a amostra a uma velocidade especificada, iniciando a delamina\u00e7\u00e3o na <strong>Dire\u00e7\u00e3o Z<\/strong>.<\/li>\n<li><strong>Relev\u00e2ncia<\/strong>: Este padr\u00e3o \u00e9 crucial para garantir que os materiais de papel e papel\u00e3o sejam capazes de suportar impactos encontrados durante a produ\u00e7\u00e3o, embalagem e transporte. Conformidade com <strong>Norma ISO 16260<\/strong> \u00e9 essencial para fabricantes dos setores de papel, embalagens e ind\u00fastrias relacionadas para garantir o desempenho e a qualidade do produto.<\/li>\n<\/ul>\n<h3><strong>Normas Relevantes Adicionais<\/strong><\/h3>\n<ul>\n<li><strong>TAPPI T569<\/strong>: Um padr\u00e3o desenvolvido pela Associa\u00e7\u00e3o T\u00e9cnica da Ind\u00fastria de Celulose e Papel que se concentra na delamina\u00e7\u00e3o de materiais de papel\u00e3o quando submetidos a for\u00e7as de impacto de p\u00eandulo controladas.<\/li>\n<li><strong>GB\/T 26203<\/strong>: Um padr\u00e3o chin\u00eas que define o teste de liga\u00e7\u00e3o interna para materiais de papel e papel\u00e3o, alinhando-se com protocolos de teste internacionais.<\/li>\n<li><strong>QB\/T 5558<\/strong>: Uma norma chinesa que rege os testes de resist\u00eancia de liga\u00e7\u00e3o interna para materiais de papel e papel\u00e3o, garantindo que eles atendam \u00e0s caracter\u00edsticas de desempenho necess\u00e1rias para embalagens.<\/li>\n<\/ul>\n<h2><strong>Caracter\u00edsticas e benef\u00edcios do testador de liga\u00e7\u00e3o interna BGT-01<\/strong><\/h2>\n<ul>\n<li><strong>Libera\u00e7\u00e3o autom\u00e1tica do p\u00eandulo<\/strong>: O BGT-01 <strong>Testador de liga\u00e7\u00e3o interna<\/strong> \u00e9 equipado com um mecanismo de libera\u00e7\u00e3o autom\u00e1tica do p\u00eandulo que garante resultados de teste consistentes e repet\u00edveis todas as vezes. Esse recurso aumenta a precis\u00e3o e a confiabilidade.<\/li>\n<li><strong>Alta resolu\u00e7\u00e3o e precis\u00e3o<\/strong>: O instrumento apresenta uma resolu\u00e7\u00e3o de aquisi\u00e7\u00e3o de dados de 0,001 lbf\/in\u00b2, alimentada por um codificador de 5000 pulsos de alta precis\u00e3o. Isso permite medi\u00e7\u00f5es detalhadas da resist\u00eancia da liga\u00e7\u00e3o interna, garantindo que mesmo pequenas diferen\u00e7as no desempenho do material possam ser detectadas.<\/li>\n<li><strong>Ferramenta de autocalibra\u00e7\u00e3o<\/strong>: O BGT-01 <strong>Testador de liga\u00e7\u00e3o interna <\/strong>vem com um kit especial de ferramentas de calibra\u00e7\u00e3o de 5 n\u00edveis (acess\u00f3rio adicional), permitindo f\u00e1cil calibra\u00e7\u00e3o para manter desempenho e precis\u00e3o ideais ao longo do tempo.<\/li>\n<li><strong>Troca de unidade flex\u00edvel<\/strong>: O <strong>Testador de liga\u00e7\u00e3o interna <\/strong>oferece versatilidade com a capacidade de alternar entre unidades de medida, incluindo J\/M\u00b2 e lbf\/in\u00b2, tornando-o adapt\u00e1vel a diferentes requisitos da ind\u00fastria.<\/li>\n<li><strong>Interface amig\u00e1vel ao usu\u00e1rio<\/strong>: A interface da tela sens\u00edvel ao toque colorida de 5,0 polegadas \u00e9 intuitiva, exibindo dados de teste em tempo real e permitindo f\u00e1cil navega\u00e7\u00e3o pelas configura\u00e7\u00f5es de teste, resultados e modos operacionais.<\/li>\n<li><strong>Software avan\u00e7ado para processamento de dados<\/strong>: Software de conex\u00e3o de computador opcional est\u00e1 dispon\u00edvel para processamento de dados mais avan\u00e7ado, an\u00e1lise e gera\u00e7\u00e3o de relat\u00f3rios. Isso fornece uma maneira f\u00e1cil de gerenciar dados de teste, documentar resultados e executar an\u00e1lises adicionais para fins de garantia de qualidade ou P&amp;D.<\/li>\n<li><strong>Impressora t\u00e9rmica modular<\/strong>: Integrada ao BGT-01 est\u00e1 uma impressora t\u00e9rmica que permite aos usu\u00e1rios imprimir resultados de testes imediatamente. Esse recurso modular facilita o registro e o compartilhamento de resultados de testes sem a necessidade de um dispositivo externo.<\/li>\n<\/ul>\n<h2><strong>Aplica\u00e7\u00f5es<\/strong><\/h2>\n<ul>\n<li><strong>Ind\u00fastria de embalagens<\/strong>: O BGT-01 \u00e9 amplamente usado para testar materiais como placas de caixa, placas cinza, placas de marfim e pap\u00e9is revestidos de pol\u00edmero sint\u00e9tico. Esses materiais devem exibir alta resist\u00eancia de liga\u00e7\u00e3o interna para suportar as tens\u00f5es mec\u00e2nicas encontradas durante a embalagem, armazenamento e transporte.<\/li>\n<li><strong>Fabrica\u00e7\u00e3o de papel<\/strong>: Ideal para avaliar a qualidade e durabilidade de materiais de papel, o BGT-01 \u00e9 adequado para pap\u00e9is de camada \u00fanica e multicamadas, bem como folhas revestidas, comumente usadas em v\u00e1rios produtos de papel e embalagens.<\/li>\n<li><strong>Embalagens t\u00eaxteis e de dispositivos m\u00e9dicos<\/strong>:O testador de liga\u00e7\u00e3o interna \u00e9 usado em ind\u00fastrias onde materiais de papel e papel\u00e3o devem demonstrar resist\u00eancia a impactos r\u00e1pidos, como materiais de embalagem para dispositivos m\u00e9dicos ou t\u00eaxteis.<\/li>\n<li><strong>Controle e Garantia de Qualidade<\/strong>: Os laborat\u00f3rios de garantia de qualidade contam com o BGT-01 para testes e avalia\u00e7\u00f5es consistentes da resist\u00eancia da liga\u00e7\u00e3o interna, garantindo que os produtos atendam aos padr\u00f5es da ind\u00fastria e aos requisitos do cliente.<\/li>\n<\/ul>\n<h2><strong>Par\u00e2metros principais<\/strong><\/h2>\n<table>\n<tbody>\n<tr>\n<td width=\"224\">Tamanho da amostra<\/td>\n<td width=\"227\">25,4*25,4 mm (cinco grupos)<\/td>\n<\/tr>\n<tr>\n<td width=\"224\">For\u00e7a de reten\u00e7\u00e3o de amostra<\/td>\n<td width=\"227\">0~400N (Ajust\u00e1vel)<\/td>\n<\/tr>\n<tr>\n<td width=\"224\">Faixa de press\u00e3o de amostra<\/td>\n<td width=\"227\">0~65 kg\/cm\u00b2<\/td>\n<\/tr>\n<tr>\n<td width=\"224\">\u00c2ngulo de Impacto<\/td>\n<td width=\"227\">90\u00b0<\/td>\n<\/tr>\n<tr>\n<td width=\"224\">Resolu\u00e7\u00e3o<\/td>\n<td width=\"227\">0,001 lbf\/pol\u00b2<\/td>\n<\/tr>\n<tr>\n<td colspan=\"1\" rowspan=\"3\" width=\"224\">Faixa de medi\u00e7\u00e3o<\/td>\n<td width=\"227\">A: 0-500J\/M\u00b2<\/td>\n<\/tr>\n<tr>\n<td width=\"227\">B: 500~1000J\/M\u00b2<\/td>\n<\/tr>\n<tr>\n<td width=\"227\">C: 1000~1500J\/M2<\/td>\n<\/tr>\n<tr>\n<td width=\"224\">Erro de indica\u00e7\u00e3o<\/td>\n<td width=\"227\">Um: \u00b11J\/M\u00b2 B: \u00b12J\/M\u00b2 C: \u00b15J\/M\u00b2<\/td>\n<\/tr>\n<tr>\n<td width=\"224\">Unidade<\/td>\n<td width=\"227\">lb-p\u00e9\/pol\u00b2, J\/M\u00b2<\/td>\n<\/tr>\n<tr>\n<td width=\"224\">Dimens\u00f5es<\/td>\n<td width=\"227\">450m\u00d7380cm\u00d7600mm<\/td>\n<\/tr>\n<tr>\n<td width=\"224\">Poder<\/td>\n<td width=\"227\">CA 220 V 50 Hz<\/td>\n<\/tr>\n<tr>\n<td width=\"224\"><\/td>\n<td width=\"227\"><\/td>\n<\/tr>\n<tr>\n<td colspan=\"2\" rowspan=\"1\" width=\"451\"><strong>Especifica\u00e7\u00e3o do cortador de amostra<\/strong><\/td>\n<\/tr>\n<tr>\n<td width=\"224\">Tamanho da Amostra<\/td>\n<td width=\"227\">25,4 mm * 140 mm<\/td>\n<\/tr>\n<tr>\n<td width=\"224\">Paralelismo de dois lados longos<\/td>\n<td width=\"227\">\u22640,015 mm<\/td>\n<\/tr>\n<tr>\n<td width=\"224\">Espessura de Amostragem<\/td>\n<td width=\"227\">(0,05~1,2) mil\u00edmetros<\/td>\n<\/tr>\n<tr>\n<td width=\"224\">Dimens\u00f5es<\/td>\n<td width=\"227\">Cerca de 580*150*620mm<\/td>\n<\/tr>\n<tr>\n<td width=\"224\">Peso<\/td>\n<td width=\"227\">Cerca de 15 kg<\/td>\n<\/tr>\n<\/tbody>\n<\/table>\n<h2><strong>Benef\u00edcios do uso do testador de liga\u00e7\u00e3o interna BGT-01<\/strong><\/h2>\n<ul>\n<li><strong>Precis\u00e3o e confiabilidade<\/strong>: Com sua alta precis\u00e3o e recursos avan\u00e7ados, o BGT-01 garante resultados precisos e reproduz\u00edveis, permitindo que os fabricantes atendam aos rigorosos padr\u00f5es da ind\u00fastria.<\/li>\n<li><strong>Conformidade com a norma ISO 16260<\/strong>: O BGT-01 est\u00e1 em total conformidade com <strong>Norma ISO 16260<\/strong>, tornando-se uma ferramenta essencial para aqueles que precisam atender aos padr\u00f5es internacionais de testes.<\/li>\n<li><strong>Vers\u00e1til e f\u00e1cil de usar<\/strong>: Seja para P&amp;D, controle de qualidade ou testes de produ\u00e7\u00e3o, o BGT-01 oferece uma experi\u00eancia vers\u00e1til e f\u00e1cil de usar, com capacidade para manusear uma variedade de materiais de papel e papel\u00e3o.<\/li>\n<li><strong>Melhoria da qualidade do produto<\/strong>: Ao garantir que os materiais atendam aos requisitos de resist\u00eancia de liga\u00e7\u00e3o interna, o BGT-01 ajuda a melhorar a qualidade e a durabilidade de produtos de papel, papel\u00e3o e embalagens.<\/li>\n<\/ul>\n<h2><strong>Por que escolher o testador de liga\u00e7\u00e3o interna BGT-01?<\/strong><\/h2>\n<ul>\n<li><strong>Para fabricantes de papel e embalagens<\/strong>: O BGT-01 garante que os materiais tenham a resist\u00eancia interna necess\u00e1ria para suportar impactos r\u00e1pidos durante o manuseio, processamento e transporte. Isso \u00e9 cr\u00edtico para produtos de embalagem que devem funcionar sob condi\u00e7\u00f5es estressantes.<\/li>\n<li><strong>Para Pesquisa e Desenvolvimento<\/strong>: Equipes de P&amp;D que trabalham na fabrica\u00e7\u00e3o de papel ou na ci\u00eancia de materiais achar\u00e3o o BGT-01 essencial para medir com precis\u00e3o a resist\u00eancia de liga\u00e7\u00e3o interna de novas formula\u00e7\u00f5es de papel e papel\u00e3o.<\/li>\n<li><strong>Para controle e garantia de qualidade<\/strong>: Com sua facilidade de uso, recursos automatizados e alta precis\u00e3o, o BGT-01 \u00e9 a escolha ideal para laborat\u00f3rios de controle de qualidade manterem a consist\u00eancia na qualidade do produto e a conformidade regulat\u00f3ria.<\/li>\n<\/ul>\n<h2><strong>Se\u00e7\u00e3o de perguntas frequentes<\/strong><\/h2>\n<ol>\n<li><strong>Qual \u00e9 a finalidade do Testador de Liga\u00e7\u00e3o Interna?<\/strong>\n<ul>\n<li>O Internal Bond Tester mede a energia necess\u00e1ria para delaminar amostras de papel ou papel\u00e3o na dire\u00e7\u00e3o Z. Ele simula cargas de choque e impactos para avaliar a durabilidade do material.<\/li>\n<\/ul>\n<\/li>\n<li><strong>Em que o BGT-01 \u00e9 diferente de outros testadores de liga\u00e7\u00e3o interna?<\/strong>\n<ul>\n<li>O BGT-01 oferece libera\u00e7\u00e3o autom\u00e1tica do p\u00eandulo, alta resolu\u00e7\u00e3o (0,001 lbf\/in\u00b2), autocalibra\u00e7\u00e3o e uma interface touchscreen colorida. Esses recursos garantem precis\u00e3o, confiabilidade e facilidade de uso.<\/li>\n<\/ul>\n<\/li>\n<li><strong>O BGT-01 est\u00e1 em conformidade com os padr\u00f5es internacionais?<\/strong>\n<ul>\n<li>Sim, o BGT-01 est\u00e1 em conformidade com <strong>Norma ISO 16260<\/strong>, TAPPI T569 e outros padr\u00f5es da ind\u00fastria, garantindo que ele atenda aos crit\u00e9rios de qualidade e desempenho exigidos por v\u00e1rios setores.<\/li>\n<\/ul>\n<\/li>\n<li><strong>Posso usar o BGT-01 para testar materiais revestidos ou laminados?<\/strong>\n<ul>\n<li>Sim, o BGT-01 \u00e9 adequado para testar uma ampla variedade de materiais de papel e papel\u00e3o, incluindo produtos revestidos e laminados, como filmes de pol\u00edmero sint\u00e9tico.<\/li>\n<\/ul>\n<\/li>\n<li><strong>O BGT-01 possui software para an\u00e1lise de dados?<\/strong>\n<ul>\n<li>Sim, o BGT-01 pode ser conectado a um software de computador opcional, permitindo processamento detalhado de dados, an\u00e1lise e gera\u00e7\u00e3o de relat\u00f3rios, perfeito para controle de qualidade ou fins de pesquisa.<\/li>\n<\/ul>\n<\/li>\n<\/ol>","protected":false},"excerpt":{"rendered":"<p>O <strong>BGT-01 Testador de liga\u00e7\u00e3o interna<\/strong> \u00e9 um instrumento avan\u00e7ado projetado para medir a energia necess\u00e1ria para delaminar rapidamente uma amostra de papel ou papel\u00e3o <strong>Dire\u00e7\u00e3o Z<\/strong>. Este teste simula os impactos r\u00e1pidos e as cargas de choque que os produtos de papel e papel\u00e3o podem sofrer durante processos como impress\u00e3o ou convers\u00e3o. <strong>Testador de liga\u00e7\u00e3o interna<\/strong> usa um p\u00eandulo com massa e velocidade definidas para iniciar a ruptura, tornando-o uma ferramenta ideal para avaliar a resist\u00eancia do material a tens\u00f5es internas.<\/p>","protected":false},"featured_media":6170,"comment_status":"closed","ping_status":"closed","template":"","meta":{"site-sidebar-layout":"default","site-content-layout":"default","ast-global-header-display":"","ast-main-header-display":"","ast-hfb-above-header-display":"","ast-hfb-below-header-display":"","ast-hfb-mobile-header-display":"","site-post-title":"","ast-breadcrumbs-content":"","ast-featured-img":"","footer-sml-layout":"","theme-transparent-header-meta":"default","adv-header-id-meta":"","stick-header-meta":"","header-above-stick-meta":"","header-main-stick-meta":"","header-below-stick-meta":""},"product_cat":[845,1076,1140,44,95],"product_tag":[],"class_list":{"0":"post-5242","1":"product","2":"type-product","3":"status-publish","4":"has-post-thumbnail","6":"product_cat-customization","7":"product_cat-iso-16260","8":"product_cat-tappi-t569","9":"product_cat-paper-and-board-testers","10":"product_cat-products","11":"desktop-align-left","12":"tablet-align-left","13":"mobile-align-left","15":"first","16":"instock","17":"shipping-taxable","18":"product-type-simple"},"_links":{"self":[{"href":"https:\/\/www.qualitester.com\/pt\/wp-json\/wp\/v2\/product\/5242","targetHints":{"allow":["GET"]}}],"collection":[{"href":"https:\/\/www.qualitester.com\/pt\/wp-json\/wp\/v2\/product"}],"about":[{"href":"https:\/\/www.qualitester.com\/pt\/wp-json\/wp\/v2\/types\/product"}],"replies":[{"embeddable":true,"href":"https:\/\/www.qualitester.com\/pt\/wp-json\/wp\/v2\/comments?post=5242"}],"version-history":[{"count":0,"href":"https:\/\/www.qualitester.com\/pt\/wp-json\/wp\/v2\/product\/5242\/revisions"}],"wp:featuredmedia":[{"embeddable":true,"href":"https:\/\/www.qualitester.com\/pt\/wp-json\/wp\/v2\/media\/6170"}],"wp:attachment":[{"href":"https:\/\/www.qualitester.com\/pt\/wp-json\/wp\/v2\/media?parent=5242"}],"wp:term":[{"taxonomy":"product_cat","embeddable":true,"href":"https:\/\/www.qualitester.com\/pt\/wp-json\/wp\/v2\/product_cat?post=5242"},{"taxonomy":"product_tag","embeddable":true,"href":"https:\/\/www.qualitester.com\/pt\/wp-json\/wp\/v2\/product_tag?post=5242"}],"curies":[{"name":"wp","href":"https:\/\/api.w.org\/{rel}","templated":true}]}}