{"id":5218,"date":"2024-11-05T11:57:50","date_gmt":"2024-11-05T03:57:50","guid":{"rendered":"https:\/\/www.qualitester.com\/?post_type=product&#038;p=5218"},"modified":"2025-02-27T14:50:00","modified_gmt":"2025-02-27T06:50:00","slug":"sale-tape-loop-tack-testing-machine","status":"publish","type":"product","link":"https:\/\/www.qualitester.com\/pt\/produto\/sale-tape-loop-tack-testing-machine\/","title":{"rendered":"Testador de ader\u00eancia de loop LTT-01"},"content":{"rendered":"<p data-start=\"157\" data-end=\"663\">O <strong data-start=\"161\" data-end=\"188\">Testador de ader\u00eancia de loop LTT-01<\/strong> \u00e9 uma ferramenta essencial para medir a for\u00e7a de ader\u00eancia de adesivos, fitas, etiquetas e outros materiais sens\u00edveis \u00e0 press\u00e3o. Projetado para precis\u00e3o e confiabilidade, o LTT-01 ajuda a garantir que os adesivos tenham o desempenho esperado sob v\u00e1rias condi\u00e7\u00f5es. Ele adere a padr\u00f5es renomados, como <strong data-start=\"474\" data-end=\"509\">M\u00e9todo de teste FINAT n\u00ba 9 (FTM-9)<\/strong>, <strong data-start=\"511\" data-end=\"532\">PSTC-16 Loop Tack<\/strong>, e <strong data-start=\"538\" data-end=\"552\">ASTM D6195<\/strong>, tornando-o indispens\u00e1vel em ind\u00fastrias que v\u00e3o desde embalagens e dispositivos m\u00e9dicos at\u00e9 alimentos e produtos farmac\u00eauticos.<\/p>\n<h2>Princ\u00edpio de teste do testador de ader\u00eancia em loop<\/h2>\n<p data-start=\"718\" data-end=\"979\">O <strong data-start=\"722\" data-end=\"740\">teste de ader\u00eancia em loop<\/strong> mede a for\u00e7a necess\u00e1ria para separar uma amostra adesiva em loop de um aderente (geralmente uma placa de vidro) imediatamente ap\u00f3s o contato. Este teste \u00e9 cr\u00edtico para entender qu\u00e3o r\u00e1pida e fortemente um adesivo se liga ap\u00f3s o contato inicial.<\/p>\n<p data-start=\"981\" data-end=\"1383\">No LTT-01, uma tira de adesivo, tipicamente de 25 mm de largura e 125 mm de comprimento, \u00e9 formada em um loop e colocada contra uma placa de vidro a uma velocidade controlada de 300 mm\/min. Ap\u00f3s o adesivo entrar em contato com o vidro, ele \u00e9 retirado na mesma velocidade, e a for\u00e7a m\u00e1xima necess\u00e1ria para pux\u00e1-lo para longe \u00e9 medida. Essa for\u00e7a \u00e9 o \u201cloop tack\u201d, que \u00e9 um indicador essencial da for\u00e7a de liga\u00e7\u00e3o imediata do adesivo.<\/p>\n<h2 data-start=\"4338\" data-end=\"4371\"><strong data-start=\"4342\" data-end=\"4371\">M\u00e9todo e procedimento de teste<\/strong><\/h2>\n<p data-start=\"4373\" data-end=\"4454\">O <strong data-start=\"4377\" data-end=\"4404\">Testador de ader\u00eancia de loop LTT-01<\/strong> segue um procedimento de teste simples, mas eficaz:<\/p>\n<ol data-start=\"4455\" data-end=\"4816\">\n<li data-start=\"4455\" data-end=\"4545\">Uma amostra de fita adesiva ou material, de 25 mm de largura e 175 mm de comprimento, \u00e9 moldada em um la\u00e7o.<\/li>\n<li data-start=\"4546\" data-end=\"4626\">O la\u00e7o \u00e9 pressionado contra uma placa de vidro a uma velocidade controlada de 300 mm\/min.<\/li>\n<li data-start=\"4627\" data-end=\"4697\">Ap\u00f3s o contato, o la\u00e7o \u00e9 imediatamente recolhido na mesma velocidade.<\/li>\n<li data-start=\"4698\" data-end=\"4816\">A for\u00e7a m\u00e1xima necess\u00e1ria para separar o la\u00e7o da placa de vidro \u00e9 registrada, que \u00e9 a <strong data-start=\"4796\" data-end=\"4809\">prego de la\u00e7o<\/strong> valor.<\/li>\n<\/ol>\n<h3 data-start=\"4818\" data-end=\"4967\">Par\u00e2metro principal<\/h3>\n<table>\n<tbody>\n<tr>\n<td style=\"text-align: center;\" width=\"194\">Faixa de teste<\/td>\n<td style=\"text-align: center;\" width=\"178\">200N (ou outros)<\/td>\n<\/tr>\n<tr>\n<td style=\"text-align: center;\" width=\"194\">Faixa de velocidade<\/td>\n<td style=\"text-align: center;\" width=\"178\">1-500 mm\/m<\/td>\n<\/tr>\n<tr>\n<td style=\"text-align: center;\" width=\"194\">AVC<\/td>\n<td style=\"text-align: center;\" width=\"178\">200 mm<\/td>\n<\/tr>\n<tr>\n<td style=\"text-align: center;\" width=\"194\">Tamanho da amostra<\/td>\n<td style=\"text-align: center;\" width=\"178\">125 mm * 25 mm<\/td>\n<\/tr>\n<tr>\n<td style=\"text-align: center;\" width=\"194\">Poder<\/td>\n<td style=\"text-align: center;\" width=\"178\">CA 110~220V, 50\/60HZ<\/td>\n<\/tr>\n<\/tbody>\n<\/table>\n<h2 data-start=\"1390\" data-end=\"1429\"><strong data-start=\"1394\" data-end=\"1429\">Normas para teste de ader\u00eancia em loop<\/strong><\/h2>\n<ol>\n<li data-start=\"1431\" data-end=\"1471\"><strong data-start=\"1436\" data-end=\"1471\">M\u00e9todo de teste FINAT n\u00ba 9 (FTM-9) Medi\u00e7\u00e3o de ader\u00eancia em loop<br \/>\n<\/strong>O <strong data-start=\"1477\" data-end=\"1512\">M\u00e9todo de teste FINAT n\u00ba 9 (FTM-9)<\/strong> \u00e9 um dos padr\u00f5es mais amplamente reconhecidos na ind\u00fastria de etiquetas e adesivos. Ele avalia a ader\u00eancia do la\u00e7o de adesivos sens\u00edveis \u00e0 press\u00e3o, como aqueles usados em etiquetas e fitas. O FTM-9 garante que os adesivos atendam aos crit\u00e9rios de desempenho necess\u00e1rios para colagem r\u00e1pida e facilidade de aplica\u00e7\u00e3o.<\/li>\n<li data-start=\"1431\" data-end=\"1471\"><strong style=\"font-size: 16px;\" data-start=\"1814\" data-end=\"1835\">Teste de ader\u00eancia de la\u00e7o de fita sens\u00edvel \u00e0 press\u00e3o PSTC-16<br \/>\n<\/strong><a href=\"https:\/\/www.qualitester.com\/pt\/categoria-produto\/pstc\/pstc-16\/\" target=\"_blank\" rel=\"noopener\"><strong style=\"font-size: 16px;\" data-start=\"1837\" data-end=\"1848\">PSTC-16<\/strong><\/a><span style=\"font-size: 16px;\"> \u00e9 um padr\u00e3o desenvolvido pelo Pressure Sensitive Tape Council (PSTC), focado na avalia\u00e7\u00e3o das propriedades de ader\u00eancia de la\u00e7o de adesivos sens\u00edveis \u00e0 press\u00e3o. \u00c9 comumente usado em testes de fitas, r\u00f3tulos e produtos adesivos similares.<\/span><\/li>\n<li data-start=\"1431\" data-end=\"1471\"><strong style=\"font-size: 16px;\" data-start=\"2234\" data-end=\"2248\">M\u00e9todos de teste padr\u00e3o ASTM D6195 para Loop Tack<br \/>\n<\/strong><a href=\"https:\/\/www.qualitester.com\/pt\/categoria-produto\/astm\/astm-d6195\/\" target=\"_blank\" rel=\"noopener\"><strong style=\"font-size: 16px;\" data-start=\"2250\" data-end=\"2264\">ASTM D6195<\/strong><\/a><span style=\"font-size: 16px;\"> fornece diretrizes para medir a ader\u00eancia do loop de adesivos sens\u00edveis \u00e0 press\u00e3o. Este padr\u00e3o \u00e9 amplamente usado em v\u00e1rias ind\u00fastrias, incluindo embalagens, dispositivos m\u00e9dicos e produtos farmac\u00eauticos, para verificar se os adesivos atendem \u00e0s resist\u00eancias de liga\u00e7\u00e3o necess\u00e1rias.<\/span><\/li>\n<\/ol>\n<h2>Caracter\u00edsticas e especifica\u00e7\u00f5es t\u00e9cnicas<\/h2>\n<p>O <strong>M\u00e1quina de teste de ader\u00eancia de la\u00e7o de fita<\/strong> \u00e9 equipado com recursos avan\u00e7ados para testes de ader\u00eancia precisos e confi\u00e1veis.<\/p>\n<ul>\n<li><strong>Exibi\u00e7\u00e3o amig\u00e1vel ao usu\u00e1rio<\/strong>: Um <strong>Tela sens\u00edvel ao toque HMI de 7 polegadas<\/strong> A interface permite f\u00e1cil configura\u00e7\u00e3o, monitoramento e opera\u00e7\u00e3o, simplificando o processo de teste.<\/li>\n<li><strong>Controle PLC<\/strong>:Equipado com <strong>Controle L\u00f3gico Program\u00e1vel (CLP)<\/strong> para recursos de testes automatizados e de alta precis\u00e3o.<\/li>\n<li><strong>Ampla faixa de teste<\/strong>:O instrumento abrange uma <strong>faixa de teste de at\u00e9 200N<\/strong>, permitindo flexibilidade para diferentes resist\u00eancias adesivas.<\/li>\n<li><strong>Faixa de velocidade ajust\u00e1vel<\/strong>: Op\u00e7\u00f5es de velocidade de <strong>1-500 mm\/min<\/strong> dar suporte a diversos requisitos de teste.<\/li>\n<li><strong>Mec\u00e2nica de Precis\u00e3o<\/strong>: Um <strong>parafuso de esfera de precis\u00e3o<\/strong> O sistema garante movimentos suaves e consistentes e medi\u00e7\u00f5es precisas de velocidade e deslocamento, mantendo alta precis\u00e3o de teste.<\/li>\n<li><strong>Par\u00e2metros personaliz\u00e1veis<\/strong>: Os operadores podem ajustar a velocidade, o curso e o tempo de perman\u00eancia para atender \u00e0s necessidades espec\u00edficas de teste.<\/li>\n<li><strong>Seguran\u00e7a aprimorada<\/strong>:Os mecanismos de seguran\u00e7a incluem um <strong>fun\u00e7\u00e3o de retorno autom\u00e1tico<\/strong> e dispositivo limitador, garantindo a seguran\u00e7a do operador durante os testes.<\/li>\n<li><strong>Microimpressora Integrada<\/strong>: Um embutido <strong>microimpressora matricial<\/strong> permite a sa\u00edda instant\u00e2nea de resultados de testes para fins de documenta\u00e7\u00e3o e relat\u00f3rios.<\/li>\n<li><strong>Placa de vidro compat\u00edvel com o padr\u00e3o<\/strong>: Inclui um padr\u00e3o compat\u00edvel <strong>placa de vidro float<\/strong>, garantindo medi\u00e7\u00f5es de ader\u00eancia precisas e condi\u00e7\u00f5es de teste consistentes.<\/li>\n<\/ul>\n<h2>Configura\u00e7\u00e3o e Acess\u00f3rios<\/h2>\n<p>O <strong>M\u00e1quina de teste de ader\u00eancia de la\u00e7o de fita<\/strong> \u00e9 equipado com componentes padr\u00e3o e opcionais para aumentar sua versatilidade e conveni\u00eancia do usu\u00e1rio.<\/p>\n<ul>\n<li>\n<h3><strong>Configura\u00e7\u00e3o Padr\u00e3o<\/strong>:<\/h3>\n<ul>\n<li><strong>Testador de ader\u00eancia de loop LTT-01<\/strong> unidade<\/li>\n<li>Acess\u00f3rios: Painel de vidro, mand\u00edbula superior, gabarito inferior, fus\u00edveis, manual do usu\u00e1rio, certificado de calibra\u00e7\u00e3o e cabo de alimenta\u00e7\u00e3o.<\/li>\n<\/ul>\n<\/li>\n<li>\n<h3><strong>Configura\u00e7\u00e3o opcional<\/strong>:<\/h3>\n<ul>\n<li><strong>Painel de a\u00e7o inoxid\u00e1vel<\/strong> para maior durabilidade<\/li>\n<li><strong>Porta RS232<\/strong> para comunica\u00e7\u00e3o e transfer\u00eancia de dados<\/li>\n<li><strong>Linha COM<\/strong> e software especializado para an\u00e1lise avan\u00e7ada de dados e relat\u00f3rios<\/li>\n<\/ul>\n<\/li>\n<\/ul>\n<h2>Aplica\u00e7\u00f5es da m\u00e1quina de teste de ader\u00eancia de fita<\/h2>\n<p>Este instrumento \u00e9 ideal para uma ampla gama de ind\u00fastrias onde a confiabilidade adesiva \u00e9 essencial, como:<\/p>\n<ul>\n<li><strong>Embalagem e rotulagem<\/strong> \u2013 Garantir que fitas, adesivos e etiquetas mantenham sua ades\u00e3o imediatamente ap\u00f3s a aplica\u00e7\u00e3o.<\/li>\n<li><strong>M\u00e9dico e Farmac\u00eautico<\/strong> \u2013 Testar fitas adesivas e bandagens para desempenho consistente.<\/li>\n<li><strong>Alimentos e Bebidas<\/strong> \u2013 Garantir a qualidade dos selos de embalagens e fechos adesivos.<\/li>\n<li><strong>Eletr\u00f4nicos e produtos qu\u00edmicos di\u00e1rios<\/strong> \u2013 Verifica\u00e7\u00e3o da ader\u00eancia dos componentes adesivos para uso seguro e confi\u00e1vel.<\/li>\n<\/ul>\n<p>O <strong>M\u00e1quina de teste de ader\u00eancia de la\u00e7o de fita<\/strong> \u00e9 uma solu\u00e7\u00e3o robusta para fabricantes, departamentos de controle de qualidade e laborat\u00f3rios de teste que buscam resultados consistentes e confi\u00e1veis <strong>avalia\u00e7\u00e3o de desempenho adesivo<\/strong>. Com sua ades\u00e3o \u00e0 ASTM D6195 e outras normas internacionais, configura\u00e7\u00f5es personaliz\u00e1veis e recursos de seguran\u00e7a, \u00e9 a principal escolha para testes de ader\u00eancia de loop de alta precis\u00e3o.<\/p>","protected":false},"excerpt":{"rendered":"<p>O <strong>M\u00e1quina de teste de ader\u00eancia de la\u00e7o de fita<\/strong> \u00e9 uma solu\u00e7\u00e3o robusta para fabricantes, departamentos de controle de qualidade e laborat\u00f3rios de teste que buscam resultados consistentes e confi\u00e1veis <strong>avalia\u00e7\u00e3o de desempenho adesivo<\/strong>. Com sua ades\u00e3o \u00e0 ASTM D6195 e outras normas internacionais, configura\u00e7\u00f5es personaliz\u00e1veis e recursos de seguran\u00e7a, \u00e9 a principal escolha para testes de ader\u00eancia de loop de alta precis\u00e3o.<\/p>","protected":false},"featured_media":6259,"comment_status":"closed","ping_status":"closed","template":"","meta":{"site-sidebar-layout":"default","site-content-layout":"default","ast-global-header-display":"","ast-main-header-display":"","ast-hfb-above-header-display":"","ast-hfb-below-header-display":"","ast-hfb-mobile-header-display":"","site-post-title":"","ast-breadcrumbs-content":"","ast-featured-img":"","footer-sml-layout":"","theme-transparent-header-meta":"default","adv-header-id-meta":"","stick-header-meta":"","header-above-stick-meta":"","header-main-stick-meta":"","header-below-stick-meta":""},"product_cat":[845,1075,1074,1162,672,673,95],"product_tag":[],"class_list":{"0":"post-5218","1":"product","2":"type-product","3":"status-publish","4":"has-post-thumbnail","6":"product_cat-customization","7":"product_cat-astm-d6195","8":"product_cat-loop-tack-tester","9":"product_cat-pstc-16","10":"product_cat-applied-materials","11":"product_cat-adhesive-tester","12":"product_cat-products","13":"desktop-align-left","14":"tablet-align-left","15":"mobile-align-left","17":"first","18":"instock","19":"shipping-taxable","20":"product-type-simple"},"_links":{"self":[{"href":"https:\/\/www.qualitester.com\/pt\/wp-json\/wp\/v2\/product\/5218","targetHints":{"allow":["GET"]}}],"collection":[{"href":"https:\/\/www.qualitester.com\/pt\/wp-json\/wp\/v2\/product"}],"about":[{"href":"https:\/\/www.qualitester.com\/pt\/wp-json\/wp\/v2\/types\/product"}],"replies":[{"embeddable":true,"href":"https:\/\/www.qualitester.com\/pt\/wp-json\/wp\/v2\/comments?post=5218"}],"version-history":[{"count":0,"href":"https:\/\/www.qualitester.com\/pt\/wp-json\/wp\/v2\/product\/5218\/revisions"}],"wp:featuredmedia":[{"embeddable":true,"href":"https:\/\/www.qualitester.com\/pt\/wp-json\/wp\/v2\/media\/6259"}],"wp:attachment":[{"href":"https:\/\/www.qualitester.com\/pt\/wp-json\/wp\/v2\/media?parent=5218"}],"wp:term":[{"taxonomy":"product_cat","embeddable":true,"href":"https:\/\/www.qualitester.com\/pt\/wp-json\/wp\/v2\/product_cat?post=5218"},{"taxonomy":"product_tag","embeddable":true,"href":"https:\/\/www.qualitester.com\/pt\/wp-json\/wp\/v2\/product_tag?post=5218"}],"curies":[{"name":"wp","href":"https:\/\/api.w.org\/{rel}","templated":true}]}}