{"id":5197,"date":"2024-11-05T11:16:04","date_gmt":"2024-11-05T03:16:04","guid":{"rendered":"https:\/\/www.qualitester.com\/?post_type=product&#038;p=5197"},"modified":"2024-12-05T14:15:40","modified_gmt":"2024-12-05T06:15:40","slug":"sale-container-top-load-testing-machine-astm-d2659","status":"publish","type":"product","link":"https:\/\/www.qualitester.com\/pt\/produto\/sale-container-top-load-testing-machine-astm-d2659\/","title":{"rendered":"Testador de carga superior TLT-01"},"content":{"rendered":"<p><strong>M\u00e1quina de teste de carga superior de cont\u00eainer<\/strong> \u00e9 uma solu\u00e7\u00e3o avan\u00e7ada projetada para avaliar a integridade estrutural e a resist\u00eancia \u00e0 compress\u00e3o de v\u00e1rios recipientes de embalagem. Ao medir com precis\u00e3o a capacidade de carga de recipientes como garrafas, potes, caixas e caixas, esta m\u00e1quina ajuda os fabricantes a garantir que seus produtos suportem tens\u00f5es de empilhamento, transporte e armazenamento sem deforma\u00e7\u00e3o ou colapso. Com esta m\u00e1quina, a Cell Instruments oferece uma solu\u00e7\u00e3o de primeira linha para ind\u00fastrias como alimentos, produtos farmac\u00eauticos e bens de consumo, onde a durabilidade da embalagem \u00e9 fundamental para a seguran\u00e7a e qualidade do produto.<\/p>\n<h2><strong>Import\u00e2ncia do teste de carga superior em embalagens<\/strong><\/h2>\n<p>Em embalagens modernas, garantir a resist\u00eancia e a confiabilidade do cont\u00eainer \u00e9 essencial. O teste de carga superior verifica se os cont\u00eaineres podem suportar for\u00e7as compressivas encontradas durante o empilhamento e o transporte, protegendo o produto interno e evitando danos, devolu\u00e7\u00f5es e substitui\u00e7\u00f5es dispendiosos. Al\u00e9m disso, esse teste auxilia os fabricantes a otimizar o design da embalagem e o uso do material, promovendo a rela\u00e7\u00e3o custo-benef\u00edcio e a sustentabilidade, mantendo a qualidade e a reputa\u00e7\u00e3o da marca.<\/p>\n<h2><strong>Norma ASTM D2659<\/strong><\/h2>\n<p><strong>Norma ASTM D2659<\/strong> \u00e9 um padr\u00e3o-chave para avaliar a resist\u00eancia \u00e0 compress\u00e3o de recipientes pl\u00e1sticos r\u00edgidos. Ele fornece m\u00e9todos padronizados para avaliar o qu\u00e3o bem esses recipientes suportam cargas de cima para baixo, uma medida essencial para garantir a integridade estrutural e o desempenho.<\/p>\n<ul>\n<li><strong>M\u00e9todos de teste ASTM D2659:<\/strong> Seguindo as diretrizes ASTM D2659, o teste de carga superior aplica uma for\u00e7a compressiva controlada ao topo do cont\u00eainer, aumentando gradativamente at\u00e9 que ocorra deforma\u00e7\u00e3o ou falha. Este m\u00e9todo oferece dados cr\u00edticos sobre toler\u00e2ncia m\u00e1xima de carga, ajudando a garantir que os cont\u00eaineres atendam aos padr\u00f5es de seguran\u00e7a e desempenho da ind\u00fastria.<\/li>\n<li><strong>Benef\u00edcios da conformidade:<\/strong> A ades\u00e3o \u00e0 norma ASTM D2659 aumenta a confiabilidade e a conformidade regulat\u00f3ria, dando aos fabricantes e consumidores confian\u00e7a na durabilidade da embalagem.<\/li>\n<\/ul>\n<h2><strong>Principais caracter\u00edsticas t\u00e9cnicas da m\u00e1quina de teste de carga superior de cont\u00eainer<\/strong><\/h2>\n<p>Projetada para precis\u00e3o, conveni\u00eancia e adaptabilidade, a m\u00e1quina de teste de carga superior de cont\u00eainer \u00e9 equipada com recursos avan\u00e7ados para atender a diversos requisitos de teste.<\/p>\n<ul>\n<li><strong>Controle e exibi\u00e7\u00e3o avan\u00e7ados:<\/strong>\n<ul>\n<li>A m\u00e1quina possui uma tela sens\u00edvel ao toque HMI de 7 polegadas para intera\u00e7\u00e3o perfeita do usu\u00e1rio e facilidade operacional.<\/li>\n<li>Ele opera sob um sistema de controle PLC, que oferece estabilidade e efici\u00eancia de n\u00edvel industrial.<\/li>\n<\/ul>\n<\/li>\n<li><strong>Precis\u00e3o e flexibilidade:<\/strong>\n<ul>\n<li>Com um parafuso de avan\u00e7o de esferas de precis\u00e3o, a m\u00e1quina obt\u00e9m controle exato sobre velocidade e deslocamento, proporcionando resultados confi\u00e1veis e repet\u00edveis.<\/li>\n<li>A velocidade de teste ajust\u00e1vel permite que os usu\u00e1rios adaptem as condi\u00e7\u00f5es de teste aos seus materiais e padr\u00f5es espec\u00edficos.<\/li>\n<li>V\u00e1rios formatos e tamanhos de placas de compress\u00e3o compat\u00edveis oferecem flexibilidade para diversos tipos e dimens\u00f5es de cont\u00eaineres.<\/li>\n<\/ul>\n<\/li>\n<li><strong>Recursos de seguran\u00e7a e conveni\u00eancia:<\/strong>\n<ul>\n<li>Prote\u00e7\u00e3o contra sobrecarga integrada e fun\u00e7\u00f5es de retorno autom\u00e1tico garantem seguran\u00e7a operacional e facilidade de uso.<\/li>\n<li>A microimpressora opcional e a porta de sa\u00edda de dados RS232 permitem registro e gera\u00e7\u00e3o de relat\u00f3rios de dados eficientes, com software profissional para an\u00e1lise abrangente de dados.<\/li>\n<\/ul>\n<\/li>\n<\/ul>\n<h2><strong>Programas de teste exclusivos para an\u00e1lise abrangente<\/strong><\/h2>\n<p>A m\u00e1quina de teste de carga superior de cont\u00eainer \u00e9 equipada com programas de teste especializados, cada um projetado para diferentes requisitos de an\u00e1lise:<\/p>\n<ul>\n<li><strong>Teste de pico de carga:<\/strong> Mede a for\u00e7a de compress\u00e3o m\u00e1xima que um recipiente pode suportar.<\/li>\n<li><strong>Teste de carga de deforma\u00e7\u00e3o fixa:<\/strong> Avalia a capacidade de carga quando o cont\u00eainer atinge um n\u00edvel de deforma\u00e7\u00e3o espec\u00edfico.<\/li>\n<li><strong>Teste de carga fixa:<\/strong> Mede a extens\u00e3o da deforma\u00e7\u00e3o do cont\u00eainer sob uma carga constante.<\/li>\n<li><strong>Teste de compress\u00e3o simples e de ciclo:<\/strong> Permite an\u00e1lise de compress\u00e3o \u00fanica ou ciclos de compress\u00e3o repetidos para testes aprofundados de resili\u00eancia estrutural.<\/li>\n<\/ul>\n<h2><strong>Especifica\u00e7\u00f5es t\u00e9cnicas<\/strong><\/h2>\n<table>\n<tbody>\n<tr>\n<td width=\"248\">Faixa de teste<\/td>\n<td width=\"374\">0-1000N (ou conforme necess\u00e1rio)<\/td>\n<\/tr>\n<tr>\n<td width=\"248\">Altura da amostra<\/td>\n<td width=\"374\">700 mm<\/td>\n<\/tr>\n<tr>\n<td width=\"248\">Di\u00e2metro da amostra<\/td>\n<td width=\"374\">120 mm m\u00e1x.<\/td>\n<\/tr>\n<tr>\n<td width=\"248\">Teste de velocidade<\/td>\n<td width=\"374\">1~500 mm\/minuto<\/td>\n<\/tr>\n<tr>\n<td width=\"248\">Precis\u00e3o de deslocamento<\/td>\n<td width=\"374\">0,01 mm<\/td>\n<\/tr>\n<tr>\n<td width=\"248\">Precis\u00e3o de For\u00e7a<\/td>\n<td width=\"374\">0,5% em escala completa<\/td>\n<\/tr>\n<tr>\n<td width=\"248\">Controlar<\/td>\n<td width=\"374\">Tela PLC e HMI<\/td>\n<\/tr>\n<tr>\n<td width=\"248\">Sa\u00edda de dados<\/td>\n<td width=\"374\">tela, Microimpressora (opcional), RS232 (opcional)<\/td>\n<\/tr>\n<tr>\n<td width=\"248\">Poder<\/td>\n<td width=\"374\">110~220V, 50\/60Hz<\/td>\n<\/tr>\n<\/tbody>\n<\/table>\n<h2><strong>Conformidade com Normas Adicionais<\/strong><\/h2>\n<p>Al\u00e9m da ASTM D2659, a m\u00e1quina de teste de carga superior de cont\u00eaineres oferece suporte a testes em conformidade com v\u00e1rios outros padr\u00f5es para atender \u00e0s diversas necessidades do setor:<\/p>\n<ul>\n<li><strong><a href=\"https:\/\/www.astm.org\/d4577-19.html\" target=\"_blank\" rel=\"noopener nofollow\">ASTM D4577<\/a>:<\/strong> Diretrizes para avalia\u00e7\u00e3o da resist\u00eancia \u00e0 compress\u00e3o de recipientes de embalagem.<\/li>\n<li><strong><a href=\"https:\/\/www.astm.org\/d0642-20.html\" target=\"_blank\" rel=\"noopener nofollow\">ASTM D642<\/a>:<\/strong> M\u00e9todos para avaliar a resist\u00eancia \u00e0 compress\u00e3o de materiais de embalagem.<\/li>\n<li><strong><a href=\"https:\/\/www.iso.org\/standard\/35617.html\" target=\"_blank\" rel=\"noopener nofollow\">Norma ISO 8113<\/a>:<\/strong> Especifica o teste de resist\u00eancia \u00e0 compress\u00e3o de carga superior para cont\u00eaineres r\u00edgidos.<\/li>\n<li><strong><a href=\"https:\/\/www.astm.org\/d4169-22.html\" target=\"_blank\" rel=\"noopener nofollow\">ASTM D4169<\/a>:<\/strong> Fornece procedimentos de teste de desempenho para cont\u00eaineres de transporte e sistemas de embalagem.<\/li>\n<\/ul>\n<h2><strong>Perguntas Frequentes (FAQs)<\/strong><\/h2>\n<ol>\n<li><strong>Que tipos de recipientes podem ser testados com esta m\u00e1quina?<\/strong><br \/>\nA m\u00e1quina pode testar v\u00e1rios recipientes, como garrafas, potes, caixas e caixas feitas de pl\u00e1stico, vidro ou outros materiais r\u00edgidos, de at\u00e9 120 mm de di\u00e2metro e 700 mm de altura.<\/li>\n<li><strong>Como esta m\u00e1quina garante a conformidade com a norma ASTM D2659?<\/strong><br \/>\nA m\u00e1quina foi projetada para seguir os m\u00e9todos de teste ASTM D2659, aplicando for\u00e7as compressivas incrementais controladas e registrando a capacidade m\u00e1xima de carga e deforma\u00e7\u00e3o, garantindo precis\u00e3o no atendimento ao padr\u00e3o.<\/li>\n<li><strong>Os par\u00e2metros de teste podem ser ajustados?<\/strong><br \/>\nSim, os par\u00e2metros de teste, incluindo velocidade de teste e altura da amostra, podem ser ajustados para acomodar v\u00e1rios tamanhos de recipientes e requisitos de teste.<\/li>\n<li><strong>\u00c9 poss\u00edvel integrar esta m\u00e1quina com software de gerenciamento de dados?<\/strong><br \/>\nSim, a m\u00e1quina oferece uma porta de dados RS232 para integra\u00e7\u00e3o perfeita com sistemas de software, aprimorando os recursos de grava\u00e7\u00e3o e an\u00e1lise de dados.<\/li>\n<li><strong>Com que frequ\u00eancia a m\u00e1quina deve ser calibrada?<\/strong><br \/>\nA calibra\u00e7\u00e3o regular \u00e9 recomendada com base na frequ\u00eancia de uso, normalmente anual, para manter precis\u00e3o e conformidade ideais.<\/li>\n<\/ol>\n<p>Instrumentos de C\u00e9lula <strong>M\u00e1quina de teste de carga superior de cont\u00eainer<\/strong> \u00e9 projetado para fornecer precis\u00e3o, confiabilidade e flexibilidade para atender a uma ampla gama de necessidades de teste. Com op\u00e7\u00f5es de personaliza\u00e7\u00e3o, ele se adapta facilmente aos requisitos exclusivos do cliente, incluindo necessidades especiais de teste e transforma\u00e7\u00e3o de automa\u00e7\u00e3o. Os usu\u00e1rios se beneficiam de orienta\u00e7\u00e3o especializada sobre configura\u00e7\u00e3o, conformidade com os padr\u00f5es ASTM e interpreta\u00e7\u00e3o de dados, garantindo integra\u00e7\u00e3o eficiente em fluxos de trabalho de garantia de qualidade.<\/p>","protected":false},"excerpt":{"rendered":"<p><strong>M\u00e1quina de teste de carga superior de cont\u00eainer<\/strong> \u00e9 uma solu\u00e7\u00e3o avan\u00e7ada projetada para avaliar a integridade estrutural e a resist\u00eancia \u00e0 compress\u00e3o de v\u00e1rios recipientes de embalagem. Ao medir com precis\u00e3o a capacidade de carga de recipientes como garrafas, potes, caixas e caixas, esta m\u00e1quina ajuda os fabricantes a garantir que seus produtos suportem tens\u00f5es de empilhamento, transporte e armazenamento sem deforma\u00e7\u00e3o ou colapso. Com esta m\u00e1quina, a Cell Instruments oferece uma solu\u00e7\u00e3o de primeira linha para ind\u00fastrias como alimentos, produtos farmac\u00eauticos e bens de consumo, onde a durabilidade da embalagem \u00e9 fundamental para a seguran\u00e7a e qualidade do produto.<\/p>","protected":false},"featured_media":6248,"comment_status":"closed","ping_status":"closed","template":"","meta":{"site-sidebar-layout":"default","site-content-layout":"default","ast-global-header-display":"","ast-main-header-display":"","ast-hfb-above-header-display":"","ast-hfb-below-header-display":"","ast-hfb-mobile-header-display":"","site-post-title":"","ast-breadcrumbs-content":"","ast-featured-img":"","footer-sml-layout":"","theme-transparent-header-meta":"default","adv-header-id-meta":"","stick-header-meta":"","header-above-stick-meta":"","header-main-stick-meta":"","header-below-stick-meta":""},"product_cat":[845,1071,1069,1072,1068,1073,1113,95],"product_tag":[],"class_list":{"0":"post-5197","1":"product","2":"type-product","3":"status-publish","4":"has-post-thumbnail","6":"product_cat-customization","7":"product_cat-astm-d2659","8":"product_cat-astm-d4169","9":"product_cat-astm-d4577","10":"product_cat-astm-d642","11":"product_cat-iso-8113","12":"product_cat-top-load-tester","13":"product_cat-products","14":"desktop-align-left","15":"tablet-align-left","16":"mobile-align-left","18":"first","19":"instock","20":"shipping-taxable","21":"product-type-simple"},"_links":{"self":[{"href":"https:\/\/www.qualitester.com\/pt\/wp-json\/wp\/v2\/product\/5197","targetHints":{"allow":["GET"]}}],"collection":[{"href":"https:\/\/www.qualitester.com\/pt\/wp-json\/wp\/v2\/product"}],"about":[{"href":"https:\/\/www.qualitester.com\/pt\/wp-json\/wp\/v2\/types\/product"}],"replies":[{"embeddable":true,"href":"https:\/\/www.qualitester.com\/pt\/wp-json\/wp\/v2\/comments?post=5197"}],"version-history":[{"count":0,"href":"https:\/\/www.qualitester.com\/pt\/wp-json\/wp\/v2\/product\/5197\/revisions"}],"wp:featuredmedia":[{"embeddable":true,"href":"https:\/\/www.qualitester.com\/pt\/wp-json\/wp\/v2\/media\/6248"}],"wp:attachment":[{"href":"https:\/\/www.qualitester.com\/pt\/wp-json\/wp\/v2\/media?parent=5197"}],"wp:term":[{"taxonomy":"product_cat","embeddable":true,"href":"https:\/\/www.qualitester.com\/pt\/wp-json\/wp\/v2\/product_cat?post=5197"},{"taxonomy":"product_tag","embeddable":true,"href":"https:\/\/www.qualitester.com\/pt\/wp-json\/wp\/v2\/product_tag?post=5197"}],"curies":[{"name":"wp","href":"https:\/\/api.w.org\/{rel}","templated":true}]}}