{"id":5167,"date":"2024-10-31T13:16:34","date_gmt":"2024-10-31T05:16:34","guid":{"rendered":"https:\/\/www.qualitester.com\/?post_type=product&#038;p=5167"},"modified":"2024-12-05T09:33:56","modified_gmt":"2024-12-05T01:33:56","slug":"sale-non-destructive-leak-testing-equipment","status":"publish","type":"product","link":"https:\/\/www.qualitester.com\/pt\/produto\/sale-non-destructive-leak-testing-equipment\/","title":{"rendered":"MLT-01 Micro testador de vazamento"},"content":{"rendered":"<h2>Introdu\u00e7\u00e3o<\/h2>\n<p>No mercado competitivo de hoje, garantir a integridade da embalagem \u00e9 crucial para manter a qualidade do produto e a seguran\u00e7a do consumidor. Equipamentos de teste de vazamento n\u00e3o destrutivos desempenham um papel vital para atingir esse objetivo. O MLT-01 Micro Leak Tester foi projetado para fornecer detec\u00e7\u00e3o de vazamento precisa e confi\u00e1vel para embalagens n\u00e3o porosas, r\u00edgidas ou flex\u00edveis, tornando-o uma ferramenta essencial em v\u00e1rios setores, incluindo produtos farmac\u00eauticos, embalagens de alimentos e dispositivos m\u00e9dicos.<\/p>\n<h2>Compreendendo a norma ASTM F2338<\/h2>\n<h3>O que \u00e9 <a href=\"https:\/\/www.astm.org\/f2338-09r20.html\" target=\"_blank\" rel=\"noopener nofollow\">Norma ASTM F2338<\/a>?<\/h3>\n<p><a href=\"https:\/\/www.qualitester.com\/pt\/categoria-produto\/astm\/astm-d2338\/\">Norma ASTM F2338<\/a> \u00e9 um padr\u00e3o cr\u00edtico que descreve os m\u00e9todos de teste para avaliar a integridade de embalagens lacradas por meio de testes de vazamento n\u00e3o destrutivos. Este padr\u00e3o garante que os produtos atendam a rigorosos crit\u00e9rios de qualidade e seguran\u00e7a, particularmente em ind\u00fastrias regulamentadas. Os m\u00e9todos definidos na ASTM F2338 s\u00e3o cruciais para identificar vazamentos potenciais, que podem comprometer a integridade do produto e levar a perdas financeiras significativas.<\/p>\n<h3>M\u00e9todos de teste definidos pela ASTM F2338<\/h3>\n<p>A norma ASTM F2338 inclui v\u00e1rios m\u00e9todos para detectar vazamentos, com foco no m\u00e9todo de decaimento a v\u00e1cuo. Essa abordagem envolve aplicar uma press\u00e3o negativa ao pacote de teste e monitorar qualquer aumento de press\u00e3o, indicando um vazamento. Comparado a outros m\u00e9todos de teste de vazamento, o m\u00e9todo de decaimento a v\u00e1cuo \u00e9 altamente sens\u00edvel e eficiente, tornando-o adequado para v\u00e1rias aplica\u00e7\u00f5es.<\/p>\n<h2>MLT-01 Micro testador de vazamento<\/h2>\n<h3>Descri\u00e7\u00e3o do sistema<\/h3>\n<p>O MLT-01 Micro Leak Tester utiliza um design sofisticado que apresenta uma rede de condu\u00edtes e v\u00e1lvulas conectando uma c\u00e2mara de teste a um sensor de press\u00e3o de alta resolu\u00e7\u00e3o e uma fonte de v\u00e1cuo externa. O sistema \u00e9 equipado com uma unidade de controle PLC e uma tela sens\u00edvel ao toque HMI, permitindo uma opera\u00e7\u00e3o intuitiva. Um medidor de vaz\u00e3o de g\u00e1s externo garante o desempenho ideal do sistema, enquanto a c\u00e2mara de teste especialmente projetada envolve com seguran\u00e7a o pacote de teste e pode incorporar ferramentas para restringir o movimento ou a expans\u00e3o, conforme necess\u00e1rio.<\/p>\n<h3>Processo de teste<\/h3>\n<p>O processo de teste com o Micro Leak Tester MLT-01 consiste em quatro etapas principais:<\/p>\n<ol>\n<li><strong>Est\u00e1gio FILL<\/strong>: Fixe a amostra na c\u00e2mara e aplique press\u00e3o negativa para criar um ambiente controlado.<\/li>\n<li><strong>Palco SETTLE<\/strong>: Permita que o sistema acomode qualquer alongamento ou flex\u00e3o de componente que possa ocorrer sob press\u00e3o negativa.<\/li>\n<li><strong>Fase de TESTE<\/strong>: Me\u00e7a qualquer aumento de press\u00e3o durante esta fase. Uma mudan\u00e7a significativa indica a presen\u00e7a de um vazamento.<\/li>\n<li><strong>Est\u00e1gio VENT<\/strong>: Libere a press\u00e3o negativa restante para a atmosfera e avalie os resultados. Se a amostra permanecer dentro da faixa especificada, ela PASSA; caso contr\u00e1rio, ela FALHA.<\/li>\n<\/ol>\n<h3>Caracter\u00edsticas t\u00e9cnicas<\/h3>\n<ul>\n<li><strong>Opera\u00e7\u00e3o do sistema PLC<\/strong>: O sistema \u00e9 operado por meio de um controlador l\u00f3gico program\u00e1vel (CLP) para maior confiabilidade.<\/li>\n<li><strong>Tamanhos de c\u00e2mara personaliz\u00e1veis<\/strong>:Tamanhos personalizados est\u00e3o dispon\u00edveis para acomodar diversas dimens\u00f5es de embalagens.<\/li>\n<li><strong>Alta Sensibilidade<\/strong>: O MLT-01 apresenta sensibilidade excepcional, capaz de detectar vazamentos min\u00fasculos na faixa de 1\u20133 \u03bcm.<\/li>\n<li><strong>C\u00e1lculo da taxa de vazamento efetiva<\/strong>: O testador calcula com precis\u00e3o a taxa de vazamento, fornecendo dados essenciais para garantia de qualidade.<\/li>\n<li><strong>M\u00e9todo de teste eficiente<\/strong>:O MLT-01 simplifica o processo de teste, oferecendo uma abordagem direta para detec\u00e7\u00e3o de vazamentos.<\/li>\n<\/ul>\n<h2>Aplica\u00e7\u00f5es e Benef\u00edcios<\/h2>\n<p>O MLT-01 Micro Leak Tester \u00e9 ideal para v\u00e1rias ind\u00fastrias, incluindo farmac\u00eautica, alimentos e bebidas, dispositivos m\u00e9dicos e embalagens. Seus recursos de teste n\u00e3o destrutivos garantem que a integridade do produto seja mantida durante todo o processo de produ\u00e7\u00e3o. Ao empregar este equipamento avan\u00e7ado de teste de vazamento, as empresas podem evitar recalls dispendiosos, aumentar a seguran\u00e7a do produto e cumprir com os requisitos regulat\u00f3rios.<\/p>\n<p>Equipamentos de teste de vazamento n\u00e3o destrutivos, como o MLT-01 Micro Leak Tester, s\u00e3o essenciais para manter a qualidade do produto e garantir a seguran\u00e7a do consumidor. Com seu alinhamento aos padr\u00f5es ASTM F2338 e seu design inovador, o MLT-01 fornece aos fabricantes uma solu\u00e7\u00e3o confi\u00e1vel para detec\u00e7\u00e3o de vazamentos. Invista no MLT-01 hoje para aprimorar seus processos de garantia de qualidade e proteger seus produtos.<\/p>\n<h2>Se\u00e7\u00e3o de perguntas frequentes<\/h2>\n<ol>\n<li><strong>Qual \u00e9 o tempo t\u00edpico de teste para o testador de microvazamento MLT-01?<\/strong>\n<ul>\n<li>Os tempos de teste variam, normalmente de alguns segundos a alguns minutos, dependendo do tamanho da embalagem e da sensibilidade ao vazamento necess\u00e1ria.<\/li>\n<\/ul>\n<\/li>\n<li><strong>Qu\u00e3o sens\u00edvel \u00e9 o MLT-01 na detec\u00e7\u00e3o de vazamentos?<\/strong>\n<ul>\n<li>O MLT-01 pode detectar vazamentos min\u00fasculos na faixa de 1\u20133 \u03bcm, o que o torna altamente eficaz para garantia de qualidade.<\/li>\n<\/ul>\n<\/li>\n<li><strong>O tamanho da c\u00e2mara do MLT-01 pode ser personalizado?<\/strong>\n<ul>\n<li>Sim, o MLT-01 oferece tamanhos de c\u00e2mara personalizados para acomodar diversas dimens\u00f5es de pacotes e requisitos de teste.<\/li>\n<\/ul>\n<\/li>\n<li><strong>Qual fonte de alimenta\u00e7\u00e3o \u00e9 necess\u00e1ria para o MLT-01?<\/strong>\n<ul>\n<li>O MLT-01 opera com uma fonte de alimenta\u00e7\u00e3o CA de 110\u2013220 V a 50 Hz.<\/li>\n<\/ul>\n<\/li>\n<li><strong>Como o m\u00e9todo de decaimento do v\u00e1cuo se compara a outros m\u00e9todos de teste de vazamento?<\/strong>\n<ul>\n<li>O m\u00e9todo de decaimento a v\u00e1cuo \u00e9 geralmente mais sens\u00edvel e eficiente do que outros m\u00e9todos, tornando-o ideal para detectar vazamentos em embalagens n\u00e3o porosas sem danific\u00e1-las.<\/li>\n<\/ul>\n<\/li>\n<\/ol>","protected":false},"excerpt":{"rendered":"<p>Equipamentos de teste de vazamento n\u00e3o destrutivos, como o MLT-01 Micro Leak Tester, s\u00e3o essenciais para manter a qualidade do produto e garantir a seguran\u00e7a do consumidor. Com seu alinhamento aos padr\u00f5es ASTM F2338 e seu design inovador, o MLT-01 fornece aos fabricantes uma solu\u00e7\u00e3o confi\u00e1vel para detec\u00e7\u00e3o de vazamentos. Invista no MLT-01 hoje para aprimorar seus processos de garantia de qualidade e proteger seus produtos.<\/p>","protected":false},"featured_media":6153,"comment_status":"closed","ping_status":"closed","template":"","meta":{"site-sidebar-layout":"default","site-content-layout":"default","ast-global-header-display":"","ast-main-header-display":"","ast-hfb-above-header-display":"","ast-hfb-below-header-display":"","ast-hfb-mobile-header-display":"","site-post-title":"","ast-breadcrumbs-content":"","ast-featured-img":"","footer-sml-layout":"","theme-transparent-header-meta":"default","adv-header-id-meta":"","stick-header-meta":"","header-above-stick-meta":"","header-main-stick-meta":"","header-below-stick-meta":""},"product_cat":[845,953,956,955,954,957,958,952,959,144,95],"product_tag":[],"class_list":{"0":"post-5167","1":"product","2":"type-product","3":"status-publish","4":"has-post-thumbnail","6":"product_cat-customization","7":"product_cat-bursting-tester","8":"product_cat-cobb-tester","9":"product_cat-crush-tester","10":"product_cat-paper-tear-tester","11":"product_cat-plybond-tester","12":"product_cat-puncture-tester","13":"product_cat-rub-tester","14":"product_cat-stiffness-tester","15":"product_cat-astm-f2338","16":"product_cat-products","17":"desktop-align-left","18":"tablet-align-left","19":"mobile-align-left","21":"first","22":"instock","23":"shipping-taxable","24":"product-type-simple"},"_links":{"self":[{"href":"https:\/\/www.qualitester.com\/pt\/wp-json\/wp\/v2\/product\/5167","targetHints":{"allow":["GET"]}}],"collection":[{"href":"https:\/\/www.qualitester.com\/pt\/wp-json\/wp\/v2\/product"}],"about":[{"href":"https:\/\/www.qualitester.com\/pt\/wp-json\/wp\/v2\/types\/product"}],"replies":[{"embeddable":true,"href":"https:\/\/www.qualitester.com\/pt\/wp-json\/wp\/v2\/comments?post=5167"}],"version-history":[{"count":0,"href":"https:\/\/www.qualitester.com\/pt\/wp-json\/wp\/v2\/product\/5167\/revisions"}],"wp:featuredmedia":[{"embeddable":true,"href":"https:\/\/www.qualitester.com\/pt\/wp-json\/wp\/v2\/media\/6153"}],"wp:attachment":[{"href":"https:\/\/www.qualitester.com\/pt\/wp-json\/wp\/v2\/media?parent=5167"}],"wp:term":[{"taxonomy":"product_cat","embeddable":true,"href":"https:\/\/www.qualitester.com\/pt\/wp-json\/wp\/v2\/product_cat?post=5167"},{"taxonomy":"product_tag","embeddable":true,"href":"https:\/\/www.qualitester.com\/pt\/wp-json\/wp\/v2\/product_tag?post=5167"}],"curies":[{"name":"wp","href":"https:\/\/api.w.org\/{rel}","templated":true}]}}