{"id":5157,"date":"2024-10-31T12:00:37","date_gmt":"2024-10-31T04:00:37","guid":{"rendered":"https:\/\/www.qualitester.com\/?post_type=product&#038;p=5157"},"modified":"2024-12-04T16:23:34","modified_gmt":"2024-12-04T08:23:34","slug":"sale-film-shrinkage-tester-iso-14616","status":"publish","type":"product","link":"https:\/\/www.qualitester.com\/pt\/produto\/sale-film-shrinkage-tester-iso-14616\/","title":{"rendered":"Testador de contra\u00e7\u00e3o de filme FSR-01"},"content":{"rendered":"<h2>Introdu\u00e7\u00e3o de <strong>Testador de contra\u00e7\u00e3o de filme<\/strong><\/h2>\n<p>O <strong>Testador de contra\u00e7\u00e3o de filme<\/strong> \u00e9 um instrumento essencial projetado para medir as for\u00e7as de contra\u00e7\u00e3o e <a href=\"https:\/\/www.qualitester.com\/pt\/produto\/film-free-shrink-tester-fst-01\/\" target=\"_blank\" rel=\"noopener\">taxas de contra\u00e7\u00e3o de filmes termoencolh\u00edveis<\/a>. Esses filmes s\u00e3o comumente usados em v\u00e1rias ind\u00fastrias, incluindo embalagens, alimentos, medicina e produtos farmac\u00eauticos. Fabricados por meio de extrus\u00e3o e estiramento (estiramento a quente), esses filmes mant\u00eam um estado esticado at\u00e9 serem reaquecidos. Quando expostos \u00e0s temperaturas espec\u00edficas que liberam o estresse inicial, os filmes se contraem, ou &quot;encolhem de volta&quot;, tornando a medi\u00e7\u00e3o precisa cr\u00edtica para a garantia de qualidade.<\/p>\n<h2>M\u00e9todos de teste<\/h2>\n<h3>Processo de teste<\/h3>\n<ol>\n<li><strong>Prepara\u00e7\u00e3o<\/strong>: O teste come\u00e7a com um forno de ar bem isolado, que \u00e9 aquecido a uma temperatura predeterminada. Duas amostras s\u00e3o colocadas separadamente em esta\u00e7\u00f5es de teste designadas para avaliar a taxa de encolhimento e a for\u00e7a de encolhimento\/contra\u00e7\u00e3o.<\/li>\n<li><strong>Configura\u00e7\u00e3o de medi\u00e7\u00e3o<\/strong>: Uma sonda de temperatura \u00e9 posicionada para monitorar a \u00e1rea da amostra, fornecendo leituras precisas de temperatura. O forno de ar abaixa automaticamente para cobrir a \u00e1rea da amostra, facilitando testes precisos.<\/li>\n<li><strong>Coleta de dados<\/strong>: \u00c0 medida que a temperatura sobe, a for\u00e7a m\u00e1xima de contra\u00e7\u00e3o \u00e9 medida, indicando quando a temperatura de contra\u00e7\u00e3o foi atingida. O processo registra o momento em que essa for\u00e7a diminui em aproximadamente 15% para 30%, levantando o forno de ar e anotando o tempo decorrido.<\/li>\n<li><strong>Avalia\u00e7\u00e3o da taxa de encolhimento<\/strong>:Durante a fase de testes, a taxa de contra\u00e7\u00e3o \u00e9 avaliada, oferecendo informa\u00e7\u00f5es vitais sobre as caracter\u00edsticas de desempenho do filme.<\/li>\n<\/ol>\n<h2>Caracter\u00edsticas t\u00e9cnicas<\/h2>\n<ul>\n<li><strong>Controle PLC e tela sens\u00edvel ao toque HMI<\/strong>: Esse recurso garante estabilidade de n\u00edvel industrial ao mesmo tempo em que fornece uma interface amig\u00e1vel para f\u00e1cil opera\u00e7\u00e3o.<\/li>\n<li><strong>Forno de ar bem isolado<\/strong>: O forno de ar \u00e9 habilmente isolado e capaz de abaixar e levantar automaticamente, o que aumenta a precis\u00e3o dos testes.<\/li>\n<li><strong>Medi\u00e7\u00e3o da taxa de encolhimento sem contato<\/strong>: Obtida por meio de um m\u00e9todo sem contato, essa funcionalidade melhora significativamente a precis\u00e3o e a confiabilidade dos resultados.<\/li>\n<li><strong>Exibi\u00e7\u00e3o em tempo real<\/strong>: O testador fornece uma exibi\u00e7\u00e3o em tempo real das principais m\u00e9tricas, incluindo for\u00e7a de encolhimento, for\u00e7a de contra\u00e7\u00e3o e taxa de encolhimento, permitindo uma an\u00e1lise imediata.<\/li>\n<li><strong>Elimina\u00e7\u00e3o de Fatores de Interfer\u00eancia<\/strong>: Ao eliminar efetivamente fatores de interfer\u00eancia irrelevantes, como atrito e ar frio, o sistema garante a precis\u00e3o dos resultados dos testes.<\/li>\n<li><strong>Sistema de aquecimento est\u00e1vel<\/strong>: Um sistema de aquecimento est\u00e1vel e bem equilibrado mant\u00e9m condi\u00e7\u00f5es de teste consistentes, essenciais para medi\u00e7\u00f5es confi\u00e1veis.<\/li>\n<li><strong>F\u00e1cil carregamento de amostra<\/strong>: O design simplifica o carregamento de amostras, agilizando o processo de teste e reduzindo o tempo de configura\u00e7\u00e3o.<\/li>\n<li><strong>Sensores de alta resolu\u00e7\u00e3o<\/strong>: Equipado com transdutores de for\u00e7a e term\u00f4metros de alta resolu\u00e7\u00e3o, o sistema garante medi\u00e7\u00f5es precisas durante todo o processo de teste.<\/li>\n<li><strong>Op\u00e7\u00f5es de conectividade e software<\/strong>: O testador de encolhimento de filme inclui uma porta RS232 para conectividade de dados e oferece software profissional opcional para an\u00e1lise avan\u00e7ada de dados e recursos de gera\u00e7\u00e3o de relat\u00f3rios.<\/li>\n<\/ul>\n<h2>Padr\u00f5es<\/h2>\n<p>O testador de contra\u00e7\u00e3o de filme est\u00e1 em conformidade com os principais padr\u00f5es da ind\u00fastria para garantir um desempenho confi\u00e1vel:<\/p>\n<ul>\n<li><a href=\"https:\/\/www.iso.org\/standard\/24972.html\" target=\"_blank\" rel=\"noopener nofollow\"><strong>Norma ISO 14616<\/strong><\/a>:Esta norma se concentra nos m\u00e9todos de teste aplic\u00e1veis a filmes retr\u00e1teis, fornecendo uma estrutura para medi\u00e7\u00f5es precisas.<\/li>\n<li><strong>DIN 53369<\/strong>: Aborda os padr\u00f5es de testes de materiais relevantes para filmes termoencolh\u00edveis, garantindo a conformidade com as pr\u00e1ticas da ind\u00fastria.<\/li>\n<\/ul>\n<h2>Par\u00e2metros principais<\/h2>\n<table>\n<tbody>\n<tr>\n<td width=\"156\">Alcance de for\u00e7a<\/td>\n<td width=\"152\">5 N (ou conforme necess\u00e1rio)<\/td>\n<\/tr>\n<tr>\n<td width=\"156\">Precis\u00e3o<\/td>\n<td width=\"152\">\u00b10,5%<\/td>\n<\/tr>\n<tr>\n<td width=\"156\">Resolu\u00e7\u00e3o<\/td>\n<td width=\"152\">0,001N<\/td>\n<\/tr>\n<tr>\n<td width=\"156\">Faixa de deslocamento<\/td>\n<td width=\"152\">0,1 ~ 95 mm<\/td>\n<\/tr>\n<tr>\n<td width=\"156\">Precis\u00e3o<\/td>\n<td width=\"152\">\u00b10,1 mm<\/td>\n<\/tr>\n<tr>\n<td width=\"156\">Faixa de temperatura<\/td>\n<td width=\"152\">Ambiente ~ 210\u00b0C<\/td>\n<\/tr>\n<tr>\n<td width=\"156\">Precis\u00e3o<\/td>\n<td width=\"152\">\u00b10,5\u00b0C<\/td>\n<\/tr>\n<tr>\n<td width=\"156\">N\u00ba de esp\u00e9cimes<\/td>\n<td width=\"152\">2<\/td>\n<\/tr>\n<tr>\n<td width=\"156\">Tamanho da amostra<\/td>\n<td width=\"152\">110*15 mm, C*L<\/td>\n<\/tr>\n<tr>\n<td width=\"156\">Fonte de energia<\/td>\n<td width=\"152\">220 V 50 Hz<\/td>\n<\/tr>\n<\/tbody>\n<\/table>\n<p>O <strong>Testador de contra\u00e7\u00e3o de filme<\/strong> \u00e9 uma ferramenta crucial para garantir a qualidade e a confiabilidade de filmes termoencolh\u00edveis em v\u00e1rias aplica\u00e7\u00f5es. Ao fornecer medi\u00e7\u00f5es precisas de for\u00e7as e propor\u00e7\u00f5es de encolhimento, ele auxilia os fabricantes a manter altos padr\u00f5es e otimizar seus processos. Para aqueles interessados em aprimorar suas medidas de controle de qualidade, encorajamos voc\u00ea a explorar mais ou solicitar uma demonstra\u00e7\u00e3o para ver as capacidades deste instrumento essencial em a\u00e7\u00e3o.<\/p>\n<h2>Produto relacionado<\/h2>\n<blockquote class=\"wp-embedded-content\" data-secret=\"95pGvecun0\"><p><a href=\"https:\/\/www.qualitester.com\/pt\/produto\/film-free-shrink-tester-fst-01\/\">Testador de encolhimento sem filme FST-01<\/a><\/p><\/blockquote>\n<p><iframe class=\"wp-embedded-content\" sandbox=\"allow-scripts\" security=\"restricted\" style=\"position: absolute; visibility: hidden;\" title=\"\u300a FST-01 Film Free Shrink Tester \u300b\u2014Material Quality Tester\" src=\"https:\/\/www.qualitester.com\/product\/film-free-shrink-tester-fst-01\/embed\/#?secret=J7nnnghFFb#?secret=95pGvecun0\" data-secret=\"95pGvecun0\" width=\"500\" height=\"282\" frameborder=\"0\" marginwidth=\"0\" marginheight=\"0\" scrolling=\"no\"><\/iframe><\/p>","protected":false},"excerpt":{"rendered":"<p>O <strong>Testador de contra\u00e7\u00e3o de filme<\/strong> \u00e9 uma ferramenta crucial para garantir a qualidade e a confiabilidade de filmes termoencolh\u00edveis em v\u00e1rias aplica\u00e7\u00f5es. Ao fornecer medi\u00e7\u00f5es precisas de for\u00e7as e propor\u00e7\u00f5es de encolhimento, ele auxilia os fabricantes a manter altos padr\u00f5es e otimizar seus processos. Para aqueles interessados em aprimorar suas medidas de controle de qualidade, n\u00f3s os encorajamos a explorar mais ou solicitar uma demonstra\u00e7\u00e3o para ver as capacidades deste instrumento essencial em a\u00e7\u00e3o.<\/p>","protected":false},"featured_media":6141,"comment_status":"closed","ping_status":"closed","template":"","meta":{"site-sidebar-layout":"default","site-content-layout":"default","ast-global-header-display":"","ast-main-header-display":"","ast-hfb-above-header-display":"","ast-hfb-below-header-display":"","ast-hfb-mobile-header-display":"","site-post-title":"","ast-breadcrumbs-content":"","ast-featured-img":"","footer-sml-layout":"","theme-transparent-header-meta":"default","adv-header-id-meta":"","stick-header-meta":"","header-above-stick-meta":"","header-main-stick-meta":"","header-below-stick-meta":""},"product_cat":[953,956,955,845,1134,954,957,958,952,959,686,16,158,95],"product_tag":[],"class_list":{"0":"post-5157","1":"product","2":"type-product","3":"status-publish","4":"has-post-thumbnail","6":"product_cat-bursting-tester","7":"product_cat-cobb-tester","8":"product_cat-crush-tester","9":"product_cat-customization","10":"product_cat-din-53369","11":"product_cat-paper-tear-tester","12":"product_cat-plybond-tester","13":"product_cat-puncture-tester","14":"product_cat-rub-tester","15":"product_cat-stiffness-tester","16":"product_cat-shrink-tester","17":"product_cat-plastic-packaging-testers","18":"product_cat-iso-14616","19":"product_cat-products","20":"desktop-align-left","21":"tablet-align-left","22":"mobile-align-left","24":"first","25":"instock","26":"shipping-taxable","27":"product-type-simple"},"_links":{"self":[{"href":"https:\/\/www.qualitester.com\/pt\/wp-json\/wp\/v2\/product\/5157","targetHints":{"allow":["GET"]}}],"collection":[{"href":"https:\/\/www.qualitester.com\/pt\/wp-json\/wp\/v2\/product"}],"about":[{"href":"https:\/\/www.qualitester.com\/pt\/wp-json\/wp\/v2\/types\/product"}],"replies":[{"embeddable":true,"href":"https:\/\/www.qualitester.com\/pt\/wp-json\/wp\/v2\/comments?post=5157"}],"version-history":[{"count":0,"href":"https:\/\/www.qualitester.com\/pt\/wp-json\/wp\/v2\/product\/5157\/revisions"}],"wp:featuredmedia":[{"embeddable":true,"href":"https:\/\/www.qualitester.com\/pt\/wp-json\/wp\/v2\/media\/6141"}],"wp:attachment":[{"href":"https:\/\/www.qualitester.com\/pt\/wp-json\/wp\/v2\/media?parent=5157"}],"wp:term":[{"taxonomy":"product_cat","embeddable":true,"href":"https:\/\/www.qualitester.com\/pt\/wp-json\/wp\/v2\/product_cat?post=5157"},{"taxonomy":"product_tag","embeddable":true,"href":"https:\/\/www.qualitester.com\/pt\/wp-json\/wp\/v2\/product_tag?post=5157"}],"curies":[{"name":"wp","href":"https:\/\/api.w.org\/{rel}","templated":true}]}}