{"id":5149,"date":"2024-10-31T11:42:15","date_gmt":"2024-10-31T03:42:15","guid":{"rendered":"https:\/\/www.qualitester.com\/?post_type=product&#038;p=5149"},"modified":"2024-12-04T16:20:18","modified_gmt":"2024-12-04T08:20:18","slug":"sale-film-friction-peel-tester","status":"publish","type":"product","link":"https:\/\/www.qualitester.com\/pt\/produto\/sale-film-friction-peel-tester\/","title":{"rendered":"Testador de fric\u00e7\u00e3o\/descascamento de filme FPT-01"},"content":{"rendered":"<h2>Introdu\u00e7\u00e3o ao testador de fric\u00e7\u00e3o\/descascamento de filme<\/h2>\n<p>O Film Friction\/Peel Tester \u00e9 um instrumento avan\u00e7ado projetado para medi\u00e7\u00e3o precisa de atrito e resist\u00eancia ao descascamento em uma ampla gama de materiais. Com aplica\u00e7\u00f5es abrangendo ind\u00fastrias como embalagens, dispositivos m\u00e9dicos, produtos farmac\u00eauticos e t\u00eaxteis, este dispositivo vers\u00e1til desempenha um papel crucial no controle de qualidade, desenvolvimento de produtos e pesquisa.<\/p>\n<h2>Principais caracter\u00edsticas do testador de fric\u00e7\u00e3o\/descascamento de filme<\/h2>\n<h3>Teste COF<\/h3>\n<p>Este testador mede com precis\u00e3o os coeficientes de atrito est\u00e1tico e cin\u00e9tico, essenciais para entender as intera\u00e7\u00f5es dos materiais.<\/p>\n<h3>Teste de Peeling<\/h3>\n<p>Ele tamb\u00e9m realiza testes delicados de for\u00e7a de descascamento em v\u00e1rios materiais, incluindo pap\u00e9is de libera\u00e7\u00e3o, fitas adesivas e pel\u00edculas protetoras.<\/p>\n<h2>Especifica\u00e7\u00f5es t\u00e9cnicas<\/h2>\n<ul>\n<li>Design do Sistema: O testador inclui uma posi\u00e7\u00e3o de c\u00e9lula de carga fixa com uma capa protetora, garantindo uma opera\u00e7\u00e3o segura. O mecanismo de tren\u00f3 facilita testes precisos, onde as amostras s\u00e3o fixadas com seguran\u00e7a, e as for\u00e7as de descascamento s\u00e3o registradas durante a separa\u00e7\u00e3o.<\/li>\n<li>Interface amig\u00e1vel: Com um sistema controlado por CLP, o testador de atrito\/descascamento de filme opera por meio de uma tela sens\u00edvel ao toque HMI intuitiva, facilitando a navega\u00e7\u00e3o e a opera\u00e7\u00e3o pelos usu\u00e1rios.<\/li>\n<\/ul>\n<h3>Par\u00e2metro principal<\/h3>\n<table>\n<tbody>\n<tr>\n<td width=\"156\">Alcance de for\u00e7a<\/td>\n<td width=\"152\">5 N (ou conforme necess\u00e1rio)<\/td>\n<\/tr>\n<tr>\n<td width=\"156\">Precis\u00e3o<\/td>\n<td width=\"152\">\u00b10,5%<\/td>\n<\/tr>\n<tr>\n<td width=\"156\">Resolu\u00e7\u00e3o<\/td>\n<td width=\"152\">0,001N<\/td>\n<\/tr>\n<tr>\n<td width=\"156\">Faixa de deslocamento<\/td>\n<td width=\"152\">0,1 ~ 95 mm<\/td>\n<\/tr>\n<tr>\n<td width=\"156\">Precis\u00e3o<\/td>\n<td width=\"152\">\u00b10,1 mm<\/td>\n<\/tr>\n<tr>\n<td width=\"156\">Faixa de temperatura<\/td>\n<td width=\"152\">Ambiente ~ 210\u00b0C<\/td>\n<\/tr>\n<tr>\n<td width=\"156\">Precis\u00e3o<\/td>\n<td width=\"152\">\u00b10,5\u00b0C<\/td>\n<\/tr>\n<tr>\n<td width=\"156\">N\u00ba de esp\u00e9cimes<\/td>\n<td width=\"152\">2<\/td>\n<\/tr>\n<tr>\n<td width=\"156\">Tamanho da amostra<\/td>\n<td width=\"152\">110*15 mm, C*L<\/td>\n<\/tr>\n<tr>\n<td width=\"156\">Fonte de energia<\/td>\n<td width=\"152\">220 V 50 Hz<\/td>\n<\/tr>\n<\/tbody>\n<\/table>\n<h2>Conformidade com os padr\u00f5es da ind\u00fastria<\/h2>\n<ul>\n<li><a href=\"https:\/\/www.astm.org\/d1894-14.html\" target=\"_blank\" rel=\"noopener nofollow\"><strong>Norma ASTM D1894<\/strong><\/a>: Coeficiente de atrito para pl\u00e1sticos<\/li>\n<li><strong>Norma ASTM D3330<\/strong>: Ades\u00e3o de remo\u00e7\u00e3o para fita sens\u00edvel \u00e0 press\u00e3o (180\u00b0)<\/li>\n<li><strong>Norma ISO 8295<\/strong>: Coeficiente de Atrito para Pl\u00e1sticos, garantindo a qualidade do material na fabrica\u00e7\u00e3o.<\/li>\n<li><strong>TAPPI T816<\/strong>: Coeficiente de atrito para papel\u00e3o ondulado e papel\u00e3o.<\/li>\n<li><strong>TAPPI T549<\/strong>: Coeficiente de atrito para papel de escrita e impress\u00e3o n\u00e3o revestido.<\/li>\n<\/ul>\n<h2>Aplica\u00e7\u00f5es do testador de fric\u00e7\u00e3o\/descascamento de filme<\/h2>\n<p>O testador de atrito\/descascamento de filme \u00e9 utilizado em diversos setores, incluindo:<\/p>\n<ol>\n<li><strong>Embalagem<\/strong>: Garantir que os materiais de embalagem atendam aos padr\u00f5es de desempenho.<\/li>\n<li><strong>Adesivo<\/strong>: Testando adesivos e materiais de barreira para confiabilidade.<\/li>\n<li><strong>Ind\u00fastria aliment\u00edcia<\/strong>: Avalia\u00e7\u00e3o da resist\u00eancia do selo e da intera\u00e7\u00e3o do material para seguran\u00e7a e qualidade.<\/li>\n<li><strong>T\u00eaxteis<\/strong> <strong>e Consumidor<\/strong> <strong>Bens<\/strong>: Avalia\u00e7\u00e3o das propriedades dos materiais para melhorar a durabilidade e a funcionalidade do produto.<\/li>\n<\/ol>\n<h2>Vantagens do testador de fric\u00e7\u00e3o\/descascamento de filme<\/h2>\n<ul>\n<li><strong>Desempenho aprimorado do produto<\/strong>: Ao medir com precis\u00e3o o atrito e a resist\u00eancia ao descascamento, os fabricantes podem melhorar a qualidade e a durabilidade do produto.<\/li>\n<li><strong>An\u00e1lise de dados em tempo real<\/strong>: O sistema fornece resultados imediatos, incluindo representa\u00e7\u00f5es gr\u00e1ficas de dados para f\u00e1cil interpreta\u00e7\u00e3o.<\/li>\n<li><strong>Recursos avan\u00e7ados<\/strong>: Funcionalidades adicionais incluem impress\u00e3o integrada e software opcional para gerenciamento abrangente de dados.<\/li>\n<\/ul>\n<p>O <strong><a href=\"https:\/\/www.qualitester.com\/pt\/produto\/coefficient-of-friction-tester-cof-01\/\" target=\"_blank\" rel=\"noopener\">Atrito de filme<\/a>\/Testador de casca<\/strong> \u00e9 uma ferramenta essencial para qualquer organiza\u00e7\u00e3o focada na qualidade do material e conformidade com os padr\u00f5es da ind\u00fastria. Ao fornecer medi\u00e7\u00f5es precisas e aderir a protocolos de teste reconhecidos, este testador oferece suporte aos fabricantes para atingir o desempenho ideal do produto. Explore os recursos do testador de fric\u00e7\u00e3o\/descascamento de filme hoje mesmo para garantir que seus materiais atendam aos mais altos padr\u00f5es de qualidade.<\/p>\n<h2>Produtos relacionados<\/h2>\n<blockquote class=\"wp-embedded-content\" data-secret=\"hdCaSFydsl\"><p><a href=\"https:\/\/www.qualitester.com\/pt\/produto\/coefficient-of-friction-tester-cof-01\/\">COF-01 Testador de coeficiente de atrito<\/a><\/p><\/blockquote>\n<p><iframe class=\"wp-embedded-content\" sandbox=\"allow-scripts\" security=\"restricted\" style=\"position: absolute; visibility: hidden;\" title=\"\u300a COF-01 Coefficient of Friction Tester \u300b\u2014Material Quality Tester\" src=\"https:\/\/www.qualitester.com\/product\/coefficient-of-friction-tester-cof-01\/embed\/#?secret=KfrAZiIKcT#?secret=hdCaSFydsl\" data-secret=\"hdCaSFydsl\" width=\"500\" height=\"282\" frameborder=\"0\" marginwidth=\"0\" marginheight=\"0\" scrolling=\"no\"><\/iframe><\/p>","protected":false},"excerpt":{"rendered":"<p>O Film Friction\/Peel Tester \u00e9 um instrumento avan\u00e7ado projetado para medi\u00e7\u00e3o precisa de atrito e resist\u00eancia ao descascamento em uma ampla gama de materiais. Com aplica\u00e7\u00f5es abrangendo ind\u00fastrias como embalagens, dispositivos m\u00e9dicos, produtos farmac\u00eauticos e t\u00eaxteis, este dispositivo vers\u00e1til desempenha um papel crucial no controle de qualidade, desenvolvimento de produtos e pesquisa.<\/p>","protected":false},"featured_media":6139,"comment_status":"closed","ping_status":"closed","template":"","meta":{"site-sidebar-layout":"default","site-content-layout":"default","ast-global-header-display":"","ast-main-header-display":"","ast-hfb-above-header-display":"","ast-hfb-below-header-display":"","ast-hfb-mobile-header-display":"","site-post-title":"","ast-breadcrumbs-content":"","ast-featured-img":"","footer-sml-layout":"","theme-transparent-header-meta":"default","adv-header-id-meta":"","stick-header-meta":"","header-above-stick-meta":"","header-main-stick-meta":"","header-below-stick-meta":""},"product_cat":[945,953,956,955,845,954,957,958,952,959,1063,1062,683,681,106,126,132,170,171,95],"product_tag":[],"class_list":{"0":"post-5149","1":"product","2":"type-product","3":"status-publish","4":"has-post-thumbnail","6":"product_cat-180-peeling-tester","7":"product_cat-bursting-tester","8":"product_cat-cobb-tester","9":"product_cat-crush-tester","10":"product_cat-customization","11":"product_cat-paper-tear-tester","12":"product_cat-plybond-tester","13":"product_cat-puncture-tester","14":"product_cat-rub-tester","15":"product_cat-stiffness-tester","16":"product_cat-tappi-t549","17":"product_cat-tappi-t816","18":"product_cat-coefficient-of-friction-tester","19":"product_cat-peel-tester","20":"product_cat-astm-d1894","21":"product_cat-astm-d3330","22":"product_cat-astm-d4917","23":"product_cat-iso-8295","24":"product_cat-iso-8510-2","25":"product_cat-products","26":"desktop-align-left","27":"tablet-align-left","28":"mobile-align-left","30":"first","31":"instock","32":"shipping-taxable","33":"product-type-simple"},"_links":{"self":[{"href":"https:\/\/www.qualitester.com\/pt\/wp-json\/wp\/v2\/product\/5149","targetHints":{"allow":["GET"]}}],"collection":[{"href":"https:\/\/www.qualitester.com\/pt\/wp-json\/wp\/v2\/product"}],"about":[{"href":"https:\/\/www.qualitester.com\/pt\/wp-json\/wp\/v2\/types\/product"}],"replies":[{"embeddable":true,"href":"https:\/\/www.qualitester.com\/pt\/wp-json\/wp\/v2\/comments?post=5149"}],"version-history":[{"count":0,"href":"https:\/\/www.qualitester.com\/pt\/wp-json\/wp\/v2\/product\/5149\/revisions"}],"wp:featuredmedia":[{"embeddable":true,"href":"https:\/\/www.qualitester.com\/pt\/wp-json\/wp\/v2\/media\/6139"}],"wp:attachment":[{"href":"https:\/\/www.qualitester.com\/pt\/wp-json\/wp\/v2\/media?parent=5149"}],"wp:term":[{"taxonomy":"product_cat","embeddable":true,"href":"https:\/\/www.qualitester.com\/pt\/wp-json\/wp\/v2\/product_cat?post=5149"},{"taxonomy":"product_tag","embeddable":true,"href":"https:\/\/www.qualitester.com\/pt\/wp-json\/wp\/v2\/product_tag?post=5149"}],"curies":[{"name":"wp","href":"https:\/\/api.w.org\/{rel}","templated":true}]}}