{"id":5134,"date":"2024-10-30T17:11:11","date_gmt":"2024-10-30T09:11:11","guid":{"rendered":"https:\/\/www.qualitester.com\/?post_type=product&#038;p=5134"},"modified":"2024-12-05T13:39:49","modified_gmt":"2024-12-05T05:39:49","slug":"sale-bag-compression-tester","status":"publish","type":"product","link":"https:\/\/www.qualitester.com\/pt\/produto\/sale-bag-compression-tester\/","title":{"rendered":"Testador de compress\u00e3o PCT-01"},"content":{"rendered":"<h2><strong>Introdu\u00e7\u00e3o ao testador de compress\u00e3o de bolsa<\/strong><\/h2>\n<p>O Bag Compression Tester \u00e9 uma ferramenta vital para garantia de qualidade em materiais de embalagem. Como a integridade da embalagem \u00e9 cr\u00edtica para garantir a seguran\u00e7a e efic\u00e1cia do produto, este instrumento desempenha um papel crucial em v\u00e1rios setores, incluindo alimentos, produtos farmac\u00eauticos, cosm\u00e9ticos e embalagens m\u00e9dicas. Projetado para avaliar a durabilidade e o desempenho de diferentes materiais de embalagem, o Bag Compression Tester garante que os produtos podem suportar os rigores do transporte e armazenamento.<\/p>\n<h2><strong>Aplica\u00e7\u00e3o do Testador de Compress\u00e3o de Saco<\/strong><\/h2>\n<p>Este instrumento vers\u00e1til e de precis\u00e3o foi projetado para avaliar a resist\u00eancia \u00e0 press\u00e3o de uma ampla gama de materiais de embalagem. \u00c9 particularmente eficaz para testar embalagens de filme composto, bolsas de infus\u00e3o, frascos de infus\u00e3o de pl\u00e1stico, bolsas de sangue, bolsas de gelo e v\u00e1rios recipientes. Ao simular condi\u00e7\u00f5es do mundo real, o Bag Compression Tester ajuda os fabricantes a manter a integridade do produto e a conformidade com os padr\u00f5es da ind\u00fastria, reduzindo assim o risco de falhas na embalagem que podem levar a recalls dispendiosos ou problemas de seguran\u00e7a.<\/p>\n<h2><strong>Princ\u00edpio do teste<\/strong><\/h2>\n<h3><strong>Coloca\u00e7\u00e3o<\/strong><\/h3>\n<p>O processo de teste come\u00e7a com a coloca\u00e7\u00e3o do material da amostra de forma segura entre as placas de press\u00e3o superior e inferior do testador. Isso garante resultados precisos e consistentes durante o teste de compress\u00e3o.<\/p>\n<h3><strong>Compress\u00e3o<\/strong><\/h3>\n<p>Uma vez que a amostra esteja no lugar, a placa de press\u00e3o superior \u00e9 ativada para se mover para baixo contra o material de embalagem. Essa a\u00e7\u00e3o simula as press\u00f5es externas que a embalagem pode encontrar durante o manuseio, transporte e armazenamento, permitindo uma avalia\u00e7\u00e3o realista da resist\u00eancia do material.<\/p>\n<h3><strong>Medi\u00e7\u00e3o de For\u00e7a<\/strong><\/h3>\n<p>\u00c0 medida que a compress\u00e3o ocorre, a for\u00e7a exercida pela placa de press\u00e3o inferior \u00e9 medida em tempo real. Esses dados s\u00e3o cruciais para avaliar o desempenho de ruptura da amostra e sua capacidade de suportar press\u00e3o constante. Os insights obtidos com essas medi\u00e7\u00f5es informam os fabricantes sobre a adequa\u00e7\u00e3o de diferentes materiais e designs sob condi\u00e7\u00f5es de estresse.<\/p>\n<h2><strong>M\u00e9todos de teste<\/strong><\/h2>\n<h3><strong>Teste de compress\u00e3o de pacotes<\/strong><\/h3>\n<p>O teste de compress\u00e3o da embalagem \u00e9 parte integrante do protocolo geral de teste. O Bag Compression Tester oferece dois modos de teste prim\u00e1rios: for\u00e7a m\u00e1xima de ruptura e resist\u00eancia \u00e0 press\u00e3o constante. Esses m\u00e9todos fornecem dados essenciais sobre o qu\u00e3o bem diferentes materiais de embalagem podem suportar for\u00e7as externas, o que \u00e9 cr\u00edtico para garantir a seguran\u00e7a do produto e a conformidade com os padr\u00f5es da ind\u00fastria.<\/p>\n<h3><strong>Caracter\u00edsticas t\u00e9cnicas<\/strong><\/h3>\n<ol>\n<li><strong>Tela sens\u00edvel ao toque HMI de f\u00e1cil utiliza\u00e7\u00e3o<\/strong>: Simplifica a configura\u00e7\u00e3o de par\u00e2metros e a opera\u00e7\u00e3o de teste para facilitar o uso.<\/li>\n<li><strong>Sistema de controle PLC de n\u00edvel industrial<\/strong>: Garante controle confi\u00e1vel e preciso durante os testes.<\/li>\n<li><strong>Dois modos de teste<\/strong>: Op\u00e7\u00f5es para for\u00e7a m\u00e1xima de ruptura e resist\u00eancia \u00e0 press\u00e3o constante.<\/li>\n<li><strong>Compensa\u00e7\u00e3o Autom\u00e1tica de Press\u00e3o Constante<\/strong>: Ajusta a press\u00e3o dinamicamente para manter a precis\u00e3o do teste.<\/li>\n<li><strong>Estat\u00edsticas de dados<\/strong>: Coleta e an\u00e1lise autom\u00e1tica de dados para relat\u00f3rios simplificados.<\/li>\n<li><strong>Dispositivo de coleta de l\u00edquidos<\/strong>: Evita contamina\u00e7\u00e3o durante a ruptura da amostra.<\/li>\n<li><strong>Tamanhos de teste n\u00e3o padronizados personaliz\u00e1veis<\/strong>: Adapta os recursos de teste para atender a necessidades espec\u00edficas.<\/li>\n<li><strong>Porta RS232 opcional e software<\/strong>: Fornece op\u00e7\u00f5es avan\u00e7adas de an\u00e1lise e integra\u00e7\u00e3o de dados.<\/li>\n<\/ol>\n<h3><strong>Par\u00e2metros principais<\/strong><\/h3>\n<table>\n<tbody>\n<tr>\n<td style=\"text-align: center;\" width=\"175\">Faixa de medi\u00e7\u00e3o<\/td>\n<td style=\"text-align: center;\" width=\"277\">2000N (outro opcional)<\/td>\n<\/tr>\n<tr>\n<td style=\"text-align: center;\" width=\"175\">Precis\u00e3o de medi\u00e7\u00e3o<\/td>\n<td style=\"text-align: center;\" width=\"277\">0.5%<\/td>\n<\/tr>\n<tr>\n<td style=\"text-align: center;\" width=\"175\">Intervalo de tempo<\/td>\n<td style=\"text-align: center;\" width=\"277\">0~10000S<\/td>\n<\/tr>\n<tr>\n<td style=\"text-align: center;\" width=\"175\">Tamanho do cilindro<\/td>\n<td style=\"text-align: center;\" width=\"277\">250mm*300mm (pode ser personalizado)<\/td>\n<\/tr>\n<tr>\n<td style=\"text-align: center;\" width=\"175\">Fonte de energia<\/td>\n<td style=\"text-align: center;\" width=\"277\">220 V, 50 Hz<\/td>\n<\/tr>\n<tr>\n<td style=\"text-align: center;\" width=\"175\">Dimens\u00e3o<\/td>\n<td style=\"text-align: center;\" width=\"277\">460 mm * 410 mm * 590 mm<\/td>\n<\/tr>\n<\/tbody>\n<\/table>\n<h2><strong>Perguntas frequentes<\/strong><\/h2>\n<ol>\n<li><strong>Que tipos de materiais o Testador de Compress\u00e3o de Saco pode avaliar?<\/strong>\n<ul>\n<li>O testador pode avaliar uma variedade de materiais, incluindo filmes compostos, sacos pl\u00e1sticos e recipientes usados em alimentos, produtos farmac\u00eauticos e cosm\u00e9ticos.<\/li>\n<\/ul>\n<\/li>\n<li><strong>Como o teste de compress\u00e3o de pacotes \u00e9 diferente de outros testes de compress\u00e3o?<\/strong>\n<ul>\n<li>O teste de compress\u00e3o da embalagem avalia especificamente a capacidade da embalagem de resistir a for\u00e7as que podem ser encontradas durante o transporte e o armazenamento, com foco em aplica\u00e7\u00f5es do mundo real.<\/li>\n<\/ul>\n<\/li>\n<li><strong>O testador de compress\u00e3o de bolsa pode ser personalizado para requisitos de teste espec\u00edficos?<\/strong>\n<ul>\n<li>Sim, o testador de compress\u00e3o de bolsa pode ser personalizado para acomodar tamanhos de teste n\u00e3o padronizados e materiais espec\u00edficos.<\/li>\n<\/ul>\n<\/li>\n<li><strong>Qual \u00e9 a for\u00e7a m\u00e1xima que o testador pode medir?<\/strong>\n<ul>\n<li>A faixa de medi\u00e7\u00e3o padr\u00e3o \u00e9 2000 N, com op\u00e7\u00f5es dispon\u00edveis para capacidades maiores.<\/li>\n<\/ul>\n<\/li>\n<li><strong>Como a coleta de dados em tempo real melhora a precis\u00e3o dos testes?<\/strong>\n<ul>\n<li>A coleta de dados em tempo real permite a an\u00e1lise imediata do desempenho do material sob estresse, aumentando a precis\u00e3o e a confiabilidade dos resultados dos testes.<\/li>\n<\/ul>\n<\/li>\n<\/ol>\n<p>O Bag Compression Tester \u00e9 essencial para melhorar a qualidade da embalagem e garantir que os produtos possam suportar v\u00e1rias press\u00f5es durante o transporte. Ao investir neste equipamento de teste de ponta, os fabricantes podem reduzir significativamente o risco de falhas na embalagem, proteger seus produtos e manter sua reputa\u00e7\u00e3o no mercado.<\/p>","protected":false},"excerpt":{"rendered":"<p>O Bag Compression Tester \u00e9 uma ferramenta vital para garantia de qualidade em materiais de embalagem. Como a integridade da embalagem \u00e9 cr\u00edtica para garantir a seguran\u00e7a e efic\u00e1cia do produto, este instrumento desempenha um papel crucial em v\u00e1rios setores, incluindo alimentos, produtos farmac\u00eauticos, cosm\u00e9ticos e embalagens m\u00e9dicas. Projetado para avaliar a durabilidade e o desempenho de diferentes materiais de embalagem, o Bag Compression Tester garante que os produtos podem suportar os rigores do transporte e armazenamento.<\/p>","protected":false},"featured_media":6245,"comment_status":"closed","ping_status":"closed","template":"","meta":{"site-sidebar-layout":"default","site-content-layout":"default","ast-global-header-display":"","ast-main-header-display":"","ast-hfb-above-header-display":"","ast-hfb-below-header-display":"","ast-hfb-mobile-header-display":"","site-post-title":"","ast-breadcrumbs-content":"","ast-featured-img":"","footer-sml-layout":"","theme-transparent-header-meta":"default","adv-header-id-meta":"","stick-header-meta":"","header-above-stick-meta":"","header-main-stick-meta":"","header-below-stick-meta":""},"product_cat":[1069,1068,953,956,955,845,1065,1064,1067,1066,1159,965,954,957,958,952,959,1070,17,149,16,160,161,162,163,164,165,166,167,168,169,170,171,172,173,95],"product_tag":[],"class_list":{"0":"post-5134","1":"product","2":"type-product","3":"status-publish","4":"has-post-thumbnail","6":"product_cat-astm-d4169","7":"product_cat-astm-d642","8":"product_cat-bursting-tester","9":"product_cat-cobb-tester","10":"product_cat-crush-tester","11":"product_cat-customization","12":"product_cat-iso-12048","13":"product_cat-iso-2234","14":"product_cat-iso-2872","15":"product_cat-iso-2874","16":"product_cat-jis-z0212","17":"product_cat-package-compression-tester","18":"product_cat-paper-tear-tester","19":"product_cat-plybond-tester","20":"product_cat-puncture-tester","21":"product_cat-rub-tester","22":"product_cat-stiffness-tester","23":"product_cat-tappi-t804","24":"product_cat-package-container-testers","25":"product_cat-pharma-and-medical-testers","26":"product_cat-plastic-packaging-testers","27":"product_cat-iso-3034","28":"product_cat-iso-37","29":"product_cat-iso-4593","30":"product_cat-iso-5084","31":"product_cat-iso-534","32":"product_cat-iso-6383","33":"product_cat-iso-6710","34":"product_cat-iso-719","35":"product_cat-iso-720","36":"product_cat-iso-7765-1","37":"product_cat-iso-8295","38":"product_cat-iso-8510-2","39":"product_cat-iso-9073-2","40":"product_cat-iso-9187","41":"product_cat-products","42":"desktop-align-left","43":"tablet-align-left","44":"mobile-align-left","46":"first","47":"instock","48":"shipping-taxable","49":"product-type-simple"},"_links":{"self":[{"href":"https:\/\/www.qualitester.com\/pt\/wp-json\/wp\/v2\/product\/5134","targetHints":{"allow":["GET"]}}],"collection":[{"href":"https:\/\/www.qualitester.com\/pt\/wp-json\/wp\/v2\/product"}],"about":[{"href":"https:\/\/www.qualitester.com\/pt\/wp-json\/wp\/v2\/types\/product"}],"replies":[{"embeddable":true,"href":"https:\/\/www.qualitester.com\/pt\/wp-json\/wp\/v2\/comments?post=5134"}],"version-history":[{"count":0,"href":"https:\/\/www.qualitester.com\/pt\/wp-json\/wp\/v2\/product\/5134\/revisions"}],"wp:featuredmedia":[{"embeddable":true,"href":"https:\/\/www.qualitester.com\/pt\/wp-json\/wp\/v2\/media\/6245"}],"wp:attachment":[{"href":"https:\/\/www.qualitester.com\/pt\/wp-json\/wp\/v2\/media?parent=5134"}],"wp:term":[{"taxonomy":"product_cat","embeddable":true,"href":"https:\/\/www.qualitester.com\/pt\/wp-json\/wp\/v2\/product_cat?post=5134"},{"taxonomy":"product_tag","embeddable":true,"href":"https:\/\/www.qualitester.com\/pt\/wp-json\/wp\/v2\/product_tag?post=5134"}],"curies":[{"name":"wp","href":"https:\/\/api.w.org\/{rel}","templated":true}]}}