{"id":5131,"date":"2024-10-30T17:07:00","date_gmt":"2024-10-30T09:07:00","guid":{"rendered":"https:\/\/www.qualitester.com\/?post_type=product&#038;p=5131"},"modified":"2026-04-22T12:02:56","modified_gmt":"2026-04-22T04:02:56","slug":"sale-yogurt-container-lid-film-peel-tester","status":"publish","type":"product","link":"https:\/\/www.qualitester.com\/pt\/produto\/sale-yogurt-container-lid-film-peel-tester\/","title":{"rendered":"Testador de descascamento de copos e recipientes CCPT-01"},"content":{"rendered":"<h2><strong>Introdu\u00e7\u00e3o<\/strong><\/h2>\n<p>O <strong>Testador de pel\u00edcula de tampa de recipiente de iogurte<\/strong> \u00e9 um instrumento essencial para medir a resist\u00eancia mec\u00e2nica do selo de tampas de recipientes de iogurte. Este testador garante a integridade do produto e a seguran\u00e7a do consumidor avaliando as for\u00e7as necess\u00e1rias para retirar a tampa do recipiente. Em uma ind\u00fastria onde a qualidade da embalagem impacta diretamente a confian\u00e7a do consumidor, este testador desempenha um papel crucial no setor de embalagens de alimentos.<\/p>\n<h2><strong>Vis\u00e3o geral dos padr\u00f5es<\/strong><\/h2>\n<h3><strong><a href=\"https:\/\/www.qualitester.com\/pt\/standards\/astm-f2824\/\" target=\"_blank\" rel=\"noopener\">Norma ASTM F2824<\/a>: M\u00e9todo de teste padr\u00e3o para teste de resist\u00eancia de selo mec\u00e2nico<\/strong><\/h3>\n<p><a href=\"https:\/\/www.qualitester.com\/pt\/categoria-produto\/astm\/astm-f2824\/\" target=\"_blank\" rel=\"noopener\">Norma ASTM F2824<\/a> \u00e9 um padr\u00e3o reconhecido que descreve a metodologia para avaliar a resist\u00eancia do selo mec\u00e2nico de copos redondos e recipientes de tigela equipados com tampas flex\u00edveis descasc\u00e1veis. Este padr\u00e3o fornece instru\u00e7\u00f5es detalhadas para realizar testes de descasque, enfatizando a import\u00e2ncia de testar sob condi\u00e7\u00f5es consistentes. O \u00e2ngulo t\u00edpico de tra\u00e7\u00e3o para esses testes \u00e9 de 45 graus; no entanto, o m\u00e9todo permite outros \u00e2ngulos para acomodar v\u00e1rios requisitos de teste.<\/p>\n<h3><strong>Outras Normas Relevantes<\/strong><\/h3>\n<p>Al\u00e9m da ASTM F2824, a <strong>Testador de pel\u00edcula de tampa de recipiente de iogurte<\/strong> adere \u00e0 ISO 17480, que orienta ainda mais os testes de resist\u00eancia de veda\u00e7\u00e3o mec\u00e2nica de materiais de embalagem. Esses padr\u00f5es garantem que o processo de teste esteja alinhado com as medidas globais de garantia de qualidade.<\/p>\n<h2><strong>Aplicativo<\/strong><\/h2>\n<p>O <strong>Testador de pel\u00edcula de tampa de recipiente de iogurte<\/strong> \u00e9 projetado especificamente para recipientes de iogurte, mas \u00e9 vers\u00e1til o suficiente para acomodar uma variedade de tipos de embalagens, incluindo refei\u00e7\u00f5es prontas, cremes e outros produtos aliment\u00edcios em recipientes r\u00edgidos ou semirr\u00edgidos. A capacidade de testar v\u00e1rios formatos de recipientes \u2014 redondos, ovais e retangulares \u2014 garante que os fabricantes possam manter altos padr\u00f5es de qualidade em suas linhas de produtos.<\/p>\n<h3><strong>Benef\u00edcios<\/strong><\/h3>\n<ol>\n<li><strong>Design robusto<\/strong>\n<ul>\n<li>Apresentando uma estrutura interna de tr\u00eas pilares e um motor de passo, este testador garante estabilidade excepcional durante os testes. Seu design permite uma ampla faixa de aplica\u00e7\u00e3o, tornando-o adequado para v\u00e1rios formatos e tamanhos de recipientes.<\/li>\n<\/ul>\n<\/li>\n<li><strong>Interface amig\u00e1vel ao usu\u00e1rio<\/strong>\n<ul>\n<li>O CLP (Controlador L\u00f3gico Program\u00e1vel) e a IHM (Interface Homem-M\u00e1quina) integrados fornecem um display colorido para opera\u00e7\u00e3o intuitiva, simplificando o processo de teste para os usu\u00e1rios.<\/li>\n<\/ul>\n<\/li>\n<li><strong>Op\u00e7\u00f5es de teste vers\u00e1teis<\/strong>\n<ul>\n<li>O testador oferece regulagem de velocidade cont\u00ednua, permitindo que os usu\u00e1rios personalizem a velocidade do teste de acordo com suas necessidades. As op\u00e7\u00f5es de inicia\u00e7\u00e3o de teste manual (clique para mover) e autom\u00e1tica garantem flexibilidade na opera\u00e7\u00e3o.<\/li>\n<\/ul>\n<\/li>\n<li><strong>Caracter\u00edsticas de seguran\u00e7a<\/strong>\n<ul>\n<li>Equipado com prote\u00e7\u00e3o contra sobrecarga e curso, o testador protege tanto o instrumento quanto o usu\u00e1rio. Ele tamb\u00e9m suporta testes de valor fixo, permitindo controle preciso sobre par\u00e2metros de teste como posi\u00e7\u00e3o do curso e tempo de espera.<\/li>\n<\/ul>\n<\/li>\n<li><strong>Gest\u00e3o de Dados<\/strong>\n<ul>\n<li>A exibi\u00e7\u00e3o da curva de for\u00e7a em tempo real fornece feedback imediato sobre os resultados do teste, enquanto os c\u00e1lculos autom\u00e1ticos de for\u00e7as m\u00e1ximas, m\u00ednimas e m\u00e9dias aumentam a precis\u00e3o e a usabilidade dos dados. O software de computador opcional permite an\u00e1lise e relat\u00f3rios detalhados de dados.<\/li>\n<\/ul>\n<\/li>\n<li><strong>Lumin\u00e1rias personalizadas<\/strong>\n<ul>\n<li>A disponibilidade de acess\u00f3rios personalizados, incluindo um mecanismo de fixa\u00e7\u00e3o a v\u00e1cuo, garante testes seguros de tampas de recipientes de iogurte, contribuindo para resultados consistentes e confi\u00e1veis.<\/li>\n<\/ul>\n<\/li>\n<\/ol>\n<h3><strong>Especifica\u00e7\u00f5es<\/strong><\/h3>\n<table>\n<tbody>\n<tr>\n<td style=\"text-align: center;\" width=\"123\">Faixa de teste<\/td>\n<td style=\"text-align: center;\" width=\"201\">500N (ou conforme necess\u00e1rio)<\/td>\n<\/tr>\n<tr>\n<td style=\"text-align: center;\" width=\"123\">AVC<\/td>\n<td style=\"text-align: center;\" width=\"201\">260 mm<\/td>\n<\/tr>\n<tr>\n<td style=\"text-align: center;\" width=\"123\">Velocidade<\/td>\n<td style=\"text-align: center;\" width=\"201\">1\uff5e500mm\/min<\/td>\n<\/tr>\n<tr>\n<td style=\"text-align: center;\" width=\"123\">Press\u00e3o do g\u00e1s<\/td>\n<td style=\"text-align: center;\" width=\"201\">0,6 MPa<\/td>\n<\/tr>\n<tr>\n<td style=\"text-align: center;\" width=\"123\">Tamanho da porta de g\u00e1s<\/td>\n<td style=\"text-align: center;\" width=\"201\">\u04246 mm<\/td>\n<\/tr>\n<tr>\n<td style=\"text-align: center;\" width=\"123\">Poder<\/td>\n<td style=\"text-align: center;\" width=\"201\">CA 110~220V 50\/60Hz<\/td>\n<\/tr>\n<\/tbody>\n<\/table>\n<p>O <strong>Testador de pel\u00edcula de tampa de recipiente de iogurte<\/strong> \u00e9 uma ferramenta indispens\u00e1vel para fabricantes comprometidos em garantir a qualidade e a seguran\u00e7a de suas embalagens de iogurte. Ao aderir aos padr\u00f5es estabelecidos da ind\u00fastria, como ASTM F2824 e ISO 17480, este testador oferece suporte a processos rigorosos de garantia de qualidade, aumentando a confiabilidade do produto e a confian\u00e7a do consumidor.<\/p>\n<h2><strong>Perguntas frequentes<\/strong><\/h2>\n<ol>\n<li><strong>Que tipos de recipientes podem ser testados com este instrumento?<\/strong>\n<ul>\n<li>O testador \u00e9 adequado para v\u00e1rios recipientes r\u00edgidos e semirr\u00edgidos, incluindo formatos redondos, ovais e retangulares.<\/li>\n<\/ul>\n<\/li>\n<li><strong>Como o testador garante medi\u00e7\u00f5es precisas?<\/strong>\n<ul>\n<li>O testador utiliza um motor de passo de precis\u00e3o e uma estrutura interna est\u00e1vel, garantindo resultados consistentes durante cada teste.<\/li>\n<\/ul>\n<\/li>\n<li><strong>O \u00e2ngulo de tra\u00e7\u00e3o pode ser ajustado para diferentes testes?<\/strong>\n<ul>\n<li>Sim, embora o \u00e2ngulo de teste padr\u00e3o seja de 45 graus, o testador permite ajustes para atender a requisitos de teste espec\u00edficos.<\/li>\n<\/ul>\n<\/li>\n<li><strong>Qual \u00e9 a import\u00e2ncia da norma ASTM F2824 em testes de descascamento?<\/strong>\n<ul>\n<li><a href=\"https:\/\/www.astm.org\/f2824-10r20.html\" target=\"_blank\" rel=\"noopener nofollow\">Norma ASTM F2824<\/a> provides a standardized method for assessing the mechanical seal strength of flexible peelable lids, ensuring reliable and consistent testing across the industry.<\/li>\n<\/ul>\n<\/li>\n<li><strong>H\u00e1 software inclu\u00eddo para an\u00e1lise de dados e quais s\u00e3o seus recursos?<\/strong>\n<ul>\n<li>Um software de computador opcional est\u00e1 dispon\u00edvel, oferecendo recursos avan\u00e7ados de an\u00e1lise de dados, incluindo relat\u00f3rios detalhados e exibi\u00e7\u00f5es gr\u00e1ficas dos resultados dos testes.<\/li>\n<\/ul>\n<\/li>\n<\/ol>","protected":false},"excerpt":{"rendered":"<p>O <strong>Testador de pel\u00edcula de tampa de recipiente de iogurte<\/strong> \u00e9 um instrumento essencial para medir a resist\u00eancia mec\u00e2nica do selo de tampas de recipientes de iogurte. Este testador garante a integridade do produto e a seguran\u00e7a do consumidor avaliando as for\u00e7as necess\u00e1rias para retirar a tampa do recipiente. Em uma ind\u00fastria onde a qualidade da embalagem impacta diretamente a confian\u00e7a do consumidor, este testador desempenha um papel crucial no setor de embalagens de alimentos.<\/p>","protected":false},"featured_media":6236,"comment_status":"closed","ping_status":"closed","template":"","meta":{"site-sidebar-layout":"default","site-content-layout":"default","ast-global-header-display":"","ast-main-header-display":"","ast-hfb-above-header-display":"","ast-hfb-below-header-display":"","ast-hfb-mobile-header-display":"","site-post-title":"","ast-breadcrumbs-content":"","ast-featured-img":"","footer-sml-layout":"","theme-transparent-header-meta":"default","adv-header-id-meta":"","stick-header-meta":"","header-above-stick-meta":"","header-main-stick-meta":"","header-below-stick-meta":""},"product_cat":[681,1160,953,956,955,845,954,957,958,952,959,17,16,95],"product_tag":[],"class_list":{"0":"post-5131","1":"product","2":"type-product","3":"status-publish","4":"has-post-thumbnail","6":"product_cat-peel-tester","7":"product_cat-astm-f2824","8":"product_cat-bursting-tester","9":"product_cat-cobb-tester","10":"product_cat-crush-tester","11":"product_cat-customization","12":"product_cat-paper-tear-tester","13":"product_cat-plybond-tester","14":"product_cat-puncture-tester","15":"product_cat-rub-tester","16":"product_cat-stiffness-tester","17":"product_cat-package-container-testers","18":"product_cat-plastic-packaging-testers","19":"product_cat-products","20":"desktop-align-left","21":"tablet-align-left","22":"mobile-align-left","24":"first","25":"instock","26":"shipping-taxable","27":"product-type-simple"},"_links":{"self":[{"href":"https:\/\/www.qualitester.com\/pt\/wp-json\/wp\/v2\/product\/5131","targetHints":{"allow":["GET"]}}],"collection":[{"href":"https:\/\/www.qualitester.com\/pt\/wp-json\/wp\/v2\/product"}],"about":[{"href":"https:\/\/www.qualitester.com\/pt\/wp-json\/wp\/v2\/types\/product"}],"replies":[{"embeddable":true,"href":"https:\/\/www.qualitester.com\/pt\/wp-json\/wp\/v2\/comments?post=5131"}],"version-history":[{"count":1,"href":"https:\/\/www.qualitester.com\/pt\/wp-json\/wp\/v2\/product\/5131\/revisions"}],"predecessor-version":[{"id":7934,"href":"https:\/\/www.qualitester.com\/pt\/wp-json\/wp\/v2\/product\/5131\/revisions\/7934"}],"wp:featuredmedia":[{"embeddable":true,"href":"https:\/\/www.qualitester.com\/pt\/wp-json\/wp\/v2\/media\/6236"}],"wp:attachment":[{"href":"https:\/\/www.qualitester.com\/pt\/wp-json\/wp\/v2\/media?parent=5131"}],"wp:term":[{"taxonomy":"product_cat","embeddable":true,"href":"https:\/\/www.qualitester.com\/pt\/wp-json\/wp\/v2\/product_cat?post=5131"},{"taxonomy":"product_tag","embeddable":true,"href":"https:\/\/www.qualitester.com\/pt\/wp-json\/wp\/v2\/product_tag?post=5131"}],"curies":[{"name":"wp","href":"https:\/\/api.w.org\/{rel}","templated":true}]}}