{"id":5127,"date":"2024-10-29T17:00:41","date_gmt":"2024-10-29T09:00:41","guid":{"rendered":"https:\/\/www.qualitester.com\/?post_type=product&#038;p=5127"},"modified":"2024-12-05T11:54:55","modified_gmt":"2024-12-05T03:54:55","slug":"sale-hardness-test-apparatus-for-tablet","status":"publish","type":"product","link":"https:\/\/www.qualitester.com\/pt\/produto\/sale-hardness-test-apparatus-for-tablet\/","title":{"rendered":"Testador de compress\u00e3o de tablet MPT-02"},"content":{"rendered":"<p><strong>O aparelho de teste de dureza para tablet<\/strong> \u00e9 um instrumento avan\u00e7ado projetado para testes de dureza de comprimidos precisos e confi\u00e1veis, um processo essencial na ind\u00fastria farmac\u00eautica. Ao avaliar a resist\u00eancia \u00e0 compress\u00e3o dos comprimidos, este aparelho garante que os comprimidos mantenham sua integridade f\u00edsica durante a produ\u00e7\u00e3o, armazenamento e uso, salvaguardando, em \u00faltima an\u00e1lise, a efic\u00e1cia do medicamento e a seguran\u00e7a do paciente. Os fabricantes farmac\u00eauticos contam com testes de dureza de comprimidos n\u00e3o apenas para atender a padr\u00f5es regulat\u00f3rios rigorosos, mas tamb\u00e9m para melhorar a qualidade do produto e a competitividade no mercado.<\/p>\n<h2>Import\u00e2ncia do teste de dureza de comprimidos na produ\u00e7\u00e3o farmac\u00eautica<\/h2>\n<p><strong>Teste de dureza de comprimidos<\/strong> desempenha um papel crucial em garantir a qualidade geral e a seguran\u00e7a dos comprimidos farmac\u00eauticos. Testar a dureza dos comprimidos ajuda a:<\/p>\n<ul>\n<li><strong>Garantir a qualidade do tablet<\/strong>: Comprimidos com baixa dureza podem fraturar durante o transporte ou manuseio, enquanto dureza excessiva pode impedir a desintegra\u00e7\u00e3o do comprimido, afetando negativamente a libera\u00e7\u00e3o do f\u00e1rmaco e a biodisponibilidade. Uma faixa de dureza ideal garante que os comprimidos suportem o manuseio sem comprometer a efic\u00e1cia terap\u00eautica.<\/li>\n<li><strong>Otimize os processos de produ\u00e7\u00e3o<\/strong>: Os testes de dureza de rotina ajudam a identificar inconsist\u00eancias na produ\u00e7\u00e3o, como for\u00e7a de compress\u00e3o inadequada ou problemas de formula\u00e7\u00e3o, permitindo que os fabricantes ajustem os processos rapidamente e melhorem a uniformidade dos comprimidos.<\/li>\n<li><strong>Guia de Design de Produto<\/strong>: Os dados de dureza auxiliam no desenvolvimento de novas formula\u00e7\u00f5es que atendem a requisitos espec\u00edficos de dureza e desintegra\u00e7\u00e3o, cruciais para o desenvolvimento de comprimidos eficazes, seguros e f\u00e1ceis de usar.<\/li>\n<\/ul>\n<h2>Princ\u00edpios do teste de dureza de comprimidos<\/h2>\n<p><strong>Teste de dureza de comprimidos<\/strong> envolve colocar o comprimido na plataforma de medi\u00e7\u00e3o do testador de dureza, onde uma for\u00e7a controlada \u00e9 aplicada atrav\u00e9s de um pun\u00e7\u00e3o superior. O testador mede a deforma\u00e7\u00e3o do comprimido ou a for\u00e7a necess\u00e1ria para fratur\u00e1-lo, fornecendo insights sobre sua dureza. Os principais m\u00e9todos de medi\u00e7\u00e3o incluem:<\/p>\n<ul>\n<li><strong>M\u00e9todo de profundidade de indenta\u00e7\u00e3o<\/strong>: Este m\u00e9todo mede a dureza registrando a profundidade de uma indenta\u00e7\u00e3o formada sob uma press\u00e3o definida. Indenta\u00e7\u00f5es mais rasas indicam um comprimido mais duro, tornando este m\u00e9todo eficaz para verifica\u00e7\u00f5es de consist\u00eancia.<\/li>\n<li><strong>M\u00e9todo de Resist\u00eancia \u00e0 Esmagamento<\/strong>: Esta abordagem mede a for\u00e7a necess\u00e1ria para esmagar o comprimido. Uma for\u00e7a maior implica um comprimido mais duro, oferecendo dados cr\u00edticos para controle de qualidade e conformidade.<\/li>\n<\/ul>\n<h2>Principais caracter\u00edsticas do aparelho de teste de dureza<\/h2>\n<p>Esse <strong>aparelho de teste de dureza<\/strong> foi projetado com recursos avan\u00e7ados para garantir precis\u00e3o, durabilidade e facilidade de uso em ambientes farmac\u00eauticos:<\/p>\n<ul>\n<li><strong>Interface amig\u00e1vel ao usu\u00e1rio<\/strong>: Equipado com uma tela sens\u00edvel ao toque HMI de 7 polegadas para opera\u00e7\u00e3o intuitiva e f\u00e1cil navega\u00e7\u00e3o.<\/li>\n<li><strong>Estabilidade de n\u00edvel industrial<\/strong>: Constru\u00eddo com uma unidade de controle PLC de alto desempenho para resultados de testes confi\u00e1veis e consistentes.<\/li>\n<li><strong>Componentes de alta precis\u00e3o<\/strong>:\n<ul>\n<li><strong>C\u00e9lula de carga<\/strong>: Fornece medi\u00e7\u00f5es de for\u00e7a precisas, cruciais para conformidade regulat\u00f3ria e garantia de qualidade.<\/li>\n<li><strong>Sistema de fuso de esferas<\/strong>: Fornece aplica\u00e7\u00e3o de for\u00e7a de precis\u00e3o, minimizando a variabilidade nos resultados dos testes.<\/li>\n<\/ul>\n<\/li>\n<li><strong>Velocidade de teste ajust\u00e1vel<\/strong>: Permite que os operadores modifiquem as velocidades de teste com base em requisitos de teste espec\u00edficos, aumentando a versatilidade em v\u00e1rios cen\u00e1rios de teste.<\/li>\n<li><strong>Exibi\u00e7\u00e3o de dados em tempo real<\/strong>: Exibe dados de for\u00e7a em tempo real durante os testes, fornecendo feedback e rastreamento imediatos para controle de qualidade eficiente.<\/li>\n<li><strong>Calibra\u00e7\u00e3o f\u00e1cil<\/strong>: Um processo de calibra\u00e7\u00e3o simplificado economiza tempo e garante precis\u00e3o de acordo com os padr\u00f5es da ind\u00fastria.<\/li>\n<li><strong>Capacidades de teste vers\u00e1teis<\/strong>: Vem com v\u00e1rios acess\u00f3rios para acomodar diferentes configura\u00e7\u00f5es de teste, tornando o aparelho adapt\u00e1vel a diversos tamanhos e formula\u00e7\u00f5es de comprimidos.<\/li>\n<li><strong>Funcionalidades adicionais<\/strong>:\n<ul>\n<li>Inclui um restritor de posi\u00e7\u00e3o e fun\u00e7\u00e3o de retorno autom\u00e1tico para manuseio eficiente.<\/li>\n<li>Sa\u00edda de microimpressora opcional e integra\u00e7\u00e3o de software para gerenciamento de dados e rastreabilidade.<\/li>\n<\/ul>\n<\/li>\n<\/ul>\n<h2>Par\u00e2metros principais do testador de dureza de comprimidos<\/h2>\n<p>Este aparelho \u00e9 projetado para atender altos padr\u00f5es em testes farmac\u00eauticos. As principais especifica\u00e7\u00f5es incluem:<\/p>\n<ul>\n<li><strong>Faixa de carga<\/strong>: Ampla variedade para acomodar v\u00e1rios n\u00edveis de dureza de comprimidos.<\/li>\n<li><strong>Precis\u00e3o e resolu\u00e7\u00e3o<\/strong>: Alta precis\u00e3o para resultados consistentes e reprodut\u00edveis.<\/li>\n<li><strong>Faixa de velocidade de teste<\/strong>: Velocidades de teste ajust\u00e1veis para atender a necessidades espec\u00edficas de teste.<\/li>\n<li><strong>Dimens\u00f5es<\/strong>: Design compacto adequado para ambientes de laborat\u00f3rio ou produ\u00e7\u00e3o.<\/li>\n<\/ul>\n<h2>Aplica\u00e7\u00f5es do aparelho de teste de dureza de comprimidos na ind\u00fastria<\/h2>\n<p>O <strong>aparelho de teste de dureza para comprimidos<\/strong> tem amplas aplica\u00e7\u00f5es em ambientes de produ\u00e7\u00e3o e pesquisa farmac\u00eautica:<\/p>\n<ul>\n<li><strong>Produ\u00e7\u00e3o Farmac\u00eautica<\/strong>: Garante a qualidade, uniformidade e conformidade regulat\u00f3ria dos comprimidos durante a produ\u00e7\u00e3o em massa.<\/li>\n<li><strong>Pesquisa e Desenvolvimento<\/strong>: Fornece dados essenciais para desenvolver e refinar formula\u00e7\u00f5es de medicamentos, apoiando a cria\u00e7\u00e3o de medicamentos eficazes e seguros.<\/li>\n<li><strong>Controle de qualidade<\/strong>: Testes de dureza de rotina em linhas de produ\u00e7\u00e3o e inspe\u00e7\u00e3o de qualidade garantem consist\u00eancia e confiabilidade em produtos farmac\u00eauticos, atendendo tanto aos padr\u00f5es regulat\u00f3rios quanto \u00e0s necessidades dos pacientes.<\/li>\n<\/ul>\n<h2>Benef\u00edcios do uso do aparelho de teste de dureza para controle de qualidade de comprimidos<\/h2>\n<p>Com recursos avan\u00e7ados e funcionalidade flex\u00edvel, este <strong>aparelho de teste de dureza para comprimidos<\/strong> oferece in\u00fameros benef\u00edcios aos fabricantes:<\/p>\n<ul>\n<li><strong>Consist\u00eancia de produto aprimorada<\/strong>: Alcan\u00e7a controle de qualidade confi\u00e1vel, melhorando a qualidade geral dos comprimidos farmac\u00eauticos.<\/li>\n<li><strong>Gerenciamento de dados simplificado<\/strong>: Resultados em tempo real e sa\u00edda de dados opcional permitem rastreamento f\u00e1cil, aumentando a efici\u00eancia e a rastreabilidade.<\/li>\n<li><strong>Conformidade regulat\u00f3ria<\/strong>: Simplifica a ades\u00e3o a rigorosos padr\u00f5es de qualidade, garantindo que os tablets atendam \u00e0s especifica\u00e7\u00f5es necess\u00e1rias para lan\u00e7amento no mercado.<\/li>\n<\/ul>","protected":false},"excerpt":{"rendered":"<p><strong>O aparelho de teste de dureza para tablet<\/strong> \u00e9 um instrumento avan\u00e7ado projetado para testes de dureza de comprimidos precisos e confi\u00e1veis, um processo essencial na ind\u00fastria farmac\u00eautica. Ao avaliar a resist\u00eancia \u00e0 compress\u00e3o dos comprimidos, este aparelho garante que os comprimidos mantenham sua integridade f\u00edsica durante a produ\u00e7\u00e3o, armazenamento e uso, salvaguardando, em \u00faltima an\u00e1lise, a efic\u00e1cia do medicamento e a seguran\u00e7a do paciente. Os fabricantes farmac\u00eauticos contam com testes de dureza de comprimidos n\u00e3o apenas para atender a padr\u00f5es regulat\u00f3rios rigorosos, mas tamb\u00e9m para melhorar a qualidade do produto e a competitividade no mercado.<\/p>","protected":false},"featured_media":6217,"comment_status":"closed","ping_status":"closed","template":"","meta":{"site-sidebar-layout":"default","site-content-layout":"default","ast-global-header-display":"","ast-main-header-display":"","ast-hfb-above-header-display":"","ast-hfb-below-header-display":"","ast-hfb-mobile-header-display":"","site-post-title":"","ast-breadcrumbs-content":"","ast-featured-img":"","footer-sml-layout":"","theme-transparent-header-meta":"default","adv-header-id-meta":"","stick-header-meta":"","header-above-stick-meta":"","header-main-stick-meta":"","header-below-stick-meta":""},"product_cat":[1054,845,149,95],"product_tag":[],"class_list":{"0":"post-5127","1":"product","2":"type-product","3":"status-publish","4":"has-post-thumbnail","6":"product_cat-hardness-tester","7":"product_cat-customization","8":"product_cat-pharma-and-medical-testers","9":"product_cat-products","10":"desktop-align-left","11":"tablet-align-left","12":"mobile-align-left","14":"first","15":"instock","16":"shipping-taxable","17":"product-type-simple"},"_links":{"self":[{"href":"https:\/\/www.qualitester.com\/pt\/wp-json\/wp\/v2\/product\/5127","targetHints":{"allow":["GET"]}}],"collection":[{"href":"https:\/\/www.qualitester.com\/pt\/wp-json\/wp\/v2\/product"}],"about":[{"href":"https:\/\/www.qualitester.com\/pt\/wp-json\/wp\/v2\/types\/product"}],"replies":[{"embeddable":true,"href":"https:\/\/www.qualitester.com\/pt\/wp-json\/wp\/v2\/comments?post=5127"}],"version-history":[{"count":0,"href":"https:\/\/www.qualitester.com\/pt\/wp-json\/wp\/v2\/product\/5127\/revisions"}],"wp:featuredmedia":[{"embeddable":true,"href":"https:\/\/www.qualitester.com\/pt\/wp-json\/wp\/v2\/media\/6217"}],"wp:attachment":[{"href":"https:\/\/www.qualitester.com\/pt\/wp-json\/wp\/v2\/media?parent=5127"}],"wp:term":[{"taxonomy":"product_cat","embeddable":true,"href":"https:\/\/www.qualitester.com\/pt\/wp-json\/wp\/v2\/product_cat?post=5127"},{"taxonomy":"product_tag","embeddable":true,"href":"https:\/\/www.qualitester.com\/pt\/wp-json\/wp\/v2\/product_tag?post=5127"}],"curies":[{"name":"wp","href":"https:\/\/api.w.org\/{rel}","templated":true}]}}