{"id":5119,"date":"2024-10-29T16:40:38","date_gmt":"2024-10-29T08:40:38","guid":{"rendered":"https:\/\/www.qualitester.com\/?post_type=product&#038;p=5119"},"modified":"2024-12-05T11:48:42","modified_gmt":"2024-12-05T03:48:42","slug":"sale-injection-vial-cap-open-force-tester","status":"publish","type":"product","link":"https:\/\/www.qualitester.com\/pt\/produto\/sale-injection-vial-cap-open-force-tester\/","title":{"rendered":"Testador de for\u00e7a de abertura de tampa combinada de alum\u00ednio e pl\u00e1stico LSG-01"},"content":{"rendered":"<h2>Introdu\u00e7\u00e3o<\/h2>\n<p>O <strong>Testador de for\u00e7a de abertura de tampa de frasco de inje\u00e7\u00e3o<\/strong> \u00e9 um instrumento especializado projetado para avaliar a for\u00e7a de abertura necess\u00e1ria para tampas combinadas de alum\u00ednio e pl\u00e1stico usadas em embalagens farmac\u00eauticas. Garantir a integridade e a confiabilidade desses fechamentos \u00e9 essencial para manter a seguran\u00e7a e a efic\u00e1cia do produto. Este testador desempenha um papel vital no controle de qualidade, ajudando os fabricantes a atender aos requisitos regulat\u00f3rios e aumentar a confian\u00e7a do consumidor.<\/p>\n<h2>Aplicativo<\/h2>\n<p>As tampas combinadas de alum\u00ednio e pl\u00e1stico s\u00e3o amplamente utilizadas na ind\u00fastria de embalagens para selar garrafas contendo produtos farmac\u00eauticos, bebidas e cosm\u00e9ticos. Essas tampas combinam efetivamente a resist\u00eancia e as propriedades de barreira do alum\u00ednio com a flexibilidade e a rela\u00e7\u00e3o custo-benef\u00edcio do pl\u00e1stico. O design robusto garante evid\u00eancias de viola\u00e7\u00e3o e ajuda a manter a integridade do produto, tornando-as ideais para a ind\u00fastria farmac\u00eautica, onde a seguran\u00e7a e a confiabilidade s\u00e3o primordiais.<\/p>\n<h2>Composi\u00e7\u00e3o de tampas combinadas de alum\u00ednio e pl\u00e1stico<\/h2>\n<ul>\n<li><strong>Componente de alum\u00ednio<\/strong>: A capa externa dessas tampas \u00e9 geralmente feita de alum\u00ednio, proporcionando um fechamento robusto e inviol\u00e1vel com um acabamento atraente. Sua resist\u00eancia oferece prote\u00e7\u00e3o superior contra fatores ambientais.<\/li>\n<li><strong>Componente pl\u00e1stico<\/strong>: Normalmente utilizado para o revestimento interno ou mecanismo de fechamento, o pl\u00e1stico garante uma veda\u00e7\u00e3o firme, ao mesmo tempo em que permite facilidade de abertura. Essa combina\u00e7\u00e3o de materiais maximiza a funcionalidade e a conveni\u00eancia do usu\u00e1rio.<\/li>\n<\/ul>\n<h2>M\u00e9todos e Padr\u00f5es de Teste<\/h2>\n<ul>\n<li><a href=\"https:\/\/www.iso.org\/standard\/82226.html\" target=\"_blank\" rel=\"noopener nofollow\"><strong>Norma ISO 8872<\/strong><\/a>:Esta norma descreve os m\u00e9todos de teste para determinar a for\u00e7a de ruptura da aba, que \u00e9 essencial para garantir facilidade de uso e funcionalidade.<\/li>\n<li><a href=\"https:\/\/www.qualitester.com\/pt\/categoria-produto\/iso\/iso-10985\/\" target=\"_blank\" rel=\"noopener\"><strong>Norma ISO 10985<\/strong><\/a>: Especifica a for\u00e7a necess\u00e1ria para remover componentes pl\u00e1sticos, garantindo que as tampas estejam seguras e f\u00e1ceis de usar.<\/li>\n<li><strong>S\u00e9rie ISO 8536<\/strong>: Abrange os testes de for\u00e7a de tra\u00e7\u00e3o e alongamento para pe\u00e7as de alum\u00ednio, essenciais para avaliar as propriedades mec\u00e2nicas dos materiais de fechamento.<\/li>\n<li><strong>Outras Normas Relevantes<\/strong>:\n<ul>\n<li><strong>ISO 7500-1<\/strong>: Requisitos gerais para m\u00e1quinas de teste.<\/li>\n<li><strong>ISO 8362-6 e ISO 8362-7<\/strong>: Foco nas especifica\u00e7\u00f5es para frascos e tampas de inje\u00e7\u00e3o, garantindo compatibilidade e desempenho.<\/li>\n<\/ul>\n<\/li>\n<\/ul>\n<h2>Testes de for\u00e7a em tampas combinadas de alum\u00ednio e pl\u00e1stico<\/h2>\n<p>O <strong>Testador de for\u00e7a de abertura de tampa de frasco de inje\u00e7\u00e3o<\/strong> pode realizar v\u00e1rios testes cr\u00edticos, incluindo:<\/p>\n<ol>\n<li><strong>For\u00e7a de arrancamento da aba<\/strong>: Avalia a for\u00e7a necess\u00e1ria para remover a aba, garantindo a acessibilidade do usu\u00e1rio.<\/li>\n<li><strong>For\u00e7a necess\u00e1ria para retirar componentes de pl\u00e1stico<\/strong>: Mede a integridade das partes pl\u00e1sticas da tampa.<\/li>\n<li><strong>For\u00e7a de tra\u00e7\u00e3o e alongamento para pe\u00e7as de alum\u00ednio<\/strong>: Avalia a resist\u00eancia e a flexibilidade do componente de alum\u00ednio, cruciais para manter a integridade da veda\u00e7\u00e3o durante o manuseio.<\/li>\n<\/ol>\n<h2>Caracter\u00edsticas t\u00e9cnicas do testador de for\u00e7a de abertura de tampa de frasco de inje\u00e7\u00e3o<\/h2>\n<ul>\n<li><strong>Sistema de controle PLC de n\u00edvel industrial<\/strong>: Oferece opera\u00e7\u00e3o est\u00e1vel, precisa e f\u00e1cil por meio de uma interface HMI amig\u00e1vel.<\/li>\n<li><strong>Capacidades de teste vers\u00e1teis<\/strong>: Compat\u00edvel com v\u00e1rios acess\u00f3rios para testes de tra\u00e7\u00e3o, compress\u00e3o, for\u00e7a de ruptura, dureza, descascamento, abertura, perfura\u00e7\u00e3o e push-pull.<\/li>\n<li><strong>Processamento de dados em tempo real<\/strong>: Exibe os resultados dos testes em tempo real, facilitando a an\u00e1lise imediata.<\/li>\n<li><strong>Microimpressora para preserva\u00e7\u00e3o de resultados<\/strong>: Equipado com uma impressora matricial para garantir a preserva\u00e7\u00e3o a longo prazo dos resultados dos testes.<\/li>\n<li><strong>Caracter\u00edsticas de seguran\u00e7a<\/strong>: Inclui mem\u00f3ria de par\u00e2metros de desligamento, prote\u00e7\u00e3o contra sobrecarga, prote\u00e7\u00e3o de limite e retorno autom\u00e1tico no final dos testes.<\/li>\n<li><strong>Interface de comunica\u00e7\u00e3o<\/strong>: Possui uma interface RS232 e software profissional opcional para gerenciamento aprimorado de dados.<\/li>\n<\/ul>\n<h2>Amplas aplica\u00e7\u00f5es<\/h2>\n<p>O <strong>Testador de for\u00e7a de abertura de tampa de frasco de inje\u00e7\u00e3o<\/strong> \u00e9 adequado para uma variedade de testes conduzidos na ind\u00fastria de embalagens m\u00e9dicas, garantindo a qualidade e a seguran\u00e7a dos materiais e componentes de embalagem. As aplica\u00e7\u00f5es incluem:<\/p>\n<ul>\n<li>Testes de for\u00e7a de ruptura de frascos de ampolas.<\/li>\n<li>Testes de for\u00e7a de abertura da tampa do frasco de infus\u00e3o e de for\u00e7a de rasgo da aba de rasgo.<\/li>\n<li>Testes de resist\u00eancia \u00e0 selagem a quente, resist\u00eancia \u00e0 tra\u00e7\u00e3o, resist\u00eancia ao descascamento e alongamento para folhas de alum\u00ednio, folhas de PVC e filmes compostos.<\/li>\n<\/ul>\n<p>O <strong>Testador de for\u00e7a de abertura de tampa de frasco de inje\u00e7\u00e3o<\/strong> \u00e9 essencial para fabricantes que buscam garantir a seguran\u00e7a e a confiabilidade de suas tampas combinadas de alum\u00ednio e pl\u00e1stico. Ao aderir aos padr\u00f5es da ind\u00fastria e conduzir testes rigorosos, os fabricantes podem garantir a integridade do produto e aumentar a confian\u00e7a do consumidor. Invista no testador de for\u00e7a aberta de tampa de frasco de inje\u00e7\u00e3o para elevar seus processos de garantia de qualidade.<\/p>\n<h2>Perguntas frequentes<\/h2>\n<ol>\n<li><strong>Qual \u00e9 a finalidade do testador de for\u00e7a de abertura da tampa do frasco de inje\u00e7\u00e3o?<\/strong>\n<ul>\n<li>Ele mede a for\u00e7a necess\u00e1ria para abrir tampas combinadas de alum\u00ednio e pl\u00e1stico, garantindo facilidade de uso e integridade do produto.<\/li>\n<\/ul>\n<\/li>\n<li><strong>Com quais padr\u00f5es este testador est\u00e1 em conformidade?<\/strong>\n<ul>\n<li>O testador est\u00e1 em conformidade com as normas ISO 8872, ISO 10985 e ISO 8536, entre outras, garantindo m\u00e9todos de teste rigorosos.<\/li>\n<\/ul>\n<\/li>\n<li><strong>O testador pode ser usado para diferentes tipos de tampas?<\/strong>\n<ul>\n<li>Sim, \u00e9 compat\u00edvel com v\u00e1rios tipos de tampas, incluindo aquelas usadas em produtos farmac\u00eauticos, bebidas e cosm\u00e9ticos.<\/li>\n<\/ul>\n<\/li>\n<li><strong>Quais caracter\u00edsticas t\u00e9cnicas melhoram sua usabilidade?<\/strong>\n<ul>\n<li>Ele possui um sistema de controle PLC, exibi\u00e7\u00e3o de dados em tempo real e uma microimpressora para preservar os resultados dos testes.<\/li>\n<\/ul>\n<\/li>\n<li><strong>O testador \u00e9 adequado para ambientes de pesquisa e produ\u00e7\u00e3o?<\/strong>\n<ul>\n<li>Com certeza, ele foi projetado para ser vers\u00e1til, o que o torna adequado tanto para testes de laborat\u00f3rio quanto para testes de linha de produ\u00e7\u00e3o.<\/li>\n<\/ul>\n<\/li>\n<\/ol>","protected":false},"excerpt":{"rendered":"<p>Introduction The Injection Vial Cap Open Force Tester is a specialized instrument designed to evaluate the opening force required for aluminum-plastic combination caps used in pharmaceutical packaging. Ensuring the integrity and reliability of these closures is critical for maintaining product safety and efficacy. This tester plays a vital role in quality control, helping manufacturers meet &hellip;<\/p>\n<p class=\"read-more\"> <a class=\"\" href=\"https:\/\/www.qualitester.com\/pt\/produto\/sale-injection-vial-cap-open-force-tester\/\"> <span class=\"screen-reader-text\">Testador de for\u00e7a de abertura de tampa combinada de alum\u00ednio e pl\u00e1stico LSG-01<\/span> Ler mais \"<\/a><\/p>","protected":false},"featured_media":6213,"comment_status":"closed","ping_status":"closed","template":"","meta":{"site-sidebar-layout":"default","site-content-layout":"default","ast-global-header-display":"","ast-main-header-display":"","ast-hfb-above-header-display":"","ast-hfb-below-header-display":"","ast-hfb-mobile-header-display":"","site-post-title":"","ast-breadcrumbs-content":"","ast-featured-img":"","footer-sml-layout":"","theme-transparent-header-meta":"default","adv-header-id-meta":"","stick-header-meta":"","header-above-stick-meta":"","header-main-stick-meta":"","header-below-stick-meta":""},"product_cat":[934,845,1050,1049,1051,1052,1048,17,149,16,95],"product_tag":[],"class_list":{"0":"post-5119","1":"product","2":"type-product","3":"status-publish","4":"has-post-thumbnail","6":"product_cat-medical-packaging-tester","7":"product_cat-customization","8":"product_cat-iso-10985","9":"product_cat-iso-7500-1","10":"product_cat-iso-8362-6","11":"product_cat-iso-8362-7","12":"product_cat-iso-8872","13":"product_cat-package-container-testers","14":"product_cat-pharma-and-medical-testers","15":"product_cat-plastic-packaging-testers","16":"product_cat-products","17":"desktop-align-left","18":"tablet-align-left","19":"mobile-align-left","21":"first","22":"instock","23":"shipping-taxable","24":"product-type-simple"},"_links":{"self":[{"href":"https:\/\/www.qualitester.com\/pt\/wp-json\/wp\/v2\/product\/5119","targetHints":{"allow":["GET"]}}],"collection":[{"href":"https:\/\/www.qualitester.com\/pt\/wp-json\/wp\/v2\/product"}],"about":[{"href":"https:\/\/www.qualitester.com\/pt\/wp-json\/wp\/v2\/types\/product"}],"replies":[{"embeddable":true,"href":"https:\/\/www.qualitester.com\/pt\/wp-json\/wp\/v2\/comments?post=5119"}],"version-history":[{"count":0,"href":"https:\/\/www.qualitester.com\/pt\/wp-json\/wp\/v2\/product\/5119\/revisions"}],"wp:featuredmedia":[{"embeddable":true,"href":"https:\/\/www.qualitester.com\/pt\/wp-json\/wp\/v2\/media\/6213"}],"wp:attachment":[{"href":"https:\/\/www.qualitester.com\/pt\/wp-json\/wp\/v2\/media?parent=5119"}],"wp:term":[{"taxonomy":"product_cat","embeddable":true,"href":"https:\/\/www.qualitester.com\/pt\/wp-json\/wp\/v2\/product_cat?post=5119"},{"taxonomy":"product_tag","embeddable":true,"href":"https:\/\/www.qualitester.com\/pt\/wp-json\/wp\/v2\/product_tag?post=5119"}],"curies":[{"name":"wp","href":"https:\/\/api.w.org\/{rel}","templated":true}]}}