{"id":5110,"date":"2024-10-29T16:23:12","date_gmt":"2024-10-29T08:23:12","guid":{"rendered":"https:\/\/www.qualitester.com\/?post_type=product&#038;p=5110"},"modified":"2024-12-05T11:31:23","modified_gmt":"2024-12-05T03:31:23","slug":"sale-soft-gel-capsule-hardness-tester","status":"publish","type":"product","link":"https:\/\/www.qualitester.com\/pt\/produto\/sale-soft-gel-capsule-hardness-tester\/","title":{"rendered":"Testador de dureza de c\u00e1psulas de gel mole CHT-01"},"content":{"rendered":"<h2><strong>Introdu\u00e7\u00e3o ao testador de dureza de c\u00e1psulas de gel mole<\/strong><\/h2>\n<p>Nas ind\u00fastrias farmac\u00eautica e nutrac\u00eautica, o controle de qualidade \u00e9 primordial. Garantir que as c\u00e1psulas de gel macio mantenham sua integridade estrutural por meio de processos de embalagem, armazenamento e distribui\u00e7\u00e3o \u00e9 essencial. <strong>Testador de dureza de c\u00e1psulas de gel mole<\/strong>, especificamente o <strong>Testador de dureza de c\u00e1psulas e c\u00e1psulas CHT-01<\/strong>, \u00e9 um instrumento de alta precis\u00e3o projetado para medir a firmeza, resili\u00eancia e resist\u00eancia geral da c\u00e1psula. Ao avaliar fatores-chave como dureza, deforma\u00e7\u00e3o e resist\u00eancia do selo, este testador ajuda os fabricantes a garantir que seus produtos sejam seguros, eficazes e de alta qualidade.<\/p>\n<h2><strong>Por que testar a dureza e a firmeza das c\u00e1psulas de gel mole?<\/strong><\/h2>\n<p>As c\u00e1psulas de gel macio s\u00e3o amplamente utilizadas para fornecer vitaminas, minerais e medicamentos em uma casca de gelatina est\u00e1vel e protetora. Para essas c\u00e1psulas, manter um n\u00edvel de firmeza ideal \u00e9 essencial \u2014 n\u00e3o apenas para proteger os ingredientes ativos internos, mas tamb\u00e9m para garantir uma libera\u00e7\u00e3o controlada do conte\u00fado ap\u00f3s a ingest\u00e3o. O teste de dureza revela como a c\u00e1psula funcionar\u00e1 sob v\u00e1rias condi\u00e7\u00f5es, desde a embalagem e o transporte at\u00e9 a experi\u00eancia do consumidor. <strong>Testador de dureza de c\u00e1psulas de gel mole<\/strong> \u00e9 vital para identificar quaisquer fraquezas nas paredes ou veda\u00e7\u00f5es das c\u00e1psulas, evitando problemas antes que cheguem ao mercado.<\/p>\n<h2><strong>Principais caracter\u00edsticas do testador de dureza de c\u00e1psulas de gel mole<\/strong><\/h2>\n<ul>\n<li><strong>Capacidades de teste de alta precis\u00e3o<\/strong><br \/>\nEquipado com tecnologia avan\u00e7ada, como uma unidade de controle PLC, parafuso de esferas de precis\u00e3o e motor de passo, este testador fornece resultados confi\u00e1veis e precisos que atendem a rigorosos padr\u00f5es de qualidade.<\/li>\n<li><strong>Programas de teste vers\u00e1teis<\/strong><br \/>\nOferecendo v\u00e1rios programas padr\u00e3o\u2014<strong>Vigor<\/strong> (aplicando uma for\u00e7a espec\u00edfica e medindo a dist\u00e2ncia), <strong>Pico<\/strong> (medindo a for\u00e7a m\u00e1xima para ruptura da c\u00e1psula) e <strong>Dist\u00e2ncia<\/strong> (medi\u00e7\u00e3o de for\u00e7a a uma dist\u00e2ncia fixa) \u2014 o testador de dureza de c\u00e1psulas de gel macio permite testes abrangentes para entender cada faceta da integridade da c\u00e1psula.<\/li>\n<li><strong>Interface e controle amig\u00e1veis ao usu\u00e1rio<\/strong><br \/>\nUma tela de toque HMI de 7 polegadas permite que os usu\u00e1rios configurem facilmente as configura\u00e7\u00f5es, gerenciem programas de teste e visualizem resultados. Este design intuitivo melhora o fluxo de trabalho e facilita ajustes r\u00e1pidos com base nos requisitos de teste.<\/li>\n<li><strong>Recursos de efici\u00eancia e seguran\u00e7a aprimorados<\/strong><br \/>\nUma mesa girat\u00f3ria, est\u00e1tica autom\u00e1tica para coleta de dados e prote\u00e7\u00e3o contra sobrecarga aumentam a efici\u00eancia e a seguran\u00e7a. Esses recursos simplificam os testes e protegem o instrumento contra uso excessivo, maximizando sua vida \u00fatil e confiabilidade.<\/li>\n<\/ul>\n<h2><strong>M\u00e9todos de teste detalhados para dureza e firmeza de c\u00e1psulas de gel mole<\/strong><\/h2>\n<ul>\n<li><strong>Teste de compress\u00e3o<\/strong><br \/>\nNo teste de compress\u00e3o, uma sonda cil\u00edndrica de 10 mm de di\u00e2metro ou 10 mm\u00b2 de \u00e1rea de superf\u00edcie aplica press\u00e3o \u00e0 c\u00e1psula at\u00e9 que ocorra deforma\u00e7\u00e3o ou ruptura. Isso simula as tens\u00f5es f\u00edsicas que a c\u00e1psula pode enfrentar durante condi\u00e7\u00f5es do mundo real, como embalagem e transporte. Ao testar a compress\u00e3o, os fabricantes obt\u00eam insights sobre a durabilidade e a resist\u00eancia da c\u00e1psula a danos.<\/li>\n<li><strong>Teste de firmeza e resist\u00eancia de veda\u00e7\u00e3o<\/strong><br \/>\nO teste de firmeza avalia o quanto uma c\u00e1psula se deforma sob uma carga compressiva espec\u00edfica, fornecendo insights sobre sua elasticidade e resili\u00eancia. Al\u00e9m disso, o teste de resist\u00eancia do selo mede a for\u00e7a necess\u00e1ria para romper o selo da c\u00e1psula, garantindo que ela n\u00e3o se rompa prematuramente e libere seu conte\u00fado apenas sob as condi\u00e7\u00f5es pretendidas.<\/li>\n<\/ul>\n<h2><strong>Especifica\u00e7\u00f5es t\u00e9cnicas e par\u00e2metros<\/strong><\/h2>\n<table>\n<tbody>\n<tr>\n<td width=\"184\">Faixa de teste<\/td>\n<td width=\"289\">0~200N (ou conforme necess\u00e1rio)<\/td>\n<\/tr>\n<tr>\n<td width=\"184\">AVC<\/td>\n<td width=\"289\">200mm (sem grampo)<\/td>\n<\/tr>\n<tr>\n<td width=\"184\">Velocidade<\/td>\n<td width=\"289\">1~300mm\/min (ou conforme necess\u00e1rio)<\/td>\n<\/tr>\n<tr>\n<td width=\"184\">Precis\u00e3o de deslocamento<\/td>\n<td width=\"289\">0,01 mm<\/td>\n<\/tr>\n<tr>\n<td width=\"184\">Precis\u00e3o<\/td>\n<td width=\"289\">0,5% FS<\/td>\n<\/tr>\n<tr>\n<td width=\"184\">Sa\u00edda<\/td>\n<td width=\"289\">Tela, Microimpressora, RS232 (opcional)<\/td>\n<\/tr>\n<tr>\n<td width=\"184\">Poder<\/td>\n<td width=\"289\">110~220V 50\/60Hz<\/td>\n<\/tr>\n<\/tbody>\n<\/table>\n<h2><strong>Benef\u00edcios do testador de dureza de c\u00e1psulas de gel mole<\/strong><\/h2>\n<ul>\n<li><strong>Testes abrangentes de garantia de qualidade<\/strong><br \/>\nCom capacidades multi-teste, este testador permite que os fabricantes avaliem c\u00e1psulas quanto \u00e0 durabilidade, uniformidade e resist\u00eancia estrutural. Isso resulta em melhor qualidade do produto e satisfa\u00e7\u00e3o do cliente.<\/li>\n<li><strong>Op\u00e7\u00f5es de fixa\u00e7\u00e3o personaliz\u00e1veis para testes vers\u00e1teis<\/strong><br \/>\nOferecendo v\u00e1rios acess\u00f3rios e gabaritos, o testador acomoda diferentes tamanhos e formatos de c\u00e1psulas, tornando-o vers\u00e1til para uma ampla gama de aplica\u00e7\u00f5es de softgel.<\/li>\n<li><strong>Constru\u00eddo para durabilidade duradoura<\/strong><br \/>\nConstru\u00eddo com componentes robustos e mecanismos avan\u00e7ados, o testador foi criado para proporcionar uma longa vida \u00fatil, maximizando o retorno sobre o investimento e reduzindo o tempo de inatividade e a manuten\u00e7\u00e3o.<\/li>\n<\/ul>\n<h2><strong>Aplica\u00e7\u00f5es do testador de dureza de c\u00e1psulas de gel mole<\/strong><\/h2>\n<p>Este instrumento \u00e9 essencial em ambientes de produ\u00e7\u00e3o farmac\u00eautica e nutrac\u00eautica, onde c\u00e1psulas de gel macio contendo vitaminas, minerais e outros medicamentos l\u00edquidos exigem controle de qualidade rigoroso. O testador de dureza de c\u00e1psulas de gel macio desempenha um papel crucial na garantia de qualidade para fabrica\u00e7\u00e3o, embalagem e manuseio, garantindo que as c\u00e1psulas mantenham sua integridade e efic\u00e1cia at\u00e9 chegarem ao consumidor.<\/p>\n<hr \/>\n<h2><strong>Se\u00e7\u00e3o de perguntas frequentes<\/strong><\/h2>\n<ul>\n<li><strong>Q1<\/strong>: <em>Que tipos de c\u00e1psulas podem ser testadas com este instrumento?<\/em><br \/>\n<strong>UM<\/strong>:O testador de dureza de c\u00e1psulas de gel mole \u00e9 ideal para testar c\u00e1psulas de gel mole usadas em produtos farmac\u00eauticos e nutrac\u00eauticos, incluindo aquelas que cont\u00eam vitaminas e medicamentos l\u00edquidos.<\/li>\n<li><strong>Q2<\/strong>: <em>Qual \u00e9 o significado do teste de firmeza?<\/em><br \/>\n<strong>UM<\/strong>: O teste de firmeza avalia a resist\u00eancia e a flexibilidade da parede da c\u00e1psula, ajudando a garantir que as c\u00e1psulas n\u00e3o se rompam durante o manuseio, armazenamento ou embalagem normais.<\/li>\n<li><strong>3\u00ba trimestre<\/strong>: <em>Este testador pode medir elasticidade?<\/em><br \/>\n<strong>UM<\/strong>: Sim, ele quantifica a elasticidade da c\u00e1psula medindo a deforma\u00e7\u00e3o da parede sob uma carga compressiva espec\u00edfica, garantindo que as c\u00e1psulas sejam flex\u00edveis e dur\u00e1veis.<\/li>\n<li><strong>4\u00ba trimestre<\/strong>: <em>O CHT-01 \u00e9 personaliz\u00e1vel para tipos espec\u00edficos de c\u00e1psulas?<\/em><br \/>\n<strong>UM<\/strong>: Sim, o testador pode ser personalizado com v\u00e1rios acess\u00f3rios e gabaritos para acomodar diferentes formatos e tamanhos de c\u00e1psulas, tornando-o adequado para diversas necessidades de teste.<\/li>\n<li><strong>Q5<\/strong>: <em>Quais op\u00e7\u00f5es de sa\u00edda est\u00e3o dispon\u00edveis para grava\u00e7\u00e3o de dados?<\/em><br \/>\n<strong>UM<\/strong>: O testador exibe dados na tela, permite impress\u00f5es por meio de uma microimpressora e oferece conectividade RS232 opcional para exporta\u00e7\u00e3o de dados digitais.<\/li>\n<\/ul>","protected":false},"excerpt":{"rendered":"<p>Nas ind\u00fastrias farmac\u00eautica e nutrac\u00eautica, o controle de qualidade \u00e9 primordial. Garantir que as c\u00e1psulas de gel macio mantenham sua integridade estrutural por meio de processos de embalagem, armazenamento e distribui\u00e7\u00e3o \u00e9 essencial. <strong>Testador de dureza de c\u00e1psulas de gel mole<\/strong>, especificamente o <strong>Testador de dureza de c\u00e1psulas e c\u00e1psulas CHT-01<\/strong>, \u00e9 um instrumento de alta precis\u00e3o projetado para medir a firmeza, resili\u00eancia e resist\u00eancia geral da c\u00e1psula. Ao avaliar fatores-chave como dureza, deforma\u00e7\u00e3o e resist\u00eancia do selo, este testador ajuda os fabricantes a garantir que seus produtos sejam seguros, eficazes e de alta qualidade.<\/p>","protected":false},"featured_media":6205,"comment_status":"closed","ping_status":"closed","template":"","meta":{"site-sidebar-layout":"default","site-content-layout":"default","ast-global-header-display":"","ast-main-header-display":"","ast-hfb-above-header-display":"","ast-hfb-below-header-display":"","ast-hfb-mobile-header-display":"","site-post-title":"","ast-breadcrumbs-content":"","ast-featured-img":"","footer-sml-layout":"","theme-transparent-header-meta":"default","adv-header-id-meta":"","stick-header-meta":"","header-above-stick-meta":"","header-main-stick-meta":"","header-below-stick-meta":""},"product_cat":[845,953,956,955,1054,954,957,958,952,959,149,95],"product_tag":[],"class_list":{"0":"post-5110","1":"product","2":"type-product","3":"status-publish","4":"has-post-thumbnail","6":"product_cat-customization","7":"product_cat-bursting-tester","8":"product_cat-cobb-tester","9":"product_cat-crush-tester","10":"product_cat-hardness-tester","11":"product_cat-paper-tear-tester","12":"product_cat-plybond-tester","13":"product_cat-puncture-tester","14":"product_cat-rub-tester","15":"product_cat-stiffness-tester","16":"product_cat-pharma-and-medical-testers","17":"product_cat-products","18":"desktop-align-left","19":"tablet-align-left","20":"mobile-align-left","22":"first","23":"instock","24":"shipping-taxable","25":"product-type-simple"},"_links":{"self":[{"href":"https:\/\/www.qualitester.com\/pt\/wp-json\/wp\/v2\/product\/5110","targetHints":{"allow":["GET"]}}],"collection":[{"href":"https:\/\/www.qualitester.com\/pt\/wp-json\/wp\/v2\/product"}],"about":[{"href":"https:\/\/www.qualitester.com\/pt\/wp-json\/wp\/v2\/types\/product"}],"replies":[{"embeddable":true,"href":"https:\/\/www.qualitester.com\/pt\/wp-json\/wp\/v2\/comments?post=5110"}],"version-history":[{"count":0,"href":"https:\/\/www.qualitester.com\/pt\/wp-json\/wp\/v2\/product\/5110\/revisions"}],"wp:featuredmedia":[{"embeddable":true,"href":"https:\/\/www.qualitester.com\/pt\/wp-json\/wp\/v2\/media\/6205"}],"wp:attachment":[{"href":"https:\/\/www.qualitester.com\/pt\/wp-json\/wp\/v2\/media?parent=5110"}],"wp:term":[{"taxonomy":"product_cat","embeddable":true,"href":"https:\/\/www.qualitester.com\/pt\/wp-json\/wp\/v2\/product_cat?post=5110"},{"taxonomy":"product_tag","embeddable":true,"href":"https:\/\/www.qualitester.com\/pt\/wp-json\/wp\/v2\/product_tag?post=5110"}],"curies":[{"name":"wp","href":"https:\/\/api.w.org\/{rel}","templated":true}]}}