{"id":4677,"date":"2024-09-09T13:40:04","date_gmt":"2024-09-09T05:40:04","guid":{"rendered":"https:\/\/www.qualitester.com\/?post_type=product&#038;p=4677"},"modified":"2024-12-05T15:53:20","modified_gmt":"2024-12-05T07:53:20","slug":"tensile-strength-testing-machine","status":"publish","type":"product","link":"https:\/\/www.qualitester.com\/pt\/produto\/tensile-strength-testing-machine\/","title":{"rendered":"M\u00e1quina de teste de resist\u00eancia \u00e0 tra\u00e7\u00e3o ASTM D882 para chapas pl\u00e1sticas"},"content":{"rendered":"<h2>1. <strong>Introdu\u00e7\u00e3o \u00e0 m\u00e1quina de teste de resist\u00eancia \u00e0 tra\u00e7\u00e3o<\/strong><\/h2>\n<p>O <strong>M\u00e1quina de teste de resist\u00eancia \u00e0 tra\u00e7\u00e3o ASTM D882<\/strong> \u00e9 um instrumento especializado projetado para medir as propriedades de tra\u00e7\u00e3o de filmes e chapas pl\u00e1sticas finas. Ele desempenha um papel vital em garantir a qualidade e a confiabilidade dos produtos em v\u00e1rios setores, incluindo embalagens, pl\u00e1sticos e dispositivos m\u00e9dicos. Este <a href=\"https:\/\/www.qualitester.com\/pt\/categoria-produto\/test-items\/tensile-tester\/\" target=\"_blank\" rel=\"noopener\"><strong>testador de tra\u00e7\u00e3o<\/strong><\/a> foi projetado especificamente para avaliar a resist\u00eancia e o alongamento de materiais, tornando-se uma ferramenta indispens\u00e1vel para fabricantes que buscam melhorar a durabilidade e o desempenho de seus produtos.<\/p>\n<p>Ao aderir ao padr\u00e3o ASTM D882, esta m\u00e1quina fornece dados precisos e confi\u00e1veis sobre a resist\u00eancia \u00e0 tra\u00e7\u00e3o, resist\u00eancia ao escoamento, alongamento na ruptura e m\u00f3dulo de elasticidade de um material. Esses par\u00e2metros s\u00e3o essenciais para ind\u00fastrias que dependem de filmes e folhas de pl\u00e1stico flex\u00edveis para seus produtos.<\/p>\n<h3>Par\u00e2metro principal<\/h3>\n<table width=\"475\">\n<tbody>\n<tr>\n<td width=\"179\">Faixa de teste<\/td>\n<td width=\"296\">0-500N (ou 50N, 100N, 200N, etc.)<\/td>\n<\/tr>\n<tr>\n<td>AVC<\/td>\n<td>800 mm (personaliz\u00e1vel para outros cursos)<\/td>\n<\/tr>\n<tr>\n<td>Teste de velocidade<\/td>\n<td>1~500 mm\/minuto<\/td>\n<\/tr>\n<tr>\n<td>Precis\u00e3o de deslocamento<\/td>\n<td>0,01 mm<\/td>\n<\/tr>\n<tr>\n<td>Precis\u00e3o<\/td>\n<td>0,5% em escala completa<\/td>\n<\/tr>\n<tr>\n<td>Largura da amostra<\/td>\n<td>27 mm (largura opcional dispon\u00edvel)<\/td>\n<\/tr>\n<tr>\n<td>Controlar<\/td>\n<td>Tela PLC e HMI<\/td>\n<\/tr>\n<tr>\n<td>Sa\u00edda de dados<\/td>\n<td>Microimpressora (opcional), RS232 (opcional)<\/td>\n<\/tr>\n<\/tbody>\n<\/table>\n<h3><strong>Fabricante e Especializa\u00e7\u00e3o<\/strong><\/h3>\n<p>A Cell Instruments \u00e9 uma fabricante l\u00edder de instrumentos de teste de materiais, conhecida por sua dedica\u00e7\u00e3o em produzir equipamentos precisos e de alta qualidade. Especializada em <strong>transforma\u00e7\u00e3o de personaliza\u00e7\u00e3o e automa\u00e7\u00e3o<\/strong>, A Cell Instruments atende a v\u00e1rios setores, incluindo embalagens, m\u00e9dicos, t\u00eaxteis, pl\u00e1sticos e eletr\u00f4nicos. Com nosso foco em solu\u00e7\u00f5es de teste, garantimos que nossas m\u00e1quinas n\u00e3o apenas atendam aos padr\u00f5es da ind\u00fastria, mas tamb\u00e9m forne\u00e7am funcionalidade avan\u00e7ada para atender \u00e0s necessidades em evolu\u00e7\u00e3o dos fabricantes.<\/p>\n<p><img fetchpriority=\"high\" decoding=\"async\" class=\"aligncenter size-full wp-image-3943\" src=\"https:\/\/www.qualitester.com\/wp-content\/uploads\/2023\/04\/TST-01-Tensile-Tester-06.jpg\" alt=\"M\u00e1quina de teste de resist\u00eancia \u00e0 tra\u00e7\u00e3o ASTM D882 para chapas pl\u00e1sticas\" width=\"750\" height=\"750\" srcset=\"https:\/\/www.qualitester.com\/wp-content\/uploads\/2023\/04\/TST-01-Tensile-Tester-06.jpg 750w, https:\/\/www.qualitester.com\/wp-content\/uploads\/2023\/04\/TST-01-Tensile-Tester-06-300x300.jpg 300w, https:\/\/www.qualitester.com\/wp-content\/uploads\/2023\/04\/TST-01-Tensile-Tester-06-150x150.jpg 150w, https:\/\/www.qualitester.com\/wp-content\/uploads\/2023\/04\/TST-01-Tensile-Tester-06-600x600.jpg 600w, https:\/\/www.qualitester.com\/wp-content\/uploads\/2023\/04\/TST-01-Tensile-Tester-06-100x100.jpg 100w\" sizes=\"(max-width: 750px) 100vw, 750px\" \/><\/p>\n<h2>2. <strong>O que \u00e9 ASTM D882?<\/strong><\/h2>\n<h3><strong>Defini\u00e7\u00e3o e Prop\u00f3sito<\/strong><\/h3>\n<p><a href=\"https:\/\/www.astm.org\/standards\/d882\" target=\"_blank\" rel=\"noopener nofollow\"><strong>ASTM D882<\/strong><\/a> \u00e9 o m\u00e9todo de teste padr\u00e3o usado para determinar as propriedades de tra\u00e7\u00e3o de filmes pl\u00e1sticos finos e chapas com espessura menor que 1,0 mm. O teste \u00e9 essencial para avaliar a resist\u00eancia, flexibilidade e durabilidade de materiais pl\u00e1sticos, que s\u00e3o amplamente usados em embalagens, aplica\u00e7\u00f5es m\u00e9dicas e adesivas.<\/p>\n<p>O <strong>resist\u00eancia \u00e0 trac\u00e7\u00e3o<\/strong> O teste mede quanto estresse o material pode suportar antes de quebrar, enquanto o <strong>alongamento na ruptura<\/strong> par\u00e2metro revela o quanto o material estica antes de falhar. O <strong>m\u00f3dulo de elasticidade<\/strong> d\u00e1 uma indica\u00e7\u00e3o da rigidez do material. Essas medi\u00e7\u00f5es s\u00e3o cr\u00edticas no controle de qualidade e no desenvolvimento de produtos para garantir que os materiais atendam \u00e0s expectativas de desempenho.<\/p>\n<h3><strong>\u00c2mbito de aplica\u00e7\u00e3o<\/strong><\/h3>\n<p>A norma ASTM D882 \u00e9 amplamente aplic\u00e1vel em ind\u00fastrias que usam filmes e folhas pl\u00e1sticas flex\u00edveis, incluindo:<\/p>\n<ul>\n<li><strong>Embalagem<\/strong>: Garantir que os filmes possam suportar o estresse durante o transporte e o manuseio.<\/li>\n<li><strong>M\u00e9dico<\/strong>: Avalia\u00e7\u00e3o de filmes usados em embalagens m\u00e9dicas para garantir esterilidade e durabilidade.<\/li>\n<li><strong>Adesivos<\/strong>: Medi\u00e7\u00e3o de propriedades de tra\u00e7\u00e3o para produtos como fitas e laminados.<\/li>\n<li><strong>Ind\u00fastrias de pl\u00e1sticos e alimentos<\/strong>: Garantir a integridade do produto na embalagem e no armazenamento.<\/li>\n<\/ul>\n<h2>3. <strong>Principais caracter\u00edsticas da m\u00e1quina de teste de resist\u00eancia \u00e0 tra\u00e7\u00e3o ASTM D882<\/strong><\/h2>\n<p>A m\u00e1quina de teste de resist\u00eancia \u00e0 tra\u00e7\u00e3o est\u00e1 repleta de recursos que melhoram sua usabilidade e precis\u00e3o:<\/p>\n<ul>\n<li><strong>Tela sens\u00edvel ao toque HMI de 7 polegadas<\/strong>: A interface intuitiva permite f\u00e1cil opera\u00e7\u00e3o e controle preciso sobre os par\u00e2metros de teste.<\/li>\n<li><strong>Sistema de controle PLC<\/strong>: Garante opera\u00e7\u00f5es de teste eficientes, est\u00e1veis e confi\u00e1veis.<\/li>\n<li><strong>Parafuso de avan\u00e7o de esfera de precis\u00e3o<\/strong>: Fornece resultados precisos e consistentes durante o teste de resist\u00eancia \u00e0 tra\u00e7\u00e3o.<\/li>\n<li><strong>Velocidade de teste ajust\u00e1vel<\/strong>: Permite que os usu\u00e1rios personalizem a velocidade do teste para atender aos requisitos espec\u00edficos do material.<\/li>\n<li><strong>Compatibilidade com v\u00e1rios acess\u00f3rios<\/strong>: A m\u00e1quina pode ser equipada com diferentes garras e acess\u00f3rios, tornando-a vers\u00e1til para v\u00e1rios tipos de materiais.<\/li>\n<li><strong>Dispositivo limitador e fun\u00e7\u00e3o de retorno autom\u00e1tico<\/strong>: Esses recursos ajudam a proteger a amostra e a m\u00e1quina durante os testes, ao mesmo tempo em que agilizam a opera\u00e7\u00e3o.<\/li>\n<li><strong>Microimpressora opcional<\/strong>: Os usu\u00e1rios podem optar por incluir uma microimpressora para impress\u00e3o instant\u00e2nea dos resultados dos testes.<\/li>\n<\/ul>\n<p>Esses recursos fazem da m\u00e1quina a escolha ideal para fabricantes que buscam realizar testes de resist\u00eancia \u00e0 tra\u00e7\u00e3o consistentes e confi\u00e1veis.<\/p>\n<h2>4. <strong>M\u00e9todos de teste da norma ASTM D882<\/strong><\/h2>\n<div class=\"ast-oembed-container\" style=\"height: 100%;\"><iframe title=\"Testador de tra\u00e7\u00e3o ASTM D882 para materiais flex\u00edveis modelo TST-01 Teste de resist\u00eancia ao alongamento por descascamento\" width=\"500\" height=\"281\" src=\"https:\/\/www.youtube.com\/embed\/DVxj_f6DNmI?feature=oembed\" frameborder=\"0\" allow=\"accelerometer; autoplay; clipboard-write; encrypted-media; gyroscope; picture-in-picture; web-share\" referrerpolicy=\"strict-origin-when-cross-origin\" allowfullscreen><\/iframe><\/div>\n<h3><strong>Vis\u00e3o geral do procedimento de teste<\/strong><\/h3>\n<p>O teste de resist\u00eancia \u00e0 tra\u00e7\u00e3o ASTM D882 segue um procedimento padr\u00e3o para garantir resultados consistentes. Aqui est\u00e1 um esbo\u00e7o das principais etapas:<\/p>\n<ol>\n<li><strong>Prepara\u00e7\u00e3o de Amostras<\/strong>: Filmes pl\u00e1sticos finos s\u00e3o cortados em um tamanho espec\u00edfico conforme os padr\u00f5es ASTM D882. Normalmente, o esp\u00e9cime tem 25 mm de largura e comprimento suficiente para garantir medi\u00e7\u00f5es precisas.<\/li>\n<li><strong>Montagem do esp\u00e9cime<\/strong>:O esp\u00e9cime preparado \u00e9 montado entre duas garras do testador de tra\u00e7\u00e3o, com uma garra fixa e a outra se movendo a uma velocidade controlada.<\/li>\n<li><strong>Aplicando For\u00e7a<\/strong>: A m\u00e1quina aplica uma for\u00e7a de tra\u00e7\u00e3o uniaxial at\u00e9 que o esp\u00e9cime falhe. Durante esse processo, ela registra a resist\u00eancia \u00e0 tra\u00e7\u00e3o, alongamento, resist\u00eancia ao escoamento e m\u00f3dulo de elasticidade.<\/li>\n<\/ol>\n<h3><strong>Par\u00e2metros de Medi\u00e7\u00e3o<\/strong><\/h3>\n<ul>\n<li><strong>Resist\u00eancia \u00e0 trac\u00e7\u00e3o<\/strong>: A tens\u00e3o m\u00e1xima que um material pode suportar antes de quebrar.<\/li>\n<li><strong>Limite de escoamento<\/strong>: A tens\u00e3o na qual um material come\u00e7a a se deformar plasticamente.<\/li>\n<li><strong>Alongamento na ruptura<\/strong>: A quantidade de tens\u00e3o (alongamento) que o material sofre antes de quebrar.<\/li>\n<li><strong>M\u00f3dulo de Elasticidade<\/strong>: Este valor representa a rigidez do material, calculada pela divis\u00e3o da tens\u00e3o pela deforma\u00e7\u00e3o na regi\u00e3o el\u00e1stica da curva tens\u00e3o-deforma\u00e7\u00e3o.<\/li>\n<\/ul>\n<h2>5. <strong>Descri\u00e7\u00e3o do teste de resist\u00eancia \u00e0 tra\u00e7\u00e3o pl\u00e1stica em ASTM D882<\/strong><\/h2>\n<h3><strong>Objetivo do teste de tra\u00e7\u00e3o de pl\u00e1stico<\/strong><\/h3>\n<p>O teste de resist\u00eancia \u00e0 tra\u00e7\u00e3o \u00e9 crucial para <strong>materiais pl\u00e1sticos<\/strong> porque fornece insights sobre como o material ir\u00e1 se comportar sob estresse. Em ind\u00fastrias como embalagens, onde filmes pl\u00e1sticos s\u00e3o usados para proteger produtos, entender as propriedades de tra\u00e7\u00e3o ajuda os fabricantes a garantir que o material n\u00e3o ir\u00e1 falhar durante o uso.<\/p>\n<h3><strong>Import\u00e2ncia da norma ASTM D882 no controle de qualidade<\/strong><\/h3>\n<p>O padr\u00e3o ASTM D882 garante que os materiais atendam a requisitos espec\u00edficos de resist\u00eancia e durabilidade. Este padr\u00e3o \u00e9 vital para fabricantes que visam produzir produtos confi\u00e1veis e de alto desempenho. Por exemplo:<\/p>\n<ul>\n<li><strong>Em embalagens de alimentos<\/strong>, os testes de tra\u00e7\u00e3o ajudam a confirmar que o filme pl\u00e1stico pode suportar os rigores do transporte sem rasgar ou perder sua integridade.<\/li>\n<li><strong>Em dispositivos m\u00e9dicos<\/strong>, os testes de resist\u00eancia \u00e0 tra\u00e7\u00e3o garantem que os materiais de embalagem protejam o conte\u00fado est\u00e9ril durante o transporte e o armazenamento.<\/li>\n<\/ul>\n<h3><strong>Benef\u00edcios do uso da m\u00e1quina de teste de resist\u00eancia \u00e0 tra\u00e7\u00e3o ASTM D882<\/strong><\/h3>\n<ul>\n<li><strong>Conformidade com as Normas Internacionais<\/strong>: O uso deste testador de tra\u00e7\u00e3o garante que os fabricantes atendam aos requisitos ASTM D882, tornando seus produtos mais confi\u00e1veis e aceit\u00e1veis nos mercados globais.<\/li>\n<li><strong>Design de produto aprimorado<\/strong>:Ao compreender os limites dos materiais, os fabricantes podem ajustar as formula\u00e7\u00f5es para melhorar o desempenho e a durabilidade de seus produtos.<\/li>\n<li><strong>Efici\u00eancia aumentada<\/strong>: Os recursos automatizados da m\u00e1quina reduzem o tempo de opera\u00e7\u00e3o manual e melhoram o processo geral de teste.<\/li>\n<\/ul>\n<h2><strong>6. Por que escolher a m\u00e1quina de teste de resist\u00eancia \u00e0 tra\u00e7\u00e3o D882 da Cell Instruments?<\/strong><\/h2>\n<p>A Cell Instruments oferece uma solu\u00e7\u00e3o robusta <strong>M\u00e1quina de teste de resist\u00eancia \u00e0 tra\u00e7\u00e3o ASTM D882<\/strong> projetado para atender aos mais altos padr\u00f5es da ind\u00fastria. Com capacidades de medi\u00e7\u00e3o precisas, op\u00e7\u00f5es de personaliza\u00e7\u00e3o e facilidade de uso, este testador de tra\u00e7\u00e3o se destaca como a solu\u00e7\u00e3o perfeita para fabricantes que buscam aprimorar seus processos de teste de materiais.<\/p>\n<p>Para saber mais sobre como nossa m\u00e1quina de teste de resist\u00eancia \u00e0 tra\u00e7\u00e3o ASTM D882 pode dar suporte ao seu processo de produ\u00e7\u00e3o ou para consultar op\u00e7\u00f5es de personaliza\u00e7\u00e3o, entre em contato conosco hoje mesmo.<\/p>\n<h3><strong>Perguntas frequentes<\/strong><\/h3>\n<ol>\n<li><strong>Que tipos de materiais a m\u00e1quina de teste de resist\u00eancia \u00e0 tra\u00e7\u00e3o pode testar?<\/strong><br \/>\nA m\u00e1quina foi projetada para testar filmes e chapas pl\u00e1sticas finas, normalmente com espessura inferior a 1,0 mm.<\/li>\n<li><strong>Como a ASTM D882 difere de outras normas de resist\u00eancia \u00e0 tra\u00e7\u00e3o?<\/strong><br \/>\nA ASTM D882 se concentra especificamente em filmes pl\u00e1sticos finos, enquanto outras normas podem ser aplicadas a diferentes tipos de materiais, como metais ou pl\u00e1sticos mais espessos.<\/li>\n<li><strong>Por que os testes de resist\u00eancia \u00e0 tra\u00e7\u00e3o s\u00e3o importantes para materiais de embalagem?<\/strong><br \/>\nOs testes de resist\u00eancia \u00e0 tra\u00e7\u00e3o garantem que os materiais de embalagem podem suportar as tens\u00f5es encontradas durante o transporte e o manuseio sem quebrar.<\/li>\n<li><strong>A m\u00e1quina pode ser personalizada para requisitos de teste espec\u00edficos?<\/strong><br \/>\nSim, a Cell Instruments oferece op\u00e7\u00f5es de personaliza\u00e7\u00e3o para atender \u00e0s necessidades exclusivas de testes de v\u00e1rios setores.<\/li>\n<li><strong>Quais recursos adicionais est\u00e3o dispon\u00edveis com esta m\u00e1quina?<\/strong><br \/>\nOs recursos opcionais incluem uma microimpressora para impress\u00e3o imediata de resultados e compatibilidade com v\u00e1rios acess\u00f3rios para testes vers\u00e1teis.<\/li>\n<\/ol>\n<h2>Artigos relacionados<\/h2>\n<p>&nbsp;<\/p>","protected":false},"excerpt":{"rendered":"<p>O <strong>M\u00e1quina de teste de resist\u00eancia \u00e0 tra\u00e7\u00e3o ASTM D882<\/strong> \u00e9 um instrumento especializado projetado para medir as propriedades de tra\u00e7\u00e3o de filmes e chapas pl\u00e1sticas finas.<\/p>","protected":false},"featured_media":0,"comment_status":"closed","ping_status":"closed","template":"","meta":{"site-sidebar-layout":"default","site-content-layout":"default","ast-global-header-display":"","ast-main-header-display":"","ast-hfb-above-header-display":"","ast-hfb-below-header-display":"","ast-hfb-mobile-header-display":"","site-post-title":"","ast-breadcrumbs-content":"","ast-featured-img":"","footer-sml-layout":"","theme-transparent-header-meta":"default","adv-header-id-meta":"","stick-header-meta":"","header-above-stick-meta":"","header-main-stick-meta":"","header-below-stick-meta":""},"product_cat":[845,679,672,16,99,110,95],"product_tag":[],"class_list":{"0":"post-4677","1":"product","2":"type-product","3":"status-publish","5":"product_cat-customization","6":"product_cat-tensile-tester","7":"product_cat-applied-materials","8":"product_cat-plastic-packaging-testers","9":"product_cat-astm","10":"product_cat-astm-d882","11":"product_cat-products","12":"desktop-align-left","13":"tablet-align-left","14":"mobile-align-left","16":"first","17":"instock","18":"shipping-taxable","19":"product-type-simple"},"_links":{"self":[{"href":"https:\/\/www.qualitester.com\/pt\/wp-json\/wp\/v2\/product\/4677","targetHints":{"allow":["GET"]}}],"collection":[{"href":"https:\/\/www.qualitester.com\/pt\/wp-json\/wp\/v2\/product"}],"about":[{"href":"https:\/\/www.qualitester.com\/pt\/wp-json\/wp\/v2\/types\/product"}],"replies":[{"embeddable":true,"href":"https:\/\/www.qualitester.com\/pt\/wp-json\/wp\/v2\/comments?post=4677"}],"version-history":[{"count":0,"href":"https:\/\/www.qualitester.com\/pt\/wp-json\/wp\/v2\/product\/4677\/revisions"}],"wp:attachment":[{"href":"https:\/\/www.qualitester.com\/pt\/wp-json\/wp\/v2\/media?parent=4677"}],"wp:term":[{"taxonomy":"product_cat","embeddable":true,"href":"https:\/\/www.qualitester.com\/pt\/wp-json\/wp\/v2\/product_cat?post=4677"},{"taxonomy":"product_tag","embeddable":true,"href":"https:\/\/www.qualitester.com\/pt\/wp-json\/wp\/v2\/product_tag?post=4677"}],"curies":[{"name":"wp","href":"https:\/\/api.w.org\/{rel}","templated":true}]}}