{"id":4162,"date":"2024-04-15T16:39:45","date_gmt":"2024-04-15T08:39:45","guid":{"rendered":"https:\/\/www.qualitester.com\/?post_type=product&#038;p=4162"},"modified":"2024-12-05T13:03:46","modified_gmt":"2024-12-05T05:03:46","slug":"medical-needle-puncture-tester","status":"publish","type":"product","link":"https:\/\/www.qualitester.com\/pt\/produto\/medical-needle-puncture-tester\/","title":{"rendered":"Testador de pun\u00e7\u00e3o por agulha NPT-01"},"content":{"rendered":"<h2>Introdu\u00e7\u00e3o do testador de pun\u00e7\u00e3o de agulha m\u00e9dica NPT-01<\/h2>\n<p>No campo dos testes de dispositivos m\u00e9dicos, precis\u00e3o e confiabilidade s\u00e3o muito importantes. A Cell Instruments, um fabricante avan\u00e7ado de instrumentos de teste de materiais, apresenta uma solu\u00e7\u00e3o em seguran\u00e7a m\u00e9dica \u2013 o <strong>Testador de pun\u00e7\u00e3o de agulha m\u00e9dica<\/strong>. Feito sob medida para atender \u00e0s rigorosas demandas da ind\u00fastria m\u00e9dica, este dispositivo de \u00faltima gera\u00e7\u00e3o garante a integridade e a seguran\u00e7a das agulhas m\u00e9dicas durante o uso, melhorando o atendimento ao paciente e a confian\u00e7a nos procedimentos m\u00e9dicos.<\/p>\n<h2>Por que escolher o testador de pun\u00e7\u00e3o por agulha m\u00e9dica NPT-01?<\/h2>\n<p>O Medical Needle Puncture Tester se destaca como uma ferramenta indispens\u00e1vel para fabricantes de dispositivos m\u00e9dicos, ag\u00eancias de inspe\u00e7\u00e3o de qualidade e instala\u00e7\u00f5es de sa\u00fade. Aqui est\u00e3o os benef\u00edcios que o Medical Needle Puncture Tester traz:<\/p>\n<p><img fetchpriority=\"high\" decoding=\"async\" class=\"wp-image-4166 size-woocommerce_single aligncenter\" src=\"https:\/\/www.qualitester.com\/wp-content\/uploads\/2024\/04\/usp-381-needle-puncture-tester-600x600.jpg\" alt=\"testador de pun\u00e7\u00e3o de agulha usp 381\" width=\"600\" height=\"600\" srcset=\"https:\/\/www.qualitester.com\/wp-content\/uploads\/2024\/04\/usp-381-needle-puncture-tester-600x600.jpg 600w, https:\/\/www.qualitester.com\/wp-content\/uploads\/2024\/04\/usp-381-needle-puncture-tester-300x300.jpg 300w, https:\/\/www.qualitester.com\/wp-content\/uploads\/2024\/04\/usp-381-needle-puncture-tester-150x150.jpg 150w, https:\/\/www.qualitester.com\/wp-content\/uploads\/2024\/04\/usp-381-needle-puncture-tester-100x100.jpg 100w, https:\/\/www.qualitester.com\/wp-content\/uploads\/2024\/04\/usp-381-needle-puncture-tester.jpg 750w\" sizes=\"(max-width: 600px) 100vw, 600px\" \/><\/p>\n<h3>1. Controle de qualidade<\/h3>\n<p>Seguindo regulamenta\u00e7\u00f5es rigorosas no setor de dispositivos m\u00e9dicos, para garantir a confiabilidade e a seguran\u00e7a das agulhas m\u00e9dicas. O Medical Needle Puncture Tester permite que as empresas sigam os padr\u00f5es da ind\u00fastria e mantenham a qualidade de primeira linha.<\/p>\n<h3>2. Exame preciso<\/h3>\n<p>A precis\u00e3o tem import\u00e2ncia primordial no diagn\u00f3stico e terapia m\u00e9dica. A ado\u00e7\u00e3o deste dispositivo de teste avan\u00e7ado pode realizar avalia\u00e7\u00f5es meticulosas de pun\u00e7\u00e3o em agulhas m\u00e9dicas, garantindo funcionalidade m\u00e1xima e reduzindo a probabilidade de acidentes durante procedimentos m\u00e9dicos.<\/p>\n<h2>Principais fun\u00e7\u00f5es<\/h2>\n<p><img decoding=\"async\" class=\"wp-image-4165 size-woocommerce_single aligncenter\" src=\"https:\/\/www.qualitester.com\/wp-content\/uploads\/2024\/04\/medical-needle-puncture-tester-600x600.jpg\" alt=\"testador de pun\u00e7\u00e3o de agulha m\u00e9dica\" width=\"600\" height=\"600\" srcset=\"https:\/\/www.qualitester.com\/wp-content\/uploads\/2024\/04\/medical-needle-puncture-tester-600x600.jpg 600w, https:\/\/www.qualitester.com\/wp-content\/uploads\/2024\/04\/medical-needle-puncture-tester-300x300.jpg 300w, https:\/\/www.qualitester.com\/wp-content\/uploads\/2024\/04\/medical-needle-puncture-tester-150x150.jpg 150w, https:\/\/www.qualitester.com\/wp-content\/uploads\/2024\/04\/medical-needle-puncture-tester-100x100.jpg 100w, https:\/\/www.qualitester.com\/wp-content\/uploads\/2024\/04\/medical-needle-puncture-tester.jpg 750w\" sizes=\"(max-width: 600px) 100vw, 600px\" \/><\/p>\n<h3>1. Aplica\u00e7\u00e3o do testador de resist\u00eancia \u00e0 perfura\u00e7\u00e3o por agulha<\/h3>\n<p>Este testador foi projetado especificamente para avaliar a resist\u00eancia \u00e0 perfura\u00e7\u00e3o de <strong>agulhas m\u00e9dicas<\/strong>, incluindo, mas n\u00e3o se limitando a <strong>agulhas hipod\u00e9rmicas<\/strong>, eu<strong>agulhas de inje\u00e7\u00e3o<\/strong>, <strong>agulhas de acupuntura<\/strong>, e <strong>agulhas de bi\u00f3psia<\/strong>. Sua versatilidade permite testes abrangentes em v\u00e1rios tipos e tamanhos de agulhas, garantindo uma avalia\u00e7\u00e3o completa do desempenho do produto.<\/p>\n<h3>2. Quais benef\u00edcios podem ser obtidos?<\/h3>\n<p>Ao usar o testador de pun\u00e7\u00e3o com agulha m\u00e9dica, os usu\u00e1rios podem obter v\u00e1rios benef\u00edcios not\u00e1veis:<\/p>\n<ul>\n<li>Seguran\u00e7a aprimorada: colocando a seguran\u00e7a do paciente em primeiro lugar, esta ferramenta auxilia na detec\u00e7\u00e3o de problemas ou falhas em agulhas m\u00e9dicas, reduzindo a chance de elas quebrarem ou n\u00e3o funcionarem corretamente durante procedimentos m\u00e9dicos.<\/li>\n<li>Atender aos Regulamentos: Em um campo que est\u00e1 se tornando mais regulamentado, \u00e9 crucial atender a padr\u00f5es rigorosos. Este testador torna mais f\u00e1cil seguir as regras e os padr\u00f5es, prevenindo poss\u00edveis problemas legais e mantendo o produto confi\u00e1vel.<\/li>\n<li>Economia de custos: Encontrar problemas com agulhas cedo por meio de testes completos economiza dinheiro para as empresas. Isso reduz o risco de ter que recolher produtos, lidar com processos judiciais e prejudicar sua reputa\u00e7\u00e3o.<\/li>\n<\/ul>\n<h2>Como usar o testador de pun\u00e7\u00e3o de agulha m\u00e9dica NPT-01<\/h2>\n<h3>1. Processo de opera\u00e7\u00e3o<\/h3>\n<p>Os engenheiros implementaram uma interface de intera\u00e7\u00e3o homem-computador f\u00e1cil de operar por meio da unidade de controle PLC. Portanto, a opera\u00e7\u00e3o do testador de pun\u00e7\u00e3o de agulha m\u00e9dica \u00e9 muito simples:<\/p>\n<ol>\n<li>Fixe a amostra da agulha m\u00e9dica e as amostras perfuradas no local designado.<\/li>\n<li>Ajuste os par\u00e2metros de teste, incluindo for\u00e7a e velocidade de perfura\u00e7\u00e3o, para alinh\u00e1-los aos requisitos de teste espec\u00edficos.<\/li>\n<li>Inicie o processo de teste, permitindo que o dispositivo avalie a resist\u00eancia \u00e0 perfura\u00e7\u00e3o da agulha.<\/li>\n<li>Avalie os resultados do teste para determinar o desempenho da agulha e identificar quaisquer desvios dos padr\u00f5es esperados.<\/li>\n<\/ol>\n<h3>2. Refer\u00eancia de v\u00eddeo sobre o testador de pun\u00e7\u00e3o de agulha m\u00e9dica NPT-01<\/h3>\n<div class=\"ast-oembed-container\" style=\"height: 100%;\"><iframe title=\"Teste de pun\u00e7\u00e3o de agulha de seringa m\u00e9dica | Personaliza\u00e7\u00e3o de instrumento de teste\" width=\"500\" height=\"281\" src=\"https:\/\/www.youtube.com\/embed\/6D2saICCxCA?feature=oembed\" frameborder=\"0\" allow=\"accelerometer; autoplay; clipboard-write; encrypted-media; gyroscope; picture-in-picture; web-share\" referrerpolicy=\"strict-origin-when-cross-origin\" allowfullscreen><\/iframe><\/div>\n<h2>Aplica\u00e7\u00f5es comuns<\/h2>\n<p>A versatilidade do testador de pun\u00e7\u00e3o por agulha m\u00e9dica o torna indispens\u00e1vel em diversas aplica\u00e7\u00f5es na ind\u00fastria m\u00e9dica:<\/p>\n<ul>\n<li>Controle de qualidade na fabrica\u00e7\u00e3o: os fabricantes de dispositivos m\u00e9dicos contam com este testador para conduzir avalia\u00e7\u00f5es completas da qualidade de agulhas m\u00e9dicas, garantindo a conformidade com os padr\u00f5es regulat\u00f3rios e mantendo a excel\u00eancia do produto.<\/li>\n<li>Pesquisa e desenvolvimento: Na busca pela inova\u00e7\u00e3o, os pesquisadores utilizam o testador para avaliar novos designs e materiais de agulhas, melhorando a efic\u00e1cia e a seguran\u00e7a dos dispositivos m\u00e9dicos.<\/li>\n<\/ul>\n<p><img decoding=\"async\" class=\"wp-image-4164 size-woocommerce_single aligncenter\" src=\"https:\/\/www.qualitester.com\/wp-content\/uploads\/2024\/04\/NPT-01-needle-puncture-tester-600x600.jpg\" alt=\"Testador de pun\u00e7\u00e3o por agulha NPT-01\" width=\"600\" height=\"600\" srcset=\"https:\/\/www.qualitester.com\/wp-content\/uploads\/2024\/04\/NPT-01-needle-puncture-tester-600x600.jpg 600w, https:\/\/www.qualitester.com\/wp-content\/uploads\/2024\/04\/NPT-01-needle-puncture-tester-300x300.jpg 300w, https:\/\/www.qualitester.com\/wp-content\/uploads\/2024\/04\/NPT-01-needle-puncture-tester-150x150.jpg 150w, https:\/\/www.qualitester.com\/wp-content\/uploads\/2024\/04\/NPT-01-needle-puncture-tester-100x100.jpg 100w, https:\/\/www.qualitester.com\/wp-content\/uploads\/2024\/04\/NPT-01-needle-puncture-tester.jpg 750w\" sizes=\"(max-width: 600px) 100vw, 600px\" \/><\/p>\n<h2>Par\u00e2metro principal<\/h2>\n<table style=\"height: 262px;\" width=\"429\">\n<tbody>\n<tr>\n<td width=\"181\">Faixa de teste<\/td>\n<td width=\"284\">0~200N (ou conforme necess\u00e1rio)<\/td>\n<\/tr>\n<tr>\n<td>AVC<\/td>\n<td>200mm (sem grampo)<\/td>\n<\/tr>\n<tr>\n<td>Velocidade<\/td>\n<td>1~500mm\/min (ou conforme necess\u00e1rio)<\/td>\n<\/tr>\n<tr>\n<td>Precis\u00e3o de deslocamento<\/td>\n<td>0,01 mm<\/td>\n<\/tr>\n<tr>\n<td>Precis\u00e3o<\/td>\n<td>0,5% FS<\/td>\n<\/tr>\n<tr>\n<td>Sa\u00edda<\/td>\n<td>Tela, Microimpressora, RS232 (opcional)<\/td>\n<\/tr>\n<tr>\n<td>Poder<\/td>\n<td>110~220V 50\/60Hz<\/td>\n<\/tr>\n<\/tbody>\n<\/table>\n<h2>Processo de fabrica\u00e7\u00e3o<\/h2>\n<p>&nbsp;<\/p>\n<h2>Suporte de pr\u00e9-venda<\/h2>\n<p>&nbsp;<\/p>\n<h2>Servi\u00e7o p\u00f3s-venda<\/h2>\n<p>&nbsp;<\/p>\n<p><img loading=\"lazy\" decoding=\"async\" class=\"wp-image-4163 size-woocommerce_single aligncenter\" src=\"https:\/\/www.qualitester.com\/wp-content\/uploads\/2024\/04\/needle-puncture-resistance-test-600x600.jpg\" alt=\"teste de resist\u00eancia \u00e0 perfura\u00e7\u00e3o por agulha\" width=\"600\" height=\"600\" srcset=\"https:\/\/www.qualitester.com\/wp-content\/uploads\/2024\/04\/needle-puncture-resistance-test-600x600.jpg 600w, https:\/\/www.qualitester.com\/wp-content\/uploads\/2024\/04\/needle-puncture-resistance-test-300x300.jpg 300w, https:\/\/www.qualitester.com\/wp-content\/uploads\/2024\/04\/needle-puncture-resistance-test-150x150.jpg 150w, https:\/\/www.qualitester.com\/wp-content\/uploads\/2024\/04\/needle-puncture-resistance-test-100x100.jpg 100w, https:\/\/www.qualitester.com\/wp-content\/uploads\/2024\/04\/needle-puncture-resistance-test.jpg 750w\" sizes=\"(max-width: 600px) 100vw, 600px\" \/><\/p>\n<h2>Padr\u00e3o principal<\/h2>\n<p><a href=\"https:\/\/www.uspnf.com\/sites\/default\/files\/usp_pdf\/EN\/USPNF\/revisions\/381_elastomeric_closure_for_injections_rb_notice.pdf\" target=\"_blank\" rel=\"noopener nofollow\">USP 381<\/a><\/p>\n<p><a href=\"https:\/\/www.iso.org\/standard\/68560.html\" target=\"_blank\" rel=\"noopener nofollow\">Norma ISO 8871-5<\/a><\/p>\n<h2>Artigo recomendado<\/h2>\n<p><span style=\"text-decoration: underline;\"><span style=\"color: #99ccff; text-decoration: underline;\"><a style=\"color: #99ccff; text-decoration: underline;\" title=\"teste de resist\u00eancia \u00e0 perfura\u00e7\u00e3o por agulha\" href=\"https:\/\/www.qualitester.com\/pt\/3-reasons-to-test-needle-puncture-resistance\/\" target=\"_blank\" rel=\"noopener\">3 raz\u00f5es para testar a resist\u00eancia \u00e0 perfura\u00e7\u00e3o por agulha<\/a><\/span><\/span><\/p>\n<p><span style=\"text-decoration: underline;\"><span style=\"color: #99ccff; text-decoration: underline;\"><a class=\"row-title\" style=\"color: #99ccff; text-decoration: underline;\" href=\"https:\/\/www.qualitester.com\/pt\/what-is-penetrability-testing-iso-8871-5\/\" target=\"_blank\" rel=\"noopener\" aria-label=\"\u300cO que \u00e9 teste de penetrabilidade? | ISO 8871-5\u300d\uff08\u7f16\u8f91\uff09\">O que \u00e9 teste de penetrabilidade? | ISO 8871-5<\/a><\/span><\/span><\/p>\n<p><span style=\"text-decoration: underline;\"><span style=\"color: #99ccff; text-decoration: underline;\"><a class=\"row-title\" style=\"color: #99ccff; text-decoration: underline;\" href=\"https:\/\/www.qualitester.com\/pt\/penetrability-tester-for-vial-stopper-iso-8871-5\/\" target=\"_blank\" rel=\"noopener\" aria-label=\"\u300cTestador de penetrabilidade para rolha de frasco | ISO 8871-5\u300d (vers\u00e3o original)\">Testador de Penetrabilidade para Rolha de Frasco | ISO 8871-5<\/a><\/span><\/span><\/p>\n<p><span style=\"text-decoration: underline;\"><span style=\"color: #99ccff; text-decoration: underline;\"><a class=\"row-title\" style=\"color: #99ccff; text-decoration: underline;\" href=\"https:\/\/www.qualitester.com\/pt\/needle-penetrability-tester-for-vial-stopper\/\" aria-label=\"\u300cTestador de Penetrabilidade de Agulha para Rolha de Frasco | ISO 8871-5\u300d (vers\u00e3o original)\">Testador de Penetrabilidade de Agulha para Rolha de Frasco | ISO 8871-5<\/a><\/span><\/span><\/p>\n<p><span style=\"text-decoration: underline;\"><span style=\"color: #99ccff; text-decoration: underline;\"><a class=\"row-title\" style=\"color: #99ccff; text-decoration: underline;\" href=\"https:\/\/www.qualitester.com\/pt\/needle-penetration-test-equipment\/\" target=\"_blank\" rel=\"noopener\" aria-label=\"\u300cMelhor equipamento de teste de penetra\u00e7\u00e3o de agulha ISO 8771-5\u300d (\u7f16\u8f91)\">Melhor equipamento de teste de penetra\u00e7\u00e3o de agulha ISO 8771-5<\/a><\/span><\/span><\/p>\n<p><span style=\"text-decoration: underline;\"><span style=\"color: #99ccff; text-decoration: underline;\"><a class=\"row-title\" style=\"color: #99ccff; text-decoration: underline;\" href=\"https:\/\/www.qualitester.com\/pt\/penetration-force-tester-to-meet-iso-8871-5\/\" target=\"_blank\" rel=\"noopener\" aria-label=\"\u300cComo usar o testador de for\u00e7a de penetra\u00e7\u00e3o para atender \u00e0 norma ISO 8871-5\u300d (vers\u00e3o original)\">Como usar o testador de for\u00e7a de penetra\u00e7\u00e3o para atender \u00e0 norma ISO 8871-5<\/a><\/span><\/span><\/p>\n<p><span style=\"text-decoration: underline;\"><span style=\"color: #99ccff; text-decoration: underline;\"><a class=\"row-title\" style=\"color: #99ccff; text-decoration: underline;\" href=\"https:\/\/www.qualitester.com\/pt\/needle-penetration-test-for-vial-stopper\/\" aria-label=\"\u300cTeste de penetra\u00e7\u00e3o de agulha para garantia de qualidade de rolha de frasco ISO 8871-5\u300d (\u7f16\u8f91)\">Teste de penetra\u00e7\u00e3o de agulha para garantia de qualidade de rolha de frasco ISO 8871-5<\/a><\/span><\/span><\/p>\n<p><span style=\"text-decoration: underline;\"><span style=\"color: #99ccff; text-decoration: underline;\"><a class=\"row-title\" style=\"color: #99ccff; text-decoration: underline;\" href=\"https:\/\/www.qualitester.com\/pt\/rubber-stoppers-needle-penetration-test-method\/\" aria-label=\"\u300cM\u00e9todo de teste de penetra\u00e7\u00e3o de agulha para rolhas de borracha\u300d (\u7f16\u8f91)\">M\u00e9todo de teste de penetra\u00e7\u00e3o de agulha para rolhas de borracha<\/a><\/span><\/span><\/p>\n<div id=\"gtx-anchor\" style=\"position: absolute; visibility: hidden; left: 20px; top: 5443.94px; width: 80.4062px; height: 64.7031px;\"><\/div>\n<div class=\"jfk-bubble gtx-bubble\" style=\"visibility: visible; left: 45px; top: 5276px; opacity: 1;\" role=\"alertdialog\" aria-describedby=\"bubble-7\">\n<div id=\"bubble-7\" class=\"jfk-bubble-content-id\">\n<div id=\"gtx-host\" style=\"min-width: 200px; max-width: 400px;\"><\/div>\n<\/div>\n<div class=\"jfk-bubble-closebtn-id jfk-bubble-closebtn\" tabindex=\"0\" role=\"button\" aria-label=\"Fechar\"><\/div>\n<div class=\"jfk-bubble-arrow-id jfk-bubble-arrow jfk-bubble-arrowdown\" style=\"left: 60px;\">\n<div class=\"jfk-bubble-arrowimplbefore\"><\/div>\n<div class=\"jfk-bubble-arrowimplafter\"><\/div>\n<\/div>\n<\/div>","protected":false},"excerpt":{"rendered":"<p>O testador de perfura\u00e7\u00e3o por agulha foi projetado para avaliar a resist\u00eancia \u00e0 perfura\u00e7\u00e3o de diferentes tipos de agulhas m\u00e9dicas, incluindo agulhas hipod\u00e9rmicas, agulhas de inje\u00e7\u00e3o, etc.<\/p>","protected":false},"featured_media":6226,"comment_status":"closed","ping_status":"closed","template":"","meta":{"site-sidebar-layout":"default","site-content-layout":"default","ast-global-header-display":"","ast-main-header-display":"","ast-hfb-above-header-display":"","ast-hfb-below-header-display":"","ast-hfb-mobile-header-display":"","site-post-title":"","ast-breadcrumbs-content":"","ast-featured-img":"","footer-sml-layout":"","theme-transparent-header-meta":"default","adv-header-id-meta":"","stick-header-meta":"","header-above-stick-meta":"","header-main-stick-meta":"","header-below-stick-meta":""},"product_cat":[958,845,1038,1158,672,149,100,95],"product_tag":[1036,1028,1031,1033],"class_list":{"0":"post-4162","1":"product","2":"type-product","3":"status-publish","4":"has-post-thumbnail","6":"product_cat-puncture-tester","7":"product_cat-customization","8":"product_cat-iso-8871-5","9":"product_cat-usp-381","10":"product_cat-applied-materials","11":"product_cat-pharma-and-medical-testers","12":"product_cat-iso","13":"product_cat-products","14":"product_tag-iso-8871-5","15":"product_tag-needle-puncture-testesr","16":"product_tag-penetrability-tester","17":"product_tag-usp-381","18":"desktop-align-left","19":"tablet-align-left","20":"mobile-align-left","22":"first","23":"instock","24":"featured","25":"shipping-taxable","26":"product-type-simple"},"_links":{"self":[{"href":"https:\/\/www.qualitester.com\/pt\/wp-json\/wp\/v2\/product\/4162","targetHints":{"allow":["GET"]}}],"collection":[{"href":"https:\/\/www.qualitester.com\/pt\/wp-json\/wp\/v2\/product"}],"about":[{"href":"https:\/\/www.qualitester.com\/pt\/wp-json\/wp\/v2\/types\/product"}],"replies":[{"embeddable":true,"href":"https:\/\/www.qualitester.com\/pt\/wp-json\/wp\/v2\/comments?post=4162"}],"version-history":[{"count":0,"href":"https:\/\/www.qualitester.com\/pt\/wp-json\/wp\/v2\/product\/4162\/revisions"}],"wp:featuredmedia":[{"embeddable":true,"href":"https:\/\/www.qualitester.com\/pt\/wp-json\/wp\/v2\/media\/6226"}],"wp:attachment":[{"href":"https:\/\/www.qualitester.com\/pt\/wp-json\/wp\/v2\/media?parent=4162"}],"wp:term":[{"taxonomy":"product_cat","embeddable":true,"href":"https:\/\/www.qualitester.com\/pt\/wp-json\/wp\/v2\/product_cat?post=4162"},{"taxonomy":"product_tag","embeddable":true,"href":"https:\/\/www.qualitester.com\/pt\/wp-json\/wp\/v2\/product_tag?post=4162"}],"curies":[{"name":"wp","href":"https:\/\/api.w.org\/{rel}","templated":true}]}}