{"id":3478,"date":"2023-08-18T13:29:34","date_gmt":"2023-08-18T05:29:34","guid":{"rendered":"https:\/\/www.qualitester.com\/?post_type=product&#038;p=3478"},"modified":"2024-12-04T14:25:09","modified_gmt":"2024-12-04T06:25:09","slug":"vacuum-blood-collection-tube-vacutainer-working-principle","status":"publish","type":"product","link":"https:\/\/www.qualitester.com\/pt\/produto\/vacuum-blood-collection-tube-vacutainer-working-principle\/","title":{"rendered":"Vacuum blood collection tube\/Vacutainer Working Principle"},"content":{"rendered":"<div data-elementor-type=\"wp-post\" data-elementor-id=\"3478\" class=\"elementor elementor-3478\" data-elementor-post-type=\"product\">\n\t\t\t\t<div class=\"elementor-element elementor-element-e8546d3 e-flex e-con-boxed e-con e-parent\" data-id=\"e8546d3\" data-element_type=\"container\">\n\t\t\t\t\t<div class=\"e-con-inner\">\n\t\t<div class=\"elementor-element elementor-element-d2e896b e-con-full e-flex e-con e-parent\" data-id=\"d2e896b\" data-element_type=\"container\">\n\t\t\t\t<div class=\"elementor-element elementor-element-9bf01e5 elementor-widget elementor-widget-image\" data-id=\"9bf01e5\" data-element_type=\"widget\" data-widget_type=\"image.default\">\n\t\t\t\t<div class=\"elementor-widget-container\">\n\t\t\t\t\t\t\t\t\t\t\t\t\t<img fetchpriority=\"high\" decoding=\"async\" width=\"750\" height=\"750\" src=\"https:\/\/www.qualitester.com\/wp-content\/uploads\/2023\/04\/Drawing-Volume-Tester-RDVT-01-1.jpg\" class=\"attachment-large size-large wp-image-1800\" alt=\"\" srcset=\"https:\/\/www.qualitester.com\/wp-content\/uploads\/2023\/04\/Drawing-Volume-Tester-RDVT-01-1.jpg 750w, https:\/\/www.qualitester.com\/wp-content\/uploads\/2023\/04\/Drawing-Volume-Tester-RDVT-01-1-300x300.jpg 300w, https:\/\/www.qualitester.com\/wp-content\/uploads\/2023\/04\/Drawing-Volume-Tester-RDVT-01-1-150x150.jpg 150w, https:\/\/www.qualitester.com\/wp-content\/uploads\/2023\/04\/Drawing-Volume-Tester-RDVT-01-1-600x600.jpg 600w, https:\/\/www.qualitester.com\/wp-content\/uploads\/2023\/04\/Drawing-Volume-Tester-RDVT-01-1-100x100.jpg 100w\" sizes=\"(max-width: 750px) 100vw, 750px\" \/>\t\t\t\t\t\t\t\t\t\t\t\t\t<\/div>\n\t\t\t\t<\/div>\n\t\t\t\t<\/div>\n\t\t<div class=\"elementor-element elementor-element-9d890d4 e-con-full e-flex e-con e-parent\" data-id=\"9d890d4\" data-element_type=\"container\">\n\t\t\t\t<div class=\"elementor-element elementor-element-bd00a62 elementor-widget elementor-widget-text-editor\" data-id=\"bd00a62\" data-element_type=\"widget\" data-widget_type=\"text-editor.default\">\n\t\t\t\t<div class=\"elementor-widget-container\">\n\t\t\t\t\t\t\t<h6><strong>Fundo<\/strong><\/h6><p><em>Um tubo de coleta de sangue vacutainer \u00e9 um tubo de ensaio est\u00e9ril de vidro ou pl\u00e1stico com uma rolha de borracha colorida que cria uma veda\u00e7\u00e3o a v\u00e1cuo dentro do tubo, facilitando a extra\u00e7\u00e3o de um volume predeterminado de l\u00edquido. Os tubos Vacutainer podem conter aditivos projetados para estabilizar e preservar a amostra antes do teste anal\u00edtico.<\/em><\/p><p><em>Os tubos est\u00e3o dispon\u00edveis com uma rolha projetada para seguran\u00e7a, com uma variedade de op\u00e7\u00f5es de rotulagem e volumes de extra\u00e7\u00e3o. A cor da parte superior indica os aditivos no frasco.<\/em><\/p><p>\u00a0<\/p>\t\t\t\t\t\t<\/div>\n\t\t\t\t<\/div>\n\t\t\t\t<\/div>\n\t\t\t\t\t<\/div>\n\t\t\t\t<\/div>\n\t\t<div class=\"elementor-element elementor-element-6fbbd3c e-flex e-con-boxed e-con e-parent\" data-id=\"6fbbd3c\" data-element_type=\"container\">\n\t\t\t\t\t<div class=\"e-con-inner\">\n\t\t<div class=\"elementor-element elementor-element-35ac726 e-con-full e-flex e-con e-parent\" data-id=\"35ac726\" data-element_type=\"container\">\n\t\t\t\t<div class=\"elementor-element elementor-element-86c1ab3 elementor-widget elementor-widget-image\" data-id=\"86c1ab3\" data-element_type=\"widget\" data-widget_type=\"image.default\">\n\t\t\t\t<div class=\"elementor-widget-container\">\n\t\t\t\t\t\t\t\t\t\t\t\t\t<img decoding=\"async\" width=\"750\" height=\"750\" src=\"https:\/\/www.qualitester.com\/wp-content\/uploads\/2023\/04\/RDVT-01-Drawing-Volume-Tester-1.jpg\" class=\"attachment-large size-large wp-image-1801\" alt=\"\" srcset=\"https:\/\/www.qualitester.com\/wp-content\/uploads\/2023\/04\/RDVT-01-Drawing-Volume-Tester-1.jpg 750w, https:\/\/www.qualitester.com\/wp-content\/uploads\/2023\/04\/RDVT-01-Drawing-Volume-Tester-1-300x300.jpg 300w, https:\/\/www.qualitester.com\/wp-content\/uploads\/2023\/04\/RDVT-01-Drawing-Volume-Tester-1-150x150.jpg 150w, https:\/\/www.qualitester.com\/wp-content\/uploads\/2023\/04\/RDVT-01-Drawing-Volume-Tester-1-600x600.jpg 600w, https:\/\/www.qualitester.com\/wp-content\/uploads\/2023\/04\/RDVT-01-Drawing-Volume-Tester-1-100x100.jpg 100w\" sizes=\"(max-width: 750px) 100vw, 750px\" \/>\t\t\t\t\t\t\t\t\t\t\t\t\t<\/div>\n\t\t\t\t<\/div>\n\t\t\t\t<\/div>\n\t\t<div class=\"elementor-element elementor-element-3b27eec e-con-full e-flex e-con e-parent\" data-id=\"3b27eec\" data-element_type=\"container\">\n\t\t\t\t<div class=\"elementor-element elementor-element-9167e29 elementor-widget elementor-widget-text-editor\" data-id=\"9167e29\" data-element_type=\"widget\" data-widget_type=\"text-editor.default\">\n\t\t\t\t<div class=\"elementor-widget-container\">\n\t\t\t\t\t\t\t<h6><strong>Descri\u00e7\u00e3o<\/strong><\/h6><p><em>As agulhas Vacutainer s\u00e3o de ponta dupla, com um lado sendo envolto em um fino revestimento de borracha para seguran\u00e7a. Quando a agulha \u00e9 parafusada no suporte de agulha de pl\u00e1stico transl\u00facido, a agulha de borracha fica dentro do suporte, e a agulha exposta ser\u00e1 inserida na veia.<\/em><\/p><p><em>Quando um tubo vacutainer \u00e9 inserido no suporte, sua tampa de borracha \u00e9 perfurada pela agulha interna e o v\u00e1cuo no tubo puxa o sangue atrav\u00e9s da agulha e para dentro do tubo. O tubo cheio \u00e9 ent\u00e3o removido e outro pode ser inserido e enchido da mesma forma.<\/em><\/p><p><em>A quantidade de ar evacuada do tubo predetermina a quantidade de sangue que encher\u00e1 o tubo antes que o sangue pare de fluir.<\/em><\/p>\t\t\t\t\t\t<\/div>\n\t\t\t\t<\/div>\n\t\t\t\t<\/div>\n\t\t\t\t\t<\/div>\n\t\t\t\t<\/div>\n\t\t<div class=\"elementor-element elementor-element-079d546 e-flex e-con-boxed e-con e-parent\" data-id=\"079d546\" data-element_type=\"container\">\n\t\t\t\t\t<div class=\"e-con-inner\">\n\t\t<div class=\"elementor-element elementor-element-96d5674 e-con-full e-flex e-con e-parent\" data-id=\"96d5674\" data-element_type=\"container\">\n\t\t\t\t<div class=\"elementor-element elementor-element-0723ea6 elementor-widget elementor-widget-image\" data-id=\"0723ea6\" data-element_type=\"widget\" data-widget_type=\"image.default\">\n\t\t\t\t<div class=\"elementor-widget-container\">\n\t\t\t\t\t\t\t\t\t\t\t\t\t<img decoding=\"async\" width=\"750\" height=\"750\" src=\"https:\/\/www.qualitester.com\/wp-content\/uploads\/2023\/04\/RDVT-01-Drawing-Volume-Tester-1.jpg\" class=\"attachment-large size-large wp-image-1801\" alt=\"\" srcset=\"https:\/\/www.qualitester.com\/wp-content\/uploads\/2023\/04\/RDVT-01-Drawing-Volume-Tester-1.jpg 750w, https:\/\/www.qualitester.com\/wp-content\/uploads\/2023\/04\/RDVT-01-Drawing-Volume-Tester-1-300x300.jpg 300w, https:\/\/www.qualitester.com\/wp-content\/uploads\/2023\/04\/RDVT-01-Drawing-Volume-Tester-1-150x150.jpg 150w, https:\/\/www.qualitester.com\/wp-content\/uploads\/2023\/04\/RDVT-01-Drawing-Volume-Tester-1-600x600.jpg 600w, https:\/\/www.qualitester.com\/wp-content\/uploads\/2023\/04\/RDVT-01-Drawing-Volume-Tester-1-100x100.jpg 100w\" sizes=\"(max-width: 750px) 100vw, 750px\" \/>\t\t\t\t\t\t\t\t\t\t\t\t\t<\/div>\n\t\t\t\t<\/div>\n\t\t\t\t<\/div>\n\t\t<div class=\"elementor-element elementor-element-61dd7de e-con-full e-flex e-con e-parent\" data-id=\"61dd7de\" data-element_type=\"container\">\n\t\t\t\t<div class=\"elementor-element elementor-element-3dda4cd elementor-widget elementor-widget-text-editor\" data-id=\"3dda4cd\" data-element_type=\"widget\" data-widget_type=\"text-editor.default\">\n\t\t\t\t<div class=\"elementor-widget-container\">\n\t\t\t\t\t\t\t<p><strong>Caracter\u00edsticas t\u00e9cnicas<\/strong><\/p><ul><li><em>\u00c9 uma unidade controlada por CLP (est\u00e1vel em n\u00edvel industrial) e operada por tela sens\u00edvel ao toque HMI.<\/em><\/li><li><em>\u00c9 conveniente de usar, entrada digital, e o sistema manter\u00e1 automaticamente a press\u00e3o constante de acordo com a mudan\u00e7a do n\u00edvel do l\u00edquido no tanque, de modo a garantir a precis\u00e3o do teste.<\/em><\/li><li><em>Bomba de v\u00e1cuo incorporada para economizar espa\u00e7o e custo extra para o usu\u00e1rio.<\/em><\/li><\/ul><h6><strong>Dados<\/strong><\/h6><p><em>Grau de v\u00e1cuo 0~-40 KPa <\/em><br \/><em>\u00a0 \u00a0 \u00a0 \u00a0 \u00a0 \u00a0 \u00a0 \u00a0 \u00a0 \u00a0 \u00a0 \u00a0 \u00a0 \u00a0 \u00a0 \u00a0 \u00a0 \u00a0 \u00a0 \u00a0 \u00a0 \u00a0 \u00a0 \u00a0 \u00a0 (Semelhante \u00e0 altitude 3600m)<\/em><\/p><p><em>Controle PLC e interface homem-m\u00e1quina<\/em><\/p><p><em>Pot\u00eancia 220V, 50\/60Hz<\/em><\/p>\t\t\t\t\t\t<\/div>\n\t\t\t\t<\/div>\n\t\t\t\t<\/div>\n\t\t\t\t\t<\/div>\n\t\t\t\t<\/div>\n\t\t<div class=\"elementor-element elementor-element-50ec8cb e-flex e-con-boxed e-con e-parent\" data-id=\"50ec8cb\" data-element_type=\"container\">\n\t\t\t\t\t<div class=\"e-con-inner\">\n\t\t\t\t<div class=\"elementor-element elementor-element-d7531f7 elementor-widget elementor-widget-wpforms\" data-id=\"d7531f7\" data-element_type=\"widget\" data-widget_type=\"wpforms.default\">\n\t\t\t\t<div class=\"elementor-widget-container\">\n\t\t\t<div class=\"wpforms-container\" id=\"wpforms-11\"><form id=\"wpforms-form-11\" class=\"wpforms-validate wpforms-form wpforms-ajax-form\" data-formid=\"11\" method=\"post\" enctype=\"multipart\/form-data\" action=\"\/pt\/wp-json\/wp\/v2\/product\/3478\" data-token=\"7c26fc00fd485ee9e5a7c61a93b70491\" data-trp-original-action=\"\/pt\/wp-json\/wp\/v2\/product\/3478\"><noscript class=\"wpforms-error-noscript\">Active o JavaScript no seu browser para preencher este formul\u00e1rio.<\/noscript><div class=\"wpforms-field-container\"><div id=\"wpforms-11-field_1-container\" class=\"wpforms-field wpforms-field-text\" data-field-id=\"1\"><label class=\"wpforms-field-label\" for=\"wpforms-11-field_1\">Nome <span class=\"wpforms-required-label\">*<\/span><\/label><input type=\"text\" id=\"wpforms-11-field_1\" class=\"wpforms-field-medium wpforms-field-required\" name=\"wpforms[fields][1]\" placeholder=\"Nome\" required><\/div><div id=\"wpforms-11-field_5-container\" class=\"wpforms-field wpforms-field-text\" data-field-id=\"5\"><label class=\"wpforms-field-label\" for=\"wpforms-11-field_5\">Empresa<\/label><input type=\"text\" id=\"wpforms-11-field_5\" class=\"wpforms-field-medium\" name=\"wpforms[fields][5]\" ><\/div><div id=\"wpforms-11-field_4-container\" class=\"wpforms-field wpforms-field-number\" data-field-id=\"4\"><label class=\"wpforms-field-label\" for=\"wpforms-11-field_4\">Telefone<\/label><input type=\"number\" pattern=\"\\d*\" id=\"wpforms-11-field_4\" class=\"wpforms-field-medium\" name=\"wpforms[fields][4]\" placeholder=\"Telefone\" ><\/div><div id=\"wpforms-11-field_3-container\" class=\"wpforms-field wpforms-field-email\" data-field-id=\"3\"><label class=\"wpforms-field-label\" for=\"wpforms-11-field_3\">E-mail <span class=\"wpforms-required-label\">*<\/span><\/label><input type=\"email\" id=\"wpforms-11-field_3\" class=\"wpforms-field-medium wpforms-field-required\" name=\"wpforms[fields][3]\" placeholder=\"E-mail\" spellcheck=\"false\" required><\/div><div id=\"wpforms-11-field_2-container\" class=\"wpforms-field wpforms-field-textarea\" data-field-id=\"2\"><label class=\"wpforms-field-label\" for=\"wpforms-11-field_2\">Mensagem<\/label><textarea id=\"wpforms-11-field_2\" class=\"wpforms-field-large\" name=\"wpforms[fields][2]\" ><\/textarea><\/div><\/div><!-- .wpforms-field-container --><input type=\"hidden\" name=\"wpforms[recaptcha]\" value=\"\"><div class=\"wpforms-submit-container\" ><input type=\"hidden\" name=\"wpforms[id]\" value=\"11\"><input type=\"hidden\" name=\"wpforms[author]\" value=\"4\"><button type=\"submit\" name=\"wpforms[submit]\" id=\"wpforms-submit-11\" class=\"wpforms-submit\" data-alt-text=\"Submitting\" data-submit-text=\"Submit\" aria-live=\"assertive\" value=\"wpforms-submit\">Enviar<\/button><img decoding=\"async\" src=\"https:\/\/www.qualitester.com\/wp-content\/plugins\/wpforms-lite\/assets\/images\/submit-spin.svg\" class=\"wpforms-submit-spinner\" style=\"display: none;\" width=\"26\" height=\"26\" alt=\"Carregamento\"><\/div><input type=\"hidden\" name=\"trp-form-language\" value=\"pt\"\/><\/form><\/div>  <!-- .wpforms-container -->\t\t<\/div>\n\t\t\t\t<\/div>\n\t\t\t\t\t<\/div>\n\t\t\t\t<\/div>\n\t\t\t\t<\/div>","protected":false},"excerpt":{"rendered":"<p>O RDVT-01 pode testar o volume de sangue que pode ser sugado automaticamente pelos vasos sangu\u00edneos a v\u00e1cuo.<\/p>","protected":false},"featured_media":1801,"comment_status":"closed","ping_status":"closed","template":"","meta":{"site-sidebar-layout":"default","site-content-layout":"default","ast-global-header-display":"","ast-main-header-display":"","ast-hfb-above-header-display":"","ast-hfb-below-header-display":"","ast-hfb-mobile-header-display":"","site-post-title":"disabled","ast-breadcrumbs-content":"","ast-featured-img":"disabled","footer-sml-layout":"","theme-transparent-header-meta":"default","adv-header-id-meta":"","stick-header-meta":"","header-above-stick-meta":"","header-main-stick-meta":"","header-below-stick-meta":""},"product_cat":[934,936,149,16,95],"product_tag":[966,184,384],"class_list":{"0":"post-3478","1":"product","2":"type-product","3":"status-publish","4":"has-post-thumbnail","6":"product_cat-medical-packaging-tester","7":"product_cat-vacutainer-drawing-volume-tester","8":"product_cat-pharma-and-medical-testers","9":"product_cat-plastic-packaging-testers","10":"product_cat-products","11":"product_tag-drawing-volume-of-the-vacutainer","12":"product_tag-vacutainer-blood-collection-tube","13":"product_tag-vacuum-tube-suction-volume","14":"desktop-align-left","15":"tablet-align-left","16":"mobile-align-left","18":"first","19":"instock","20":"shipping-taxable","21":"product-type-simple"},"_links":{"self":[{"href":"https:\/\/www.qualitester.com\/pt\/wp-json\/wp\/v2\/product\/3478","targetHints":{"allow":["GET"]}}],"collection":[{"href":"https:\/\/www.qualitester.com\/pt\/wp-json\/wp\/v2\/product"}],"about":[{"href":"https:\/\/www.qualitester.com\/pt\/wp-json\/wp\/v2\/types\/product"}],"replies":[{"embeddable":true,"href":"https:\/\/www.qualitester.com\/pt\/wp-json\/wp\/v2\/comments?post=3478"}],"version-history":[{"count":0,"href":"https:\/\/www.qualitester.com\/pt\/wp-json\/wp\/v2\/product\/3478\/revisions"}],"wp:featuredmedia":[{"embeddable":true,"href":"https:\/\/www.qualitester.com\/pt\/wp-json\/wp\/v2\/media\/1801"}],"wp:attachment":[{"href":"https:\/\/www.qualitester.com\/pt\/wp-json\/wp\/v2\/media?parent=3478"}],"wp:term":[{"taxonomy":"product_cat","embeddable":true,"href":"https:\/\/www.qualitester.com\/pt\/wp-json\/wp\/v2\/product_cat?post=3478"},{"taxonomy":"product_tag","embeddable":true,"href":"https:\/\/www.qualitester.com\/pt\/wp-json\/wp\/v2\/product_tag?post=3478"}],"curies":[{"name":"wp","href":"https:\/\/api.w.org\/{rel}","templated":true}]}}