{"id":3281,"date":"2023-08-14T08:28:02","date_gmt":"2023-08-14T00:28:02","guid":{"rendered":"https:\/\/www.qualitester.com\/?post_type=product&#038;p=3281"},"modified":"2024-12-05T09:19:19","modified_gmt":"2024-12-05T01:19:19","slug":"heat-seal-material-film-hot-tack-property-test","status":"publish","type":"product","link":"https:\/\/www.qualitester.com\/pt\/produto\/heat-seal-material-film-hot-tack-property-test\/","title":{"rendered":"Testador de Hot Tack HTT-01"},"content":{"rendered":"<h2><strong>Introdu\u00e7\u00e3o ao teste de Hot Tack<\/strong><\/h2>\n<p>O <strong>teste de hot tack<\/strong> \u00e9 um m\u00e9todo de avalia\u00e7\u00e3o cr\u00edtico que mede a resist\u00eancia das veda\u00e7\u00f5es t\u00e9rmicas imediatamente ap\u00f3s a veda\u00e7\u00e3o e antes que a veda\u00e7\u00e3o esfrie. Este teste \u00e9 essencial em ind\u00fastrias onde \u00e9 necess\u00e1ria uma veda\u00e7\u00e3o r\u00e1pida e confi\u00e1vel, especialmente em <strong>vertical de forma\u00e7\u00e3o-enchimento-selagem (VFFS)<\/strong> processos. Um hot tack forte garante que o selo permane\u00e7a intacto quando a embalagem \u00e9 preenchida com produtos, evitando derramamentos e mantendo a integridade do produto.<\/p>\n<p>O teste de ades\u00e3o a quente \u00e9 amplamente utilizado em setores como embalagens de alimentos, produtos farmac\u00eauticos, adesivos e eletr\u00f4nicos, onde o desempenho da embalagem impacta diretamente a seguran\u00e7a e a qualidade do produto.<\/p>\n<h2><strong>Vis\u00e3o geral do teste de selagem a quente<\/strong><\/h2>\n<p><strong>Teste de selagem a quente<\/strong> avalia a resist\u00eancia geral, durabilidade e flexibilidade dos materiais termopl\u00e1sticos ap\u00f3s a veda\u00e7\u00e3o. Ele garante que as veda\u00e7\u00f5es podem suportar condi\u00e7\u00f5es de manuseio, armazenamento e transporte. Os principais fatores que influenciam o desempenho da veda\u00e7\u00e3o t\u00e9rmica incluem:<\/p>\n<ul>\n<li><strong>Temperatura de selagem<\/strong><\/li>\n<li><strong>Press\u00e3o<\/strong><\/li>\n<li><strong>Tempo de perman\u00eancia<\/strong><\/li>\n<li><strong>Tempo de resfriamento<\/strong><\/li>\n<\/ul>\n<p>O controle preciso desses par\u00e2metros \u00e9 crucial para obter selagens consistentes e confi\u00e1veis, tornando os testes de selagem a quente um pilar fundamental da garantia de qualidade em embalagens flex\u00edveis.<\/p>\n<h2><strong><a href=\"https:\/\/www.astm.org\/f1921_f1921m-12r18.html\" rel=\"nofollow noopener\" target=\"_blank\">Norma ASTM F1921<\/a> e <a href=\"https:\/\/www.astm.org\/f2029-16r21.html\" rel=\"nofollow noopener\" target=\"_blank\">Norma ASTM F2029<\/a> Padr\u00f5es<\/strong><\/h2>\n<ul>\n<li><a href=\"https:\/\/www.qualitester.com\/pt\/categoria-produto\/astm\/astm-f1921\/\"><strong>Norma ASTM F1921<\/strong><\/a>:<br \/>\nEsta norma descreve m\u00e9todos de teste para determinar <strong>for\u00e7a de veda\u00e7\u00e3o a quente<\/strong> (hot tack) de materiais termopl\u00e1sticos. Ele fornece diretrizes sobre condi\u00e7\u00f5es de veda\u00e7\u00e3o, procedimentos de teste e medi\u00e7\u00e3o da for\u00e7a necess\u00e1ria para separar as veda\u00e7\u00f5es.<\/li>\n<li><a href=\"https:\/\/www.qualitester.com\/pt\/categoria-produto\/astm\/astm-f2029\/\"><strong>Norma ASTM F2029<\/strong><\/a>:<br \/>\nEsta norma descreve <strong>pr\u00e1ticas para fazer selos t\u00e9rmicos<\/strong> e avaliando sua resist\u00eancia. Ele garante que os materiais sel\u00e1veis a quente atendam aos crit\u00e9rios de desempenho, especificando par\u00e2metros para selagem e teste.<\/li>\n<\/ul>\n<p>Ambos os padr\u00f5es s\u00e3o cruciais para manter o controle de qualidade e garantir a conformidade com as regulamenta\u00e7\u00f5es do setor.<\/p>\n<h2><strong>Testador de tra\u00e7\u00e3o e ader\u00eancia a quente HTT-01<\/strong><\/h2>\n<p>O <strong>Testador de tra\u00e7\u00e3o e ader\u00eancia a quente HTT-01<\/strong> \u00e9 um instrumento vers\u00e1til projetado para avaliar tanto <strong>massa folhada<\/strong> e no geral <strong>for\u00e7a de veda\u00e7\u00e3o<\/strong> de materiais termopl\u00e1sticos. Ele fornece dados confi\u00e1veis para garantia de qualidade em aplica\u00e7\u00f5es de embalagem e ajuda os fabricantes a otimizar seus processos de selagem.<\/p>\n<p><strong>Principais aplica\u00e7\u00f5es:<\/strong><\/p>\n<ul>\n<li>Teste de ades\u00e3o a quente para embalagens VFFS.<\/li>\n<li>Avalia\u00e7\u00e3o da resist\u00eancia da selagem a quente para teias flex\u00edveis.<\/li>\n<li>Testes de tra\u00e7\u00e3o e for\u00e7a de descascamento de materiais termopl\u00e1sticos.<\/li>\n<\/ul>\n<h2><strong>Princ\u00edpio e processo de teste<\/strong><\/h2>\n<p>O teste de ader\u00eancia a quente envolve a selagem de uma tira de amostra entre duas mand\u00edbulas aquecidas sob condi\u00e7\u00f5es controladas:<\/p>\n<ol>\n<li><strong>Par\u00e2metros de veda\u00e7\u00e3o<\/strong>: Temperatura, tempo de perman\u00eancia, press\u00e3o e tempo de resfriamento s\u00e3o definidos de acordo com as especifica\u00e7\u00f5es do material.<\/li>\n<li><strong>Teste de Separa\u00e7\u00e3o<\/strong>:Ap\u00f3s a selagem, a amostra \u00e9 separada a uma velocidade especificada e a for\u00e7a necess\u00e1ria para quebrar o selo \u00e9 medida.<\/li>\n<\/ol>\n<p>A for\u00e7a resultante indica a <strong>for\u00e7a de ader\u00eancia quente<\/strong>, o que \u00e9 essencial para garantir o desempenho da embalagem em aplica\u00e7\u00f5es do mundo real.<\/p>\n<h2><strong>Principais caracter\u00edsticas t\u00e9cnicas do HTT-01<\/strong><\/h2>\n<ul>\n<li><strong>Controle e Interface Avan\u00e7ados<\/strong>:<br \/>\nO HTT-01 apresenta um <strong>Sistema controlado por PLC<\/strong> com um <strong>Tela sens\u00edvel ao toque HMI<\/strong> interface, garantindo estabilidade de n\u00edvel industrial e opera\u00e7\u00e3o amig\u00e1vel.<\/li>\n<li><strong>Capacidades de teste vers\u00e1teis<\/strong>:<br \/>\nEle suporta <strong>testes de ader\u00eancia a quente, tra\u00e7\u00e3o e descascamento<\/strong>, tornando-se uma solu\u00e7\u00e3o multifuncional para diversas aplica\u00e7\u00f5es.<\/li>\n<li><strong>Precis\u00e3o de temperatura<\/strong>:<br \/>\nO testador usa um <strong>Controlador de temperatura Delta PID<\/strong> e <strong>Sensor PT100<\/strong> para controle preciso da temperatura, garantindo resultados repet\u00edveis.<\/li>\n<li><strong>Par\u00e2metros ajust\u00e1veis<\/strong>:<br \/>\nOs usu\u00e1rios podem personalizar a temperatura de selagem, a press\u00e3o e o tempo de perman\u00eancia, com velocidades de teste que variam de <strong>1 a 2000 mm\/min<\/strong>.<\/li>\n<li><strong>Seguran\u00e7a e Gest\u00e3o de Dados<\/strong>:<br \/>\nO HTT-01 inclui recursos de seguran\u00e7a como <strong>zeragem autom\u00e1tica<\/strong>, <strong>prote\u00e7\u00e3o contra sobrecarga<\/strong>, e <strong>prote\u00e7\u00e3o contra excesso de curso<\/strong>. Os dados podem ser gerenciados por meio de um <strong>Porta RS 232<\/strong> e software profissional opcional.<\/li>\n<\/ul>\n<h2><strong>Principais Especifica\u00e7\u00f5es T\u00e9cnicas<\/strong><\/h2>\n<table>\n<tbody>\n<tr>\n<td width=\"123\">Temperatura de veda\u00e7\u00e3o.<\/td>\n<td width=\"251\">Ambiente~250\u2103<\/td>\n<\/tr>\n<tr>\n<td width=\"123\">Precis\u00e3o de temperatura<\/td>\n<td width=\"251\">\u00b10,2\u2103<\/td>\n<\/tr>\n<tr>\n<td width=\"123\">Tempo de perman\u00eancia<\/td>\n<td width=\"251\">0,1~9999s (selagem t\u00e9rmica)<\/td>\n<\/tr>\n<tr>\n<td width=\"123\">Tempo de perman\u00eancia<\/td>\n<td width=\"251\">0,1~9999s (ader\u00eancia quente)<\/td>\n<\/tr>\n<tr>\n<td width=\"123\">Press\u00e3o de veda\u00e7\u00e3o<\/td>\n<td width=\"251\">0,15 MPa ~ 0,7 MPa<\/td>\n<\/tr>\n<tr>\n<td width=\"123\">Mand\u00edbulas de veda\u00e7\u00e3o<\/td>\n<td width=\"251\">50mmx10mm revestido de teflon<\/td>\n<\/tr>\n<tr>\n<td width=\"123\">Aquecimento de mand\u00edbulas<\/td>\n<td width=\"251\">Aquecimento Duplo<\/td>\n<\/tr>\n<tr>\n<td width=\"123\">C\u00e9lula de carga<\/td>\n<td width=\"251\">200N (Opcional: 30N50N100N, etc)<\/td>\n<\/tr>\n<tr>\n<td width=\"123\">Precis\u00e3o<\/td>\n<td width=\"251\">0,5 graus Celsius<\/td>\n<\/tr>\n<tr>\n<td width=\"123\">Resolu\u00e7\u00e3o<\/td>\n<td width=\"251\">0,01N<\/td>\n<\/tr>\n<tr>\n<td width=\"123\">Poder<\/td>\n<td width=\"251\">220 V, 50 Hz<\/td>\n<\/tr>\n<\/tbody>\n<\/table>\n<h2><strong>Import\u00e2ncia dos testes de Hot Tack e Heat Seal<\/strong><\/h2>\n<ul>\n<li><strong>Garantindo Qualidade e Seguran\u00e7a<\/strong>:<br \/>\nOs testes de hot tack e selagem a quente desempenham um papel vital na manuten\u00e7\u00e3o da qualidade e seguran\u00e7a de produtos embalados. Ao avaliar a resist\u00eancia da selagem em diferentes est\u00e1gios, os fabricantes podem evitar vazamentos e falhas de produtos.<\/li>\n<li><strong>Conformidade da ind\u00fastria<\/strong>:<br \/>\nAderindo a <strong>Norma ASTM F1921<\/strong> e <strong>Norma ASTM F2029<\/strong> garante que os produtos atendam aos padr\u00f5es da ind\u00fastria e \u00e0s expectativas dos clientes.<\/li>\n<li><strong>Otimizando Processos<\/strong>:<br \/>\nOs dados coletados nos testes de hot tack e selagem a quente ajudam a otimizar os processos de embalagem, melhorando a efici\u00eancia e reduzindo o desperd\u00edcio.<\/li>\n<\/ul>\n<p>O <strong>Testador de tra\u00e7\u00e3o e ader\u00eancia a quente HTT-01<\/strong> \u00e9 uma ferramenta essencial para garantir a integridade e confiabilidade dos selos t\u00e9rmicos em embalagens flex\u00edveis. Ao aderir a <strong>Norma ASTM F1921<\/strong> e <strong>Norma ASTM F2029<\/strong> padr\u00f5es, este testador ajuda os fabricantes a atingir qualidade consistente e atender aos requisitos da ind\u00fastria. Seus recursos avan\u00e7ados, controles de precis\u00e3o e versatilidade o tornam um ativo valioso na garantia de qualidade de embalagens.<\/p>\n<h2><strong>Perguntas frequentes<\/strong><\/h2>\n<ol>\n<li><strong>O que \u00e9 um teste de ader\u00eancia a quente e por que ele \u00e9 importante?<\/strong><br \/>\nO teste de ader\u00eancia a quente mede a resist\u00eancia de uma veda\u00e7\u00e3o t\u00e9rmica imediatamente ap\u00f3s a veda\u00e7\u00e3o, essencial para manter a integridade da embalagem em processos de alta velocidade.<\/li>\n<li><strong>Qual a diferen\u00e7a entre o teste de selagem a quente e o teste de colagem a quente?<\/strong><br \/>\nO teste de selagem a quente avalia a resist\u00eancia geral da veda\u00e7\u00e3o ap\u00f3s o resfriamento, enquanto o teste de ades\u00e3o a quente avalia a resist\u00eancia da veda\u00e7\u00e3o antes do resfriamento.<\/li>\n<li><strong>Quais ind\u00fastrias usam testes de hot tack e selagem a quente?<\/strong><br \/>\nInd\u00fastrias como embalagens de alimentos, farmac\u00eauticas, adesivos e eletr\u00f4nicas contam com esses testes para garantir a seguran\u00e7a e a qualidade dos produtos.<\/li>\n<li><strong>O que s\u00e3o ASTM F1921 e ASTM F2029?<\/strong><br \/>\nA ASTM F1921 fornece m\u00e9todos para avaliar a resist\u00eancia da ades\u00e3o a quente, enquanto a ASTM F2029 descreve pr\u00e1ticas para fazer e avaliar selos t\u00e9rmicos.<\/li>\n<li><strong>Quais s\u00e3o as principais caracter\u00edsticas do testador de hot tack HTT-01?<\/strong><br \/>\nO HTT-01 oferece controle avan\u00e7ado, recursos de teste vers\u00e1teis, controle preciso de temperatura e recursos de seguran\u00e7a robustos, tornando-o ideal para testes abrangentes de selagem a quente.<\/li>\n<\/ol>","protected":false},"excerpt":{"rendered":"<p>O <strong>teste de hot tack<\/strong> \u00e9 um m\u00e9todo de avalia\u00e7\u00e3o cr\u00edtico que mede a resist\u00eancia das veda\u00e7\u00f5es t\u00e9rmicas imediatamente ap\u00f3s a veda\u00e7\u00e3o e antes que a veda\u00e7\u00e3o esfrie. Este teste \u00e9 essencial em ind\u00fastrias onde \u00e9 necess\u00e1ria uma veda\u00e7\u00e3o r\u00e1pida e confi\u00e1vel, especialmente em <strong>vertical de forma\u00e7\u00e3o-enchimento-selagem (VFFS)<\/strong> processos. Um hot tack forte garante que o selo permane\u00e7a intacto quando a embalagem \u00e9 preenchida com produtos, evitando derramamentos e mantendo a integridade do produto.<\/p>","protected":false},"featured_media":5966,"comment_status":"closed","ping_status":"closed","template":"","meta":{"site-sidebar-layout":"default","site-content-layout":"default","ast-global-header-display":"","ast-main-header-display":"","ast-hfb-above-header-display":"","ast-hfb-below-header-display":"","ast-hfb-mobile-header-display":"","site-post-title":"disabled","ast-breadcrumbs-content":"","ast-featured-img":"disabled","footer-sml-layout":"","theme-transparent-header-meta":"default","adv-header-id-meta":"","stick-header-meta":"","header-above-stick-meta":"","header-main-stick-meta":"","header-below-stick-meta":""},"product_cat":[953,956,955,845,954,957,958,952,959,677,678,149,16,141,142,95],"product_tag":[],"class_list":{"0":"post-3281","1":"product","2":"type-product","3":"status-publish","4":"has-post-thumbnail","6":"product_cat-bursting-tester","7":"product_cat-cobb-tester","8":"product_cat-crush-tester","9":"product_cat-customization","10":"product_cat-paper-tear-tester","11":"product_cat-plybond-tester","12":"product_cat-puncture-tester","13":"product_cat-rub-tester","14":"product_cat-stiffness-tester","15":"product_cat-heat-seal-tester","16":"product_cat-hot-tack-tester","17":"product_cat-pharma-and-medical-testers","18":"product_cat-plastic-packaging-testers","19":"product_cat-astm-f1921","20":"product_cat-astm-f2029","21":"product_cat-products","22":"desktop-align-left","23":"tablet-align-left","24":"mobile-align-left","26":"first","27":"instock","28":"shipping-taxable","29":"product-type-simple"},"_links":{"self":[{"href":"https:\/\/www.qualitester.com\/pt\/wp-json\/wp\/v2\/product\/3281","targetHints":{"allow":["GET"]}}],"collection":[{"href":"https:\/\/www.qualitester.com\/pt\/wp-json\/wp\/v2\/product"}],"about":[{"href":"https:\/\/www.qualitester.com\/pt\/wp-json\/wp\/v2\/types\/product"}],"replies":[{"embeddable":true,"href":"https:\/\/www.qualitester.com\/pt\/wp-json\/wp\/v2\/comments?post=3281"}],"version-history":[{"count":0,"href":"https:\/\/www.qualitester.com\/pt\/wp-json\/wp\/v2\/product\/3281\/revisions"}],"wp:featuredmedia":[{"embeddable":true,"href":"https:\/\/www.qualitester.com\/pt\/wp-json\/wp\/v2\/media\/5966"}],"wp:attachment":[{"href":"https:\/\/www.qualitester.com\/pt\/wp-json\/wp\/v2\/media?parent=3281"}],"wp:term":[{"taxonomy":"product_cat","embeddable":true,"href":"https:\/\/www.qualitester.com\/pt\/wp-json\/wp\/v2\/product_cat?post=3281"},{"taxonomy":"product_tag","embeddable":true,"href":"https:\/\/www.qualitester.com\/pt\/wp-json\/wp\/v2\/product_tag?post=3281"}],"curies":[{"name":"wp","href":"https:\/\/api.w.org\/{rel}","templated":true}]}}