{"id":3223,"date":"2023-08-07T08:52:04","date_gmt":"2023-08-07T00:52:04","guid":{"rendered":"https:\/\/www.qualitester.com\/?post_type=product&#038;p=3223"},"modified":"2024-12-04T16:01:26","modified_gmt":"2024-12-04T08:01:26","slug":"how-to-test-the-force-about-ampoule-breaking","status":"publish","type":"product","link":"https:\/\/www.qualitester.com\/pt\/produto\/how-to-test-the-force-about-ampoule-breaking\/","title":{"rendered":"Testador de quebra de ampola BST-01"},"content":{"rendered":"<h2><strong>Introdu\u00e7\u00e3o ao teste de for\u00e7a de rutura de ampolas<\/strong><\/h2>\n<p>O <strong>aparelho de teste da for\u00e7a de rutura da ampola<\/strong> \u00e9 uma ferramenta crucial nas ind\u00fastrias de embalagens farmac\u00eauticas e m\u00e9dicas, concebida para medir a for\u00e7a necess\u00e1ria para quebrar o gargalo de uma ampola. As ampolas s\u00e3o recipientes hermeticamente fechados utilizados para armazenar subst\u00e2ncias farmac\u00eauticas sens\u00edveis. A for\u00e7a de rutura do gargalo desempenha um papel fundamental para garantir a seguran\u00e7a e a integridade do produto no seu interior. Um aparelho de teste preciso e fi\u00e1vel \u00e9 essencial para garantir que as ampolas cumprem as normas necess\u00e1rias para uma utiliza\u00e7\u00e3o e manuseamento seguros.<\/p>\n<h2><strong>Compreender a ISO 9187: Norma para o ensaio de for\u00e7a de fratura de ampolas<\/strong><\/h2>\n<p><a href=\"https:\/\/www.iso.org\/standard\/55920.html\" target=\"_blank\" rel=\"noopener nofollow\">Norma ISO 9187<\/a> \u00e9 a norma internacional que especifica o m\u00e9todo para testar a for\u00e7a de rutura de ampolas. Fornece diretrizes detalhadas sobre a forma como o processo de ensaio deve ser conduzido, o equipamento necess\u00e1rio e os par\u00e2metros a medir para garantir resultados consistentes e precisos. Ao seguir a norma ISO 9187, os fabricantes podem ter a certeza de que as suas ampolas cumprem os requisitos de seguran\u00e7a, reduzindo o risco de rutura durante o armazenamento e o manuseamento.<\/p>\n<h3><strong>M\u00e9todo de ensaio de acordo com <a href=\"https:\/\/www.qualitester.com\/pt\/categoria-produto\/iso\/iso-9187\/\" target=\"_blank\" rel=\"noopener\">Norma ISO 9187<\/a><\/strong><\/h3>\n<p>O teste consiste em colocar uma ampola num suporte e aplicar uma for\u00e7a descendente no gargalo utilizando a m\u00e1quina de teste. O <strong>BST-01 Testador da for\u00e7a de rutura da ampola<\/strong> utiliza uma c\u00e9lula de carga de alta precis\u00e3o para medir a for\u00e7a necess\u00e1ria para quebrar o gargalo da ampola. O teste garante que as ampolas n\u00e3o s\u00f3 s\u00e3o seguras de manusear, como tamb\u00e9m cumprem as normas exigidas para aplica\u00e7\u00f5es farmac\u00eauticas.<\/p>\n<h2><strong>Processo de teste do testador de for\u00e7a de rutura de ampolas<\/strong><\/h2>\n<ul>\n<li><strong>Passo 1<\/strong>: Colocar a ampola no suporte espec\u00edfico concebido para diferentes tamanhos de ampolas (1 ml, 2 ml, 5 ml, 10 ml, 20 ml).<\/li>\n<li><strong>Passo 2<\/strong>: Iniciar o teste, em que a cabe\u00e7a de press\u00e3o se desloca para baixo a uma velocidade constante de 10 mm\/min (ajust\u00e1vel de 1-500 mm\/min).<\/li>\n<li><strong>Passo 3<\/strong>: A c\u00e9lula de carga de alta precis\u00e3o detecta a for\u00e7a necess\u00e1ria para partir o gargalo da ampola.<\/li>\n<li><strong>Passo 4<\/strong>: A for\u00e7a de rutura \u00e9 registada e os resultados s\u00e3o visualizados no ecr\u00e3 t\u00e1til da HMI ou impressos atrav\u00e9s da microimpressora integrada.<\/li>\n<\/ul>\n<p>Este processo garante que a for\u00e7a de rutura das ampolas \u00e9 medida com exatid\u00e3o, de acordo com as normas da ind\u00fastria.<\/p>\n<h2><strong>Carater\u00edsticas t\u00e9cnicas do medidor de resist\u00eancia \u00e0 rutura de ampolas BST-01<\/strong><\/h2>\n<p>O <strong>BST-01 Testador de resist\u00eancia \u00e0 rutura de ampolas<\/strong> est\u00e1 equipado com uma gama de carater\u00edsticas avan\u00e7adas que aumentam a sua precis\u00e3o e versatilidade:<\/p>\n<ul>\n<li><strong>C\u00e9lula de carga de alta precis\u00e3o<\/strong>: Garante medi\u00e7\u00f5es de for\u00e7a fi\u00e1veis e precisas com uma resolu\u00e7\u00e3o de 0,1N.<\/li>\n<li><strong>Op\u00e7\u00f5es de lumin\u00e1rias m\u00faltiplas<\/strong>: Os acess\u00f3rios de teste para ampolas de 1 ml, 2 ml, 5 ml, 10 ml e 20 ml permitem que o aparelho de teste se adapte a v\u00e1rios tamanhos de ampolas.<\/li>\n<li><strong>Velocidade de teste ajust\u00e1vel<\/strong>: A velocidade de ensaio \u00e9 ajust\u00e1vel entre 1 e 500 mm\/min, satisfazendo diferentes requisitos de ensaio.<\/li>\n<li><strong>Controle PLC e tela sens\u00edvel ao toque HMI<\/strong>: Para facilitar o funcionamento e a automatiza\u00e7\u00e3o do processo de ensaio.<\/li>\n<li><strong>Motor passo a passo com parafuso de cabe\u00e7a esf\u00e9rica de precis\u00e3o<\/strong>: Proporciona um controlo preciso da velocidade para testes precisos.<\/li>\n<li><strong>Caracter\u00edsticas de seguran\u00e7a<\/strong>: Inclui uma tampa protetora para evitar o salto da amostra, um tubo de recolha para amostras de ampolas partidas e funcionalidade de retorno autom\u00e1tico.<\/li>\n<li><strong>Conectividade opcional<\/strong>: Conectividade RS 232 para integra\u00e7\u00e3o com software e sistemas profissionais.<\/li>\n<\/ul>\n<h2><strong>Outras normas e conformidade relevantes<\/strong><\/h2>\n<p>Al\u00e9m de <strong>Norma ISO 9187<\/strong>, o <strong>BST-01 Testador da for\u00e7a de rutura da ampola<\/strong> est\u00e1 em conformidade com v\u00e1rias outras normas do sector, incluindo:<\/p>\n<ul>\n<li><strong>GB 2637<\/strong>: Uma norma nacional chinesa para o ensaio de ampolas.<\/li>\n<li><strong>YBB00332002<\/strong>: Uma norma chinesa para ampolas utilizadas em embalagens farmac\u00eauticas.<\/li>\n<\/ul>\n<p>Estas normas garantem a versatilidade do dispositivo e a conformidade com os requisitos de teste globais.<\/p>\n<h2><strong>Par\u00e2metros principais do testador de for\u00e7a de rutura de ampola<\/strong><\/h2>\n<table>\n<tbody>\n<tr>\n<td style=\"text-align: center;\" width=\"87\">Faixa de teste<\/td>\n<td style=\"text-align: center;\" width=\"188\">0~200N (ou conforme necess\u00e1rio)<\/td>\n<\/tr>\n<tr>\n<td style=\"text-align: center;\" width=\"87\">Velocidade<\/td>\n<td style=\"text-align: center;\" width=\"188\">1~500 mm\/minuto<\/td>\n<\/tr>\n<tr>\n<td style=\"text-align: center;\" width=\"87\">Resolu\u00e7\u00e3o<\/td>\n<td style=\"text-align: center;\" width=\"188\">0.1N<\/td>\n<\/tr>\n<tr>\n<td style=\"text-align: center;\" width=\"87\">Precis\u00e3o<\/td>\n<td style=\"text-align: center;\" width=\"188\">0,5% FS<\/td>\n<\/tr>\n<tr>\n<td style=\"text-align: center;\" width=\"87\">Poder<\/td>\n<td style=\"text-align: center;\" width=\"188\">110~220V 50\/60Hz<\/td>\n<\/tr>\n<\/tbody>\n<\/table>\n<p>O <strong>BST-01 Testador da for\u00e7a de rutura da ampola<\/strong> \u00e9 um dispositivo fi\u00e1vel, vers\u00e1til e altamente preciso, concebido para cumprir os rigorosos requisitos de teste das ind\u00fastrias farmac\u00eautica e de embalagens m\u00e9dicas. Ao aderir a normas internacionais, tais como <strong>Norma ISO 9187<\/strong>O testador garante que as ampolas s\u00e3o seguras para utiliza\u00e7\u00e3o e cumprem as especifica\u00e7\u00f5es de for\u00e7a de rutura necess\u00e1rias. Com as suas carater\u00edsticas avan\u00e7adas, flexibilidade no teste de diferentes tamanhos de ampolas e facilidade de utiliza\u00e7\u00e3o, o BST-01 \u00e9 uma ferramenta indispens\u00e1vel para fabricantes e laborat\u00f3rios de controlo de qualidade.<\/p>\n<h4><strong>Se\u00e7\u00e3o de perguntas frequentes<\/strong><\/h4>\n<ol>\n<li><strong>Qual \u00e9 o objetivo de um aparelho de teste da for\u00e7a de rutura de uma ampola?<\/strong><br \/>\nO aparelho de teste mede a for\u00e7a necess\u00e1ria para partir o gargalo de uma ampola, garantindo a sua resist\u00eancia e seguran\u00e7a durante o manuseamento e a utiliza\u00e7\u00e3o.<\/li>\n<li><strong>Como \u00e9 que a norma ISO 9187 se relaciona com o ensaio de ampolas?<\/strong><br \/>\nA norma ISO 9187 define o m\u00e9todo e as diretrizes para testar a for\u00e7a de rutura das ampolas, garantindo a consist\u00eancia e a fiabilidade do processo de teste.<\/li>\n<li><strong>Quais s\u00e3o as principais carater\u00edsticas t\u00e9cnicas do BST-01 Ampoule Break Force Tester?<\/strong><br \/>\nO aparelho de teste possui uma c\u00e9lula de carga de alta precis\u00e3o, v\u00e1rios tamanhos de fixa\u00e7\u00e3o, velocidades de teste ajust\u00e1veis, controlo PLC e carater\u00edsticas de seguran\u00e7a, tais como tampas de prote\u00e7\u00e3o e tubos de recolha.<\/li>\n<li><strong>O BST-01 pode ser utilizado para testar outros materiais para al\u00e9m das ampolas?<\/strong><br \/>\nSim, o BST-01 \u00e9 vers\u00e1til e pode testar outros materiais de embalagem m\u00e9dica, como seringas, tampas e rolhas.<\/li>\n<li><strong>Qual \u00e9 a precis\u00e3o do medidor de for\u00e7a de rutura de ampolas BST-01?<\/strong><br \/>\nO aparelho de teste oferece uma precis\u00e3o de 0,5% \u00e0 escala total (F.S.), fornecendo resultados de teste precisos e fi\u00e1veis.<\/li>\n<\/ol>","protected":false},"excerpt":{"rendered":"<p>O <strong>aparelho de teste da for\u00e7a de rutura da ampola<\/strong> \u00e9 uma ferramenta crucial nas ind\u00fastrias de embalagens farmac\u00eauticas e m\u00e9dicas, concebida para medir a for\u00e7a necess\u00e1ria para quebrar o gargalo de uma ampola. As ampolas s\u00e3o recipientes hermeticamente fechados utilizados para armazenar subst\u00e2ncias farmac\u00eauticas sens\u00edveis. A for\u00e7a de rutura do gargalo desempenha um papel fundamental para garantir a seguran\u00e7a e a integridade do produto no seu interior. Um aparelho de teste preciso e fi\u00e1vel \u00e9 essencial para garantir que as ampolas cumprem as normas necess\u00e1rias para uma utiliza\u00e7\u00e3o e manuseamento seguros.<\/p>","protected":false},"featured_media":6120,"comment_status":"closed","ping_status":"closed","template":"","meta":{"site-sidebar-layout":"default","site-content-layout":"default","ast-global-header-display":"","ast-main-header-display":"","ast-hfb-above-header-display":"","ast-hfb-below-header-display":"","ast-hfb-mobile-header-display":"","site-post-title":"","ast-breadcrumbs-content":"","ast-featured-img":"","footer-sml-layout":"","theme-transparent-header-meta":"default","adv-header-id-meta":"","stick-header-meta":"","header-above-stick-meta":"","header-main-stick-meta":"","header-below-stick-meta":""},"product_cat":[933,845,149,173,95],"product_tag":[],"class_list":{"0":"post-3223","1":"product","2":"type-product","3":"status-publish","4":"has-post-thumbnail","6":"product_cat-ampoule-breaking-tester","7":"product_cat-customization","8":"product_cat-pharma-and-medical-testers","9":"product_cat-iso-9187","10":"product_cat-products","11":"desktop-align-left","12":"tablet-align-left","13":"mobile-align-left","15":"first","16":"instock","17":"shipping-taxable","18":"product-type-simple"},"_links":{"self":[{"href":"https:\/\/www.qualitester.com\/pt\/wp-json\/wp\/v2\/product\/3223","targetHints":{"allow":["GET"]}}],"collection":[{"href":"https:\/\/www.qualitester.com\/pt\/wp-json\/wp\/v2\/product"}],"about":[{"href":"https:\/\/www.qualitester.com\/pt\/wp-json\/wp\/v2\/types\/product"}],"replies":[{"embeddable":true,"href":"https:\/\/www.qualitester.com\/pt\/wp-json\/wp\/v2\/comments?post=3223"}],"version-history":[{"count":0,"href":"https:\/\/www.qualitester.com\/pt\/wp-json\/wp\/v2\/product\/3223\/revisions"}],"wp:featuredmedia":[{"embeddable":true,"href":"https:\/\/www.qualitester.com\/pt\/wp-json\/wp\/v2\/media\/6120"}],"wp:attachment":[{"href":"https:\/\/www.qualitester.com\/pt\/wp-json\/wp\/v2\/media?parent=3223"}],"wp:term":[{"taxonomy":"product_cat","embeddable":true,"href":"https:\/\/www.qualitester.com\/pt\/wp-json\/wp\/v2\/product_cat?post=3223"},{"taxonomy":"product_tag","embeddable":true,"href":"https:\/\/www.qualitester.com\/pt\/wp-json\/wp\/v2\/product_tag?post=3223"}],"curies":[{"name":"wp","href":"https:\/\/api.w.org\/{rel}","templated":true}]}}