{"id":3012,"date":"2023-07-31T16:39:52","date_gmt":"2023-07-31T08:39:52","guid":{"rendered":"https:\/\/www.qualitester.com\/?post_type=product&#038;p=3012"},"modified":"2025-01-07T17:06:31","modified_gmt":"2025-01-07T09:06:31","slug":"gelbo-flex-tester-astm-f392","status":"publish","type":"product","link":"https:\/\/www.qualitester.com\/pt\/produto\/gelbo-flex-tester-astm-f392\/","title":{"rendered":"Testador de Flex\u00e3o Gelbo GFT"},"content":{"rendered":"<p>O <strong>Testador Gelbo Flex<\/strong> \u00e9 um instrumento essencial para avaliar a durabilidade da flex\u00e3o de materiais de barreira flex\u00edveis, como filmes, comp\u00f3sitos e filmes de revestimento. Este dispositivo testa a capacidade de um material de suportar esfor\u00e7os repetitivos, o que \u00e9 crucial para evitar rachaduras de flex\u00e3o e garantir a integridade da embalagem durante a distribui\u00e7\u00e3o. A resist\u00eancia \u00e0 rachadura de flex\u00e3o \u00e9 uma propriedade vital, pois minimiza o risco de perfura\u00e7\u00e3o da embalagem, garantindo que o conte\u00fado permane\u00e7a intacto durante todo o ciclo de vida da embalagem.<\/p>\n<h2>ASTM F392 \u2013 Durabilidade flex\u00edvel de materiais de barreira flex\u00edveis<\/h2>\n<p><a href=\"https:\/\/www.astm.org\/f0392_f0392m-21.html\" target=\"_blank\" rel=\"noopener nofollow\"><strong>Norma ASTM F392<\/strong><\/a> \u00e9 uma especifica\u00e7\u00e3o padr\u00e3o que descreve o procedimento para determinar o <strong>durabilidade flex\u00edvel<\/strong> de materiais de barreira flex\u00edveis. Este m\u00e9todo de teste \u00e9 projetado especificamente para avaliar a capacidade de materiais como filmes e revestimentos de suportar dobras, tor\u00e7\u00f5es e flex\u00f5es repetidas sob estresse, simulando condi\u00e7\u00f5es do mundo real durante o transporte e manuseio. O teste envolve submeter a amostra a uma s\u00e9rie de movimentos de flex\u00e3o e determinar a capacidade do material de suportar essas tens\u00f5es sem desenvolver furos ou rachaduras.<\/p>\n<h2>Procedimento padr\u00e3o para condicionamento de materiais de barreira flex\u00edveis por meio de testes de durabilidade flex\u00edvel<\/h2>\n<p>O <strong>Testador Gelbo Flex<\/strong> adere aos procedimentos de teste descritos em <strong>Norma ASTM F392<\/strong> para <strong>teste de durabilidade flex\u00edvel<\/strong>. O processo envolve a montagem de uma amostra medindo 200 mm por 280 mm nos mandris de teste. A amostra \u00e9 ent\u00e3o submetida a movimentos de tor\u00e7\u00e3o e compress\u00e3o horizontal, projetados para simular as tens\u00f5es que os materiais de embalagem sofrem durante a distribui\u00e7\u00e3o. Especificamente, o sistema inicia uma a\u00e7\u00e3o de tor\u00e7\u00e3o que abrange 440\u00b0 dentro dos primeiros 90 mm do curso, seguida por uma compress\u00e3o horizontal de 65 mm.<\/p>\n<div class=\"ast-oembed-container\" style=\"height: 100%;\"><iframe title=\"Testador Gelbo Flex ASTM F392\" width=\"500\" height=\"281\" src=\"https:\/\/www.youtube.com\/embed\/n2u7WCjVRTk?feature=oembed\" frameborder=\"0\" allow=\"accelerometer; autoplay; clipboard-write; encrypted-media; gyroscope; picture-in-picture; web-share\" referrerpolicy=\"strict-origin-when-cross-origin\" allowfullscreen><\/iframe><\/div>\n<p>O teste \u00e9 realizado a uma velocidade de <strong>45 ciclos por minuto<\/strong> com cinco modos de teste pr\u00e9-programados:<\/p>\n<ul>\n<li><strong>Modo A<\/strong>: Flex\u00e3o total por 1 hora (2.700 ciclos)<\/li>\n<li><strong>Modo B<\/strong>: Flex\u00e3o total por 20 minutos (900 ciclos)<\/li>\n<li><strong>Modo C<\/strong>: Flex\u00e3o total por 6 minutos (270 ciclos)<\/li>\n<li><strong>Modo D<\/strong>: Flexibilidade total para 20 ciclos<\/li>\n<li><strong>Modo E<\/strong>: Flex\u00e3o parcial por 20 ciclos<\/li>\n<\/ul>\n<p>Este processo de teste flex\u00edvel permite que os usu\u00e1rios simulem v\u00e1rios cen\u00e1rios de estresse do mundo real, possibilitando avalia\u00e7\u00f5es precisas da resist\u00eancia \u00e0 fissura\u00e7\u00e3o por flex\u00e3o.<\/p>\n<h2>Caracter\u00edsticas t\u00e9cnicas do testador Gelbo Flex<\/h2>\n<ul>\n<li><strong>Controle PLC<\/strong>: O Gelbo Flex Tester \u00e9 equipado com <strong>Controle PLC<\/strong> para testes consistentes e automatizados.<\/li>\n<li><strong>Interface de tela sens\u00edvel ao toque HMI intuitiva<\/strong>: A interface amig\u00e1vel facilita o monitoramento e o controle dos par\u00e2metros de teste.<\/li>\n<li><strong>Cinco modos de teste padr\u00e3o<\/strong>: O sistema oferece flexibilidade com cinco modos pr\u00e9-programados, permitindo que os usu\u00e1rios selecionem as condi\u00e7\u00f5es de teste ideais para seus materiais.<\/li>\n<li><strong>Esta\u00e7\u00f5es de teste m\u00faltiplas<\/strong>: O testador possui de 3 a 4 esta\u00e7\u00f5es para testes simult\u00e2neos, aumentando a efici\u00eancia em testes de grandes volumes de materiais.<\/li>\n<li><strong>Troca r\u00e1pida de modo<\/strong>: Alterne facilmente entre os modos de curso longo e curto, proporcionando condi\u00e7\u00f5es de teste personaliz\u00e1veis.<\/li>\n<li><strong>Microimpressora para sa\u00edda de dados<\/strong>: A microimpressora integrada permite a impress\u00e3o conveniente dos resultados dos testes, garantindo precis\u00e3o e rastreabilidade dos dados.<\/li>\n<\/ul>\n<h2>\u00c1reas de aplica\u00e7\u00e3o para o testador de durabilidade flex\u00edvel<\/h2>\n<p>O Flex Durability Tester \u00e9 amplamente utilizado em ind\u00fastrias onde materiais de embalagem s\u00e3o submetidos a tens\u00f5es repetitivas durante o transporte e manuseio. Isso inclui:<\/p>\n<ul>\n<li><strong>Embalagem<\/strong>: <em><span style=\"text-decoration: underline;\"><strong>Pel\u00edculas flex\u00edveis<\/strong><\/span><\/em> e laminados usados para alimentos, bebidas, produtos farmac\u00eauticos e m\u00e9dicos.<\/li>\n<li><strong>Embalagem para dispositivos m\u00e9dicos<\/strong>: Garantir a durabilidade de <em><span style=\"text-decoration: underline;\"><strong>materiais de embalagem<\/strong><\/span><\/em> usado para dispositivos m\u00e9dicos est\u00e9reis.<\/li>\n<li><strong>Produtos farmac\u00eauticos<\/strong>:Testando <em><span style=\"text-decoration: underline;\"><strong>materiais de barreira<\/strong><\/span><\/em> que protegem medicamentos e medicamentos sens\u00edveis.<\/li>\n<li><strong>Alimentos e Bebidas<\/strong>: <strong><em><span style=\"text-decoration: underline;\">Materiais de embalagem<\/span><\/em><\/strong> projetado para manter o frescor e a integridade dos produtos aliment\u00edcios.<\/li>\n<\/ul>\n<h2>Par\u00e2metros principais do testador Gelbo Flex<\/h2>\n<table>\n<tbody>\n<tr>\n<td width=\"132\">Frequ\u00eancia Flex<\/td>\n<td width=\"228\">45 \/minuto<\/td>\n<\/tr>\n<tr>\n<td width=\"132\">\u00c2ngulo de Flex\u00e3o<\/td>\n<td width=\"228\">440\u00b0 (90 mm) ou 400\u00b0 (80 mm)<\/td>\n<\/tr>\n<tr>\n<td width=\"132\">Capacidade<\/td>\n<td width=\"228\">3,5 Nm<\/td>\n<\/tr>\n<tr>\n<td width=\"132\">Tra\u00e7o horizontal<\/td>\n<td width=\"228\">155 mm ou 80 mm<\/td>\n<\/tr>\n<tr>\n<td width=\"132\">Esta\u00e7\u00f5es<\/td>\n<td width=\"228\">3\/4<\/td>\n<\/tr>\n<tr>\n<td width=\"132\">Tamanho da amostra<\/td>\n<td width=\"228\">280 mm x 200 mm<\/td>\n<\/tr>\n<tr>\n<td width=\"132\">Poder<\/td>\n<td width=\"228\">110~220V<\/td>\n<\/tr>\n<\/tbody>\n<\/table>\n<h2>Requisitos de personaliza\u00e7\u00e3o e testes especiais<\/h2>\n<p>A Cell Instruments \u00e9 especializada em personalizar equipamentos de teste para atender \u00e0s necessidades espec\u00edficas de teste de materiais. <strong>Testador Gelbo Flex<\/strong> pode ser adaptado para atender a uma ampla gama de requisitos de teste de materiais flex\u00edveis, oferecendo solu\u00e7\u00f5es para condi\u00e7\u00f5es de teste padr\u00e3o e exclusivas. (Como procedimentos de teste e acess\u00f3rios de amostra)<\/p>\n<h2>Perguntas frequentes<\/h2>\n<ol>\n<li><strong>Quais materiais podem ser testados com o Gelbo Flex Tester?<\/strong><br \/>\nO Gelbo Flex Tester \u00e9 ideal para testar materiais de barreira flex\u00edveis, como filmes, comp\u00f3sitos e filmes de revestimento usados em embalagens, dispositivos m\u00e9dicos, produtos aliment\u00edcios e muito mais.<\/li>\n<li><strong>O que \u00e9 <a href=\"https:\/\/www.qualitester.com\/pt\/categoria-produto\/astm\/astm-f392\/\">Norma ASTM F392<\/a>, e por que \u00e9 importante para testes?<\/strong><br \/>\nASTM F392 \u00e9 uma especifica\u00e7\u00e3o padr\u00e3o para testar a durabilidade de flex\u00e3o de materiais flex\u00edveis. Ela ajuda a garantir que os materiais de embalagem possam suportar esfor\u00e7os repetitivos durante a distribui\u00e7\u00e3o, reduzindo o risco de perfura\u00e7\u00e3o ou falha.<\/li>\n<li><strong>O Gelbo Flex Tester pode ser personalizado para necessidades espec\u00edficas de teste?<\/strong><br \/>\nSim, a Cell Instruments oferece op\u00e7\u00f5es de personaliza\u00e7\u00e3o para adaptar o Gelbo Flex Tester para atender a requisitos de teste exclusivos em v\u00e1rios setores.<\/li>\n<li><strong>Como o Gelbo Flex Tester simula tens\u00f5es reais em embalagens?<\/strong><br \/>\nO testador usa uma combina\u00e7\u00e3o de movimentos de tor\u00e7\u00e3o e compress\u00e3o horizontal para replicar as tens\u00f5es repetitivas que os materiais de embalagem sofrem durante o transporte e o manuseio.<\/li>\n<\/ol>","protected":false},"excerpt":{"rendered":"<p>O <strong>Testador Gelbo Flex<\/strong> \u00e9 um instrumento essencial para avaliar a durabilidade da flex\u00e3o de materiais de barreira flex\u00edveis, como filmes, comp\u00f3sitos e filmes de revestimento. Este dispositivo testa a capacidade de um material de suportar esfor\u00e7os repetitivos, o que \u00e9 crucial para evitar rachaduras de flex\u00e3o e garantir a integridade da embalagem durante a distribui\u00e7\u00e3o. A resist\u00eancia \u00e0 rachadura de flex\u00e3o \u00e9 uma propriedade vital, pois minimiza o risco de perfura\u00e7\u00e3o da embalagem, garantindo que o conte\u00fado permane\u00e7a intacto durante todo o ciclo de vida da embalagem.<\/p>","protected":false},"featured_media":5873,"comment_status":"closed","ping_status":"closed","template":"","meta":{"site-sidebar-layout":"default","site-content-layout":"default","ast-global-header-display":"","ast-main-header-display":"","ast-hfb-above-header-display":"","ast-hfb-below-header-display":"","ast-hfb-mobile-header-display":"","site-post-title":"disabled","ast-breadcrumbs-content":"","ast-featured-img":"disabled","footer-sml-layout":"","theme-transparent-header-meta":"default","adv-header-id-meta":"","stick-header-meta":"","header-above-stick-meta":"","header-main-stick-meta":"","header-below-stick-meta":""},"product_cat":[845,977,149,16,107,95],"product_tag":[1174,1175],"class_list":{"0":"post-3012","1":"product","2":"type-product","3":"status-publish","4":"has-post-thumbnail","6":"product_cat-customization","7":"product_cat-gelbo-flex-tester","8":"product_cat-pharma-and-medical-testers","9":"product_cat-plastic-packaging-testers","10":"product_cat-astm-f392","11":"product_cat-products","12":"product_tag-flex-durability-tester","13":"product_tag-gelbo-flex-tester","14":"desktop-align-left","15":"tablet-align-left","16":"mobile-align-left","18":"first","19":"instock","20":"shipping-taxable","21":"product-type-simple"},"_links":{"self":[{"href":"https:\/\/www.qualitester.com\/pt\/wp-json\/wp\/v2\/product\/3012","targetHints":{"allow":["GET"]}}],"collection":[{"href":"https:\/\/www.qualitester.com\/pt\/wp-json\/wp\/v2\/product"}],"about":[{"href":"https:\/\/www.qualitester.com\/pt\/wp-json\/wp\/v2\/types\/product"}],"replies":[{"embeddable":true,"href":"https:\/\/www.qualitester.com\/pt\/wp-json\/wp\/v2\/comments?post=3012"}],"version-history":[{"count":0,"href":"https:\/\/www.qualitester.com\/pt\/wp-json\/wp\/v2\/product\/3012\/revisions"}],"wp:featuredmedia":[{"embeddable":true,"href":"https:\/\/www.qualitester.com\/pt\/wp-json\/wp\/v2\/media\/5873"}],"wp:attachment":[{"href":"https:\/\/www.qualitester.com\/pt\/wp-json\/wp\/v2\/media?parent=3012"}],"wp:term":[{"taxonomy":"product_cat","embeddable":true,"href":"https:\/\/www.qualitester.com\/pt\/wp-json\/wp\/v2\/product_cat?post=3012"},{"taxonomy":"product_tag","embeddable":true,"href":"https:\/\/www.qualitester.com\/pt\/wp-json\/wp\/v2\/product_tag?post=3012"}],"curies":[{"name":"wp","href":"https:\/\/api.w.org\/{rel}","templated":true}]}}