{"id":2743,"date":"2023-07-17T15:11:03","date_gmt":"2023-07-17T07:11:03","guid":{"rendered":"https:\/\/www.qualitester.com\/?post_type=product&#038;p=2743"},"modified":"2025-06-12T13:59:32","modified_gmt":"2025-06-12T05:59:32","slug":"fdt-01-polypropylene-film-drop-dart-tester","status":"publish","type":"product","link":"https:\/\/www.qualitester.com\/pt\/produto\/fdt-01-polypropylene-film-drop-dart-tester\/","title":{"rendered":"FDT-01 Testador de impacto de dardo em queda"},"content":{"rendered":"<p>O\u00a0<strong>Testador de impacto de dardo em queda <\/strong>\u00e9 um instrumento cr\u00edtico projetado para avaliar a resist\u00eancia ao impacto de filmes pl\u00e1sticos, folhas, filmes compostos, folhas e papel com espessura inferior a 1 mm. Este teste \u00e9 essencial para avaliar a capacidade de um material de suportar for\u00e7as externas, influenciando diretamente o desempenho e a durabilidade do produto durante o manuseio, transporte e armazenamento. Ao simular condi\u00e7\u00f5es do mundo real, o testador fornece dados valiosos que auxiliam na sele\u00e7\u00e3o de materiais, no design do produto e no controle de qualidade.<\/p>\n<h2><strong>O que \u00e9 o teste de impacto de dardo?<\/strong><\/h2>\n<p>O ensaio de impacto por queda de dardo \u00e9 um m\u00e9todo amplamente reconhecido para determinar a resist\u00eancia ao impacto dos materiais. Envolve a queda de um dardo ponderado de uma altura especificada sobre o material de teste para medir a energia necess\u00e1ria para provocar uma falha. Os resultados ajudam os fabricantes a avaliar a resist\u00eancia do material, garantindo que os produtos podem suportar tens\u00f5es de manuseamento e manter a integridade nas suas aplica\u00e7\u00f5es.<\/p>\n<div class=\"ast-oembed-container\" style=\"height: 100%;\"><iframe title=\"testador de impacto de dardo em queda em filme e folha de pl\u00e1stico M\u00e9todo A e M\u00e9todo B ASTM D1709 ISO 7765-1\" width=\"500\" height=\"281\" src=\"https:\/\/www.youtube.com\/embed\/a3_9M0x3w7U?feature=oembed\" frameborder=\"0\" allow=\"accelerometer; autoplay; clipboard-write; encrypted-media; gyroscope; picture-in-picture; web-share\" referrerpolicy=\"strict-origin-when-cross-origin\" allowfullscreen><\/iframe><\/div>\n<h2><strong>Conformidade com as Normas<\/strong><\/h2>\n<p>O testador de impacto Drop Dart est\u00e1 em conformidade com v\u00e1rios padr\u00f5es internacionais, garantindo resultados confi\u00e1veis e precisos:<\/p>\n<ul>\n<li><span style=\"color: #00ccff;\"><a style=\"color: #00ccff;\" href=\"https:\/\/www.qualitester.com\/pt\/standards\/astm-d1709\/\" target=\"_blank\" rel=\"noopener\"><strong><span style=\"color: #75c22c;\">ASTM <\/span><span style=\"color: #75c22c;\">D1709<\/span><\/strong><\/a><\/span>: Esta norma descreve o procedimento para determinar a <strong>resist\u00eancia ao impacto das pel\u00edculas de pl\u00e1stico<\/strong> utilizando um dardo em queda livre.<\/li>\n<li><a href=\"https:\/\/www.qualitester.com\/pt\/standards\/iso\/iso-7765-1\/\" target=\"_blank\" rel=\"noopener\"><strong><span style=\"color: #75c22c;\">Norma ISO 7765-1<\/span><\/strong><\/a>: Norma internacional para<strong> ensaios de impacto de pel\u00edculas de pl\u00e1stico<\/strong>.<\/li>\n<li><strong>JIS K7124-1<\/strong>: Norma industrial japonesa para a avalia\u00e7\u00e3o da <strong>desempenho de impacto dos filmes<\/strong>.<\/li>\n<li><strong>GB\/T 9639.1<\/strong>: Norma nacional chinesa alinhada com as pr\u00e1ticas mundiais para <strong>resist\u00eancia ao impacto do material<\/strong>.<\/li>\n<\/ul>\n<h2><strong>Principais caracter\u00edsticas do testador de impacto Drop Dart<\/strong><\/h2>\n<ol>\n<li><strong>Controle PLC e opera\u00e7\u00e3o de tela sens\u00edvel ao toque<\/strong><\/li>\n<li><strong>M\u00e9todos de teste duplo<\/strong>\n<ul>\n<li><strong>M\u00e9todo A<\/strong>: Adequado para um di\u00e2metro de dardo de 38 \u00b1 1 mm e uma altura de queda de 660 mm.<\/li>\n<li><strong>M\u00e9todo B<\/strong>\u00a0(opcional): Projetado para um di\u00e2metro de dardo de 50 \u00b1 1 mm e uma altura de queda de 1500 mm.<\/li>\n<\/ul>\n<\/li>\n<li><strong>Funcionamento seguro e c\u00f3modo: <\/strong>Equipado com um bot\u00e3o de teste e um interrutor de p\u00e9.<\/li>\n<li><strong>C\u00e1lculos automatizados: <\/strong>O programa incorporado calcula automaticamente os resultados em gramas e joules.<\/li>\n<li><strong>Luz de observa\u00e7\u00e3o e fixa\u00e7\u00e3o pneum\u00e1tica: <\/strong>A luz de observa\u00e7\u00e3o ajuda a monitorizar a amostra durante os testes, enquanto a pin\u00e7a pneum\u00e1tica garante uma fixa\u00e7\u00e3o segura da amostra.<\/li>\n<li><strong>Sa\u00edda de dados: <\/strong>O aparelho de teste inclui uma micro-impressora de matriz de pontos para sa\u00edda direta de dados.<\/li>\n<li><strong>Integra\u00e7\u00e3o de software: <\/strong>O software profissional opcional melhora as capacidades de gest\u00e3o de dados e de elabora\u00e7\u00e3o de relat\u00f3rios.<\/li>\n<\/ol>\n<h2><strong>Especifica\u00e7\u00f5es t\u00e9cnicas<\/strong><\/h2>\n<table style=\"height: 433px;\" width=\"799\">\n<tbody>\n<tr>\n<td width=\"162\">\n<p style=\"text-align: center;\">M\u00e9todo de teste M\u00e9todo<\/p>\n<\/td>\n<td width=\"274\">\n<p style=\"text-align: center;\">A ou M\u00e9todo B (opcional)<\/p>\n<\/td>\n<\/tr>\n<tr>\n<td width=\"162\">\n<p style=\"text-align: center;\">Faixa de teste<\/p>\n<\/td>\n<td style=\"text-align: center;\" width=\"274\">M\u00e9todo A: 50~2000g\/<br \/>\nM\u00e9todo B: 300~2000g<\/td>\n<\/tr>\n<tr>\n<td width=\"162\">\n<p style=\"text-align: center;\">Di\u00e2metro do dardo<\/p>\n<\/td>\n<td style=\"text-align: center;\" width=\"274\">M\u00e9todo A: 38\u00b11mm<br \/>\nM\u00e9todo B: 50\u00b11mm<\/td>\n<\/tr>\n<tr>\n<td style=\"text-align: center;\" width=\"162\">Altura do impacto<\/td>\n<td width=\"274\">\n<p style=\"text-align: center;\">660 mm\/1500 mm<\/p>\n<\/td>\n<\/tr>\n<tr>\n<td width=\"162\">\n<p style=\"text-align: center;\">Precis\u00e3o<\/p>\n<\/td>\n<td style=\"text-align: center;\" width=\"274\">0,1 g (0,1 J)<\/td>\n<\/tr>\n<tr>\n<td style=\"text-align: center;\" width=\"162\">Grampo<\/td>\n<td width=\"274\">\n<p style=\"text-align: center;\">Grampo pneum\u00e1tico<\/p>\n<\/td>\n<\/tr>\n<tr>\n<td width=\"162\">\n<p style=\"text-align: center;\">Fornecimento de g\u00e1s<\/p>\n<\/td>\n<td style=\"text-align: center;\" width=\"274\">Tubo de PU 0,6 MPa \u03a68 mm<\/td>\n<\/tr>\n<tr>\n<td style=\"text-align: center;\" width=\"162\">Tamanho da amostra<\/td>\n<td width=\"274\">\n<p style=\"text-align: center;\">&gt; 150 mm x 150 mm<\/p>\n<\/td>\n<\/tr>\n<tr>\n<td width=\"162\">\n<p style=\"text-align: center;\">Fonte de energia<\/p>\n<\/td>\n<td style=\"text-align: center;\" width=\"274\">CA 110~220V 50Hz<\/td>\n<\/tr>\n<tr>\n<td style=\"text-align: center;\" width=\"162\">Dimens\u00e3o<\/td>\n<td width=\"274\">\n<p style=\"text-align: center;\">M\u00e9todo A: 500*450*1200 mm (C x L x A)<br \/>\nM\u00e9todo B: 500*450*2200 mm (C x L x A)<\/p>\n<\/td>\n<\/tr>\n<\/tbody>\n<\/table>\n<h2><strong>Aplica\u00e7\u00f5es da m\u00e1quina de ensaio de impacto de dardo em queda<\/strong><\/h2>\n<p>O testador de impacto Drop Dart \u00e9 ideal para:<\/p>\n<ul>\n<li><strong>Filmes e folhas de pl\u00e1stico<\/strong>\u00a0usado em embalagens e prote\u00e7\u00e3o de produtos.<\/li>\n<li><strong>Filmes e folhas compostas<\/strong>\u00a0exigindo avalia\u00e7\u00e3o de resist\u00eancia ao impacto.<\/li>\n<li><strong>Materiais de papel<\/strong>\u00a0submetido a tens\u00f5es de manuseio.<\/li>\n<\/ul>\n<h2><strong>Benef\u00edcios do testador de impacto de queda de dardo<\/strong><\/h2>\n<ul>\n<li><strong>Controle de qualidade aprimorado<\/strong>: Garante que os materiais atendam aos padr\u00f5es de durabilidade antes do uso.<\/li>\n<li><strong>Design de produto aprimorado<\/strong>: Fornece insights sobre o desempenho do material, auxiliando no design ideal.<\/li>\n<li><strong>Efici\u00eancia de custos<\/strong>: Reduz o desperd\u00edcio de material ao identificar pontos fracos precocemente.<\/li>\n<\/ul>\n<h2><strong>Perguntas frequentes sobre o testador de impacto Drop Dart<\/strong><\/h2>\n<ol>\n<li><strong>Por que o teste de impacto de dardo \u00e9 importante?<\/strong><br \/>\nEle determina a resist\u00eancia dos materiais simulando condi\u00e7\u00f5es de impacto do mundo real, ajudando a garantir a confiabilidade do produto.<\/li>\n<li><strong>Quais setores se beneficiam do uso deste testador?<\/strong><br \/>\nInd\u00fastrias como embalagens, alimentos, medicina e farmac\u00eautica se beneficiam da avalia\u00e7\u00e3o da resist\u00eancia ao impacto dos materiais.<\/li>\n<li><strong>Qual \u00e9 o significado da norma ASTM D1709?<\/strong><br \/>\n<a href=\"https:\/\/www.astm.org\/d1709-22.html\" target=\"_blank\" rel=\"nofollow noopener\">Norma ASTM D1709<\/a> fornece procedimentos normalizados para a realiza\u00e7\u00e3o de ensaios de impacto de dardo, garantindo a coer\u00eancia e a fiabilidade dos resultados.<\/li>\n<li><strong>Como funciona o sistema de fixa\u00e7\u00e3o pneum\u00e1tica?<\/strong><br \/>\nO sistema pneum\u00e1tico mant\u00e9m a amostra firmemente no lugar, evitando movimento durante o teste e garantindo resultados precisos.<\/li>\n<li><strong>Os resultados podem ser exportados para an\u00e1lise posterior?<\/strong><br \/>\nSim, o testador inclui uma impressora integrada para resultados imediatos e software opcional para gerenciamento detalhado de dados.<\/li>\n<\/ol>","protected":false},"excerpt":{"rendered":"<p>O <strong>Testador de impacto de dardo de queda livre<\/strong> \u00e9 utilizado para medir a resist\u00eancia ao impacto de pel\u00edculas de pl\u00e1stico, materiais de embalagem e outros materiais finos. O teste determina a energia necess\u00e1ria para causar uma falha, deixando cair um dardo ponderado de uma altura especificada sobre o material. Segue normas como <strong>Norma ASTM D1709<\/strong> e <strong>Norma ISO 7765-1<\/strong>.<\/p>","protected":false},"featured_media":5961,"comment_status":"closed","ping_status":"closed","template":"","meta":{"site-sidebar-layout":"default","site-content-layout":"default","ast-global-header-display":"","ast-main-header-display":"","ast-hfb-above-header-display":"","ast-hfb-below-header-display":"","ast-hfb-mobile-header-display":"","site-post-title":"disabled","ast-breadcrumbs-content":"","ast-featured-img":"disabled","footer-sml-layout":"","theme-transparent-header-meta":"default","adv-header-id-meta":"","stick-header-meta":"","header-above-stick-meta":"","header-main-stick-meta":"","header-below-stick-meta":""},"product_cat":[845,684,44,149,16,111,169,95],"product_tag":[],"class_list":{"0":"post-2743","1":"product","2":"type-product","3":"status-publish","4":"has-post-thumbnail","6":"product_cat-customization","7":"product_cat-impact-tester","8":"product_cat-paper-and-board-testers","9":"product_cat-pharma-and-medical-testers","10":"product_cat-plastic-packaging-testers","11":"product_cat-astm-d1709","12":"product_cat-iso-7765-1","13":"product_cat-products","14":"desktop-align-left","15":"tablet-align-left","16":"mobile-align-left","18":"first","19":"instock","20":"shipping-taxable","21":"product-type-simple"},"_links":{"self":[{"href":"https:\/\/www.qualitester.com\/pt\/wp-json\/wp\/v2\/product\/2743","targetHints":{"allow":["GET"]}}],"collection":[{"href":"https:\/\/www.qualitester.com\/pt\/wp-json\/wp\/v2\/product"}],"about":[{"href":"https:\/\/www.qualitester.com\/pt\/wp-json\/wp\/v2\/types\/product"}],"replies":[{"embeddable":true,"href":"https:\/\/www.qualitester.com\/pt\/wp-json\/wp\/v2\/comments?post=2743"}],"version-history":[{"count":0,"href":"https:\/\/www.qualitester.com\/pt\/wp-json\/wp\/v2\/product\/2743\/revisions"}],"wp:featuredmedia":[{"embeddable":true,"href":"https:\/\/www.qualitester.com\/pt\/wp-json\/wp\/v2\/media\/5961"}],"wp:attachment":[{"href":"https:\/\/www.qualitester.com\/pt\/wp-json\/wp\/v2\/media?parent=2743"}],"wp:term":[{"taxonomy":"product_cat","embeddable":true,"href":"https:\/\/www.qualitester.com\/pt\/wp-json\/wp\/v2\/product_cat?post=2743"},{"taxonomy":"product_tag","embeddable":true,"href":"https:\/\/www.qualitester.com\/pt\/wp-json\/wp\/v2\/product_tag?post=2743"}],"curies":[{"name":"wp","href":"https:\/\/api.w.org\/{rel}","templated":true}]}}